{"id":1715,"date":"2019-05-26T14:56:27","date_gmt":"2019-05-26T14:56:27","guid":{"rendered":"https:\/\/visitviskovo.hr\/viskovo\/kulturna-bastina\/tornice-i-sterne\/"},"modified":"2023-09-28T07:44:13","modified_gmt":"2023-09-28T07:44:13","slug":"tornice-i-sterne","status":"publish","type":"page","link":"https:\/\/visitviskovo.hr\/en\/viskovo\/kulturna-bastina\/tornice-i-sterne\/","title":{"rendered":"Tornice and \u0161terne"},"content":{"rendered":"\n<h2 class=\"wp-block-heading\">Tornica<\/h2>\n\n\n\n<p> A <em>tornica<\/em> is a typical architectural element of houses in rural areas in Kvarner. It is a semi-circular extension of the kitchen with a fireplace and chimney, a place where the family would gather to eat and warm themselves in winter. A fireplace typically featured a wrought iron wood holder, a poker and other tools, tripods and a chain on which a kettle was hung for cooking meals or boiling water. The fireplace also featured a grill for fish, clay dishes, pots, baking lids (<em>peka<\/em> or <em>\u010dripnja<\/em>) for baking bread or potatoes, and jugs for wine and water, known locally as <em>bukaleta<\/em>. Sometimes a <em>tornica <\/em>would have a wood-fired oven (<em>peknjica<\/em>). <\/p>\n\n\n\n<h2 class=\"wp-block-heading\">\u0160terne<\/h2>\n\n\n\n<figure class=\"wp-block-image size-full is-resized\"><img loading=\"lazy\" decoding=\"async\" src=\"https:\/\/visitviskovo.hr\/wp-content\/uploads\/2020\/05\/\u0160terna-detalj-3-Medium.jpg\" alt=\"\" class=\"wp-image-13797\" width=\"641\" height=\"427\" srcset=\"https:\/\/visitviskovo.hr\/wp-content\/uploads\/2020\/05\/\u0160terna-detalj-3-Medium.jpg 1151w, https:\/\/visitviskovo.hr\/wp-content\/uploads\/2020\/05\/\u0160terna-detalj-3-Medium-300x200.jpg 300w, https:\/\/visitviskovo.hr\/wp-content\/uploads\/2020\/05\/\u0160terna-detalj-3-Medium-768x512.jpg 768w\" sizes=\"(max-width: 641px) 100vw, 641px\" \/><\/figure>\n\n\n\n<p>Water has always been a fundamental human need. In villages that were far from water sources, people used to build wells. Since their construction was a financially and architecturally demanding task, communal wells were built, usually in a central spot. In the past, private water wells were rare and closely guarded. <\/p>\n\n\n\n<p>Communal water wells were places where people would come not only to get water, but also to exchange information, spend time with others, take a break, tell stories, sing and have fun. If you visit Vi\u0161kovo during the summer months, join us in at the <a href=\"https:\/\/visitviskovo.hr\/en\/what-to-do\/the-past-in-the-present-events\/\">\u2018<\/a><em><a href=\"https:\/\/visitviskovo.hr\/en\/what-to-do\/the-past-in-the-present-events\/\">\u0160terne<\/a><\/em><a href=\"https:\/\/visitviskovo.hr\/en\/what-to-do\/the-past-in-the-present-events\/\"> \u2013 a source of life\u2019 <\/a>series of events that bring these places back to life, if only for a while.<\/p>\n","protected":false},"excerpt":{"rendered":"<p>Tornica A tornica is a typical architectural element of houses in rural areas in Kvarner. It is a semi-circular extension of the kitchen with a fireplace and chimney, a place where the family would gather to eat and warm themselves in winter. A fireplace typically featured a wrought iron wood holder, a poker and other [&hellip;]<\/p>\n","protected":false},"author":1,"featured_media":13318,"parent":1683,"menu_order":0,"comment_status":"closed","ping_status":"closed","template":"","meta":{"_acf_changed":false,"footnotes":""},"acf":[],"yoast_head":"<!-- This site is optimized with the Yoast SEO plugin v22.7 - https:\/\/yoast.com\/wordpress\/plugins\/seo\/ -->\n<title>Tornice and \u0161terne - Turisti\u010dka zajednica op\u0107ine Vi\u0161kovo<\/title>\n<meta name=\"robots\" content=\"index, follow, max-snippet:-1, max-image-preview:large, max-video-preview:-1\" \/>\n<link rel=\"canonical\" href=\"https:\/\/visitviskovo.hr\/en\/viskovo\/kulturna-bastina\/tornice-i-sterne\/\" \/>\n<meta property=\"og:locale\" content=\"en_US\" \/>\n<meta property=\"og:type\" content=\"article\" \/>\n<meta property=\"og:title\" content=\"Tornice and \u0161terne - Turisti\u010dka zajednica op\u0107ine Vi\u0161kovo\" \/>\n<meta property=\"og:description\" content=\"Tornica A tornica is a typical architectural element of houses in rural areas in Kvarner. It is a semi-circular extension of the kitchen with a fireplace and chimney, a place where the family would gather to eat and warm themselves in winter. A fireplace typically featured a wrought iron wood holder, a poker and other [&hellip;]\" \/>\n<meta property=\"og:url\" content=\"https:\/\/visitviskovo.hr\/en\/viskovo\/kulturna-bastina\/tornice-i-sterne\/\" \/>\n<meta property=\"og:site_name\" content=\"Turisti\u010dka zajednica op\u0107ine Vi\u0161kovo\" \/>\n<meta property=\"article:publisher\" content=\"https:\/\/web.facebook.com\/VisitViskovo\" \/>\n<meta property=\"article:modified_time\" content=\"2023-09-28T07:44:13+00:00\" \/>\n<meta property=\"og:image\" content=\"https:\/\/visitviskovo.hr\/wp-content\/uploads\/2020\/04\/TORNICA1-1280x880.jpg\" \/>\n\t<meta property=\"og:image:width\" content=\"1280\" \/>\n\t<meta property=\"og:image:height\" content=\"880\" \/>\n\t<meta property=\"og:image:type\" content=\"image\/jpeg\" \/>\n<meta name=\"twitter:card\" content=\"summary_large_image\" \/>\n<meta name=\"twitter:label1\" content=\"Est. reading time\" \/>\n\t<meta name=\"twitter:data1\" content=\"2 minutes\" \/>\n<script type=\"application\/ld+json\" class=\"yoast-schema-graph\">{\"@context\":\"https:\/\/schema.org\",\"@graph\":[{\"@type\":\"WebPage\",\"@id\":\"https:\/\/visitviskovo.hr\/en\/viskovo\/kulturna-bastina\/tornice-i-sterne\/\",\"url\":\"https:\/\/visitviskovo.hr\/en\/viskovo\/kulturna-bastina\/tornice-i-sterne\/\",\"name\":\"Tornice and \u0161terne - Turisti\u010dka zajednica op\u0107ine Vi\u0161kovo\",\"isPartOf\":{\"@id\":\"https:\/\/visitviskovo.hr\/it\/#website\"},\"primaryImageOfPage\":{\"@id\":\"https:\/\/visitviskovo.hr\/en\/viskovo\/kulturna-bastina\/tornice-i-sterne\/#primaryimage\"},\"image\":{\"@id\":\"https:\/\/visitviskovo.hr\/en\/viskovo\/kulturna-bastina\/tornice-i-sterne\/#primaryimage\"},\"thumbnailUrl\":\"https:\/\/visitviskovo.hr\/wp-content\/uploads\/2020\/04\/TORNICA1.jpg\",\"datePublished\":\"2019-05-26T14:56:27+00:00\",\"dateModified\":\"2023-09-28T07:44:13+00:00\",\"breadcrumb\":{\"@id\":\"https:\/\/visitviskovo.hr\/en\/viskovo\/kulturna-bastina\/tornice-i-sterne\/#breadcrumb\"},\"inLanguage\":\"en-US\",\"potentialAction\":[{\"@type\":\"ReadAction\",\"target\":[\"https:\/\/visitviskovo.hr\/en\/viskovo\/kulturna-bastina\/tornice-i-sterne\/\"]}]},{\"@type\":\"ImageObject\",\"inLanguage\":\"en-US\",\"@id\":\"https:\/\/visitviskovo.hr\/en\/viskovo\/kulturna-bastina\/tornice-i-sterne\/#primaryimage\",\"url\":\"https:\/\/visitviskovo.hr\/wp-content\/uploads\/2020\/04\/TORNICA1.jpg\",\"contentUrl\":\"https:\/\/visitviskovo.hr\/wp-content\/uploads\/2020\/04\/TORNICA1.jpg\",\"width\":3071,\"height\":2112,\"caption\":\"Tornica\"},{\"@type\":\"BreadcrumbList\",\"@id\":\"https:\/\/visitviskovo.hr\/en\/viskovo\/kulturna-bastina\/tornice-i-sterne\/#breadcrumb\",\"itemListElement\":[{\"@type\":\"ListItem\",\"position\":1,\"name\":\"Home\",\"item\":\"https:\/\/visitviskovo.hr\/en\/\"},{\"@type\":\"ListItem\",\"position\":2,\"name\":\"Vi\u0161kovo\",\"item\":\"https:\/\/visitviskovo.hr\/en\/viskovo\/\"},{\"@type\":\"ListItem\",\"position\":3,\"name\":\"Cultural heritage\",\"item\":\"https:\/\/visitviskovo.hr\/en\/viskovo\/kulturna-bastina\/\"},{\"@type\":\"ListItem\",\"position\":4,\"name\":\"Tornice and \u0161terne\"}]},{\"@type\":\"WebSite\",\"@id\":\"https:\/\/visitviskovo.hr\/it\/#website\",\"url\":\"https:\/\/visitviskovo.hr\/it\/\",\"name\":\"Turisti\u010dka zajednica op\u0107ine Vi\u0161kovo\",\"description\":\"\",\"potentialAction\":[{\"@type\":\"SearchAction\",\"target\":{\"@type\":\"EntryPoint\",\"urlTemplate\":\"https:\/\/visitviskovo.hr\/it\/?s={search_term_string}\"},\"query-input\":\"required name=search_term_string\"}],\"inLanguage\":\"en-US\"}]}<\/script>\n<!-- \/ Yoast SEO plugin. -->","yoast_head_json":{"title":"Tornice and \u0161terne - Turisti\u010dka zajednica op\u0107ine Vi\u0161kovo","robots":{"index":"index","follow":"follow","max-snippet":"max-snippet:-1","max-image-preview":"max-image-preview:large","max-video-preview":"max-video-preview:-1"},"canonical":"https:\/\/visitviskovo.hr\/en\/viskovo\/kulturna-bastina\/tornice-i-sterne\/","og_locale":"en_US","og_type":"article","og_title":"Tornice and \u0161terne - Turisti\u010dka zajednica op\u0107ine Vi\u0161kovo","og_description":"Tornica A tornica is a typical architectural element of houses in rural areas in Kvarner. It is a semi-circular extension of the kitchen with a fireplace and chimney, a place where the family would gather to eat and warm themselves in winter. A fireplace typically featured a wrought iron wood holder, a poker and other [&hellip;]","og_url":"https:\/\/visitviskovo.hr\/en\/viskovo\/kulturna-bastina\/tornice-i-sterne\/","og_site_name":"Turisti\u010dka zajednica op\u0107ine Vi\u0161kovo","article_publisher":"https:\/\/web.facebook.com\/VisitViskovo","article_modified_time":"2023-09-28T07:44:13+00:00","og_image":[{"width":1280,"height":880,"url":"https:\/\/visitviskovo.hr\/wp-content\/uploads\/2020\/04\/TORNICA1-1280x880.jpg","type":"image\/jpeg"}],"twitter_card":"summary_large_image","twitter_misc":{"Est. reading time":"2 minutes"},"schema":{"@context":"https:\/\/schema.org","@graph":[{"@type":"WebPage","@id":"https:\/\/visitviskovo.hr\/en\/viskovo\/kulturna-bastina\/tornice-i-sterne\/","url":"https:\/\/visitviskovo.hr\/en\/viskovo\/kulturna-bastina\/tornice-i-sterne\/","name":"Tornice and \u0161terne - Turisti\u010dka zajednica op\u0107ine Vi\u0161kovo","isPartOf":{"@id":"https:\/\/visitviskovo.hr\/it\/#website"},"primaryImageOfPage":{"@id":"https:\/\/visitviskovo.hr\/en\/viskovo\/kulturna-bastina\/tornice-i-sterne\/#primaryimage"},"image":{"@id":"https:\/\/visitviskovo.hr\/en\/viskovo\/kulturna-bastina\/tornice-i-sterne\/#primaryimage"},"thumbnailUrl":"https:\/\/visitviskovo.hr\/wp-content\/uploads\/2020\/04\/TORNICA1.jpg","datePublished":"2019-05-26T14:56:27+00:00","dateModified":"2023-09-28T07:44:13+00:00","breadcrumb":{"@id":"https:\/\/visitviskovo.hr\/en\/viskovo\/kulturna-bastina\/tornice-i-sterne\/#breadcrumb"},"inLanguage":"en-US","potentialAction":[{"@type":"ReadAction","target":["https:\/\/visitviskovo.hr\/en\/viskovo\/kulturna-bastina\/tornice-i-sterne\/"]}]},{"@type":"ImageObject","inLanguage":"en-US","@id":"https:\/\/visitviskovo.hr\/en\/viskovo\/kulturna-bastina\/tornice-i-sterne\/#primaryimage","url":"https:\/\/visitviskovo.hr\/wp-content\/uploads\/2020\/04\/TORNICA1.jpg","contentUrl":"https:\/\/visitviskovo.hr\/wp-content\/uploads\/2020\/04\/TORNICA1.jpg","width":3071,"height":2112,"caption":"Tornica"},{"@type":"BreadcrumbList","@id":"https:\/\/visitviskovo.hr\/en\/viskovo\/kulturna-bastina\/tornice-i-sterne\/#breadcrumb","itemListElement":[{"@type":"ListItem","position":1,"name":"Home","item":"https:\/\/visitviskovo.hr\/en\/"},{"@type":"ListItem","position":2,"name":"Vi\u0161kovo","item":"https:\/\/visitviskovo.hr\/en\/viskovo\/"},{"@type":"ListItem","position":3,"name":"Cultural heritage","item":"https:\/\/visitviskovo.hr\/en\/viskovo\/kulturna-bastina\/"},{"@type":"ListItem","position":4,"name":"Tornice and \u0161terne"}]},{"@type":"WebSite","@id":"https:\/\/visitviskovo.hr\/it\/#website","url":"https:\/\/visitviskovo.hr\/it\/","name":"Turisti\u010dka zajednica op\u0107ine Vi\u0161kovo","description":"","potentialAction":[{"@type":"SearchAction","target":{"@type":"EntryPoint","urlTemplate":"https:\/\/visitviskovo.hr\/it\/?s={search_term_string}"},"query-input":"required name=search_term_string"}],"inLanguage":"en-US"}]}},"_links":{"self":[{"href":"https:\/\/visitviskovo.hr\/en\/wp-json\/wp\/v2\/pages\/1715"}],"collection":[{"href":"https:\/\/visitviskovo.hr\/en\/wp-json\/wp\/v2\/pages"}],"about":[{"href":"https:\/\/visitviskovo.hr\/en\/wp-json\/wp\/v2\/types\/page"}],"author":[{"embeddable":true,"href":"https:\/\/visitviskovo.hr\/en\/wp-json\/wp\/v2\/users\/1"}],"replies":[{"embeddable":true,"href":"https:\/\/visitviskovo.hr\/en\/wp-json\/wp\/v2\/comments?post=1715"}],"version-history":[{"count":14,"href":"https:\/\/visitviskovo.hr\/en\/wp-json\/wp\/v2\/pages\/1715\/revisions"}],"predecessor-version":[{"id":20550,"href":"https:\/\/visitviskovo.hr\/en\/wp-json\/wp\/v2\/pages\/1715\/revisions\/20550"}],"up":[{"embeddable":true,"href":"https:\/\/visitviskovo.hr\/en\/wp-json\/wp\/v2\/pages\/1683"}],"wp:featuredmedia":[{"embeddable":true,"href":"https:\/\/visitviskovo.hr\/en\/wp-json\/wp\/v2\/media\/13318"}],"wp:attachment":[{"href":"https:\/\/visitviskovo.hr\/en\/wp-json\/wp\/v2\/media?parent=1715"}],"curies":[{"name":"wp","href":"https:\/\/api.w.org\/{rel}","templated":true}]}}