{"id":20554,"date":"2023-09-28T08:20:33","date_gmt":"2023-09-28T08:20:33","guid":{"rendered":"https:\/\/visitviskovo.hr\/?page_id=20554"},"modified":"2023-09-28T08:20:35","modified_gmt":"2023-09-28T08:20:35","slug":"the-mediterranean-diet-of-the-croatian-adriatic-its-coast-islands-and-part-of-its-hinterland","status":"publish","type":"page","link":"https:\/\/visitviskovo.hr\/en\/viskovo\/unesco\/the-mediterranean-diet-of-the-croatian-adriatic-its-coast-islands-and-part-of-its-hinterland\/","title":{"rendered":"The Mediterranean diet of the Croatian Adriatic, its coast, islands and part of its hinterland"},"content":{"rendered":"\n<p>The traditional bond with nature is reflected in the local diet, in which ingredients are selected according to their authenticity, seasonality, environmental and economic sustainability as well as high nutritional value, thus achieving benefits that are scientifically verifiable. The menus of the Halubje and Kastav areas belong to the Mediterranean diet model characteristic of the Adriatic hinterland, with variations conditioned by historical events and cultural influences. As a result, the offer of the numerous restaurants in this area is based on dishes that combine the local culinary heritage with current trends in cuisine.<\/p>\n\n\n\n<p>Alongside physical activity in the open air and socialising, the Mediterranean diet is one of the most important elements of health and vitality. All these factors, perfectly integrated into everyday life, can be found in Vi\u0161kovo. In the hinterland of Rijeka and Opatija, where the blue of the sea meets the green of the mountains, the centuries have fashioned a menu based on local and seasonal ingredients, creating a unique culinary experience inseparable from other aspects of traditional culture: music, architecture, tradition, and language. Halubje \u2013 an oasis of good cuisine in which each menu, imbued with the secret ingredients of culture, forms a unique culinary experience that blends in the fragrant flavours of traditi<\/p>\n","protected":false},"excerpt":{"rendered":"<p>The traditional bond with nature is reflected in the local diet, in which ingredients are selected according to their authenticity, seasonality, environmental and economic sustainability as well as high nutritional value, thus achieving benefits that are scientifically verifiable. The menus of the Halubje and Kastav areas belong to the Mediterranean diet model characteristic of the [&hellip;]<\/p>\n","protected":false},"author":4,"featured_media":16107,"parent":1664,"menu_order":0,"comment_status":"closed","ping_status":"closed","template":"","meta":{"_acf_changed":false,"footnotes":""},"acf":[],"yoast_head":"<!-- This site is optimized with the Yoast SEO plugin v22.7 - https:\/\/yoast.com\/wordpress\/plugins\/seo\/ -->\n<title>The Mediterranean diet of the Croatian Adriatic, its coast, islands and part of its hinterland - Turisti\u010dka zajednica op\u0107ine Vi\u0161kovo<\/title>\n<meta name=\"robots\" content=\"index, follow, max-snippet:-1, max-image-preview:large, max-video-preview:-1\" \/>\n<link rel=\"canonical\" href=\"https:\/\/visitviskovo.hr\/en\/viskovo\/unesco\/the-mediterranean-diet-of-the-croatian-adriatic-its-coast-islands-and-part-of-its-hinterland\/\" \/>\n<meta property=\"og:locale\" content=\"en_US\" \/>\n<meta property=\"og:type\" content=\"article\" \/>\n<meta property=\"og:title\" content=\"The Mediterranean diet of the Croatian Adriatic, its coast, islands and part of its hinterland - Turisti\u010dka zajednica op\u0107ine Vi\u0161kovo\" \/>\n<meta property=\"og:description\" content=\"The traditional bond with nature is reflected in the local diet, in which ingredients are selected according to their authenticity, seasonality, environmental and economic sustainability as well as high nutritional value, thus achieving benefits that are scientifically verifiable. The menus of the Halubje and Kastav areas belong to the Mediterranean diet model characteristic of the [&hellip;]\" \/>\n<meta property=\"og:url\" content=\"https:\/\/visitviskovo.hr\/en\/viskovo\/unesco\/the-mediterranean-diet-of-the-croatian-adriatic-its-coast-islands-and-part-of-its-hinterland\/\" \/>\n<meta property=\"og:site_name\" content=\"Turisti\u010dka zajednica op\u0107ine Vi\u0161kovo\" \/>\n<meta property=\"article:publisher\" content=\"https:\/\/web.facebook.com\/VisitViskovo\" \/>\n<meta property=\"article:modified_time\" content=\"2023-09-28T08:20:35+00:00\" \/>\n<meta property=\"og:image\" content=\"https:\/\/visitviskovo.hr\/wp-content\/uploads\/2021\/01\/Kuharica_5r.jpg\" \/>\n\t<meta property=\"og:image:width\" content=\"1382\" \/>\n\t<meta property=\"og:image:height\" content=\"922\" \/>\n\t<meta property=\"og:image:type\" content=\"image\/jpeg\" \/>\n<meta name=\"twitter:card\" content=\"summary_large_image\" \/>\n<meta name=\"twitter:label1\" content=\"Est. reading time\" \/>\n\t<meta name=\"twitter:data1\" content=\"2 minutes\" \/>\n<script type=\"application\/ld+json\" class=\"yoast-schema-graph\">{\"@context\":\"https:\/\/schema.org\",\"@graph\":[{\"@type\":\"WebPage\",\"@id\":\"https:\/\/visitviskovo.hr\/en\/viskovo\/unesco\/the-mediterranean-diet-of-the-croatian-adriatic-its-coast-islands-and-part-of-its-hinterland\/\",\"url\":\"https:\/\/visitviskovo.hr\/en\/viskovo\/unesco\/the-mediterranean-diet-of-the-croatian-adriatic-its-coast-islands-and-part-of-its-hinterland\/\",\"name\":\"The Mediterranean diet of the Croatian Adriatic, its coast, islands and part of its hinterland - Turisti\u010dka zajednica op\u0107ine Vi\u0161kovo\",\"isPartOf\":{\"@id\":\"https:\/\/visitviskovo.hr\/it\/#website\"},\"primaryImageOfPage\":{\"@id\":\"https:\/\/visitviskovo.hr\/en\/viskovo\/unesco\/the-mediterranean-diet-of-the-croatian-adriatic-its-coast-islands-and-part-of-its-hinterland\/#primaryimage\"},\"image\":{\"@id\":\"https:\/\/visitviskovo.hr\/en\/viskovo\/unesco\/the-mediterranean-diet-of-the-croatian-adriatic-its-coast-islands-and-part-of-its-hinterland\/#primaryimage\"},\"thumbnailUrl\":\"https:\/\/visitviskovo.hr\/wp-content\/uploads\/2021\/01\/Kuharica_5r.jpg\",\"datePublished\":\"2023-09-28T08:20:33+00:00\",\"dateModified\":\"2023-09-28T08:20:35+00:00\",\"breadcrumb\":{\"@id\":\"https:\/\/visitviskovo.hr\/en\/viskovo\/unesco\/the-mediterranean-diet-of-the-croatian-adriatic-its-coast-islands-and-part-of-its-hinterland\/#breadcrumb\"},\"inLanguage\":\"en-US\",\"potentialAction\":[{\"@type\":\"ReadAction\",\"target\":[\"https:\/\/visitviskovo.hr\/en\/viskovo\/unesco\/the-mediterranean-diet-of-the-croatian-adriatic-its-coast-islands-and-part-of-its-hinterland\/\"]}]},{\"@type\":\"ImageObject\",\"inLanguage\":\"en-US\",\"@id\":\"https:\/\/visitviskovo.hr\/en\/viskovo\/unesco\/the-mediterranean-diet-of-the-croatian-adriatic-its-coast-islands-and-part-of-its-hinterland\/#primaryimage\",\"url\":\"https:\/\/visitviskovo.hr\/wp-content\/uploads\/2021\/01\/Kuharica_5r.jpg\",\"contentUrl\":\"https:\/\/visitviskovo.hr\/wp-content\/uploads\/2021\/01\/Kuharica_5r.jpg\",\"width\":1382,\"height\":922},{\"@type\":\"BreadcrumbList\",\"@id\":\"https:\/\/visitviskovo.hr\/en\/viskovo\/unesco\/the-mediterranean-diet-of-the-croatian-adriatic-its-coast-islands-and-part-of-its-hinterland\/#breadcrumb\",\"itemListElement\":[{\"@type\":\"ListItem\",\"position\":1,\"name\":\"Home\",\"item\":\"https:\/\/visitviskovo.hr\/en\/\"},{\"@type\":\"ListItem\",\"position\":2,\"name\":\"Vi\u0161kovo\",\"item\":\"https:\/\/visitviskovo.hr\/en\/viskovo\/\"},{\"@type\":\"ListItem\",\"position\":3,\"name\":\"UNESCO\",\"item\":\"https:\/\/visitviskovo.hr\/en\/viskovo\/unesco\/\"},{\"@type\":\"ListItem\",\"position\":4,\"name\":\"The Mediterranean diet of the Croatian Adriatic, its coast, islands and part of its hinterland\"}]},{\"@type\":\"WebSite\",\"@id\":\"https:\/\/visitviskovo.hr\/it\/#website\",\"url\":\"https:\/\/visitviskovo.hr\/it\/\",\"name\":\"Turisti\u010dka zajednica op\u0107ine Vi\u0161kovo\",\"description\":\"\",\"potentialAction\":[{\"@type\":\"SearchAction\",\"target\":{\"@type\":\"EntryPoint\",\"urlTemplate\":\"https:\/\/visitviskovo.hr\/it\/?s={search_term_string}\"},\"query-input\":\"required name=search_term_string\"}],\"inLanguage\":\"en-US\"}]}<\/script>\n<!-- \/ Yoast SEO plugin. -->","yoast_head_json":{"title":"The Mediterranean diet of the Croatian Adriatic, its coast, islands and part of its hinterland - Turisti\u010dka zajednica op\u0107ine Vi\u0161kovo","robots":{"index":"index","follow":"follow","max-snippet":"max-snippet:-1","max-image-preview":"max-image-preview:large","max-video-preview":"max-video-preview:-1"},"canonical":"https:\/\/visitviskovo.hr\/en\/viskovo\/unesco\/the-mediterranean-diet-of-the-croatian-adriatic-its-coast-islands-and-part-of-its-hinterland\/","og_locale":"en_US","og_type":"article","og_title":"The Mediterranean diet of the Croatian Adriatic, its coast, islands and part of its hinterland - Turisti\u010dka zajednica op\u0107ine Vi\u0161kovo","og_description":"The traditional bond with nature is reflected in the local diet, in which ingredients are selected according to their authenticity, seasonality, environmental and economic sustainability as well as high nutritional value, thus achieving benefits that are scientifically verifiable. The menus of the Halubje and Kastav areas belong to the Mediterranean diet model characteristic of the [&hellip;]","og_url":"https:\/\/visitviskovo.hr\/en\/viskovo\/unesco\/the-mediterranean-diet-of-the-croatian-adriatic-its-coast-islands-and-part-of-its-hinterland\/","og_site_name":"Turisti\u010dka zajednica op\u0107ine Vi\u0161kovo","article_publisher":"https:\/\/web.facebook.com\/VisitViskovo","article_modified_time":"2023-09-28T08:20:35+00:00","og_image":[{"width":1382,"height":922,"url":"https:\/\/visitviskovo.hr\/wp-content\/uploads\/2021\/01\/Kuharica_5r.jpg","type":"image\/jpeg"}],"twitter_card":"summary_large_image","twitter_misc":{"Est. reading time":"2 minutes"},"schema":{"@context":"https:\/\/schema.org","@graph":[{"@type":"WebPage","@id":"https:\/\/visitviskovo.hr\/en\/viskovo\/unesco\/the-mediterranean-diet-of-the-croatian-adriatic-its-coast-islands-and-part-of-its-hinterland\/","url":"https:\/\/visitviskovo.hr\/en\/viskovo\/unesco\/the-mediterranean-diet-of-the-croatian-adriatic-its-coast-islands-and-part-of-its-hinterland\/","name":"The Mediterranean diet of the Croatian Adriatic, its coast, islands and part of its hinterland - Turisti\u010dka zajednica op\u0107ine Vi\u0161kovo","isPartOf":{"@id":"https:\/\/visitviskovo.hr\/it\/#website"},"primaryImageOfPage":{"@id":"https:\/\/visitviskovo.hr\/en\/viskovo\/unesco\/the-mediterranean-diet-of-the-croatian-adriatic-its-coast-islands-and-part-of-its-hinterland\/#primaryimage"},"image":{"@id":"https:\/\/visitviskovo.hr\/en\/viskovo\/unesco\/the-mediterranean-diet-of-the-croatian-adriatic-its-coast-islands-and-part-of-its-hinterland\/#primaryimage"},"thumbnailUrl":"https:\/\/visitviskovo.hr\/wp-content\/uploads\/2021\/01\/Kuharica_5r.jpg","datePublished":"2023-09-28T08:20:33+00:00","dateModified":"2023-09-28T08:20:35+00:00","breadcrumb":{"@id":"https:\/\/visitviskovo.hr\/en\/viskovo\/unesco\/the-mediterranean-diet-of-the-croatian-adriatic-its-coast-islands-and-part-of-its-hinterland\/#breadcrumb"},"inLanguage":"en-US","potentialAction":[{"@type":"ReadAction","target":["https:\/\/visitviskovo.hr\/en\/viskovo\/unesco\/the-mediterranean-diet-of-the-croatian-adriatic-its-coast-islands-and-part-of-its-hinterland\/"]}]},{"@type":"ImageObject","inLanguage":"en-US","@id":"https:\/\/visitviskovo.hr\/en\/viskovo\/unesco\/the-mediterranean-diet-of-the-croatian-adriatic-its-coast-islands-and-part-of-its-hinterland\/#primaryimage","url":"https:\/\/visitviskovo.hr\/wp-content\/uploads\/2021\/01\/Kuharica_5r.jpg","contentUrl":"https:\/\/visitviskovo.hr\/wp-content\/uploads\/2021\/01\/Kuharica_5r.jpg","width":1382,"height":922},{"@type":"BreadcrumbList","@id":"https:\/\/visitviskovo.hr\/en\/viskovo\/unesco\/the-mediterranean-diet-of-the-croatian-adriatic-its-coast-islands-and-part-of-its-hinterland\/#breadcrumb","itemListElement":[{"@type":"ListItem","position":1,"name":"Home","item":"https:\/\/visitviskovo.hr\/en\/"},{"@type":"ListItem","position":2,"name":"Vi\u0161kovo","item":"https:\/\/visitviskovo.hr\/en\/viskovo\/"},{"@type":"ListItem","position":3,"name":"UNESCO","item":"https:\/\/visitviskovo.hr\/en\/viskovo\/unesco\/"},{"@type":"ListItem","position":4,"name":"The Mediterranean diet of the Croatian Adriatic, its coast, islands and part of its hinterland"}]},{"@type":"WebSite","@id":"https:\/\/visitviskovo.hr\/it\/#website","url":"https:\/\/visitviskovo.hr\/it\/","name":"Turisti\u010dka zajednica op\u0107ine Vi\u0161kovo","description":"","potentialAction":[{"@type":"SearchAction","target":{"@type":"EntryPoint","urlTemplate":"https:\/\/visitviskovo.hr\/it\/?s={search_term_string}"},"query-input":"required name=search_term_string"}],"inLanguage":"en-US"}]}},"_links":{"self":[{"href":"https:\/\/visitviskovo.hr\/en\/wp-json\/wp\/v2\/pages\/20554"}],"collection":[{"href":"https:\/\/visitviskovo.hr\/en\/wp-json\/wp\/v2\/pages"}],"about":[{"href":"https:\/\/visitviskovo.hr\/en\/wp-json\/wp\/v2\/types\/page"}],"author":[{"embeddable":true,"href":"https:\/\/visitviskovo.hr\/en\/wp-json\/wp\/v2\/users\/4"}],"replies":[{"embeddable":true,"href":"https:\/\/visitviskovo.hr\/en\/wp-json\/wp\/v2\/comments?post=20554"}],"version-history":[{"count":2,"href":"https:\/\/visitviskovo.hr\/en\/wp-json\/wp\/v2\/pages\/20554\/revisions"}],"predecessor-version":[{"id":20557,"href":"https:\/\/visitviskovo.hr\/en\/wp-json\/wp\/v2\/pages\/20554\/revisions\/20557"}],"up":[{"embeddable":true,"href":"https:\/\/visitviskovo.hr\/en\/wp-json\/wp\/v2\/pages\/1664"}],"wp:featuredmedia":[{"embeddable":true,"href":"https:\/\/visitviskovo.hr\/en\/wp-json\/wp\/v2\/media\/16107"}],"wp:attachment":[{"href":"https:\/\/visitviskovo.hr\/en\/wp-json\/wp\/v2\/media?parent=20554"}],"curies":[{"name":"wp","href":"https:\/\/api.w.org\/{rel}","templated":true}]}}