{"id":20948,"date":"2024-04-08T13:04:28","date_gmt":"2024-04-08T13:04:28","guid":{"rendered":"https:\/\/visitviskovo.hr\/?page_id=20948"},"modified":"2024-04-08T13:04:30","modified_gmt":"2024-04-08T13:04:30","slug":"five-bike-trails-for-all-age-groups","status":"publish","type":"page","link":"https:\/\/visitviskovo.hr\/en\/what-to-do\/ideje-za-boravak\/five-bike-trails-for-all-age-groups\/","title":{"rendered":"Five bike trails for all age groups"},"content":{"rendered":"\n<p>Five marked cycling trails take you through Vi\u0161kovo and its surroundings, an area of great natural beauty where the modern way of life is intertwined with tradition. Our cycling trails are ideal for anyone looking for outdoor adventure and wanting to explore the hidden corners of Vi\u0161kovo. <\/p>\n\n\n\n<h2 class=\"wp-block-heading\">Vi\u0161kovo Trail<\/h2>\n\n\n\n<p>The Vi\u0161kovo Trail is ideal for families and takes you towards Ronjgi, the birthplace of the composer Ivan Mateti\u0107 Ronjgov. The birth house of this great musician now features a museum and a restaurant on the ground floor offering local specialities. From Ronjgi, the trail leads up to Zorzi\u0107i, a small village right on Petrolejska Cesta with a \u0161terna water well from 1904. The nearby village of Globi\u0107i, the birthplace of the writer Berto Lu\u010di\u0107, offers a beautiful view of Kvarner. Further uphill, the trail reaches the village of Lu\u010di\u0107i, which lies close to the remnants of an Illyrian fort at Lon\u010deva Gri\u017ea. A former quarry and a unique open-air exhibition can be found nearby. Just before Skva\u017ei\u0107i, the trail turns right onto Ple\u0161ivac forest path, which leads to Bi\u0161kupi, a village where visitors can experience typical architecture of the area. After exiting the village, the road returns to the centre of Vi\u0161kovo via Mladeni\u0107i.<\/p>\n\n\n\n<h2 class=\"wp-block-heading\">Kastav Trail<\/h2>\n\n\n\n<p>The Kastav trail leads along the side roads and forest paths away from the centre of Vi\u0161kovo. This rather demanding trail heads east in the direction of Furi\u0107evo, where it turns left and continues slightly uphill through Trtni to Mladeni\u0107i. After crossing the road, it continues along an old cart track through Mavri to Gornji Sroki, after which it descends to SrokovKal, turns right and continues in the direction of Kastav. Those who like challenges can turn right in Gornji Turki towards Jelovi\u010dani and Lu\u017eina Forest. The less demanding route leads straight on from Gornji Turki to the road and then follows a forest path towards Donji Jugi. In the vicinity of this village lies Kapitovac, an inexhaustible water source that attests to the unbreakable bond between man and nature.<\/p>\n\n\n\n<h2 class=\"wp-block-heading\">Studena Trail<\/h2>\n\n\n\n<p>The Studena trail leads in the direction of Sar\u0161oni and Petrolejska Cesta, along which we continue to the village of Zorzi\u0107i. An old cart track leads through Ne\u017enica forest to the main road to Studena. Petrolejska Cesta descends to the village of Mar\u010delji, which is home to two cultural assets inscribed on the UNESCO list of intangible cultural heritage: the pageant of the Halubajski zvon\u010dari bell ringers, whose roots are here in Mar\u010delji, and two-part singing, which was first notated by Ivan Mateti\u0107 of the village of Ronjgi. From Mar\u010delji, we turn towards Kosi and reach the centre of Vi\u0161kovo after passing the villages of Jardasi, Dovi\u010di\u0107i and \u0160iroli.<\/p>\n\n\n\n<h2 class=\"wp-block-heading\">Source of the River Rje\u010dina trail<\/h2>\n\n\n\n<p>The Source of the River Rje\u010dina trail starts in the centre of Vi\u0161kovo and continues via Mladeni\u0107i in the direction of Sar\u0161oni and Lu\u010di\u0107i. After a short climb, it reaches Lon\u010deva Gri\u017ea pass, and then a serpentine road descends to Trnovica. After crossing the River Rje\u010dina and turning towards Kukuljani, we follow the river upstream to its source. From there, we return to Lon\u010deva Gri\u017ea pass and further down to Sar\u0161oni, and continue along Petrolejska Cesta to Gari\u0107i where we can see centuries-old houses, preserved examples of traditional architecture. The most prominent among them is &#8216;Cenetina Ku\u0107a&#8217;, a protected monument of culture. After that, the route descends through Mar\u010delji to the centre of Vi\u0161kovo.<\/p>\n\n\n\n<h2 class=\"wp-block-heading\">Breza trail<\/h2>\n\n\n\n<p>The Breza trail leads towards Sar\u0161oni and Ronjgi to the village of Zorzi\u0107i and Petrolejska Cesta, where it continues in the direction of Klana. At Pogled, the trail turns onto a forest path and continues to Breza. On your way, you\u2019ll encounter interesting remnants of fortifications from the period of the Italian occupation, since in the past this was the border between the Kingdom of Italy and the Kingdom of Serbs, Croats and Slovenes. The road above Breza leads to the centre. Past the cemetery and old Italian military barracks, we reach a crossroads where we turn left and continue along a forest trail to Jardasi. The route reaches the village of \u0160iroli via Dovi\u010di\u0107i and returns to the centre of Vi\u0161kovo along a byway.<\/p>\n\n\n\n<p>Wherever you go, let the paths take you to quiet corners and stunning viewpoints. Admire the ring-shaped walls built around sinkholes and ponds, drive alongside the centuries-old dry-stone walls, follow the relief of the landscape and the former boundaries, and experience the local history along these winding routes.<\/p>\n","protected":false},"excerpt":{"rendered":"<p>Five marked cycling trails take you through Vi\u0161kovo and its surroundings, an area of great natural beauty where the modern way of life is intertwined with tradition. Our cycling trails are ideal for anyone looking for outdoor adventure and wanting to explore the hidden corners of Vi\u0161kovo. Vi\u0161kovo Trail The Vi\u0161kovo Trail is ideal for [&hellip;]<\/p>\n","protected":false},"author":4,"featured_media":20936,"parent":8140,"menu_order":0,"comment_status":"closed","ping_status":"closed","template":"","meta":{"_acf_changed":false,"footnotes":""},"acf":[],"yoast_head":"<!-- This site is optimized with the Yoast SEO plugin v22.7 - https:\/\/yoast.com\/wordpress\/plugins\/seo\/ -->\n<title>Five bike trails for all age groups - Turisti\u010dka zajednica op\u0107ine Vi\u0161kovo<\/title>\n<meta name=\"robots\" content=\"index, follow, max-snippet:-1, max-image-preview:large, max-video-preview:-1\" \/>\n<link rel=\"canonical\" href=\"https:\/\/visitviskovo.hr\/en\/what-to-do\/ideje-za-boravak\/five-bike-trails-for-all-age-groups\/\" \/>\n<meta property=\"og:locale\" content=\"en_US\" \/>\n<meta property=\"og:type\" content=\"article\" \/>\n<meta property=\"og:title\" content=\"Five bike trails for all age groups - Turisti\u010dka zajednica op\u0107ine Vi\u0161kovo\" \/>\n<meta property=\"og:description\" content=\"Five marked cycling trails take you through Vi\u0161kovo and its surroundings, an area of great natural beauty where the modern way of life is intertwined with tradition. Our cycling trails are ideal for anyone looking for outdoor adventure and wanting to explore the hidden corners of Vi\u0161kovo. Vi\u0161kovo Trail The Vi\u0161kovo Trail is ideal for [&hellip;]\" \/>\n<meta property=\"og:url\" content=\"https:\/\/visitviskovo.hr\/en\/what-to-do\/ideje-za-boravak\/five-bike-trails-for-all-age-groups\/\" \/>\n<meta property=\"og:site_name\" content=\"Turisti\u010dka zajednica op\u0107ine Vi\u0161kovo\" \/>\n<meta property=\"article:publisher\" content=\"https:\/\/web.facebook.com\/VisitViskovo\" \/>\n<meta property=\"article:modified_time\" content=\"2024-04-08T13:04:30+00:00\" \/>\n<meta property=\"og:image\" content=\"https:\/\/visitviskovo.hr\/wp-content\/uploads\/2024\/04\/Bike-2.jpg\" \/>\n\t<meta property=\"og:image:width\" content=\"1920\" \/>\n\t<meta property=\"og:image:height\" content=\"1280\" \/>\n\t<meta property=\"og:image:type\" content=\"image\/jpeg\" \/>\n<meta name=\"twitter:card\" content=\"summary_large_image\" \/>\n<meta name=\"twitter:label1\" content=\"Est. reading time\" \/>\n\t<meta name=\"twitter:data1\" content=\"5 minutes\" \/>\n<script type=\"application\/ld+json\" class=\"yoast-schema-graph\">{\"@context\":\"https:\/\/schema.org\",\"@graph\":[{\"@type\":\"WebPage\",\"@id\":\"https:\/\/visitviskovo.hr\/en\/what-to-do\/ideje-za-boravak\/five-bike-trails-for-all-age-groups\/\",\"url\":\"https:\/\/visitviskovo.hr\/en\/what-to-do\/ideje-za-boravak\/five-bike-trails-for-all-age-groups\/\",\"name\":\"Five bike trails for all age groups - Turisti\u010dka zajednica op\u0107ine Vi\u0161kovo\",\"isPartOf\":{\"@id\":\"https:\/\/visitviskovo.hr\/it\/#website\"},\"primaryImageOfPage\":{\"@id\":\"https:\/\/visitviskovo.hr\/en\/what-to-do\/ideje-za-boravak\/five-bike-trails-for-all-age-groups\/#primaryimage\"},\"image\":{\"@id\":\"https:\/\/visitviskovo.hr\/en\/what-to-do\/ideje-za-boravak\/five-bike-trails-for-all-age-groups\/#primaryimage\"},\"thumbnailUrl\":\"https:\/\/visitviskovo.hr\/wp-content\/uploads\/2024\/04\/Bike-2.jpg\",\"datePublished\":\"2024-04-08T13:04:28+00:00\",\"dateModified\":\"2024-04-08T13:04:30+00:00\",\"breadcrumb\":{\"@id\":\"https:\/\/visitviskovo.hr\/en\/what-to-do\/ideje-za-boravak\/five-bike-trails-for-all-age-groups\/#breadcrumb\"},\"inLanguage\":\"en-US\",\"potentialAction\":[{\"@type\":\"ReadAction\",\"target\":[\"https:\/\/visitviskovo.hr\/en\/what-to-do\/ideje-za-boravak\/five-bike-trails-for-all-age-groups\/\"]}]},{\"@type\":\"ImageObject\",\"inLanguage\":\"en-US\",\"@id\":\"https:\/\/visitviskovo.hr\/en\/what-to-do\/ideje-za-boravak\/five-bike-trails-for-all-age-groups\/#primaryimage\",\"url\":\"https:\/\/visitviskovo.hr\/wp-content\/uploads\/2024\/04\/Bike-2.jpg\",\"contentUrl\":\"https:\/\/visitviskovo.hr\/wp-content\/uploads\/2024\/04\/Bike-2.jpg\",\"width\":1920,\"height\":1280},{\"@type\":\"BreadcrumbList\",\"@id\":\"https:\/\/visitviskovo.hr\/en\/what-to-do\/ideje-za-boravak\/five-bike-trails-for-all-age-groups\/#breadcrumb\",\"itemListElement\":[{\"@type\":\"ListItem\",\"position\":1,\"name\":\"Home\",\"item\":\"https:\/\/visitviskovo.hr\/en\/\"},{\"@type\":\"ListItem\",\"position\":2,\"name\":\"What to do\",\"item\":\"https:\/\/visitviskovo.hr\/en\/what-to-do\/\"},{\"@type\":\"ListItem\",\"position\":3,\"name\":\"Customize your stay\",\"item\":\"https:\/\/visitviskovo.hr\/en\/what-to-do\/ideje-za-boravak\/\"},{\"@type\":\"ListItem\",\"position\":4,\"name\":\"Five bike trails for all age groups\"}]},{\"@type\":\"WebSite\",\"@id\":\"https:\/\/visitviskovo.hr\/it\/#website\",\"url\":\"https:\/\/visitviskovo.hr\/it\/\",\"name\":\"Turisti\u010dka zajednica op\u0107ine Vi\u0161kovo\",\"description\":\"\",\"potentialAction\":[{\"@type\":\"SearchAction\",\"target\":{\"@type\":\"EntryPoint\",\"urlTemplate\":\"https:\/\/visitviskovo.hr\/it\/?s={search_term_string}\"},\"query-input\":\"required name=search_term_string\"}],\"inLanguage\":\"en-US\"}]}<\/script>\n<!-- \/ Yoast SEO plugin. -->","yoast_head_json":{"title":"Five bike trails for all age groups - Turisti\u010dka zajednica op\u0107ine Vi\u0161kovo","robots":{"index":"index","follow":"follow","max-snippet":"max-snippet:-1","max-image-preview":"max-image-preview:large","max-video-preview":"max-video-preview:-1"},"canonical":"https:\/\/visitviskovo.hr\/en\/what-to-do\/ideje-za-boravak\/five-bike-trails-for-all-age-groups\/","og_locale":"en_US","og_type":"article","og_title":"Five bike trails for all age groups - Turisti\u010dka zajednica op\u0107ine Vi\u0161kovo","og_description":"Five marked cycling trails take you through Vi\u0161kovo and its surroundings, an area of great natural beauty where the modern way of life is intertwined with tradition. Our cycling trails are ideal for anyone looking for outdoor adventure and wanting to explore the hidden corners of Vi\u0161kovo. Vi\u0161kovo Trail The Vi\u0161kovo Trail is ideal for [&hellip;]","og_url":"https:\/\/visitviskovo.hr\/en\/what-to-do\/ideje-za-boravak\/five-bike-trails-for-all-age-groups\/","og_site_name":"Turisti\u010dka zajednica op\u0107ine Vi\u0161kovo","article_publisher":"https:\/\/web.facebook.com\/VisitViskovo","article_modified_time":"2024-04-08T13:04:30+00:00","og_image":[{"width":1920,"height":1280,"url":"https:\/\/visitviskovo.hr\/wp-content\/uploads\/2024\/04\/Bike-2.jpg","type":"image\/jpeg"}],"twitter_card":"summary_large_image","twitter_misc":{"Est. reading time":"5 minutes"},"schema":{"@context":"https:\/\/schema.org","@graph":[{"@type":"WebPage","@id":"https:\/\/visitviskovo.hr\/en\/what-to-do\/ideje-za-boravak\/five-bike-trails-for-all-age-groups\/","url":"https:\/\/visitviskovo.hr\/en\/what-to-do\/ideje-za-boravak\/five-bike-trails-for-all-age-groups\/","name":"Five bike trails for all age groups - Turisti\u010dka zajednica op\u0107ine Vi\u0161kovo","isPartOf":{"@id":"https:\/\/visitviskovo.hr\/it\/#website"},"primaryImageOfPage":{"@id":"https:\/\/visitviskovo.hr\/en\/what-to-do\/ideje-za-boravak\/five-bike-trails-for-all-age-groups\/#primaryimage"},"image":{"@id":"https:\/\/visitviskovo.hr\/en\/what-to-do\/ideje-za-boravak\/five-bike-trails-for-all-age-groups\/#primaryimage"},"thumbnailUrl":"https:\/\/visitviskovo.hr\/wp-content\/uploads\/2024\/04\/Bike-2.jpg","datePublished":"2024-04-08T13:04:28+00:00","dateModified":"2024-04-08T13:04:30+00:00","breadcrumb":{"@id":"https:\/\/visitviskovo.hr\/en\/what-to-do\/ideje-za-boravak\/five-bike-trails-for-all-age-groups\/#breadcrumb"},"inLanguage":"en-US","potentialAction":[{"@type":"ReadAction","target":["https:\/\/visitviskovo.hr\/en\/what-to-do\/ideje-za-boravak\/five-bike-trails-for-all-age-groups\/"]}]},{"@type":"ImageObject","inLanguage":"en-US","@id":"https:\/\/visitviskovo.hr\/en\/what-to-do\/ideje-za-boravak\/five-bike-trails-for-all-age-groups\/#primaryimage","url":"https:\/\/visitviskovo.hr\/wp-content\/uploads\/2024\/04\/Bike-2.jpg","contentUrl":"https:\/\/visitviskovo.hr\/wp-content\/uploads\/2024\/04\/Bike-2.jpg","width":1920,"height":1280},{"@type":"BreadcrumbList","@id":"https:\/\/visitviskovo.hr\/en\/what-to-do\/ideje-za-boravak\/five-bike-trails-for-all-age-groups\/#breadcrumb","itemListElement":[{"@type":"ListItem","position":1,"name":"Home","item":"https:\/\/visitviskovo.hr\/en\/"},{"@type":"ListItem","position":2,"name":"What to do","item":"https:\/\/visitviskovo.hr\/en\/what-to-do\/"},{"@type":"ListItem","position":3,"name":"Customize your stay","item":"https:\/\/visitviskovo.hr\/en\/what-to-do\/ideje-za-boravak\/"},{"@type":"ListItem","position":4,"name":"Five bike trails for all age groups"}]},{"@type":"WebSite","@id":"https:\/\/visitviskovo.hr\/it\/#website","url":"https:\/\/visitviskovo.hr\/it\/","name":"Turisti\u010dka zajednica op\u0107ine Vi\u0161kovo","description":"","potentialAction":[{"@type":"SearchAction","target":{"@type":"EntryPoint","urlTemplate":"https:\/\/visitviskovo.hr\/it\/?s={search_term_string}"},"query-input":"required name=search_term_string"}],"inLanguage":"en-US"}]}},"_links":{"self":[{"href":"https:\/\/visitviskovo.hr\/en\/wp-json\/wp\/v2\/pages\/20948"}],"collection":[{"href":"https:\/\/visitviskovo.hr\/en\/wp-json\/wp\/v2\/pages"}],"about":[{"href":"https:\/\/visitviskovo.hr\/en\/wp-json\/wp\/v2\/types\/page"}],"author":[{"embeddable":true,"href":"https:\/\/visitviskovo.hr\/en\/wp-json\/wp\/v2\/users\/4"}],"replies":[{"embeddable":true,"href":"https:\/\/visitviskovo.hr\/en\/wp-json\/wp\/v2\/comments?post=20948"}],"version-history":[{"count":1,"href":"https:\/\/visitviskovo.hr\/en\/wp-json\/wp\/v2\/pages\/20948\/revisions"}],"predecessor-version":[{"id":20949,"href":"https:\/\/visitviskovo.hr\/en\/wp-json\/wp\/v2\/pages\/20948\/revisions\/20949"}],"up":[{"embeddable":true,"href":"https:\/\/visitviskovo.hr\/en\/wp-json\/wp\/v2\/pages\/8140"}],"wp:featuredmedia":[{"embeddable":true,"href":"https:\/\/visitviskovo.hr\/en\/wp-json\/wp\/v2\/media\/20936"}],"wp:attachment":[{"href":"https:\/\/visitviskovo.hr\/en\/wp-json\/wp\/v2\/media?parent=20948"}],"curies":[{"name":"wp","href":"https:\/\/api.w.org\/{rel}","templated":true}]}}