{"id":20954,"date":"2024-04-09T06:48:16","date_gmt":"2024-04-09T06:48:16","guid":{"rendered":"https:\/\/visitviskovo.hr\/?page_id=20954"},"modified":"2024-04-09T06:48:18","modified_gmt":"2024-04-09T06:48:18","slug":"four-oases-of-peace-and-quiet","status":"publish","type":"page","link":"https:\/\/visitviskovo.hr\/en\/what-to-do\/ideje-za-boravak\/four-oases-of-peace-and-quiet\/","title":{"rendered":"Four oases of peace and quiet"},"content":{"rendered":"\n<p>Our walking and hiking paths are small oases of peace and quiet with a different appearance in every season. This gentle landscape invites you to explore the surroundings of Vi\u0161kovo in a different way.The ancient paths of the area are surrounded by centuries-old dry-stone walls. When taking a walk from one village to another, you&#8221;ll come across green groves and deep dolines. This attractive landscape lies just a few steps from the main roads and invites you to take a stroll or ride a bike among the terraced gardens overgrown with indigenous trees, where birds such as tits, blackbirds and jays make their nests while hawks circle above them. Walking on the long or short trails or up the gentle or slightly steeper ascents, the careful observer might spot a deer, fox or marten, or hear the song of a nightingale in the distance! The dry stone walls, known locally as groma\u010da are particularly interesting. They stretch along the paths, support the old terraced gardens, and surround the small kali\u0107i ponds that were once used for watering animals.<\/p>\n\n\n\n<h2 class=\"wp-block-heading\">The Milohni walking trail<\/h2>\n\n\n\n<p>The Milohni walking trail invites you to take a walk in an interesting area with a peaceful and quiet atmosphere. Walking through the forest in the direction of the charming town of Kastav or towards the typical karst landscape of Kapitovac Pond, you&#8217;ll find yourself surrounded by an oasis of peace and quiet.&nbsp;<\/p>\n\n\n\n<p>This circular hiking trail, which passes numerous karst gardens and dolines, requires an hour of easy walking and is ideal for an afternoon walk. From the village of Milohni, the trail leads through a forest in the direction of Kastav. After a resting spot, turning left gives you two options. The right path leads to \u0160porova Jama and the town of Kastav, and the one on the left to Bezjaki and some beautiful views of Kvaner. The latter also offers two possibilities. An easier ascent leads to the crossroads \u2013 back to Milohni to the left, or further on in the same direction to Bezjaki. From Bezjaki, the route also leads to Srdo\u010di and Zamet.The Milohni walking trail also leads to Kapitovac pond, located in a deep sinkhole next to the village of Milohni. The access path bordered by dry stone walls leads to a deep sinkhole, and a steep trail goes down to a walled pond overgrown with deciduous trees. By choosing any of these directions, you will get to explore some lesser-known parts of the Kastav area.<\/p>\n\n\n\n<h2 class=\"wp-block-heading\">The Puti\u0107 od mi\u0107e i vele sopele trail<\/h2>\n\n\n\n<p>The Puti\u0107 od mi\u0107e i vele sopele trail evokes ancient melodies that have been preserved thanks to the efforts of Ivan Mateti\u0107 Ronjgov, a musicologist whose birth house is located in the immediate vicinity. He once walked on this trail, listened to the songs of the local people as they worked in the fields, and transcribed what he heard into notes.\u00a0Part of the trail takes you to a small resting spot shaped by dry stone walls, a typical architectural element locally known as\u00a0groma\u010da. After about 350 m, you will reach a vantage point offering a view of unspoilt nature and the historical town of Kastav. In every season, the barren karst soil welcomes you into a wooded area overgrown mostly with hornbeams, oaks and low vegetation.<\/p>\n\n\n\n<h2 class=\"wp-block-heading\">The Ple\u0161ivac walking trail<\/h2>\n\n\n\n<p>The Ple\u0161ivac walking trail is suitable for all ages. Its gentle ascents are ideal for recreation and enjoying forest landscapes. This 8.6 km trail connects the villages of Mar\u010delji and Tiblja\u0161i, and its highest peak, Ple\u0161ivac (ple\u0161iv&nbsp;means hairless), lies at an altitude of 429 m.&nbsp; This walking trail is connected to a cycling trail that leads to Ronjgi and the birth house of Ivan Mateti\u0107 Ronjgov, which today serves as a cultural institution and memorial house.<\/p>\n\n\n\n<p>Starting from the Old School Mar\u010delji towards the village of Bi\u0161kupi and a resting spot area, the paths begin to fork. The branches lead to Mladeni\u0107i, Petrci and Tiblja\u0161i. One branch leads to Kablari at Drenova. From Tiblja\u0161i, you can join the Rijeka trail Drenova-Pehlin and head towards Rijeka.<\/p>\n\n\n\n<h2 class=\"wp-block-heading\">Lon\u010deva gri\u017ea walking trail<\/h2>\n\n\n\n<p>This 15 km walking trail is more demanding and offers wonderful views of Kvarner Bay, the mountains of Gorski Kotar, and the Kastav and Grobnik areas, especially from the limestone cliffs at the peak of Lon\u010deva Gri\u017ea, 506 m above sea level (gri\u017ea\u00a0means a pile of rocks). This vantage point also features interpretation boards in Chakavian, Croatian and English languages with information on the former quarry at Lon\u010deva Gri\u017ea, where boulders were extracted in the past. A smaller quarry located above the village of Skva\u017ei\u0107i was used for the needs of the village and its surrounding areas. An exhibition of old stone carving and cutting tools on the rock of the old quarry provides information on the customs of the Halubje area.<\/p>\n","protected":false},"excerpt":{"rendered":"<p>Our walking and hiking paths are small oases of peace and quiet with a different appearance in every season. This gentle landscape invites you to explore the surroundings of Vi\u0161kovo in a different way.The ancient paths of the area are surrounded by centuries-old dry-stone walls. When taking a walk from one village to another, you&#8221;ll [&hellip;]<\/p>\n","protected":false},"author":4,"featured_media":19994,"parent":8140,"menu_order":0,"comment_status":"closed","ping_status":"closed","template":"","meta":{"_acf_changed":false,"footnotes":""},"acf":[],"yoast_head":"<!-- This site is optimized with the Yoast SEO plugin v22.7 - https:\/\/yoast.com\/wordpress\/plugins\/seo\/ -->\n<title>Four oases of peace and quiet - Turisti\u010dka zajednica op\u0107ine Vi\u0161kovo<\/title>\n<meta name=\"robots\" content=\"index, follow, max-snippet:-1, max-image-preview:large, max-video-preview:-1\" \/>\n<link rel=\"canonical\" href=\"https:\/\/visitviskovo.hr\/en\/what-to-do\/ideje-za-boravak\/four-oases-of-peace-and-quiet\/\" \/>\n<meta property=\"og:locale\" content=\"en_US\" \/>\n<meta property=\"og:type\" content=\"article\" \/>\n<meta property=\"og:title\" content=\"Four oases of peace and quiet - Turisti\u010dka zajednica op\u0107ine Vi\u0161kovo\" \/>\n<meta property=\"og:description\" content=\"Our walking and hiking paths are small oases of peace and quiet with a different appearance in every season. This gentle landscape invites you to explore the surroundings of Vi\u0161kovo in a different way.The ancient paths of the area are surrounded by centuries-old dry-stone walls. When taking a walk from one village to another, you&#8221;ll [&hellip;]\" \/>\n<meta property=\"og:url\" content=\"https:\/\/visitviskovo.hr\/en\/what-to-do\/ideje-za-boravak\/four-oases-of-peace-and-quiet\/\" \/>\n<meta property=\"og:site_name\" content=\"Turisti\u010dka zajednica op\u0107ine Vi\u0161kovo\" \/>\n<meta property=\"article:publisher\" content=\"https:\/\/web.facebook.com\/VisitViskovo\" \/>\n<meta property=\"article:modified_time\" content=\"2024-04-09T06:48:18+00:00\" \/>\n<meta property=\"og:image\" content=\"https:\/\/visitviskovo.hr\/wp-content\/uploads\/2022\/09\/45-1-scaled.jpg\" \/>\n\t<meta property=\"og:image:width\" content=\"2560\" \/>\n\t<meta property=\"og:image:height\" content=\"1707\" \/>\n\t<meta property=\"og:image:type\" content=\"image\/jpeg\" \/>\n<meta name=\"twitter:card\" content=\"summary_large_image\" \/>\n<meta name=\"twitter:label1\" content=\"Est. reading time\" \/>\n\t<meta name=\"twitter:data1\" content=\"5 minutes\" \/>\n<script type=\"application\/ld+json\" class=\"yoast-schema-graph\">{\"@context\":\"https:\/\/schema.org\",\"@graph\":[{\"@type\":\"WebPage\",\"@id\":\"https:\/\/visitviskovo.hr\/en\/what-to-do\/ideje-za-boravak\/four-oases-of-peace-and-quiet\/\",\"url\":\"https:\/\/visitviskovo.hr\/en\/what-to-do\/ideje-za-boravak\/four-oases-of-peace-and-quiet\/\",\"name\":\"Four oases of peace and quiet - Turisti\u010dka zajednica op\u0107ine Vi\u0161kovo\",\"isPartOf\":{\"@id\":\"https:\/\/visitviskovo.hr\/it\/#website\"},\"primaryImageOfPage\":{\"@id\":\"https:\/\/visitviskovo.hr\/en\/what-to-do\/ideje-za-boravak\/four-oases-of-peace-and-quiet\/#primaryimage\"},\"image\":{\"@id\":\"https:\/\/visitviskovo.hr\/en\/what-to-do\/ideje-za-boravak\/four-oases-of-peace-and-quiet\/#primaryimage\"},\"thumbnailUrl\":\"https:\/\/visitviskovo.hr\/wp-content\/uploads\/2022\/09\/45-1-scaled.jpg\",\"datePublished\":\"2024-04-09T06:48:16+00:00\",\"dateModified\":\"2024-04-09T06:48:18+00:00\",\"breadcrumb\":{\"@id\":\"https:\/\/visitviskovo.hr\/en\/what-to-do\/ideje-za-boravak\/four-oases-of-peace-and-quiet\/#breadcrumb\"},\"inLanguage\":\"en-US\",\"potentialAction\":[{\"@type\":\"ReadAction\",\"target\":[\"https:\/\/visitviskovo.hr\/en\/what-to-do\/ideje-za-boravak\/four-oases-of-peace-and-quiet\/\"]}]},{\"@type\":\"ImageObject\",\"inLanguage\":\"en-US\",\"@id\":\"https:\/\/visitviskovo.hr\/en\/what-to-do\/ideje-za-boravak\/four-oases-of-peace-and-quiet\/#primaryimage\",\"url\":\"https:\/\/visitviskovo.hr\/wp-content\/uploads\/2022\/09\/45-1-scaled.jpg\",\"contentUrl\":\"https:\/\/visitviskovo.hr\/wp-content\/uploads\/2022\/09\/45-1-scaled.jpg\",\"width\":2560,\"height\":1707},{\"@type\":\"BreadcrumbList\",\"@id\":\"https:\/\/visitviskovo.hr\/en\/what-to-do\/ideje-za-boravak\/four-oases-of-peace-and-quiet\/#breadcrumb\",\"itemListElement\":[{\"@type\":\"ListItem\",\"position\":1,\"name\":\"Home\",\"item\":\"https:\/\/visitviskovo.hr\/en\/\"},{\"@type\":\"ListItem\",\"position\":2,\"name\":\"What to do\",\"item\":\"https:\/\/visitviskovo.hr\/en\/what-to-do\/\"},{\"@type\":\"ListItem\",\"position\":3,\"name\":\"Customize your stay\",\"item\":\"https:\/\/visitviskovo.hr\/en\/what-to-do\/ideje-za-boravak\/\"},{\"@type\":\"ListItem\",\"position\":4,\"name\":\"Four oases of peace and quiet\"}]},{\"@type\":\"WebSite\",\"@id\":\"https:\/\/visitviskovo.hr\/it\/#website\",\"url\":\"https:\/\/visitviskovo.hr\/it\/\",\"name\":\"Turisti\u010dka zajednica op\u0107ine Vi\u0161kovo\",\"description\":\"\",\"potentialAction\":[{\"@type\":\"SearchAction\",\"target\":{\"@type\":\"EntryPoint\",\"urlTemplate\":\"https:\/\/visitviskovo.hr\/it\/?s={search_term_string}\"},\"query-input\":\"required name=search_term_string\"}],\"inLanguage\":\"en-US\"}]}<\/script>\n<!-- \/ Yoast SEO plugin. -->","yoast_head_json":{"title":"Four oases of peace and quiet - Turisti\u010dka zajednica op\u0107ine Vi\u0161kovo","robots":{"index":"index","follow":"follow","max-snippet":"max-snippet:-1","max-image-preview":"max-image-preview:large","max-video-preview":"max-video-preview:-1"},"canonical":"https:\/\/visitviskovo.hr\/en\/what-to-do\/ideje-za-boravak\/four-oases-of-peace-and-quiet\/","og_locale":"en_US","og_type":"article","og_title":"Four oases of peace and quiet - Turisti\u010dka zajednica op\u0107ine Vi\u0161kovo","og_description":"Our walking and hiking paths are small oases of peace and quiet with a different appearance in every season. This gentle landscape invites you to explore the surroundings of Vi\u0161kovo in a different way.The ancient paths of the area are surrounded by centuries-old dry-stone walls. When taking a walk from one village to another, you&#8221;ll [&hellip;]","og_url":"https:\/\/visitviskovo.hr\/en\/what-to-do\/ideje-za-boravak\/four-oases-of-peace-and-quiet\/","og_site_name":"Turisti\u010dka zajednica op\u0107ine Vi\u0161kovo","article_publisher":"https:\/\/web.facebook.com\/VisitViskovo","article_modified_time":"2024-04-09T06:48:18+00:00","og_image":[{"width":2560,"height":1707,"url":"https:\/\/visitviskovo.hr\/wp-content\/uploads\/2022\/09\/45-1-scaled.jpg","type":"image\/jpeg"}],"twitter_card":"summary_large_image","twitter_misc":{"Est. reading time":"5 minutes"},"schema":{"@context":"https:\/\/schema.org","@graph":[{"@type":"WebPage","@id":"https:\/\/visitviskovo.hr\/en\/what-to-do\/ideje-za-boravak\/four-oases-of-peace-and-quiet\/","url":"https:\/\/visitviskovo.hr\/en\/what-to-do\/ideje-za-boravak\/four-oases-of-peace-and-quiet\/","name":"Four oases of peace and quiet - Turisti\u010dka zajednica op\u0107ine Vi\u0161kovo","isPartOf":{"@id":"https:\/\/visitviskovo.hr\/it\/#website"},"primaryImageOfPage":{"@id":"https:\/\/visitviskovo.hr\/en\/what-to-do\/ideje-za-boravak\/four-oases-of-peace-and-quiet\/#primaryimage"},"image":{"@id":"https:\/\/visitviskovo.hr\/en\/what-to-do\/ideje-za-boravak\/four-oases-of-peace-and-quiet\/#primaryimage"},"thumbnailUrl":"https:\/\/visitviskovo.hr\/wp-content\/uploads\/2022\/09\/45-1-scaled.jpg","datePublished":"2024-04-09T06:48:16+00:00","dateModified":"2024-04-09T06:48:18+00:00","breadcrumb":{"@id":"https:\/\/visitviskovo.hr\/en\/what-to-do\/ideje-za-boravak\/four-oases-of-peace-and-quiet\/#breadcrumb"},"inLanguage":"en-US","potentialAction":[{"@type":"ReadAction","target":["https:\/\/visitviskovo.hr\/en\/what-to-do\/ideje-za-boravak\/four-oases-of-peace-and-quiet\/"]}]},{"@type":"ImageObject","inLanguage":"en-US","@id":"https:\/\/visitviskovo.hr\/en\/what-to-do\/ideje-za-boravak\/four-oases-of-peace-and-quiet\/#primaryimage","url":"https:\/\/visitviskovo.hr\/wp-content\/uploads\/2022\/09\/45-1-scaled.jpg","contentUrl":"https:\/\/visitviskovo.hr\/wp-content\/uploads\/2022\/09\/45-1-scaled.jpg","width":2560,"height":1707},{"@type":"BreadcrumbList","@id":"https:\/\/visitviskovo.hr\/en\/what-to-do\/ideje-za-boravak\/four-oases-of-peace-and-quiet\/#breadcrumb","itemListElement":[{"@type":"ListItem","position":1,"name":"Home","item":"https:\/\/visitviskovo.hr\/en\/"},{"@type":"ListItem","position":2,"name":"What to do","item":"https:\/\/visitviskovo.hr\/en\/what-to-do\/"},{"@type":"ListItem","position":3,"name":"Customize your stay","item":"https:\/\/visitviskovo.hr\/en\/what-to-do\/ideje-za-boravak\/"},{"@type":"ListItem","position":4,"name":"Four oases of peace and quiet"}]},{"@type":"WebSite","@id":"https:\/\/visitviskovo.hr\/it\/#website","url":"https:\/\/visitviskovo.hr\/it\/","name":"Turisti\u010dka zajednica op\u0107ine Vi\u0161kovo","description":"","potentialAction":[{"@type":"SearchAction","target":{"@type":"EntryPoint","urlTemplate":"https:\/\/visitviskovo.hr\/it\/?s={search_term_string}"},"query-input":"required name=search_term_string"}],"inLanguage":"en-US"}]}},"_links":{"self":[{"href":"https:\/\/visitviskovo.hr\/en\/wp-json\/wp\/v2\/pages\/20954"}],"collection":[{"href":"https:\/\/visitviskovo.hr\/en\/wp-json\/wp\/v2\/pages"}],"about":[{"href":"https:\/\/visitviskovo.hr\/en\/wp-json\/wp\/v2\/types\/page"}],"author":[{"embeddable":true,"href":"https:\/\/visitviskovo.hr\/en\/wp-json\/wp\/v2\/users\/4"}],"replies":[{"embeddable":true,"href":"https:\/\/visitviskovo.hr\/en\/wp-json\/wp\/v2\/comments?post=20954"}],"version-history":[{"count":1,"href":"https:\/\/visitviskovo.hr\/en\/wp-json\/wp\/v2\/pages\/20954\/revisions"}],"predecessor-version":[{"id":20955,"href":"https:\/\/visitviskovo.hr\/en\/wp-json\/wp\/v2\/pages\/20954\/revisions\/20955"}],"up":[{"embeddable":true,"href":"https:\/\/visitviskovo.hr\/en\/wp-json\/wp\/v2\/pages\/8140"}],"wp:featuredmedia":[{"embeddable":true,"href":"https:\/\/visitviskovo.hr\/en\/wp-json\/wp\/v2\/media\/19994"}],"wp:attachment":[{"href":"https:\/\/visitviskovo.hr\/en\/wp-json\/wp\/v2\/media?parent=20954"}],"curies":[{"name":"wp","href":"https:\/\/api.w.org\/{rel}","templated":true}]}}