{"id":21698,"date":"2024-07-04T10:33:24","date_gmt":"2024-07-04T10:33:24","guid":{"rendered":"https:\/\/visitviskovo.hr\/?page_id=21698"},"modified":"2024-07-04T10:41:50","modified_gmt":"2024-07-04T10:41:50","slug":"house-of-the-halubje-bell-ringers","status":"publish","type":"page","link":"https:\/\/visitviskovo.hr\/en\/what-to-do\/house-of-the-halubje-bell-ringers\/","title":{"rendered":"House of the Halubje Bell Ringers"},"content":{"rendered":"\n<p>This year, there&#8217;s a new must-visit spot during your stay in Kvarner. In Vi\u0161kovo, a place above Opatija and Rijeka, right next to Kastav, the House of the Halubje&nbsp; bell ringers has opened \u2014 a unique venue where you can explore the rich intangible cultural heritage of this region, enjoy various programs, purchase original and authentic souvenirs, and soon indulge in local delicacies and select dishes for which our region is widely known.<\/p>\n\n\n\n<p>In the House of the Halubje bell ringers, you can enjoy a permanent exhibition dedicated to the annual bell ringers procession, a tradition that UNESCO has included in the Representative List of the Intangible Cultural Heritage of Humanity. The opening of this establishment has confirmed Vi\u0161kovo&#8217;s renown as Croatia&#8217;s capital of UNESCO&#8217;s intangible cultural heritage, as there are as many as four intangible heritages in this area listed on that prestigious list.<\/p>\n\n\n\n<p>But who are the <a href=\"https:\/\/visitviskovo.hr\/en\/what-to-do\/halubajski-zvoncari-bell-ringers\/\">Halubaj bell ringers<\/a>? Why are they special and why must you see them?<\/p>\n\n\n\n<p>They chase away winter and summon spring! They are brave! They are strong! They are representatives of our long history, our rich community of the present, and our future. The Halubje bell ringers are a widely known cultural phenomenon with roots reaching back to ancient times.<\/p>\n\n\n\n<p>The House of the Halubje bell ringers attractively presents this ancient tradition, interpreting the past and still living mythology. The exhibition is educational, interactive, and fun, suitable for both children and adults. It features original, old items related to the bellmen and the traditional life of the local population, as well as modern multimedia content that will particularly delight children and those who feel young at heart.<\/p>\n\n\n\n<p>Visit us, explore our history, meet the bellmen, enjoy the ambiance and local delicacies, and discover Vi\u0161kovo and Kvarner.<\/p>\n\n\n\n<p>The House of the Halubje bell ringers is open to visitors on Tuesdays, Wednesdays, and Thursdays from 10 AM to 4 PM, Fridays and Saturdays from 10 AM to 8 PM, and Sundays from 10 AM to 2 PM.<\/p>\n\n\n\n<p>For all other information, including details on opening hours and programs, visit <a href=\"https:\/\/khz.hr\/\">www.KHZ.hr<\/a>.<\/p>\n\n\n\n<p>Visit The House of the Halubje bell ringers this summer and be the first among your colleagues and friends to bring back attractive photos from the exhibition or fun programs.<\/p>\n","protected":false},"excerpt":{"rendered":"<p>This year, there&#8217;s a new must-visit spot during your stay in Kvarner. In Vi\u0161kovo, a place above Opatija and Rijeka, right next to Kastav, the House of the Halubje&nbsp; bell ringers has opened \u2014 a unique venue where you can explore the rich intangible cultural heritage of this region, enjoy various programs, purchase original and [&hellip;]<\/p>\n","protected":false},"author":4,"featured_media":21627,"parent":3922,"menu_order":0,"comment_status":"closed","ping_status":"closed","template":"","meta":{"_acf_changed":false,"footnotes":""},"acf":[],"yoast_head":"<!-- This site is optimized with the Yoast SEO plugin v22.7 - https:\/\/yoast.com\/wordpress\/plugins\/seo\/ -->\n<title>House of the Halubje Bell Ringers - Turisti\u010dka zajednica op\u0107ine Vi\u0161kovo<\/title>\n<meta name=\"robots\" content=\"index, follow, max-snippet:-1, max-image-preview:large, max-video-preview:-1\" \/>\n<link rel=\"canonical\" href=\"https:\/\/visitviskovo.hr\/en\/what-to-do\/house-of-the-halubje-bell-ringers\/\" \/>\n<meta property=\"og:locale\" content=\"en_US\" \/>\n<meta property=\"og:type\" content=\"article\" \/>\n<meta property=\"og:title\" content=\"House of the Halubje Bell Ringers - Turisti\u010dka zajednica op\u0107ine Vi\u0161kovo\" \/>\n<meta property=\"og:description\" content=\"This year, there&#8217;s a new must-visit spot during your stay in Kvarner. In Vi\u0161kovo, a place above Opatija and Rijeka, right next to Kastav, the House of the Halubje&nbsp; bell ringers has opened \u2014 a unique venue where you can explore the rich intangible cultural heritage of this region, enjoy various programs, purchase original and [&hellip;]\" \/>\n<meta property=\"og:url\" content=\"https:\/\/visitviskovo.hr\/en\/what-to-do\/house-of-the-halubje-bell-ringers\/\" \/>\n<meta property=\"og:site_name\" content=\"Turisti\u010dka zajednica op\u0107ine Vi\u0161kovo\" \/>\n<meta property=\"article:publisher\" content=\"https:\/\/web.facebook.com\/VisitViskovo\" \/>\n<meta property=\"article:modified_time\" content=\"2024-07-04T10:41:50+00:00\" \/>\n<meta property=\"og:image\" content=\"https:\/\/visitviskovo.hr\/wp-content\/uploads\/2024\/06\/KHZ-2.jpg\" \/>\n\t<meta property=\"og:image:width\" content=\"1920\" \/>\n\t<meta property=\"og:image:height\" content=\"1281\" \/>\n\t<meta property=\"og:image:type\" content=\"image\/jpeg\" \/>\n<meta name=\"twitter:card\" content=\"summary_large_image\" \/>\n<meta name=\"twitter:label1\" content=\"Est. reading time\" \/>\n\t<meta name=\"twitter:data1\" content=\"3 minutes\" \/>\n<script type=\"application\/ld+json\" class=\"yoast-schema-graph\">{\"@context\":\"https:\/\/schema.org\",\"@graph\":[{\"@type\":\"WebPage\",\"@id\":\"https:\/\/visitviskovo.hr\/en\/what-to-do\/house-of-the-halubje-bell-ringers\/\",\"url\":\"https:\/\/visitviskovo.hr\/en\/what-to-do\/house-of-the-halubje-bell-ringers\/\",\"name\":\"House of the Halubje Bell Ringers - Turisti\u010dka zajednica op\u0107ine Vi\u0161kovo\",\"isPartOf\":{\"@id\":\"https:\/\/visitviskovo.hr\/it\/#website\"},\"primaryImageOfPage\":{\"@id\":\"https:\/\/visitviskovo.hr\/en\/what-to-do\/house-of-the-halubje-bell-ringers\/#primaryimage\"},\"image\":{\"@id\":\"https:\/\/visitviskovo.hr\/en\/what-to-do\/house-of-the-halubje-bell-ringers\/#primaryimage\"},\"thumbnailUrl\":\"https:\/\/visitviskovo.hr\/wp-content\/uploads\/2024\/06\/KHZ-2.jpg\",\"datePublished\":\"2024-07-04T10:33:24+00:00\",\"dateModified\":\"2024-07-04T10:41:50+00:00\",\"breadcrumb\":{\"@id\":\"https:\/\/visitviskovo.hr\/en\/what-to-do\/house-of-the-halubje-bell-ringers\/#breadcrumb\"},\"inLanguage\":\"en-US\",\"potentialAction\":[{\"@type\":\"ReadAction\",\"target\":[\"https:\/\/visitviskovo.hr\/en\/what-to-do\/house-of-the-halubje-bell-ringers\/\"]}]},{\"@type\":\"ImageObject\",\"inLanguage\":\"en-US\",\"@id\":\"https:\/\/visitviskovo.hr\/en\/what-to-do\/house-of-the-halubje-bell-ringers\/#primaryimage\",\"url\":\"https:\/\/visitviskovo.hr\/wp-content\/uploads\/2024\/06\/KHZ-2.jpg\",\"contentUrl\":\"https:\/\/visitviskovo.hr\/wp-content\/uploads\/2024\/06\/KHZ-2.jpg\",\"width\":1920,\"height\":1281},{\"@type\":\"BreadcrumbList\",\"@id\":\"https:\/\/visitviskovo.hr\/en\/what-to-do\/house-of-the-halubje-bell-ringers\/#breadcrumb\",\"itemListElement\":[{\"@type\":\"ListItem\",\"position\":1,\"name\":\"Home\",\"item\":\"https:\/\/visitviskovo.hr\/en\/\"},{\"@type\":\"ListItem\",\"position\":2,\"name\":\"What to do\",\"item\":\"https:\/\/visitviskovo.hr\/en\/what-to-do\/\"},{\"@type\":\"ListItem\",\"position\":3,\"name\":\"House of the Halubje Bell Ringers\"}]},{\"@type\":\"WebSite\",\"@id\":\"https:\/\/visitviskovo.hr\/it\/#website\",\"url\":\"https:\/\/visitviskovo.hr\/it\/\",\"name\":\"Turisti\u010dka zajednica op\u0107ine Vi\u0161kovo\",\"description\":\"\",\"potentialAction\":[{\"@type\":\"SearchAction\",\"target\":{\"@type\":\"EntryPoint\",\"urlTemplate\":\"https:\/\/visitviskovo.hr\/it\/?s={search_term_string}\"},\"query-input\":\"required name=search_term_string\"}],\"inLanguage\":\"en-US\"}]}<\/script>\n<!-- \/ Yoast SEO plugin. -->","yoast_head_json":{"title":"House of the Halubje Bell Ringers - Turisti\u010dka zajednica op\u0107ine Vi\u0161kovo","robots":{"index":"index","follow":"follow","max-snippet":"max-snippet:-1","max-image-preview":"max-image-preview:large","max-video-preview":"max-video-preview:-1"},"canonical":"https:\/\/visitviskovo.hr\/en\/what-to-do\/house-of-the-halubje-bell-ringers\/","og_locale":"en_US","og_type":"article","og_title":"House of the Halubje Bell Ringers - Turisti\u010dka zajednica op\u0107ine Vi\u0161kovo","og_description":"This year, there&#8217;s a new must-visit spot during your stay in Kvarner. In Vi\u0161kovo, a place above Opatija and Rijeka, right next to Kastav, the House of the Halubje&nbsp; bell ringers has opened \u2014 a unique venue where you can explore the rich intangible cultural heritage of this region, enjoy various programs, purchase original and [&hellip;]","og_url":"https:\/\/visitviskovo.hr\/en\/what-to-do\/house-of-the-halubje-bell-ringers\/","og_site_name":"Turisti\u010dka zajednica op\u0107ine Vi\u0161kovo","article_publisher":"https:\/\/web.facebook.com\/VisitViskovo","article_modified_time":"2024-07-04T10:41:50+00:00","og_image":[{"width":1920,"height":1281,"url":"https:\/\/visitviskovo.hr\/wp-content\/uploads\/2024\/06\/KHZ-2.jpg","type":"image\/jpeg"}],"twitter_card":"summary_large_image","twitter_misc":{"Est. reading time":"3 minutes"},"schema":{"@context":"https:\/\/schema.org","@graph":[{"@type":"WebPage","@id":"https:\/\/visitviskovo.hr\/en\/what-to-do\/house-of-the-halubje-bell-ringers\/","url":"https:\/\/visitviskovo.hr\/en\/what-to-do\/house-of-the-halubje-bell-ringers\/","name":"House of the Halubje Bell Ringers - Turisti\u010dka zajednica op\u0107ine Vi\u0161kovo","isPartOf":{"@id":"https:\/\/visitviskovo.hr\/it\/#website"},"primaryImageOfPage":{"@id":"https:\/\/visitviskovo.hr\/en\/what-to-do\/house-of-the-halubje-bell-ringers\/#primaryimage"},"image":{"@id":"https:\/\/visitviskovo.hr\/en\/what-to-do\/house-of-the-halubje-bell-ringers\/#primaryimage"},"thumbnailUrl":"https:\/\/visitviskovo.hr\/wp-content\/uploads\/2024\/06\/KHZ-2.jpg","datePublished":"2024-07-04T10:33:24+00:00","dateModified":"2024-07-04T10:41:50+00:00","breadcrumb":{"@id":"https:\/\/visitviskovo.hr\/en\/what-to-do\/house-of-the-halubje-bell-ringers\/#breadcrumb"},"inLanguage":"en-US","potentialAction":[{"@type":"ReadAction","target":["https:\/\/visitviskovo.hr\/en\/what-to-do\/house-of-the-halubje-bell-ringers\/"]}]},{"@type":"ImageObject","inLanguage":"en-US","@id":"https:\/\/visitviskovo.hr\/en\/what-to-do\/house-of-the-halubje-bell-ringers\/#primaryimage","url":"https:\/\/visitviskovo.hr\/wp-content\/uploads\/2024\/06\/KHZ-2.jpg","contentUrl":"https:\/\/visitviskovo.hr\/wp-content\/uploads\/2024\/06\/KHZ-2.jpg","width":1920,"height":1281},{"@type":"BreadcrumbList","@id":"https:\/\/visitviskovo.hr\/en\/what-to-do\/house-of-the-halubje-bell-ringers\/#breadcrumb","itemListElement":[{"@type":"ListItem","position":1,"name":"Home","item":"https:\/\/visitviskovo.hr\/en\/"},{"@type":"ListItem","position":2,"name":"What to do","item":"https:\/\/visitviskovo.hr\/en\/what-to-do\/"},{"@type":"ListItem","position":3,"name":"House of the Halubje Bell Ringers"}]},{"@type":"WebSite","@id":"https:\/\/visitviskovo.hr\/it\/#website","url":"https:\/\/visitviskovo.hr\/it\/","name":"Turisti\u010dka zajednica op\u0107ine Vi\u0161kovo","description":"","potentialAction":[{"@type":"SearchAction","target":{"@type":"EntryPoint","urlTemplate":"https:\/\/visitviskovo.hr\/it\/?s={search_term_string}"},"query-input":"required name=search_term_string"}],"inLanguage":"en-US"}]}},"_links":{"self":[{"href":"https:\/\/visitviskovo.hr\/en\/wp-json\/wp\/v2\/pages\/21698"}],"collection":[{"href":"https:\/\/visitviskovo.hr\/en\/wp-json\/wp\/v2\/pages"}],"about":[{"href":"https:\/\/visitviskovo.hr\/en\/wp-json\/wp\/v2\/types\/page"}],"author":[{"embeddable":true,"href":"https:\/\/visitviskovo.hr\/en\/wp-json\/wp\/v2\/users\/4"}],"replies":[{"embeddable":true,"href":"https:\/\/visitviskovo.hr\/en\/wp-json\/wp\/v2\/comments?post=21698"}],"version-history":[{"count":2,"href":"https:\/\/visitviskovo.hr\/en\/wp-json\/wp\/v2\/pages\/21698\/revisions"}],"predecessor-version":[{"id":21704,"href":"https:\/\/visitviskovo.hr\/en\/wp-json\/wp\/v2\/pages\/21698\/revisions\/21704"}],"up":[{"embeddable":true,"href":"https:\/\/visitviskovo.hr\/en\/wp-json\/wp\/v2\/pages\/3922"}],"wp:featuredmedia":[{"embeddable":true,"href":"https:\/\/visitviskovo.hr\/en\/wp-json\/wp\/v2\/media\/21627"}],"wp:attachment":[{"href":"https:\/\/visitviskovo.hr\/en\/wp-json\/wp\/v2\/media?parent=21698"}],"curies":[{"name":"wp","href":"https:\/\/api.w.org\/{rel}","templated":true}]}}