{"id":3374,"date":"2019-08-19T11:39:55","date_gmt":"2019-08-19T11:39:55","guid":{"rendered":"https:\/\/visitviskovo.hr\/?page_id=3374"},"modified":"2024-04-18T11:18:55","modified_gmt":"2024-04-18T11:18:55","slug":"info","status":"publish","type":"page","link":"https:\/\/visitviskovo.hr\/en\/info\/","title":{"rendered":"Info"},"content":{"rendered":"\n<p>To reach Vi\u0161kovo by car is easily following the indications: If you come from the neighbouring Republic of Slovenia, border crossing Rupa, before the western entrance to Rijeka, road signs will point you to Kastav and then to Vi\u0161kovo. If arriving via Rijeka, select the exit Rijeka \u2013 zapad (Kastav) Vi\u0161kovo. Coming from Opatija, follow the signs from Matulji for Kastav and then Vi\u0161kovo.<br><br>If you \u00a0come to Croatia by bus or train, as the destination choose Rijeka, from where it is easy to reach Vi\u0161kovo by bus or taxi. Instead, if you choose to arrive in Croatia by plane, at your disposal are the airport of Rijeka (island Krk), Zagreb and Pula. All the above airports have good connections with Rijeka and \u00a0Vi\u0161kovo.<\/p>\n\n\n\n<p>To reach Vi\u0161kovo you can use suburban public transport buses &#8211; lines 11, 20, 21 and 18A. <\/p>\n\n\n\n<p>Timetable of suburban routes: <a href=\"https:\/\/www.autotrolej.hr\/en\/routes\/suburban-routes\/\">https:\/\/www.autotrolej.hr\/en\/routes\/suburban-routes\/<\/a><\/p>\n","protected":false},"excerpt":{"rendered":"<p>To reach Vi\u0161kovo by car is easily following the indications: If you come from the neighbouring Republic of Slovenia, border crossing Rupa, before the western entrance to Rijeka, road signs will point you to Kastav and then to Vi\u0161kovo. If arriving via Rijeka, select the exit Rijeka \u2013 zapad (Kastav) Vi\u0161kovo. Coming from Opatija, follow [&hellip;]<\/p>\n","protected":false},"author":1,"featured_media":0,"parent":0,"menu_order":0,"comment_status":"closed","ping_status":"closed","template":"child-pages.php","meta":{"_acf_changed":false,"footnotes":""},"acf":[],"yoast_head":"<!-- This site is optimized with the Yoast SEO plugin v22.7 - https:\/\/yoast.com\/wordpress\/plugins\/seo\/ -->\n<title>Info - Turisti\u010dka zajednica op\u0107ine Vi\u0161kovo<\/title>\n<meta name=\"robots\" content=\"index, follow, max-snippet:-1, max-image-preview:large, max-video-preview:-1\" \/>\n<link rel=\"canonical\" href=\"https:\/\/visitviskovo.hr\/en\/info\/\" \/>\n<meta property=\"og:locale\" content=\"en_US\" \/>\n<meta property=\"og:type\" content=\"article\" \/>\n<meta property=\"og:title\" content=\"Info - Turisti\u010dka zajednica op\u0107ine Vi\u0161kovo\" \/>\n<meta property=\"og:description\" content=\"To reach Vi\u0161kovo by car is easily following the indications: If you come from the neighbouring Republic of Slovenia, border crossing Rupa, before the western entrance to Rijeka, road signs will point you to Kastav and then to Vi\u0161kovo. If arriving via Rijeka, select the exit Rijeka \u2013 zapad (Kastav) Vi\u0161kovo. Coming from Opatija, follow [&hellip;]\" \/>\n<meta property=\"og:url\" content=\"https:\/\/visitviskovo.hr\/en\/info\/\" \/>\n<meta property=\"og:site_name\" content=\"Turisti\u010dka zajednica op\u0107ine Vi\u0161kovo\" \/>\n<meta property=\"article:publisher\" content=\"https:\/\/web.facebook.com\/VisitViskovo\" \/>\n<meta property=\"article:modified_time\" content=\"2024-04-18T11:18:55+00:00\" \/>\n<meta name=\"twitter:card\" content=\"summary_large_image\" \/>\n<meta name=\"twitter:label1\" content=\"Est. reading time\" \/>\n\t<meta name=\"twitter:data1\" content=\"1 minute\" \/>\n<script type=\"application\/ld+json\" class=\"yoast-schema-graph\">{\"@context\":\"https:\/\/schema.org\",\"@graph\":[{\"@type\":\"WebPage\",\"@id\":\"https:\/\/visitviskovo.hr\/en\/info\/\",\"url\":\"https:\/\/visitviskovo.hr\/en\/info\/\",\"name\":\"Info - Turisti\u010dka zajednica op\u0107ine Vi\u0161kovo\",\"isPartOf\":{\"@id\":\"https:\/\/visitviskovo.hr\/it\/#website\"},\"datePublished\":\"2019-08-19T11:39:55+00:00\",\"dateModified\":\"2024-04-18T11:18:55+00:00\",\"breadcrumb\":{\"@id\":\"https:\/\/visitviskovo.hr\/en\/info\/#breadcrumb\"},\"inLanguage\":\"en-US\",\"potentialAction\":[{\"@type\":\"ReadAction\",\"target\":[\"https:\/\/visitviskovo.hr\/en\/info\/\"]}]},{\"@type\":\"BreadcrumbList\",\"@id\":\"https:\/\/visitviskovo.hr\/en\/info\/#breadcrumb\",\"itemListElement\":[{\"@type\":\"ListItem\",\"position\":1,\"name\":\"Home\",\"item\":\"https:\/\/visitviskovo.hr\/en\/\"},{\"@type\":\"ListItem\",\"position\":2,\"name\":\"Info\"}]},{\"@type\":\"WebSite\",\"@id\":\"https:\/\/visitviskovo.hr\/it\/#website\",\"url\":\"https:\/\/visitviskovo.hr\/it\/\",\"name\":\"Turisti\u010dka zajednica op\u0107ine Vi\u0161kovo\",\"description\":\"\",\"potentialAction\":[{\"@type\":\"SearchAction\",\"target\":{\"@type\":\"EntryPoint\",\"urlTemplate\":\"https:\/\/visitviskovo.hr\/it\/?s={search_term_string}\"},\"query-input\":\"required name=search_term_string\"}],\"inLanguage\":\"en-US\"}]}<\/script>\n<!-- \/ Yoast SEO plugin. -->","yoast_head_json":{"title":"Info - Turisti\u010dka zajednica op\u0107ine Vi\u0161kovo","robots":{"index":"index","follow":"follow","max-snippet":"max-snippet:-1","max-image-preview":"max-image-preview:large","max-video-preview":"max-video-preview:-1"},"canonical":"https:\/\/visitviskovo.hr\/en\/info\/","og_locale":"en_US","og_type":"article","og_title":"Info - Turisti\u010dka zajednica op\u0107ine Vi\u0161kovo","og_description":"To reach Vi\u0161kovo by car is easily following the indications: If you come from the neighbouring Republic of Slovenia, border crossing Rupa, before the western entrance to Rijeka, road signs will point you to Kastav and then to Vi\u0161kovo. If arriving via Rijeka, select the exit Rijeka \u2013 zapad (Kastav) Vi\u0161kovo. Coming from Opatija, follow [&hellip;]","og_url":"https:\/\/visitviskovo.hr\/en\/info\/","og_site_name":"Turisti\u010dka zajednica op\u0107ine Vi\u0161kovo","article_publisher":"https:\/\/web.facebook.com\/VisitViskovo","article_modified_time":"2024-04-18T11:18:55+00:00","twitter_card":"summary_large_image","twitter_misc":{"Est. reading time":"1 minute"},"schema":{"@context":"https:\/\/schema.org","@graph":[{"@type":"WebPage","@id":"https:\/\/visitviskovo.hr\/en\/info\/","url":"https:\/\/visitviskovo.hr\/en\/info\/","name":"Info - Turisti\u010dka zajednica op\u0107ine Vi\u0161kovo","isPartOf":{"@id":"https:\/\/visitviskovo.hr\/it\/#website"},"datePublished":"2019-08-19T11:39:55+00:00","dateModified":"2024-04-18T11:18:55+00:00","breadcrumb":{"@id":"https:\/\/visitviskovo.hr\/en\/info\/#breadcrumb"},"inLanguage":"en-US","potentialAction":[{"@type":"ReadAction","target":["https:\/\/visitviskovo.hr\/en\/info\/"]}]},{"@type":"BreadcrumbList","@id":"https:\/\/visitviskovo.hr\/en\/info\/#breadcrumb","itemListElement":[{"@type":"ListItem","position":1,"name":"Home","item":"https:\/\/visitviskovo.hr\/en\/"},{"@type":"ListItem","position":2,"name":"Info"}]},{"@type":"WebSite","@id":"https:\/\/visitviskovo.hr\/it\/#website","url":"https:\/\/visitviskovo.hr\/it\/","name":"Turisti\u010dka zajednica op\u0107ine Vi\u0161kovo","description":"","potentialAction":[{"@type":"SearchAction","target":{"@type":"EntryPoint","urlTemplate":"https:\/\/visitviskovo.hr\/it\/?s={search_term_string}"},"query-input":"required name=search_term_string"}],"inLanguage":"en-US"}]}},"_links":{"self":[{"href":"https:\/\/visitviskovo.hr\/en\/wp-json\/wp\/v2\/pages\/3374"}],"collection":[{"href":"https:\/\/visitviskovo.hr\/en\/wp-json\/wp\/v2\/pages"}],"about":[{"href":"https:\/\/visitviskovo.hr\/en\/wp-json\/wp\/v2\/types\/page"}],"author":[{"embeddable":true,"href":"https:\/\/visitviskovo.hr\/en\/wp-json\/wp\/v2\/users\/1"}],"replies":[{"embeddable":true,"href":"https:\/\/visitviskovo.hr\/en\/wp-json\/wp\/v2\/comments?post=3374"}],"version-history":[{"count":2,"href":"https:\/\/visitviskovo.hr\/en\/wp-json\/wp\/v2\/pages\/3374\/revisions"}],"predecessor-version":[{"id":21054,"href":"https:\/\/visitviskovo.hr\/en\/wp-json\/wp\/v2\/pages\/3374\/revisions\/21054"}],"wp:attachment":[{"href":"https:\/\/visitviskovo.hr\/en\/wp-json\/wp\/v2\/media?parent=3374"}],"curies":[{"name":"wp","href":"https:\/\/api.w.org\/{rel}","templated":true}]}}