{"id":3397,"date":"2019-08-19T12:38:48","date_gmt":"2019-08-19T12:38:48","guid":{"rendered":"https:\/\/visitviskovo.hr\/?page_id=3397"},"modified":"2020-05-21T11:41:20","modified_gmt":"2020-05-21T11:41:20","slug":"our-specialties","status":"publish","type":"page","link":"https:\/\/visitviskovo.hr\/en\/gastro\/our-specialties\/","title":{"rendered":"Our specialties"},"content":{"rendered":"\n<h3 class=\"wp-block-heading\"> <strong>Fritule (Fritters)<\/strong><\/h3>\n\n\n\n<figure class=\"wp-block-image\"><img loading=\"lazy\" decoding=\"async\" width=\"655\" height=\"391\" src=\"https:\/\/visitviskovo.hr\/wp-content\/uploads\/2019\/07\/fritule.jpg\" alt=\"\" class=\"wp-image-1407\" srcset=\"https:\/\/visitviskovo.hr\/wp-content\/uploads\/2019\/07\/fritule.jpg 655w, https:\/\/visitviskovo.hr\/wp-content\/uploads\/2019\/07\/fritule-300x179.jpg 300w\" sizes=\"(max-width: 655px) 100vw, 655px\" \/><\/figure>\n\n\n\n<ul><li>4&nbsp;egg yolks <\/li><li>100 g sugar<\/li><li>50 g butter<\/li><li>Lemon peel&nbsp;<\/li><li>1 dcl brandy<\/li><li>4 dcl milk<\/li><li>1 kg flour<\/li><li>40 g&nbsp;of fresh or 2 bags of dry yeast<\/li><li>Raisins&nbsp;<\/li><li>Pinch of salt&nbsp;<\/li><li>Oil for frying <\/li><\/ul>\n\n\n\n<p> Mix the yeast with a little milk, add a tablespoon of flour and sugar and leave in a warm place to rise. In a separate bowl, mix the salt, egg yolks, sugar, melted butter, grated lemon peel, brandy, warm milk, sifted flour and washed raisins in the end. Beat the batter until it becomes smooth. Add more milk as necessary, until the batter is soft enough so it can be taken out with a spoon. Leave the batter in a warm place to rise for about half an hour. Finally, use the spoon to take out balls of batter and put them to fry in deep oil. Sprinkle the fried fritters with powdered sugar. <\/p>\n","protected":false},"excerpt":{"rendered":"<p>Fritule (Fritters) 4&nbsp;egg yolks 100 g sugar 50 g butter Lemon peel&nbsp; 1 dcl brandy 4 dcl milk 1 kg flour 40 g&nbsp;of fresh or 2 bags of dry yeast Raisins&nbsp; Pinch of salt&nbsp; Oil for frying Mix the yeast with a little milk, add a tablespoon of flour and sugar and leave in a [&hellip;]<\/p>\n","protected":false},"author":1,"featured_media":13932,"parent":3362,"menu_order":0,"comment_status":"closed","ping_status":"closed","template":"child-pages.php","meta":{"_acf_changed":false,"footnotes":""},"acf":[],"yoast_head":"<!-- This site is optimized with the Yoast SEO plugin v22.7 - https:\/\/yoast.com\/wordpress\/plugins\/seo\/ -->\n<title>Our specialties - Turisti\u010dka zajednica op\u0107ine Vi\u0161kovo<\/title>\n<meta name=\"robots\" content=\"index, follow, max-snippet:-1, max-image-preview:large, max-video-preview:-1\" \/>\n<link rel=\"canonical\" href=\"https:\/\/visitviskovo.hr\/en\/gastro\/our-specialties\/\" \/>\n<meta property=\"og:locale\" content=\"en_US\" \/>\n<meta property=\"og:type\" content=\"article\" \/>\n<meta property=\"og:title\" content=\"Our specialties - Turisti\u010dka zajednica op\u0107ine Vi\u0161kovo\" \/>\n<meta property=\"og:description\" content=\"Fritule (Fritters) 4&nbsp;egg yolks 100 g sugar 50 g butter Lemon peel&nbsp; 1 dcl brandy 4 dcl milk 1 kg flour 40 g&nbsp;of fresh or 2 bags of dry yeast Raisins&nbsp; Pinch of salt&nbsp; Oil for frying Mix the yeast with a little milk, add a tablespoon of flour and sugar and leave in a [&hellip;]\" \/>\n<meta property=\"og:url\" content=\"https:\/\/visitviskovo.hr\/en\/gastro\/our-specialties\/\" \/>\n<meta property=\"og:site_name\" content=\"Turisti\u010dka zajednica op\u0107ine Vi\u0161kovo\" \/>\n<meta property=\"article:publisher\" content=\"https:\/\/web.facebook.com\/VisitViskovo\" \/>\n<meta property=\"article:modified_time\" content=\"2020-05-21T11:41:20+00:00\" \/>\n<meta property=\"og:image\" content=\"https:\/\/visitviskovo.hr\/wp-content\/uploads\/2020\/05\/Kuharica_14h.jpg\" \/>\n\t<meta property=\"og:image:width\" content=\"1382\" \/>\n\t<meta property=\"og:image:height\" content=\"922\" \/>\n\t<meta property=\"og:image:type\" content=\"image\/jpeg\" \/>\n<meta name=\"twitter:card\" content=\"summary_large_image\" \/>\n<meta name=\"twitter:label1\" content=\"Est. reading time\" \/>\n\t<meta name=\"twitter:data1\" content=\"1 minute\" \/>\n<script type=\"application\/ld+json\" class=\"yoast-schema-graph\">{\"@context\":\"https:\/\/schema.org\",\"@graph\":[{\"@type\":\"WebPage\",\"@id\":\"https:\/\/visitviskovo.hr\/en\/gastro\/our-specialties\/\",\"url\":\"https:\/\/visitviskovo.hr\/en\/gastro\/our-specialties\/\",\"name\":\"Our specialties - Turisti\u010dka zajednica op\u0107ine Vi\u0161kovo\",\"isPartOf\":{\"@id\":\"https:\/\/visitviskovo.hr\/it\/#website\"},\"primaryImageOfPage\":{\"@id\":\"https:\/\/visitviskovo.hr\/en\/gastro\/our-specialties\/#primaryimage\"},\"image\":{\"@id\":\"https:\/\/visitviskovo.hr\/en\/gastro\/our-specialties\/#primaryimage\"},\"thumbnailUrl\":\"https:\/\/visitviskovo.hr\/wp-content\/uploads\/2020\/05\/Kuharica_14h.jpg\",\"datePublished\":\"2019-08-19T12:38:48+00:00\",\"dateModified\":\"2020-05-21T11:41:20+00:00\",\"breadcrumb\":{\"@id\":\"https:\/\/visitviskovo.hr\/en\/gastro\/our-specialties\/#breadcrumb\"},\"inLanguage\":\"en-US\",\"potentialAction\":[{\"@type\":\"ReadAction\",\"target\":[\"https:\/\/visitviskovo.hr\/en\/gastro\/our-specialties\/\"]}]},{\"@type\":\"ImageObject\",\"inLanguage\":\"en-US\",\"@id\":\"https:\/\/visitviskovo.hr\/en\/gastro\/our-specialties\/#primaryimage\",\"url\":\"https:\/\/visitviskovo.hr\/wp-content\/uploads\/2020\/05\/Kuharica_14h.jpg\",\"contentUrl\":\"https:\/\/visitviskovo.hr\/wp-content\/uploads\/2020\/05\/Kuharica_14h.jpg\",\"width\":1382,\"height\":922},{\"@type\":\"BreadcrumbList\",\"@id\":\"https:\/\/visitviskovo.hr\/en\/gastro\/our-specialties\/#breadcrumb\",\"itemListElement\":[{\"@type\":\"ListItem\",\"position\":1,\"name\":\"Home\",\"item\":\"https:\/\/visitviskovo.hr\/en\/\"},{\"@type\":\"ListItem\",\"position\":2,\"name\":\"Gastro\",\"item\":\"https:\/\/visitviskovo.hr\/en\/gastro\/\"},{\"@type\":\"ListItem\",\"position\":3,\"name\":\"Our specialties\"}]},{\"@type\":\"WebSite\",\"@id\":\"https:\/\/visitviskovo.hr\/it\/#website\",\"url\":\"https:\/\/visitviskovo.hr\/it\/\",\"name\":\"Turisti\u010dka zajednica op\u0107ine Vi\u0161kovo\",\"description\":\"\",\"potentialAction\":[{\"@type\":\"SearchAction\",\"target\":{\"@type\":\"EntryPoint\",\"urlTemplate\":\"https:\/\/visitviskovo.hr\/it\/?s={search_term_string}\"},\"query-input\":\"required name=search_term_string\"}],\"inLanguage\":\"en-US\"}]}<\/script>\n<!-- \/ Yoast SEO plugin. -->","yoast_head_json":{"title":"Our specialties - Turisti\u010dka zajednica op\u0107ine Vi\u0161kovo","robots":{"index":"index","follow":"follow","max-snippet":"max-snippet:-1","max-image-preview":"max-image-preview:large","max-video-preview":"max-video-preview:-1"},"canonical":"https:\/\/visitviskovo.hr\/en\/gastro\/our-specialties\/","og_locale":"en_US","og_type":"article","og_title":"Our specialties - Turisti\u010dka zajednica op\u0107ine Vi\u0161kovo","og_description":"Fritule (Fritters) 4&nbsp;egg yolks 100 g sugar 50 g butter Lemon peel&nbsp; 1 dcl brandy 4 dcl milk 1 kg flour 40 g&nbsp;of fresh or 2 bags of dry yeast Raisins&nbsp; Pinch of salt&nbsp; Oil for frying Mix the yeast with a little milk, add a tablespoon of flour and sugar and leave in a [&hellip;]","og_url":"https:\/\/visitviskovo.hr\/en\/gastro\/our-specialties\/","og_site_name":"Turisti\u010dka zajednica op\u0107ine Vi\u0161kovo","article_publisher":"https:\/\/web.facebook.com\/VisitViskovo","article_modified_time":"2020-05-21T11:41:20+00:00","og_image":[{"width":1382,"height":922,"url":"https:\/\/visitviskovo.hr\/wp-content\/uploads\/2020\/05\/Kuharica_14h.jpg","type":"image\/jpeg"}],"twitter_card":"summary_large_image","twitter_misc":{"Est. reading time":"1 minute"},"schema":{"@context":"https:\/\/schema.org","@graph":[{"@type":"WebPage","@id":"https:\/\/visitviskovo.hr\/en\/gastro\/our-specialties\/","url":"https:\/\/visitviskovo.hr\/en\/gastro\/our-specialties\/","name":"Our specialties - Turisti\u010dka zajednica op\u0107ine Vi\u0161kovo","isPartOf":{"@id":"https:\/\/visitviskovo.hr\/it\/#website"},"primaryImageOfPage":{"@id":"https:\/\/visitviskovo.hr\/en\/gastro\/our-specialties\/#primaryimage"},"image":{"@id":"https:\/\/visitviskovo.hr\/en\/gastro\/our-specialties\/#primaryimage"},"thumbnailUrl":"https:\/\/visitviskovo.hr\/wp-content\/uploads\/2020\/05\/Kuharica_14h.jpg","datePublished":"2019-08-19T12:38:48+00:00","dateModified":"2020-05-21T11:41:20+00:00","breadcrumb":{"@id":"https:\/\/visitviskovo.hr\/en\/gastro\/our-specialties\/#breadcrumb"},"inLanguage":"en-US","potentialAction":[{"@type":"ReadAction","target":["https:\/\/visitviskovo.hr\/en\/gastro\/our-specialties\/"]}]},{"@type":"ImageObject","inLanguage":"en-US","@id":"https:\/\/visitviskovo.hr\/en\/gastro\/our-specialties\/#primaryimage","url":"https:\/\/visitviskovo.hr\/wp-content\/uploads\/2020\/05\/Kuharica_14h.jpg","contentUrl":"https:\/\/visitviskovo.hr\/wp-content\/uploads\/2020\/05\/Kuharica_14h.jpg","width":1382,"height":922},{"@type":"BreadcrumbList","@id":"https:\/\/visitviskovo.hr\/en\/gastro\/our-specialties\/#breadcrumb","itemListElement":[{"@type":"ListItem","position":1,"name":"Home","item":"https:\/\/visitviskovo.hr\/en\/"},{"@type":"ListItem","position":2,"name":"Gastro","item":"https:\/\/visitviskovo.hr\/en\/gastro\/"},{"@type":"ListItem","position":3,"name":"Our specialties"}]},{"@type":"WebSite","@id":"https:\/\/visitviskovo.hr\/it\/#website","url":"https:\/\/visitviskovo.hr\/it\/","name":"Turisti\u010dka zajednica op\u0107ine Vi\u0161kovo","description":"","potentialAction":[{"@type":"SearchAction","target":{"@type":"EntryPoint","urlTemplate":"https:\/\/visitviskovo.hr\/it\/?s={search_term_string}"},"query-input":"required name=search_term_string"}],"inLanguage":"en-US"}]}},"_links":{"self":[{"href":"https:\/\/visitviskovo.hr\/en\/wp-json\/wp\/v2\/pages\/3397"}],"collection":[{"href":"https:\/\/visitviskovo.hr\/en\/wp-json\/wp\/v2\/pages"}],"about":[{"href":"https:\/\/visitviskovo.hr\/en\/wp-json\/wp\/v2\/types\/page"}],"author":[{"embeddable":true,"href":"https:\/\/visitviskovo.hr\/en\/wp-json\/wp\/v2\/users\/1"}],"replies":[{"embeddable":true,"href":"https:\/\/visitviskovo.hr\/en\/wp-json\/wp\/v2\/comments?post=3397"}],"version-history":[{"count":3,"href":"https:\/\/visitviskovo.hr\/en\/wp-json\/wp\/v2\/pages\/3397\/revisions"}],"predecessor-version":[{"id":14007,"href":"https:\/\/visitviskovo.hr\/en\/wp-json\/wp\/v2\/pages\/3397\/revisions\/14007"}],"up":[{"embeddable":true,"href":"https:\/\/visitviskovo.hr\/en\/wp-json\/wp\/v2\/pages\/3362"}],"wp:featuredmedia":[{"embeddable":true,"href":"https:\/\/visitviskovo.hr\/en\/wp-json\/wp\/v2\/media\/13932"}],"wp:attachment":[{"href":"https:\/\/visitviskovo.hr\/en\/wp-json\/wp\/v2\/media?parent=3397"}],"curies":[{"name":"wp","href":"https:\/\/api.w.org\/{rel}","templated":true}]}}