{"id":3422,"date":"2019-08-19T12:56:26","date_gmt":"2019-08-19T12:56:26","guid":{"rendered":"https:\/\/visitviskovo.hr\/?page_id=3422"},"modified":"2019-08-19T12:56:27","modified_gmt":"2019-08-19T12:56:27","slug":"interrupted-marcelji-ronjgi-hiking-and-cycling-trail","status":"publish","type":"page","link":"https:\/\/visitviskovo.hr\/en\/what-to-do\/walking-and-cycling-trails\/interrupted-marcelji-ronjgi-hiking-and-cycling-trail\/","title":{"rendered":"Interrupted Mar\u010delji-Ronjgi hiking and cycling trail"},"content":{"rendered":"\n<h4 class=\"wp-block-heading\"><strong>Dear Visitors,<\/strong><\/h4>\n\n\n\n<h4 class=\"wp-block-heading\"><strong>We inform you that due to the construction of the D427 state road in Vi\u0161kovo, the Mar\u010delji-Ronjgi hiking and cycling trail has been interrupted at Mar\u010delji, and at the moment it is not possible to use this section of the trail.&nbsp;<\/strong><\/h4>\n\n\n\n<h4 class=\"wp-block-heading\"><strong>The problem will be solved by constructing an overpass that will be wide enough to be used by both pedestrians and cyclists.&nbsp;<\/strong><\/h4>\n\n\n\n<h4 class=\"wp-block-heading\"><strong>Thank you for your understanding.<\/strong><\/h4>\n\n\n\n<h4 class=\"wp-block-heading\"><strong>Vi\u0161kovo Tourist Board<\/strong><\/h4>\n","protected":false},"excerpt":{"rendered":"<p>Dear Visitors, We inform you that due to the construction of the D427 state road in Vi\u0161kovo, the Mar\u010delji-Ronjgi hiking and cycling trail has been interrupted at Mar\u010delji, and at the moment it is not possible to use this section of the trail.&nbsp; The problem will be solved by constructing an overpass that will be [&hellip;]<\/p>\n","protected":false},"author":1,"featured_media":3424,"parent":3419,"menu_order":2,"comment_status":"closed","ping_status":"closed","template":"","meta":{"_acf_changed":false,"footnotes":""},"acf":[],"yoast_head":"<!-- This site is optimized with the Yoast SEO plugin v22.7 - https:\/\/yoast.com\/wordpress\/plugins\/seo\/ -->\n<title>Interrupted Mar\u010delji-Ronjgi hiking and cycling trail - Turisti\u010dka zajednica op\u0107ine Vi\u0161kovo<\/title>\n<meta name=\"robots\" content=\"index, follow, max-snippet:-1, max-image-preview:large, max-video-preview:-1\" \/>\n<link rel=\"canonical\" href=\"https:\/\/visitviskovo.hr\/en\/what-to-do\/walking-and-cycling-trails\/interrupted-marcelji-ronjgi-hiking-and-cycling-trail\/\" \/>\n<meta property=\"og:locale\" content=\"en_US\" \/>\n<meta property=\"og:type\" content=\"article\" \/>\n<meta property=\"og:title\" content=\"Interrupted Mar\u010delji-Ronjgi hiking and cycling trail - Turisti\u010dka zajednica op\u0107ine Vi\u0161kovo\" \/>\n<meta property=\"og:description\" content=\"Dear Visitors, We inform you that due to the construction of the D427 state road in Vi\u0161kovo, the Mar\u010delji-Ronjgi hiking and cycling trail has been interrupted at Mar\u010delji, and at the moment it is not possible to use this section of the trail.&nbsp; The problem will be solved by constructing an overpass that will be [&hellip;]\" \/>\n<meta property=\"og:url\" content=\"https:\/\/visitviskovo.hr\/en\/what-to-do\/walking-and-cycling-trails\/interrupted-marcelji-ronjgi-hiking-and-cycling-trail\/\" \/>\n<meta property=\"og:site_name\" content=\"Turisti\u010dka zajednica op\u0107ine Vi\u0161kovo\" \/>\n<meta property=\"article:publisher\" content=\"https:\/\/web.facebook.com\/VisitViskovo\" \/>\n<meta property=\"article:modified_time\" content=\"2019-08-19T12:56:27+00:00\" \/>\n<meta property=\"og:image\" content=\"https:\/\/visitviskovo.hr\/wp-content\/uploads\/2019\/07\/20160829142234000000-main.jpg\" \/>\n\t<meta property=\"og:image:width\" content=\"800\" \/>\n\t<meta property=\"og:image:height\" content=\"445\" \/>\n\t<meta property=\"og:image:type\" content=\"image\/jpeg\" \/>\n<meta name=\"twitter:card\" content=\"summary_large_image\" \/>\n<script type=\"application\/ld+json\" class=\"yoast-schema-graph\">{\"@context\":\"https:\/\/schema.org\",\"@graph\":[{\"@type\":\"WebPage\",\"@id\":\"https:\/\/visitviskovo.hr\/en\/what-to-do\/walking-and-cycling-trails\/interrupted-marcelji-ronjgi-hiking-and-cycling-trail\/\",\"url\":\"https:\/\/visitviskovo.hr\/en\/what-to-do\/walking-and-cycling-trails\/interrupted-marcelji-ronjgi-hiking-and-cycling-trail\/\",\"name\":\"Interrupted Mar\u010delji-Ronjgi hiking and cycling trail - Turisti\u010dka zajednica op\u0107ine Vi\u0161kovo\",\"isPartOf\":{\"@id\":\"https:\/\/visitviskovo.hr\/it\/#website\"},\"primaryImageOfPage\":{\"@id\":\"https:\/\/visitviskovo.hr\/en\/what-to-do\/walking-and-cycling-trails\/interrupted-marcelji-ronjgi-hiking-and-cycling-trail\/#primaryimage\"},\"image\":{\"@id\":\"https:\/\/visitviskovo.hr\/en\/what-to-do\/walking-and-cycling-trails\/interrupted-marcelji-ronjgi-hiking-and-cycling-trail\/#primaryimage\"},\"thumbnailUrl\":\"https:\/\/visitviskovo.hr\/wp-content\/uploads\/2019\/07\/20160829142234000000-main.jpg\",\"datePublished\":\"2019-08-19T12:56:26+00:00\",\"dateModified\":\"2019-08-19T12:56:27+00:00\",\"breadcrumb\":{\"@id\":\"https:\/\/visitviskovo.hr\/en\/what-to-do\/walking-and-cycling-trails\/interrupted-marcelji-ronjgi-hiking-and-cycling-trail\/#breadcrumb\"},\"inLanguage\":\"en-US\",\"potentialAction\":[{\"@type\":\"ReadAction\",\"target\":[\"https:\/\/visitviskovo.hr\/en\/what-to-do\/walking-and-cycling-trails\/interrupted-marcelji-ronjgi-hiking-and-cycling-trail\/\"]}]},{\"@type\":\"ImageObject\",\"inLanguage\":\"en-US\",\"@id\":\"https:\/\/visitviskovo.hr\/en\/what-to-do\/walking-and-cycling-trails\/interrupted-marcelji-ronjgi-hiking-and-cycling-trail\/#primaryimage\",\"url\":\"https:\/\/visitviskovo.hr\/wp-content\/uploads\/2019\/07\/20160829142234000000-main.jpg\",\"contentUrl\":\"https:\/\/visitviskovo.hr\/wp-content\/uploads\/2019\/07\/20160829142234000000-main.jpg\",\"width\":800,\"height\":445},{\"@type\":\"BreadcrumbList\",\"@id\":\"https:\/\/visitviskovo.hr\/en\/what-to-do\/walking-and-cycling-trails\/interrupted-marcelji-ronjgi-hiking-and-cycling-trail\/#breadcrumb\",\"itemListElement\":[{\"@type\":\"ListItem\",\"position\":1,\"name\":\"Home\",\"item\":\"https:\/\/visitviskovo.hr\/en\/\"},{\"@type\":\"ListItem\",\"position\":2,\"name\":\"What to do\",\"item\":\"https:\/\/visitviskovo.hr\/en\/what-to-do\/\"},{\"@type\":\"ListItem\",\"position\":3,\"name\":\"Walking and cycling trails\",\"item\":\"https:\/\/visitviskovo.hr\/en\/what-to-do\/walking-and-cycling-trails\/\"},{\"@type\":\"ListItem\",\"position\":4,\"name\":\"Interrupted Mar\u010delji-Ronjgi hiking and cycling trail\"}]},{\"@type\":\"WebSite\",\"@id\":\"https:\/\/visitviskovo.hr\/it\/#website\",\"url\":\"https:\/\/visitviskovo.hr\/it\/\",\"name\":\"Turisti\u010dka zajednica op\u0107ine Vi\u0161kovo\",\"description\":\"\",\"potentialAction\":[{\"@type\":\"SearchAction\",\"target\":{\"@type\":\"EntryPoint\",\"urlTemplate\":\"https:\/\/visitviskovo.hr\/it\/?s={search_term_string}\"},\"query-input\":\"required name=search_term_string\"}],\"inLanguage\":\"en-US\"}]}<\/script>\n<!-- \/ Yoast SEO plugin. -->","yoast_head_json":{"title":"Interrupted Mar\u010delji-Ronjgi hiking and cycling trail - Turisti\u010dka zajednica op\u0107ine Vi\u0161kovo","robots":{"index":"index","follow":"follow","max-snippet":"max-snippet:-1","max-image-preview":"max-image-preview:large","max-video-preview":"max-video-preview:-1"},"canonical":"https:\/\/visitviskovo.hr\/en\/what-to-do\/walking-and-cycling-trails\/interrupted-marcelji-ronjgi-hiking-and-cycling-trail\/","og_locale":"en_US","og_type":"article","og_title":"Interrupted Mar\u010delji-Ronjgi hiking and cycling trail - Turisti\u010dka zajednica op\u0107ine Vi\u0161kovo","og_description":"Dear Visitors, We inform you that due to the construction of the D427 state road in Vi\u0161kovo, the Mar\u010delji-Ronjgi hiking and cycling trail has been interrupted at Mar\u010delji, and at the moment it is not possible to use this section of the trail.&nbsp; The problem will be solved by constructing an overpass that will be [&hellip;]","og_url":"https:\/\/visitviskovo.hr\/en\/what-to-do\/walking-and-cycling-trails\/interrupted-marcelji-ronjgi-hiking-and-cycling-trail\/","og_site_name":"Turisti\u010dka zajednica op\u0107ine Vi\u0161kovo","article_publisher":"https:\/\/web.facebook.com\/VisitViskovo","article_modified_time":"2019-08-19T12:56:27+00:00","og_image":[{"width":800,"height":445,"url":"https:\/\/visitviskovo.hr\/wp-content\/uploads\/2019\/07\/20160829142234000000-main.jpg","type":"image\/jpeg"}],"twitter_card":"summary_large_image","schema":{"@context":"https:\/\/schema.org","@graph":[{"@type":"WebPage","@id":"https:\/\/visitviskovo.hr\/en\/what-to-do\/walking-and-cycling-trails\/interrupted-marcelji-ronjgi-hiking-and-cycling-trail\/","url":"https:\/\/visitviskovo.hr\/en\/what-to-do\/walking-and-cycling-trails\/interrupted-marcelji-ronjgi-hiking-and-cycling-trail\/","name":"Interrupted Mar\u010delji-Ronjgi hiking and cycling trail - Turisti\u010dka zajednica op\u0107ine Vi\u0161kovo","isPartOf":{"@id":"https:\/\/visitviskovo.hr\/it\/#website"},"primaryImageOfPage":{"@id":"https:\/\/visitviskovo.hr\/en\/what-to-do\/walking-and-cycling-trails\/interrupted-marcelji-ronjgi-hiking-and-cycling-trail\/#primaryimage"},"image":{"@id":"https:\/\/visitviskovo.hr\/en\/what-to-do\/walking-and-cycling-trails\/interrupted-marcelji-ronjgi-hiking-and-cycling-trail\/#primaryimage"},"thumbnailUrl":"https:\/\/visitviskovo.hr\/wp-content\/uploads\/2019\/07\/20160829142234000000-main.jpg","datePublished":"2019-08-19T12:56:26+00:00","dateModified":"2019-08-19T12:56:27+00:00","breadcrumb":{"@id":"https:\/\/visitviskovo.hr\/en\/what-to-do\/walking-and-cycling-trails\/interrupted-marcelji-ronjgi-hiking-and-cycling-trail\/#breadcrumb"},"inLanguage":"en-US","potentialAction":[{"@type":"ReadAction","target":["https:\/\/visitviskovo.hr\/en\/what-to-do\/walking-and-cycling-trails\/interrupted-marcelji-ronjgi-hiking-and-cycling-trail\/"]}]},{"@type":"ImageObject","inLanguage":"en-US","@id":"https:\/\/visitviskovo.hr\/en\/what-to-do\/walking-and-cycling-trails\/interrupted-marcelji-ronjgi-hiking-and-cycling-trail\/#primaryimage","url":"https:\/\/visitviskovo.hr\/wp-content\/uploads\/2019\/07\/20160829142234000000-main.jpg","contentUrl":"https:\/\/visitviskovo.hr\/wp-content\/uploads\/2019\/07\/20160829142234000000-main.jpg","width":800,"height":445},{"@type":"BreadcrumbList","@id":"https:\/\/visitviskovo.hr\/en\/what-to-do\/walking-and-cycling-trails\/interrupted-marcelji-ronjgi-hiking-and-cycling-trail\/#breadcrumb","itemListElement":[{"@type":"ListItem","position":1,"name":"Home","item":"https:\/\/visitviskovo.hr\/en\/"},{"@type":"ListItem","position":2,"name":"What to do","item":"https:\/\/visitviskovo.hr\/en\/what-to-do\/"},{"@type":"ListItem","position":3,"name":"Walking and cycling trails","item":"https:\/\/visitviskovo.hr\/en\/what-to-do\/walking-and-cycling-trails\/"},{"@type":"ListItem","position":4,"name":"Interrupted Mar\u010delji-Ronjgi hiking and cycling trail"}]},{"@type":"WebSite","@id":"https:\/\/visitviskovo.hr\/it\/#website","url":"https:\/\/visitviskovo.hr\/it\/","name":"Turisti\u010dka zajednica op\u0107ine Vi\u0161kovo","description":"","potentialAction":[{"@type":"SearchAction","target":{"@type":"EntryPoint","urlTemplate":"https:\/\/visitviskovo.hr\/it\/?s={search_term_string}"},"query-input":"required name=search_term_string"}],"inLanguage":"en-US"}]}},"_links":{"self":[{"href":"https:\/\/visitviskovo.hr\/en\/wp-json\/wp\/v2\/pages\/3422"}],"collection":[{"href":"https:\/\/visitviskovo.hr\/en\/wp-json\/wp\/v2\/pages"}],"about":[{"href":"https:\/\/visitviskovo.hr\/en\/wp-json\/wp\/v2\/types\/page"}],"author":[{"embeddable":true,"href":"https:\/\/visitviskovo.hr\/en\/wp-json\/wp\/v2\/users\/1"}],"replies":[{"embeddable":true,"href":"https:\/\/visitviskovo.hr\/en\/wp-json\/wp\/v2\/comments?post=3422"}],"version-history":[{"count":1,"href":"https:\/\/visitviskovo.hr\/en\/wp-json\/wp\/v2\/pages\/3422\/revisions"}],"predecessor-version":[{"id":3423,"href":"https:\/\/visitviskovo.hr\/en\/wp-json\/wp\/v2\/pages\/3422\/revisions\/3423"}],"up":[{"embeddable":true,"href":"https:\/\/visitviskovo.hr\/en\/wp-json\/wp\/v2\/pages\/3419"}],"wp:featuredmedia":[{"embeddable":true,"href":"https:\/\/visitviskovo.hr\/en\/wp-json\/wp\/v2\/media\/3424"}],"wp:attachment":[{"href":"https:\/\/visitviskovo.hr\/en\/wp-json\/wp\/v2\/media?parent=3422"}],"curies":[{"name":"wp","href":"https:\/\/api.w.org\/{rel}","templated":true}]}}