{"id":3449,"date":"2019-08-19T13:07:15","date_gmt":"2019-08-19T13:07:15","guid":{"rendered":"https:\/\/visitviskovo.hr\/?page_id=3449"},"modified":"2023-03-06T13:58:35","modified_gmt":"2023-03-06T13:58:35","slug":"cycling-trails","status":"publish","type":"page","link":"https:\/\/visitviskovo.hr\/en\/cycling-trails\/","title":{"rendered":"Cycling trails"},"content":{"rendered":"\n<p>Five marked cycling trails take you through Vi\u0161kovo and its surroundings, an area of great natural beauty where the modern way of life is intertwined with tradition.  Our cycling trails are ideal for anyone looking for outdoor adventure and wanting to explore the hidden corners of Vi\u0161kovo <\/p>\n\n\n\n<h2 class=\"wp-block-heading\"><strong>VI\u0160KOVO TRAIL<\/strong><\/h2>\n\n\n\n<p> The<strong> Vi\u0161kovo Trail <\/strong>is ideal for families and takes you towards Ronjgi, the birthplace of the composer <a href=\"https:\/\/visitviskovo.hr\/en\/viskovo\/unesco\/\">Ivan Mateti\u0107 Ronjgov<\/a>. The birth house of this great musician now features a museum and a restaurant on the ground floor offering local specialities. From Ronjgi, the trail leads up to Zorzi\u0107i, a small village right on Petrolejska Cesta with a <em>\u0161terna<\/em> water well from 1904. The nearby village of Globi\u0107i, the birthplace of the writer<a href=\"https:\/\/visitviskovo.hr\/en\/viskovo\/kulturna-bastina\/vazni-ljudi-naseg-kraja\/\"> Berto Lu\u010di\u0107,<\/a> offers a beautiful view of Kvarner. Further uphill, the trail reaches the village of Lu\u010di\u0107i. A former quarry and a <a href=\"https:\/\/visitviskovo.hr\/en\/what-to-do\/open-air-gallery-and-viewpoint\/\">unique open-air exhibition<\/a> can be found nearby. Just before Skva\u017ei\u0107i, the trail turns right onto <a href=\"https:\/\/visitviskovo.hr\/en\/what-to-do\/walking-and-cycling-trails\/walking-trails\/\">Ple\u0161ivac forest path,<\/a> which leads to Bi\u0161kupi, a village where visitors can experience typical architecture of the area. After exiting the village, the road returns to the centre of Vi\u0161kovo via Mladeni\u0107i.\u00a0 <\/p>\n\n\n\n<h2 class=\"wp-block-heading\"><strong>KASTAV TRAIL<\/strong><\/h2>\n\n\n\n<p>The<strong> Kastav<\/strong> <strong>trail<\/strong> leads along the side roads and forest paths away from the centre of Vi\u0161kovo. This rather demanding trail heads east in the direction of Furi\u0107evo, where it turns left and continues slightly uphill through Trtni to Mladeni\u0107i. After crossing the road, it continues along an old cart track through Mavri to Gornji Sroki, after which it descends to Srokov Kal, turns right and continues in the direction of Kastav. Those who like challenges can turn right in Gornji Turki towards Jelovi\u010dani and Lu\u017eina Forest. The less demanding route leads straight on from Gornji Turki to the road and then follows a forest path towards Donji Jugi.&nbsp; In the vicinity of this village lies <a href=\"https:\/\/visitviskovo.hr\/en\/what-to-do\/kapitovac-pond-kalic\/\">Kapitovac<\/a>, an inexhaustible water source that attests to the unbreakable bond between man and nature. <\/p>\n\n\n\n<h2 class=\"wp-block-heading\"> <strong>STUDENA TRAIL<\/strong> <\/h2>\n\n\n\n<p>The<strong> Studena<\/strong> <strong>trail<\/strong> leads in the direction of Sar\u0161oni and Petrolejska Cesta, along which we continue to the village of Zorzi\u0107i. An old cart track leads through Ne\u017enica forest to the main road to Studena. Petrolejska Cesta descends to the village of Mar\u010delji, which is home to two cultural assets inscribed on&nbsp; the <a href=\"https:\/\/visitviskovo.hr\/en\/viskovo\/unesco\/\">UNESCO list of intangible cultural heritage<\/a>: the pageant of the <em>Halubajski zvon\u010dari <\/em>bell ringers, whose roots are here in Mar\u010delji, and two-part singing, which was first notated by Ivan Mateti\u0107 of the village of Ronjgi. From Mar\u010delji, we turn towards Kosi and reach the centre of Vi\u0161kovo after passing the villages of Jardasi, Dovi\u010di\u0107i and \u0160iroli.<\/p>\n\n\n\n<h2 class=\"wp-block-heading\"> <strong>RJE\u010cINA RIVER SOURCE TRAIL<\/strong> <\/h2>\n\n\n\n<p>The<strong> Source of the River\nRje\u010dina trail <\/strong>starts in the centre of Vi\u0161kovo and continues via Mladeni\u0107i in the\ndirection of Sar\u0161oni and Lu\u010di\u0107i. After a short climb, it reaches Lon\u010deva Gri\u017ea\npass, and then a serpentine road descends to Trnovica. After crossing the River\nRje\u010dina and turning towards Kukuljani, we follow the river upstream to its\nsource. From there, we return to Lon\u010deva Gri\u017ea pass and further down to\nSar\u0161oni, and continue along Petrolejska Cesta to Gari\u0107i where we can see\ncenturies-old houses, preserved examples of traditional architecture. The most\nprominent among them is &#8216;Cenetina Ku\u0107a&#8217;, a protected monument of culture. After\nthat, the route descends through Mar\u010delji to the centre of Vi\u0161kovo.<\/p>\n\n\n\n<h2 class=\"wp-block-heading\"> <strong>BREZA TRAIL<\/strong> <\/h2>\n\n\n\n<p>The<strong> Breza<\/strong> <strong>trail<\/strong> leads towards Sar\u0161oni and Ronjgi to the village of Zorzi\u0107i and Petrolejska Cesta, where it continues in the direction of Klana. At Pogled, the trail turns onto a forest path and continues to Breza. On your way, you\u2019ll encounter interesting remnants of fortifications from the period of the Italian occupation, since in the past this was the border between the Kingdom of Italy and the Kingdom of Serbs, Croats and Slovenes. The road above Breza leads to the centre. Past the cemetery and old Italian military barracks, we reach a crossroads where we turn left and continue along a forest trail to Jardasi. The route reaches the village of \u0160iroli via Dovi\u010di\u0107i and returns to the centre of Vi\u0161kovo along a byway. <\/p>\n\n\n\n<p><a href=\"https:\/\/visitviskovo.hr\/en\/what-to-do\/halubike\/\">HALUbike<\/a>, a regular and electric bike rental system with stations in Ronjgi and on the Milihovo parking area, will satisfy your need for recreational activities. Simple to use and at a reasonable price, these bikes guarantee a relaxed and carefree activity holiday. Grab a bike and head off on an adventure.&nbsp; <\/p>\n\n\n\n<p> If you want some delicious and simple refreshment, visit our pizzerias and bistros. Pizza and pasta chefs await you in the&nbsp;<a href=\"https:\/\/visitviskovo.hr\/en\/gastronomija\/pizzeria-podroom\/\">Podroom<\/a>&nbsp;and&nbsp;<a href=\"https:\/\/visitviskovo.hr\/en\/gastronomija\/pizzeria-jeans\/\">JEANS&nbsp;<\/a>pizzerias. For a good barbecue or hearty brunch, visit the&nbsp;<a href=\"https:\/\/visitviskovo.hr\/en\/gastronomija\/bistro-starocesko\/\">Staro\u010de\u0161ko<\/a>,&nbsp;<a href=\"https:\/\/visitviskovo.hr\/en\/gastronomija\/bistro-mario\/\">Mario<\/a>, or&nbsp;<a href=\"https:\/\/visitviskovo.hr\/en\/gastronomija\/bistro-fico\/\">O\u0161tarija Trampov Breg&nbsp;<\/a>bistros. <\/p>\n\n\n\n<div class=\"wp-block-file\"><a id=\"wp-block-file--media-8d1b8e5e-62e7-4d80-aa45-3951df7893ef\" href=\"https:\/\/visitviskovo.hr\/wp-content\/uploads\/2019\/07\/Biciklisti\u010dka-karta-Vi\u0161kovo-1.pdf\"><strong>Cycling trails map<\/strong> <\/a><a href=\"https:\/\/visitviskovo.hr\/wp-content\/uploads\/2019\/07\/Biciklisti\u010dka-karta-Vi\u0161kovo-1.pdf\" class=\"wp-block-file__button wp-element-button\" download aria-describedby=\"wp-block-file--media-8d1b8e5e-62e7-4d80-aa45-3951df7893ef\">Download<\/a><\/div>\n","protected":false},"excerpt":{"rendered":"<p>Five marked cycling trails take you through Vi\u0161kovo and its surroundings, an area of great natural beauty where the modern way of life is intertwined with tradition. Our cycling trails are ideal for anyone looking for outdoor adventure and wanting to explore the hidden corners of Vi\u0161kovo VI\u0160KOVO TRAIL The Vi\u0161kovo Trail is ideal for [&hellip;]<\/p>\n","protected":false},"author":1,"featured_media":13829,"parent":0,"menu_order":0,"comment_status":"closed","ping_status":"closed","template":"","meta":{"_acf_changed":false,"footnotes":""},"acf":[],"yoast_head":"<!-- This site is optimized with the Yoast SEO plugin v22.7 - https:\/\/yoast.com\/wordpress\/plugins\/seo\/ -->\n<title>Cycling trails - Turisti\u010dka zajednica op\u0107ine Vi\u0161kovo<\/title>\n<meta name=\"robots\" content=\"index, follow, max-snippet:-1, max-image-preview:large, max-video-preview:-1\" \/>\n<link rel=\"canonical\" href=\"https:\/\/visitviskovo.hr\/en\/cycling-trails\/\" \/>\n<meta property=\"og:locale\" content=\"en_US\" \/>\n<meta property=\"og:type\" content=\"article\" \/>\n<meta property=\"og:title\" content=\"Cycling trails - Turisti\u010dka zajednica op\u0107ine Vi\u0161kovo\" \/>\n<meta property=\"og:description\" content=\"Five marked cycling trails take you through Vi\u0161kovo and its surroundings, an area of great natural beauty where the modern way of life is intertwined with tradition. Our cycling trails are ideal for anyone looking for outdoor adventure and wanting to explore the hidden corners of Vi\u0161kovo VI\u0160KOVO TRAIL The Vi\u0161kovo Trail is ideal for [&hellip;]\" \/>\n<meta property=\"og:url\" content=\"https:\/\/visitviskovo.hr\/en\/cycling-trails\/\" \/>\n<meta property=\"og:site_name\" content=\"Turisti\u010dka zajednica op\u0107ine Vi\u0161kovo\" \/>\n<meta property=\"article:publisher\" content=\"https:\/\/web.facebook.com\/VisitViskovo\" \/>\n<meta property=\"article:modified_time\" content=\"2023-03-06T13:58:35+00:00\" \/>\n<meta property=\"og:image\" content=\"https:\/\/visitviskovo.hr\/wp-content\/uploads\/2020\/05\/Biciklisti\u010dka_staza-4-Medium.jpg\" \/>\n\t<meta property=\"og:image:width\" content=\"1151\" \/>\n\t<meta property=\"og:image:height\" content=\"768\" \/>\n\t<meta property=\"og:image:type\" content=\"image\/jpeg\" \/>\n<meta name=\"twitter:card\" content=\"summary_large_image\" \/>\n<meta name=\"twitter:label1\" content=\"Est. reading time\" \/>\n\t<meta name=\"twitter:data1\" content=\"5 minutes\" \/>\n<script type=\"application\/ld+json\" class=\"yoast-schema-graph\">{\"@context\":\"https:\/\/schema.org\",\"@graph\":[{\"@type\":\"WebPage\",\"@id\":\"https:\/\/visitviskovo.hr\/en\/cycling-trails\/\",\"url\":\"https:\/\/visitviskovo.hr\/en\/cycling-trails\/\",\"name\":\"Cycling trails - Turisti\u010dka zajednica op\u0107ine Vi\u0161kovo\",\"isPartOf\":{\"@id\":\"https:\/\/visitviskovo.hr\/it\/#website\"},\"primaryImageOfPage\":{\"@id\":\"https:\/\/visitviskovo.hr\/en\/cycling-trails\/#primaryimage\"},\"image\":{\"@id\":\"https:\/\/visitviskovo.hr\/en\/cycling-trails\/#primaryimage\"},\"thumbnailUrl\":\"https:\/\/visitviskovo.hr\/wp-content\/uploads\/2020\/05\/Biciklisti\u010dka_staza-4-Medium.jpg\",\"datePublished\":\"2019-08-19T13:07:15+00:00\",\"dateModified\":\"2023-03-06T13:58:35+00:00\",\"breadcrumb\":{\"@id\":\"https:\/\/visitviskovo.hr\/en\/cycling-trails\/#breadcrumb\"},\"inLanguage\":\"en-US\",\"potentialAction\":[{\"@type\":\"ReadAction\",\"target\":[\"https:\/\/visitviskovo.hr\/en\/cycling-trails\/\"]}]},{\"@type\":\"ImageObject\",\"inLanguage\":\"en-US\",\"@id\":\"https:\/\/visitviskovo.hr\/en\/cycling-trails\/#primaryimage\",\"url\":\"https:\/\/visitviskovo.hr\/wp-content\/uploads\/2020\/05\/Biciklisti\u010dka_staza-4-Medium.jpg\",\"contentUrl\":\"https:\/\/visitviskovo.hr\/wp-content\/uploads\/2020\/05\/Biciklisti\u010dka_staza-4-Medium.jpg\",\"width\":1151,\"height\":768},{\"@type\":\"BreadcrumbList\",\"@id\":\"https:\/\/visitviskovo.hr\/en\/cycling-trails\/#breadcrumb\",\"itemListElement\":[{\"@type\":\"ListItem\",\"position\":1,\"name\":\"Home\",\"item\":\"https:\/\/visitviskovo.hr\/en\/\"},{\"@type\":\"ListItem\",\"position\":2,\"name\":\"Cycling trails\"}]},{\"@type\":\"WebSite\",\"@id\":\"https:\/\/visitviskovo.hr\/it\/#website\",\"url\":\"https:\/\/visitviskovo.hr\/it\/\",\"name\":\"Turisti\u010dka zajednica op\u0107ine Vi\u0161kovo\",\"description\":\"\",\"potentialAction\":[{\"@type\":\"SearchAction\",\"target\":{\"@type\":\"EntryPoint\",\"urlTemplate\":\"https:\/\/visitviskovo.hr\/it\/?s={search_term_string}\"},\"query-input\":\"required name=search_term_string\"}],\"inLanguage\":\"en-US\"}]}<\/script>\n<!-- \/ Yoast SEO plugin. -->","yoast_head_json":{"title":"Cycling trails - Turisti\u010dka zajednica op\u0107ine Vi\u0161kovo","robots":{"index":"index","follow":"follow","max-snippet":"max-snippet:-1","max-image-preview":"max-image-preview:large","max-video-preview":"max-video-preview:-1"},"canonical":"https:\/\/visitviskovo.hr\/en\/cycling-trails\/","og_locale":"en_US","og_type":"article","og_title":"Cycling trails - Turisti\u010dka zajednica op\u0107ine Vi\u0161kovo","og_description":"Five marked cycling trails take you through Vi\u0161kovo and its surroundings, an area of great natural beauty where the modern way of life is intertwined with tradition. Our cycling trails are ideal for anyone looking for outdoor adventure and wanting to explore the hidden corners of Vi\u0161kovo VI\u0160KOVO TRAIL The Vi\u0161kovo Trail is ideal for [&hellip;]","og_url":"https:\/\/visitviskovo.hr\/en\/cycling-trails\/","og_site_name":"Turisti\u010dka zajednica op\u0107ine Vi\u0161kovo","article_publisher":"https:\/\/web.facebook.com\/VisitViskovo","article_modified_time":"2023-03-06T13:58:35+00:00","og_image":[{"width":1151,"height":768,"url":"https:\/\/visitviskovo.hr\/wp-content\/uploads\/2020\/05\/Biciklisti\u010dka_staza-4-Medium.jpg","type":"image\/jpeg"}],"twitter_card":"summary_large_image","twitter_misc":{"Est. reading time":"5 minutes"},"schema":{"@context":"https:\/\/schema.org","@graph":[{"@type":"WebPage","@id":"https:\/\/visitviskovo.hr\/en\/cycling-trails\/","url":"https:\/\/visitviskovo.hr\/en\/cycling-trails\/","name":"Cycling trails - Turisti\u010dka zajednica op\u0107ine Vi\u0161kovo","isPartOf":{"@id":"https:\/\/visitviskovo.hr\/it\/#website"},"primaryImageOfPage":{"@id":"https:\/\/visitviskovo.hr\/en\/cycling-trails\/#primaryimage"},"image":{"@id":"https:\/\/visitviskovo.hr\/en\/cycling-trails\/#primaryimage"},"thumbnailUrl":"https:\/\/visitviskovo.hr\/wp-content\/uploads\/2020\/05\/Biciklisti\u010dka_staza-4-Medium.jpg","datePublished":"2019-08-19T13:07:15+00:00","dateModified":"2023-03-06T13:58:35+00:00","breadcrumb":{"@id":"https:\/\/visitviskovo.hr\/en\/cycling-trails\/#breadcrumb"},"inLanguage":"en-US","potentialAction":[{"@type":"ReadAction","target":["https:\/\/visitviskovo.hr\/en\/cycling-trails\/"]}]},{"@type":"ImageObject","inLanguage":"en-US","@id":"https:\/\/visitviskovo.hr\/en\/cycling-trails\/#primaryimage","url":"https:\/\/visitviskovo.hr\/wp-content\/uploads\/2020\/05\/Biciklisti\u010dka_staza-4-Medium.jpg","contentUrl":"https:\/\/visitviskovo.hr\/wp-content\/uploads\/2020\/05\/Biciklisti\u010dka_staza-4-Medium.jpg","width":1151,"height":768},{"@type":"BreadcrumbList","@id":"https:\/\/visitviskovo.hr\/en\/cycling-trails\/#breadcrumb","itemListElement":[{"@type":"ListItem","position":1,"name":"Home","item":"https:\/\/visitviskovo.hr\/en\/"},{"@type":"ListItem","position":2,"name":"Cycling trails"}]},{"@type":"WebSite","@id":"https:\/\/visitviskovo.hr\/it\/#website","url":"https:\/\/visitviskovo.hr\/it\/","name":"Turisti\u010dka zajednica op\u0107ine Vi\u0161kovo","description":"","potentialAction":[{"@type":"SearchAction","target":{"@type":"EntryPoint","urlTemplate":"https:\/\/visitviskovo.hr\/it\/?s={search_term_string}"},"query-input":"required name=search_term_string"}],"inLanguage":"en-US"}]}},"_links":{"self":[{"href":"https:\/\/visitviskovo.hr\/en\/wp-json\/wp\/v2\/pages\/3449"}],"collection":[{"href":"https:\/\/visitviskovo.hr\/en\/wp-json\/wp\/v2\/pages"}],"about":[{"href":"https:\/\/visitviskovo.hr\/en\/wp-json\/wp\/v2\/types\/page"}],"author":[{"embeddable":true,"href":"https:\/\/visitviskovo.hr\/en\/wp-json\/wp\/v2\/users\/1"}],"replies":[{"embeddable":true,"href":"https:\/\/visitviskovo.hr\/en\/wp-json\/wp\/v2\/comments?post=3449"}],"version-history":[{"count":7,"href":"https:\/\/visitviskovo.hr\/en\/wp-json\/wp\/v2\/pages\/3449\/revisions"}],"predecessor-version":[{"id":19685,"href":"https:\/\/visitviskovo.hr\/en\/wp-json\/wp\/v2\/pages\/3449\/revisions\/19685"}],"wp:featuredmedia":[{"embeddable":true,"href":"https:\/\/visitviskovo.hr\/en\/wp-json\/wp\/v2\/media\/13829"}],"wp:attachment":[{"href":"https:\/\/visitviskovo.hr\/en\/wp-json\/wp\/v2\/media?parent=3449"}],"curies":[{"name":"wp","href":"https:\/\/api.w.org\/{rel}","templated":true}]}}