{"id":3477,"date":"2019-08-19T13:10:01","date_gmt":"2019-08-19T13:10:01","guid":{"rendered":"https:\/\/visitviskovo.hr\/?page_id=3477"},"modified":"2019-08-19T13:10:02","modified_gmt":"2019-08-19T13:10:02","slug":"the-cycling-paths-of-the-rijeka-area","status":"publish","type":"page","link":"https:\/\/visitviskovo.hr\/en\/what-to-do\/walking-and-cycling-trails\/the-cycling-paths-of-the-rijeka-area\/","title":{"rendered":"The cycling paths of the Rijeka area"},"content":{"rendered":"\n<p>Rijeka Area Bike Trails include the area of the municipalities and cities of Kastav, Klana, Vi\u0161kovo, Rijeka, Jelenje, \u010cavle, Kostrena and Bakar. <\/p>\n\n\n\n<p>The brochure and map offer information on the area, attractions and interesting things to see and experience. It will help you find your way around the bike route and plan a combination of linked paths. You can get a copy at a tourist office. <\/p>\n\n\n\n<p>For a digital copy, please see below. <\/p>\n\n\n\n<div class=\"wp-block-file\"><a href=\"https:\/\/visitviskovo.hr\/wp-content\/uploads\/2019\/07\/Biciklisti\u010dka-karta-Rije\u010dkog-prstena-1.pdf\">Map of cycling paths of the Rijeka area<\/a><a href=\"https:\/\/visitviskovo.hr\/wp-content\/uploads\/2019\/07\/Biciklisti\u010dka-karta-Rije\u010dkog-prstena-1.pdf\" class=\"wp-block-file__button\" download>Download<\/a><\/div>\n\n\n\n<div class=\"wp-block-file\"><a href=\"https:\/\/visitviskovo.hr\/wp-content\/uploads\/2019\/07\/Bro\u0161ura-Rije\u010dkog-prstena-1.pdf\">Brochure of cycling paths of the Rijeka area<\/a><a href=\"https:\/\/visitviskovo.hr\/wp-content\/uploads\/2019\/07\/Bro\u0161ura-Rije\u010dkog-prstena-1.pdf\" class=\"wp-block-file__button\" download>Download<\/a><\/div>\n","protected":false},"excerpt":{"rendered":"<p>Rijeka Area Bike Trails include the area of the municipalities and cities of Kastav, Klana, Vi\u0161kovo, Rijeka, Jelenje, \u010cavle, Kostrena and Bakar. The brochure and map offer information on the area, attractions and interesting things to see and experience. It will help you find your way around the bike route and plan a combination of [&hellip;]<\/p>\n","protected":false},"author":1,"featured_media":3480,"parent":3419,"menu_order":1,"comment_status":"closed","ping_status":"closed","template":"","meta":{"_acf_changed":false,"footnotes":""},"acf":[],"yoast_head":"<!-- This site is optimized with the Yoast SEO plugin v22.7 - https:\/\/yoast.com\/wordpress\/plugins\/seo\/ -->\n<title>The cycling paths of the Rijeka area - Turisti\u010dka zajednica op\u0107ine Vi\u0161kovo<\/title>\n<meta name=\"robots\" content=\"index, follow, max-snippet:-1, max-image-preview:large, max-video-preview:-1\" \/>\n<link rel=\"canonical\" href=\"https:\/\/visitviskovo.hr\/en\/what-to-do\/walking-and-cycling-trails\/the-cycling-paths-of-the-rijeka-area\/\" \/>\n<meta property=\"og:locale\" content=\"en_US\" \/>\n<meta property=\"og:type\" content=\"article\" \/>\n<meta property=\"og:title\" content=\"The cycling paths of the Rijeka area - Turisti\u010dka zajednica op\u0107ine Vi\u0161kovo\" \/>\n<meta property=\"og:description\" content=\"Rijeka Area Bike Trails include the area of the municipalities and cities of Kastav, Klana, Vi\u0161kovo, Rijeka, Jelenje, \u010cavle, Kostrena and Bakar. The brochure and map offer information on the area, attractions and interesting things to see and experience. It will help you find your way around the bike route and plan a combination of [&hellip;]\" \/>\n<meta property=\"og:url\" content=\"https:\/\/visitviskovo.hr\/en\/what-to-do\/walking-and-cycling-trails\/the-cycling-paths-of-the-rijeka-area\/\" \/>\n<meta property=\"og:site_name\" content=\"Turisti\u010dka zajednica op\u0107ine Vi\u0161kovo\" \/>\n<meta property=\"article:publisher\" content=\"https:\/\/web.facebook.com\/VisitViskovo\" \/>\n<meta property=\"article:modified_time\" content=\"2019-08-19T13:10:02+00:00\" \/>\n<meta property=\"og:image\" content=\"https:\/\/visitviskovo.hr\/wp-content\/uploads\/2019\/07\/20150506160000000000-main.jpg\" \/>\n\t<meta property=\"og:image:width\" content=\"896\" \/>\n\t<meta property=\"og:image:height\" content=\"600\" \/>\n\t<meta property=\"og:image:type\" content=\"image\/jpeg\" \/>\n<meta name=\"twitter:card\" content=\"summary_large_image\" \/>\n<script type=\"application\/ld+json\" class=\"yoast-schema-graph\">{\"@context\":\"https:\/\/schema.org\",\"@graph\":[{\"@type\":\"WebPage\",\"@id\":\"https:\/\/visitviskovo.hr\/en\/what-to-do\/walking-and-cycling-trails\/the-cycling-paths-of-the-rijeka-area\/\",\"url\":\"https:\/\/visitviskovo.hr\/en\/what-to-do\/walking-and-cycling-trails\/the-cycling-paths-of-the-rijeka-area\/\",\"name\":\"The cycling paths of the Rijeka area - Turisti\u010dka zajednica op\u0107ine Vi\u0161kovo\",\"isPartOf\":{\"@id\":\"https:\/\/visitviskovo.hr\/it\/#website\"},\"primaryImageOfPage\":{\"@id\":\"https:\/\/visitviskovo.hr\/en\/what-to-do\/walking-and-cycling-trails\/the-cycling-paths-of-the-rijeka-area\/#primaryimage\"},\"image\":{\"@id\":\"https:\/\/visitviskovo.hr\/en\/what-to-do\/walking-and-cycling-trails\/the-cycling-paths-of-the-rijeka-area\/#primaryimage\"},\"thumbnailUrl\":\"https:\/\/visitviskovo.hr\/wp-content\/uploads\/2019\/07\/20150506160000000000-main.jpg\",\"datePublished\":\"2019-08-19T13:10:01+00:00\",\"dateModified\":\"2019-08-19T13:10:02+00:00\",\"breadcrumb\":{\"@id\":\"https:\/\/visitviskovo.hr\/en\/what-to-do\/walking-and-cycling-trails\/the-cycling-paths-of-the-rijeka-area\/#breadcrumb\"},\"inLanguage\":\"en-US\",\"potentialAction\":[{\"@type\":\"ReadAction\",\"target\":[\"https:\/\/visitviskovo.hr\/en\/what-to-do\/walking-and-cycling-trails\/the-cycling-paths-of-the-rijeka-area\/\"]}]},{\"@type\":\"ImageObject\",\"inLanguage\":\"en-US\",\"@id\":\"https:\/\/visitviskovo.hr\/en\/what-to-do\/walking-and-cycling-trails\/the-cycling-paths-of-the-rijeka-area\/#primaryimage\",\"url\":\"https:\/\/visitviskovo.hr\/wp-content\/uploads\/2019\/07\/20150506160000000000-main.jpg\",\"contentUrl\":\"https:\/\/visitviskovo.hr\/wp-content\/uploads\/2019\/07\/20150506160000000000-main.jpg\",\"width\":896,\"height\":600},{\"@type\":\"BreadcrumbList\",\"@id\":\"https:\/\/visitviskovo.hr\/en\/what-to-do\/walking-and-cycling-trails\/the-cycling-paths-of-the-rijeka-area\/#breadcrumb\",\"itemListElement\":[{\"@type\":\"ListItem\",\"position\":1,\"name\":\"Home\",\"item\":\"https:\/\/visitviskovo.hr\/en\/\"},{\"@type\":\"ListItem\",\"position\":2,\"name\":\"What to do\",\"item\":\"https:\/\/visitviskovo.hr\/en\/what-to-do\/\"},{\"@type\":\"ListItem\",\"position\":3,\"name\":\"Walking and cycling trails\",\"item\":\"https:\/\/visitviskovo.hr\/en\/what-to-do\/walking-and-cycling-trails\/\"},{\"@type\":\"ListItem\",\"position\":4,\"name\":\"The cycling paths of the Rijeka area\"}]},{\"@type\":\"WebSite\",\"@id\":\"https:\/\/visitviskovo.hr\/it\/#website\",\"url\":\"https:\/\/visitviskovo.hr\/it\/\",\"name\":\"Turisti\u010dka zajednica op\u0107ine Vi\u0161kovo\",\"description\":\"\",\"potentialAction\":[{\"@type\":\"SearchAction\",\"target\":{\"@type\":\"EntryPoint\",\"urlTemplate\":\"https:\/\/visitviskovo.hr\/it\/?s={search_term_string}\"},\"query-input\":\"required name=search_term_string\"}],\"inLanguage\":\"en-US\"}]}<\/script>\n<!-- \/ Yoast SEO plugin. -->","yoast_head_json":{"title":"The cycling paths of the Rijeka area - Turisti\u010dka zajednica op\u0107ine Vi\u0161kovo","robots":{"index":"index","follow":"follow","max-snippet":"max-snippet:-1","max-image-preview":"max-image-preview:large","max-video-preview":"max-video-preview:-1"},"canonical":"https:\/\/visitviskovo.hr\/en\/what-to-do\/walking-and-cycling-trails\/the-cycling-paths-of-the-rijeka-area\/","og_locale":"en_US","og_type":"article","og_title":"The cycling paths of the Rijeka area - Turisti\u010dka zajednica op\u0107ine Vi\u0161kovo","og_description":"Rijeka Area Bike Trails include the area of the municipalities and cities of Kastav, Klana, Vi\u0161kovo, Rijeka, Jelenje, \u010cavle, Kostrena and Bakar. The brochure and map offer information on the area, attractions and interesting things to see and experience. It will help you find your way around the bike route and plan a combination of [&hellip;]","og_url":"https:\/\/visitviskovo.hr\/en\/what-to-do\/walking-and-cycling-trails\/the-cycling-paths-of-the-rijeka-area\/","og_site_name":"Turisti\u010dka zajednica op\u0107ine Vi\u0161kovo","article_publisher":"https:\/\/web.facebook.com\/VisitViskovo","article_modified_time":"2019-08-19T13:10:02+00:00","og_image":[{"width":896,"height":600,"url":"https:\/\/visitviskovo.hr\/wp-content\/uploads\/2019\/07\/20150506160000000000-main.jpg","type":"image\/jpeg"}],"twitter_card":"summary_large_image","schema":{"@context":"https:\/\/schema.org","@graph":[{"@type":"WebPage","@id":"https:\/\/visitviskovo.hr\/en\/what-to-do\/walking-and-cycling-trails\/the-cycling-paths-of-the-rijeka-area\/","url":"https:\/\/visitviskovo.hr\/en\/what-to-do\/walking-and-cycling-trails\/the-cycling-paths-of-the-rijeka-area\/","name":"The cycling paths of the Rijeka area - Turisti\u010dka zajednica op\u0107ine Vi\u0161kovo","isPartOf":{"@id":"https:\/\/visitviskovo.hr\/it\/#website"},"primaryImageOfPage":{"@id":"https:\/\/visitviskovo.hr\/en\/what-to-do\/walking-and-cycling-trails\/the-cycling-paths-of-the-rijeka-area\/#primaryimage"},"image":{"@id":"https:\/\/visitviskovo.hr\/en\/what-to-do\/walking-and-cycling-trails\/the-cycling-paths-of-the-rijeka-area\/#primaryimage"},"thumbnailUrl":"https:\/\/visitviskovo.hr\/wp-content\/uploads\/2019\/07\/20150506160000000000-main.jpg","datePublished":"2019-08-19T13:10:01+00:00","dateModified":"2019-08-19T13:10:02+00:00","breadcrumb":{"@id":"https:\/\/visitviskovo.hr\/en\/what-to-do\/walking-and-cycling-trails\/the-cycling-paths-of-the-rijeka-area\/#breadcrumb"},"inLanguage":"en-US","potentialAction":[{"@type":"ReadAction","target":["https:\/\/visitviskovo.hr\/en\/what-to-do\/walking-and-cycling-trails\/the-cycling-paths-of-the-rijeka-area\/"]}]},{"@type":"ImageObject","inLanguage":"en-US","@id":"https:\/\/visitviskovo.hr\/en\/what-to-do\/walking-and-cycling-trails\/the-cycling-paths-of-the-rijeka-area\/#primaryimage","url":"https:\/\/visitviskovo.hr\/wp-content\/uploads\/2019\/07\/20150506160000000000-main.jpg","contentUrl":"https:\/\/visitviskovo.hr\/wp-content\/uploads\/2019\/07\/20150506160000000000-main.jpg","width":896,"height":600},{"@type":"BreadcrumbList","@id":"https:\/\/visitviskovo.hr\/en\/what-to-do\/walking-and-cycling-trails\/the-cycling-paths-of-the-rijeka-area\/#breadcrumb","itemListElement":[{"@type":"ListItem","position":1,"name":"Home","item":"https:\/\/visitviskovo.hr\/en\/"},{"@type":"ListItem","position":2,"name":"What to do","item":"https:\/\/visitviskovo.hr\/en\/what-to-do\/"},{"@type":"ListItem","position":3,"name":"Walking and cycling trails","item":"https:\/\/visitviskovo.hr\/en\/what-to-do\/walking-and-cycling-trails\/"},{"@type":"ListItem","position":4,"name":"The cycling paths of the Rijeka area"}]},{"@type":"WebSite","@id":"https:\/\/visitviskovo.hr\/it\/#website","url":"https:\/\/visitviskovo.hr\/it\/","name":"Turisti\u010dka zajednica op\u0107ine Vi\u0161kovo","description":"","potentialAction":[{"@type":"SearchAction","target":{"@type":"EntryPoint","urlTemplate":"https:\/\/visitviskovo.hr\/it\/?s={search_term_string}"},"query-input":"required name=search_term_string"}],"inLanguage":"en-US"}]}},"_links":{"self":[{"href":"https:\/\/visitviskovo.hr\/en\/wp-json\/wp\/v2\/pages\/3477"}],"collection":[{"href":"https:\/\/visitviskovo.hr\/en\/wp-json\/wp\/v2\/pages"}],"about":[{"href":"https:\/\/visitviskovo.hr\/en\/wp-json\/wp\/v2\/types\/page"}],"author":[{"embeddable":true,"href":"https:\/\/visitviskovo.hr\/en\/wp-json\/wp\/v2\/users\/1"}],"replies":[{"embeddable":true,"href":"https:\/\/visitviskovo.hr\/en\/wp-json\/wp\/v2\/comments?post=3477"}],"version-history":[{"count":1,"href":"https:\/\/visitviskovo.hr\/en\/wp-json\/wp\/v2\/pages\/3477\/revisions"}],"predecessor-version":[{"id":3478,"href":"https:\/\/visitviskovo.hr\/en\/wp-json\/wp\/v2\/pages\/3477\/revisions\/3478"}],"up":[{"embeddable":true,"href":"https:\/\/visitviskovo.hr\/en\/wp-json\/wp\/v2\/pages\/3419"}],"wp:featuredmedia":[{"embeddable":true,"href":"https:\/\/visitviskovo.hr\/en\/wp-json\/wp\/v2\/media\/3480"}],"wp:attachment":[{"href":"https:\/\/visitviskovo.hr\/en\/wp-json\/wp\/v2\/media?parent=3477"}],"curies":[{"name":"wp","href":"https:\/\/api.w.org\/{rel}","templated":true}]}}