{"id":3488,"date":"2019-08-19T13:13:01","date_gmt":"2019-08-19T13:13:01","guid":{"rendered":"https:\/\/visitviskovo.hr\/?page_id=3488"},"modified":"2020-05-12T12:17:35","modified_gmt":"2020-05-12T12:17:35","slug":"sport","status":"publish","type":"page","link":"https:\/\/visitviskovo.hr\/en\/what-to-do\/sport\/","title":{"rendered":"Sport"},"content":{"rendered":"\n<h2 class=\"wp-block-heading\"><strong>Sports Park Ronjgi\u00a0<\/strong><\/h2>\n\n\n\n<p>Address: Ronjgi bb, Vi\u0161kovo<br>tel: +385 51 504 085<\/p>\n\n\n\n<h2 class=\"wp-block-heading\"><strong>Stream &#8211; Sport Centre<\/strong><\/h2>\n\n\n\n<p>Stream Sport Centre is located in Marini\u0107i and covers 450 m<sup>2<\/sup>&nbsp;indoors and 1,500 m<sup>2<\/sup>&nbsp;outdoors. The centre includes a gym, aerobics hall, sauna, solarium, two indoor five-a-side football courts with artificial grass (indoor and outdoor), and a covered cageball court with artificial grass.<\/p>\n\n\n\n<p>The centre also offers table tennis, aerobics, Pilates, Tae-Bo, kick-boxing, recreational activities, and classic and sports massages. After training, visitors can relax in a pleasant atmosphere and order a refreshing drink or protein shake at the protein bar.<\/p>\n\n\n\n<p>Address: Marini\u0107i bb, Vi\u0161kovo <br>tel 1: +385 51 256 706<br>tel 2: +385 91 8848 173<br>e-mail: stream-sc@email.t-com.hr <\/p>\n\n\n\n<p>WORKING HOURS:&nbsp;<br>Monday &#8211; Friday 9:00 to 22:00&nbsp;<br>Saturday 10:00 to 14:00&nbsp;<br>Closed on Sunday&nbsp;<\/p>\n\n\n\n<h2 class=\"wp-block-heading\"><strong>Fitness &amp; wellness centar HULK<\/strong><\/h2>\n\n\n\n<p>Hulk Fitness &amp; Wellness Centre is located in Stupari. It offers a complete programme for keeping in shape as well as various wellness programmes.<\/p>\n\n\n\n<p>Address: Stupari 26A, Marini\u0107i, Vi\u0161kovo<br>tel: +385 51 681 934 <\/p>\n\n\n\n<h2 class=\"wp-block-heading\"><strong>Mountaineering Association Vi\u0161kovo<\/strong><\/h2>\n\n\n\n<p>Vi\u0161kovo Mountaineering Association was founded on 20th &nbsp;February of 2007. and already on 23rd of april 2007 was admitted to membership of the Croatian Mountaineering Association, thus becoming a member of many families across the Croatian mountain societies. The association cultivates and develops mountaineeringrecreation and skills, encouraging love for nature and conservation of natural beauty. Members of the Association are working on personal training, two members &nbsp;have already completed the course for markers with the Commission for mountain paths of Croatian Mountaineering Association.<\/p>\n\n\n\n<p>The Association informs the villagers about their activities on the information panels in front of the mail Vi\u0161kovo postoffice.<br><br>Address: PD VI\u0160KOVO, D. Sroki 16, VI\u0160KOVO 51216,\u00a0<br>e-mail:  pdviskovo@gmail.com <br>Website:\u00a0<a href=\"http:\/\/www.pd-viskovo.hr\/\">www.pd-viskovo.hr<\/a><\/p>\n","protected":false},"excerpt":{"rendered":"<p>Sports Park Ronjgi\u00a0 Address: Ronjgi bb, Vi\u0161kovotel: +385 51 504 085 Stream &#8211; Sport Centre Stream Sport Centre is located in Marini\u0107i and covers 450 m2&nbsp;indoors and 1,500 m2&nbsp;outdoors. The centre includes a gym, aerobics hall, sauna, solarium, two indoor five-a-side football courts with artificial grass (indoor and outdoor), and a covered cageball court with [&hellip;]<\/p>\n","protected":false},"author":1,"featured_media":3497,"parent":3922,"menu_order":0,"comment_status":"closed","ping_status":"closed","template":"","meta":{"_acf_changed":false,"footnotes":""},"acf":[],"yoast_head":"<!-- This site is optimized with the Yoast SEO plugin v22.7 - https:\/\/yoast.com\/wordpress\/plugins\/seo\/ -->\n<title>Sport - Turisti\u010dka zajednica op\u0107ine Vi\u0161kovo<\/title>\n<meta name=\"robots\" content=\"index, follow, max-snippet:-1, max-image-preview:large, max-video-preview:-1\" \/>\n<link rel=\"canonical\" href=\"https:\/\/visitviskovo.hr\/en\/what-to-do\/sport\/\" \/>\n<meta property=\"og:locale\" content=\"en_US\" \/>\n<meta property=\"og:type\" content=\"article\" \/>\n<meta property=\"og:title\" content=\"Sport - Turisti\u010dka zajednica op\u0107ine Vi\u0161kovo\" \/>\n<meta property=\"og:description\" content=\"Sports Park Ronjgi\u00a0 Address: Ronjgi bb, Vi\u0161kovotel: +385 51 504 085 Stream &#8211; Sport Centre Stream Sport Centre is located in Marini\u0107i and covers 450 m2&nbsp;indoors and 1,500 m2&nbsp;outdoors. The centre includes a gym, aerobics hall, sauna, solarium, two indoor five-a-side football courts with artificial grass (indoor and outdoor), and a covered cageball court with [&hellip;]\" \/>\n<meta property=\"og:url\" content=\"https:\/\/visitviskovo.hr\/en\/what-to-do\/sport\/\" \/>\n<meta property=\"og:site_name\" content=\"Turisti\u010dka zajednica op\u0107ine Vi\u0161kovo\" \/>\n<meta property=\"article:publisher\" content=\"https:\/\/web.facebook.com\/VisitViskovo\" \/>\n<meta property=\"article:modified_time\" content=\"2020-05-12T12:17:35+00:00\" \/>\n<meta property=\"og:image\" content=\"https:\/\/visitviskovo.hr\/wp-content\/uploads\/2019\/08\/20160721150901000000-main.jpg\" \/>\n\t<meta property=\"og:image:width\" content=\"900\" \/>\n\t<meta property=\"og:image:height\" content=\"600\" \/>\n\t<meta property=\"og:image:type\" content=\"image\/jpeg\" \/>\n<meta name=\"twitter:card\" content=\"summary_large_image\" \/>\n<meta name=\"twitter:label1\" content=\"Est. reading time\" \/>\n\t<meta name=\"twitter:data1\" content=\"1 minute\" \/>\n<script type=\"application\/ld+json\" class=\"yoast-schema-graph\">{\"@context\":\"https:\/\/schema.org\",\"@graph\":[{\"@type\":\"WebPage\",\"@id\":\"https:\/\/visitviskovo.hr\/en\/what-to-do\/sport\/\",\"url\":\"https:\/\/visitviskovo.hr\/en\/what-to-do\/sport\/\",\"name\":\"Sport - Turisti\u010dka zajednica op\u0107ine Vi\u0161kovo\",\"isPartOf\":{\"@id\":\"https:\/\/visitviskovo.hr\/it\/#website\"},\"primaryImageOfPage\":{\"@id\":\"https:\/\/visitviskovo.hr\/en\/what-to-do\/sport\/#primaryimage\"},\"image\":{\"@id\":\"https:\/\/visitviskovo.hr\/en\/what-to-do\/sport\/#primaryimage\"},\"thumbnailUrl\":\"https:\/\/visitviskovo.hr\/wp-content\/uploads\/2019\/08\/20160721150901000000-main.jpg\",\"datePublished\":\"2019-08-19T13:13:01+00:00\",\"dateModified\":\"2020-05-12T12:17:35+00:00\",\"breadcrumb\":{\"@id\":\"https:\/\/visitviskovo.hr\/en\/what-to-do\/sport\/#breadcrumb\"},\"inLanguage\":\"en-US\",\"potentialAction\":[{\"@type\":\"ReadAction\",\"target\":[\"https:\/\/visitviskovo.hr\/en\/what-to-do\/sport\/\"]}]},{\"@type\":\"ImageObject\",\"inLanguage\":\"en-US\",\"@id\":\"https:\/\/visitviskovo.hr\/en\/what-to-do\/sport\/#primaryimage\",\"url\":\"https:\/\/visitviskovo.hr\/wp-content\/uploads\/2019\/08\/20160721150901000000-main.jpg\",\"contentUrl\":\"https:\/\/visitviskovo.hr\/wp-content\/uploads\/2019\/08\/20160721150901000000-main.jpg\",\"width\":900,\"height\":600},{\"@type\":\"BreadcrumbList\",\"@id\":\"https:\/\/visitviskovo.hr\/en\/what-to-do\/sport\/#breadcrumb\",\"itemListElement\":[{\"@type\":\"ListItem\",\"position\":1,\"name\":\"Home\",\"item\":\"https:\/\/visitviskovo.hr\/en\/\"},{\"@type\":\"ListItem\",\"position\":2,\"name\":\"What to do\",\"item\":\"https:\/\/visitviskovo.hr\/en\/what-to-do\/\"},{\"@type\":\"ListItem\",\"position\":3,\"name\":\"Sport\"}]},{\"@type\":\"WebSite\",\"@id\":\"https:\/\/visitviskovo.hr\/it\/#website\",\"url\":\"https:\/\/visitviskovo.hr\/it\/\",\"name\":\"Turisti\u010dka zajednica op\u0107ine Vi\u0161kovo\",\"description\":\"\",\"potentialAction\":[{\"@type\":\"SearchAction\",\"target\":{\"@type\":\"EntryPoint\",\"urlTemplate\":\"https:\/\/visitviskovo.hr\/it\/?s={search_term_string}\"},\"query-input\":\"required name=search_term_string\"}],\"inLanguage\":\"en-US\"}]}<\/script>\n<!-- \/ Yoast SEO plugin. -->","yoast_head_json":{"title":"Sport - Turisti\u010dka zajednica op\u0107ine Vi\u0161kovo","robots":{"index":"index","follow":"follow","max-snippet":"max-snippet:-1","max-image-preview":"max-image-preview:large","max-video-preview":"max-video-preview:-1"},"canonical":"https:\/\/visitviskovo.hr\/en\/what-to-do\/sport\/","og_locale":"en_US","og_type":"article","og_title":"Sport - Turisti\u010dka zajednica op\u0107ine Vi\u0161kovo","og_description":"Sports Park Ronjgi\u00a0 Address: Ronjgi bb, Vi\u0161kovotel: +385 51 504 085 Stream &#8211; Sport Centre Stream Sport Centre is located in Marini\u0107i and covers 450 m2&nbsp;indoors and 1,500 m2&nbsp;outdoors. The centre includes a gym, aerobics hall, sauna, solarium, two indoor five-a-side football courts with artificial grass (indoor and outdoor), and a covered cageball court with [&hellip;]","og_url":"https:\/\/visitviskovo.hr\/en\/what-to-do\/sport\/","og_site_name":"Turisti\u010dka zajednica op\u0107ine Vi\u0161kovo","article_publisher":"https:\/\/web.facebook.com\/VisitViskovo","article_modified_time":"2020-05-12T12:17:35+00:00","og_image":[{"width":900,"height":600,"url":"https:\/\/visitviskovo.hr\/wp-content\/uploads\/2019\/08\/20160721150901000000-main.jpg","type":"image\/jpeg"}],"twitter_card":"summary_large_image","twitter_misc":{"Est. reading time":"1 minute"},"schema":{"@context":"https:\/\/schema.org","@graph":[{"@type":"WebPage","@id":"https:\/\/visitviskovo.hr\/en\/what-to-do\/sport\/","url":"https:\/\/visitviskovo.hr\/en\/what-to-do\/sport\/","name":"Sport - Turisti\u010dka zajednica op\u0107ine Vi\u0161kovo","isPartOf":{"@id":"https:\/\/visitviskovo.hr\/it\/#website"},"primaryImageOfPage":{"@id":"https:\/\/visitviskovo.hr\/en\/what-to-do\/sport\/#primaryimage"},"image":{"@id":"https:\/\/visitviskovo.hr\/en\/what-to-do\/sport\/#primaryimage"},"thumbnailUrl":"https:\/\/visitviskovo.hr\/wp-content\/uploads\/2019\/08\/20160721150901000000-main.jpg","datePublished":"2019-08-19T13:13:01+00:00","dateModified":"2020-05-12T12:17:35+00:00","breadcrumb":{"@id":"https:\/\/visitviskovo.hr\/en\/what-to-do\/sport\/#breadcrumb"},"inLanguage":"en-US","potentialAction":[{"@type":"ReadAction","target":["https:\/\/visitviskovo.hr\/en\/what-to-do\/sport\/"]}]},{"@type":"ImageObject","inLanguage":"en-US","@id":"https:\/\/visitviskovo.hr\/en\/what-to-do\/sport\/#primaryimage","url":"https:\/\/visitviskovo.hr\/wp-content\/uploads\/2019\/08\/20160721150901000000-main.jpg","contentUrl":"https:\/\/visitviskovo.hr\/wp-content\/uploads\/2019\/08\/20160721150901000000-main.jpg","width":900,"height":600},{"@type":"BreadcrumbList","@id":"https:\/\/visitviskovo.hr\/en\/what-to-do\/sport\/#breadcrumb","itemListElement":[{"@type":"ListItem","position":1,"name":"Home","item":"https:\/\/visitviskovo.hr\/en\/"},{"@type":"ListItem","position":2,"name":"What to do","item":"https:\/\/visitviskovo.hr\/en\/what-to-do\/"},{"@type":"ListItem","position":3,"name":"Sport"}]},{"@type":"WebSite","@id":"https:\/\/visitviskovo.hr\/it\/#website","url":"https:\/\/visitviskovo.hr\/it\/","name":"Turisti\u010dka zajednica op\u0107ine Vi\u0161kovo","description":"","potentialAction":[{"@type":"SearchAction","target":{"@type":"EntryPoint","urlTemplate":"https:\/\/visitviskovo.hr\/it\/?s={search_term_string}"},"query-input":"required name=search_term_string"}],"inLanguage":"en-US"}]}},"_links":{"self":[{"href":"https:\/\/visitviskovo.hr\/en\/wp-json\/wp\/v2\/pages\/3488"}],"collection":[{"href":"https:\/\/visitviskovo.hr\/en\/wp-json\/wp\/v2\/pages"}],"about":[{"href":"https:\/\/visitviskovo.hr\/en\/wp-json\/wp\/v2\/types\/page"}],"author":[{"embeddable":true,"href":"https:\/\/visitviskovo.hr\/en\/wp-json\/wp\/v2\/users\/1"}],"replies":[{"embeddable":true,"href":"https:\/\/visitviskovo.hr\/en\/wp-json\/wp\/v2\/comments?post=3488"}],"version-history":[{"count":6,"href":"https:\/\/visitviskovo.hr\/en\/wp-json\/wp\/v2\/pages\/3488\/revisions"}],"predecessor-version":[{"id":13558,"href":"https:\/\/visitviskovo.hr\/en\/wp-json\/wp\/v2\/pages\/3488\/revisions\/13558"}],"up":[{"embeddable":true,"href":"https:\/\/visitviskovo.hr\/en\/wp-json\/wp\/v2\/pages\/3922"}],"wp:featuredmedia":[{"embeddable":true,"href":"https:\/\/visitviskovo.hr\/en\/wp-json\/wp\/v2\/media\/3497"}],"wp:attachment":[{"href":"https:\/\/visitviskovo.hr\/en\/wp-json\/wp\/v2\/media?parent=3488"}],"curies":[{"name":"wp","href":"https:\/\/api.w.org\/{rel}","templated":true}]}}