{"id":3498,"date":"2019-08-19T13:14:35","date_gmt":"2019-08-19T13:14:35","guid":{"rendered":"https:\/\/visitviskovo.hr\/?page_id=3498"},"modified":"2020-09-16T11:58:56","modified_gmt":"2020-09-16T11:58:56","slug":"open-air-gallery-and-viewpoint","status":"publish","type":"page","link":"https:\/\/visitviskovo.hr\/en\/what-to-do\/open-air-gallery-and-viewpoint\/","title":{"rendered":"Open-air gallery and viewpoint"},"content":{"rendered":"\n<p>Lon\u010deva Gri\u017ea is a viewpoint located in Lu\u010di\u0107i at an altitude of 506 m that offers wonderful views of Kvarner Bay, Grobnik Field, Gorski Kotar, Velebit and neighbouring Slovenia. The word \u2018gri\u017ea\u2019 means a pile of rocks and stones. From the top of this pile, under which is an old quarry, one can enjoy a panoramic view of the surrounding area: the \u2018Grobnik Alps\u2019 to the north and then, moving right, to the mountains of Gorski Kotar and Velebit, Kvarner Bay with its islands and the Vela Vrata channel, Mount U\u010dka, and finally Slovenia in the distance.\u00a0 On the north side of the ridge is a narrow valley with scattered villages and the winding River Rje\u010dina. Looking right towards the south-east, there is the old town of Grobnik with its castle at the top of the hill.<\/p>\n\n\n\n<p>There used to be a quarry nearby, which is explained to visitors on the interpretation boards along the educational trail. Thanks to research by Damir Petrc, the rocks beneath the vantage point feature an exhibition of old stone carving and cutting tools, which gives visitors the opportunity to learn more about this subject at its original site.<\/p>\n\n\n\n<p>The same rocks also feature an open-air exhibition of artwork by members of the&nbsp;<em>Bra\u0107a Ba\u0161tjan<\/em> Amateur Artists Association inspired by the traditional motifs of the Vi\u0161kovo area.<\/p>\n","protected":false},"excerpt":{"rendered":"<p>Lon\u010deva Gri\u017ea is a viewpoint located in Lu\u010di\u0107i at an altitude of 506 m that offers wonderful views of Kvarner Bay, Grobnik Field, Gorski Kotar, Velebit and neighbouring Slovenia. The word \u2018gri\u017ea\u2019 means a pile of rocks and stones. From the top of this pile, under which is an old quarry, one can enjoy a [&hellip;]<\/p>\n","protected":false},"author":1,"featured_media":8854,"parent":3922,"menu_order":0,"comment_status":"closed","ping_status":"closed","template":"","meta":{"_acf_changed":false,"footnotes":""},"acf":[],"yoast_head":"<!-- This site is optimized with the Yoast SEO plugin v22.7 - https:\/\/yoast.com\/wordpress\/plugins\/seo\/ -->\n<title>Open-air gallery and viewpoint - Turisti\u010dka zajednica op\u0107ine Vi\u0161kovo<\/title>\n<meta name=\"robots\" content=\"index, follow, max-snippet:-1, max-image-preview:large, max-video-preview:-1\" \/>\n<link rel=\"canonical\" href=\"https:\/\/visitviskovo.hr\/en\/what-to-do\/open-air-gallery-and-viewpoint\/\" \/>\n<meta property=\"og:locale\" content=\"en_US\" \/>\n<meta property=\"og:type\" content=\"article\" \/>\n<meta property=\"og:title\" content=\"Open-air gallery and viewpoint - Turisti\u010dka zajednica op\u0107ine Vi\u0161kovo\" \/>\n<meta property=\"og:description\" content=\"Lon\u010deva Gri\u017ea is a viewpoint located in Lu\u010di\u0107i at an altitude of 506 m that offers wonderful views of Kvarner Bay, Grobnik Field, Gorski Kotar, Velebit and neighbouring Slovenia. The word \u2018gri\u017ea\u2019 means a pile of rocks and stones. From the top of this pile, under which is an old quarry, one can enjoy a [&hellip;]\" \/>\n<meta property=\"og:url\" content=\"https:\/\/visitviskovo.hr\/en\/what-to-do\/open-air-gallery-and-viewpoint\/\" \/>\n<meta property=\"og:site_name\" content=\"Turisti\u010dka zajednica op\u0107ine Vi\u0161kovo\" \/>\n<meta property=\"article:publisher\" content=\"https:\/\/web.facebook.com\/VisitViskovo\" \/>\n<meta property=\"article:modified_time\" content=\"2020-09-16T11:58:56+00:00\" \/>\n<meta property=\"og:image\" content=\"https:\/\/visitviskovo.hr\/wp-content\/uploads\/2019\/10\/TZ-Viskovo_11072019_070.jpg\" \/>\n\t<meta property=\"og:image:width\" content=\"1024\" \/>\n\t<meta property=\"og:image:height\" content=\"682\" \/>\n\t<meta property=\"og:image:type\" content=\"image\/jpeg\" \/>\n<meta name=\"twitter:card\" content=\"summary_large_image\" \/>\n<meta name=\"twitter:label1\" content=\"Est. reading time\" \/>\n\t<meta name=\"twitter:data1\" content=\"1 minute\" \/>\n<script type=\"application\/ld+json\" class=\"yoast-schema-graph\">{\"@context\":\"https:\/\/schema.org\",\"@graph\":[{\"@type\":\"WebPage\",\"@id\":\"https:\/\/visitviskovo.hr\/en\/what-to-do\/open-air-gallery-and-viewpoint\/\",\"url\":\"https:\/\/visitviskovo.hr\/en\/what-to-do\/open-air-gallery-and-viewpoint\/\",\"name\":\"Open-air gallery and viewpoint - Turisti\u010dka zajednica op\u0107ine Vi\u0161kovo\",\"isPartOf\":{\"@id\":\"https:\/\/visitviskovo.hr\/it\/#website\"},\"primaryImageOfPage\":{\"@id\":\"https:\/\/visitviskovo.hr\/en\/what-to-do\/open-air-gallery-and-viewpoint\/#primaryimage\"},\"image\":{\"@id\":\"https:\/\/visitviskovo.hr\/en\/what-to-do\/open-air-gallery-and-viewpoint\/#primaryimage\"},\"thumbnailUrl\":\"https:\/\/visitviskovo.hr\/wp-content\/uploads\/2019\/10\/TZ-Viskovo_11072019_070.jpg\",\"datePublished\":\"2019-08-19T13:14:35+00:00\",\"dateModified\":\"2020-09-16T11:58:56+00:00\",\"breadcrumb\":{\"@id\":\"https:\/\/visitviskovo.hr\/en\/what-to-do\/open-air-gallery-and-viewpoint\/#breadcrumb\"},\"inLanguage\":\"en-US\",\"potentialAction\":[{\"@type\":\"ReadAction\",\"target\":[\"https:\/\/visitviskovo.hr\/en\/what-to-do\/open-air-gallery-and-viewpoint\/\"]}]},{\"@type\":\"ImageObject\",\"inLanguage\":\"en-US\",\"@id\":\"https:\/\/visitviskovo.hr\/en\/what-to-do\/open-air-gallery-and-viewpoint\/#primaryimage\",\"url\":\"https:\/\/visitviskovo.hr\/wp-content\/uploads\/2019\/10\/TZ-Viskovo_11072019_070.jpg\",\"contentUrl\":\"https:\/\/visitviskovo.hr\/wp-content\/uploads\/2019\/10\/TZ-Viskovo_11072019_070.jpg\",\"width\":1024,\"height\":682},{\"@type\":\"BreadcrumbList\",\"@id\":\"https:\/\/visitviskovo.hr\/en\/what-to-do\/open-air-gallery-and-viewpoint\/#breadcrumb\",\"itemListElement\":[{\"@type\":\"ListItem\",\"position\":1,\"name\":\"Home\",\"item\":\"https:\/\/visitviskovo.hr\/en\/\"},{\"@type\":\"ListItem\",\"position\":2,\"name\":\"What to do\",\"item\":\"https:\/\/visitviskovo.hr\/en\/what-to-do\/\"},{\"@type\":\"ListItem\",\"position\":3,\"name\":\"Open-air gallery and viewpoint\"}]},{\"@type\":\"WebSite\",\"@id\":\"https:\/\/visitviskovo.hr\/it\/#website\",\"url\":\"https:\/\/visitviskovo.hr\/it\/\",\"name\":\"Turisti\u010dka zajednica op\u0107ine Vi\u0161kovo\",\"description\":\"\",\"potentialAction\":[{\"@type\":\"SearchAction\",\"target\":{\"@type\":\"EntryPoint\",\"urlTemplate\":\"https:\/\/visitviskovo.hr\/it\/?s={search_term_string}\"},\"query-input\":\"required name=search_term_string\"}],\"inLanguage\":\"en-US\"}]}<\/script>\n<!-- \/ Yoast SEO plugin. -->","yoast_head_json":{"title":"Open-air gallery and viewpoint - Turisti\u010dka zajednica op\u0107ine Vi\u0161kovo","robots":{"index":"index","follow":"follow","max-snippet":"max-snippet:-1","max-image-preview":"max-image-preview:large","max-video-preview":"max-video-preview:-1"},"canonical":"https:\/\/visitviskovo.hr\/en\/what-to-do\/open-air-gallery-and-viewpoint\/","og_locale":"en_US","og_type":"article","og_title":"Open-air gallery and viewpoint - Turisti\u010dka zajednica op\u0107ine Vi\u0161kovo","og_description":"Lon\u010deva Gri\u017ea is a viewpoint located in Lu\u010di\u0107i at an altitude of 506 m that offers wonderful views of Kvarner Bay, Grobnik Field, Gorski Kotar, Velebit and neighbouring Slovenia. The word \u2018gri\u017ea\u2019 means a pile of rocks and stones. From the top of this pile, under which is an old quarry, one can enjoy a [&hellip;]","og_url":"https:\/\/visitviskovo.hr\/en\/what-to-do\/open-air-gallery-and-viewpoint\/","og_site_name":"Turisti\u010dka zajednica op\u0107ine Vi\u0161kovo","article_publisher":"https:\/\/web.facebook.com\/VisitViskovo","article_modified_time":"2020-09-16T11:58:56+00:00","og_image":[{"width":1024,"height":682,"url":"https:\/\/visitviskovo.hr\/wp-content\/uploads\/2019\/10\/TZ-Viskovo_11072019_070.jpg","type":"image\/jpeg"}],"twitter_card":"summary_large_image","twitter_misc":{"Est. reading time":"1 minute"},"schema":{"@context":"https:\/\/schema.org","@graph":[{"@type":"WebPage","@id":"https:\/\/visitviskovo.hr\/en\/what-to-do\/open-air-gallery-and-viewpoint\/","url":"https:\/\/visitviskovo.hr\/en\/what-to-do\/open-air-gallery-and-viewpoint\/","name":"Open-air gallery and viewpoint - Turisti\u010dka zajednica op\u0107ine Vi\u0161kovo","isPartOf":{"@id":"https:\/\/visitviskovo.hr\/it\/#website"},"primaryImageOfPage":{"@id":"https:\/\/visitviskovo.hr\/en\/what-to-do\/open-air-gallery-and-viewpoint\/#primaryimage"},"image":{"@id":"https:\/\/visitviskovo.hr\/en\/what-to-do\/open-air-gallery-and-viewpoint\/#primaryimage"},"thumbnailUrl":"https:\/\/visitviskovo.hr\/wp-content\/uploads\/2019\/10\/TZ-Viskovo_11072019_070.jpg","datePublished":"2019-08-19T13:14:35+00:00","dateModified":"2020-09-16T11:58:56+00:00","breadcrumb":{"@id":"https:\/\/visitviskovo.hr\/en\/what-to-do\/open-air-gallery-and-viewpoint\/#breadcrumb"},"inLanguage":"en-US","potentialAction":[{"@type":"ReadAction","target":["https:\/\/visitviskovo.hr\/en\/what-to-do\/open-air-gallery-and-viewpoint\/"]}]},{"@type":"ImageObject","inLanguage":"en-US","@id":"https:\/\/visitviskovo.hr\/en\/what-to-do\/open-air-gallery-and-viewpoint\/#primaryimage","url":"https:\/\/visitviskovo.hr\/wp-content\/uploads\/2019\/10\/TZ-Viskovo_11072019_070.jpg","contentUrl":"https:\/\/visitviskovo.hr\/wp-content\/uploads\/2019\/10\/TZ-Viskovo_11072019_070.jpg","width":1024,"height":682},{"@type":"BreadcrumbList","@id":"https:\/\/visitviskovo.hr\/en\/what-to-do\/open-air-gallery-and-viewpoint\/#breadcrumb","itemListElement":[{"@type":"ListItem","position":1,"name":"Home","item":"https:\/\/visitviskovo.hr\/en\/"},{"@type":"ListItem","position":2,"name":"What to do","item":"https:\/\/visitviskovo.hr\/en\/what-to-do\/"},{"@type":"ListItem","position":3,"name":"Open-air gallery and viewpoint"}]},{"@type":"WebSite","@id":"https:\/\/visitviskovo.hr\/it\/#website","url":"https:\/\/visitviskovo.hr\/it\/","name":"Turisti\u010dka zajednica op\u0107ine Vi\u0161kovo","description":"","potentialAction":[{"@type":"SearchAction","target":{"@type":"EntryPoint","urlTemplate":"https:\/\/visitviskovo.hr\/it\/?s={search_term_string}"},"query-input":"required name=search_term_string"}],"inLanguage":"en-US"}]}},"_links":{"self":[{"href":"https:\/\/visitviskovo.hr\/en\/wp-json\/wp\/v2\/pages\/3498"}],"collection":[{"href":"https:\/\/visitviskovo.hr\/en\/wp-json\/wp\/v2\/pages"}],"about":[{"href":"https:\/\/visitviskovo.hr\/en\/wp-json\/wp\/v2\/types\/page"}],"author":[{"embeddable":true,"href":"https:\/\/visitviskovo.hr\/en\/wp-json\/wp\/v2\/users\/1"}],"replies":[{"embeddable":true,"href":"https:\/\/visitviskovo.hr\/en\/wp-json\/wp\/v2\/comments?post=3498"}],"version-history":[{"count":3,"href":"https:\/\/visitviskovo.hr\/en\/wp-json\/wp\/v2\/pages\/3498\/revisions"}],"predecessor-version":[{"id":15029,"href":"https:\/\/visitviskovo.hr\/en\/wp-json\/wp\/v2\/pages\/3498\/revisions\/15029"}],"up":[{"embeddable":true,"href":"https:\/\/visitviskovo.hr\/en\/wp-json\/wp\/v2\/pages\/3922"}],"wp:featuredmedia":[{"embeddable":true,"href":"https:\/\/visitviskovo.hr\/en\/wp-json\/wp\/v2\/media\/8854"}],"wp:attachment":[{"href":"https:\/\/visitviskovo.hr\/en\/wp-json\/wp\/v2\/media?parent=3498"}],"curies":[{"name":"wp","href":"https:\/\/api.w.org\/{rel}","templated":true}]}}