{"id":3513,"date":"2019-08-19T13:15:59","date_gmt":"2019-08-19T13:15:59","guid":{"rendered":"https:\/\/visitviskovo.hr\/?page_id=3513"},"modified":"2024-04-18T10:52:24","modified_gmt":"2024-04-18T10:52:24","slug":"viskovo-surroundings","status":"publish","type":"page","link":"https:\/\/visitviskovo.hr\/en\/what-to-do\/viskovo-surroundings\/","title":{"rendered":"Vi\u0161kovo surroundings"},"content":{"rendered":"\n<p>The surroundings of Vi\u0161kovo are a small but diverse environment rich in preserved nature, historical and cultural diversity. This unique and hospitable region, where layered history, tradition and dynamic everyday life meet, has a lot to offer. Visit the surroundings of Vi\u0161kovo, enjoy the diversity and peculiarities of neighboring places: <a href=\"https:\/\/rijekaoutdoor.com\/en\/\">Rijeka Outdoor<\/a><\/p>\n\n\n\n<p><em>Rijeka and the surroundings consist of a unique region which surprises with its natural, historical and cultural diversity. The pleasant Mediterranean climate has in many ways shaped the once royal town of Bakar, the important industrial port of Rijeka and the charming coastal towns of Kraljevica and Kostrena, whereas the mild continental climate has contributed to the forested areas of Jelenje, Klana, Kastav, Vi\u0161kovo and \u010cavle. In the same day, it is possible to climb the peaks of the popular Grobnik Alps and then to descend to one of the numerous beaches on the coastal stretch between Rijeka and Kraljevica. The views of the grassy slopes, the Adriatic Sea and the little towns situated on the hills of the Rijeka and the surroundings are intertwined with the urban bustle of the city of Rijeka.<\/em><\/p>\n\n\n\n<p><em>Once you take stop here, you will discover a relatively small, yet open and hospitable region where its layered history, dynamic traditions and busy everyday life are combined, there really is a lot of it on offer.<\/em><\/p>\n","protected":false},"excerpt":{"rendered":"<p>The surroundings of Vi\u0161kovo are a small but diverse environment rich in preserved nature, historical and cultural diversity. This unique and hospitable region, where layered history, tradition and dynamic everyday life meet, has a lot to offer. Visit the surroundings of Vi\u0161kovo, enjoy the diversity and peculiarities of neighboring places: Rijeka Outdoor Rijeka and the [&hellip;]<\/p>\n","protected":false},"author":1,"featured_media":3521,"parent":3922,"menu_order":0,"comment_status":"closed","ping_status":"closed","template":"child-pages.php","meta":{"_acf_changed":false,"footnotes":""},"acf":[],"yoast_head":"<!-- This site is optimized with the Yoast SEO plugin v22.7 - https:\/\/yoast.com\/wordpress\/plugins\/seo\/ -->\n<title>Vi\u0161kovo surroundings - Turisti\u010dka zajednica op\u0107ine Vi\u0161kovo<\/title>\n<meta name=\"robots\" content=\"index, follow, max-snippet:-1, max-image-preview:large, max-video-preview:-1\" \/>\n<link rel=\"canonical\" href=\"https:\/\/visitviskovo.hr\/en\/what-to-do\/viskovo-surroundings\/\" \/>\n<meta property=\"og:locale\" content=\"en_US\" \/>\n<meta property=\"og:type\" content=\"article\" \/>\n<meta property=\"og:title\" content=\"Vi\u0161kovo surroundings - Turisti\u010dka zajednica op\u0107ine Vi\u0161kovo\" \/>\n<meta property=\"og:description\" content=\"The surroundings of Vi\u0161kovo are a small but diverse environment rich in preserved nature, historical and cultural diversity. This unique and hospitable region, where layered history, tradition and dynamic everyday life meet, has a lot to offer. Visit the surroundings of Vi\u0161kovo, enjoy the diversity and peculiarities of neighboring places: Rijeka Outdoor Rijeka and the [&hellip;]\" \/>\n<meta property=\"og:url\" content=\"https:\/\/visitviskovo.hr\/en\/what-to-do\/viskovo-surroundings\/\" \/>\n<meta property=\"og:site_name\" content=\"Turisti\u010dka zajednica op\u0107ine Vi\u0161kovo\" \/>\n<meta property=\"article:publisher\" content=\"https:\/\/web.facebook.com\/VisitViskovo\" \/>\n<meta property=\"article:modified_time\" content=\"2024-04-18T10:52:24+00:00\" \/>\n<meta property=\"og:image\" content=\"https:\/\/visitviskovo.hr\/wp-content\/uploads\/2019\/07\/566aa2558cacb.jpg\" \/>\n\t<meta property=\"og:image:width\" content=\"350\" \/>\n\t<meta property=\"og:image:height\" content=\"525\" \/>\n\t<meta property=\"og:image:type\" content=\"image\/jpeg\" \/>\n<meta name=\"twitter:card\" content=\"summary_large_image\" \/>\n<meta name=\"twitter:label1\" content=\"Est. reading time\" \/>\n\t<meta name=\"twitter:data1\" content=\"2 minutes\" \/>\n<script type=\"application\/ld+json\" class=\"yoast-schema-graph\">{\"@context\":\"https:\/\/schema.org\",\"@graph\":[{\"@type\":\"WebPage\",\"@id\":\"https:\/\/visitviskovo.hr\/en\/what-to-do\/viskovo-surroundings\/\",\"url\":\"https:\/\/visitviskovo.hr\/en\/what-to-do\/viskovo-surroundings\/\",\"name\":\"Vi\u0161kovo surroundings - Turisti\u010dka zajednica op\u0107ine Vi\u0161kovo\",\"isPartOf\":{\"@id\":\"https:\/\/visitviskovo.hr\/it\/#website\"},\"primaryImageOfPage\":{\"@id\":\"https:\/\/visitviskovo.hr\/en\/what-to-do\/viskovo-surroundings\/#primaryimage\"},\"image\":{\"@id\":\"https:\/\/visitviskovo.hr\/en\/what-to-do\/viskovo-surroundings\/#primaryimage\"},\"thumbnailUrl\":\"https:\/\/visitviskovo.hr\/wp-content\/uploads\/2019\/07\/566aa2558cacb.jpg\",\"datePublished\":\"2019-08-19T13:15:59+00:00\",\"dateModified\":\"2024-04-18T10:52:24+00:00\",\"breadcrumb\":{\"@id\":\"https:\/\/visitviskovo.hr\/en\/what-to-do\/viskovo-surroundings\/#breadcrumb\"},\"inLanguage\":\"en-US\",\"potentialAction\":[{\"@type\":\"ReadAction\",\"target\":[\"https:\/\/visitviskovo.hr\/en\/what-to-do\/viskovo-surroundings\/\"]}]},{\"@type\":\"ImageObject\",\"inLanguage\":\"en-US\",\"@id\":\"https:\/\/visitviskovo.hr\/en\/what-to-do\/viskovo-surroundings\/#primaryimage\",\"url\":\"https:\/\/visitviskovo.hr\/wp-content\/uploads\/2019\/07\/566aa2558cacb.jpg\",\"contentUrl\":\"https:\/\/visitviskovo.hr\/wp-content\/uploads\/2019\/07\/566aa2558cacb.jpg\",\"width\":350,\"height\":525},{\"@type\":\"BreadcrumbList\",\"@id\":\"https:\/\/visitviskovo.hr\/en\/what-to-do\/viskovo-surroundings\/#breadcrumb\",\"itemListElement\":[{\"@type\":\"ListItem\",\"position\":1,\"name\":\"Home\",\"item\":\"https:\/\/visitviskovo.hr\/en\/\"},{\"@type\":\"ListItem\",\"position\":2,\"name\":\"What to do\",\"item\":\"https:\/\/visitviskovo.hr\/en\/what-to-do\/\"},{\"@type\":\"ListItem\",\"position\":3,\"name\":\"Vi\u0161kovo surroundings\"}]},{\"@type\":\"WebSite\",\"@id\":\"https:\/\/visitviskovo.hr\/it\/#website\",\"url\":\"https:\/\/visitviskovo.hr\/it\/\",\"name\":\"Turisti\u010dka zajednica op\u0107ine Vi\u0161kovo\",\"description\":\"\",\"potentialAction\":[{\"@type\":\"SearchAction\",\"target\":{\"@type\":\"EntryPoint\",\"urlTemplate\":\"https:\/\/visitviskovo.hr\/it\/?s={search_term_string}\"},\"query-input\":\"required name=search_term_string\"}],\"inLanguage\":\"en-US\"}]}<\/script>\n<!-- \/ Yoast SEO plugin. -->","yoast_head_json":{"title":"Vi\u0161kovo surroundings - Turisti\u010dka zajednica op\u0107ine Vi\u0161kovo","robots":{"index":"index","follow":"follow","max-snippet":"max-snippet:-1","max-image-preview":"max-image-preview:large","max-video-preview":"max-video-preview:-1"},"canonical":"https:\/\/visitviskovo.hr\/en\/what-to-do\/viskovo-surroundings\/","og_locale":"en_US","og_type":"article","og_title":"Vi\u0161kovo surroundings - Turisti\u010dka zajednica op\u0107ine Vi\u0161kovo","og_description":"The surroundings of Vi\u0161kovo are a small but diverse environment rich in preserved nature, historical and cultural diversity. This unique and hospitable region, where layered history, tradition and dynamic everyday life meet, has a lot to offer. Visit the surroundings of Vi\u0161kovo, enjoy the diversity and peculiarities of neighboring places: Rijeka Outdoor Rijeka and the [&hellip;]","og_url":"https:\/\/visitviskovo.hr\/en\/what-to-do\/viskovo-surroundings\/","og_site_name":"Turisti\u010dka zajednica op\u0107ine Vi\u0161kovo","article_publisher":"https:\/\/web.facebook.com\/VisitViskovo","article_modified_time":"2024-04-18T10:52:24+00:00","og_image":[{"width":350,"height":525,"url":"https:\/\/visitviskovo.hr\/wp-content\/uploads\/2019\/07\/566aa2558cacb.jpg","type":"image\/jpeg"}],"twitter_card":"summary_large_image","twitter_misc":{"Est. reading time":"2 minutes"},"schema":{"@context":"https:\/\/schema.org","@graph":[{"@type":"WebPage","@id":"https:\/\/visitviskovo.hr\/en\/what-to-do\/viskovo-surroundings\/","url":"https:\/\/visitviskovo.hr\/en\/what-to-do\/viskovo-surroundings\/","name":"Vi\u0161kovo surroundings - Turisti\u010dka zajednica op\u0107ine Vi\u0161kovo","isPartOf":{"@id":"https:\/\/visitviskovo.hr\/it\/#website"},"primaryImageOfPage":{"@id":"https:\/\/visitviskovo.hr\/en\/what-to-do\/viskovo-surroundings\/#primaryimage"},"image":{"@id":"https:\/\/visitviskovo.hr\/en\/what-to-do\/viskovo-surroundings\/#primaryimage"},"thumbnailUrl":"https:\/\/visitviskovo.hr\/wp-content\/uploads\/2019\/07\/566aa2558cacb.jpg","datePublished":"2019-08-19T13:15:59+00:00","dateModified":"2024-04-18T10:52:24+00:00","breadcrumb":{"@id":"https:\/\/visitviskovo.hr\/en\/what-to-do\/viskovo-surroundings\/#breadcrumb"},"inLanguage":"en-US","potentialAction":[{"@type":"ReadAction","target":["https:\/\/visitviskovo.hr\/en\/what-to-do\/viskovo-surroundings\/"]}]},{"@type":"ImageObject","inLanguage":"en-US","@id":"https:\/\/visitviskovo.hr\/en\/what-to-do\/viskovo-surroundings\/#primaryimage","url":"https:\/\/visitviskovo.hr\/wp-content\/uploads\/2019\/07\/566aa2558cacb.jpg","contentUrl":"https:\/\/visitviskovo.hr\/wp-content\/uploads\/2019\/07\/566aa2558cacb.jpg","width":350,"height":525},{"@type":"BreadcrumbList","@id":"https:\/\/visitviskovo.hr\/en\/what-to-do\/viskovo-surroundings\/#breadcrumb","itemListElement":[{"@type":"ListItem","position":1,"name":"Home","item":"https:\/\/visitviskovo.hr\/en\/"},{"@type":"ListItem","position":2,"name":"What to do","item":"https:\/\/visitviskovo.hr\/en\/what-to-do\/"},{"@type":"ListItem","position":3,"name":"Vi\u0161kovo surroundings"}]},{"@type":"WebSite","@id":"https:\/\/visitviskovo.hr\/it\/#website","url":"https:\/\/visitviskovo.hr\/it\/","name":"Turisti\u010dka zajednica op\u0107ine Vi\u0161kovo","description":"","potentialAction":[{"@type":"SearchAction","target":{"@type":"EntryPoint","urlTemplate":"https:\/\/visitviskovo.hr\/it\/?s={search_term_string}"},"query-input":"required name=search_term_string"}],"inLanguage":"en-US"}]}},"_links":{"self":[{"href":"https:\/\/visitviskovo.hr\/en\/wp-json\/wp\/v2\/pages\/3513"}],"collection":[{"href":"https:\/\/visitviskovo.hr\/en\/wp-json\/wp\/v2\/pages"}],"about":[{"href":"https:\/\/visitviskovo.hr\/en\/wp-json\/wp\/v2\/types\/page"}],"author":[{"embeddable":true,"href":"https:\/\/visitviskovo.hr\/en\/wp-json\/wp\/v2\/users\/1"}],"replies":[{"embeddable":true,"href":"https:\/\/visitviskovo.hr\/en\/wp-json\/wp\/v2\/comments?post=3513"}],"version-history":[{"count":4,"href":"https:\/\/visitviskovo.hr\/en\/wp-json\/wp\/v2\/pages\/3513\/revisions"}],"predecessor-version":[{"id":21046,"href":"https:\/\/visitviskovo.hr\/en\/wp-json\/wp\/v2\/pages\/3513\/revisions\/21046"}],"up":[{"embeddable":true,"href":"https:\/\/visitviskovo.hr\/en\/wp-json\/wp\/v2\/pages\/3922"}],"wp:featuredmedia":[{"embeddable":true,"href":"https:\/\/visitviskovo.hr\/en\/wp-json\/wp\/v2\/media\/3521"}],"wp:attachment":[{"href":"https:\/\/visitviskovo.hr\/en\/wp-json\/wp\/v2\/media?parent=3513"}],"curies":[{"name":"wp","href":"https:\/\/api.w.org\/{rel}","templated":true}]}}