{"id":3564,"date":"2019-08-19T13:28:07","date_gmt":"2019-08-19T13:28:07","guid":{"rendered":"https:\/\/visitviskovo.hr\/?page_id=3564"},"modified":"2020-05-12T11:42:25","modified_gmt":"2020-05-12T11:42:25","slug":"klana","status":"publish","type":"page","link":"https:\/\/visitviskovo.hr\/en\/what-to-do\/viskovo-surroundings\/klana\/","title":{"rendered":"Klana"},"content":{"rendered":"\n<p>Klana, 18 kilometres from Rijeka, provides an even more intense tourist gift. Recreational walkers, hikers and cyclists will find arranged and marked biking and walking trails which, together with the historical attractions they will find there, make Klana an interesting and important link in the Rijeka Ring. It is a place of beautiful nature and valuable historical monuments, so cyclists or walkers will have the opportunity to see interesting sites of this area of dynamic history, connecting the love of nature and of historical values. One of the sites is the Gradina archaeological site, located directly above Klana. Also interesting to visitors are the fortresses and walls of the Liburnian limes, built in the 3rd and 4th centuries, then a historical collection of old weapons, an ethnological collection&#8230; Those who enter the Stara Rebar woods while taking a tour of the area will gladly stop and take a break in the renovated, several centuries old road house built on the model of the Istrian &#8220;ka\u017eun&#8221;, a specific construction prevailing in Istria.&nbsp;<\/p>\n\n\n\n<p>This is also an area with a great number of small, romantic churches, of which we will mention the Our Lady of Lourdes Chapel built on the site of an apparition of Our Lady, where every year on 15th August, a procession passes through and mass is served. To put it simply, history and the present, spirituality and the dynamics of life meld here into one and create harmony.<\/p>\n\n\n\n<table class=\"wp-block-table\"><tbody><tr><td><strong>Address:<\/strong>&nbsp;Op\u0107ina Klana, Klana 33, 51217 Klana<strong>&nbsp;<\/strong><br><strong>Phone:<\/strong>&nbsp;+385 51 808 205<strong>&nbsp;<\/strong><br><strong>Website:<\/strong>&nbsp;<a href=\"http:\/\/www.klana.hr\/\">www.klana.hr<\/a>&nbsp;&nbsp;&nbsp;&nbsp;&nbsp;<br><strong>E-mail: &#8211;&nbsp;<\/strong>&nbsp;<\/td><\/tr><\/tbody><\/table>\n","protected":false},"excerpt":{"rendered":"<p>Klana, 18 kilometres from Rijeka, provides an even more intense tourist gift. Recreational walkers, hikers and cyclists will find arranged and marked biking and walking trails which, together with the historical attractions they will find there, make Klana an interesting and important link in the Rijeka Ring. It is a place of beautiful nature and [&hellip;]<\/p>\n","protected":false},"author":1,"featured_media":13522,"parent":3513,"menu_order":0,"comment_status":"closed","ping_status":"closed","template":"","meta":{"_acf_changed":false,"footnotes":""},"acf":[],"yoast_head":"<!-- This site is optimized with the Yoast SEO plugin v22.7 - https:\/\/yoast.com\/wordpress\/plugins\/seo\/ -->\n<title>Klana - Turisti\u010dka zajednica op\u0107ine Vi\u0161kovo<\/title>\n<meta name=\"robots\" content=\"index, follow, max-snippet:-1, max-image-preview:large, max-video-preview:-1\" \/>\n<link rel=\"canonical\" href=\"https:\/\/visitviskovo.hr\/en\/what-to-do\/viskovo-surroundings\/klana\/\" \/>\n<meta property=\"og:locale\" content=\"en_US\" \/>\n<meta property=\"og:type\" content=\"article\" \/>\n<meta property=\"og:title\" content=\"Klana - Turisti\u010dka zajednica op\u0107ine Vi\u0161kovo\" \/>\n<meta property=\"og:description\" content=\"Klana, 18 kilometres from Rijeka, provides an even more intense tourist gift. Recreational walkers, hikers and cyclists will find arranged and marked biking and walking trails which, together with the historical attractions they will find there, make Klana an interesting and important link in the Rijeka Ring. It is a place of beautiful nature and [&hellip;]\" \/>\n<meta property=\"og:url\" content=\"https:\/\/visitviskovo.hr\/en\/what-to-do\/viskovo-surroundings\/klana\/\" \/>\n<meta property=\"og:site_name\" content=\"Turisti\u010dka zajednica op\u0107ine Vi\u0161kovo\" \/>\n<meta property=\"article:publisher\" content=\"https:\/\/web.facebook.com\/VisitViskovo\" \/>\n<meta property=\"article:modified_time\" content=\"2020-05-12T11:42:25+00:00\" \/>\n<meta property=\"og:image\" content=\"https:\/\/visitviskovo.hr\/wp-content\/uploads\/2020\/05\/klana-Large.jpg\" \/>\n\t<meta property=\"og:image:width\" content=\"1440\" \/>\n\t<meta property=\"og:image:height\" content=\"1080\" \/>\n\t<meta property=\"og:image:type\" content=\"image\/jpeg\" \/>\n<meta name=\"twitter:card\" content=\"summary_large_image\" \/>\n<meta name=\"twitter:label1\" content=\"Est. reading time\" \/>\n\t<meta name=\"twitter:data1\" content=\"1 minute\" \/>\n<script type=\"application\/ld+json\" class=\"yoast-schema-graph\">{\"@context\":\"https:\/\/schema.org\",\"@graph\":[{\"@type\":\"WebPage\",\"@id\":\"https:\/\/visitviskovo.hr\/en\/what-to-do\/viskovo-surroundings\/klana\/\",\"url\":\"https:\/\/visitviskovo.hr\/en\/what-to-do\/viskovo-surroundings\/klana\/\",\"name\":\"Klana - Turisti\u010dka zajednica op\u0107ine Vi\u0161kovo\",\"isPartOf\":{\"@id\":\"https:\/\/visitviskovo.hr\/it\/#website\"},\"primaryImageOfPage\":{\"@id\":\"https:\/\/visitviskovo.hr\/en\/what-to-do\/viskovo-surroundings\/klana\/#primaryimage\"},\"image\":{\"@id\":\"https:\/\/visitviskovo.hr\/en\/what-to-do\/viskovo-surroundings\/klana\/#primaryimage\"},\"thumbnailUrl\":\"https:\/\/visitviskovo.hr\/wp-content\/uploads\/2020\/05\/klana-Large.jpg\",\"datePublished\":\"2019-08-19T13:28:07+00:00\",\"dateModified\":\"2020-05-12T11:42:25+00:00\",\"breadcrumb\":{\"@id\":\"https:\/\/visitviskovo.hr\/en\/what-to-do\/viskovo-surroundings\/klana\/#breadcrumb\"},\"inLanguage\":\"en-US\",\"potentialAction\":[{\"@type\":\"ReadAction\",\"target\":[\"https:\/\/visitviskovo.hr\/en\/what-to-do\/viskovo-surroundings\/klana\/\"]}]},{\"@type\":\"ImageObject\",\"inLanguage\":\"en-US\",\"@id\":\"https:\/\/visitviskovo.hr\/en\/what-to-do\/viskovo-surroundings\/klana\/#primaryimage\",\"url\":\"https:\/\/visitviskovo.hr\/wp-content\/uploads\/2020\/05\/klana-Large.jpg\",\"contentUrl\":\"https:\/\/visitviskovo.hr\/wp-content\/uploads\/2020\/05\/klana-Large.jpg\",\"width\":1440,\"height\":1080},{\"@type\":\"BreadcrumbList\",\"@id\":\"https:\/\/visitviskovo.hr\/en\/what-to-do\/viskovo-surroundings\/klana\/#breadcrumb\",\"itemListElement\":[{\"@type\":\"ListItem\",\"position\":1,\"name\":\"Home\",\"item\":\"https:\/\/visitviskovo.hr\/en\/\"},{\"@type\":\"ListItem\",\"position\":2,\"name\":\"What to do\",\"item\":\"https:\/\/visitviskovo.hr\/en\/what-to-do\/\"},{\"@type\":\"ListItem\",\"position\":3,\"name\":\"Vi\u0161kovo surroundings\",\"item\":\"https:\/\/visitviskovo.hr\/en\/what-to-do\/viskovo-surroundings\/\"},{\"@type\":\"ListItem\",\"position\":4,\"name\":\"Klana\"}]},{\"@type\":\"WebSite\",\"@id\":\"https:\/\/visitviskovo.hr\/it\/#website\",\"url\":\"https:\/\/visitviskovo.hr\/it\/\",\"name\":\"Turisti\u010dka zajednica op\u0107ine Vi\u0161kovo\",\"description\":\"\",\"potentialAction\":[{\"@type\":\"SearchAction\",\"target\":{\"@type\":\"EntryPoint\",\"urlTemplate\":\"https:\/\/visitviskovo.hr\/it\/?s={search_term_string}\"},\"query-input\":\"required name=search_term_string\"}],\"inLanguage\":\"en-US\"}]}<\/script>\n<!-- \/ Yoast SEO plugin. -->","yoast_head_json":{"title":"Klana - Turisti\u010dka zajednica op\u0107ine Vi\u0161kovo","robots":{"index":"index","follow":"follow","max-snippet":"max-snippet:-1","max-image-preview":"max-image-preview:large","max-video-preview":"max-video-preview:-1"},"canonical":"https:\/\/visitviskovo.hr\/en\/what-to-do\/viskovo-surroundings\/klana\/","og_locale":"en_US","og_type":"article","og_title":"Klana - Turisti\u010dka zajednica op\u0107ine Vi\u0161kovo","og_description":"Klana, 18 kilometres from Rijeka, provides an even more intense tourist gift. Recreational walkers, hikers and cyclists will find arranged and marked biking and walking trails which, together with the historical attractions they will find there, make Klana an interesting and important link in the Rijeka Ring. It is a place of beautiful nature and [&hellip;]","og_url":"https:\/\/visitviskovo.hr\/en\/what-to-do\/viskovo-surroundings\/klana\/","og_site_name":"Turisti\u010dka zajednica op\u0107ine Vi\u0161kovo","article_publisher":"https:\/\/web.facebook.com\/VisitViskovo","article_modified_time":"2020-05-12T11:42:25+00:00","og_image":[{"width":1440,"height":1080,"url":"https:\/\/visitviskovo.hr\/wp-content\/uploads\/2020\/05\/klana-Large.jpg","type":"image\/jpeg"}],"twitter_card":"summary_large_image","twitter_misc":{"Est. reading time":"1 minute"},"schema":{"@context":"https:\/\/schema.org","@graph":[{"@type":"WebPage","@id":"https:\/\/visitviskovo.hr\/en\/what-to-do\/viskovo-surroundings\/klana\/","url":"https:\/\/visitviskovo.hr\/en\/what-to-do\/viskovo-surroundings\/klana\/","name":"Klana - Turisti\u010dka zajednica op\u0107ine Vi\u0161kovo","isPartOf":{"@id":"https:\/\/visitviskovo.hr\/it\/#website"},"primaryImageOfPage":{"@id":"https:\/\/visitviskovo.hr\/en\/what-to-do\/viskovo-surroundings\/klana\/#primaryimage"},"image":{"@id":"https:\/\/visitviskovo.hr\/en\/what-to-do\/viskovo-surroundings\/klana\/#primaryimage"},"thumbnailUrl":"https:\/\/visitviskovo.hr\/wp-content\/uploads\/2020\/05\/klana-Large.jpg","datePublished":"2019-08-19T13:28:07+00:00","dateModified":"2020-05-12T11:42:25+00:00","breadcrumb":{"@id":"https:\/\/visitviskovo.hr\/en\/what-to-do\/viskovo-surroundings\/klana\/#breadcrumb"},"inLanguage":"en-US","potentialAction":[{"@type":"ReadAction","target":["https:\/\/visitviskovo.hr\/en\/what-to-do\/viskovo-surroundings\/klana\/"]}]},{"@type":"ImageObject","inLanguage":"en-US","@id":"https:\/\/visitviskovo.hr\/en\/what-to-do\/viskovo-surroundings\/klana\/#primaryimage","url":"https:\/\/visitviskovo.hr\/wp-content\/uploads\/2020\/05\/klana-Large.jpg","contentUrl":"https:\/\/visitviskovo.hr\/wp-content\/uploads\/2020\/05\/klana-Large.jpg","width":1440,"height":1080},{"@type":"BreadcrumbList","@id":"https:\/\/visitviskovo.hr\/en\/what-to-do\/viskovo-surroundings\/klana\/#breadcrumb","itemListElement":[{"@type":"ListItem","position":1,"name":"Home","item":"https:\/\/visitviskovo.hr\/en\/"},{"@type":"ListItem","position":2,"name":"What to do","item":"https:\/\/visitviskovo.hr\/en\/what-to-do\/"},{"@type":"ListItem","position":3,"name":"Vi\u0161kovo surroundings","item":"https:\/\/visitviskovo.hr\/en\/what-to-do\/viskovo-surroundings\/"},{"@type":"ListItem","position":4,"name":"Klana"}]},{"@type":"WebSite","@id":"https:\/\/visitviskovo.hr\/it\/#website","url":"https:\/\/visitviskovo.hr\/it\/","name":"Turisti\u010dka zajednica op\u0107ine Vi\u0161kovo","description":"","potentialAction":[{"@type":"SearchAction","target":{"@type":"EntryPoint","urlTemplate":"https:\/\/visitviskovo.hr\/it\/?s={search_term_string}"},"query-input":"required name=search_term_string"}],"inLanguage":"en-US"}]}},"_links":{"self":[{"href":"https:\/\/visitviskovo.hr\/en\/wp-json\/wp\/v2\/pages\/3564"}],"collection":[{"href":"https:\/\/visitviskovo.hr\/en\/wp-json\/wp\/v2\/pages"}],"about":[{"href":"https:\/\/visitviskovo.hr\/en\/wp-json\/wp\/v2\/types\/page"}],"author":[{"embeddable":true,"href":"https:\/\/visitviskovo.hr\/en\/wp-json\/wp\/v2\/users\/1"}],"replies":[{"embeddable":true,"href":"https:\/\/visitviskovo.hr\/en\/wp-json\/wp\/v2\/comments?post=3564"}],"version-history":[{"count":2,"href":"https:\/\/visitviskovo.hr\/en\/wp-json\/wp\/v2\/pages\/3564\/revisions"}],"predecessor-version":[{"id":13527,"href":"https:\/\/visitviskovo.hr\/en\/wp-json\/wp\/v2\/pages\/3564\/revisions\/13527"}],"up":[{"embeddable":true,"href":"https:\/\/visitviskovo.hr\/en\/wp-json\/wp\/v2\/pages\/3513"}],"wp:featuredmedia":[{"embeddable":true,"href":"https:\/\/visitviskovo.hr\/en\/wp-json\/wp\/v2\/media\/13522"}],"wp:attachment":[{"href":"https:\/\/visitviskovo.hr\/en\/wp-json\/wp\/v2\/media?parent=3564"}],"curies":[{"name":"wp","href":"https:\/\/api.w.org\/{rel}","templated":true}]}}