{"id":3572,"date":"2019-08-19T13:34:43","date_gmt":"2019-08-19T13:34:43","guid":{"rendered":"https:\/\/visitviskovo.hr\/?page_id=3572"},"modified":"2020-05-12T12:04:44","modified_gmt":"2020-05-12T12:04:44","slug":"jelenje","status":"publish","type":"page","link":"https:\/\/visitviskovo.hr\/en\/what-to-do\/viskovo-surroundings\/jelenje\/","title":{"rendered":"Jelenje"},"content":{"rendered":"\n<p>Jelenje is located only 15 kilometres from Rijeka, a karst area at an altitude of around three hundred meters, which is the reason for its Mediterranean-continental climate. The speech of the indigenous population is the Chakavian speech of Grobnik, which was declared a protected intangible cultural property of the Republic of Croatia. &nbsp;<\/p>\n\n\n\n<p>The Parish Church of St. Michael is the oldest and biggest building of historical and cultural significance in the Jelenje Municipality.<\/p>\n\n\n\n<p>From the rich and carefully preserved tradition in Jelenje, which you will find comfortable and easy to travel through, we would like to emphasize the milkmaids (mlikarice) &#8211; women who have historically carried milk daily for sale to Rijeka. They have been dedicated a special event in May \u2013 \u201cA Lantern that has left its mark\u201d (Feral ki je pu\u0161\u0107al sinjal).<\/p>\n\n\n\n<p>In Martinovo Selo is the only surviving and working mill in the entire Primorje-Gorski Kotar County, Ga\u0161par&#8217;s Mill, built 350 years ago. In Dra\u017eice there has been a &#8220;kova\u010dija&#8221; for more than 70 years, the only blacksmith shop with its space preserved in the original form and today part of the tourist offer of Jelenje. It is interesting that the first owner, Antonio Mar\u010delja, had a blacksmith diploma acquired through education in Vienna, in the period from 1913 to 1918.<\/p>\n\n\n\n<p>With a story and testimonies of the old crafts, it is an interesting journey to the past&#8230;&nbsp;&nbsp;<\/p>\n\n\n\n<table class=\"wp-block-table\"><tbody><tr><td><strong>Address:<\/strong>&nbsp;Turisti\u010dka zajednica Op\u0107ine Jelenje, Dra\u017ei\u010dkih boraca 64, 51218 Dra\u017eice<strong>&nbsp;<\/strong><br><strong>Phone:<\/strong>&nbsp;+385 51 297 152<strong>&nbsp;<\/strong><br><strong>Website:<\/strong><a rel=\"noreferrer noopener\" href=\"http:\/\/www.tz-jelenje.hr\/\" target=\"_blank\">www.tz-jelenje.hr<\/a>&nbsp;&nbsp;&nbsp;&nbsp;<br><strong>E-mail:<\/strong>&nbsp;<a href=\"mailto:info@tz-jelenje.hr\">info@tz-jelenje.hr<\/a><\/td><\/tr><\/tbody><\/table>\n","protected":false},"excerpt":{"rendered":"<p>Jelenje is located only 15 kilometres from Rijeka, a karst area at an altitude of around three hundred meters, which is the reason for its Mediterranean-continental climate. The speech of the indigenous population is the Chakavian speech of Grobnik, which was declared a protected intangible cultural property of the Republic of Croatia. &nbsp; The Parish [&hellip;]<\/p>\n","protected":false},"author":1,"featured_media":13543,"parent":3513,"menu_order":0,"comment_status":"closed","ping_status":"closed","template":"","meta":{"_acf_changed":false,"footnotes":""},"acf":[],"yoast_head":"<!-- This site is optimized with the Yoast SEO plugin v22.7 - https:\/\/yoast.com\/wordpress\/plugins\/seo\/ -->\n<title>Jelenje - Turisti\u010dka zajednica op\u0107ine Vi\u0161kovo<\/title>\n<meta name=\"robots\" content=\"index, follow, max-snippet:-1, max-image-preview:large, max-video-preview:-1\" \/>\n<link rel=\"canonical\" href=\"https:\/\/visitviskovo.hr\/en\/what-to-do\/viskovo-surroundings\/jelenje\/\" \/>\n<meta property=\"og:locale\" content=\"en_US\" \/>\n<meta property=\"og:type\" content=\"article\" \/>\n<meta property=\"og:title\" content=\"Jelenje - Turisti\u010dka zajednica op\u0107ine Vi\u0161kovo\" \/>\n<meta property=\"og:description\" content=\"Jelenje is located only 15 kilometres from Rijeka, a karst area at an altitude of around three hundred meters, which is the reason for its Mediterranean-continental climate. The speech of the indigenous population is the Chakavian speech of Grobnik, which was declared a protected intangible cultural property of the Republic of Croatia. &nbsp; The Parish [&hellip;]\" \/>\n<meta property=\"og:url\" content=\"https:\/\/visitviskovo.hr\/en\/what-to-do\/viskovo-surroundings\/jelenje\/\" \/>\n<meta property=\"og:site_name\" content=\"Turisti\u010dka zajednica op\u0107ine Vi\u0161kovo\" \/>\n<meta property=\"article:publisher\" content=\"https:\/\/web.facebook.com\/VisitViskovo\" \/>\n<meta property=\"article:modified_time\" content=\"2020-05-12T12:04:44+00:00\" \/>\n<meta property=\"og:image\" content=\"https:\/\/visitviskovo.hr\/wp-content\/uploads\/2020\/05\/jelenje-Large.jpg\" \/>\n\t<meta property=\"og:image:width\" content=\"1440\" \/>\n\t<meta property=\"og:image:height\" content=\"1080\" \/>\n\t<meta property=\"og:image:type\" content=\"image\/jpeg\" \/>\n<meta name=\"twitter:card\" content=\"summary_large_image\" \/>\n<meta name=\"twitter:label1\" content=\"Est. reading time\" \/>\n\t<meta name=\"twitter:data1\" content=\"1 minute\" \/>\n<script type=\"application\/ld+json\" class=\"yoast-schema-graph\">{\"@context\":\"https:\/\/schema.org\",\"@graph\":[{\"@type\":\"WebPage\",\"@id\":\"https:\/\/visitviskovo.hr\/en\/what-to-do\/viskovo-surroundings\/jelenje\/\",\"url\":\"https:\/\/visitviskovo.hr\/en\/what-to-do\/viskovo-surroundings\/jelenje\/\",\"name\":\"Jelenje - Turisti\u010dka zajednica op\u0107ine Vi\u0161kovo\",\"isPartOf\":{\"@id\":\"https:\/\/visitviskovo.hr\/it\/#website\"},\"primaryImageOfPage\":{\"@id\":\"https:\/\/visitviskovo.hr\/en\/what-to-do\/viskovo-surroundings\/jelenje\/#primaryimage\"},\"image\":{\"@id\":\"https:\/\/visitviskovo.hr\/en\/what-to-do\/viskovo-surroundings\/jelenje\/#primaryimage\"},\"thumbnailUrl\":\"https:\/\/visitviskovo.hr\/wp-content\/uploads\/2020\/05\/jelenje-Large.jpg\",\"datePublished\":\"2019-08-19T13:34:43+00:00\",\"dateModified\":\"2020-05-12T12:04:44+00:00\",\"breadcrumb\":{\"@id\":\"https:\/\/visitviskovo.hr\/en\/what-to-do\/viskovo-surroundings\/jelenje\/#breadcrumb\"},\"inLanguage\":\"en-US\",\"potentialAction\":[{\"@type\":\"ReadAction\",\"target\":[\"https:\/\/visitviskovo.hr\/en\/what-to-do\/viskovo-surroundings\/jelenje\/\"]}]},{\"@type\":\"ImageObject\",\"inLanguage\":\"en-US\",\"@id\":\"https:\/\/visitviskovo.hr\/en\/what-to-do\/viskovo-surroundings\/jelenje\/#primaryimage\",\"url\":\"https:\/\/visitviskovo.hr\/wp-content\/uploads\/2020\/05\/jelenje-Large.jpg\",\"contentUrl\":\"https:\/\/visitviskovo.hr\/wp-content\/uploads\/2020\/05\/jelenje-Large.jpg\",\"width\":1440,\"height\":1080},{\"@type\":\"BreadcrumbList\",\"@id\":\"https:\/\/visitviskovo.hr\/en\/what-to-do\/viskovo-surroundings\/jelenje\/#breadcrumb\",\"itemListElement\":[{\"@type\":\"ListItem\",\"position\":1,\"name\":\"Home\",\"item\":\"https:\/\/visitviskovo.hr\/en\/\"},{\"@type\":\"ListItem\",\"position\":2,\"name\":\"What to do\",\"item\":\"https:\/\/visitviskovo.hr\/en\/what-to-do\/\"},{\"@type\":\"ListItem\",\"position\":3,\"name\":\"Vi\u0161kovo surroundings\",\"item\":\"https:\/\/visitviskovo.hr\/en\/what-to-do\/viskovo-surroundings\/\"},{\"@type\":\"ListItem\",\"position\":4,\"name\":\"Jelenje\"}]},{\"@type\":\"WebSite\",\"@id\":\"https:\/\/visitviskovo.hr\/it\/#website\",\"url\":\"https:\/\/visitviskovo.hr\/it\/\",\"name\":\"Turisti\u010dka zajednica op\u0107ine Vi\u0161kovo\",\"description\":\"\",\"potentialAction\":[{\"@type\":\"SearchAction\",\"target\":{\"@type\":\"EntryPoint\",\"urlTemplate\":\"https:\/\/visitviskovo.hr\/it\/?s={search_term_string}\"},\"query-input\":\"required name=search_term_string\"}],\"inLanguage\":\"en-US\"}]}<\/script>\n<!-- \/ Yoast SEO plugin. -->","yoast_head_json":{"title":"Jelenje - Turisti\u010dka zajednica op\u0107ine Vi\u0161kovo","robots":{"index":"index","follow":"follow","max-snippet":"max-snippet:-1","max-image-preview":"max-image-preview:large","max-video-preview":"max-video-preview:-1"},"canonical":"https:\/\/visitviskovo.hr\/en\/what-to-do\/viskovo-surroundings\/jelenje\/","og_locale":"en_US","og_type":"article","og_title":"Jelenje - Turisti\u010dka zajednica op\u0107ine Vi\u0161kovo","og_description":"Jelenje is located only 15 kilometres from Rijeka, a karst area at an altitude of around three hundred meters, which is the reason for its Mediterranean-continental climate. The speech of the indigenous population is the Chakavian speech of Grobnik, which was declared a protected intangible cultural property of the Republic of Croatia. &nbsp; The Parish [&hellip;]","og_url":"https:\/\/visitviskovo.hr\/en\/what-to-do\/viskovo-surroundings\/jelenje\/","og_site_name":"Turisti\u010dka zajednica op\u0107ine Vi\u0161kovo","article_publisher":"https:\/\/web.facebook.com\/VisitViskovo","article_modified_time":"2020-05-12T12:04:44+00:00","og_image":[{"width":1440,"height":1080,"url":"https:\/\/visitviskovo.hr\/wp-content\/uploads\/2020\/05\/jelenje-Large.jpg","type":"image\/jpeg"}],"twitter_card":"summary_large_image","twitter_misc":{"Est. reading time":"1 minute"},"schema":{"@context":"https:\/\/schema.org","@graph":[{"@type":"WebPage","@id":"https:\/\/visitviskovo.hr\/en\/what-to-do\/viskovo-surroundings\/jelenje\/","url":"https:\/\/visitviskovo.hr\/en\/what-to-do\/viskovo-surroundings\/jelenje\/","name":"Jelenje - Turisti\u010dka zajednica op\u0107ine Vi\u0161kovo","isPartOf":{"@id":"https:\/\/visitviskovo.hr\/it\/#website"},"primaryImageOfPage":{"@id":"https:\/\/visitviskovo.hr\/en\/what-to-do\/viskovo-surroundings\/jelenje\/#primaryimage"},"image":{"@id":"https:\/\/visitviskovo.hr\/en\/what-to-do\/viskovo-surroundings\/jelenje\/#primaryimage"},"thumbnailUrl":"https:\/\/visitviskovo.hr\/wp-content\/uploads\/2020\/05\/jelenje-Large.jpg","datePublished":"2019-08-19T13:34:43+00:00","dateModified":"2020-05-12T12:04:44+00:00","breadcrumb":{"@id":"https:\/\/visitviskovo.hr\/en\/what-to-do\/viskovo-surroundings\/jelenje\/#breadcrumb"},"inLanguage":"en-US","potentialAction":[{"@type":"ReadAction","target":["https:\/\/visitviskovo.hr\/en\/what-to-do\/viskovo-surroundings\/jelenje\/"]}]},{"@type":"ImageObject","inLanguage":"en-US","@id":"https:\/\/visitviskovo.hr\/en\/what-to-do\/viskovo-surroundings\/jelenje\/#primaryimage","url":"https:\/\/visitviskovo.hr\/wp-content\/uploads\/2020\/05\/jelenje-Large.jpg","contentUrl":"https:\/\/visitviskovo.hr\/wp-content\/uploads\/2020\/05\/jelenje-Large.jpg","width":1440,"height":1080},{"@type":"BreadcrumbList","@id":"https:\/\/visitviskovo.hr\/en\/what-to-do\/viskovo-surroundings\/jelenje\/#breadcrumb","itemListElement":[{"@type":"ListItem","position":1,"name":"Home","item":"https:\/\/visitviskovo.hr\/en\/"},{"@type":"ListItem","position":2,"name":"What to do","item":"https:\/\/visitviskovo.hr\/en\/what-to-do\/"},{"@type":"ListItem","position":3,"name":"Vi\u0161kovo surroundings","item":"https:\/\/visitviskovo.hr\/en\/what-to-do\/viskovo-surroundings\/"},{"@type":"ListItem","position":4,"name":"Jelenje"}]},{"@type":"WebSite","@id":"https:\/\/visitviskovo.hr\/it\/#website","url":"https:\/\/visitviskovo.hr\/it\/","name":"Turisti\u010dka zajednica op\u0107ine Vi\u0161kovo","description":"","potentialAction":[{"@type":"SearchAction","target":{"@type":"EntryPoint","urlTemplate":"https:\/\/visitviskovo.hr\/it\/?s={search_term_string}"},"query-input":"required name=search_term_string"}],"inLanguage":"en-US"}]}},"_links":{"self":[{"href":"https:\/\/visitviskovo.hr\/en\/wp-json\/wp\/v2\/pages\/3572"}],"collection":[{"href":"https:\/\/visitviskovo.hr\/en\/wp-json\/wp\/v2\/pages"}],"about":[{"href":"https:\/\/visitviskovo.hr\/en\/wp-json\/wp\/v2\/types\/page"}],"author":[{"embeddable":true,"href":"https:\/\/visitviskovo.hr\/en\/wp-json\/wp\/v2\/users\/1"}],"replies":[{"embeddable":true,"href":"https:\/\/visitviskovo.hr\/en\/wp-json\/wp\/v2\/comments?post=3572"}],"version-history":[{"count":2,"href":"https:\/\/visitviskovo.hr\/en\/wp-json\/wp\/v2\/pages\/3572\/revisions"}],"predecessor-version":[{"id":13547,"href":"https:\/\/visitviskovo.hr\/en\/wp-json\/wp\/v2\/pages\/3572\/revisions\/13547"}],"up":[{"embeddable":true,"href":"https:\/\/visitviskovo.hr\/en\/wp-json\/wp\/v2\/pages\/3513"}],"wp:featuredmedia":[{"embeddable":true,"href":"https:\/\/visitviskovo.hr\/en\/wp-json\/wp\/v2\/media\/13543"}],"wp:attachment":[{"href":"https:\/\/visitviskovo.hr\/en\/wp-json\/wp\/v2\/media?parent=3572"}],"curies":[{"name":"wp","href":"https:\/\/api.w.org\/{rel}","templated":true}]}}