{"id":3578,"date":"2019-08-19T13:38:04","date_gmt":"2019-08-19T13:38:04","guid":{"rendered":"https:\/\/visitviskovo.hr\/?page_id=3578"},"modified":"2020-05-12T11:51:39","modified_gmt":"2020-05-12T11:51:39","slug":"kraljevica","status":"publish","type":"page","link":"https:\/\/visitviskovo.hr\/en\/what-to-do\/viskovo-surroundings\/kraljevica\/","title":{"rendered":"Kraljevica"},"content":{"rendered":"\n<p>Kraljevica is an old small town in Primorje, located at the entrance to the Bakar Bay, around twenty kilometres south of Rijeka. It has an indented coastline with green and lush vegetation, so it is famous for its beaches and its beautiful promenade. During the summer, the two medieval castles and a church that are the legacy of the Croatian noble Zrinski and Frankopan families, are a venue for cultural and entertainment events and, together with the surrounding area, are a tourist destination for those who want a vacation, to swim, dive and, of course, to have fun and enjoy the cultural offer. &nbsp; &nbsp;&nbsp;<\/p>\n\n\n\n<p>Kraljevica was mentioned in the 13th century as the place where, under the onslaught of Mongols in 1242, the Hungarian King Bela IV took refuge, and it is known as the Austrian naval war base and the oldest shipyard on the Adriatic. The Sanctuary of St. Nicholas attracts religious people, especially seafarers who participate ever year in the maritime pilgrimage. Thanks to its geographic position, natural beauty and healthy climate, Kraljevica is one of the first health tourism centres from the end of last century, to which the touristic development of Kraljevica is related. It was on the O\u0161tro peninsula where one of the first bathing resorts in Primorje was built, receiving prizes in 1894 in Vienna and 1896 in Budapest.&nbsp;<\/p>\n\n\n\n<p>Among other things, the benefits of climate are an important reason for the tradition in health tourism, so in a description from the very beginning of the 20th century, the sea, air, sun and sand baths were mentioned and the influence of bora wind on health was highlighted.&nbsp; &nbsp;<\/p>\n\n\n\n<table class=\"wp-block-table\"><tbody><tr><td><strong>Address:<\/strong>&nbsp;Turisti\u010dka zajednica Grada Kraljevice, Rovina bb, 51262 Kraljevica<strong>&nbsp;<\/strong><br><strong>Phone:<\/strong>&nbsp;+385 51 282 078<strong>&nbsp;<\/strong><br><strong>Web:<\/strong>&nbsp;<a rel=\"noreferrer noopener\" href=\"http:\/\/www.tzg-kraljevica.hr\/\" target=\"_blank\">www.tzg-kraljevica.hr<\/a>&nbsp;&nbsp;&nbsp;&nbsp;&nbsp;<br><strong>E-mail:<\/strong>&nbsp;<a href=\"mailto:tzg.kraljevica@ri.t-com.hr\">tzg.kraljevica@ri.t-com.hr<\/a><\/td><\/tr><\/tbody><\/table>\n","protected":false},"excerpt":{"rendered":"<p>Kraljevica is an old small town in Primorje, located at the entrance to the Bakar Bay, around twenty kilometres south of Rijeka. It has an indented coastline with green and lush vegetation, so it is famous for its beaches and its beautiful promenade. During the summer, the two medieval castles and a church that are [&hellip;]<\/p>\n","protected":false},"author":1,"featured_media":13528,"parent":3513,"menu_order":0,"comment_status":"closed","ping_status":"closed","template":"","meta":{"_acf_changed":false,"footnotes":""},"acf":[],"yoast_head":"<!-- This site is optimized with the Yoast SEO plugin v22.7 - https:\/\/yoast.com\/wordpress\/plugins\/seo\/ -->\n<title>Kraljevica - Turisti\u010dka zajednica op\u0107ine Vi\u0161kovo<\/title>\n<meta name=\"robots\" content=\"index, follow, max-snippet:-1, max-image-preview:large, max-video-preview:-1\" \/>\n<link rel=\"canonical\" href=\"https:\/\/visitviskovo.hr\/en\/what-to-do\/viskovo-surroundings\/kraljevica\/\" \/>\n<meta property=\"og:locale\" content=\"en_US\" \/>\n<meta property=\"og:type\" content=\"article\" \/>\n<meta property=\"og:title\" content=\"Kraljevica - Turisti\u010dka zajednica op\u0107ine Vi\u0161kovo\" \/>\n<meta property=\"og:description\" content=\"Kraljevica is an old small town in Primorje, located at the entrance to the Bakar Bay, around twenty kilometres south of Rijeka. It has an indented coastline with green and lush vegetation, so it is famous for its beaches and its beautiful promenade. During the summer, the two medieval castles and a church that are [&hellip;]\" \/>\n<meta property=\"og:url\" content=\"https:\/\/visitviskovo.hr\/en\/what-to-do\/viskovo-surroundings\/kraljevica\/\" \/>\n<meta property=\"og:site_name\" content=\"Turisti\u010dka zajednica op\u0107ine Vi\u0161kovo\" \/>\n<meta property=\"article:publisher\" content=\"https:\/\/web.facebook.com\/VisitViskovo\" \/>\n<meta property=\"article:modified_time\" content=\"2020-05-12T11:51:39+00:00\" \/>\n<meta property=\"og:image\" content=\"https:\/\/visitviskovo.hr\/wp-content\/uploads\/2020\/05\/kraljevica-Large-1280x720.png\" \/>\n\t<meta property=\"og:image:width\" content=\"1280\" \/>\n\t<meta property=\"og:image:height\" content=\"720\" \/>\n\t<meta property=\"og:image:type\" content=\"image\/png\" \/>\n<meta name=\"twitter:card\" content=\"summary_large_image\" \/>\n<meta name=\"twitter:label1\" content=\"Est. reading time\" \/>\n\t<meta name=\"twitter:data1\" content=\"2 minutes\" \/>\n<script type=\"application\/ld+json\" class=\"yoast-schema-graph\">{\"@context\":\"https:\/\/schema.org\",\"@graph\":[{\"@type\":\"WebPage\",\"@id\":\"https:\/\/visitviskovo.hr\/en\/what-to-do\/viskovo-surroundings\/kraljevica\/\",\"url\":\"https:\/\/visitviskovo.hr\/en\/what-to-do\/viskovo-surroundings\/kraljevica\/\",\"name\":\"Kraljevica - Turisti\u010dka zajednica op\u0107ine Vi\u0161kovo\",\"isPartOf\":{\"@id\":\"https:\/\/visitviskovo.hr\/it\/#website\"},\"primaryImageOfPage\":{\"@id\":\"https:\/\/visitviskovo.hr\/en\/what-to-do\/viskovo-surroundings\/kraljevica\/#primaryimage\"},\"image\":{\"@id\":\"https:\/\/visitviskovo.hr\/en\/what-to-do\/viskovo-surroundings\/kraljevica\/#primaryimage\"},\"thumbnailUrl\":\"https:\/\/visitviskovo.hr\/wp-content\/uploads\/2020\/05\/kraljevica-Large.png\",\"datePublished\":\"2019-08-19T13:38:04+00:00\",\"dateModified\":\"2020-05-12T11:51:39+00:00\",\"breadcrumb\":{\"@id\":\"https:\/\/visitviskovo.hr\/en\/what-to-do\/viskovo-surroundings\/kraljevica\/#breadcrumb\"},\"inLanguage\":\"en-US\",\"potentialAction\":[{\"@type\":\"ReadAction\",\"target\":[\"https:\/\/visitviskovo.hr\/en\/what-to-do\/viskovo-surroundings\/kraljevica\/\"]}]},{\"@type\":\"ImageObject\",\"inLanguage\":\"en-US\",\"@id\":\"https:\/\/visitviskovo.hr\/en\/what-to-do\/viskovo-surroundings\/kraljevica\/#primaryimage\",\"url\":\"https:\/\/visitviskovo.hr\/wp-content\/uploads\/2020\/05\/kraljevica-Large.png\",\"contentUrl\":\"https:\/\/visitviskovo.hr\/wp-content\/uploads\/2020\/05\/kraljevica-Large.png\",\"width\":1920,\"height\":1080},{\"@type\":\"BreadcrumbList\",\"@id\":\"https:\/\/visitviskovo.hr\/en\/what-to-do\/viskovo-surroundings\/kraljevica\/#breadcrumb\",\"itemListElement\":[{\"@type\":\"ListItem\",\"position\":1,\"name\":\"Home\",\"item\":\"https:\/\/visitviskovo.hr\/en\/\"},{\"@type\":\"ListItem\",\"position\":2,\"name\":\"What to do\",\"item\":\"https:\/\/visitviskovo.hr\/en\/what-to-do\/\"},{\"@type\":\"ListItem\",\"position\":3,\"name\":\"Vi\u0161kovo surroundings\",\"item\":\"https:\/\/visitviskovo.hr\/en\/what-to-do\/viskovo-surroundings\/\"},{\"@type\":\"ListItem\",\"position\":4,\"name\":\"Kraljevica\"}]},{\"@type\":\"WebSite\",\"@id\":\"https:\/\/visitviskovo.hr\/it\/#website\",\"url\":\"https:\/\/visitviskovo.hr\/it\/\",\"name\":\"Turisti\u010dka zajednica op\u0107ine Vi\u0161kovo\",\"description\":\"\",\"potentialAction\":[{\"@type\":\"SearchAction\",\"target\":{\"@type\":\"EntryPoint\",\"urlTemplate\":\"https:\/\/visitviskovo.hr\/it\/?s={search_term_string}\"},\"query-input\":\"required name=search_term_string\"}],\"inLanguage\":\"en-US\"}]}<\/script>\n<!-- \/ Yoast SEO plugin. -->","yoast_head_json":{"title":"Kraljevica - Turisti\u010dka zajednica op\u0107ine Vi\u0161kovo","robots":{"index":"index","follow":"follow","max-snippet":"max-snippet:-1","max-image-preview":"max-image-preview:large","max-video-preview":"max-video-preview:-1"},"canonical":"https:\/\/visitviskovo.hr\/en\/what-to-do\/viskovo-surroundings\/kraljevica\/","og_locale":"en_US","og_type":"article","og_title":"Kraljevica - Turisti\u010dka zajednica op\u0107ine Vi\u0161kovo","og_description":"Kraljevica is an old small town in Primorje, located at the entrance to the Bakar Bay, around twenty kilometres south of Rijeka. It has an indented coastline with green and lush vegetation, so it is famous for its beaches and its beautiful promenade. During the summer, the two medieval castles and a church that are [&hellip;]","og_url":"https:\/\/visitviskovo.hr\/en\/what-to-do\/viskovo-surroundings\/kraljevica\/","og_site_name":"Turisti\u010dka zajednica op\u0107ine Vi\u0161kovo","article_publisher":"https:\/\/web.facebook.com\/VisitViskovo","article_modified_time":"2020-05-12T11:51:39+00:00","og_image":[{"width":1280,"height":720,"url":"https:\/\/visitviskovo.hr\/wp-content\/uploads\/2020\/05\/kraljevica-Large-1280x720.png","type":"image\/png"}],"twitter_card":"summary_large_image","twitter_misc":{"Est. reading time":"2 minutes"},"schema":{"@context":"https:\/\/schema.org","@graph":[{"@type":"WebPage","@id":"https:\/\/visitviskovo.hr\/en\/what-to-do\/viskovo-surroundings\/kraljevica\/","url":"https:\/\/visitviskovo.hr\/en\/what-to-do\/viskovo-surroundings\/kraljevica\/","name":"Kraljevica - Turisti\u010dka zajednica op\u0107ine Vi\u0161kovo","isPartOf":{"@id":"https:\/\/visitviskovo.hr\/it\/#website"},"primaryImageOfPage":{"@id":"https:\/\/visitviskovo.hr\/en\/what-to-do\/viskovo-surroundings\/kraljevica\/#primaryimage"},"image":{"@id":"https:\/\/visitviskovo.hr\/en\/what-to-do\/viskovo-surroundings\/kraljevica\/#primaryimage"},"thumbnailUrl":"https:\/\/visitviskovo.hr\/wp-content\/uploads\/2020\/05\/kraljevica-Large.png","datePublished":"2019-08-19T13:38:04+00:00","dateModified":"2020-05-12T11:51:39+00:00","breadcrumb":{"@id":"https:\/\/visitviskovo.hr\/en\/what-to-do\/viskovo-surroundings\/kraljevica\/#breadcrumb"},"inLanguage":"en-US","potentialAction":[{"@type":"ReadAction","target":["https:\/\/visitviskovo.hr\/en\/what-to-do\/viskovo-surroundings\/kraljevica\/"]}]},{"@type":"ImageObject","inLanguage":"en-US","@id":"https:\/\/visitviskovo.hr\/en\/what-to-do\/viskovo-surroundings\/kraljevica\/#primaryimage","url":"https:\/\/visitviskovo.hr\/wp-content\/uploads\/2020\/05\/kraljevica-Large.png","contentUrl":"https:\/\/visitviskovo.hr\/wp-content\/uploads\/2020\/05\/kraljevica-Large.png","width":1920,"height":1080},{"@type":"BreadcrumbList","@id":"https:\/\/visitviskovo.hr\/en\/what-to-do\/viskovo-surroundings\/kraljevica\/#breadcrumb","itemListElement":[{"@type":"ListItem","position":1,"name":"Home","item":"https:\/\/visitviskovo.hr\/en\/"},{"@type":"ListItem","position":2,"name":"What to do","item":"https:\/\/visitviskovo.hr\/en\/what-to-do\/"},{"@type":"ListItem","position":3,"name":"Vi\u0161kovo surroundings","item":"https:\/\/visitviskovo.hr\/en\/what-to-do\/viskovo-surroundings\/"},{"@type":"ListItem","position":4,"name":"Kraljevica"}]},{"@type":"WebSite","@id":"https:\/\/visitviskovo.hr\/it\/#website","url":"https:\/\/visitviskovo.hr\/it\/","name":"Turisti\u010dka zajednica op\u0107ine Vi\u0161kovo","description":"","potentialAction":[{"@type":"SearchAction","target":{"@type":"EntryPoint","urlTemplate":"https:\/\/visitviskovo.hr\/it\/?s={search_term_string}"},"query-input":"required name=search_term_string"}],"inLanguage":"en-US"}]}},"_links":{"self":[{"href":"https:\/\/visitviskovo.hr\/en\/wp-json\/wp\/v2\/pages\/3578"}],"collection":[{"href":"https:\/\/visitviskovo.hr\/en\/wp-json\/wp\/v2\/pages"}],"about":[{"href":"https:\/\/visitviskovo.hr\/en\/wp-json\/wp\/v2\/types\/page"}],"author":[{"embeddable":true,"href":"https:\/\/visitviskovo.hr\/en\/wp-json\/wp\/v2\/users\/1"}],"replies":[{"embeddable":true,"href":"https:\/\/visitviskovo.hr\/en\/wp-json\/wp\/v2\/comments?post=3578"}],"version-history":[{"count":2,"href":"https:\/\/visitviskovo.hr\/en\/wp-json\/wp\/v2\/pages\/3578\/revisions"}],"predecessor-version":[{"id":13532,"href":"https:\/\/visitviskovo.hr\/en\/wp-json\/wp\/v2\/pages\/3578\/revisions\/13532"}],"up":[{"embeddable":true,"href":"https:\/\/visitviskovo.hr\/en\/wp-json\/wp\/v2\/pages\/3513"}],"wp:featuredmedia":[{"embeddable":true,"href":"https:\/\/visitviskovo.hr\/en\/wp-json\/wp\/v2\/media\/13528"}],"wp:attachment":[{"href":"https:\/\/visitviskovo.hr\/en\/wp-json\/wp\/v2\/media?parent=3578"}],"curies":[{"name":"wp","href":"https:\/\/api.w.org\/{rel}","templated":true}]}}