{"id":3605,"date":"2019-08-19T14:10:31","date_gmt":"2019-08-19T14:10:31","guid":{"rendered":"https:\/\/visitviskovo.hr\/?page_id=3605"},"modified":"2024-04-18T11:36:14","modified_gmt":"2024-04-18T11:36:14","slug":"general-info","status":"publish","type":"page","link":"https:\/\/visitviskovo.hr\/en\/info\/tips-info\/general-info\/","title":{"rendered":"General info"},"content":{"rendered":"\n<p>As a travel document for entry into Croatia is recognized passport or other identification document recognized by international treaty.<\/p>\n\n\n\n<p>As of 1 January 2023, the Schengen acquis is in full application in the Republic of Croatia as a Schengen area Member State. Travellers from other Schengen countries do not have to show their identity card or passport when traveling to or from Croatia if they come from countries belonging to the Schengen area. However, we advise you to bring your passport or identity card with you nevertheless, in case you need to prove your identity.\u00a0<\/p>\n\n\n\n<p>Entering Croatia from countries that do not belong to the Schengen area is possible upon presentation of an identity card, a valid passport or a valid visa. It is also important to point out that you will need your passport when requesting a VAT refund form for purchases made in Croatia if you live in a country that is not a Member State of the European Union. Entering another state, you may be required to have your entry noted by the border control authorities \u2013 they will stamp your passport with an entry stamp that indicates the border crossing and date of entry. Failure to have your passport stamped may result in large fines and prohibition to entry the territory of a state.<\/p>\n\n\n\n<p>Before travelling to Croatia, you can check all the details on the official website of the Ministry of Foreign and European Affairs of the Republic of Croatia. We also suggest that you contact the Croatian embassy or consulate to check the requirements before you travel.<\/p>\n\n\n\n<p>Thanks to the enhanced mobility within the European Union, many European citizens don\u2019t see their personal documents, including their passports, as important as they were in the past. Despite the openness of the borders and the free flow of people, you should always be careful with your personal documents because their theft or loss can cause unwanted issues or lead to identity fraud.<\/p>\n\n\n\n<p>Should you lose your passport or identification card you used to enter Croatia, first you must seek assistance from the nearest police station, followed by the diplomatic mission or consulate of your country, where they can provide you with a temporary travel document, enabling you to exit Croatia.<\/p>\n","protected":false},"excerpt":{"rendered":"<p>As a travel document for entry into Croatia is recognized passport or other identification document recognized by international treaty. As of 1 January 2023, the Schengen acquis is in full application in the Republic of Croatia as a Schengen area Member State. Travellers from other Schengen countries do not have to show their identity card [&hellip;]<\/p>\n","protected":false},"author":1,"featured_media":21061,"parent":3376,"menu_order":0,"comment_status":"closed","ping_status":"closed","template":"","meta":{"_acf_changed":false,"footnotes":""},"acf":[],"yoast_head":"<!-- This site is optimized with the Yoast SEO plugin v22.7 - https:\/\/yoast.com\/wordpress\/plugins\/seo\/ -->\n<title>General info - Turisti\u010dka zajednica op\u0107ine Vi\u0161kovo<\/title>\n<meta name=\"robots\" content=\"index, follow, max-snippet:-1, max-image-preview:large, max-video-preview:-1\" \/>\n<link rel=\"canonical\" href=\"https:\/\/visitviskovo.hr\/en\/info\/tips-info\/general-info\/\" \/>\n<meta property=\"og:locale\" content=\"en_US\" \/>\n<meta property=\"og:type\" content=\"article\" \/>\n<meta property=\"og:title\" content=\"General info - Turisti\u010dka zajednica op\u0107ine Vi\u0161kovo\" \/>\n<meta property=\"og:description\" content=\"As a travel document for entry into Croatia is recognized passport or other identification document recognized by international treaty. As of 1 January 2023, the Schengen acquis is in full application in the Republic of Croatia as a Schengen area Member State. Travellers from other Schengen countries do not have to show their identity card [&hellip;]\" \/>\n<meta property=\"og:url\" content=\"https:\/\/visitviskovo.hr\/en\/info\/tips-info\/general-info\/\" \/>\n<meta property=\"og:site_name\" content=\"Turisti\u010dka zajednica op\u0107ine Vi\u0161kovo\" \/>\n<meta property=\"article:publisher\" content=\"https:\/\/web.facebook.com\/VisitViskovo\" \/>\n<meta property=\"article:modified_time\" content=\"2024-04-18T11:36:14+00:00\" \/>\n<meta property=\"og:image\" content=\"https:\/\/visitviskovo.hr\/wp-content\/uploads\/2024\/04\/Putovnica.jpg\" \/>\n\t<meta property=\"og:image:width\" content=\"1280\" \/>\n\t<meta property=\"og:image:height\" content=\"765\" \/>\n\t<meta property=\"og:image:type\" content=\"image\/jpeg\" \/>\n<meta name=\"twitter:card\" content=\"summary_large_image\" \/>\n<meta name=\"twitter:label1\" content=\"Est. reading time\" \/>\n\t<meta name=\"twitter:data1\" content=\"3 minutes\" \/>\n<script type=\"application\/ld+json\" class=\"yoast-schema-graph\">{\"@context\":\"https:\/\/schema.org\",\"@graph\":[{\"@type\":\"WebPage\",\"@id\":\"https:\/\/visitviskovo.hr\/en\/info\/tips-info\/general-info\/\",\"url\":\"https:\/\/visitviskovo.hr\/en\/info\/tips-info\/general-info\/\",\"name\":\"General info - Turisti\u010dka zajednica op\u0107ine Vi\u0161kovo\",\"isPartOf\":{\"@id\":\"https:\/\/visitviskovo.hr\/it\/#website\"},\"primaryImageOfPage\":{\"@id\":\"https:\/\/visitviskovo.hr\/en\/info\/tips-info\/general-info\/#primaryimage\"},\"image\":{\"@id\":\"https:\/\/visitviskovo.hr\/en\/info\/tips-info\/general-info\/#primaryimage\"},\"thumbnailUrl\":\"https:\/\/visitviskovo.hr\/wp-content\/uploads\/2024\/04\/Putovnica.jpg\",\"datePublished\":\"2019-08-19T14:10:31+00:00\",\"dateModified\":\"2024-04-18T11:36:14+00:00\",\"breadcrumb\":{\"@id\":\"https:\/\/visitviskovo.hr\/en\/info\/tips-info\/general-info\/#breadcrumb\"},\"inLanguage\":\"en-US\",\"potentialAction\":[{\"@type\":\"ReadAction\",\"target\":[\"https:\/\/visitviskovo.hr\/en\/info\/tips-info\/general-info\/\"]}]},{\"@type\":\"ImageObject\",\"inLanguage\":\"en-US\",\"@id\":\"https:\/\/visitviskovo.hr\/en\/info\/tips-info\/general-info\/#primaryimage\",\"url\":\"https:\/\/visitviskovo.hr\/wp-content\/uploads\/2024\/04\/Putovnica.jpg\",\"contentUrl\":\"https:\/\/visitviskovo.hr\/wp-content\/uploads\/2024\/04\/Putovnica.jpg\",\"width\":1280,\"height\":765},{\"@type\":\"BreadcrumbList\",\"@id\":\"https:\/\/visitviskovo.hr\/en\/info\/tips-info\/general-info\/#breadcrumb\",\"itemListElement\":[{\"@type\":\"ListItem\",\"position\":1,\"name\":\"Home\",\"item\":\"https:\/\/visitviskovo.hr\/en\/\"},{\"@type\":\"ListItem\",\"position\":2,\"name\":\"Info\",\"item\":\"https:\/\/visitviskovo.hr\/en\/info\/\"},{\"@type\":\"ListItem\",\"position\":3,\"name\":\"Tips &#038; info\",\"item\":\"https:\/\/visitviskovo.hr\/en\/info\/tips-info\/\"},{\"@type\":\"ListItem\",\"position\":4,\"name\":\"General info\"}]},{\"@type\":\"WebSite\",\"@id\":\"https:\/\/visitviskovo.hr\/it\/#website\",\"url\":\"https:\/\/visitviskovo.hr\/it\/\",\"name\":\"Turisti\u010dka zajednica op\u0107ine Vi\u0161kovo\",\"description\":\"\",\"potentialAction\":[{\"@type\":\"SearchAction\",\"target\":{\"@type\":\"EntryPoint\",\"urlTemplate\":\"https:\/\/visitviskovo.hr\/it\/?s={search_term_string}\"},\"query-input\":\"required name=search_term_string\"}],\"inLanguage\":\"en-US\"}]}<\/script>\n<!-- \/ Yoast SEO plugin. -->","yoast_head_json":{"title":"General info - Turisti\u010dka zajednica op\u0107ine Vi\u0161kovo","robots":{"index":"index","follow":"follow","max-snippet":"max-snippet:-1","max-image-preview":"max-image-preview:large","max-video-preview":"max-video-preview:-1"},"canonical":"https:\/\/visitviskovo.hr\/en\/info\/tips-info\/general-info\/","og_locale":"en_US","og_type":"article","og_title":"General info - Turisti\u010dka zajednica op\u0107ine Vi\u0161kovo","og_description":"As a travel document for entry into Croatia is recognized passport or other identification document recognized by international treaty. As of 1 January 2023, the Schengen acquis is in full application in the Republic of Croatia as a Schengen area Member State. Travellers from other Schengen countries do not have to show their identity card [&hellip;]","og_url":"https:\/\/visitviskovo.hr\/en\/info\/tips-info\/general-info\/","og_site_name":"Turisti\u010dka zajednica op\u0107ine Vi\u0161kovo","article_publisher":"https:\/\/web.facebook.com\/VisitViskovo","article_modified_time":"2024-04-18T11:36:14+00:00","og_image":[{"width":1280,"height":765,"url":"https:\/\/visitviskovo.hr\/wp-content\/uploads\/2024\/04\/Putovnica.jpg","type":"image\/jpeg"}],"twitter_card":"summary_large_image","twitter_misc":{"Est. reading time":"3 minutes"},"schema":{"@context":"https:\/\/schema.org","@graph":[{"@type":"WebPage","@id":"https:\/\/visitviskovo.hr\/en\/info\/tips-info\/general-info\/","url":"https:\/\/visitviskovo.hr\/en\/info\/tips-info\/general-info\/","name":"General info - Turisti\u010dka zajednica op\u0107ine Vi\u0161kovo","isPartOf":{"@id":"https:\/\/visitviskovo.hr\/it\/#website"},"primaryImageOfPage":{"@id":"https:\/\/visitviskovo.hr\/en\/info\/tips-info\/general-info\/#primaryimage"},"image":{"@id":"https:\/\/visitviskovo.hr\/en\/info\/tips-info\/general-info\/#primaryimage"},"thumbnailUrl":"https:\/\/visitviskovo.hr\/wp-content\/uploads\/2024\/04\/Putovnica.jpg","datePublished":"2019-08-19T14:10:31+00:00","dateModified":"2024-04-18T11:36:14+00:00","breadcrumb":{"@id":"https:\/\/visitviskovo.hr\/en\/info\/tips-info\/general-info\/#breadcrumb"},"inLanguage":"en-US","potentialAction":[{"@type":"ReadAction","target":["https:\/\/visitviskovo.hr\/en\/info\/tips-info\/general-info\/"]}]},{"@type":"ImageObject","inLanguage":"en-US","@id":"https:\/\/visitviskovo.hr\/en\/info\/tips-info\/general-info\/#primaryimage","url":"https:\/\/visitviskovo.hr\/wp-content\/uploads\/2024\/04\/Putovnica.jpg","contentUrl":"https:\/\/visitviskovo.hr\/wp-content\/uploads\/2024\/04\/Putovnica.jpg","width":1280,"height":765},{"@type":"BreadcrumbList","@id":"https:\/\/visitviskovo.hr\/en\/info\/tips-info\/general-info\/#breadcrumb","itemListElement":[{"@type":"ListItem","position":1,"name":"Home","item":"https:\/\/visitviskovo.hr\/en\/"},{"@type":"ListItem","position":2,"name":"Info","item":"https:\/\/visitviskovo.hr\/en\/info\/"},{"@type":"ListItem","position":3,"name":"Tips &#038; info","item":"https:\/\/visitviskovo.hr\/en\/info\/tips-info\/"},{"@type":"ListItem","position":4,"name":"General info"}]},{"@type":"WebSite","@id":"https:\/\/visitviskovo.hr\/it\/#website","url":"https:\/\/visitviskovo.hr\/it\/","name":"Turisti\u010dka zajednica op\u0107ine Vi\u0161kovo","description":"","potentialAction":[{"@type":"SearchAction","target":{"@type":"EntryPoint","urlTemplate":"https:\/\/visitviskovo.hr\/it\/?s={search_term_string}"},"query-input":"required name=search_term_string"}],"inLanguage":"en-US"}]}},"_links":{"self":[{"href":"https:\/\/visitviskovo.hr\/en\/wp-json\/wp\/v2\/pages\/3605"}],"collection":[{"href":"https:\/\/visitviskovo.hr\/en\/wp-json\/wp\/v2\/pages"}],"about":[{"href":"https:\/\/visitviskovo.hr\/en\/wp-json\/wp\/v2\/types\/page"}],"author":[{"embeddable":true,"href":"https:\/\/visitviskovo.hr\/en\/wp-json\/wp\/v2\/users\/1"}],"replies":[{"embeddable":true,"href":"https:\/\/visitviskovo.hr\/en\/wp-json\/wp\/v2\/comments?post=3605"}],"version-history":[{"count":4,"href":"https:\/\/visitviskovo.hr\/en\/wp-json\/wp\/v2\/pages\/3605\/revisions"}],"predecessor-version":[{"id":21067,"href":"https:\/\/visitviskovo.hr\/en\/wp-json\/wp\/v2\/pages\/3605\/revisions\/21067"}],"up":[{"embeddable":true,"href":"https:\/\/visitviskovo.hr\/en\/wp-json\/wp\/v2\/pages\/3376"}],"wp:featuredmedia":[{"embeddable":true,"href":"https:\/\/visitviskovo.hr\/en\/wp-json\/wp\/v2\/media\/21061"}],"wp:attachment":[{"href":"https:\/\/visitviskovo.hr\/en\/wp-json\/wp\/v2\/media?parent=3605"}],"curies":[{"name":"wp","href":"https:\/\/api.w.org\/{rel}","templated":true}]}}