{"id":3608,"date":"2019-08-19T14:14:51","date_gmt":"2019-08-19T14:14:51","guid":{"rendered":"https:\/\/visitviskovo.hr\/?page_id=3608"},"modified":"2024-04-18T12:23:42","modified_gmt":"2024-04-18T12:23:42","slug":"money-and-atm","status":"publish","type":"page","link":"https:\/\/visitviskovo.hr\/en\/info\/tips-info\/money-and-atm\/","title":{"rendered":"Money and ATM"},"content":{"rendered":"\n<p>As a member of the European Union, Croatia is part of the economic and monetary union which introduced the euro as the common currency. As of 1 January 2023, the currency used in Croatia is the\u00a0<strong>euro (EUR)<\/strong>, which is the only official means of payment in Croatia, and which replaced the previously used kuna.<\/p>\n\n\n\n<p>Banknotes are available in denominations of 5, 10, 20, 50, 100 and 200 euros, while coins of 1 and 2 euros and 1, 2, 5, 10, 20 and 50 cents are in use. There is also a 500 euro banknote in circulation, which was discontinued in 2019, but is still legal tender.\u00a0<\/p>\n\n\n\n<p>In Croatia, you can easily exchange dollars, pounds or any other value into euros. The exchange rate of the euro against other world currencies is not fixed, but changes almost every day depending on the market conditions.<\/p>\n\n\n\n<p>You can check the official exchange rate every day on the website of the&nbsp;<a href=\"https:\/\/www.hnb.hr\/en\" target=\"_blank\" rel=\"noreferrer noopener\">Croatian National Bank<\/a>, but commercial banks and exchange offices have their own market exchange rate, which you must take into account when exchanging money. To avoid unwanted charges, verify the fees with your bank and card company before you travel.<\/p>\n\n\n\n<p>The legal tender in shops, restaurants and other commercial facilities is exclusively the euro, so guests coming from outside the euro area are advised to use debit or credit cards, contactless payment applications or pay in cash when other options are not available.  Most shops, restaurants and agencies accept all major credit cards (Eurocard \/ Mastercard, American Express, Diners, Visa). In most cases, accepted payment methods are clearly highlighted in visible places in Croatia, so we recommend that you check those payment methods before making a purchase.<\/p>\n\n\n\n<p>In Viskovo operates several banks, ATMs post office and  exchange office:<\/p>\n\n\n\n<p>ERSTE BANKA: VI\u0160KOVO 122C<br>ZAGREBA\u010cKA BANKA: VOZI\u0160\u0106E 24<br>PRIVREDNA BANKA ZAGREB: MARINI\u0106I 11<br>ISTARSKA KREDITNA BANKA: VI\u0160KOVO 2<br>HRVATSKA PO\u0160TANSKA BANKA: VI\u0160KOVO 39F<\/p>\n\n\n\n<p>KREDITNA UNIJA DUKAT: VI\u0160KOVO 32<\/p>\n\n\n\n<p><br><\/p>\n","protected":false},"excerpt":{"rendered":"<p>As a member of the European Union, Croatia is part of the economic and monetary union which introduced the euro as the common currency. As of 1 January 2023, the currency used in Croatia is the\u00a0euro (EUR), which is the only official means of payment in Croatia, and which replaced the previously used kuna. Banknotes [&hellip;]<\/p>\n","protected":false},"author":1,"featured_media":21072,"parent":3376,"menu_order":0,"comment_status":"closed","ping_status":"closed","template":"","meta":{"_acf_changed":false,"footnotes":""},"acf":[],"yoast_head":"<!-- This site is optimized with the Yoast SEO plugin v22.7 - https:\/\/yoast.com\/wordpress\/plugins\/seo\/ -->\n<title>Money and ATM - Turisti\u010dka zajednica op\u0107ine Vi\u0161kovo<\/title>\n<meta name=\"robots\" content=\"index, follow, max-snippet:-1, max-image-preview:large, max-video-preview:-1\" \/>\n<link rel=\"canonical\" href=\"https:\/\/visitviskovo.hr\/en\/info\/tips-info\/money-and-atm\/\" \/>\n<meta property=\"og:locale\" content=\"en_US\" \/>\n<meta property=\"og:type\" content=\"article\" \/>\n<meta property=\"og:title\" content=\"Money and ATM - Turisti\u010dka zajednica op\u0107ine Vi\u0161kovo\" \/>\n<meta property=\"og:description\" content=\"As a member of the European Union, Croatia is part of the economic and monetary union which introduced the euro as the common currency. As of 1 January 2023, the currency used in Croatia is the\u00a0euro (EUR), which is the only official means of payment in Croatia, and which replaced the previously used kuna. Banknotes [&hellip;]\" \/>\n<meta property=\"og:url\" content=\"https:\/\/visitviskovo.hr\/en\/info\/tips-info\/money-and-atm\/\" \/>\n<meta property=\"og:site_name\" content=\"Turisti\u010dka zajednica op\u0107ine Vi\u0161kovo\" \/>\n<meta property=\"article:publisher\" content=\"https:\/\/web.facebook.com\/VisitViskovo\" \/>\n<meta property=\"article:modified_time\" content=\"2024-04-18T12:23:42+00:00\" \/>\n<meta property=\"og:image\" content=\"https:\/\/visitviskovo.hr\/wp-content\/uploads\/2024\/04\/banknotes-209104_1280.jpg\" \/>\n\t<meta property=\"og:image:width\" content=\"1280\" \/>\n\t<meta property=\"og:image:height\" content=\"853\" \/>\n\t<meta property=\"og:image:type\" content=\"image\/jpeg\" \/>\n<meta name=\"twitter:card\" content=\"summary_large_image\" \/>\n<meta name=\"twitter:label1\" content=\"Est. reading time\" \/>\n\t<meta name=\"twitter:data1\" content=\"2 minutes\" \/>\n<script type=\"application\/ld+json\" class=\"yoast-schema-graph\">{\"@context\":\"https:\/\/schema.org\",\"@graph\":[{\"@type\":\"WebPage\",\"@id\":\"https:\/\/visitviskovo.hr\/en\/info\/tips-info\/money-and-atm\/\",\"url\":\"https:\/\/visitviskovo.hr\/en\/info\/tips-info\/money-and-atm\/\",\"name\":\"Money and ATM - Turisti\u010dka zajednica op\u0107ine Vi\u0161kovo\",\"isPartOf\":{\"@id\":\"https:\/\/visitviskovo.hr\/it\/#website\"},\"primaryImageOfPage\":{\"@id\":\"https:\/\/visitviskovo.hr\/en\/info\/tips-info\/money-and-atm\/#primaryimage\"},\"image\":{\"@id\":\"https:\/\/visitviskovo.hr\/en\/info\/tips-info\/money-and-atm\/#primaryimage\"},\"thumbnailUrl\":\"https:\/\/visitviskovo.hr\/wp-content\/uploads\/2024\/04\/banknotes-209104_1280.jpg\",\"datePublished\":\"2019-08-19T14:14:51+00:00\",\"dateModified\":\"2024-04-18T12:23:42+00:00\",\"breadcrumb\":{\"@id\":\"https:\/\/visitviskovo.hr\/en\/info\/tips-info\/money-and-atm\/#breadcrumb\"},\"inLanguage\":\"en-US\",\"potentialAction\":[{\"@type\":\"ReadAction\",\"target\":[\"https:\/\/visitviskovo.hr\/en\/info\/tips-info\/money-and-atm\/\"]}]},{\"@type\":\"ImageObject\",\"inLanguage\":\"en-US\",\"@id\":\"https:\/\/visitviskovo.hr\/en\/info\/tips-info\/money-and-atm\/#primaryimage\",\"url\":\"https:\/\/visitviskovo.hr\/wp-content\/uploads\/2024\/04\/banknotes-209104_1280.jpg\",\"contentUrl\":\"https:\/\/visitviskovo.hr\/wp-content\/uploads\/2024\/04\/banknotes-209104_1280.jpg\",\"width\":1280,\"height\":853},{\"@type\":\"BreadcrumbList\",\"@id\":\"https:\/\/visitviskovo.hr\/en\/info\/tips-info\/money-and-atm\/#breadcrumb\",\"itemListElement\":[{\"@type\":\"ListItem\",\"position\":1,\"name\":\"Home\",\"item\":\"https:\/\/visitviskovo.hr\/en\/\"},{\"@type\":\"ListItem\",\"position\":2,\"name\":\"Info\",\"item\":\"https:\/\/visitviskovo.hr\/en\/info\/\"},{\"@type\":\"ListItem\",\"position\":3,\"name\":\"Tips &#038; info\",\"item\":\"https:\/\/visitviskovo.hr\/en\/info\/tips-info\/\"},{\"@type\":\"ListItem\",\"position\":4,\"name\":\"Money and ATM\"}]},{\"@type\":\"WebSite\",\"@id\":\"https:\/\/visitviskovo.hr\/it\/#website\",\"url\":\"https:\/\/visitviskovo.hr\/it\/\",\"name\":\"Turisti\u010dka zajednica op\u0107ine Vi\u0161kovo\",\"description\":\"\",\"potentialAction\":[{\"@type\":\"SearchAction\",\"target\":{\"@type\":\"EntryPoint\",\"urlTemplate\":\"https:\/\/visitviskovo.hr\/it\/?s={search_term_string}\"},\"query-input\":\"required name=search_term_string\"}],\"inLanguage\":\"en-US\"}]}<\/script>\n<!-- \/ Yoast SEO plugin. -->","yoast_head_json":{"title":"Money and ATM - Turisti\u010dka zajednica op\u0107ine Vi\u0161kovo","robots":{"index":"index","follow":"follow","max-snippet":"max-snippet:-1","max-image-preview":"max-image-preview:large","max-video-preview":"max-video-preview:-1"},"canonical":"https:\/\/visitviskovo.hr\/en\/info\/tips-info\/money-and-atm\/","og_locale":"en_US","og_type":"article","og_title":"Money and ATM - Turisti\u010dka zajednica op\u0107ine Vi\u0161kovo","og_description":"As a member of the European Union, Croatia is part of the economic and monetary union which introduced the euro as the common currency. As of 1 January 2023, the currency used in Croatia is the\u00a0euro (EUR), which is the only official means of payment in Croatia, and which replaced the previously used kuna. Banknotes [&hellip;]","og_url":"https:\/\/visitviskovo.hr\/en\/info\/tips-info\/money-and-atm\/","og_site_name":"Turisti\u010dka zajednica op\u0107ine Vi\u0161kovo","article_publisher":"https:\/\/web.facebook.com\/VisitViskovo","article_modified_time":"2024-04-18T12:23:42+00:00","og_image":[{"width":1280,"height":853,"url":"https:\/\/visitviskovo.hr\/wp-content\/uploads\/2024\/04\/banknotes-209104_1280.jpg","type":"image\/jpeg"}],"twitter_card":"summary_large_image","twitter_misc":{"Est. reading time":"2 minutes"},"schema":{"@context":"https:\/\/schema.org","@graph":[{"@type":"WebPage","@id":"https:\/\/visitviskovo.hr\/en\/info\/tips-info\/money-and-atm\/","url":"https:\/\/visitviskovo.hr\/en\/info\/tips-info\/money-and-atm\/","name":"Money and ATM - Turisti\u010dka zajednica op\u0107ine Vi\u0161kovo","isPartOf":{"@id":"https:\/\/visitviskovo.hr\/it\/#website"},"primaryImageOfPage":{"@id":"https:\/\/visitviskovo.hr\/en\/info\/tips-info\/money-and-atm\/#primaryimage"},"image":{"@id":"https:\/\/visitviskovo.hr\/en\/info\/tips-info\/money-and-atm\/#primaryimage"},"thumbnailUrl":"https:\/\/visitviskovo.hr\/wp-content\/uploads\/2024\/04\/banknotes-209104_1280.jpg","datePublished":"2019-08-19T14:14:51+00:00","dateModified":"2024-04-18T12:23:42+00:00","breadcrumb":{"@id":"https:\/\/visitviskovo.hr\/en\/info\/tips-info\/money-and-atm\/#breadcrumb"},"inLanguage":"en-US","potentialAction":[{"@type":"ReadAction","target":["https:\/\/visitviskovo.hr\/en\/info\/tips-info\/money-and-atm\/"]}]},{"@type":"ImageObject","inLanguage":"en-US","@id":"https:\/\/visitviskovo.hr\/en\/info\/tips-info\/money-and-atm\/#primaryimage","url":"https:\/\/visitviskovo.hr\/wp-content\/uploads\/2024\/04\/banknotes-209104_1280.jpg","contentUrl":"https:\/\/visitviskovo.hr\/wp-content\/uploads\/2024\/04\/banknotes-209104_1280.jpg","width":1280,"height":853},{"@type":"BreadcrumbList","@id":"https:\/\/visitviskovo.hr\/en\/info\/tips-info\/money-and-atm\/#breadcrumb","itemListElement":[{"@type":"ListItem","position":1,"name":"Home","item":"https:\/\/visitviskovo.hr\/en\/"},{"@type":"ListItem","position":2,"name":"Info","item":"https:\/\/visitviskovo.hr\/en\/info\/"},{"@type":"ListItem","position":3,"name":"Tips &#038; info","item":"https:\/\/visitviskovo.hr\/en\/info\/tips-info\/"},{"@type":"ListItem","position":4,"name":"Money and ATM"}]},{"@type":"WebSite","@id":"https:\/\/visitviskovo.hr\/it\/#website","url":"https:\/\/visitviskovo.hr\/it\/","name":"Turisti\u010dka zajednica op\u0107ine Vi\u0161kovo","description":"","potentialAction":[{"@type":"SearchAction","target":{"@type":"EntryPoint","urlTemplate":"https:\/\/visitviskovo.hr\/it\/?s={search_term_string}"},"query-input":"required name=search_term_string"}],"inLanguage":"en-US"}]}},"_links":{"self":[{"href":"https:\/\/visitviskovo.hr\/en\/wp-json\/wp\/v2\/pages\/3608"}],"collection":[{"href":"https:\/\/visitviskovo.hr\/en\/wp-json\/wp\/v2\/pages"}],"about":[{"href":"https:\/\/visitviskovo.hr\/en\/wp-json\/wp\/v2\/types\/page"}],"author":[{"embeddable":true,"href":"https:\/\/visitviskovo.hr\/en\/wp-json\/wp\/v2\/users\/1"}],"replies":[{"embeddable":true,"href":"https:\/\/visitviskovo.hr\/en\/wp-json\/wp\/v2\/comments?post=3608"}],"version-history":[{"count":11,"href":"https:\/\/visitviskovo.hr\/en\/wp-json\/wp\/v2\/pages\/3608\/revisions"}],"predecessor-version":[{"id":21086,"href":"https:\/\/visitviskovo.hr\/en\/wp-json\/wp\/v2\/pages\/3608\/revisions\/21086"}],"up":[{"embeddable":true,"href":"https:\/\/visitviskovo.hr\/en\/wp-json\/wp\/v2\/pages\/3376"}],"wp:featuredmedia":[{"embeddable":true,"href":"https:\/\/visitviskovo.hr\/en\/wp-json\/wp\/v2\/media\/21072"}],"wp:attachment":[{"href":"https:\/\/visitviskovo.hr\/en\/wp-json\/wp\/v2\/media?parent=3608"}],"curies":[{"name":"wp","href":"https:\/\/api.w.org\/{rel}","templated":true}]}}