{"id":3623,"date":"2019-08-19T14:27:21","date_gmt":"2019-08-19T14:27:21","guid":{"rendered":"https:\/\/visitviskovo.hr\/?page_id=3623"},"modified":"2024-08-14T12:08:39","modified_gmt":"2024-08-14T12:08:39","slug":"travel-agencies","status":"publish","type":"page","link":"https:\/\/visitviskovo.hr\/en\/info\/tips-info\/travel-agencies\/","title":{"rendered":"Travel agencies"},"content":{"rendered":"\n<h2 class=\"wp-block-heading\"><strong>Promotiv Travel Outdoor<\/strong><\/h2>\n\n\n\n<p>Address:Stra\u017ea 102,&nbsp;51216 Vi\u0161kovo<br>Phone: +385&nbsp;51 681 602<br>Website:<a href=\"http:\/\/www.promotiv-turizam.hr\/\">www.promotiv-turizam.hr<\/a><br>E-mail: <a rel=\"noreferrer noopener\" href=\"mailto:info@promotiv-turizam.hr\" target=\"_blank\">info@promotiv-turizam.hr<\/a><br>FB:&nbsp;<a href=\"https:\/\/www.facebook.com\/Promotiv-Travel-Outdoor-144556165583405\/?hc_ref=SEARCH\">www.facebook.com\/Promotiv-Travel-Outdoor<\/a><\/p>\n\n\n\n<h2 class=\"wp-block-heading\"><strong>\u0160tok travel<\/strong><\/h2>\n\n\n\n<p>Address:&nbsp;Vi\u0161kovo 123, 51216 Vi\u0161kovo<br>Phone: +385 51 257 408<br>E-mail: stok.travel@ri.t-com.hr<br> FB:&nbsp;<a href=\"https:\/\/www.facebook.com\/aristiki\/?fref=ts\">Putni\u010dka agencija \u201c\u0160tok travel\u201d<\/a> <\/p>\n","protected":false},"excerpt":{"rendered":"<p>Promotiv Travel Outdoor Address:Stra\u017ea 102,&nbsp;51216 Vi\u0161kovoPhone: +385&nbsp;51 681 602Website:www.promotiv-turizam.hrE-mail: info@promotiv-turizam.hrFB:&nbsp;www.facebook.com\/Promotiv-Travel-Outdoor \u0160tok travel Address:&nbsp;Vi\u0161kovo 123, 51216 Vi\u0161kovoPhone: +385 51 257 408E-mail: stok.travel@ri.t-com.hr FB:&nbsp;Putni\u010dka agencija \u201c\u0160tok travel\u201d<\/p>\n","protected":false},"author":1,"featured_media":21767,"parent":3376,"menu_order":0,"comment_status":"closed","ping_status":"closed","template":"","meta":{"_acf_changed":false,"footnotes":""},"acf":[],"yoast_head":"<!-- This site is optimized with the Yoast SEO plugin v22.7 - https:\/\/yoast.com\/wordpress\/plugins\/seo\/ -->\n<title>Travel agencies - Turisti\u010dka zajednica op\u0107ine Vi\u0161kovo<\/title>\n<meta name=\"robots\" content=\"index, follow, max-snippet:-1, max-image-preview:large, max-video-preview:-1\" \/>\n<link rel=\"canonical\" href=\"https:\/\/visitviskovo.hr\/en\/info\/tips-info\/travel-agencies\/\" \/>\n<meta property=\"og:locale\" content=\"en_US\" \/>\n<meta property=\"og:type\" content=\"article\" \/>\n<meta property=\"og:title\" content=\"Travel agencies - Turisti\u010dka zajednica op\u0107ine Vi\u0161kovo\" \/>\n<meta property=\"og:description\" content=\"Promotiv Travel Outdoor Address:Stra\u017ea 102,&nbsp;51216 Vi\u0161kovoPhone: +385&nbsp;51 681 602Website:www.promotiv-turizam.hrE-mail: info@promotiv-turizam.hrFB:&nbsp;www.facebook.com\/Promotiv-Travel-Outdoor \u0160tok travel Address:&nbsp;Vi\u0161kovo 123, 51216 Vi\u0161kovoPhone: +385 51 257 408E-mail: stok.travel@ri.t-com.hr FB:&nbsp;Putni\u010dka agencija \u201c\u0160tok travel\u201d\" \/>\n<meta property=\"og:url\" content=\"https:\/\/visitviskovo.hr\/en\/info\/tips-info\/travel-agencies\/\" \/>\n<meta property=\"og:site_name\" content=\"Turisti\u010dka zajednica op\u0107ine Vi\u0161kovo\" \/>\n<meta property=\"article:publisher\" content=\"https:\/\/web.facebook.com\/VisitViskovo\" \/>\n<meta property=\"article:modified_time\" content=\"2024-08-14T12:08:39+00:00\" \/>\n<meta property=\"og:image\" content=\"https:\/\/visitviskovo.hr\/wp-content\/uploads\/2024\/08\/globe-trotter-1828079_1280.jpg\" \/>\n\t<meta property=\"og:image:width\" content=\"1280\" \/>\n\t<meta property=\"og:image:height\" content=\"853\" \/>\n\t<meta property=\"og:image:type\" content=\"image\/jpeg\" \/>\n<meta name=\"twitter:card\" content=\"summary_large_image\" \/>\n<meta name=\"twitter:label1\" content=\"Est. reading time\" \/>\n\t<meta name=\"twitter:data1\" content=\"1 minute\" \/>\n<script type=\"application\/ld+json\" class=\"yoast-schema-graph\">{\"@context\":\"https:\/\/schema.org\",\"@graph\":[{\"@type\":\"WebPage\",\"@id\":\"https:\/\/visitviskovo.hr\/en\/info\/tips-info\/travel-agencies\/\",\"url\":\"https:\/\/visitviskovo.hr\/en\/info\/tips-info\/travel-agencies\/\",\"name\":\"Travel agencies - Turisti\u010dka zajednica op\u0107ine Vi\u0161kovo\",\"isPartOf\":{\"@id\":\"https:\/\/visitviskovo.hr\/it\/#website\"},\"primaryImageOfPage\":{\"@id\":\"https:\/\/visitviskovo.hr\/en\/info\/tips-info\/travel-agencies\/#primaryimage\"},\"image\":{\"@id\":\"https:\/\/visitviskovo.hr\/en\/info\/tips-info\/travel-agencies\/#primaryimage\"},\"thumbnailUrl\":\"https:\/\/visitviskovo.hr\/wp-content\/uploads\/2024\/08\/globe-trotter-1828079_1280.jpg\",\"datePublished\":\"2019-08-19T14:27:21+00:00\",\"dateModified\":\"2024-08-14T12:08:39+00:00\",\"breadcrumb\":{\"@id\":\"https:\/\/visitviskovo.hr\/en\/info\/tips-info\/travel-agencies\/#breadcrumb\"},\"inLanguage\":\"en-US\",\"potentialAction\":[{\"@type\":\"ReadAction\",\"target\":[\"https:\/\/visitviskovo.hr\/en\/info\/tips-info\/travel-agencies\/\"]}]},{\"@type\":\"ImageObject\",\"inLanguage\":\"en-US\",\"@id\":\"https:\/\/visitviskovo.hr\/en\/info\/tips-info\/travel-agencies\/#primaryimage\",\"url\":\"https:\/\/visitviskovo.hr\/wp-content\/uploads\/2024\/08\/globe-trotter-1828079_1280.jpg\",\"contentUrl\":\"https:\/\/visitviskovo.hr\/wp-content\/uploads\/2024\/08\/globe-trotter-1828079_1280.jpg\",\"width\":1280,\"height\":853},{\"@type\":\"BreadcrumbList\",\"@id\":\"https:\/\/visitviskovo.hr\/en\/info\/tips-info\/travel-agencies\/#breadcrumb\",\"itemListElement\":[{\"@type\":\"ListItem\",\"position\":1,\"name\":\"Home\",\"item\":\"https:\/\/visitviskovo.hr\/en\/\"},{\"@type\":\"ListItem\",\"position\":2,\"name\":\"Info\",\"item\":\"https:\/\/visitviskovo.hr\/en\/info\/\"},{\"@type\":\"ListItem\",\"position\":3,\"name\":\"Tips &#038; info\",\"item\":\"https:\/\/visitviskovo.hr\/en\/info\/tips-info\/\"},{\"@type\":\"ListItem\",\"position\":4,\"name\":\"Travel agencies\"}]},{\"@type\":\"WebSite\",\"@id\":\"https:\/\/visitviskovo.hr\/it\/#website\",\"url\":\"https:\/\/visitviskovo.hr\/it\/\",\"name\":\"Turisti\u010dka zajednica op\u0107ine Vi\u0161kovo\",\"description\":\"\",\"potentialAction\":[{\"@type\":\"SearchAction\",\"target\":{\"@type\":\"EntryPoint\",\"urlTemplate\":\"https:\/\/visitviskovo.hr\/it\/?s={search_term_string}\"},\"query-input\":\"required name=search_term_string\"}],\"inLanguage\":\"en-US\"}]}<\/script>\n<!-- \/ Yoast SEO plugin. -->","yoast_head_json":{"title":"Travel agencies - Turisti\u010dka zajednica op\u0107ine Vi\u0161kovo","robots":{"index":"index","follow":"follow","max-snippet":"max-snippet:-1","max-image-preview":"max-image-preview:large","max-video-preview":"max-video-preview:-1"},"canonical":"https:\/\/visitviskovo.hr\/en\/info\/tips-info\/travel-agencies\/","og_locale":"en_US","og_type":"article","og_title":"Travel agencies - Turisti\u010dka zajednica op\u0107ine Vi\u0161kovo","og_description":"Promotiv Travel Outdoor Address:Stra\u017ea 102,&nbsp;51216 Vi\u0161kovoPhone: +385&nbsp;51 681 602Website:www.promotiv-turizam.hrE-mail: info@promotiv-turizam.hrFB:&nbsp;www.facebook.com\/Promotiv-Travel-Outdoor \u0160tok travel Address:&nbsp;Vi\u0161kovo 123, 51216 Vi\u0161kovoPhone: +385 51 257 408E-mail: stok.travel@ri.t-com.hr FB:&nbsp;Putni\u010dka agencija \u201c\u0160tok travel\u201d","og_url":"https:\/\/visitviskovo.hr\/en\/info\/tips-info\/travel-agencies\/","og_site_name":"Turisti\u010dka zajednica op\u0107ine Vi\u0161kovo","article_publisher":"https:\/\/web.facebook.com\/VisitViskovo","article_modified_time":"2024-08-14T12:08:39+00:00","og_image":[{"width":1280,"height":853,"url":"https:\/\/visitviskovo.hr\/wp-content\/uploads\/2024\/08\/globe-trotter-1828079_1280.jpg","type":"image\/jpeg"}],"twitter_card":"summary_large_image","twitter_misc":{"Est. reading time":"1 minute"},"schema":{"@context":"https:\/\/schema.org","@graph":[{"@type":"WebPage","@id":"https:\/\/visitviskovo.hr\/en\/info\/tips-info\/travel-agencies\/","url":"https:\/\/visitviskovo.hr\/en\/info\/tips-info\/travel-agencies\/","name":"Travel agencies - Turisti\u010dka zajednica op\u0107ine Vi\u0161kovo","isPartOf":{"@id":"https:\/\/visitviskovo.hr\/it\/#website"},"primaryImageOfPage":{"@id":"https:\/\/visitviskovo.hr\/en\/info\/tips-info\/travel-agencies\/#primaryimage"},"image":{"@id":"https:\/\/visitviskovo.hr\/en\/info\/tips-info\/travel-agencies\/#primaryimage"},"thumbnailUrl":"https:\/\/visitviskovo.hr\/wp-content\/uploads\/2024\/08\/globe-trotter-1828079_1280.jpg","datePublished":"2019-08-19T14:27:21+00:00","dateModified":"2024-08-14T12:08:39+00:00","breadcrumb":{"@id":"https:\/\/visitviskovo.hr\/en\/info\/tips-info\/travel-agencies\/#breadcrumb"},"inLanguage":"en-US","potentialAction":[{"@type":"ReadAction","target":["https:\/\/visitviskovo.hr\/en\/info\/tips-info\/travel-agencies\/"]}]},{"@type":"ImageObject","inLanguage":"en-US","@id":"https:\/\/visitviskovo.hr\/en\/info\/tips-info\/travel-agencies\/#primaryimage","url":"https:\/\/visitviskovo.hr\/wp-content\/uploads\/2024\/08\/globe-trotter-1828079_1280.jpg","contentUrl":"https:\/\/visitviskovo.hr\/wp-content\/uploads\/2024\/08\/globe-trotter-1828079_1280.jpg","width":1280,"height":853},{"@type":"BreadcrumbList","@id":"https:\/\/visitviskovo.hr\/en\/info\/tips-info\/travel-agencies\/#breadcrumb","itemListElement":[{"@type":"ListItem","position":1,"name":"Home","item":"https:\/\/visitviskovo.hr\/en\/"},{"@type":"ListItem","position":2,"name":"Info","item":"https:\/\/visitviskovo.hr\/en\/info\/"},{"@type":"ListItem","position":3,"name":"Tips &#038; info","item":"https:\/\/visitviskovo.hr\/en\/info\/tips-info\/"},{"@type":"ListItem","position":4,"name":"Travel agencies"}]},{"@type":"WebSite","@id":"https:\/\/visitviskovo.hr\/it\/#website","url":"https:\/\/visitviskovo.hr\/it\/","name":"Turisti\u010dka zajednica op\u0107ine Vi\u0161kovo","description":"","potentialAction":[{"@type":"SearchAction","target":{"@type":"EntryPoint","urlTemplate":"https:\/\/visitviskovo.hr\/it\/?s={search_term_string}"},"query-input":"required name=search_term_string"}],"inLanguage":"en-US"}]}},"_links":{"self":[{"href":"https:\/\/visitviskovo.hr\/en\/wp-json\/wp\/v2\/pages\/3623"}],"collection":[{"href":"https:\/\/visitviskovo.hr\/en\/wp-json\/wp\/v2\/pages"}],"about":[{"href":"https:\/\/visitviskovo.hr\/en\/wp-json\/wp\/v2\/types\/page"}],"author":[{"embeddable":true,"href":"https:\/\/visitviskovo.hr\/en\/wp-json\/wp\/v2\/users\/1"}],"replies":[{"embeddable":true,"href":"https:\/\/visitviskovo.hr\/en\/wp-json\/wp\/v2\/comments?post=3623"}],"version-history":[{"count":5,"href":"https:\/\/visitviskovo.hr\/en\/wp-json\/wp\/v2\/pages\/3623\/revisions"}],"predecessor-version":[{"id":14783,"href":"https:\/\/visitviskovo.hr\/en\/wp-json\/wp\/v2\/pages\/3623\/revisions\/14783"}],"up":[{"embeddable":true,"href":"https:\/\/visitviskovo.hr\/en\/wp-json\/wp\/v2\/pages\/3376"}],"wp:featuredmedia":[{"embeddable":true,"href":"https:\/\/visitviskovo.hr\/en\/wp-json\/wp\/v2\/media\/21767"}],"wp:attachment":[{"href":"https:\/\/visitviskovo.hr\/en\/wp-json\/wp\/v2\/media?parent=3623"}],"curies":[{"name":"wp","href":"https:\/\/api.w.org\/{rel}","templated":true}]}}