{"id":3626,"date":"2019-08-19T14:29:30","date_gmt":"2019-08-19T14:29:30","guid":{"rendered":"https:\/\/visitviskovo.hr\/?page_id=3626"},"modified":"2024-08-14T12:17:22","modified_gmt":"2024-08-14T12:17:22","slug":"links","status":"publish","type":"page","link":"https:\/\/visitviskovo.hr\/en\/info\/tips-info\/links\/","title":{"rendered":"Emergency services and holidays"},"content":{"rendered":"\n<p><strong>&nbsp;+385 112<\/strong>&nbsp;General Emergency Line<\/p>\n\n\n\n<p>Phone number 112 is the European emergency line, used in all EU Member States and in most third countries. You can dial it directly from any telephone device, regardless of your telecommunications network. The system will automatically connect you to the nearest emergency service.<\/p>\n\n\n\n<p>Some services can also be directly reached on the following numbers:<\/p>\n\n\n\n<p><strong>&nbsp;+385 192&nbsp;<\/strong>\u2013 Police<\/p>\n\n\n\n<p><strong>&nbsp;+385 194<\/strong>&nbsp;\u2013 Emergency  Medical Assistance<\/p>\n\n\n\n<p><strong>&nbsp;+385 193&nbsp;<\/strong>\u2013 Firefighters<\/p>\n\n\n\n<p><strong>&nbsp;+385 1987<\/strong>&nbsp;\u2013 Road assistance<\/p>\n\n\n\n<p><strong>\u00a0+385 195<\/strong>\u00a0\u2013 Search and Rescue at Sea<\/p>\n\n\n\n<h2 class=\"wp-block-heading\">Holidays<\/h2>\n\n\n\n<p>Bank holidays in Croatia include public holidays and Roman Catholic festivities, and there are 14 in total: <br><br><strong>1 January<\/strong>\u00a0New Year\u2019s Day<br><strong>6 January<\/strong>\u00a0Epiphany<br><strong>Easter<\/strong>\u00a0\u2013 date is different every year<br><strong>Easter Monday<\/strong>\u00a0\u2013 date is different every year<br><strong>1 May<\/strong>\u00a0International Workers&#8217; Day<br><strong>30 May\u00a0<\/strong>Statehood Day<br><strong>Corpus Christi\u00a0<\/strong>\u2013 date is different every year<br><strong>22 June<\/strong>\u00a0Anti-Fascist Struggle Day<br><strong>5 August<\/strong>\u00a0Victory and Homeland Thanksgiving Day and the Day of Croatian Defenders<br><strong>15 August<\/strong>\u00a0Assumption of Mary<br><strong>1 November<\/strong>\u00a0All Saints&#8217; Day<br><strong>18 November<\/strong>\u00a0Remembrance Day for the victims of the Homeland War and the victims of Vukovar and \u0160kabrnja<br><strong>25 December\u00a0<\/strong>Christmas<br><strong>26 December\u00a0<\/strong>St. Stephen&#8217;s Day<\/p>\n\n\n\n<p>Opening hours on non-working days may differ or be the same on Sundays. This means that part of the shops or services will not work or will work abbreviatedly. Also, the timetable of buses, trains and other forms of public transport may differ.<\/p>\n","protected":false},"excerpt":{"rendered":"<p>&nbsp;+385 112&nbsp;General Emergency Line Phone number 112 is the European emergency line, used in all EU Member States and in most third countries. You can dial it directly from any telephone device, regardless of your telecommunications network. The system will automatically connect you to the nearest emergency service. Some services can also be directly reached [&hellip;]<\/p>\n","protected":false},"author":1,"featured_media":21147,"parent":3376,"menu_order":0,"comment_status":"closed","ping_status":"closed","template":"","meta":{"_acf_changed":false,"footnotes":""},"acf":[],"yoast_head":"<!-- This site is optimized with the Yoast SEO plugin v22.7 - https:\/\/yoast.com\/wordpress\/plugins\/seo\/ -->\n<title>Emergency services and holidays - Turisti\u010dka zajednica op\u0107ine Vi\u0161kovo<\/title>\n<meta name=\"robots\" content=\"index, follow, max-snippet:-1, max-image-preview:large, max-video-preview:-1\" \/>\n<link rel=\"canonical\" href=\"https:\/\/visitviskovo.hr\/en\/info\/tips-info\/links\/\" \/>\n<meta property=\"og:locale\" content=\"en_US\" \/>\n<meta property=\"og:type\" content=\"article\" \/>\n<meta property=\"og:title\" content=\"Emergency services and holidays - Turisti\u010dka zajednica op\u0107ine Vi\u0161kovo\" \/>\n<meta property=\"og:description\" content=\"&nbsp;+385 112&nbsp;General Emergency Line Phone number 112 is the European emergency line, used in all EU Member States and in most third countries. You can dial it directly from any telephone device, regardless of your telecommunications network. The system will automatically connect you to the nearest emergency service. Some services can also be directly reached [&hellip;]\" \/>\n<meta property=\"og:url\" content=\"https:\/\/visitviskovo.hr\/en\/info\/tips-info\/links\/\" \/>\n<meta property=\"og:site_name\" content=\"Turisti\u010dka zajednica op\u0107ine Vi\u0161kovo\" \/>\n<meta property=\"article:publisher\" content=\"https:\/\/web.facebook.com\/VisitViskovo\" \/>\n<meta property=\"article:modified_time\" content=\"2024-08-14T12:17:22+00:00\" \/>\n<meta property=\"og:image\" content=\"https:\/\/visitviskovo.hr\/wp-content\/uploads\/2024\/04\/icons-1294597_1280.png\" \/>\n\t<meta property=\"og:image:width\" content=\"1218\" \/>\n\t<meta property=\"og:image:height\" content=\"1280\" \/>\n\t<meta property=\"og:image:type\" content=\"image\/png\" \/>\n<meta name=\"twitter:card\" content=\"summary_large_image\" \/>\n<meta name=\"twitter:label1\" content=\"Est. reading time\" \/>\n\t<meta name=\"twitter:data1\" content=\"2 minutes\" \/>\n<script type=\"application\/ld+json\" class=\"yoast-schema-graph\">{\"@context\":\"https:\/\/schema.org\",\"@graph\":[{\"@type\":\"WebPage\",\"@id\":\"https:\/\/visitviskovo.hr\/en\/info\/tips-info\/links\/\",\"url\":\"https:\/\/visitviskovo.hr\/en\/info\/tips-info\/links\/\",\"name\":\"Emergency services and holidays - Turisti\u010dka zajednica op\u0107ine Vi\u0161kovo\",\"isPartOf\":{\"@id\":\"https:\/\/visitviskovo.hr\/it\/#website\"},\"primaryImageOfPage\":{\"@id\":\"https:\/\/visitviskovo.hr\/en\/info\/tips-info\/links\/#primaryimage\"},\"image\":{\"@id\":\"https:\/\/visitviskovo.hr\/en\/info\/tips-info\/links\/#primaryimage\"},\"thumbnailUrl\":\"https:\/\/visitviskovo.hr\/wp-content\/uploads\/2024\/04\/icons-1294597_1280.png\",\"datePublished\":\"2019-08-19T14:29:30+00:00\",\"dateModified\":\"2024-08-14T12:17:22+00:00\",\"breadcrumb\":{\"@id\":\"https:\/\/visitviskovo.hr\/en\/info\/tips-info\/links\/#breadcrumb\"},\"inLanguage\":\"en-US\",\"potentialAction\":[{\"@type\":\"ReadAction\",\"target\":[\"https:\/\/visitviskovo.hr\/en\/info\/tips-info\/links\/\"]}]},{\"@type\":\"ImageObject\",\"inLanguage\":\"en-US\",\"@id\":\"https:\/\/visitviskovo.hr\/en\/info\/tips-info\/links\/#primaryimage\",\"url\":\"https:\/\/visitviskovo.hr\/wp-content\/uploads\/2024\/04\/icons-1294597_1280.png\",\"contentUrl\":\"https:\/\/visitviskovo.hr\/wp-content\/uploads\/2024\/04\/icons-1294597_1280.png\",\"width\":1218,\"height\":1280},{\"@type\":\"BreadcrumbList\",\"@id\":\"https:\/\/visitviskovo.hr\/en\/info\/tips-info\/links\/#breadcrumb\",\"itemListElement\":[{\"@type\":\"ListItem\",\"position\":1,\"name\":\"Home\",\"item\":\"https:\/\/visitviskovo.hr\/en\/\"},{\"@type\":\"ListItem\",\"position\":2,\"name\":\"Info\",\"item\":\"https:\/\/visitviskovo.hr\/en\/info\/\"},{\"@type\":\"ListItem\",\"position\":3,\"name\":\"Tips &#038; info\",\"item\":\"https:\/\/visitviskovo.hr\/en\/info\/tips-info\/\"},{\"@type\":\"ListItem\",\"position\":4,\"name\":\"Emergency services and holidays\"}]},{\"@type\":\"WebSite\",\"@id\":\"https:\/\/visitviskovo.hr\/it\/#website\",\"url\":\"https:\/\/visitviskovo.hr\/it\/\",\"name\":\"Turisti\u010dka zajednica op\u0107ine Vi\u0161kovo\",\"description\":\"\",\"potentialAction\":[{\"@type\":\"SearchAction\",\"target\":{\"@type\":\"EntryPoint\",\"urlTemplate\":\"https:\/\/visitviskovo.hr\/it\/?s={search_term_string}\"},\"query-input\":\"required name=search_term_string\"}],\"inLanguage\":\"en-US\"}]}<\/script>\n<!-- \/ Yoast SEO plugin. -->","yoast_head_json":{"title":"Emergency services and holidays - Turisti\u010dka zajednica op\u0107ine Vi\u0161kovo","robots":{"index":"index","follow":"follow","max-snippet":"max-snippet:-1","max-image-preview":"max-image-preview:large","max-video-preview":"max-video-preview:-1"},"canonical":"https:\/\/visitviskovo.hr\/en\/info\/tips-info\/links\/","og_locale":"en_US","og_type":"article","og_title":"Emergency services and holidays - Turisti\u010dka zajednica op\u0107ine Vi\u0161kovo","og_description":"&nbsp;+385 112&nbsp;General Emergency Line Phone number 112 is the European emergency line, used in all EU Member States and in most third countries. You can dial it directly from any telephone device, regardless of your telecommunications network. The system will automatically connect you to the nearest emergency service. Some services can also be directly reached [&hellip;]","og_url":"https:\/\/visitviskovo.hr\/en\/info\/tips-info\/links\/","og_site_name":"Turisti\u010dka zajednica op\u0107ine Vi\u0161kovo","article_publisher":"https:\/\/web.facebook.com\/VisitViskovo","article_modified_time":"2024-08-14T12:17:22+00:00","og_image":[{"width":1218,"height":1280,"url":"https:\/\/visitviskovo.hr\/wp-content\/uploads\/2024\/04\/icons-1294597_1280.png","type":"image\/png"}],"twitter_card":"summary_large_image","twitter_misc":{"Est. reading time":"2 minutes"},"schema":{"@context":"https:\/\/schema.org","@graph":[{"@type":"WebPage","@id":"https:\/\/visitviskovo.hr\/en\/info\/tips-info\/links\/","url":"https:\/\/visitviskovo.hr\/en\/info\/tips-info\/links\/","name":"Emergency services and holidays - Turisti\u010dka zajednica op\u0107ine Vi\u0161kovo","isPartOf":{"@id":"https:\/\/visitviskovo.hr\/it\/#website"},"primaryImageOfPage":{"@id":"https:\/\/visitviskovo.hr\/en\/info\/tips-info\/links\/#primaryimage"},"image":{"@id":"https:\/\/visitviskovo.hr\/en\/info\/tips-info\/links\/#primaryimage"},"thumbnailUrl":"https:\/\/visitviskovo.hr\/wp-content\/uploads\/2024\/04\/icons-1294597_1280.png","datePublished":"2019-08-19T14:29:30+00:00","dateModified":"2024-08-14T12:17:22+00:00","breadcrumb":{"@id":"https:\/\/visitviskovo.hr\/en\/info\/tips-info\/links\/#breadcrumb"},"inLanguage":"en-US","potentialAction":[{"@type":"ReadAction","target":["https:\/\/visitviskovo.hr\/en\/info\/tips-info\/links\/"]}]},{"@type":"ImageObject","inLanguage":"en-US","@id":"https:\/\/visitviskovo.hr\/en\/info\/tips-info\/links\/#primaryimage","url":"https:\/\/visitviskovo.hr\/wp-content\/uploads\/2024\/04\/icons-1294597_1280.png","contentUrl":"https:\/\/visitviskovo.hr\/wp-content\/uploads\/2024\/04\/icons-1294597_1280.png","width":1218,"height":1280},{"@type":"BreadcrumbList","@id":"https:\/\/visitviskovo.hr\/en\/info\/tips-info\/links\/#breadcrumb","itemListElement":[{"@type":"ListItem","position":1,"name":"Home","item":"https:\/\/visitviskovo.hr\/en\/"},{"@type":"ListItem","position":2,"name":"Info","item":"https:\/\/visitviskovo.hr\/en\/info\/"},{"@type":"ListItem","position":3,"name":"Tips &#038; info","item":"https:\/\/visitviskovo.hr\/en\/info\/tips-info\/"},{"@type":"ListItem","position":4,"name":"Emergency services and holidays"}]},{"@type":"WebSite","@id":"https:\/\/visitviskovo.hr\/it\/#website","url":"https:\/\/visitviskovo.hr\/it\/","name":"Turisti\u010dka zajednica op\u0107ine Vi\u0161kovo","description":"","potentialAction":[{"@type":"SearchAction","target":{"@type":"EntryPoint","urlTemplate":"https:\/\/visitviskovo.hr\/it\/?s={search_term_string}"},"query-input":"required name=search_term_string"}],"inLanguage":"en-US"}]}},"_links":{"self":[{"href":"https:\/\/visitviskovo.hr\/en\/wp-json\/wp\/v2\/pages\/3626"}],"collection":[{"href":"https:\/\/visitviskovo.hr\/en\/wp-json\/wp\/v2\/pages"}],"about":[{"href":"https:\/\/visitviskovo.hr\/en\/wp-json\/wp\/v2\/types\/page"}],"author":[{"embeddable":true,"href":"https:\/\/visitviskovo.hr\/en\/wp-json\/wp\/v2\/users\/1"}],"replies":[{"embeddable":true,"href":"https:\/\/visitviskovo.hr\/en\/wp-json\/wp\/v2\/comments?post=3626"}],"version-history":[{"count":4,"href":"https:\/\/visitviskovo.hr\/en\/wp-json\/wp\/v2\/pages\/3626\/revisions"}],"predecessor-version":[{"id":21776,"href":"https:\/\/visitviskovo.hr\/en\/wp-json\/wp\/v2\/pages\/3626\/revisions\/21776"}],"up":[{"embeddable":true,"href":"https:\/\/visitviskovo.hr\/en\/wp-json\/wp\/v2\/pages\/3376"}],"wp:featuredmedia":[{"embeddable":true,"href":"https:\/\/visitviskovo.hr\/en\/wp-json\/wp\/v2\/media\/21147"}],"wp:attachment":[{"href":"https:\/\/visitviskovo.hr\/en\/wp-json\/wp\/v2\/media?parent=3626"}],"curies":[{"name":"wp","href":"https:\/\/api.w.org\/{rel}","templated":true}]}}