{"id":3633,"date":"2019-08-19T14:39:13","date_gmt":"2019-08-19T14:39:13","guid":{"rendered":"https:\/\/visitviskovo.hr\/?page_id=3633"},"modified":"2024-04-19T12:59:32","modified_gmt":"2024-04-19T12:59:32","slug":"pets","status":"publish","type":"page","link":"https:\/\/visitviskovo.hr\/en\/info\/tips-info\/pets\/","title":{"rendered":"Pets"},"content":{"rendered":"\n<p>EU citizens travelling to Croatia with their pets need to fulfil a few basic pre-conditions.<\/p>\n\n\n\n<p>Your pets need to be microchipped, or have a clearly readable tattoo applied before 3 June 2011, they need to have been vaccinated against rabies, treated against the Echinococcus multilocularis tapeworm (in case of dogs), and they need to have a valid European pet passport when travelling from one EU Member State to another. The European pet passport is a standardised and mandatory document, containing information such as the description of the animal, microchip or tattooing number, as well as data on all received vaccinations against rabies, and contact data for the owner or the issuing veterinarian. The passport is issued by authorised veterinary offices, and it can be issued for dogs, cats and ferrets. It remains valid as long as you regularly vaccinate your pet against rabies.<\/p>\n\n\n\n<p>Third-country nationals can enter Croatia with their pets if they have obtained an EU animal health certificate. Unlike the passport, this certificate, which also contains your pet\u2019s name, basic information and history of vaccination against rabies, must be validated by an authorised veterinarian in the home country no more than ten days before entering Croatia. Customs Administration \u2013 Movement of animals (<a href=\"https:\/\/gov.hr\/\" target=\"_blank\" rel=\"noreferrer noopener\">gov.hr<\/a>) EU regulations for travelling with pets and other animals within EU \u2013 Your Europe (<a href=\"https:\/\/european-union.europa.eu\/select-language?destination=\/node\/1\" target=\"_blank\" rel=\"noreferrer noopener\">europa.eu<\/a>)<\/p>\n\n\n\n<p>VETERINARY CLINIC TURKOVI\u0106<br>Vi\u0161kovo 122C, 51216V Vi\u0161kovo<br>Phone: +385 51 257 571<br>Office hours: Monday &#8211; Friday: 09:00 &#8211; 12:00; 17:00 &#8211; 20:00<br>                     Saturday: 09:00 &#8211; 12:00<\/p>\n\n\n\n<p>VETERINARY CLINIC HOP<br>Vozi\u0161\u0107e 17, 51216 Vi\u0161kovo<br>Phone number: +385 51 504 285<br>Office hours: Monday &#8211;  Saturday: 09:00 &#8211; 21:00<br>                     Sunday: 09:00 &#8211; 18:00<\/p>\n","protected":false},"excerpt":{"rendered":"<p>EU citizens travelling to Croatia with their pets need to fulfil a few basic pre-conditions. Your pets need to be microchipped, or have a clearly readable tattoo applied before 3 June 2011, they need to have been vaccinated against rabies, treated against the Echinococcus multilocularis tapeworm (in case of dogs), and they need to have [&hellip;]<\/p>\n","protected":false},"author":1,"featured_media":21110,"parent":3376,"menu_order":0,"comment_status":"closed","ping_status":"closed","template":"","meta":{"_acf_changed":false,"footnotes":""},"acf":[],"yoast_head":"<!-- This site is optimized with the Yoast SEO plugin v22.7 - https:\/\/yoast.com\/wordpress\/plugins\/seo\/ -->\n<title>Pets - Turisti\u010dka zajednica op\u0107ine Vi\u0161kovo<\/title>\n<meta name=\"robots\" content=\"index, follow, max-snippet:-1, max-image-preview:large, max-video-preview:-1\" \/>\n<link rel=\"canonical\" href=\"https:\/\/visitviskovo.hr\/en\/info\/tips-info\/pets\/\" \/>\n<meta property=\"og:locale\" content=\"en_US\" \/>\n<meta property=\"og:type\" content=\"article\" \/>\n<meta property=\"og:title\" content=\"Pets - Turisti\u010dka zajednica op\u0107ine Vi\u0161kovo\" \/>\n<meta property=\"og:description\" content=\"EU citizens travelling to Croatia with their pets need to fulfil a few basic pre-conditions. Your pets need to be microchipped, or have a clearly readable tattoo applied before 3 June 2011, they need to have been vaccinated against rabies, treated against the Echinococcus multilocularis tapeworm (in case of dogs), and they need to have [&hellip;]\" \/>\n<meta property=\"og:url\" content=\"https:\/\/visitviskovo.hr\/en\/info\/tips-info\/pets\/\" \/>\n<meta property=\"og:site_name\" content=\"Turisti\u010dka zajednica op\u0107ine Vi\u0161kovo\" \/>\n<meta property=\"article:publisher\" content=\"https:\/\/web.facebook.com\/VisitViskovo\" \/>\n<meta property=\"article:modified_time\" content=\"2024-04-19T12:59:32+00:00\" \/>\n<meta property=\"og:image\" content=\"https:\/\/visitviskovo.hr\/wp-content\/uploads\/2024\/04\/dog-8439530_1280.jpg\" \/>\n\t<meta property=\"og:image:width\" content=\"1280\" \/>\n\t<meta property=\"og:image:height\" content=\"854\" \/>\n\t<meta property=\"og:image:type\" content=\"image\/jpeg\" \/>\n<meta name=\"twitter:card\" content=\"summary_large_image\" \/>\n<meta name=\"twitter:label1\" content=\"Est. reading time\" \/>\n\t<meta name=\"twitter:data1\" content=\"2 minutes\" \/>\n<script type=\"application\/ld+json\" class=\"yoast-schema-graph\">{\"@context\":\"https:\/\/schema.org\",\"@graph\":[{\"@type\":\"WebPage\",\"@id\":\"https:\/\/visitviskovo.hr\/en\/info\/tips-info\/pets\/\",\"url\":\"https:\/\/visitviskovo.hr\/en\/info\/tips-info\/pets\/\",\"name\":\"Pets - Turisti\u010dka zajednica op\u0107ine Vi\u0161kovo\",\"isPartOf\":{\"@id\":\"https:\/\/visitviskovo.hr\/it\/#website\"},\"primaryImageOfPage\":{\"@id\":\"https:\/\/visitviskovo.hr\/en\/info\/tips-info\/pets\/#primaryimage\"},\"image\":{\"@id\":\"https:\/\/visitviskovo.hr\/en\/info\/tips-info\/pets\/#primaryimage\"},\"thumbnailUrl\":\"https:\/\/visitviskovo.hr\/wp-content\/uploads\/2024\/04\/dog-8439530_1280.jpg\",\"datePublished\":\"2019-08-19T14:39:13+00:00\",\"dateModified\":\"2024-04-19T12:59:32+00:00\",\"breadcrumb\":{\"@id\":\"https:\/\/visitviskovo.hr\/en\/info\/tips-info\/pets\/#breadcrumb\"},\"inLanguage\":\"en-US\",\"potentialAction\":[{\"@type\":\"ReadAction\",\"target\":[\"https:\/\/visitviskovo.hr\/en\/info\/tips-info\/pets\/\"]}]},{\"@type\":\"ImageObject\",\"inLanguage\":\"en-US\",\"@id\":\"https:\/\/visitviskovo.hr\/en\/info\/tips-info\/pets\/#primaryimage\",\"url\":\"https:\/\/visitviskovo.hr\/wp-content\/uploads\/2024\/04\/dog-8439530_1280.jpg\",\"contentUrl\":\"https:\/\/visitviskovo.hr\/wp-content\/uploads\/2024\/04\/dog-8439530_1280.jpg\",\"width\":1280,\"height\":854},{\"@type\":\"BreadcrumbList\",\"@id\":\"https:\/\/visitviskovo.hr\/en\/info\/tips-info\/pets\/#breadcrumb\",\"itemListElement\":[{\"@type\":\"ListItem\",\"position\":1,\"name\":\"Home\",\"item\":\"https:\/\/visitviskovo.hr\/en\/\"},{\"@type\":\"ListItem\",\"position\":2,\"name\":\"Info\",\"item\":\"https:\/\/visitviskovo.hr\/en\/info\/\"},{\"@type\":\"ListItem\",\"position\":3,\"name\":\"Tips &#038; info\",\"item\":\"https:\/\/visitviskovo.hr\/en\/info\/tips-info\/\"},{\"@type\":\"ListItem\",\"position\":4,\"name\":\"Pets\"}]},{\"@type\":\"WebSite\",\"@id\":\"https:\/\/visitviskovo.hr\/it\/#website\",\"url\":\"https:\/\/visitviskovo.hr\/it\/\",\"name\":\"Turisti\u010dka zajednica op\u0107ine Vi\u0161kovo\",\"description\":\"\",\"potentialAction\":[{\"@type\":\"SearchAction\",\"target\":{\"@type\":\"EntryPoint\",\"urlTemplate\":\"https:\/\/visitviskovo.hr\/it\/?s={search_term_string}\"},\"query-input\":\"required name=search_term_string\"}],\"inLanguage\":\"en-US\"}]}<\/script>\n<!-- \/ Yoast SEO plugin. -->","yoast_head_json":{"title":"Pets - Turisti\u010dka zajednica op\u0107ine Vi\u0161kovo","robots":{"index":"index","follow":"follow","max-snippet":"max-snippet:-1","max-image-preview":"max-image-preview:large","max-video-preview":"max-video-preview:-1"},"canonical":"https:\/\/visitviskovo.hr\/en\/info\/tips-info\/pets\/","og_locale":"en_US","og_type":"article","og_title":"Pets - Turisti\u010dka zajednica op\u0107ine Vi\u0161kovo","og_description":"EU citizens travelling to Croatia with their pets need to fulfil a few basic pre-conditions. Your pets need to be microchipped, or have a clearly readable tattoo applied before 3 June 2011, they need to have been vaccinated against rabies, treated against the Echinococcus multilocularis tapeworm (in case of dogs), and they need to have [&hellip;]","og_url":"https:\/\/visitviskovo.hr\/en\/info\/tips-info\/pets\/","og_site_name":"Turisti\u010dka zajednica op\u0107ine Vi\u0161kovo","article_publisher":"https:\/\/web.facebook.com\/VisitViskovo","article_modified_time":"2024-04-19T12:59:32+00:00","og_image":[{"width":1280,"height":854,"url":"https:\/\/visitviskovo.hr\/wp-content\/uploads\/2024\/04\/dog-8439530_1280.jpg","type":"image\/jpeg"}],"twitter_card":"summary_large_image","twitter_misc":{"Est. reading time":"2 minutes"},"schema":{"@context":"https:\/\/schema.org","@graph":[{"@type":"WebPage","@id":"https:\/\/visitviskovo.hr\/en\/info\/tips-info\/pets\/","url":"https:\/\/visitviskovo.hr\/en\/info\/tips-info\/pets\/","name":"Pets - Turisti\u010dka zajednica op\u0107ine Vi\u0161kovo","isPartOf":{"@id":"https:\/\/visitviskovo.hr\/it\/#website"},"primaryImageOfPage":{"@id":"https:\/\/visitviskovo.hr\/en\/info\/tips-info\/pets\/#primaryimage"},"image":{"@id":"https:\/\/visitviskovo.hr\/en\/info\/tips-info\/pets\/#primaryimage"},"thumbnailUrl":"https:\/\/visitviskovo.hr\/wp-content\/uploads\/2024\/04\/dog-8439530_1280.jpg","datePublished":"2019-08-19T14:39:13+00:00","dateModified":"2024-04-19T12:59:32+00:00","breadcrumb":{"@id":"https:\/\/visitviskovo.hr\/en\/info\/tips-info\/pets\/#breadcrumb"},"inLanguage":"en-US","potentialAction":[{"@type":"ReadAction","target":["https:\/\/visitviskovo.hr\/en\/info\/tips-info\/pets\/"]}]},{"@type":"ImageObject","inLanguage":"en-US","@id":"https:\/\/visitviskovo.hr\/en\/info\/tips-info\/pets\/#primaryimage","url":"https:\/\/visitviskovo.hr\/wp-content\/uploads\/2024\/04\/dog-8439530_1280.jpg","contentUrl":"https:\/\/visitviskovo.hr\/wp-content\/uploads\/2024\/04\/dog-8439530_1280.jpg","width":1280,"height":854},{"@type":"BreadcrumbList","@id":"https:\/\/visitviskovo.hr\/en\/info\/tips-info\/pets\/#breadcrumb","itemListElement":[{"@type":"ListItem","position":1,"name":"Home","item":"https:\/\/visitviskovo.hr\/en\/"},{"@type":"ListItem","position":2,"name":"Info","item":"https:\/\/visitviskovo.hr\/en\/info\/"},{"@type":"ListItem","position":3,"name":"Tips &#038; info","item":"https:\/\/visitviskovo.hr\/en\/info\/tips-info\/"},{"@type":"ListItem","position":4,"name":"Pets"}]},{"@type":"WebSite","@id":"https:\/\/visitviskovo.hr\/it\/#website","url":"https:\/\/visitviskovo.hr\/it\/","name":"Turisti\u010dka zajednica op\u0107ine Vi\u0161kovo","description":"","potentialAction":[{"@type":"SearchAction","target":{"@type":"EntryPoint","urlTemplate":"https:\/\/visitviskovo.hr\/it\/?s={search_term_string}"},"query-input":"required name=search_term_string"}],"inLanguage":"en-US"}]}},"_links":{"self":[{"href":"https:\/\/visitviskovo.hr\/en\/wp-json\/wp\/v2\/pages\/3633"}],"collection":[{"href":"https:\/\/visitviskovo.hr\/en\/wp-json\/wp\/v2\/pages"}],"about":[{"href":"https:\/\/visitviskovo.hr\/en\/wp-json\/wp\/v2\/types\/page"}],"author":[{"embeddable":true,"href":"https:\/\/visitviskovo.hr\/en\/wp-json\/wp\/v2\/users\/1"}],"replies":[{"embeddable":true,"href":"https:\/\/visitviskovo.hr\/en\/wp-json\/wp\/v2\/comments?post=3633"}],"version-history":[{"count":4,"href":"https:\/\/visitviskovo.hr\/en\/wp-json\/wp\/v2\/pages\/3633\/revisions"}],"predecessor-version":[{"id":21119,"href":"https:\/\/visitviskovo.hr\/en\/wp-json\/wp\/v2\/pages\/3633\/revisions\/21119"}],"up":[{"embeddable":true,"href":"https:\/\/visitviskovo.hr\/en\/wp-json\/wp\/v2\/pages\/3376"}],"wp:featuredmedia":[{"embeddable":true,"href":"https:\/\/visitviskovo.hr\/en\/wp-json\/wp\/v2\/media\/21110"}],"wp:attachment":[{"href":"https:\/\/visitviskovo.hr\/en\/wp-json\/wp\/v2\/media?parent=3633"}],"curies":[{"name":"wp","href":"https:\/\/api.w.org\/{rel}","templated":true}]}}