{"id":3645,"date":"2019-08-19T14:46:23","date_gmt":"2019-08-19T14:46:23","guid":{"rendered":"https:\/\/visitviskovo.hr\/?page_id=3645"},"modified":"2019-12-10T13:22:32","modified_gmt":"2019-12-10T13:22:32","slug":"contact","status":"publish","type":"page","link":"https:\/\/visitviskovo.hr\/en\/info\/contact\/","title":{"rendered":"Contact"},"content":{"rendered":"\n<p>TURISTI\u010cKA ZAJEDNICA\u00a0OP\u0106INE VI\u0160KOVO<br>Vi\u0161kovo 31, 51216 Vi\u0161kovo<br>Tel. 051 257 591<br>info@tz-viskovo.hr<\/p>\n\n\n\n<p>OFFICE HOURS (Monday &#8211; Friday):&nbsp;8:00 AM &#8211; 16:00 PM<br>PAUSE:&nbsp;11:30 &#8211; 12:00<\/p>\n\n\n\n\n<div class=\"wpcf7 no-js\" id=\"wpcf7-f198-o1\" lang=\"en-US\" dir=\"ltr\">\n<div class=\"screen-reader-response\"><p role=\"status\" aria-live=\"polite\" aria-atomic=\"true\"><\/p> <ul><\/ul><\/div>\n<form action=\"\/en\/wp-json\/wp\/v2\/pages\/3645#wpcf7-f198-o1\" method=\"post\" class=\"wpcf7-form init\" aria-label=\"Contact form\" novalidate=\"novalidate\" data-status=\"init\">\n<div style=\"display: none;\">\n<input type=\"hidden\" name=\"_wpcf7\" value=\"198\" \/>\n<input type=\"hidden\" name=\"_wpcf7_version\" value=\"5.9.4\" \/>\n<input type=\"hidden\" name=\"_wpcf7_locale\" value=\"en_US\" \/>\n<input type=\"hidden\" name=\"_wpcf7_unit_tag\" value=\"wpcf7-f198-o1\" \/>\n<input type=\"hidden\" name=\"_wpcf7_container_post\" value=\"0\" \/>\n<input type=\"hidden\" name=\"_wpcf7_posted_data_hash\" value=\"\" \/>\n<\/div>\n<div class=\"row\">\n\t<div class=\"col-lg-6\">\n\t\t<div class=\"form-group\">\n\t\t\t<p><label for=\"exampleFormControlInput1\" class=\"text-center\">Ime i prezime:<\/label><br \/>\n<span class=\"wpcf7-form-control-wrap\" data-name=\"text-735\"><input size=\"40\" class=\"wpcf7-form-control wpcf7-text form-control\" aria-invalid=\"false\" value=\"\" type=\"text\" name=\"text-735\" \/><\/span>\n\t\t\t<\/p>\n\t\t<\/div>\n\t\t<div class=\"form-group\">\n\t\t\t<p><label for=\"exampleFormControlInput1\">Email adresa:<\/label><br \/>\n<span class=\"wpcf7-form-control-wrap\" data-name=\"email-684\"><input size=\"40\" class=\"wpcf7-form-control wpcf7-email wpcf7-validates-as-required wpcf7-text wpcf7-validates-as-email form-control\" aria-required=\"true\" aria-invalid=\"false\" value=\"\" type=\"email\" name=\"email-684\" \/><\/span>\n\t\t\t<\/p>\n\t\t<\/div>\n\t\t<div class=\"form-group\">\n\t\t\t<p><label for=\"exampleFormControlTextarea1\">Va\u0161a poruka:<\/label><br \/>\n<span class=\"wpcf7-form-control-wrap\" data-name=\"textarea-70\"><textarea cols=\"40\" rows=\"10\" class=\"wpcf7-form-control wpcf7-textarea form-control\" aria-invalid=\"false\" name=\"textarea-70\"><\/textarea><\/span>\n\t\t\t<\/p>\n\t\t<\/div>\n\t\t<p><span class=\"wpcf7-form-control-wrap\" data-name=\"accept-this-1\"><span class=\"wpcf7-form-control wpcf7-acceptance\"><span class=\"wpcf7-list-item\"><label><input type=\"checkbox\" name=\"accept-this-1\" value=\"1\" aria-invalid=\"false\" \/><span class=\"wpcf7-list-item-label\">Pro\u010ditao\/la sam i suglasan\/na sam s <a href=\"https:\/\/visitviskovo.hr\/pravila-o-privatnosti\/\">Pravilima privatnosti<\/a><\/span><\/label><\/span><\/span><\/span><br \/>\n<input class=\"wpcf7-form-control wpcf7-submit has-spinner btn btn-primary btn-lg\" type=\"submit\" value=\"Po\u0161alji\" \/>\n\t\t<\/p>\n\t<\/div>\n<\/div><div class=\"wpcf7-response-output\" aria-hidden=\"true\"><\/div>\n<\/form>\n<\/div>\n\n","protected":false},"excerpt":{"rendered":"<p>TURISTI\u010cKA ZAJEDNICA\u00a0OP\u0106INE VI\u0160KOVOVi\u0161kovo 31, 51216 Vi\u0161kovoTel. 051 257 591info@tz-viskovo.hr OFFICE HOURS (Monday &#8211; Friday):&nbsp;8:00 AM &#8211; 16:00 PMPAUSE:&nbsp;11:30 &#8211; 12:00<\/p>\n","protected":false},"author":1,"featured_media":3647,"parent":3374,"menu_order":0,"comment_status":"closed","ping_status":"closed","template":"page-no-image.php","meta":{"_acf_changed":false,"footnotes":""},"acf":[],"yoast_head":"<!-- This site is optimized with the Yoast SEO plugin v22.7 - https:\/\/yoast.com\/wordpress\/plugins\/seo\/ -->\n<title>Contact - Turisti\u010dka zajednica op\u0107ine Vi\u0161kovo<\/title>\n<meta name=\"robots\" content=\"index, follow, max-snippet:-1, max-image-preview:large, max-video-preview:-1\" \/>\n<link rel=\"canonical\" href=\"https:\/\/visitviskovo.hr\/en\/info\/contact\/\" \/>\n<meta property=\"og:locale\" content=\"en_US\" \/>\n<meta property=\"og:type\" content=\"article\" \/>\n<meta property=\"og:title\" content=\"Contact - Turisti\u010dka zajednica op\u0107ine Vi\u0161kovo\" \/>\n<meta property=\"og:description\" content=\"TURISTI\u010cKA ZAJEDNICA\u00a0OP\u0106INE VI\u0160KOVOVi\u0161kovo 31, 51216 Vi\u0161kovoTel. 051 257 591info@tz-viskovo.hr OFFICE HOURS (Monday &#8211; Friday):&nbsp;8:00 AM &#8211; 16:00 PMPAUSE:&nbsp;11:30 &#8211; 12:00\" \/>\n<meta property=\"og:url\" content=\"https:\/\/visitviskovo.hr\/en\/info\/contact\/\" \/>\n<meta property=\"og:site_name\" content=\"Turisti\u010dka zajednica op\u0107ine Vi\u0161kovo\" \/>\n<meta property=\"article:publisher\" content=\"https:\/\/web.facebook.com\/VisitViskovo\" \/>\n<meta property=\"article:modified_time\" content=\"2019-12-10T13:22:32+00:00\" \/>\n<meta property=\"og:image\" content=\"https:\/\/visitviskovo.hr\/wp-content\/uploads\/2019\/05\/kontakt.jpg\" \/>\n\t<meta property=\"og:image:width\" content=\"1280\" \/>\n\t<meta property=\"og:image:height\" content=\"768\" \/>\n\t<meta property=\"og:image:type\" content=\"image\/jpeg\" \/>\n<meta name=\"twitter:card\" content=\"summary_large_image\" \/>\n<script type=\"application\/ld+json\" class=\"yoast-schema-graph\">{\"@context\":\"https:\/\/schema.org\",\"@graph\":[{\"@type\":\"WebPage\",\"@id\":\"https:\/\/visitviskovo.hr\/en\/info\/contact\/\",\"url\":\"https:\/\/visitviskovo.hr\/en\/info\/contact\/\",\"name\":\"Contact - Turisti\u010dka zajednica op\u0107ine Vi\u0161kovo\",\"isPartOf\":{\"@id\":\"https:\/\/visitviskovo.hr\/it\/#website\"},\"primaryImageOfPage\":{\"@id\":\"https:\/\/visitviskovo.hr\/en\/info\/contact\/#primaryimage\"},\"image\":{\"@id\":\"https:\/\/visitviskovo.hr\/en\/info\/contact\/#primaryimage\"},\"thumbnailUrl\":\"https:\/\/visitviskovo.hr\/wp-content\/uploads\/2019\/05\/kontakt.jpg\",\"datePublished\":\"2019-08-19T14:46:23+00:00\",\"dateModified\":\"2019-12-10T13:22:32+00:00\",\"breadcrumb\":{\"@id\":\"https:\/\/visitviskovo.hr\/en\/info\/contact\/#breadcrumb\"},\"inLanguage\":\"en-US\",\"potentialAction\":[{\"@type\":\"ReadAction\",\"target\":[\"https:\/\/visitviskovo.hr\/en\/info\/contact\/\"]}]},{\"@type\":\"ImageObject\",\"inLanguage\":\"en-US\",\"@id\":\"https:\/\/visitviskovo.hr\/en\/info\/contact\/#primaryimage\",\"url\":\"https:\/\/visitviskovo.hr\/wp-content\/uploads\/2019\/05\/kontakt.jpg\",\"contentUrl\":\"https:\/\/visitviskovo.hr\/wp-content\/uploads\/2019\/05\/kontakt.jpg\",\"width\":1280,\"height\":768},{\"@type\":\"BreadcrumbList\",\"@id\":\"https:\/\/visitviskovo.hr\/en\/info\/contact\/#breadcrumb\",\"itemListElement\":[{\"@type\":\"ListItem\",\"position\":1,\"name\":\"Home\",\"item\":\"https:\/\/visitviskovo.hr\/en\/\"},{\"@type\":\"ListItem\",\"position\":2,\"name\":\"Info\",\"item\":\"https:\/\/visitviskovo.hr\/en\/info\/\"},{\"@type\":\"ListItem\",\"position\":3,\"name\":\"Contact\"}]},{\"@type\":\"WebSite\",\"@id\":\"https:\/\/visitviskovo.hr\/it\/#website\",\"url\":\"https:\/\/visitviskovo.hr\/it\/\",\"name\":\"Turisti\u010dka zajednica op\u0107ine Vi\u0161kovo\",\"description\":\"\",\"potentialAction\":[{\"@type\":\"SearchAction\",\"target\":{\"@type\":\"EntryPoint\",\"urlTemplate\":\"https:\/\/visitviskovo.hr\/it\/?s={search_term_string}\"},\"query-input\":\"required name=search_term_string\"}],\"inLanguage\":\"en-US\"}]}<\/script>\n<!-- \/ Yoast SEO plugin. -->","yoast_head_json":{"title":"Contact - Turisti\u010dka zajednica op\u0107ine Vi\u0161kovo","robots":{"index":"index","follow":"follow","max-snippet":"max-snippet:-1","max-image-preview":"max-image-preview:large","max-video-preview":"max-video-preview:-1"},"canonical":"https:\/\/visitviskovo.hr\/en\/info\/contact\/","og_locale":"en_US","og_type":"article","og_title":"Contact - Turisti\u010dka zajednica op\u0107ine Vi\u0161kovo","og_description":"TURISTI\u010cKA ZAJEDNICA\u00a0OP\u0106INE VI\u0160KOVOVi\u0161kovo 31, 51216 Vi\u0161kovoTel. 051 257 591info@tz-viskovo.hr OFFICE HOURS (Monday &#8211; Friday):&nbsp;8:00 AM &#8211; 16:00 PMPAUSE:&nbsp;11:30 &#8211; 12:00","og_url":"https:\/\/visitviskovo.hr\/en\/info\/contact\/","og_site_name":"Turisti\u010dka zajednica op\u0107ine Vi\u0161kovo","article_publisher":"https:\/\/web.facebook.com\/VisitViskovo","article_modified_time":"2019-12-10T13:22:32+00:00","og_image":[{"width":1280,"height":768,"url":"https:\/\/visitviskovo.hr\/wp-content\/uploads\/2019\/05\/kontakt.jpg","type":"image\/jpeg"}],"twitter_card":"summary_large_image","schema":{"@context":"https:\/\/schema.org","@graph":[{"@type":"WebPage","@id":"https:\/\/visitviskovo.hr\/en\/info\/contact\/","url":"https:\/\/visitviskovo.hr\/en\/info\/contact\/","name":"Contact - Turisti\u010dka zajednica op\u0107ine Vi\u0161kovo","isPartOf":{"@id":"https:\/\/visitviskovo.hr\/it\/#website"},"primaryImageOfPage":{"@id":"https:\/\/visitviskovo.hr\/en\/info\/contact\/#primaryimage"},"image":{"@id":"https:\/\/visitviskovo.hr\/en\/info\/contact\/#primaryimage"},"thumbnailUrl":"https:\/\/visitviskovo.hr\/wp-content\/uploads\/2019\/05\/kontakt.jpg","datePublished":"2019-08-19T14:46:23+00:00","dateModified":"2019-12-10T13:22:32+00:00","breadcrumb":{"@id":"https:\/\/visitviskovo.hr\/en\/info\/contact\/#breadcrumb"},"inLanguage":"en-US","potentialAction":[{"@type":"ReadAction","target":["https:\/\/visitviskovo.hr\/en\/info\/contact\/"]}]},{"@type":"ImageObject","inLanguage":"en-US","@id":"https:\/\/visitviskovo.hr\/en\/info\/contact\/#primaryimage","url":"https:\/\/visitviskovo.hr\/wp-content\/uploads\/2019\/05\/kontakt.jpg","contentUrl":"https:\/\/visitviskovo.hr\/wp-content\/uploads\/2019\/05\/kontakt.jpg","width":1280,"height":768},{"@type":"BreadcrumbList","@id":"https:\/\/visitviskovo.hr\/en\/info\/contact\/#breadcrumb","itemListElement":[{"@type":"ListItem","position":1,"name":"Home","item":"https:\/\/visitviskovo.hr\/en\/"},{"@type":"ListItem","position":2,"name":"Info","item":"https:\/\/visitviskovo.hr\/en\/info\/"},{"@type":"ListItem","position":3,"name":"Contact"}]},{"@type":"WebSite","@id":"https:\/\/visitviskovo.hr\/it\/#website","url":"https:\/\/visitviskovo.hr\/it\/","name":"Turisti\u010dka zajednica op\u0107ine Vi\u0161kovo","description":"","potentialAction":[{"@type":"SearchAction","target":{"@type":"EntryPoint","urlTemplate":"https:\/\/visitviskovo.hr\/it\/?s={search_term_string}"},"query-input":"required name=search_term_string"}],"inLanguage":"en-US"}]}},"_links":{"self":[{"href":"https:\/\/visitviskovo.hr\/en\/wp-json\/wp\/v2\/pages\/3645"}],"collection":[{"href":"https:\/\/visitviskovo.hr\/en\/wp-json\/wp\/v2\/pages"}],"about":[{"href":"https:\/\/visitviskovo.hr\/en\/wp-json\/wp\/v2\/types\/page"}],"author":[{"embeddable":true,"href":"https:\/\/visitviskovo.hr\/en\/wp-json\/wp\/v2\/users\/1"}],"replies":[{"embeddable":true,"href":"https:\/\/visitviskovo.hr\/en\/wp-json\/wp\/v2\/comments?post=3645"}],"version-history":[{"count":2,"href":"https:\/\/visitviskovo.hr\/en\/wp-json\/wp\/v2\/pages\/3645\/revisions"}],"predecessor-version":[{"id":10407,"href":"https:\/\/visitviskovo.hr\/en\/wp-json\/wp\/v2\/pages\/3645\/revisions\/10407"}],"up":[{"embeddable":true,"href":"https:\/\/visitviskovo.hr\/en\/wp-json\/wp\/v2\/pages\/3374"}],"wp:featuredmedia":[{"embeddable":true,"href":"https:\/\/visitviskovo.hr\/en\/wp-json\/wp\/v2\/media\/3647"}],"wp:attachment":[{"href":"https:\/\/visitviskovo.hr\/en\/wp-json\/wp\/v2\/media?parent=3645"}],"curies":[{"name":"wp","href":"https:\/\/api.w.org\/{rel}","templated":true}]}}