{"id":4448,"date":"2019-08-22T07:47:34","date_gmt":"2019-08-22T07:47:34","guid":{"rendered":"https:\/\/visitviskovo.hr\/?page_id=4448"},"modified":"2024-04-08T10:41:22","modified_gmt":"2024-04-08T10:41:22","slug":"pdf","status":"publish","type":"page","link":"https:\/\/visitviskovo.hr\/en\/pdf\/","title":{"rendered":"PDF"},"content":{"rendered":"\n<figure class=\"wp-block-image\"><img loading=\"lazy\" decoding=\"async\" width=\"1153\" height=\"768\" src=\"https:\/\/visitviskovo.hr\/wp-content\/uploads\/2020\/05\/TZ-Viskovo_11072019_056-Medium.jpg\" alt=\"\" class=\"wp-image-13805\" srcset=\"https:\/\/visitviskovo.hr\/wp-content\/uploads\/2020\/05\/TZ-Viskovo_11072019_056-Medium.jpg 1153w, https:\/\/visitviskovo.hr\/wp-content\/uploads\/2020\/05\/TZ-Viskovo_11072019_056-Medium-300x200.jpg 300w, https:\/\/visitviskovo.hr\/wp-content\/uploads\/2020\/05\/TZ-Viskovo_11072019_056-Medium-768x512.jpg 768w\" sizes=\"(max-width: 1153px) 100vw, 1153px\" \/><\/figure>\n\n\n\n<h2 class=\"wp-block-heading\">Map of Vi\u0161kovo<\/h2>\n\n\n\n<p>The map of the Municipality of Vi\u0161kovo highlights the center of Vi\u0161kovo and the locations of Ronjgi and Marini\u0107i, and abounds in photographs and accompanying texts that highlight interesting content.<\/p>\n\n\n\n<div class=\"wp-block-file\"><a id=\"wp-block-file--media-6b936143-c024-46f1-a58c-46ad24b01936\" href=\"https:\/\/visitviskovo.hr\/wp-content\/uploads\/2024\/04\/Viskovo_strana_2_2019_07_187_outlines.pdf\">Map of Vi\u0161kovo<\/a><\/div>\n\n\n\n<div class=\"wp-block-file\"><a id=\"wp-block-file--media-71975c61-d91e-47f7-9f06-da0db6f5be85\" href=\"https:\/\/visitviskovo.hr\/wp-content\/uploads\/2020\/05\/Viskovo_strana_1_2019_07_187_outlines.pdf\">Map of Vi\u0161kovo &#8211; center<\/a><\/div>\n\n\n\n<h2 class=\"wp-block-heading\">Vi\u0161kovo- the echoes of tradition<\/h2>\n\n\n\n<p> Experience Vi\u0161kovo, a place where tradition lives on! <\/p>\n\n\n\n<div class=\"wp-block-file\"><a id=\"wp-block-file--media-46e44004-753f-460a-bd6f-0d42930fe0d4\" href=\"https:\/\/visitviskovo.hr\/wp-content\/uploads\/2024\/04\/TZ_Viskovo_brosura_hr_eng_odobrenje_3.pdf\">The Echoes of Tradition<\/a><\/div>\n\n\n\n<h2 class=\"wp-block-heading\">A story that connects<\/h2>\n\n\n\n<figure class=\"wp-block-embed is-type-rich is-provider-issuu wp-block-embed-issuu\"><div class=\"wp-block-embed__wrapper\">\n<div data-url=\"https:\/\/issuu.com\/foxgrafika\/docs\/en_brosura\" style=\"width: 500px; height: 250px;\" class=\"issuuembed\"><\/div><script type=\"text\/javascript\" src=\"\/\/e.issuu.com\/embed.js\" async=\"true\"><\/script>\n<\/div><\/figure>\n\n\n\n<h2 class=\"wp-block-heading\">Gastro guide<\/h2>\n\n\n\n<p>The taste of tradition &#8211;  savour the irresistible culinary blend of our region! <\/p>\n\n\n\n<div class=\"wp-block-file\"><a id=\"wp-block-file--media-35c4b10e-049a-4cb0-936f-66b3f9eeb014\" href=\"https:\/\/visitviskovo.hr\/wp-content\/uploads\/2020\/06\/TZ_Viskovo_deplijan_eng_2-1.pdf\">The taste of tradition &#8211; gastro guide<\/a><\/div>\n\n\n\n<h2 class=\"wp-block-heading\">HALUbike<\/h2>\n\n\n\n<p>Vi\u0161kovo and its neighbouring villages are surrounded by a gentle landscape that invites you to discover traces of the past. Let our&nbsp;<a href=\"https:\/\/visitviskovo.hr\/en\/what-to-do\/walking-and-cycling-trails\/\">hiking and cycling trails&nbsp;<\/a>take you to oases of peace and beautiful views. <\/p>\n\n\n\n<p>Discover Vi\u0161kovo using HALUbike! <\/p>\n\n\n\n<div class=\"wp-block-file\"><a id=\"wp-block-file--media-d1db90df-ee48-4e90-818e-24ed1ba4c39d\" href=\"https:\/\/visitviskovo.hr\/wp-content\/uploads\/2020\/11\/HALUbike-HR-EN.pdf\">HALUbike<\/a><\/div>\n\n\n\n<h2 class=\"wp-block-heading\">Halubajski zvon\u010dari &#8211; Halubje Bell Ringers<\/h2>\n\n\n\n<div class=\"wp-block-file\"><a id=\"wp-block-file--media-2959aec1-cbe8-46ca-9d42-27ae880e79ac\" href=\"https:\/\/visitviskovo.hr\/wp-content\/uploads\/2021\/03\/Halubajski-zvon\u010dari-bro\u0161ura.pdf\">Halubje bell ringers<\/a><\/div>\n\n\n\n<div class=\"wp-block-file\"><a id=\"wp-block-file--media-4eec14dd-ced3-41bd-871e-3bd7b48d68b3\" href=\"https:\/\/visitviskovo.hr\/wp-content\/uploads\/2019\/08\/halubajski_zvoncari_PRESS.pdf\">Discover &#8211; Halubje bell ringers<\/a><\/div>\n\n\n\n<h2 class=\"wp-block-heading\">Walking and cycling trails<\/h2>\n\n\n\n<p>Five marked cycling trails take you through Vi\u0161kovo and its surroundings, an area of great natural beauty where the modern way of life is intertwined with tradition. Our cycling trails are ideal for anyone looking for outdoor adventure and wanting to explore the hidden corners of Vi\u0161kovo.<\/p>\n\n\n\n<p>Our walking trails invite you to experience relaxing walks through forested landscapes, relaxation, recreation and pure enjoyment of the fresh outdoor air. <\/p>\n\n\n\n<div class=\"wp-block-file\"><a id=\"wp-block-file--media-edcc92ce-ece9-4c3c-9cdd-0e420db37004\" href=\"https:\/\/visitviskovo.hr\/wp-content\/uploads\/2019\/08\/Biciklisti\u010dka-karta-Vi\u0161kovo-1.pdf\">Cycling and walking trails<\/a><\/div>\n\n\n\n<h2 class=\"wp-block-heading\">Rijeka and surroundings<\/h2>\n\n\n\n<p>The surroundings of Vi\u0161kovo are a small but diverse environment,  rich in preserved nature, historical and cultural diversity. This unique and hospitable region, where layered history, tradition and dynamic everyday life meet, has a lot to offer.<\/p>\n\n\n\n<div class=\"wp-block-file\"><a id=\"wp-block-file--media-e2535d4a-b6c1-4f69-b1ac-bf00c8e22fe5\" href=\"https:\/\/visitviskovo.hr\/wp-content\/uploads\/2019\/07\/Bro\u0161ura-Rije\u010dkog-prstena.pdf\">Bike Rijeka <\/a><\/div>\n\n\n\n<div class=\"wp-block-file\"><a id=\"wp-block-file--media-a2460ffc-0659-4472-a767-5455d19b09d1\" href=\"https:\/\/visitviskovo.hr\/wp-content\/uploads\/2021\/03\/Rijeka-Trails.pdf\">Rijeka Trails<\/a><\/div>\n\n\n\n<div class=\"wp-block-file\"><a id=\"wp-block-file--media-13f1ea6f-c34d-42d8-95c0-d5cc863d7e24\" href=\"https:\/\/visitviskovo.hr\/wp-content\/uploads\/2021\/03\/Rijeka-and-surroundings.pdf\">Rijeka and surroundings<\/a><\/div>\n","protected":false},"excerpt":{"rendered":"<p>Map of Vi\u0161kovo The map of the Municipality of Vi\u0161kovo highlights the center of Vi\u0161kovo and the locations of Ronjgi and Marini\u0107i, and abounds in photographs and accompanying texts that highlight interesting content. Vi\u0161kovo- the echoes of tradition Experience Vi\u0161kovo, a place where tradition lives on! A story that connects Gastro guide The taste of [&hellip;]<\/p>\n","protected":false},"author":1,"featured_media":0,"parent":0,"menu_order":0,"comment_status":"closed","ping_status":"closed","template":"","meta":{"_acf_changed":false,"footnotes":""},"acf":[],"yoast_head":"<!-- This site is optimized with the Yoast SEO plugin v22.7 - https:\/\/yoast.com\/wordpress\/plugins\/seo\/ -->\n<title>PDF - Turisti\u010dka zajednica op\u0107ine Vi\u0161kovo<\/title>\n<meta name=\"robots\" content=\"index, follow, max-snippet:-1, max-image-preview:large, max-video-preview:-1\" \/>\n<link rel=\"canonical\" href=\"https:\/\/visitviskovo.hr\/en\/pdf\/\" \/>\n<meta property=\"og:locale\" content=\"en_US\" \/>\n<meta property=\"og:type\" content=\"article\" \/>\n<meta property=\"og:title\" content=\"PDF - Turisti\u010dka zajednica op\u0107ine Vi\u0161kovo\" \/>\n<meta property=\"og:description\" content=\"Map of Vi\u0161kovo The map of the Municipality of Vi\u0161kovo highlights the center of Vi\u0161kovo and the locations of Ronjgi and Marini\u0107i, and abounds in photographs and accompanying texts that highlight interesting content. Vi\u0161kovo- the echoes of tradition Experience Vi\u0161kovo, a place where tradition lives on! A story that connects Gastro guide The taste of [&hellip;]\" \/>\n<meta property=\"og:url\" content=\"https:\/\/visitviskovo.hr\/en\/pdf\/\" \/>\n<meta property=\"og:site_name\" content=\"Turisti\u010dka zajednica op\u0107ine Vi\u0161kovo\" \/>\n<meta property=\"article:publisher\" content=\"https:\/\/web.facebook.com\/VisitViskovo\" \/>\n<meta property=\"article:modified_time\" content=\"2024-04-08T10:41:22+00:00\" \/>\n<meta property=\"og:image\" content=\"https:\/\/visitviskovo.hr\/wp-content\/uploads\/2020\/05\/TZ-Viskovo_11072019_056-Medium.jpg\" \/>\n<meta name=\"twitter:card\" content=\"summary_large_image\" \/>\n<meta name=\"twitter:label1\" content=\"Est. reading time\" \/>\n\t<meta name=\"twitter:data1\" content=\"2 minutes\" \/>\n<script type=\"application\/ld+json\" class=\"yoast-schema-graph\">{\"@context\":\"https:\/\/schema.org\",\"@graph\":[{\"@type\":\"WebPage\",\"@id\":\"https:\/\/visitviskovo.hr\/en\/pdf\/\",\"url\":\"https:\/\/visitviskovo.hr\/en\/pdf\/\",\"name\":\"PDF - Turisti\u010dka zajednica op\u0107ine Vi\u0161kovo\",\"isPartOf\":{\"@id\":\"https:\/\/visitviskovo.hr\/it\/#website\"},\"primaryImageOfPage\":{\"@id\":\"https:\/\/visitviskovo.hr\/en\/pdf\/#primaryimage\"},\"image\":{\"@id\":\"https:\/\/visitviskovo.hr\/en\/pdf\/#primaryimage\"},\"thumbnailUrl\":\"https:\/\/visitviskovo.hr\/wp-content\/uploads\/2020\/05\/TZ-Viskovo_11072019_056-Medium.jpg\",\"datePublished\":\"2019-08-22T07:47:34+00:00\",\"dateModified\":\"2024-04-08T10:41:22+00:00\",\"breadcrumb\":{\"@id\":\"https:\/\/visitviskovo.hr\/en\/pdf\/#breadcrumb\"},\"inLanguage\":\"en-US\",\"potentialAction\":[{\"@type\":\"ReadAction\",\"target\":[\"https:\/\/visitviskovo.hr\/en\/pdf\/\"]}]},{\"@type\":\"ImageObject\",\"inLanguage\":\"en-US\",\"@id\":\"https:\/\/visitviskovo.hr\/en\/pdf\/#primaryimage\",\"url\":\"https:\/\/visitviskovo.hr\/wp-content\/uploads\/2020\/05\/TZ-Viskovo_11072019_056-Medium.jpg\",\"contentUrl\":\"https:\/\/visitviskovo.hr\/wp-content\/uploads\/2020\/05\/TZ-Viskovo_11072019_056-Medium.jpg\"},{\"@type\":\"BreadcrumbList\",\"@id\":\"https:\/\/visitviskovo.hr\/en\/pdf\/#breadcrumb\",\"itemListElement\":[{\"@type\":\"ListItem\",\"position\":1,\"name\":\"Home\",\"item\":\"https:\/\/visitviskovo.hr\/en\/\"},{\"@type\":\"ListItem\",\"position\":2,\"name\":\"PDF\"}]},{\"@type\":\"WebSite\",\"@id\":\"https:\/\/visitviskovo.hr\/it\/#website\",\"url\":\"https:\/\/visitviskovo.hr\/it\/\",\"name\":\"Turisti\u010dka zajednica op\u0107ine Vi\u0161kovo\",\"description\":\"\",\"potentialAction\":[{\"@type\":\"SearchAction\",\"target\":{\"@type\":\"EntryPoint\",\"urlTemplate\":\"https:\/\/visitviskovo.hr\/it\/?s={search_term_string}\"},\"query-input\":\"required name=search_term_string\"}],\"inLanguage\":\"en-US\"}]}<\/script>\n<!-- \/ Yoast SEO plugin. -->","yoast_head_json":{"title":"PDF - Turisti\u010dka zajednica op\u0107ine Vi\u0161kovo","robots":{"index":"index","follow":"follow","max-snippet":"max-snippet:-1","max-image-preview":"max-image-preview:large","max-video-preview":"max-video-preview:-1"},"canonical":"https:\/\/visitviskovo.hr\/en\/pdf\/","og_locale":"en_US","og_type":"article","og_title":"PDF - Turisti\u010dka zajednica op\u0107ine Vi\u0161kovo","og_description":"Map of Vi\u0161kovo The map of the Municipality of Vi\u0161kovo highlights the center of Vi\u0161kovo and the locations of Ronjgi and Marini\u0107i, and abounds in photographs and accompanying texts that highlight interesting content. Vi\u0161kovo- the echoes of tradition Experience Vi\u0161kovo, a place where tradition lives on! A story that connects Gastro guide The taste of [&hellip;]","og_url":"https:\/\/visitviskovo.hr\/en\/pdf\/","og_site_name":"Turisti\u010dka zajednica op\u0107ine Vi\u0161kovo","article_publisher":"https:\/\/web.facebook.com\/VisitViskovo","article_modified_time":"2024-04-08T10:41:22+00:00","og_image":[{"url":"https:\/\/visitviskovo.hr\/wp-content\/uploads\/2020\/05\/TZ-Viskovo_11072019_056-Medium.jpg"}],"twitter_card":"summary_large_image","twitter_misc":{"Est. reading time":"2 minutes"},"schema":{"@context":"https:\/\/schema.org","@graph":[{"@type":"WebPage","@id":"https:\/\/visitviskovo.hr\/en\/pdf\/","url":"https:\/\/visitviskovo.hr\/en\/pdf\/","name":"PDF - Turisti\u010dka zajednica op\u0107ine Vi\u0161kovo","isPartOf":{"@id":"https:\/\/visitviskovo.hr\/it\/#website"},"primaryImageOfPage":{"@id":"https:\/\/visitviskovo.hr\/en\/pdf\/#primaryimage"},"image":{"@id":"https:\/\/visitviskovo.hr\/en\/pdf\/#primaryimage"},"thumbnailUrl":"https:\/\/visitviskovo.hr\/wp-content\/uploads\/2020\/05\/TZ-Viskovo_11072019_056-Medium.jpg","datePublished":"2019-08-22T07:47:34+00:00","dateModified":"2024-04-08T10:41:22+00:00","breadcrumb":{"@id":"https:\/\/visitviskovo.hr\/en\/pdf\/#breadcrumb"},"inLanguage":"en-US","potentialAction":[{"@type":"ReadAction","target":["https:\/\/visitviskovo.hr\/en\/pdf\/"]}]},{"@type":"ImageObject","inLanguage":"en-US","@id":"https:\/\/visitviskovo.hr\/en\/pdf\/#primaryimage","url":"https:\/\/visitviskovo.hr\/wp-content\/uploads\/2020\/05\/TZ-Viskovo_11072019_056-Medium.jpg","contentUrl":"https:\/\/visitviskovo.hr\/wp-content\/uploads\/2020\/05\/TZ-Viskovo_11072019_056-Medium.jpg"},{"@type":"BreadcrumbList","@id":"https:\/\/visitviskovo.hr\/en\/pdf\/#breadcrumb","itemListElement":[{"@type":"ListItem","position":1,"name":"Home","item":"https:\/\/visitviskovo.hr\/en\/"},{"@type":"ListItem","position":2,"name":"PDF"}]},{"@type":"WebSite","@id":"https:\/\/visitviskovo.hr\/it\/#website","url":"https:\/\/visitviskovo.hr\/it\/","name":"Turisti\u010dka zajednica op\u0107ine Vi\u0161kovo","description":"","potentialAction":[{"@type":"SearchAction","target":{"@type":"EntryPoint","urlTemplate":"https:\/\/visitviskovo.hr\/it\/?s={search_term_string}"},"query-input":"required name=search_term_string"}],"inLanguage":"en-US"}]}},"_links":{"self":[{"href":"https:\/\/visitviskovo.hr\/en\/wp-json\/wp\/v2\/pages\/4448"}],"collection":[{"href":"https:\/\/visitviskovo.hr\/en\/wp-json\/wp\/v2\/pages"}],"about":[{"href":"https:\/\/visitviskovo.hr\/en\/wp-json\/wp\/v2\/types\/page"}],"author":[{"embeddable":true,"href":"https:\/\/visitviskovo.hr\/en\/wp-json\/wp\/v2\/users\/1"}],"replies":[{"embeddable":true,"href":"https:\/\/visitviskovo.hr\/en\/wp-json\/wp\/v2\/comments?post=4448"}],"version-history":[{"count":8,"href":"https:\/\/visitviskovo.hr\/en\/wp-json\/wp\/v2\/pages\/4448\/revisions"}],"predecessor-version":[{"id":20901,"href":"https:\/\/visitviskovo.hr\/en\/wp-json\/wp\/v2\/pages\/4448\/revisions\/20901"}],"wp:attachment":[{"href":"https:\/\/visitviskovo.hr\/en\/wp-json\/wp\/v2\/media?parent=4448"}],"curies":[{"name":"wp","href":"https:\/\/api.w.org\/{rel}","templated":true}]}}