{"id":5036,"date":"2019-08-22T10:17:59","date_gmt":"2019-08-22T10:17:59","guid":{"rendered":"https:\/\/visitviskovo.hr\/?page_id=5036"},"modified":"2024-04-09T11:27:19","modified_gmt":"2024-04-09T11:27:19","slug":"the-past-in-the-present-events","status":"publish","type":"page","link":"https:\/\/visitviskovo.hr\/en\/what-to-do\/the-past-in-the-present-events\/","title":{"rendered":"The past in the present \u2013 Events"},"content":{"rendered":"\n<p>Our events, although rooted in the tradition and natural features of the area, take on new forms to meet the expectations of modern people. Vi\u0161kovo offers a wide range of interesting programmes that cater for all tastes in every season. We invite you to join us throughout the year and enjoy our programme of events.<\/p>\n\n\n\n<h2 class=\"wp-block-heading\"><strong>CARNIVAL<\/strong><\/h2>\n\n\n\n<p><strong>Carnival<\/strong> coincides with the period of winter dormancy before nature awakens. For local people, this meant a rest from their everyday work and an opportunity to get together and have fun. In fact, Carnival is often referred to as the <em>fifth season of the year.<\/em> The Carnival period in the Municipality of Vi\u0161kovo begins on 17 January. This is the <strong>feast day of St. Anthony,<\/strong> patron saint of animals, which reflects the traditional way of life of the area (animal husbandry). The beginning of Carnival is marked by the blowing of a horn and the hanging of a straw doll known as <em>Pust. <\/em>On Shrove Tuesday, the day before Ash Wednesday, the <em>Pust<\/em> is convicted of all the bad things that happened in the previous year and burned.<\/p>\n\n\n\n<p><strong>Halubje Carnival <\/strong>is an event that has taken place every year since 1999, and is based on the centuries-old tradition of the <em>Halubajski zvon\u010dari<\/em> bell ringers ( All events connected to Halubje Carnival are focused on preserving local and traditional values. The Carnival is an event that features &#8216;live traditions&#8217; and which simultaneously aspires to preserve old values and present Halubje to the wider public.<\/p>\n\n\n\n<p>It is held on the first Sunday after St. Anthony&#8217;s Day.  The streets become filled with cheerful and creative masks of the young and old, as well as with traditional costumes that evoke the spirit of times gone by. Singing, dancing and the thundering ringing of bell-ringer groups can be experienced all over town. The end of the procession is traditionally reserved for the hosts, the famous Halubajski zvon\u010dari bell ringers. On this unforgettable Saturday, Vi\u0161kovo becomes a gathering place of carnival groups and associations from Croatia and abroad, inviting you to participate in this costume party until the early morning hours! Masked groups from neighbouring countries, such as Slovenia and Italy, also like to participate in Halubje Carnival, which makes it an international event.<\/p>\n\n\n\n<p>Tradition is passed down from generation to generation. During the&nbsp;<strong>\u2018Smotra mi\u0107eh zvon\u010dari pul Mar\u010deji\u2019<\/strong>, Mar\u010delji becomes a gathering place for young bell ringers from neighbouring areas that foster the tradition of bell ringing The carnival period is also marked by numerous other events, such as the Women&#8217;s Masquerade Bocce Tournament, the Marini\u0107i Brass Band Concert, the Carnival Darts Tournament, Children&#8217;s Masked Dances, etc., with which institutions and associations nurture the traditions, customs, and spirit of the carnival.<\/p>\n\n\n\n<p>Typical Carnival figures in this area are the <em>Halubajski zvon\u010dari<\/em> bell ringers, whose carnival pageant has been inscribed in the UNESCO List of Intangible Cultural Heritage. This pageant reminds us of times gone by, when the administrative borders were somewhat different. However, its main goal and importance has remained the same: to connect local people. The inhabitants welcome the bell ringers and offer them traditional food just like they did in past centuries.<\/p>\n\n\n\n<h2 class=\"wp-block-heading\">READY, STEADY, GO! AND <strong>TAKE A WALK WITH ME\u2026<\/strong><\/h2>\n\n\n\n<p>Ancient paths and trails that once connected villages and people are today well-tended and marked walking trails. In spring, when nature is in full bloom, a series of walking tours under the title <strong>\u2018Priprema, pozor, sad!\u2019 <\/strong>(<em>Ready, steady, go!<\/em>) is organised every Monday and Wednesday of April in cooperation with Vi\u0161kovo Hiking Club \u2013 a perfect opportunity to enjoy nature and heritage, as well as the interesting stories told by our guides. In October, join us for a walk along the trails of the <em>Halubajski zvon\u010dari<\/em> bell ringers (<strong>\u2018Pro\u0161e\u0107i se z manun\u2026 po zvon\u010darskeh puteh\u2019<\/strong>) at the time of year when the forest is full of autumn colours.<\/p>\n\n\n\n<h2 class=\"wp-block-heading\"><strong>MAJEVICA<\/strong><\/h2>\n\n\n\n<p>The first Sunday in May is called <em>Majevica<\/em> after the local name for the lilac flower, which blooms at this time of the year. In the past, this was the day of the last spring dance, followed by a busy period of work in the fields. In the past, young women would wait eagerly for this day, as the night before young men would bring flowers to the window of the house in which the girl they liked lived. They would also place a young May tree (usually juniper, fir or laurel) or a blossoming ash or cherry branch on the chimney or another high place next to her house such as a mulberry or walnut tree. <\/p>\n\n\n\n<p>There is\nalso a traditional song about this custom that goes:<\/p>\n\n\n\n<p><em>Majevica, lovely\nSunday,<\/em><em><\/em><\/p>\n\n\n\n<p><em>You&#8217;ll bring\nflowers to my window,<\/em><em><\/em><\/p>\n\n\n\n<p><em>Or a mulberry beneath it.<\/em><\/p>\n\n\n\n<p>To commemorate this custom, Vi\u0161kovo Tourist Board initiated the <em><strong>Majevica<\/strong><\/em><strong> spring even<\/strong>t dedicated to preserving local traditions, cultural and historical heritage, and the cuisine and old customs of the Halubje area. It takes place on the first Sunday in May. The symbol of this event is the lilac flower, known locally as the <em>majevica. <\/em>In addition to the revitalization of the former way of life through ancient games, recitations, and a fair of local and eco products, special emphasis is placed on the creation of gastronomic experiences and the presentation and preparation of traditional local food that links with the Mediterranean diet of the hinterland, which is part of UNESCO&#8217;s intangible heritage\u2014the Mediterranean diet\u2014on the Croatian Adriatic, its coast, islands, and part of the hinterland.<\/p>\n\n\n\n<h2 class=\"wp-block-heading\"><strong>THE <em>\u0160TERNE <\/em>WATER WELLS \u2013 A SOURCE OF LIFE<\/strong><\/h2>\n\n\n\n<p>The karst relief with its permeable limestone rocks has unfavourable conditions for life due to its inability to retain water. The River Rje\u010dina, the only stream of water in this area, which marks the north-eastern border between the Municipality of Vi\u0161kovo and the Grobnik area, has always been an important source of water. However, before the construction of the water supply system, the Rje\u010dina was generally inaccessible to people from Vi\u0161kovo, which is why water wells \u2013 locally known as <em>\u0161terne<\/em> \u2013 were a source of life for them.<\/p>\n\n\n\n<p>Since people needed water on a daily basis, the well became the main meeting place for both young and old. People would go there to meet, exchange information and have a good time together. However, the local <a href=\"https:\/\/visitviskovo.hr\/en\/viskovo\/legends\/\">legend of <\/a><em><a href=\"https:\/\/visitviskovo.hr\/en\/viskovo\/legends\/\">Malik<\/a><\/em> warned children against falling into the deep, cold water. All this made the well a source of life in both a physical and spiritual sense.<\/p>\n\n\n\n<p>Throughout the month of June, the wells of the Municipality of Vi\u0161kovo play host to a series of events entitled <strong>\u2018The <\/strong><em><strong>\u0161terne<\/strong><\/em><strong> water wells \u2013 a source of life\u2019. <\/strong>The limited space around the wells provides an intimate atmosphere in which the performers of cultural and entertainment programmes are closely connected to their audience. This series of event turns the wells into small stages and brings the spirit of past times and their original role back to life, if only for a while.<\/p>\n\n\n\n<p>Summer is the time when we enjoy various events in open spaces and interesting environments. One of them is &#8220;<strong>Summer Rainshower<\/strong>,&#8221;&nbsp; a concert on the square in front of the Church of St. Matthew that provides real refreshment in the warm month of July.<\/p>\n\n\n\n<h2 class=\"wp-block-heading\">MATEJNA<\/h2>\n\n\n\n<p>The day of St. Matthew, September 21, is celebrated in St. Matthew&#8217;s parish. In the past, a fair was held on the holiday, but as I. Jardas describes it, it was miserable, so it cannot even be said that it was a real fair: &#8220;Kranjac came with pots, and God is happy.&#8221; As the holiday was celebrated only in Halubje and not in Kastav\u0161tina, people were not inclined toward that fair and had a hard time learning something new. It did not work in his favor that it was held on the day of Matejna and not on Sunday. For Matejna, there was a holiday in the parish, a mass and a blessing, and in the evening a dance, and that was all. That&#8217;s how it used to be, and Matejna today offers much more: a wealth of cultural and sporting events, an opportunity for the locals of the Vi\u0161kovo Municipality, as well as all welcome visitors, to hang out, have fun, and at least break away from everyday life for a while.<\/p>\n\n\n\n<h2 class=\"wp-block-heading\">ADVENT IN VI\u0160KOVO<\/h2>\n\n\n\n<p>Of all the months of the year, December wears the most festive garb of Christmas magic, smells, tastes, and a sense of community and family. To make the end of the year as special as it deserves, we organized Advent in Vi\u0161kovo, with many Christmas and New Year&#8217;s concerts, shows, a Christmas market, and a holiday brunch and get-together.<\/p>\n\n\n\n<h2 class=\"wp-block-heading\">ZELENA \u010cISTKA<\/h2>\n\n\n\n<p>Zelena \u010distka is the largest one-day action to clean wild waste disposal sites and the largest ecological volunteer project in Croatia. With the aim of a greener future, preserving the environment, and developing awareness of responsible behavior in nature on our walkways and paths, the Tourist Board Vi\u0161kovo, the Municipality of Vi\u0161kovo, KD Vi\u0161kovo, and numerous volunteers who contribute to the protection and preservation of the environment are involved in the action every year.<\/p>\n","protected":false},"excerpt":{"rendered":"<p>Our events, although rooted in the tradition and natural features of the area, take on new forms to meet the expectations of modern people. Vi\u0161kovo offers a wide range of interesting programmes that cater for all tastes in every season. We invite you to join us throughout the year and enjoy our programme of events. [&hellip;]<\/p>\n","protected":false},"author":1,"featured_media":8447,"parent":3922,"menu_order":0,"comment_status":"closed","ping_status":"closed","template":"","meta":{"_acf_changed":false,"footnotes":""},"acf":[],"yoast_head":"<!-- This site is optimized with the Yoast SEO plugin v22.7 - https:\/\/yoast.com\/wordpress\/plugins\/seo\/ -->\n<title>The past in the present \u2013 Events - Turisti\u010dka zajednica op\u0107ine Vi\u0161kovo<\/title>\n<meta name=\"robots\" content=\"index, follow, max-snippet:-1, max-image-preview:large, max-video-preview:-1\" \/>\n<link rel=\"canonical\" href=\"https:\/\/visitviskovo.hr\/en\/what-to-do\/the-past-in-the-present-events\/\" \/>\n<meta property=\"og:locale\" content=\"en_US\" \/>\n<meta property=\"og:type\" content=\"article\" \/>\n<meta property=\"og:title\" content=\"The past in the present \u2013 Events - Turisti\u010dka zajednica op\u0107ine Vi\u0161kovo\" \/>\n<meta property=\"og:description\" content=\"Our events, although rooted in the tradition and natural features of the area, take on new forms to meet the expectations of modern people. Vi\u0161kovo offers a wide range of interesting programmes that cater for all tastes in every season. We invite you to join us throughout the year and enjoy our programme of events. [&hellip;]\" \/>\n<meta property=\"og:url\" content=\"https:\/\/visitviskovo.hr\/en\/what-to-do\/the-past-in-the-present-events\/\" \/>\n<meta property=\"og:site_name\" content=\"Turisti\u010dka zajednica op\u0107ine Vi\u0161kovo\" \/>\n<meta property=\"article:publisher\" content=\"https:\/\/web.facebook.com\/VisitViskovo\" \/>\n<meta property=\"article:modified_time\" content=\"2024-04-09T11:27:19+00:00\" \/>\n<meta property=\"og:image\" content=\"https:\/\/visitviskovo.hr\/wp-content\/uploads\/2019\/09\/Ljetni-pljusak-1.jpg\" \/>\n\t<meta property=\"og:image:width\" content=\"1280\" \/>\n\t<meta property=\"og:image:height\" content=\"960\" \/>\n\t<meta property=\"og:image:type\" content=\"image\/jpeg\" \/>\n<meta name=\"twitter:card\" content=\"summary_large_image\" \/>\n<meta name=\"twitter:label1\" content=\"Est. reading time\" \/>\n\t<meta name=\"twitter:data1\" content=\"9 minutes\" \/>\n<script type=\"application\/ld+json\" class=\"yoast-schema-graph\">{\"@context\":\"https:\/\/schema.org\",\"@graph\":[{\"@type\":\"WebPage\",\"@id\":\"https:\/\/visitviskovo.hr\/en\/what-to-do\/the-past-in-the-present-events\/\",\"url\":\"https:\/\/visitviskovo.hr\/en\/what-to-do\/the-past-in-the-present-events\/\",\"name\":\"The past in the present \u2013 Events - Turisti\u010dka zajednica op\u0107ine Vi\u0161kovo\",\"isPartOf\":{\"@id\":\"https:\/\/visitviskovo.hr\/it\/#website\"},\"primaryImageOfPage\":{\"@id\":\"https:\/\/visitviskovo.hr\/en\/what-to-do\/the-past-in-the-present-events\/#primaryimage\"},\"image\":{\"@id\":\"https:\/\/visitviskovo.hr\/en\/what-to-do\/the-past-in-the-present-events\/#primaryimage\"},\"thumbnailUrl\":\"https:\/\/visitviskovo.hr\/wp-content\/uploads\/2019\/09\/Ljetni-pljusak-1.jpg\",\"datePublished\":\"2019-08-22T10:17:59+00:00\",\"dateModified\":\"2024-04-09T11:27:19+00:00\",\"breadcrumb\":{\"@id\":\"https:\/\/visitviskovo.hr\/en\/what-to-do\/the-past-in-the-present-events\/#breadcrumb\"},\"inLanguage\":\"en-US\",\"potentialAction\":[{\"@type\":\"ReadAction\",\"target\":[\"https:\/\/visitviskovo.hr\/en\/what-to-do\/the-past-in-the-present-events\/\"]}]},{\"@type\":\"ImageObject\",\"inLanguage\":\"en-US\",\"@id\":\"https:\/\/visitviskovo.hr\/en\/what-to-do\/the-past-in-the-present-events\/#primaryimage\",\"url\":\"https:\/\/visitviskovo.hr\/wp-content\/uploads\/2019\/09\/Ljetni-pljusak-1.jpg\",\"contentUrl\":\"https:\/\/visitviskovo.hr\/wp-content\/uploads\/2019\/09\/Ljetni-pljusak-1.jpg\",\"width\":1280,\"height\":960},{\"@type\":\"BreadcrumbList\",\"@id\":\"https:\/\/visitviskovo.hr\/en\/what-to-do\/the-past-in-the-present-events\/#breadcrumb\",\"itemListElement\":[{\"@type\":\"ListItem\",\"position\":1,\"name\":\"Home\",\"item\":\"https:\/\/visitviskovo.hr\/en\/\"},{\"@type\":\"ListItem\",\"position\":2,\"name\":\"What to do\",\"item\":\"https:\/\/visitviskovo.hr\/en\/what-to-do\/\"},{\"@type\":\"ListItem\",\"position\":3,\"name\":\"The past in the present \u2013 Events\"}]},{\"@type\":\"WebSite\",\"@id\":\"https:\/\/visitviskovo.hr\/it\/#website\",\"url\":\"https:\/\/visitviskovo.hr\/it\/\",\"name\":\"Turisti\u010dka zajednica op\u0107ine Vi\u0161kovo\",\"description\":\"\",\"potentialAction\":[{\"@type\":\"SearchAction\",\"target\":{\"@type\":\"EntryPoint\",\"urlTemplate\":\"https:\/\/visitviskovo.hr\/it\/?s={search_term_string}\"},\"query-input\":\"required name=search_term_string\"}],\"inLanguage\":\"en-US\"}]}<\/script>\n<!-- \/ Yoast SEO plugin. -->","yoast_head_json":{"title":"The past in the present \u2013 Events - Turisti\u010dka zajednica op\u0107ine Vi\u0161kovo","robots":{"index":"index","follow":"follow","max-snippet":"max-snippet:-1","max-image-preview":"max-image-preview:large","max-video-preview":"max-video-preview:-1"},"canonical":"https:\/\/visitviskovo.hr\/en\/what-to-do\/the-past-in-the-present-events\/","og_locale":"en_US","og_type":"article","og_title":"The past in the present \u2013 Events - Turisti\u010dka zajednica op\u0107ine Vi\u0161kovo","og_description":"Our events, although rooted in the tradition and natural features of the area, take on new forms to meet the expectations of modern people. Vi\u0161kovo offers a wide range of interesting programmes that cater for all tastes in every season. We invite you to join us throughout the year and enjoy our programme of events. [&hellip;]","og_url":"https:\/\/visitviskovo.hr\/en\/what-to-do\/the-past-in-the-present-events\/","og_site_name":"Turisti\u010dka zajednica op\u0107ine Vi\u0161kovo","article_publisher":"https:\/\/web.facebook.com\/VisitViskovo","article_modified_time":"2024-04-09T11:27:19+00:00","og_image":[{"width":1280,"height":960,"url":"https:\/\/visitviskovo.hr\/wp-content\/uploads\/2019\/09\/Ljetni-pljusak-1.jpg","type":"image\/jpeg"}],"twitter_card":"summary_large_image","twitter_misc":{"Est. reading time":"9 minutes"},"schema":{"@context":"https:\/\/schema.org","@graph":[{"@type":"WebPage","@id":"https:\/\/visitviskovo.hr\/en\/what-to-do\/the-past-in-the-present-events\/","url":"https:\/\/visitviskovo.hr\/en\/what-to-do\/the-past-in-the-present-events\/","name":"The past in the present \u2013 Events - Turisti\u010dka zajednica op\u0107ine Vi\u0161kovo","isPartOf":{"@id":"https:\/\/visitviskovo.hr\/it\/#website"},"primaryImageOfPage":{"@id":"https:\/\/visitviskovo.hr\/en\/what-to-do\/the-past-in-the-present-events\/#primaryimage"},"image":{"@id":"https:\/\/visitviskovo.hr\/en\/what-to-do\/the-past-in-the-present-events\/#primaryimage"},"thumbnailUrl":"https:\/\/visitviskovo.hr\/wp-content\/uploads\/2019\/09\/Ljetni-pljusak-1.jpg","datePublished":"2019-08-22T10:17:59+00:00","dateModified":"2024-04-09T11:27:19+00:00","breadcrumb":{"@id":"https:\/\/visitviskovo.hr\/en\/what-to-do\/the-past-in-the-present-events\/#breadcrumb"},"inLanguage":"en-US","potentialAction":[{"@type":"ReadAction","target":["https:\/\/visitviskovo.hr\/en\/what-to-do\/the-past-in-the-present-events\/"]}]},{"@type":"ImageObject","inLanguage":"en-US","@id":"https:\/\/visitviskovo.hr\/en\/what-to-do\/the-past-in-the-present-events\/#primaryimage","url":"https:\/\/visitviskovo.hr\/wp-content\/uploads\/2019\/09\/Ljetni-pljusak-1.jpg","contentUrl":"https:\/\/visitviskovo.hr\/wp-content\/uploads\/2019\/09\/Ljetni-pljusak-1.jpg","width":1280,"height":960},{"@type":"BreadcrumbList","@id":"https:\/\/visitviskovo.hr\/en\/what-to-do\/the-past-in-the-present-events\/#breadcrumb","itemListElement":[{"@type":"ListItem","position":1,"name":"Home","item":"https:\/\/visitviskovo.hr\/en\/"},{"@type":"ListItem","position":2,"name":"What to do","item":"https:\/\/visitviskovo.hr\/en\/what-to-do\/"},{"@type":"ListItem","position":3,"name":"The past in the present \u2013 Events"}]},{"@type":"WebSite","@id":"https:\/\/visitviskovo.hr\/it\/#website","url":"https:\/\/visitviskovo.hr\/it\/","name":"Turisti\u010dka zajednica op\u0107ine Vi\u0161kovo","description":"","potentialAction":[{"@type":"SearchAction","target":{"@type":"EntryPoint","urlTemplate":"https:\/\/visitviskovo.hr\/it\/?s={search_term_string}"},"query-input":"required name=search_term_string"}],"inLanguage":"en-US"}]}},"_links":{"self":[{"href":"https:\/\/visitviskovo.hr\/en\/wp-json\/wp\/v2\/pages\/5036"}],"collection":[{"href":"https:\/\/visitviskovo.hr\/en\/wp-json\/wp\/v2\/pages"}],"about":[{"href":"https:\/\/visitviskovo.hr\/en\/wp-json\/wp\/v2\/types\/page"}],"author":[{"embeddable":true,"href":"https:\/\/visitviskovo.hr\/en\/wp-json\/wp\/v2\/users\/1"}],"replies":[{"embeddable":true,"href":"https:\/\/visitviskovo.hr\/en\/wp-json\/wp\/v2\/comments?post=5036"}],"version-history":[{"count":16,"href":"https:\/\/visitviskovo.hr\/en\/wp-json\/wp\/v2\/pages\/5036\/revisions"}],"predecessor-version":[{"id":21008,"href":"https:\/\/visitviskovo.hr\/en\/wp-json\/wp\/v2\/pages\/5036\/revisions\/21008"}],"up":[{"embeddable":true,"href":"https:\/\/visitviskovo.hr\/en\/wp-json\/wp\/v2\/pages\/3922"}],"wp:featuredmedia":[{"embeddable":true,"href":"https:\/\/visitviskovo.hr\/en\/wp-json\/wp\/v2\/media\/8447"}],"wp:attachment":[{"href":"https:\/\/visitviskovo.hr\/en\/wp-json\/wp\/v2\/media?parent=5036"}],"curies":[{"name":"wp","href":"https:\/\/api.w.org\/{rel}","templated":true}]}}