{"id":13870,"date":"2020-05-15T07:13:44","date_gmt":"2020-05-15T07:13:44","guid":{"rendered":"https:\/\/visitviskovo.hr\/?page_id=13870"},"modified":"2020-09-24T13:39:17","modified_gmt":"2020-09-24T13:39:17","slug":"un-fine-settimana-a-viskovo","status":"publish","type":"page","link":"https:\/\/visitviskovo.hr\/it\/cosa-fare\/ideje-za-boravak\/un-fine-settimana-a-viskovo\/","title":{"rendered":"Un fine settimana a Vi\u0161kovo"},"content":{"rendered":"\n<p>Se vi ritrovate a Vi\u0161kovo, sarete affascinati dalla vista della chiesa di San Matteo costruita nel 1862 al posto di una cappella precedente e consacrata nel 1865. A testimonianza di ci\u00f2 c&#8217;\u00e8 una tabella commemorativa davanti alla facciata. L&#8217;immagine di San Matteo, patrono della parrocchia, che adorna l&#8217;altare principale della chiesa, \u00e8 opera del pittore locale <a href=\"https:\/\/visitviskovo.hr\/it\/viskovo\/kulturna-bastina\/vazni-ljudi-naseg-kraja\/\">Ivan Ba\u0161tijan<\/a>. Accanto alla chiesa, si trova una cisterna di 250 anni che commemora l&#8217;occasione in cui, durante uno dei suoi viaggi, l&#8217;imperatrice Maria Teresa si ferm\u00f2 nel luogo noto localmente come Pogled e vide per la prima volta il Mare Adriatico. Essa ordin\u00f2 di costruire una cisterna l\u00ec, che ancora oggi si chiama Cesarska, che significa &#8220;imperiale&#8221;. Continuando attraverso il centro di Vi\u0161kovo, raggiungerete un parco con sculture dedicate agli <em>Halubajski zvon\u010dari <\/em>(Scampanatori di Halubje).<\/p>\n\n\n\n<p>Non tanto lontano si trova il villaggio di Ronjgi, situato su una collina che offre una vista sul Monte U\u010dka (Monte Maggiore) e sul mare. Questa \u00e8 la citt\u00e0 natale di <a href=\"https:\/\/visitviskovo.hr\/it\/viskovo\/kulturna-bastina\/vazni-ljudi-naseg-kraja\/\">Ivan Mateti\u0107 Ronjgov<\/a>, che per primo document\u00f2 <a href=\"https:\/\/visitviskovo.hr\/it\/viskovo\/unesco\/dvoglasje-tijesnih-intervala\/\">la scala musicale istriana<\/a>. La sua casa natale oggi ospita una sala commemorativa dedicata all&#8217;eredit\u00e0 del compositore e il <a href=\"https:\/\/visitviskovo.hr\/it\/gastronomija\/restaurant-ronjgi\/\">ristorante Ronjgi<\/a>, che offre specialit\u00e0 locali e una vasta gamma di piatti della cucina mediterranea in un ambiente autentico. Il dolce paesaggio che si trova nelle vicinanze risveglier\u00e0 la vostra curiosit\u00e0 e vi inviter\u00e0 a scoprire i suoi verdi dintorni e a godere di varie attivit\u00e0. <a href=\"https:\/\/visitviskovo.hr\/it\/cosa-fare\/halubike\/\">HALUbike <\/a>\u00e8 un semplice sistema di noleggio e utilizzo di biciclette nel comune di Vi\u0161kovo, che vi consente di esplorare la zona secondo i propri ritmi. <\/p>\n\n\n\n<p>Ogni villaggio di Vi\u0161kovo ha\nalmeno una cisterna d&#8217;acqua, localmente nota come <em>\u0161terna<\/em>, che in passato rappresentava la fonte di vita per la\npopolazione locale. Oggi, queste cisterne sono la testimonianza dei tempi\npassati e del modo di vivere tradizionale. La gente aveva bisogno di acqua\nquotidianamente e quindi le cisterne divennero luoghi principali d&#8217;incontro. Le\npersone andavano l\u00ec per incontrarsi, scambiarsi informazioni e stare insieme.\nGli adulti spaventavano i bambini che dovevano guardare oltre il bordo delle <em>\u0161terne<\/em> perch\u00e9 Malik, un folletto che\nabitava nelle caverne, nelle fosse e nelle cisterne, avrebbe potuto agguantarli\ne tirarli dentro. Si credeva anche che ci fosse un Malik in ogni fossa e che l\u00ec\negli proteggesse il suo oro.<\/p>\n\n\n\n<p>Camminando lungo i sentieri e i\npercorsi che collegano luoghi apparentemente remoti, noterete i tortuosi muri a\nsecco, localmente noti come <em>groma\u010de<\/em>.\nIn questa zona, la semplicit\u00e0 e la durata di questi muri a secco rappresentano\nuna metafora della vita. Ricoperti di muschio, conservano ancora il ricordo di\ncome sono stati creati. Seguono il rilievo dell&#8217;area, ci accompagnano lungo\nantichi sentieri e vecchi confini e raccontano la storia dei giorni passati\ncaratterizzata da duro lavoro e sacrificio.<\/p>\n\n\n\n<p>Attraversando il villaggio di\nBrnasi, diversi edifici con caratteristiche architettoniche tipiche attireranno\nsicuramente la vostra attenzione. La casa Srok e la casa \u0160irola-Su\u0161anj sono\nesempi tipici di patrimonio architettonico. Un tipico elemento architettonico \u00e8\nla <em>tornica<\/em>, un&#8217;estensione\nsemicircolare della cucina con focolaio e camino, un luogo in cui la famiglia\nsi riuniva per mangiare e riscaldarsi durante l&#8217;inverno.<\/p>\n\n\n\n<p>Una delle depressioni pi\u00f9\nprofonde e pi\u00f9 grandi di Halubje si trova a sud del villaggio di Kapiti. La\ndepressione si chiama Kapitov Dol e il <em>kali\u0107<\/em>\novvero pozza in esso si chiama Kapitovac. Grazie alla sua posizione e alle sue\ndimensioni, Kapitovac era una fonte inesauribile di acqua, motivo per cui\ndurante il caldo estivo le persone provenienti da villaggi lontani venivano\nqui. Portavano l&#8217;acqua del <em>kali\u0107<\/em>\nsulla schiena in un contenitore di legno chiamato brenta. Questo era un luogo\ndi ritrovo e di vita sociale della popolazione locale.<\/p>\n\n\n\n<p>Accanto al villaggio di Milohni,\nun sentiero boschivo delimitato da muretti a secco conduce ad un <em>kali\u0107<\/em> murato circondato da alberi a\nlatifoglie. La meravigliosa natura incontaminata piena di canti di uccelli \u00e8\nun\u2019oasi perfetta di tranquillit\u00e0, ideale per prendersi una pausa dalla vita di\ntutti i giorni.<\/p>\n\n\n\n<p>Dopo una giornata trascorsa esplorando il territorio, premiatevi con piatti tradizionali, specialit\u00e0 di carne e pesce e dolci nei numerosi ristoranti, osterie e pasticcerie della zona. Fate una pausa nei bar vicini per gustare una tazza di delizioso caff\u00e8 cremoso.<\/p>\n\n\n\n<p>Se vi piacciono il pesce e i frutti di mare, allora visitate l&#8217;osteria <a href=\"https:\/\/visitviskovo.hr\/it\/gastronomija\/taverna-maretina-konoba\/\">Konoba Maretina<\/a> con una lunga tradizione nella preparazione di piatti di pesce fresco in un ambiente autentico. Per una buona grigliata e deliziosi piatti di carne di prima qualit\u00e0, visitate i ristoranti <a href=\"https:\/\/visitviskovo.hr\/it\/gastronomija\/ristorante-nono-frane\/\">Nono Frane<\/a>, <a href=\"https:\/\/visitviskovo.hr\/it\/gastronomija\/restaurant-ronjgi\/\">Ronjgi<\/a> e <a href=\"https:\/\/visitviskovo.hr\/it\/gastronomija\/ristorante-j-i-s-t-croatian-fine-dining\/\">J-I-S-T<\/a>. Completate la vostra esperienza gastronomica con un gustoso dolce nelle pasticcerie <a href=\"https:\/\/visitviskovo.hr\/it\/gastronomija\/pasticceria-torteria\/\">Torteria<\/a>, <a href=\"https:\/\/visitviskovo.hr\/it\/gastronomija\/pasticceria-zvoncarnica\/\">Zvon\u010darnica<\/a> e <a href=\"https:\/\/visitviskovo.hr\/it\/gastronomija\/pasticceria-nora\/\">Nora<\/a>, che vi delizieranno con dolci caserecci preparati quotidianamente.<\/p>\n","protected":false},"excerpt":{"rendered":"<p>Se vi ritrovate a Vi\u0161kovo, sarete affascinati dalla vista della chiesa di San Matteo costruita nel 1862 al posto di una cappella precedente e consacrata nel 1865. A testimonianza di ci\u00f2 c&#8217;\u00e8 una tabella commemorativa davanti alla facciata. L&#8217;immagine di San Matteo, patrono della parrocchia, che adorna l&#8217;altare principale della chiesa, \u00e8 opera del pittore [&hellip;]<\/p>\n","protected":false},"author":4,"featured_media":13807,"parent":8144,"menu_order":0,"comment_status":"closed","ping_status":"closed","template":"","meta":{"_acf_changed":false,"footnotes":""},"acf":[],"yoast_head":"<!-- This site is optimized with the Yoast SEO plugin v22.7 - https:\/\/yoast.com\/wordpress\/plugins\/seo\/ -->\n<title>Un fine settimana a Vi\u0161kovo - Turisti\u010dka zajednica op\u0107ine Vi\u0161kovo<\/title>\n<meta name=\"robots\" content=\"index, follow, max-snippet:-1, max-image-preview:large, max-video-preview:-1\" \/>\n<link rel=\"canonical\" href=\"https:\/\/visitviskovo.hr\/it\/cosa-fare\/ideje-za-boravak\/un-fine-settimana-a-viskovo\/\" \/>\n<meta property=\"og:locale\" content=\"it_IT\" \/>\n<meta property=\"og:type\" content=\"article\" \/>\n<meta property=\"og:title\" content=\"Un fine settimana a Vi\u0161kovo - Turisti\u010dka zajednica op\u0107ine Vi\u0161kovo\" \/>\n<meta property=\"og:description\" content=\"Se vi ritrovate a Vi\u0161kovo, sarete affascinati dalla vista della chiesa di San Matteo costruita nel 1862 al posto di una cappella precedente e consacrata nel 1865. A testimonianza di ci\u00f2 c&#8217;\u00e8 una tabella commemorativa davanti alla facciata. L&#8217;immagine di San Matteo, patrono della parrocchia, che adorna l&#8217;altare principale della chiesa, \u00e8 opera del pittore [&hellip;]\" \/>\n<meta property=\"og:url\" content=\"https:\/\/visitviskovo.hr\/it\/cosa-fare\/ideje-za-boravak\/un-fine-settimana-a-viskovo\/\" \/>\n<meta property=\"og:site_name\" content=\"Turisti\u010dka zajednica op\u0107ine Vi\u0161kovo\" \/>\n<meta property=\"article:publisher\" content=\"https:\/\/web.facebook.com\/VisitViskovo\" \/>\n<meta property=\"article:modified_time\" content=\"2020-09-24T13:39:17+00:00\" \/>\n<meta property=\"og:image\" content=\"https:\/\/visitviskovo.hr\/wp-content\/uploads\/2020\/05\/TZ-Viskovo_11072019_056-Medium.jpg\" \/>\n\t<meta property=\"og:image:width\" content=\"1153\" \/>\n\t<meta property=\"og:image:height\" content=\"768\" \/>\n\t<meta property=\"og:image:type\" content=\"image\/jpeg\" \/>\n<meta name=\"twitter:card\" content=\"summary_large_image\" \/>\n<meta name=\"twitter:label1\" content=\"Tempo di lettura stimato\" \/>\n\t<meta name=\"twitter:data1\" content=\"4 minuti\" \/>\n<script type=\"application\/ld+json\" class=\"yoast-schema-graph\">{\"@context\":\"https:\/\/schema.org\",\"@graph\":[{\"@type\":\"WebPage\",\"@id\":\"https:\/\/visitviskovo.hr\/it\/cosa-fare\/ideje-za-boravak\/un-fine-settimana-a-viskovo\/\",\"url\":\"https:\/\/visitviskovo.hr\/it\/cosa-fare\/ideje-za-boravak\/un-fine-settimana-a-viskovo\/\",\"name\":\"Un fine settimana a Vi\u0161kovo - Turisti\u010dka zajednica op\u0107ine Vi\u0161kovo\",\"isPartOf\":{\"@id\":\"https:\/\/visitviskovo.hr\/it\/#website\"},\"primaryImageOfPage\":{\"@id\":\"https:\/\/visitviskovo.hr\/it\/cosa-fare\/ideje-za-boravak\/un-fine-settimana-a-viskovo\/#primaryimage\"},\"image\":{\"@id\":\"https:\/\/visitviskovo.hr\/it\/cosa-fare\/ideje-za-boravak\/un-fine-settimana-a-viskovo\/#primaryimage\"},\"thumbnailUrl\":\"https:\/\/visitviskovo.hr\/wp-content\/uploads\/2020\/05\/TZ-Viskovo_11072019_056-Medium.jpg\",\"datePublished\":\"2020-05-15T07:13:44+00:00\",\"dateModified\":\"2020-09-24T13:39:17+00:00\",\"breadcrumb\":{\"@id\":\"https:\/\/visitviskovo.hr\/it\/cosa-fare\/ideje-za-boravak\/un-fine-settimana-a-viskovo\/#breadcrumb\"},\"inLanguage\":\"it-IT\",\"potentialAction\":[{\"@type\":\"ReadAction\",\"target\":[\"https:\/\/visitviskovo.hr\/it\/cosa-fare\/ideje-za-boravak\/un-fine-settimana-a-viskovo\/\"]}]},{\"@type\":\"ImageObject\",\"inLanguage\":\"it-IT\",\"@id\":\"https:\/\/visitviskovo.hr\/it\/cosa-fare\/ideje-za-boravak\/un-fine-settimana-a-viskovo\/#primaryimage\",\"url\":\"https:\/\/visitviskovo.hr\/wp-content\/uploads\/2020\/05\/TZ-Viskovo_11072019_056-Medium.jpg\",\"contentUrl\":\"https:\/\/visitviskovo.hr\/wp-content\/uploads\/2020\/05\/TZ-Viskovo_11072019_056-Medium.jpg\",\"width\":1153,\"height\":768},{\"@type\":\"BreadcrumbList\",\"@id\":\"https:\/\/visitviskovo.hr\/it\/cosa-fare\/ideje-za-boravak\/un-fine-settimana-a-viskovo\/#breadcrumb\",\"itemListElement\":[{\"@type\":\"ListItem\",\"position\":1,\"name\":\"Home\",\"item\":\"https:\/\/visitviskovo.hr\/it\/\"},{\"@type\":\"ListItem\",\"position\":2,\"name\":\"Cosa fare\",\"item\":\"https:\/\/visitviskovo.hr\/it\/cosa-fare\/\"},{\"@type\":\"ListItem\",\"position\":3,\"name\":\"Personalizza il tuo soggiorno\",\"item\":\"https:\/\/visitviskovo.hr\/it\/cosa-fare\/ideje-za-boravak\/\"},{\"@type\":\"ListItem\",\"position\":4,\"name\":\"Un fine settimana a Vi\u0161kovo\"}]},{\"@type\":\"WebSite\",\"@id\":\"https:\/\/visitviskovo.hr\/it\/#website\",\"url\":\"https:\/\/visitviskovo.hr\/it\/\",\"name\":\"Turisti\u010dka zajednica op\u0107ine Vi\u0161kovo\",\"description\":\"\",\"potentialAction\":[{\"@type\":\"SearchAction\",\"target\":{\"@type\":\"EntryPoint\",\"urlTemplate\":\"https:\/\/visitviskovo.hr\/it\/?s={search_term_string}\"},\"query-input\":\"required name=search_term_string\"}],\"inLanguage\":\"it-IT\"}]}<\/script>\n<!-- \/ Yoast SEO plugin. -->","yoast_head_json":{"title":"Un fine settimana a Vi\u0161kovo - Turisti\u010dka zajednica op\u0107ine Vi\u0161kovo","robots":{"index":"index","follow":"follow","max-snippet":"max-snippet:-1","max-image-preview":"max-image-preview:large","max-video-preview":"max-video-preview:-1"},"canonical":"https:\/\/visitviskovo.hr\/it\/cosa-fare\/ideje-za-boravak\/un-fine-settimana-a-viskovo\/","og_locale":"it_IT","og_type":"article","og_title":"Un fine settimana a Vi\u0161kovo - Turisti\u010dka zajednica op\u0107ine Vi\u0161kovo","og_description":"Se vi ritrovate a Vi\u0161kovo, sarete affascinati dalla vista della chiesa di San Matteo costruita nel 1862 al posto di una cappella precedente e consacrata nel 1865. A testimonianza di ci\u00f2 c&#8217;\u00e8 una tabella commemorativa davanti alla facciata. L&#8217;immagine di San Matteo, patrono della parrocchia, che adorna l&#8217;altare principale della chiesa, \u00e8 opera del pittore [&hellip;]","og_url":"https:\/\/visitviskovo.hr\/it\/cosa-fare\/ideje-za-boravak\/un-fine-settimana-a-viskovo\/","og_site_name":"Turisti\u010dka zajednica op\u0107ine Vi\u0161kovo","article_publisher":"https:\/\/web.facebook.com\/VisitViskovo","article_modified_time":"2020-09-24T13:39:17+00:00","og_image":[{"width":1153,"height":768,"url":"https:\/\/visitviskovo.hr\/wp-content\/uploads\/2020\/05\/TZ-Viskovo_11072019_056-Medium.jpg","type":"image\/jpeg"}],"twitter_card":"summary_large_image","twitter_misc":{"Tempo di lettura stimato":"4 minuti"},"schema":{"@context":"https:\/\/schema.org","@graph":[{"@type":"WebPage","@id":"https:\/\/visitviskovo.hr\/it\/cosa-fare\/ideje-za-boravak\/un-fine-settimana-a-viskovo\/","url":"https:\/\/visitviskovo.hr\/it\/cosa-fare\/ideje-za-boravak\/un-fine-settimana-a-viskovo\/","name":"Un fine settimana a Vi\u0161kovo - Turisti\u010dka zajednica op\u0107ine Vi\u0161kovo","isPartOf":{"@id":"https:\/\/visitviskovo.hr\/it\/#website"},"primaryImageOfPage":{"@id":"https:\/\/visitviskovo.hr\/it\/cosa-fare\/ideje-za-boravak\/un-fine-settimana-a-viskovo\/#primaryimage"},"image":{"@id":"https:\/\/visitviskovo.hr\/it\/cosa-fare\/ideje-za-boravak\/un-fine-settimana-a-viskovo\/#primaryimage"},"thumbnailUrl":"https:\/\/visitviskovo.hr\/wp-content\/uploads\/2020\/05\/TZ-Viskovo_11072019_056-Medium.jpg","datePublished":"2020-05-15T07:13:44+00:00","dateModified":"2020-09-24T13:39:17+00:00","breadcrumb":{"@id":"https:\/\/visitviskovo.hr\/it\/cosa-fare\/ideje-za-boravak\/un-fine-settimana-a-viskovo\/#breadcrumb"},"inLanguage":"it-IT","potentialAction":[{"@type":"ReadAction","target":["https:\/\/visitviskovo.hr\/it\/cosa-fare\/ideje-za-boravak\/un-fine-settimana-a-viskovo\/"]}]},{"@type":"ImageObject","inLanguage":"it-IT","@id":"https:\/\/visitviskovo.hr\/it\/cosa-fare\/ideje-za-boravak\/un-fine-settimana-a-viskovo\/#primaryimage","url":"https:\/\/visitviskovo.hr\/wp-content\/uploads\/2020\/05\/TZ-Viskovo_11072019_056-Medium.jpg","contentUrl":"https:\/\/visitviskovo.hr\/wp-content\/uploads\/2020\/05\/TZ-Viskovo_11072019_056-Medium.jpg","width":1153,"height":768},{"@type":"BreadcrumbList","@id":"https:\/\/visitviskovo.hr\/it\/cosa-fare\/ideje-za-boravak\/un-fine-settimana-a-viskovo\/#breadcrumb","itemListElement":[{"@type":"ListItem","position":1,"name":"Home","item":"https:\/\/visitviskovo.hr\/it\/"},{"@type":"ListItem","position":2,"name":"Cosa fare","item":"https:\/\/visitviskovo.hr\/it\/cosa-fare\/"},{"@type":"ListItem","position":3,"name":"Personalizza il tuo soggiorno","item":"https:\/\/visitviskovo.hr\/it\/cosa-fare\/ideje-za-boravak\/"},{"@type":"ListItem","position":4,"name":"Un fine settimana a Vi\u0161kovo"}]},{"@type":"WebSite","@id":"https:\/\/visitviskovo.hr\/it\/#website","url":"https:\/\/visitviskovo.hr\/it\/","name":"Turisti\u010dka zajednica op\u0107ine Vi\u0161kovo","description":"","potentialAction":[{"@type":"SearchAction","target":{"@type":"EntryPoint","urlTemplate":"https:\/\/visitviskovo.hr\/it\/?s={search_term_string}"},"query-input":"required name=search_term_string"}],"inLanguage":"it-IT"}]}},"_links":{"self":[{"href":"https:\/\/visitviskovo.hr\/it\/wp-json\/wp\/v2\/pages\/13870"}],"collection":[{"href":"https:\/\/visitviskovo.hr\/it\/wp-json\/wp\/v2\/pages"}],"about":[{"href":"https:\/\/visitviskovo.hr\/it\/wp-json\/wp\/v2\/types\/page"}],"author":[{"embeddable":true,"href":"https:\/\/visitviskovo.hr\/it\/wp-json\/wp\/v2\/users\/4"}],"replies":[{"embeddable":true,"href":"https:\/\/visitviskovo.hr\/it\/wp-json\/wp\/v2\/comments?post=13870"}],"version-history":[{"count":4,"href":"https:\/\/visitviskovo.hr\/it\/wp-json\/wp\/v2\/pages\/13870\/revisions"}],"predecessor-version":[{"id":15112,"href":"https:\/\/visitviskovo.hr\/it\/wp-json\/wp\/v2\/pages\/13870\/revisions\/15112"}],"up":[{"embeddable":true,"href":"https:\/\/visitviskovo.hr\/it\/wp-json\/wp\/v2\/pages\/8144"}],"wp:featuredmedia":[{"embeddable":true,"href":"https:\/\/visitviskovo.hr\/it\/wp-json\/wp\/v2\/media\/13807"}],"wp:attachment":[{"href":"https:\/\/visitviskovo.hr\/it\/wp-json\/wp\/v2\/media?parent=13870"}],"curies":[{"name":"wp","href":"https:\/\/api.w.org\/{rel}","templated":true}]}}