{"id":13876,"date":"2020-05-15T07:27:36","date_gmt":"2020-05-15T07:27:36","guid":{"rendered":"https:\/\/visitviskovo.hr\/?page_id=13876"},"modified":"2020-06-21T12:29:59","modified_gmt":"2020-06-21T12:29:59","slug":"lungo-i-percorsi-degli-halubajski-zvoncari-scampanatori-di-halubje","status":"publish","type":"page","link":"https:\/\/visitviskovo.hr\/it\/cosa-fare\/ideje-za-boravak\/lungo-i-percorsi-degli-halubajski-zvoncari-scampanatori-di-halubje\/","title":{"rendered":"Lungo i percorsi degli Halubajski zvon\u010dari &#8211; scampanatori di Halubje"},"content":{"rendered":"\n<p>Oggi Vi\u0161kovo fonde tradizione e\nmodernit\u00e0, creando una correlazione unica in cui la vita quotidiana si\nintreccia con il passato.<\/p>\n\n\n\n<p>Potrete vivere al meglio quest&#8217;atmosfera durante il periodo di carnevale che inizia nella giornata di Sant&#8217;Antonio, il protettore del bestiame, quando nel centro di Vi\u0161kovo si sente il suono del corno che segna l&#8217;inizio della &#8220;quinta stagione&#8221; ovvero il dominio delle maschere. Ogni anno nello stesso periodo, il primo sabato dopo Sant&#8217;Antonio, si svolge il <a href=\"https:\/\/visitviskovo.hr\/it\/viskovo\/halubajski-karneval\/\">Carnevale di Halubje<\/a>, la manifestazione che stabilisce un chiaro legame con le forme tradizionali di vita in quest&#8217;area. L&#8217;allegro e colorato carnevale di Halubje vi invita a partecipare a divertenti balli e festeggiamenti in maschera.<\/p>\n\n\n\n<p>Il miglior modo per conoscere i paesi, le persone, le usanze e l&#8217;irresistibile forza della tradizione \u00e8 seguire la processione degli <em><a href=\"https:\/\/visitviskovo.hr\/it\/viskovo\/unesco\/godisnji-pokladni-ophod-zvoncari\/\">Halubajski zvon\u010dari<\/a>.<\/em> Ogni anno, la domenica, il luned\u00ec e il marted\u00ec prima delle Ceneri, questi guardiani della tradizione secolare iniziano la loro processione attraversando i paesi del territorio di Halubje e Kastav secondo un percorso determinato. Proprio grazie alla sua particolarit\u00e0, questa processione \u00e8 stata inserito nella lista del patrimonio immateriale culturale dell&#8217;UNESCO.<\/p>\n\n\n\n<p>Gli <em>Halubajski zvon\u010dari<\/em>\nindossano una maglietta marinara e pantaloni bianchi, con un&#8217;enorme maschera di\nanimale sul viso e una mazza (&#8220;ba\u010duka&#8221;) in mano. Essi avanzano nel\nvillaggio in una colonna quasi infinita e i loro passi ben esercitati sono\ncontrollati dal comandante che rimprovera chi occasionalmente rifiuta di\nobbedire al comando. Questa colonna disciplinata \u00e8 talvolta disturbata dal\ndiavolo, tutto nero e con la lingua fuori. Accanto al diavolo c&#8217;\u00e8 un orso molto\nirrequieto che nemmeno le sue due guardie possono fermare.<\/p>\n\n\n\n<p>In ogni villaggio, sempre allo\nstesso posto, si dispongono in cerchio e producono un grande frastuono. Questo\nmagnifico frastuono durer\u00e0 fino a quando il comandante non dar\u00e0 il segnale. Il\ntempo per ristorarsi \u00e8 breve e la strada da percorrere \u00e8 lunga. Questo gioco\nfatto di caos e ordine sar\u00e0 seguito dalle musiche dei musicisti fino alla\nlocalit\u00e0 successiva in cui, tutti insieme, si ricomincia.<\/p>\n\n\n\n<p>Anche se questa processione\nrievoca i tempi passati, il suo significato principale \u00e8 rimasto lo stesso:\nriunirsi e stare in compagnia. A ogni passaggio, gli abitanti accolgono gli\nscampanatori e offrono loro del cibo tradizionale, proprio come succedeva nei\nsecoli passati. Durante questo periodo, potete assaggiare il cibo tradizionale\ndi carnevale che vi dar\u00e0 molta forza ed energia durante le giornate fredde.\nQuesta \u00e8 anche un&#8217;ottima opportunit\u00e0 per assaggiare i dolci locali come il <em>presnac<\/em> o le <em>fritole.<\/em><\/p>\n\n\n\n<p>L&#8217;ultimo giorno della processione\novvero il marted\u00ec prima delle Ceneri \u00e8 il momento pi\u00f9 importante di questo\nperiodo a Vi\u0161kovo. Il <em>pust<\/em>, un fantoccio di paglia, appeso a un palo con\nuna catena di ferro, attende silenziosamente il suo verdetto. All&#8217;ultima\nfermata della processione, tutte le persone pervenute lo condannano\nall&#8217;unanimit\u00e0: egli \u00e8 il colpevole di tutto ci\u00f2 che \u00e8 andato storto nell&#8217;anno\nprecedente. A questo punto una delle persone prende una torcia e lo mette al\nrogo. Quando le ceneri si saranno depositate, il frastuono si sar\u00e0 fermato e il\nfumo denso si dirader\u00e0, vedremo i volti felici delle persone che, senza\npreoccupazioni e maschere, andranno incontro all&#8217;arrivo della primavera.<\/p>\n\n\n\n<p>Riscoprite quest&#8217;esperienza\nmistica e seguite il percorso della processione dei <em>Halubajski zvon\u010dari<\/em>, aspettate il loro arrivo, ascoltate il\nfrastuono delle loro campane e sentite il suolo che inizia a tremare. L&#8217;antica\nconnessione tra uomo e natura sar\u00e0 ripristinata ancora una volta e i punti\nstorici, culturali e culinari creeranno un&#8217;esperienza che vi riporter\u00e0 indietro\nnel tempo e vi offrir\u00e0 una pausa dalla vita quotidiana.<\/p>\n","protected":false},"excerpt":{"rendered":"<p>Oggi Vi\u0161kovo fonde tradizione e modernit\u00e0, creando una correlazione unica in cui la vita quotidiana si intreccia con il passato. Potrete vivere al meglio quest&#8217;atmosfera durante il periodo di carnevale che inizia nella giornata di Sant&#8217;Antonio, il protettore del bestiame, quando nel centro di Vi\u0161kovo si sente il suono del corno che segna l&#8217;inizio della [&hellip;]<\/p>\n","protected":false},"author":4,"featured_media":13731,"parent":8144,"menu_order":0,"comment_status":"closed","ping_status":"closed","template":"","meta":{"_acf_changed":false,"footnotes":""},"acf":[],"yoast_head":"<!-- This site is optimized with the Yoast SEO plugin v22.7 - https:\/\/yoast.com\/wordpress\/plugins\/seo\/ -->\n<title>Lungo i percorsi degli Halubajski zvon\u010dari - scampanatori di Halubje - Turisti\u010dka zajednica op\u0107ine Vi\u0161kovo<\/title>\n<meta name=\"robots\" content=\"index, follow, max-snippet:-1, max-image-preview:large, max-video-preview:-1\" \/>\n<link rel=\"canonical\" href=\"https:\/\/visitviskovo.hr\/it\/cosa-fare\/ideje-za-boravak\/lungo-i-percorsi-degli-halubajski-zvoncari-scampanatori-di-halubje\/\" \/>\n<meta property=\"og:locale\" content=\"it_IT\" \/>\n<meta property=\"og:type\" content=\"article\" \/>\n<meta property=\"og:title\" content=\"Lungo i percorsi degli Halubajski zvon\u010dari - scampanatori di Halubje - Turisti\u010dka zajednica op\u0107ine Vi\u0161kovo\" \/>\n<meta property=\"og:description\" content=\"Oggi Vi\u0161kovo fonde tradizione e modernit\u00e0, creando una correlazione unica in cui la vita quotidiana si intreccia con il passato. Potrete vivere al meglio quest&#8217;atmosfera durante il periodo di carnevale che inizia nella giornata di Sant&#8217;Antonio, il protettore del bestiame, quando nel centro di Vi\u0161kovo si sente il suono del corno che segna l&#8217;inizio della [&hellip;]\" \/>\n<meta property=\"og:url\" content=\"https:\/\/visitviskovo.hr\/it\/cosa-fare\/ideje-za-boravak\/lungo-i-percorsi-degli-halubajski-zvoncari-scampanatori-di-halubje\/\" \/>\n<meta property=\"og:site_name\" content=\"Turisti\u010dka zajednica op\u0107ine Vi\u0161kovo\" \/>\n<meta property=\"article:publisher\" content=\"https:\/\/web.facebook.com\/VisitViskovo\" \/>\n<meta property=\"article:modified_time\" content=\"2020-06-21T12:29:59+00:00\" \/>\n<meta property=\"og:image\" content=\"https:\/\/visitviskovo.hr\/wp-content\/uploads\/2020\/05\/Halubajski_zvon\u010dari-4-Medium.jpg\" \/>\n\t<meta property=\"og:image:width\" content=\"1152\" \/>\n\t<meta property=\"og:image:height\" content=\"768\" \/>\n\t<meta property=\"og:image:type\" content=\"image\/jpeg\" \/>\n<meta name=\"twitter:card\" content=\"summary_large_image\" \/>\n<meta name=\"twitter:label1\" content=\"Tempo di lettura stimato\" \/>\n\t<meta name=\"twitter:data1\" content=\"3 minuti\" \/>\n<script type=\"application\/ld+json\" class=\"yoast-schema-graph\">{\"@context\":\"https:\/\/schema.org\",\"@graph\":[{\"@type\":\"WebPage\",\"@id\":\"https:\/\/visitviskovo.hr\/it\/cosa-fare\/ideje-za-boravak\/lungo-i-percorsi-degli-halubajski-zvoncari-scampanatori-di-halubje\/\",\"url\":\"https:\/\/visitviskovo.hr\/it\/cosa-fare\/ideje-za-boravak\/lungo-i-percorsi-degli-halubajski-zvoncari-scampanatori-di-halubje\/\",\"name\":\"Lungo i percorsi degli Halubajski zvon\u010dari - scampanatori di Halubje - Turisti\u010dka zajednica op\u0107ine Vi\u0161kovo\",\"isPartOf\":{\"@id\":\"https:\/\/visitviskovo.hr\/it\/#website\"},\"primaryImageOfPage\":{\"@id\":\"https:\/\/visitviskovo.hr\/it\/cosa-fare\/ideje-za-boravak\/lungo-i-percorsi-degli-halubajski-zvoncari-scampanatori-di-halubje\/#primaryimage\"},\"image\":{\"@id\":\"https:\/\/visitviskovo.hr\/it\/cosa-fare\/ideje-za-boravak\/lungo-i-percorsi-degli-halubajski-zvoncari-scampanatori-di-halubje\/#primaryimage\"},\"thumbnailUrl\":\"https:\/\/visitviskovo.hr\/wp-content\/uploads\/2020\/05\/Halubajski_zvon\u010dari-4-Medium.jpg\",\"datePublished\":\"2020-05-15T07:27:36+00:00\",\"dateModified\":\"2020-06-21T12:29:59+00:00\",\"breadcrumb\":{\"@id\":\"https:\/\/visitviskovo.hr\/it\/cosa-fare\/ideje-za-boravak\/lungo-i-percorsi-degli-halubajski-zvoncari-scampanatori-di-halubje\/#breadcrumb\"},\"inLanguage\":\"it-IT\",\"potentialAction\":[{\"@type\":\"ReadAction\",\"target\":[\"https:\/\/visitviskovo.hr\/it\/cosa-fare\/ideje-za-boravak\/lungo-i-percorsi-degli-halubajski-zvoncari-scampanatori-di-halubje\/\"]}]},{\"@type\":\"ImageObject\",\"inLanguage\":\"it-IT\",\"@id\":\"https:\/\/visitviskovo.hr\/it\/cosa-fare\/ideje-za-boravak\/lungo-i-percorsi-degli-halubajski-zvoncari-scampanatori-di-halubje\/#primaryimage\",\"url\":\"https:\/\/visitviskovo.hr\/wp-content\/uploads\/2020\/05\/Halubajski_zvon\u010dari-4-Medium.jpg\",\"contentUrl\":\"https:\/\/visitviskovo.hr\/wp-content\/uploads\/2020\/05\/Halubajski_zvon\u010dari-4-Medium.jpg\",\"width\":1152,\"height\":768},{\"@type\":\"BreadcrumbList\",\"@id\":\"https:\/\/visitviskovo.hr\/it\/cosa-fare\/ideje-za-boravak\/lungo-i-percorsi-degli-halubajski-zvoncari-scampanatori-di-halubje\/#breadcrumb\",\"itemListElement\":[{\"@type\":\"ListItem\",\"position\":1,\"name\":\"Home\",\"item\":\"https:\/\/visitviskovo.hr\/it\/\"},{\"@type\":\"ListItem\",\"position\":2,\"name\":\"Cosa fare\",\"item\":\"https:\/\/visitviskovo.hr\/it\/cosa-fare\/\"},{\"@type\":\"ListItem\",\"position\":3,\"name\":\"Personalizza il tuo soggiorno\",\"item\":\"https:\/\/visitviskovo.hr\/it\/cosa-fare\/ideje-za-boravak\/\"},{\"@type\":\"ListItem\",\"position\":4,\"name\":\"Lungo i percorsi degli Halubajski zvon\u010dari &#8211; scampanatori di Halubje\"}]},{\"@type\":\"WebSite\",\"@id\":\"https:\/\/visitviskovo.hr\/it\/#website\",\"url\":\"https:\/\/visitviskovo.hr\/it\/\",\"name\":\"Turisti\u010dka zajednica op\u0107ine Vi\u0161kovo\",\"description\":\"\",\"potentialAction\":[{\"@type\":\"SearchAction\",\"target\":{\"@type\":\"EntryPoint\",\"urlTemplate\":\"https:\/\/visitviskovo.hr\/it\/?s={search_term_string}\"},\"query-input\":\"required name=search_term_string\"}],\"inLanguage\":\"it-IT\"}]}<\/script>\n<!-- \/ Yoast SEO plugin. -->","yoast_head_json":{"title":"Lungo i percorsi degli Halubajski zvon\u010dari - scampanatori di Halubje - Turisti\u010dka zajednica op\u0107ine Vi\u0161kovo","robots":{"index":"index","follow":"follow","max-snippet":"max-snippet:-1","max-image-preview":"max-image-preview:large","max-video-preview":"max-video-preview:-1"},"canonical":"https:\/\/visitviskovo.hr\/it\/cosa-fare\/ideje-za-boravak\/lungo-i-percorsi-degli-halubajski-zvoncari-scampanatori-di-halubje\/","og_locale":"it_IT","og_type":"article","og_title":"Lungo i percorsi degli Halubajski zvon\u010dari - scampanatori di Halubje - Turisti\u010dka zajednica op\u0107ine Vi\u0161kovo","og_description":"Oggi Vi\u0161kovo fonde tradizione e modernit\u00e0, creando una correlazione unica in cui la vita quotidiana si intreccia con il passato. Potrete vivere al meglio quest&#8217;atmosfera durante il periodo di carnevale che inizia nella giornata di Sant&#8217;Antonio, il protettore del bestiame, quando nel centro di Vi\u0161kovo si sente il suono del corno che segna l&#8217;inizio della [&hellip;]","og_url":"https:\/\/visitviskovo.hr\/it\/cosa-fare\/ideje-za-boravak\/lungo-i-percorsi-degli-halubajski-zvoncari-scampanatori-di-halubje\/","og_site_name":"Turisti\u010dka zajednica op\u0107ine Vi\u0161kovo","article_publisher":"https:\/\/web.facebook.com\/VisitViskovo","article_modified_time":"2020-06-21T12:29:59+00:00","og_image":[{"width":1152,"height":768,"url":"https:\/\/visitviskovo.hr\/wp-content\/uploads\/2020\/05\/Halubajski_zvon\u010dari-4-Medium.jpg","type":"image\/jpeg"}],"twitter_card":"summary_large_image","twitter_misc":{"Tempo di lettura stimato":"3 minuti"},"schema":{"@context":"https:\/\/schema.org","@graph":[{"@type":"WebPage","@id":"https:\/\/visitviskovo.hr\/it\/cosa-fare\/ideje-za-boravak\/lungo-i-percorsi-degli-halubajski-zvoncari-scampanatori-di-halubje\/","url":"https:\/\/visitviskovo.hr\/it\/cosa-fare\/ideje-za-boravak\/lungo-i-percorsi-degli-halubajski-zvoncari-scampanatori-di-halubje\/","name":"Lungo i percorsi degli Halubajski zvon\u010dari - scampanatori di Halubje - Turisti\u010dka zajednica op\u0107ine Vi\u0161kovo","isPartOf":{"@id":"https:\/\/visitviskovo.hr\/it\/#website"},"primaryImageOfPage":{"@id":"https:\/\/visitviskovo.hr\/it\/cosa-fare\/ideje-za-boravak\/lungo-i-percorsi-degli-halubajski-zvoncari-scampanatori-di-halubje\/#primaryimage"},"image":{"@id":"https:\/\/visitviskovo.hr\/it\/cosa-fare\/ideje-za-boravak\/lungo-i-percorsi-degli-halubajski-zvoncari-scampanatori-di-halubje\/#primaryimage"},"thumbnailUrl":"https:\/\/visitviskovo.hr\/wp-content\/uploads\/2020\/05\/Halubajski_zvon\u010dari-4-Medium.jpg","datePublished":"2020-05-15T07:27:36+00:00","dateModified":"2020-06-21T12:29:59+00:00","breadcrumb":{"@id":"https:\/\/visitviskovo.hr\/it\/cosa-fare\/ideje-za-boravak\/lungo-i-percorsi-degli-halubajski-zvoncari-scampanatori-di-halubje\/#breadcrumb"},"inLanguage":"it-IT","potentialAction":[{"@type":"ReadAction","target":["https:\/\/visitviskovo.hr\/it\/cosa-fare\/ideje-za-boravak\/lungo-i-percorsi-degli-halubajski-zvoncari-scampanatori-di-halubje\/"]}]},{"@type":"ImageObject","inLanguage":"it-IT","@id":"https:\/\/visitviskovo.hr\/it\/cosa-fare\/ideje-za-boravak\/lungo-i-percorsi-degli-halubajski-zvoncari-scampanatori-di-halubje\/#primaryimage","url":"https:\/\/visitviskovo.hr\/wp-content\/uploads\/2020\/05\/Halubajski_zvon\u010dari-4-Medium.jpg","contentUrl":"https:\/\/visitviskovo.hr\/wp-content\/uploads\/2020\/05\/Halubajski_zvon\u010dari-4-Medium.jpg","width":1152,"height":768},{"@type":"BreadcrumbList","@id":"https:\/\/visitviskovo.hr\/it\/cosa-fare\/ideje-za-boravak\/lungo-i-percorsi-degli-halubajski-zvoncari-scampanatori-di-halubje\/#breadcrumb","itemListElement":[{"@type":"ListItem","position":1,"name":"Home","item":"https:\/\/visitviskovo.hr\/it\/"},{"@type":"ListItem","position":2,"name":"Cosa fare","item":"https:\/\/visitviskovo.hr\/it\/cosa-fare\/"},{"@type":"ListItem","position":3,"name":"Personalizza il tuo soggiorno","item":"https:\/\/visitviskovo.hr\/it\/cosa-fare\/ideje-za-boravak\/"},{"@type":"ListItem","position":4,"name":"Lungo i percorsi degli Halubajski zvon\u010dari &#8211; scampanatori di Halubje"}]},{"@type":"WebSite","@id":"https:\/\/visitviskovo.hr\/it\/#website","url":"https:\/\/visitviskovo.hr\/it\/","name":"Turisti\u010dka zajednica op\u0107ine Vi\u0161kovo","description":"","potentialAction":[{"@type":"SearchAction","target":{"@type":"EntryPoint","urlTemplate":"https:\/\/visitviskovo.hr\/it\/?s={search_term_string}"},"query-input":"required name=search_term_string"}],"inLanguage":"it-IT"}]}},"_links":{"self":[{"href":"https:\/\/visitviskovo.hr\/it\/wp-json\/wp\/v2\/pages\/13876"}],"collection":[{"href":"https:\/\/visitviskovo.hr\/it\/wp-json\/wp\/v2\/pages"}],"about":[{"href":"https:\/\/visitviskovo.hr\/it\/wp-json\/wp\/v2\/types\/page"}],"author":[{"embeddable":true,"href":"https:\/\/visitviskovo.hr\/it\/wp-json\/wp\/v2\/users\/4"}],"replies":[{"embeddable":true,"href":"https:\/\/visitviskovo.hr\/it\/wp-json\/wp\/v2\/comments?post=13876"}],"version-history":[{"count":2,"href":"https:\/\/visitviskovo.hr\/it\/wp-json\/wp\/v2\/pages\/13876\/revisions"}],"predecessor-version":[{"id":14625,"href":"https:\/\/visitviskovo.hr\/it\/wp-json\/wp\/v2\/pages\/13876\/revisions\/14625"}],"up":[{"embeddable":true,"href":"https:\/\/visitviskovo.hr\/it\/wp-json\/wp\/v2\/pages\/8144"}],"wp:featuredmedia":[{"embeddable":true,"href":"https:\/\/visitviskovo.hr\/it\/wp-json\/wp\/v2\/media\/13731"}],"wp:attachment":[{"href":"https:\/\/visitviskovo.hr\/it\/wp-json\/wp\/v2\/media?parent=13876"}],"curies":[{"name":"wp","href":"https:\/\/api.w.org\/{rel}","templated":true}]}}