{"id":13885,"date":"2020-05-15T07:59:48","date_gmt":"2020-05-15T07:59:48","guid":{"rendered":"https:\/\/visitviskovo.hr\/?page_id=13885"},"modified":"2024-04-08T10:56:32","modified_gmt":"2024-04-08T10:56:32","slug":"gromace-muri-a-secco","status":"publish","type":"page","link":"https:\/\/visitviskovo.hr\/it\/viskovo\/kulturna-bastina\/gromace-muri-a-secco\/","title":{"rendered":"Groma\u010de &#8211; muri a secco"},"content":{"rendered":"\n<p>L&#8217;intero comune di Vi\u0161kovo \u00e8 articolato da muri a secco che si estendono lungo i sentieri, suddividono i possedimenti, delimitano i terreni e circondano i <em>kali\u0107i<\/em>.<\/p>\n\n\n\n<p>La tecnica del muro a secco richiede abilit\u00e0 e pazienza affinch\u00e9 si mantenga nel tempo. Il terreno arido di questa zona aveva bisogno di tanti piccoli lotti di coltivazione per il fabbisogno della popolazione. Per questo motivo, regolarmente si pulivano gli appezzamenti di terra e si sistemavano le pietre estratte con cura lungo i confini per impedire che il bestiame entrasse nei terreni e facesse danni alle coltivazioni. I muri lungo i sentieri furono costruiti allo stesso modo. I pi\u00f9 difficili da costruire erano i muri di supporto. Dato che non c&#8217;era abbastanza terra coltivabile vicino alle loro case, la gente costruiva terrazze sostenute da muri a secco che dovevano essere abbastanza resistenti per sopportare la pressione della terra, che veniva trasportata in ceste o portata con il carro. Questa terra veniva estratta da luoghi che erano conosciuti localmente come <em>raba<\/em> (una parola slava antica che significa <em>schiavo<\/em>).<\/p>\n\n\n\n<p>Allo stesso modo, venivano costruiti dei semplici\ncasolari usati per proteggere dalle intemperie il bestiame e, se necessario,\nanche gli umani. Queste strutture si chiamavano <em>halube<\/em> e da qui probabilmente deriva il nome di Halubje.<\/p>\n\n\n\n<p>Con la loro semplicit\u00e0 e resistenza, le <em>groma\u010de <\/em>simboleggiano la vita quotidiana di quel tempo. Ricoperti da muschio, i muri a secco conservano ancora oggi i loro ricordi del difficile lavoro di chi li ha creati. Seguendoli vi conducono verso sentieri antichi e vi fanno scoprire i vecchi confini. Agli osservatori pi\u00f9 attenti, possono quasi raccontare le giornate piene di lavoro e d&#8217;impegno di un&#8217;epoca lontana. <\/p>\n\n\n\n<p>Potete scoprire questo elemento caratteristico del paesaggio locale con una piacevole <a href=\"https:\/\/visitviskovo.hr\/it\/cosa-fare\/passeggiate-e-piste-cicabili\/passeggiate\/\">passeggiata<\/a> o un rilassante giro in bicicletta lungo i sentieri escursionistici e ciclabili delle zone di <a href=\"https:\/\/visitviskovo.hr\/it\/cosa-fare\/passeggiate-e-piste-cicabili\/percorsi-ciclabili\/\">Vi\u0161kovo<\/a> e <a href=\"https:\/\/visitviskovo.hr\/it\/cosa-fare\/passeggiate-e-piste-cicabili\/la-trasversale-ciclistica-dellanello-fiumano\/\">Rijeka (Fiume)<\/a>.<\/p>\n\n\n\n<p><a href=\"https:\/\/visitviskovo.hr\/wp-content\/uploads\/2020\/05\/Viskovo_strana_2_2019_07_187_outlines.pdf\">Carta di Vi\u0161kovo<\/a><\/p>\n\n\n\n<p><a href=\"https:\/\/visitviskovo.hr\/wp-content\/uploads\/2019\/08\/Biciklisti\u010dka-karta-Vi\u0161kovo-1.pdf\">Passeggiate e piste ciclabili<\/a><\/p>\n","protected":false},"excerpt":{"rendered":"<p>L&#8217;intero comune di Vi\u0161kovo \u00e8 articolato da muri a secco che si estendono lungo i sentieri, suddividono i possedimenti, delimitano i terreni e circondano i kali\u0107i. La tecnica del muro a secco richiede abilit\u00e0 e pazienza affinch\u00e9 si mantenga nel tempo. Il terreno arido di questa zona aveva bisogno di tanti piccoli lotti di coltivazione [&hellip;]<\/p>\n","protected":false},"author":4,"featured_media":13981,"parent":1686,"menu_order":0,"comment_status":"closed","ping_status":"closed","template":"","meta":{"_acf_changed":false,"footnotes":""},"acf":[],"yoast_head":"<!-- This site is optimized with the Yoast SEO plugin v22.7 - https:\/\/yoast.com\/wordpress\/plugins\/seo\/ -->\n<title>Groma\u010de - muri a secco - Turisti\u010dka zajednica op\u0107ine Vi\u0161kovo<\/title>\n<meta name=\"robots\" content=\"index, follow, max-snippet:-1, max-image-preview:large, max-video-preview:-1\" \/>\n<link rel=\"canonical\" href=\"https:\/\/visitviskovo.hr\/it\/viskovo\/kulturna-bastina\/gromace-muri-a-secco\/\" \/>\n<meta property=\"og:locale\" content=\"it_IT\" \/>\n<meta property=\"og:type\" content=\"article\" \/>\n<meta property=\"og:title\" content=\"Groma\u010de - muri a secco - Turisti\u010dka zajednica op\u0107ine Vi\u0161kovo\" \/>\n<meta property=\"og:description\" content=\"L&#8217;intero comune di Vi\u0161kovo \u00e8 articolato da muri a secco che si estendono lungo i sentieri, suddividono i possedimenti, delimitano i terreni e circondano i kali\u0107i. La tecnica del muro a secco richiede abilit\u00e0 e pazienza affinch\u00e9 si mantenga nel tempo. Il terreno arido di questa zona aveva bisogno di tanti piccoli lotti di coltivazione [&hellip;]\" \/>\n<meta property=\"og:url\" content=\"https:\/\/visitviskovo.hr\/it\/viskovo\/kulturna-bastina\/gromace-muri-a-secco\/\" \/>\n<meta property=\"og:site_name\" content=\"Turisti\u010dka zajednica op\u0107ine Vi\u0161kovo\" \/>\n<meta property=\"article:publisher\" content=\"https:\/\/web.facebook.com\/VisitViskovo\" \/>\n<meta property=\"article:modified_time\" content=\"2024-04-08T10:56:32+00:00\" \/>\n<meta property=\"og:image\" content=\"https:\/\/visitviskovo.hr\/wp-content\/uploads\/2020\/05\/KAPITI2-Medium.jpg\" \/>\n\t<meta property=\"og:image:width\" content=\"1152\" \/>\n\t<meta property=\"og:image:height\" content=\"768\" \/>\n\t<meta property=\"og:image:type\" content=\"image\/jpeg\" \/>\n<meta name=\"twitter:card\" content=\"summary_large_image\" \/>\n<meta name=\"twitter:label1\" content=\"Tempo di lettura stimato\" \/>\n\t<meta name=\"twitter:data1\" content=\"2 minuti\" \/>\n<script type=\"application\/ld+json\" class=\"yoast-schema-graph\">{\"@context\":\"https:\/\/schema.org\",\"@graph\":[{\"@type\":\"WebPage\",\"@id\":\"https:\/\/visitviskovo.hr\/it\/viskovo\/kulturna-bastina\/gromace-muri-a-secco\/\",\"url\":\"https:\/\/visitviskovo.hr\/it\/viskovo\/kulturna-bastina\/gromace-muri-a-secco\/\",\"name\":\"Groma\u010de - muri a secco - Turisti\u010dka zajednica op\u0107ine Vi\u0161kovo\",\"isPartOf\":{\"@id\":\"https:\/\/visitviskovo.hr\/it\/#website\"},\"primaryImageOfPage\":{\"@id\":\"https:\/\/visitviskovo.hr\/it\/viskovo\/kulturna-bastina\/gromace-muri-a-secco\/#primaryimage\"},\"image\":{\"@id\":\"https:\/\/visitviskovo.hr\/it\/viskovo\/kulturna-bastina\/gromace-muri-a-secco\/#primaryimage\"},\"thumbnailUrl\":\"https:\/\/visitviskovo.hr\/wp-content\/uploads\/2020\/05\/KAPITI2-Medium.jpg\",\"datePublished\":\"2020-05-15T07:59:48+00:00\",\"dateModified\":\"2024-04-08T10:56:32+00:00\",\"breadcrumb\":{\"@id\":\"https:\/\/visitviskovo.hr\/it\/viskovo\/kulturna-bastina\/gromace-muri-a-secco\/#breadcrumb\"},\"inLanguage\":\"it-IT\",\"potentialAction\":[{\"@type\":\"ReadAction\",\"target\":[\"https:\/\/visitviskovo.hr\/it\/viskovo\/kulturna-bastina\/gromace-muri-a-secco\/\"]}]},{\"@type\":\"ImageObject\",\"inLanguage\":\"it-IT\",\"@id\":\"https:\/\/visitviskovo.hr\/it\/viskovo\/kulturna-bastina\/gromace-muri-a-secco\/#primaryimage\",\"url\":\"https:\/\/visitviskovo.hr\/wp-content\/uploads\/2020\/05\/KAPITI2-Medium.jpg\",\"contentUrl\":\"https:\/\/visitviskovo.hr\/wp-content\/uploads\/2020\/05\/KAPITI2-Medium.jpg\",\"width\":1152,\"height\":768},{\"@type\":\"BreadcrumbList\",\"@id\":\"https:\/\/visitviskovo.hr\/it\/viskovo\/kulturna-bastina\/gromace-muri-a-secco\/#breadcrumb\",\"itemListElement\":[{\"@type\":\"ListItem\",\"position\":1,\"name\":\"Home\",\"item\":\"https:\/\/visitviskovo.hr\/it\/\"},{\"@type\":\"ListItem\",\"position\":2,\"name\":\"Vi\u0161kovo\",\"item\":\"https:\/\/visitviskovo.hr\/it\/viskovo\/\"},{\"@type\":\"ListItem\",\"position\":3,\"name\":\"Beni culturali\",\"item\":\"https:\/\/visitviskovo.hr\/it\/viskovo\/kulturna-bastina\/\"},{\"@type\":\"ListItem\",\"position\":4,\"name\":\"Groma\u010de &#8211; muri a secco\"}]},{\"@type\":\"WebSite\",\"@id\":\"https:\/\/visitviskovo.hr\/it\/#website\",\"url\":\"https:\/\/visitviskovo.hr\/it\/\",\"name\":\"Turisti\u010dka zajednica op\u0107ine Vi\u0161kovo\",\"description\":\"\",\"potentialAction\":[{\"@type\":\"SearchAction\",\"target\":{\"@type\":\"EntryPoint\",\"urlTemplate\":\"https:\/\/visitviskovo.hr\/it\/?s={search_term_string}\"},\"query-input\":\"required name=search_term_string\"}],\"inLanguage\":\"it-IT\"}]}<\/script>\n<!-- \/ Yoast SEO plugin. -->","yoast_head_json":{"title":"Groma\u010de - muri a secco - Turisti\u010dka zajednica op\u0107ine Vi\u0161kovo","robots":{"index":"index","follow":"follow","max-snippet":"max-snippet:-1","max-image-preview":"max-image-preview:large","max-video-preview":"max-video-preview:-1"},"canonical":"https:\/\/visitviskovo.hr\/it\/viskovo\/kulturna-bastina\/gromace-muri-a-secco\/","og_locale":"it_IT","og_type":"article","og_title":"Groma\u010de - muri a secco - Turisti\u010dka zajednica op\u0107ine Vi\u0161kovo","og_description":"L&#8217;intero comune di Vi\u0161kovo \u00e8 articolato da muri a secco che si estendono lungo i sentieri, suddividono i possedimenti, delimitano i terreni e circondano i kali\u0107i. La tecnica del muro a secco richiede abilit\u00e0 e pazienza affinch\u00e9 si mantenga nel tempo. Il terreno arido di questa zona aveva bisogno di tanti piccoli lotti di coltivazione [&hellip;]","og_url":"https:\/\/visitviskovo.hr\/it\/viskovo\/kulturna-bastina\/gromace-muri-a-secco\/","og_site_name":"Turisti\u010dka zajednica op\u0107ine Vi\u0161kovo","article_publisher":"https:\/\/web.facebook.com\/VisitViskovo","article_modified_time":"2024-04-08T10:56:32+00:00","og_image":[{"width":1152,"height":768,"url":"https:\/\/visitviskovo.hr\/wp-content\/uploads\/2020\/05\/KAPITI2-Medium.jpg","type":"image\/jpeg"}],"twitter_card":"summary_large_image","twitter_misc":{"Tempo di lettura stimato":"2 minuti"},"schema":{"@context":"https:\/\/schema.org","@graph":[{"@type":"WebPage","@id":"https:\/\/visitviskovo.hr\/it\/viskovo\/kulturna-bastina\/gromace-muri-a-secco\/","url":"https:\/\/visitviskovo.hr\/it\/viskovo\/kulturna-bastina\/gromace-muri-a-secco\/","name":"Groma\u010de - muri a secco - Turisti\u010dka zajednica op\u0107ine Vi\u0161kovo","isPartOf":{"@id":"https:\/\/visitviskovo.hr\/it\/#website"},"primaryImageOfPage":{"@id":"https:\/\/visitviskovo.hr\/it\/viskovo\/kulturna-bastina\/gromace-muri-a-secco\/#primaryimage"},"image":{"@id":"https:\/\/visitviskovo.hr\/it\/viskovo\/kulturna-bastina\/gromace-muri-a-secco\/#primaryimage"},"thumbnailUrl":"https:\/\/visitviskovo.hr\/wp-content\/uploads\/2020\/05\/KAPITI2-Medium.jpg","datePublished":"2020-05-15T07:59:48+00:00","dateModified":"2024-04-08T10:56:32+00:00","breadcrumb":{"@id":"https:\/\/visitviskovo.hr\/it\/viskovo\/kulturna-bastina\/gromace-muri-a-secco\/#breadcrumb"},"inLanguage":"it-IT","potentialAction":[{"@type":"ReadAction","target":["https:\/\/visitviskovo.hr\/it\/viskovo\/kulturna-bastina\/gromace-muri-a-secco\/"]}]},{"@type":"ImageObject","inLanguage":"it-IT","@id":"https:\/\/visitviskovo.hr\/it\/viskovo\/kulturna-bastina\/gromace-muri-a-secco\/#primaryimage","url":"https:\/\/visitviskovo.hr\/wp-content\/uploads\/2020\/05\/KAPITI2-Medium.jpg","contentUrl":"https:\/\/visitviskovo.hr\/wp-content\/uploads\/2020\/05\/KAPITI2-Medium.jpg","width":1152,"height":768},{"@type":"BreadcrumbList","@id":"https:\/\/visitviskovo.hr\/it\/viskovo\/kulturna-bastina\/gromace-muri-a-secco\/#breadcrumb","itemListElement":[{"@type":"ListItem","position":1,"name":"Home","item":"https:\/\/visitviskovo.hr\/it\/"},{"@type":"ListItem","position":2,"name":"Vi\u0161kovo","item":"https:\/\/visitviskovo.hr\/it\/viskovo\/"},{"@type":"ListItem","position":3,"name":"Beni culturali","item":"https:\/\/visitviskovo.hr\/it\/viskovo\/kulturna-bastina\/"},{"@type":"ListItem","position":4,"name":"Groma\u010de &#8211; muri a secco"}]},{"@type":"WebSite","@id":"https:\/\/visitviskovo.hr\/it\/#website","url":"https:\/\/visitviskovo.hr\/it\/","name":"Turisti\u010dka zajednica op\u0107ine Vi\u0161kovo","description":"","potentialAction":[{"@type":"SearchAction","target":{"@type":"EntryPoint","urlTemplate":"https:\/\/visitviskovo.hr\/it\/?s={search_term_string}"},"query-input":"required name=search_term_string"}],"inLanguage":"it-IT"}]}},"_links":{"self":[{"href":"https:\/\/visitviskovo.hr\/it\/wp-json\/wp\/v2\/pages\/13885"}],"collection":[{"href":"https:\/\/visitviskovo.hr\/it\/wp-json\/wp\/v2\/pages"}],"about":[{"href":"https:\/\/visitviskovo.hr\/it\/wp-json\/wp\/v2\/types\/page"}],"author":[{"embeddable":true,"href":"https:\/\/visitviskovo.hr\/it\/wp-json\/wp\/v2\/users\/4"}],"replies":[{"embeddable":true,"href":"https:\/\/visitviskovo.hr\/it\/wp-json\/wp\/v2\/comments?post=13885"}],"version-history":[{"count":3,"href":"https:\/\/visitviskovo.hr\/it\/wp-json\/wp\/v2\/pages\/13885\/revisions"}],"predecessor-version":[{"id":20909,"href":"https:\/\/visitviskovo.hr\/it\/wp-json\/wp\/v2\/pages\/13885\/revisions\/20909"}],"up":[{"embeddable":true,"href":"https:\/\/visitviskovo.hr\/it\/wp-json\/wp\/v2\/pages\/1686"}],"wp:featuredmedia":[{"embeddable":true,"href":"https:\/\/visitviskovo.hr\/it\/wp-json\/wp\/v2\/media\/13981"}],"wp:attachment":[{"href":"https:\/\/visitviskovo.hr\/it\/wp-json\/wp\/v2\/media?parent=13885"}],"curies":[{"name":"wp","href":"https:\/\/api.w.org\/{rel}","templated":true}]}}