{"id":14098,"date":"2020-05-27T11:18:27","date_gmt":"2020-05-27T11:18:27","guid":{"rendered":"https:\/\/visitviskovo.hr\/?page_id=14098"},"modified":"2025-11-13T13:44:42","modified_gmt":"2025-11-13T13:44:42","slug":"viskovo-gli-echi-della-tradizione","status":"publish","type":"page","link":"https:\/\/visitviskovo.hr\/it\/viskovo\/viskovo-gli-echi-della-tradizione\/","title":{"rendered":"Vi\u0161kovo &#8211; gli echi della tradizione"},"content":{"rendered":"\n<p>Se state viaggiando attraverso la Croazia in cerca di grandi esperienze culturali, allora dovete assolutamente visitare Vi\u0161kovo! Qui sarete accolti da una moltitudine di beni culturali della <a href=\"https:\/\/visitviskovo.hr\/it\/viskovo\/unesco\/\">Lista Rappresentativa del Patrimonio culturale immateriale dell&#8217;UNESCO<\/a>. Il nostro mite paesaggio invita gli appassionati di vacanze attive a fare un giro in bicicletta e i nostri sentieri e percorsi escursionistici offrono un&#8217;opportunit\u00e0 perfetta per sfuggire al ritmo frenetico della vita quotidiana. I numerosi ristoranti della zona, le osterie e le pasticcerie offrono <a href=\"https:\/\/visitviskovo.hr\/it\/gastronomia\/\">grandi esperienze culinarie<\/a> e le <a href=\"https:\/\/visitviskovo.hr\/it\/dove-alloggiare\/\">strutture ricettive<\/a> garantiscono pace e sonni tranquilli lontano dal trambusto estivo mentre la vivace citt\u00e0 di Rijeka (Fiume), l&#8217;affascinante localit\u00e0 costiera di Opatija (Abbazia), il mare e le spiagge sono a portata di mano. <\/p>\n\n\n\n<p>A nord-ovest di Rijeka, su 20 km\u00b2 di terreno collinare, si trova il Comune di Vi\u0161kovo che dista approssimativamente dieci chilometri da Rijeka e altrettanto da Opatija, mentre il confine di stato con la Repubblica di Slovenia \u00e8 a soli venti chilometri di distanza. Il comune di Vi\u0161kovo, che in passato apparteneva a quello della citt\u00e0 di Rijeka, \u00e8 una delle unit\u00e0 di autogoverno locale della Regione litoraneo-montana, costituitosi due anni dopo la proclamazione della Repubblica di Croazia come stato indipendente riunendo le comunit\u00e0 locali di Vi\u0161kovo e Marini\u0107i. Il 15 aprile 1993 si festeggia la Giornata del comune.<\/p>\n\n\n\n<p>Al momento della fondazione, il Comune di Vi\u0161kovo aveva 6.918 abitanti. Nel 2021 il numero \u00e8 aumentato a 16.084.  Il comune di Vi\u0161kovo, dopo quello di Rijeka, \u00e8 la seconda unit\u00e0 di autogoverno locale pi\u00f9 popolata della Regione litoraneo-montana.<\/p>\n\n\n\n<p>I buoni collegamenti stradali con la citt\u00e0 di Rijeka, la vicinanza di Opatija e il valico di confine con la Slovenia, la bellezza della natura e i vantaggi offerti da questa piccola comunit\u00e0 fanno di Vi\u0161kovo un luogo piacevole in cui vivere dove la modernit\u00e0 si unisce al rispetto della tradizione. Il comune \u00e8 composto da villaggi i cui confini corrispondono per lo pi\u00f9 a quelli degli ex distretti. Il pi\u00f9 popolato, anche se quarto come superficie, \u00e8 il villaggio di Marini\u0107i, seguito da Vi\u0161kovo, Mar\u010delji, Sar\u0161oni, Mladeni\u0107i, Sroki e Kosi.<\/p>\n\n\n\n<p><strong>Vi\u0161kovo<\/strong> \u00e8 il centro amministrativo del comune. Lungo la strada principale si trovano tutte le istituzioni importanti come la sede del comune, l&#8217;ufficio postale, la scuola elementare, gli asili, la biblioteca, gli istituti sanitari primari, le farmacie, le banche, la chiesa, l&#8217;ente per il turismo, la stazione di rifornimento per automobili nonch\u00e9 negozi di alimentari e varie aziende di servizi.<\/p>\n\n\n\n<p><strong>Marini\u0107i<\/strong> comprende la parte meridionale del comune di Vi\u0161kovo e si estende lungo il confine delle periferie della citt\u00e0 di Rijeka ovvero \u0160kurinje, Pehlin e Zamet. Questa zona \u00e8 stata da sempre soprannominata Smokvarija (<em>smokva<\/em> \u2013 fico) per il fatto che, a differenza delle parti settentrionali del comune, le condizioni per la coltivazione della frutta, in particolare dei fichi, erano pi\u00f9 favorevoli. Oggi, qui si trova una zona industriale, dove operano un gran numero di aziende e commerci.<\/p>\n\n\n\n<p><strong>Mar\u010delji<\/strong>, l&#8217;abitato pi\u00f9 settentrionale a 400 m sul livello del mare, si trova sulla strada principale e comprende paesi pi\u00f9 piccoli di Mavri, Gari\u0107i, Kli\u0107i, Bena\u0161i, Zorzi\u0107i, Globi\u0107i e Ronjgi. Questa \u00e8 la zona di origine degli scampanatori di Halubje (<em>Halubajski zvon\u010dari<\/em>) la cui processione di Carnevale \u00e8 stata inserita nella<a href=\"https:\/\/visitviskovo.hr\/it\/viskovo\/unesco\/\"> lista del patrimonio immateriale culturale dell&#8217;UNESCO, <\/a>proprio come il canto a due voci ad intervalli stretti, documentato da Ivan Mateti\u0107 da Ronjgi.<\/p>\n\n\n\n<p><strong>Sar\u0161oni<\/strong> \u00e8 situato nella parte nord-orientale del comune al bivio delle vie che portano al vicino paese di Grobnik, alla citt\u00e0 di Rijeka, verso il confine croato-sloveno e al centro di Vi\u0161kovo. In rispetto alla sua superficie, Sar\u0161oni \u00e8 il paese meno popolato. Dai villaggi di Lu\u010di\u0107i, Skva\u017ei\u0107i e Ben\u010dani sono facilmente accessibili percorsi educativi e piste ciclabili. <strong>Mladeni\u0107i <\/strong>si trova lungo la strada tra Sar\u0161oni e Vi\u0161kovo. I sentieri boschivi nell&#8217;entroterra di questo paese invitano a scoprirli.<\/p>\n\n\n\n<p><strong>Sroki &#8211; <\/strong>Quest&#8217;abitato occidentale situato tra Vi\u0161kovo e Mar\u010delji comprende i paesi di Gornji e Donji Sroki, Valjani, Kudeji, Ferenci, Pe\u0161\u0107i\u0107i e Dovi\u010di\u0107i. <strong>Kosi<\/strong> si estende lungo la vecchia strada che collega Vi\u0161kovo con la vicina cittadina di Kastav, ex centro amministrativo di tutto il territorio, alla quale apparteneva pure l&#8217;attuale Comune di Vi\u0161kovo fino alla met\u00e0 del XX secolo.<\/p>\n\n\n\n<p><br><\/p>\n","protected":false},"excerpt":{"rendered":"<p>Se state viaggiando attraverso la Croazia in cerca di grandi esperienze culturali, allora dovete assolutamente visitare Vi\u0161kovo! Qui sarete accolti da una moltitudine di beni culturali della Lista Rappresentativa del Patrimonio culturale immateriale dell&#8217;UNESCO. Il nostro mite paesaggio invita gli appassionati di vacanze attive a fare un giro in bicicletta e i nostri sentieri e [&hellip;]<\/p>\n","protected":false},"author":4,"featured_media":13807,"parent":1661,"menu_order":0,"comment_status":"closed","ping_status":"closed","template":"","meta":{"_acf_changed":false,"footnotes":""},"acf":[],"yoast_head":"<!-- This site is optimized with the Yoast SEO plugin v22.7 - https:\/\/yoast.com\/wordpress\/plugins\/seo\/ -->\n<title>Vi\u0161kovo - gli echi della tradizione - Turisti\u010dka zajednica op\u0107ine Vi\u0161kovo<\/title>\n<meta name=\"description\" content=\"Se viaggiate alla ricerca di una cultura viva, visitate Vi\u0161kovo e lasciatevi avvolgere dagli echi della tradizione intrecciati con i piaceri moderni.\" \/>\n<meta name=\"robots\" content=\"index, follow, max-snippet:-1, max-image-preview:large, max-video-preview:-1\" \/>\n<link rel=\"canonical\" href=\"https:\/\/visitviskovo.hr\/it\/viskovo\/viskovo-gli-echi-della-tradizione\/\" \/>\n<meta property=\"og:locale\" content=\"it_IT\" \/>\n<meta property=\"og:type\" content=\"article\" \/>\n<meta property=\"og:title\" content=\"Vi\u0161kovo - gli echi della tradizione - Turisti\u010dka zajednica op\u0107ine Vi\u0161kovo\" \/>\n<meta property=\"og:description\" content=\"Se viaggiate alla ricerca di una cultura viva, visitate Vi\u0161kovo e lasciatevi avvolgere dagli echi della tradizione intrecciati con i piaceri moderni.\" \/>\n<meta property=\"og:url\" content=\"https:\/\/visitviskovo.hr\/it\/viskovo\/viskovo-gli-echi-della-tradizione\/\" \/>\n<meta property=\"og:site_name\" content=\"Turisti\u010dka zajednica op\u0107ine Vi\u0161kovo\" \/>\n<meta property=\"article:publisher\" content=\"https:\/\/web.facebook.com\/VisitViskovo\" \/>\n<meta property=\"article:modified_time\" content=\"2025-11-13T13:44:42+00:00\" \/>\n<meta property=\"og:image\" content=\"https:\/\/visitviskovo.hr\/wp-content\/uploads\/2020\/05\/TZ-Viskovo_11072019_056-Medium.jpg\" \/>\n\t<meta property=\"og:image:width\" content=\"1153\" \/>\n\t<meta property=\"og:image:height\" content=\"768\" \/>\n\t<meta property=\"og:image:type\" content=\"image\/jpeg\" \/>\n<meta name=\"twitter:card\" content=\"summary_large_image\" \/>\n<meta name=\"twitter:label1\" content=\"Tempo di lettura stimato\" \/>\n\t<meta name=\"twitter:data1\" content=\"4 minuti\" \/>\n<script type=\"application\/ld+json\" class=\"yoast-schema-graph\">{\"@context\":\"https:\/\/schema.org\",\"@graph\":[{\"@type\":\"WebPage\",\"@id\":\"https:\/\/visitviskovo.hr\/it\/viskovo\/viskovo-gli-echi-della-tradizione\/\",\"url\":\"https:\/\/visitviskovo.hr\/it\/viskovo\/viskovo-gli-echi-della-tradizione\/\",\"name\":\"Vi\u0161kovo - gli echi della tradizione - Turisti\u010dka zajednica op\u0107ine Vi\u0161kovo\",\"isPartOf\":{\"@id\":\"https:\/\/visitviskovo.hr\/it\/#website\"},\"primaryImageOfPage\":{\"@id\":\"https:\/\/visitviskovo.hr\/it\/viskovo\/viskovo-gli-echi-della-tradizione\/#primaryimage\"},\"image\":{\"@id\":\"https:\/\/visitviskovo.hr\/it\/viskovo\/viskovo-gli-echi-della-tradizione\/#primaryimage\"},\"thumbnailUrl\":\"https:\/\/visitviskovo.hr\/wp-content\/uploads\/2020\/05\/TZ-Viskovo_11072019_056-Medium.jpg\",\"datePublished\":\"2020-05-27T11:18:27+00:00\",\"dateModified\":\"2025-11-13T13:44:42+00:00\",\"description\":\"Se viaggiate alla ricerca di una cultura viva, visitate Vi\u0161kovo e lasciatevi avvolgere dagli echi della tradizione intrecciati con i piaceri moderni.\",\"breadcrumb\":{\"@id\":\"https:\/\/visitviskovo.hr\/it\/viskovo\/viskovo-gli-echi-della-tradizione\/#breadcrumb\"},\"inLanguage\":\"it-IT\",\"potentialAction\":[{\"@type\":\"ReadAction\",\"target\":[\"https:\/\/visitviskovo.hr\/it\/viskovo\/viskovo-gli-echi-della-tradizione\/\"]}]},{\"@type\":\"ImageObject\",\"inLanguage\":\"it-IT\",\"@id\":\"https:\/\/visitviskovo.hr\/it\/viskovo\/viskovo-gli-echi-della-tradizione\/#primaryimage\",\"url\":\"https:\/\/visitviskovo.hr\/wp-content\/uploads\/2020\/05\/TZ-Viskovo_11072019_056-Medium.jpg\",\"contentUrl\":\"https:\/\/visitviskovo.hr\/wp-content\/uploads\/2020\/05\/TZ-Viskovo_11072019_056-Medium.jpg\",\"width\":1153,\"height\":768},{\"@type\":\"BreadcrumbList\",\"@id\":\"https:\/\/visitviskovo.hr\/it\/viskovo\/viskovo-gli-echi-della-tradizione\/#breadcrumb\",\"itemListElement\":[{\"@type\":\"ListItem\",\"position\":1,\"name\":\"Home\",\"item\":\"https:\/\/visitviskovo.hr\/it\/\"},{\"@type\":\"ListItem\",\"position\":2,\"name\":\"Vi\u0161kovo\",\"item\":\"https:\/\/visitviskovo.hr\/it\/viskovo\/\"},{\"@type\":\"ListItem\",\"position\":3,\"name\":\"Vi\u0161kovo &#8211; gli echi della tradizione\"}]},{\"@type\":\"WebSite\",\"@id\":\"https:\/\/visitviskovo.hr\/it\/#website\",\"url\":\"https:\/\/visitviskovo.hr\/it\/\",\"name\":\"Turisti\u010dka zajednica op\u0107ine Vi\u0161kovo\",\"description\":\"\",\"potentialAction\":[{\"@type\":\"SearchAction\",\"target\":{\"@type\":\"EntryPoint\",\"urlTemplate\":\"https:\/\/visitviskovo.hr\/it\/?s={search_term_string}\"},\"query-input\":\"required name=search_term_string\"}],\"inLanguage\":\"it-IT\"}]}<\/script>\n<!-- \/ Yoast SEO plugin. -->","yoast_head_json":{"title":"Vi\u0161kovo - gli echi della tradizione - Turisti\u010dka zajednica op\u0107ine Vi\u0161kovo","description":"Se viaggiate alla ricerca di una cultura viva, visitate Vi\u0161kovo e lasciatevi avvolgere dagli echi della tradizione intrecciati con i piaceri moderni.","robots":{"index":"index","follow":"follow","max-snippet":"max-snippet:-1","max-image-preview":"max-image-preview:large","max-video-preview":"max-video-preview:-1"},"canonical":"https:\/\/visitviskovo.hr\/it\/viskovo\/viskovo-gli-echi-della-tradizione\/","og_locale":"it_IT","og_type":"article","og_title":"Vi\u0161kovo - gli echi della tradizione - Turisti\u010dka zajednica op\u0107ine Vi\u0161kovo","og_description":"Se viaggiate alla ricerca di una cultura viva, visitate Vi\u0161kovo e lasciatevi avvolgere dagli echi della tradizione intrecciati con i piaceri moderni.","og_url":"https:\/\/visitviskovo.hr\/it\/viskovo\/viskovo-gli-echi-della-tradizione\/","og_site_name":"Turisti\u010dka zajednica op\u0107ine Vi\u0161kovo","article_publisher":"https:\/\/web.facebook.com\/VisitViskovo","article_modified_time":"2025-11-13T13:44:42+00:00","og_image":[{"width":1153,"height":768,"url":"https:\/\/visitviskovo.hr\/wp-content\/uploads\/2020\/05\/TZ-Viskovo_11072019_056-Medium.jpg","type":"image\/jpeg"}],"twitter_card":"summary_large_image","twitter_misc":{"Tempo di lettura stimato":"4 minuti"},"schema":{"@context":"https:\/\/schema.org","@graph":[{"@type":"WebPage","@id":"https:\/\/visitviskovo.hr\/it\/viskovo\/viskovo-gli-echi-della-tradizione\/","url":"https:\/\/visitviskovo.hr\/it\/viskovo\/viskovo-gli-echi-della-tradizione\/","name":"Vi\u0161kovo - gli echi della tradizione - Turisti\u010dka zajednica op\u0107ine Vi\u0161kovo","isPartOf":{"@id":"https:\/\/visitviskovo.hr\/it\/#website"},"primaryImageOfPage":{"@id":"https:\/\/visitviskovo.hr\/it\/viskovo\/viskovo-gli-echi-della-tradizione\/#primaryimage"},"image":{"@id":"https:\/\/visitviskovo.hr\/it\/viskovo\/viskovo-gli-echi-della-tradizione\/#primaryimage"},"thumbnailUrl":"https:\/\/visitviskovo.hr\/wp-content\/uploads\/2020\/05\/TZ-Viskovo_11072019_056-Medium.jpg","datePublished":"2020-05-27T11:18:27+00:00","dateModified":"2025-11-13T13:44:42+00:00","description":"Se viaggiate alla ricerca di una cultura viva, visitate Vi\u0161kovo e lasciatevi avvolgere dagli echi della tradizione intrecciati con i piaceri moderni.","breadcrumb":{"@id":"https:\/\/visitviskovo.hr\/it\/viskovo\/viskovo-gli-echi-della-tradizione\/#breadcrumb"},"inLanguage":"it-IT","potentialAction":[{"@type":"ReadAction","target":["https:\/\/visitviskovo.hr\/it\/viskovo\/viskovo-gli-echi-della-tradizione\/"]}]},{"@type":"ImageObject","inLanguage":"it-IT","@id":"https:\/\/visitviskovo.hr\/it\/viskovo\/viskovo-gli-echi-della-tradizione\/#primaryimage","url":"https:\/\/visitviskovo.hr\/wp-content\/uploads\/2020\/05\/TZ-Viskovo_11072019_056-Medium.jpg","contentUrl":"https:\/\/visitviskovo.hr\/wp-content\/uploads\/2020\/05\/TZ-Viskovo_11072019_056-Medium.jpg","width":1153,"height":768},{"@type":"BreadcrumbList","@id":"https:\/\/visitviskovo.hr\/it\/viskovo\/viskovo-gli-echi-della-tradizione\/#breadcrumb","itemListElement":[{"@type":"ListItem","position":1,"name":"Home","item":"https:\/\/visitviskovo.hr\/it\/"},{"@type":"ListItem","position":2,"name":"Vi\u0161kovo","item":"https:\/\/visitviskovo.hr\/it\/viskovo\/"},{"@type":"ListItem","position":3,"name":"Vi\u0161kovo &#8211; gli echi della tradizione"}]},{"@type":"WebSite","@id":"https:\/\/visitviskovo.hr\/it\/#website","url":"https:\/\/visitviskovo.hr\/it\/","name":"Turisti\u010dka zajednica op\u0107ine Vi\u0161kovo","description":"","potentialAction":[{"@type":"SearchAction","target":{"@type":"EntryPoint","urlTemplate":"https:\/\/visitviskovo.hr\/it\/?s={search_term_string}"},"query-input":"required name=search_term_string"}],"inLanguage":"it-IT"}]}},"_links":{"self":[{"href":"https:\/\/visitviskovo.hr\/it\/wp-json\/wp\/v2\/pages\/14098"}],"collection":[{"href":"https:\/\/visitviskovo.hr\/it\/wp-json\/wp\/v2\/pages"}],"about":[{"href":"https:\/\/visitviskovo.hr\/it\/wp-json\/wp\/v2\/types\/page"}],"author":[{"embeddable":true,"href":"https:\/\/visitviskovo.hr\/it\/wp-json\/wp\/v2\/users\/4"}],"replies":[{"embeddable":true,"href":"https:\/\/visitviskovo.hr\/it\/wp-json\/wp\/v2\/comments?post=14098"}],"version-history":[{"count":4,"href":"https:\/\/visitviskovo.hr\/it\/wp-json\/wp\/v2\/pages\/14098\/revisions"}],"predecessor-version":[{"id":22933,"href":"https:\/\/visitviskovo.hr\/it\/wp-json\/wp\/v2\/pages\/14098\/revisions\/22933"}],"up":[{"embeddable":true,"href":"https:\/\/visitviskovo.hr\/it\/wp-json\/wp\/v2\/pages\/1661"}],"wp:featuredmedia":[{"embeddable":true,"href":"https:\/\/visitviskovo.hr\/it\/wp-json\/wp\/v2\/media\/13807"}],"wp:attachment":[{"href":"https:\/\/visitviskovo.hr\/it\/wp-json\/wp\/v2\/media?parent=14098"}],"curies":[{"name":"wp","href":"https:\/\/api.w.org\/{rel}","templated":true}]}}