{"id":14207,"date":"2020-06-02T13:45:46","date_gmt":"2020-06-02T13:45:46","guid":{"rendered":"https:\/\/visitviskovo.hr\/?page_id=14207"},"modified":"2020-06-02T13:45:48","modified_gmt":"2020-06-02T13:45:48","slug":"architettura","status":"publish","type":"page","link":"https:\/\/visitviskovo.hr\/it\/viskovo\/kulturna-bastina\/architettura\/","title":{"rendered":"Architettura"},"content":{"rendered":"\n<p>Le case dei paesi\nnell&#8217;entroterra della Liburnia erano costituite da una cantina, una cucina con <em>tornica,<\/em> una o due camere e un soffitto.\nIntorno alla casa si trovava una cisterna (pozzo), una stalla per le pecore, un\n<em>vejnjak<\/em> ovvero una specie di capanna\nper rami e foglie mentre il cortile, in gran parte, era pavimentato con lastre\ndi pietra. Di fronte all&#8217;ingresso si trovava la pergola.<\/p>\n\n\n\n<p>A causa della configurazione del terreno, ripido per la maggior parte, le case avevano generalmente un piano terra e un piano rialzato. Nella zona abitativa si entrava da un lato e l&#8217;ingresso nella stalla e in cantina si trovava dal lato opposto (inferiore) della casa. Il soffitto era utilizzato per conservare il fieno che aumentava l&#8217;isolamento della casa in pietra. Il pavimento e il soffitto erano ricoperti di tavole di legno. Un altro tipo di casa aveva l&#8217;ingresso in casa e in cantina sullo stesso lato. Il piano superiore si raggiungeva tramite dei gradini che terminavano su una terrazza coperta (<em>skod<\/em>). Sul lato inferiore del <em>skod <\/em>c&#8217;era un arco (<em>volta<\/em>) sotto il quale si entrava in cantina. <\/p>\n\n\n\n<p>Nel territorio di Vi\u0161kovo si trovano alcune case d&#8217;importanza architettonica o storica inserite nel Registro degli edifici culturali protetti. <\/p>\n\n\n\n<h2 class=\"wp-block-heading\">Il villaggio di Brnasi<\/h2>\n\n\n\n<p>Nel villaggio di Brnasi, vicino al centro di Vi\u0161kovo, ci sono diversi edifici con caratteristiche architettoniche tipiche dell&#8217;area di Kastav. Quando da Vi\u0161kovo si procede verso Kastav, dopo il campo del Club calcistico Halubjan, sulla sinistra vedrete il villaggio di Brnasi. Le case sono di propriet\u00e0 privata ma abbandonate. <\/p>\n\n\n\n<h2 class=\"wp-block-heading\">Kosi &#8211; la stamperia<\/h2>\n\n\n\n<p>Durante la Seconda guerra mondiale, al centro del paese di Kosi, nella casa della famiglia Su\u0161anj, operava in segreto una stamperia in cui si stampava materiale di propaganda. La casa oggi appartiene agli eredi della famiglia Su\u0161anj. <\/p>\n\n\n\n<h2 class=\"wp-block-heading\">Bena\u0161i &#8211; la stamperia<\/h2>\n\n\n\n<p>Durante la Seconda guerra mondiale, presso il paesetto di Bena\u0161i, nella casa della famiglia Lu\u010di\u0107 c&#8217;era un rifugio e poi una stamperia in cui iniziarono a stamparsi i giornali Glas Istre e Il nostro giornale. Nonostante questa casa si trovi nel Registro dei beni culturali, \u00e8 stata completamente ristrutturata dai nuovi proprietari. Sul retro della casa si trova una targa commemorativa. <\/p>\n\n\n\n<h2 class=\"wp-block-heading\">Casa Srok<\/h2>\n\n\n\n<p>La Casa Srok si trova a Brnasi nel comune di Vi\u0161kovo e consiste in un edificio residenziale al piano terra con tetto doppio ricoperto da coppi e da un annesso a forma di abside per il focolare detta &#8220;tornica&#8221;. La sua superficie semicircolare \u00e8 armoniosamente modellata con l&#8217;edificio e al centro del tetto si trova il comignolo. L&#8217;edificio si trova nelle immediate vicinanze della casa \u0160irola-Kova\u010di\u0107, dotata pure di <em>tornica<\/em>. Insieme formano un complesso rurale ambientale e rappresentano uno degli ultimi esempi del patrimonio architettonico di quest&#8217;area. <\/p>\n\n\n\n<h2 class=\"wp-block-heading\">Casa \u0160irola &#8211; Kova\u010di\u0107<\/h2>\n\n\n\n<p>La Casa \u0160irola-Kova\u010di\u0107 a Brnasi consiste in due edifici residenziali collegati e una stalla in pietra con tetto doppio, oggi purtroppo crollato e coppi in parte conservati. Sulla parete della <em>tornica, <\/em>sotto la finestra dalla cornice in pietra, si trova la figura di una testa maschile. L&#8217;edificio \u00e8 dominato visualmente dalla costruzione semicircolare del focolaio \u2013 <em>tornica <\/em>con un comignolo imponente. Accanto all&#8217;edificio che tematicamente e strutturalmente si accomuna con la vicina casa Srok si trova una cisterna in pietra. Il complesso di case \u0160irola-Kova\u010di\u0107 rappresenta una tipica abitazione rurale di questo territorio del XIX secolo. <\/p>\n","protected":false},"excerpt":{"rendered":"<p>Le case dei paesi nell&#8217;entroterra della Liburnia erano costituite da una cantina, una cucina con tornica, una o due camere e un soffitto. Intorno alla casa si trovava una cisterna (pozzo), una stalla per le pecore, un vejnjak ovvero una specie di capanna per rami e foglie mentre il cortile, in gran parte, era pavimentato [&hellip;]<\/p>\n","protected":false},"author":4,"featured_media":8506,"parent":1686,"menu_order":0,"comment_status":"closed","ping_status":"closed","template":"","meta":{"_acf_changed":false,"footnotes":""},"acf":[],"yoast_head":"<!-- This site is optimized with the Yoast SEO plugin v22.7 - https:\/\/yoast.com\/wordpress\/plugins\/seo\/ -->\n<title>Architettura - Turisti\u010dka zajednica op\u0107ine Vi\u0161kovo<\/title>\n<meta name=\"robots\" content=\"index, follow, max-snippet:-1, max-image-preview:large, max-video-preview:-1\" \/>\n<link rel=\"canonical\" href=\"https:\/\/visitviskovo.hr\/it\/viskovo\/kulturna-bastina\/architettura\/\" \/>\n<meta property=\"og:locale\" content=\"it_IT\" \/>\n<meta property=\"og:type\" content=\"article\" \/>\n<meta property=\"og:title\" content=\"Architettura - Turisti\u010dka zajednica op\u0107ine Vi\u0161kovo\" \/>\n<meta property=\"og:description\" content=\"Le case dei paesi nell&#8217;entroterra della Liburnia erano costituite da una cantina, una cucina con tornica, una o due camere e un soffitto. Intorno alla casa si trovava una cisterna (pozzo), una stalla per le pecore, un vejnjak ovvero una specie di capanna per rami e foglie mentre il cortile, in gran parte, era pavimentato [&hellip;]\" \/>\n<meta property=\"og:url\" content=\"https:\/\/visitviskovo.hr\/it\/viskovo\/kulturna-bastina\/architettura\/\" \/>\n<meta property=\"og:site_name\" content=\"Turisti\u010dka zajednica op\u0107ine Vi\u0161kovo\" \/>\n<meta property=\"article:publisher\" content=\"https:\/\/web.facebook.com\/VisitViskovo\" \/>\n<meta property=\"article:modified_time\" content=\"2020-06-02T13:45:48+00:00\" \/>\n<meta property=\"og:image\" content=\"https:\/\/visitviskovo.hr\/wp-content\/uploads\/2019\/09\/P4202649-1280x960.jpg\" \/>\n\t<meta property=\"og:image:width\" content=\"1280\" \/>\n\t<meta property=\"og:image:height\" content=\"960\" \/>\n\t<meta property=\"og:image:type\" content=\"image\/jpeg\" \/>\n<meta name=\"twitter:card\" content=\"summary_large_image\" \/>\n<meta name=\"twitter:label1\" content=\"Tempo di lettura stimato\" \/>\n\t<meta name=\"twitter:data1\" content=\"3 minuti\" \/>\n<script type=\"application\/ld+json\" class=\"yoast-schema-graph\">{\"@context\":\"https:\/\/schema.org\",\"@graph\":[{\"@type\":\"WebPage\",\"@id\":\"https:\/\/visitviskovo.hr\/it\/viskovo\/kulturna-bastina\/architettura\/\",\"url\":\"https:\/\/visitviskovo.hr\/it\/viskovo\/kulturna-bastina\/architettura\/\",\"name\":\"Architettura - Turisti\u010dka zajednica op\u0107ine Vi\u0161kovo\",\"isPartOf\":{\"@id\":\"https:\/\/visitviskovo.hr\/it\/#website\"},\"primaryImageOfPage\":{\"@id\":\"https:\/\/visitviskovo.hr\/it\/viskovo\/kulturna-bastina\/architettura\/#primaryimage\"},\"image\":{\"@id\":\"https:\/\/visitviskovo.hr\/it\/viskovo\/kulturna-bastina\/architettura\/#primaryimage\"},\"thumbnailUrl\":\"https:\/\/visitviskovo.hr\/wp-content\/uploads\/2019\/09\/P4202649.jpg\",\"datePublished\":\"2020-06-02T13:45:46+00:00\",\"dateModified\":\"2020-06-02T13:45:48+00:00\",\"breadcrumb\":{\"@id\":\"https:\/\/visitviskovo.hr\/it\/viskovo\/kulturna-bastina\/architettura\/#breadcrumb\"},\"inLanguage\":\"it-IT\",\"potentialAction\":[{\"@type\":\"ReadAction\",\"target\":[\"https:\/\/visitviskovo.hr\/it\/viskovo\/kulturna-bastina\/architettura\/\"]}]},{\"@type\":\"ImageObject\",\"inLanguage\":\"it-IT\",\"@id\":\"https:\/\/visitviskovo.hr\/it\/viskovo\/kulturna-bastina\/architettura\/#primaryimage\",\"url\":\"https:\/\/visitviskovo.hr\/wp-content\/uploads\/2019\/09\/P4202649.jpg\",\"contentUrl\":\"https:\/\/visitviskovo.hr\/wp-content\/uploads\/2019\/09\/P4202649.jpg\",\"width\":3648,\"height\":2736,\"caption\":\"OLYMPUS DIGITAL CAMERA\"},{\"@type\":\"BreadcrumbList\",\"@id\":\"https:\/\/visitviskovo.hr\/it\/viskovo\/kulturna-bastina\/architettura\/#breadcrumb\",\"itemListElement\":[{\"@type\":\"ListItem\",\"position\":1,\"name\":\"Home\",\"item\":\"https:\/\/visitviskovo.hr\/it\/\"},{\"@type\":\"ListItem\",\"position\":2,\"name\":\"Vi\u0161kovo\",\"item\":\"https:\/\/visitviskovo.hr\/it\/viskovo\/\"},{\"@type\":\"ListItem\",\"position\":3,\"name\":\"Beni culturali\",\"item\":\"https:\/\/visitviskovo.hr\/it\/viskovo\/kulturna-bastina\/\"},{\"@type\":\"ListItem\",\"position\":4,\"name\":\"Architettura\"}]},{\"@type\":\"WebSite\",\"@id\":\"https:\/\/visitviskovo.hr\/it\/#website\",\"url\":\"https:\/\/visitviskovo.hr\/it\/\",\"name\":\"Turisti\u010dka zajednica op\u0107ine Vi\u0161kovo\",\"description\":\"\",\"potentialAction\":[{\"@type\":\"SearchAction\",\"target\":{\"@type\":\"EntryPoint\",\"urlTemplate\":\"https:\/\/visitviskovo.hr\/it\/?s={search_term_string}\"},\"query-input\":\"required name=search_term_string\"}],\"inLanguage\":\"it-IT\"}]}<\/script>\n<!-- \/ Yoast SEO plugin. -->","yoast_head_json":{"title":"Architettura - Turisti\u010dka zajednica op\u0107ine Vi\u0161kovo","robots":{"index":"index","follow":"follow","max-snippet":"max-snippet:-1","max-image-preview":"max-image-preview:large","max-video-preview":"max-video-preview:-1"},"canonical":"https:\/\/visitviskovo.hr\/it\/viskovo\/kulturna-bastina\/architettura\/","og_locale":"it_IT","og_type":"article","og_title":"Architettura - Turisti\u010dka zajednica op\u0107ine Vi\u0161kovo","og_description":"Le case dei paesi nell&#8217;entroterra della Liburnia erano costituite da una cantina, una cucina con tornica, una o due camere e un soffitto. Intorno alla casa si trovava una cisterna (pozzo), una stalla per le pecore, un vejnjak ovvero una specie di capanna per rami e foglie mentre il cortile, in gran parte, era pavimentato [&hellip;]","og_url":"https:\/\/visitviskovo.hr\/it\/viskovo\/kulturna-bastina\/architettura\/","og_site_name":"Turisti\u010dka zajednica op\u0107ine Vi\u0161kovo","article_publisher":"https:\/\/web.facebook.com\/VisitViskovo","article_modified_time":"2020-06-02T13:45:48+00:00","og_image":[{"width":1280,"height":960,"url":"https:\/\/visitviskovo.hr\/wp-content\/uploads\/2019\/09\/P4202649-1280x960.jpg","type":"image\/jpeg"}],"twitter_card":"summary_large_image","twitter_misc":{"Tempo di lettura stimato":"3 minuti"},"schema":{"@context":"https:\/\/schema.org","@graph":[{"@type":"WebPage","@id":"https:\/\/visitviskovo.hr\/it\/viskovo\/kulturna-bastina\/architettura\/","url":"https:\/\/visitviskovo.hr\/it\/viskovo\/kulturna-bastina\/architettura\/","name":"Architettura - Turisti\u010dka zajednica op\u0107ine Vi\u0161kovo","isPartOf":{"@id":"https:\/\/visitviskovo.hr\/it\/#website"},"primaryImageOfPage":{"@id":"https:\/\/visitviskovo.hr\/it\/viskovo\/kulturna-bastina\/architettura\/#primaryimage"},"image":{"@id":"https:\/\/visitviskovo.hr\/it\/viskovo\/kulturna-bastina\/architettura\/#primaryimage"},"thumbnailUrl":"https:\/\/visitviskovo.hr\/wp-content\/uploads\/2019\/09\/P4202649.jpg","datePublished":"2020-06-02T13:45:46+00:00","dateModified":"2020-06-02T13:45:48+00:00","breadcrumb":{"@id":"https:\/\/visitviskovo.hr\/it\/viskovo\/kulturna-bastina\/architettura\/#breadcrumb"},"inLanguage":"it-IT","potentialAction":[{"@type":"ReadAction","target":["https:\/\/visitviskovo.hr\/it\/viskovo\/kulturna-bastina\/architettura\/"]}]},{"@type":"ImageObject","inLanguage":"it-IT","@id":"https:\/\/visitviskovo.hr\/it\/viskovo\/kulturna-bastina\/architettura\/#primaryimage","url":"https:\/\/visitviskovo.hr\/wp-content\/uploads\/2019\/09\/P4202649.jpg","contentUrl":"https:\/\/visitviskovo.hr\/wp-content\/uploads\/2019\/09\/P4202649.jpg","width":3648,"height":2736,"caption":"OLYMPUS DIGITAL CAMERA"},{"@type":"BreadcrumbList","@id":"https:\/\/visitviskovo.hr\/it\/viskovo\/kulturna-bastina\/architettura\/#breadcrumb","itemListElement":[{"@type":"ListItem","position":1,"name":"Home","item":"https:\/\/visitviskovo.hr\/it\/"},{"@type":"ListItem","position":2,"name":"Vi\u0161kovo","item":"https:\/\/visitviskovo.hr\/it\/viskovo\/"},{"@type":"ListItem","position":3,"name":"Beni culturali","item":"https:\/\/visitviskovo.hr\/it\/viskovo\/kulturna-bastina\/"},{"@type":"ListItem","position":4,"name":"Architettura"}]},{"@type":"WebSite","@id":"https:\/\/visitviskovo.hr\/it\/#website","url":"https:\/\/visitviskovo.hr\/it\/","name":"Turisti\u010dka zajednica op\u0107ine Vi\u0161kovo","description":"","potentialAction":[{"@type":"SearchAction","target":{"@type":"EntryPoint","urlTemplate":"https:\/\/visitviskovo.hr\/it\/?s={search_term_string}"},"query-input":"required name=search_term_string"}],"inLanguage":"it-IT"}]}},"_links":{"self":[{"href":"https:\/\/visitviskovo.hr\/it\/wp-json\/wp\/v2\/pages\/14207"}],"collection":[{"href":"https:\/\/visitviskovo.hr\/it\/wp-json\/wp\/v2\/pages"}],"about":[{"href":"https:\/\/visitviskovo.hr\/it\/wp-json\/wp\/v2\/types\/page"}],"author":[{"embeddable":true,"href":"https:\/\/visitviskovo.hr\/it\/wp-json\/wp\/v2\/users\/4"}],"replies":[{"embeddable":true,"href":"https:\/\/visitviskovo.hr\/it\/wp-json\/wp\/v2\/comments?post=14207"}],"version-history":[{"count":1,"href":"https:\/\/visitviskovo.hr\/it\/wp-json\/wp\/v2\/pages\/14207\/revisions"}],"predecessor-version":[{"id":14208,"href":"https:\/\/visitviskovo.hr\/it\/wp-json\/wp\/v2\/pages\/14207\/revisions\/14208"}],"up":[{"embeddable":true,"href":"https:\/\/visitviskovo.hr\/it\/wp-json\/wp\/v2\/pages\/1686"}],"wp:featuredmedia":[{"embeddable":true,"href":"https:\/\/visitviskovo.hr\/it\/wp-json\/wp\/v2\/media\/8506"}],"wp:attachment":[{"href":"https:\/\/visitviskovo.hr\/it\/wp-json\/wp\/v2\/media?parent=14207"}],"curies":[{"name":"wp","href":"https:\/\/api.w.org\/{rel}","templated":true}]}}