{"id":14220,"date":"2020-06-03T09:10:03","date_gmt":"2020-06-03T09:10:03","guid":{"rendered":"https:\/\/visitviskovo.hr\/?page_id=14220"},"modified":"2020-06-03T09:10:04","modified_gmt":"2020-06-03T09:10:04","slug":"halubajski-zvoncari-scampanatori-di-halubje","status":"publish","type":"page","link":"https:\/\/visitviskovo.hr\/it\/cosa-fare\/halubajski-zvoncari-scampanatori-di-halubje\/","title":{"rendered":"Halubajski zvon\u010cAri &#8211; Scampanatori di Halubje"},"content":{"rendered":"\n<h2 class=\"wp-block-heading\">HALUBAJSKI ZVON\u010cARI <\/h2>\n\n\n\n<p>Gli <em>zvon\u010dari<\/em> (scampanatori) sono un gruppo di uomini vestiti con pelli\ndi pecora che, muovendosi, suonano le campane legate alla cintura per scacciare\ngli spiriti maligni. Questo tipo di maschere sono diffuse nel Mediterraneo, in\nparticolare nelle zone carsiche, dove secoli fa la principale attivit\u00e0\neconomica era l&#8217;allevamento del bestiame.<\/p>\n\n\n\n<p>La caratteristica degli <em>Halubajski zvon\u010dari<\/em> che li distingue\ndagli altri gruppi di scampanatori sono le maschere che coprono completamente\nil viso e la loro processione tradizionale che si svolge durante tre giorni di\nCarnevale (domenica, luned\u00ec e marted\u00ec) sempre nello stesso ordine. Sebbene si\nrifacciano ad antichi rituali \u2013 richiamare la primavera (rinascita) e scacciare\nl&#8217;inverno (il male, la morte) \u2013 questa processione ancor oggi nei villaggi di\nquesti territori costituisce una parte importante della vita sociale alla quale\nsi associano la gastronomia, l&#8217;artigianato e le danze. In diverse occasioni, i\nregimi totalitari hanno tentato di sopprimere queste tradizioni ma nonostante\nci\u00f2 si sono sempre mantenuti ancora pi\u00f9 vivi e ampiamente sostenuti dalla\ngente. Nel 2009 il percorso centenario degli <em>Halubajski zvon\u010dari<\/em> \u00e8 stato inserito nella Lista del patrimonio\nculturale immateriale dell&#8217;UNESCO.<\/p>\n\n\n\n<p>Con la loro imponente\nesibizione, gli scampanatori sono diventati un&#8217;attrazione turistica di prima\nclasse. Questi guardiani delle tradizioni folcloristiche e dell&#8217;identit\u00e0 di\nHalubje e del territorio di Kastav sono noti ben oltre i confini regionali e\nrappresentano l&#8217;esempio per eccellenza del legame tra tradizione e modernit\u00e0.\nL&#8217;Ente per il turismo del Comune di Vi\u0161kovo con il progetto &#8220;Halubajski\nzvon\u010dari&#8221; unisce il passato con il futuro: utilizzando un approccio\nmultimediale, la tradizione si avvicina alle generazioni moderne.<\/p>\n\n\n\n<p>I percorsi della processione\nsono stati contrassegnati e allestiti e sono diventati percorsi pedonali e\nciclabili. Questi percorsi conducono attraverso la storia, la cultura e la\ngastronomia e uniscono la vita tradizionale alle necessit\u00e0 dell&#8217;uomo moderno,\ndesideroso di nuove esperienze.\n\nQuando tra le colline si\nsente il rumore dei campanacci avvicinarsi e la terra tremare, tra le persone\nriunite in attesa, cresce l&#8217;entusiasmo per il loro imminente arrivo. Questo \u00e8\nprobabilmente il fenomeno pi\u00f9 mistico che l&#8217;uomo del XXI secolo pu\u00f2 vivere.\n\n\n\n<\/p>\n","protected":false},"excerpt":{"rendered":"<p>HALUBAJSKI ZVON\u010cARI Gli zvon\u010dari (scampanatori) sono un gruppo di uomini vestiti con pelli di pecora che, muovendosi, suonano le campane legate alla cintura per scacciare gli spiriti maligni. Questo tipo di maschere sono diffuse nel Mediterraneo, in particolare nelle zone carsiche, dove secoli fa la principale attivit\u00e0 economica era l&#8217;allevamento del bestiame. La caratteristica degli [&hellip;]<\/p>\n","protected":false},"author":4,"featured_media":3709,"parent":3919,"menu_order":0,"comment_status":"closed","ping_status":"closed","template":"zvoncari.php","meta":{"_acf_changed":false,"footnotes":""},"acf":[],"yoast_head":"<!-- This site is optimized with the Yoast SEO plugin v22.7 - https:\/\/yoast.com\/wordpress\/plugins\/seo\/ -->\n<title>Halubajski zvon\u010cAri - Scampanatori di Halubje - Turisti\u010dka zajednica op\u0107ine Vi\u0161kovo<\/title>\n<meta name=\"robots\" content=\"index, follow, max-snippet:-1, max-image-preview:large, max-video-preview:-1\" \/>\n<link rel=\"canonical\" href=\"https:\/\/visitviskovo.hr\/it\/cosa-fare\/halubajski-zvoncari-scampanatori-di-halubje\/\" \/>\n<meta property=\"og:locale\" content=\"it_IT\" \/>\n<meta property=\"og:type\" content=\"article\" \/>\n<meta property=\"og:title\" content=\"Halubajski zvon\u010cAri - Scampanatori di Halubje - Turisti\u010dka zajednica op\u0107ine Vi\u0161kovo\" \/>\n<meta property=\"og:description\" content=\"HALUBAJSKI ZVON\u010cARI Gli zvon\u010dari (scampanatori) sono un gruppo di uomini vestiti con pelli di pecora che, muovendosi, suonano le campane legate alla cintura per scacciare gli spiriti maligni. Questo tipo di maschere sono diffuse nel Mediterraneo, in particolare nelle zone carsiche, dove secoli fa la principale attivit\u00e0 economica era l&#8217;allevamento del bestiame. La caratteristica degli [&hellip;]\" \/>\n<meta property=\"og:url\" content=\"https:\/\/visitviskovo.hr\/it\/cosa-fare\/halubajski-zvoncari-scampanatori-di-halubje\/\" \/>\n<meta property=\"og:site_name\" content=\"Turisti\u010dka zajednica op\u0107ine Vi\u0161kovo\" \/>\n<meta property=\"article:publisher\" content=\"https:\/\/web.facebook.com\/VisitViskovo\" \/>\n<meta property=\"article:modified_time\" content=\"2020-06-03T09:10:04+00:00\" \/>\n<meta property=\"og:image\" content=\"https:\/\/visitviskovo.hr\/wp-content\/uploads\/2019\/08\/58a738071222a.jpg\" \/>\n\t<meta property=\"og:image:width\" content=\"899\" \/>\n\t<meta property=\"og:image:height\" content=\"600\" \/>\n\t<meta property=\"og:image:type\" content=\"image\/jpeg\" \/>\n<meta name=\"twitter:card\" content=\"summary_large_image\" \/>\n<meta name=\"twitter:label1\" content=\"Tempo di lettura stimato\" \/>\n\t<meta name=\"twitter:data1\" content=\"2 minuti\" \/>\n<script type=\"application\/ld+json\" class=\"yoast-schema-graph\">{\"@context\":\"https:\/\/schema.org\",\"@graph\":[{\"@type\":\"WebPage\",\"@id\":\"https:\/\/visitviskovo.hr\/it\/cosa-fare\/halubajski-zvoncari-scampanatori-di-halubje\/\",\"url\":\"https:\/\/visitviskovo.hr\/it\/cosa-fare\/halubajski-zvoncari-scampanatori-di-halubje\/\",\"name\":\"Halubajski zvon\u010cAri - Scampanatori di Halubje - Turisti\u010dka zajednica op\u0107ine Vi\u0161kovo\",\"isPartOf\":{\"@id\":\"https:\/\/visitviskovo.hr\/it\/#website\"},\"primaryImageOfPage\":{\"@id\":\"https:\/\/visitviskovo.hr\/it\/cosa-fare\/halubajski-zvoncari-scampanatori-di-halubje\/#primaryimage\"},\"image\":{\"@id\":\"https:\/\/visitviskovo.hr\/it\/cosa-fare\/halubajski-zvoncari-scampanatori-di-halubje\/#primaryimage\"},\"thumbnailUrl\":\"https:\/\/visitviskovo.hr\/wp-content\/uploads\/2019\/08\/58a738071222a.jpg\",\"datePublished\":\"2020-06-03T09:10:03+00:00\",\"dateModified\":\"2020-06-03T09:10:04+00:00\",\"breadcrumb\":{\"@id\":\"https:\/\/visitviskovo.hr\/it\/cosa-fare\/halubajski-zvoncari-scampanatori-di-halubje\/#breadcrumb\"},\"inLanguage\":\"it-IT\",\"potentialAction\":[{\"@type\":\"ReadAction\",\"target\":[\"https:\/\/visitviskovo.hr\/it\/cosa-fare\/halubajski-zvoncari-scampanatori-di-halubje\/\"]}]},{\"@type\":\"ImageObject\",\"inLanguage\":\"it-IT\",\"@id\":\"https:\/\/visitviskovo.hr\/it\/cosa-fare\/halubajski-zvoncari-scampanatori-di-halubje\/#primaryimage\",\"url\":\"https:\/\/visitviskovo.hr\/wp-content\/uploads\/2019\/08\/58a738071222a.jpg\",\"contentUrl\":\"https:\/\/visitviskovo.hr\/wp-content\/uploads\/2019\/08\/58a738071222a.jpg\",\"width\":899,\"height\":600},{\"@type\":\"BreadcrumbList\",\"@id\":\"https:\/\/visitviskovo.hr\/it\/cosa-fare\/halubajski-zvoncari-scampanatori-di-halubje\/#breadcrumb\",\"itemListElement\":[{\"@type\":\"ListItem\",\"position\":1,\"name\":\"Home\",\"item\":\"https:\/\/visitviskovo.hr\/it\/\"},{\"@type\":\"ListItem\",\"position\":2,\"name\":\"Cosa fare\",\"item\":\"https:\/\/visitviskovo.hr\/it\/cosa-fare\/\"},{\"@type\":\"ListItem\",\"position\":3,\"name\":\"Halubajski zvon\u010cAri &#8211; Scampanatori di Halubje\"}]},{\"@type\":\"WebSite\",\"@id\":\"https:\/\/visitviskovo.hr\/it\/#website\",\"url\":\"https:\/\/visitviskovo.hr\/it\/\",\"name\":\"Turisti\u010dka zajednica op\u0107ine Vi\u0161kovo\",\"description\":\"\",\"potentialAction\":[{\"@type\":\"SearchAction\",\"target\":{\"@type\":\"EntryPoint\",\"urlTemplate\":\"https:\/\/visitviskovo.hr\/it\/?s={search_term_string}\"},\"query-input\":\"required name=search_term_string\"}],\"inLanguage\":\"it-IT\"}]}<\/script>\n<!-- \/ Yoast SEO plugin. -->","yoast_head_json":{"title":"Halubajski zvon\u010cAri - Scampanatori di Halubje - Turisti\u010dka zajednica op\u0107ine Vi\u0161kovo","robots":{"index":"index","follow":"follow","max-snippet":"max-snippet:-1","max-image-preview":"max-image-preview:large","max-video-preview":"max-video-preview:-1"},"canonical":"https:\/\/visitviskovo.hr\/it\/cosa-fare\/halubajski-zvoncari-scampanatori-di-halubje\/","og_locale":"it_IT","og_type":"article","og_title":"Halubajski zvon\u010cAri - Scampanatori di Halubje - Turisti\u010dka zajednica op\u0107ine Vi\u0161kovo","og_description":"HALUBAJSKI ZVON\u010cARI Gli zvon\u010dari (scampanatori) sono un gruppo di uomini vestiti con pelli di pecora che, muovendosi, suonano le campane legate alla cintura per scacciare gli spiriti maligni. Questo tipo di maschere sono diffuse nel Mediterraneo, in particolare nelle zone carsiche, dove secoli fa la principale attivit\u00e0 economica era l&#8217;allevamento del bestiame. La caratteristica degli [&hellip;]","og_url":"https:\/\/visitviskovo.hr\/it\/cosa-fare\/halubajski-zvoncari-scampanatori-di-halubje\/","og_site_name":"Turisti\u010dka zajednica op\u0107ine Vi\u0161kovo","article_publisher":"https:\/\/web.facebook.com\/VisitViskovo","article_modified_time":"2020-06-03T09:10:04+00:00","og_image":[{"width":899,"height":600,"url":"https:\/\/visitviskovo.hr\/wp-content\/uploads\/2019\/08\/58a738071222a.jpg","type":"image\/jpeg"}],"twitter_card":"summary_large_image","twitter_misc":{"Tempo di lettura stimato":"2 minuti"},"schema":{"@context":"https:\/\/schema.org","@graph":[{"@type":"WebPage","@id":"https:\/\/visitviskovo.hr\/it\/cosa-fare\/halubajski-zvoncari-scampanatori-di-halubje\/","url":"https:\/\/visitviskovo.hr\/it\/cosa-fare\/halubajski-zvoncari-scampanatori-di-halubje\/","name":"Halubajski zvon\u010cAri - Scampanatori di Halubje - Turisti\u010dka zajednica op\u0107ine Vi\u0161kovo","isPartOf":{"@id":"https:\/\/visitviskovo.hr\/it\/#website"},"primaryImageOfPage":{"@id":"https:\/\/visitviskovo.hr\/it\/cosa-fare\/halubajski-zvoncari-scampanatori-di-halubje\/#primaryimage"},"image":{"@id":"https:\/\/visitviskovo.hr\/it\/cosa-fare\/halubajski-zvoncari-scampanatori-di-halubje\/#primaryimage"},"thumbnailUrl":"https:\/\/visitviskovo.hr\/wp-content\/uploads\/2019\/08\/58a738071222a.jpg","datePublished":"2020-06-03T09:10:03+00:00","dateModified":"2020-06-03T09:10:04+00:00","breadcrumb":{"@id":"https:\/\/visitviskovo.hr\/it\/cosa-fare\/halubajski-zvoncari-scampanatori-di-halubje\/#breadcrumb"},"inLanguage":"it-IT","potentialAction":[{"@type":"ReadAction","target":["https:\/\/visitviskovo.hr\/it\/cosa-fare\/halubajski-zvoncari-scampanatori-di-halubje\/"]}]},{"@type":"ImageObject","inLanguage":"it-IT","@id":"https:\/\/visitviskovo.hr\/it\/cosa-fare\/halubajski-zvoncari-scampanatori-di-halubje\/#primaryimage","url":"https:\/\/visitviskovo.hr\/wp-content\/uploads\/2019\/08\/58a738071222a.jpg","contentUrl":"https:\/\/visitviskovo.hr\/wp-content\/uploads\/2019\/08\/58a738071222a.jpg","width":899,"height":600},{"@type":"BreadcrumbList","@id":"https:\/\/visitviskovo.hr\/it\/cosa-fare\/halubajski-zvoncari-scampanatori-di-halubje\/#breadcrumb","itemListElement":[{"@type":"ListItem","position":1,"name":"Home","item":"https:\/\/visitviskovo.hr\/it\/"},{"@type":"ListItem","position":2,"name":"Cosa fare","item":"https:\/\/visitviskovo.hr\/it\/cosa-fare\/"},{"@type":"ListItem","position":3,"name":"Halubajski zvon\u010cAri &#8211; Scampanatori di Halubje"}]},{"@type":"WebSite","@id":"https:\/\/visitviskovo.hr\/it\/#website","url":"https:\/\/visitviskovo.hr\/it\/","name":"Turisti\u010dka zajednica op\u0107ine Vi\u0161kovo","description":"","potentialAction":[{"@type":"SearchAction","target":{"@type":"EntryPoint","urlTemplate":"https:\/\/visitviskovo.hr\/it\/?s={search_term_string}"},"query-input":"required name=search_term_string"}],"inLanguage":"it-IT"}]}},"_links":{"self":[{"href":"https:\/\/visitviskovo.hr\/it\/wp-json\/wp\/v2\/pages\/14220"}],"collection":[{"href":"https:\/\/visitviskovo.hr\/it\/wp-json\/wp\/v2\/pages"}],"about":[{"href":"https:\/\/visitviskovo.hr\/it\/wp-json\/wp\/v2\/types\/page"}],"author":[{"embeddable":true,"href":"https:\/\/visitviskovo.hr\/it\/wp-json\/wp\/v2\/users\/4"}],"replies":[{"embeddable":true,"href":"https:\/\/visitviskovo.hr\/it\/wp-json\/wp\/v2\/comments?post=14220"}],"version-history":[{"count":1,"href":"https:\/\/visitviskovo.hr\/it\/wp-json\/wp\/v2\/pages\/14220\/revisions"}],"predecessor-version":[{"id":14221,"href":"https:\/\/visitviskovo.hr\/it\/wp-json\/wp\/v2\/pages\/14220\/revisions\/14221"}],"up":[{"embeddable":true,"href":"https:\/\/visitviskovo.hr\/it\/wp-json\/wp\/v2\/pages\/3919"}],"wp:featuredmedia":[{"embeddable":true,"href":"https:\/\/visitviskovo.hr\/it\/wp-json\/wp\/v2\/media\/3709"}],"wp:attachment":[{"href":"https:\/\/visitviskovo.hr\/it\/wp-json\/wp\/v2\/media?parent=14220"}],"curies":[{"name":"wp","href":"https:\/\/api.w.org\/{rel}","templated":true}]}}