{"id":14805,"date":"2021-05-27T09:27:52","date_gmt":"2021-05-27T09:27:52","guid":{"rendered":"https:\/\/visitviskovo.hr\/?page_id=14805"},"modified":"2024-04-19T13:10:47","modified_gmt":"2024-04-19T13:10:47","slug":"animali-domestici","status":"publish","type":"page","link":"https:\/\/visitviskovo.hr\/it\/info\/tips-info\/animali-domestici\/","title":{"rendered":"Animali domestici"},"content":{"rendered":"\n<p>La Croazia \u00e8 un paese accogliente anche per chi decide di trascorrere le proprie vacanze con il proprio animale, purch\u00e9 siano rispettate alcune regole che la Croazia ha armonizzato con quelle in vigore in Europa. Anche i cittadini dei paesi membri dell\u2019Unione europea, in visita alla Croazia con i loro animali da compagnia, devono soddisfare alcuni requisiti fondamentali che ora vedremo.<\/p>\n\n\n\n<p>Innanzitutto, ogni animale deve poter essere identificabile mediante microchip oppure mediante un tatuaggio chiaramente visibile e realizzato prima del 3 luglio 2011. Poi vanno vaccinati contro la rabbia, trattati contro la tenia Echinococcus multilocularis (solo per i cani) ed essere muniti di passaporto europeo per gli animali da compagnia in corso di validit\u00e0 e necessario per gli spostamenti da un paese all\u2019altro dell\u2019Unione europea. Il passaporto europeo per gli animali da compagnia \u00e8 un documento standard indispensabile che contiene la descrizione dell\u2019animale, il codice del microchip o del tatuaggio e i dati riguardanti la vaccinazione antirabbica, oltre ai dati di contatto del proprietario e del veterinario che lo ha rilasciato. Il passaporto viene rilasciato dai veterinari autorizzati per cani, gatti e furetti e vale fino alla scadenza della vaccinazione antirabbica.<\/p>\n\n\n\n<p>I cittadini provenienti da un paese terzo rispetto all\u2019UE possono entrare in Croazia con il loro animale da compagnia soltanto se muniti del certificato sanitario dell&#8217;UE. Contrariamente a quanto detto per il passaporto UE, il certificato sanitario, anch\u2019esso contenente il nome e i dati descrittivi dell\u2019animale e i dati riguardanti la vaccinazione antirabbica, deve essere rilasciato da un veterinario autorizzato del paese di provenienza del turista, non pi\u00f9 di dieci giorni prima dell\u2019ingresso in Croazia. (Direzione doganale \u2013 Circolazione degli animali (<a href=\"https:\/\/gov.hr\/\" target=\"_blank\" rel=\"noreferrer noopener\">gov.hr<\/a>)\u00a0 \u00a0Norme UE circa il viaggio con animali da compagnia e altri animali nell\u2019UE &#8211; Your Europe (<a href=\"https:\/\/europa.eu\/\" target=\"_blank\" rel=\"noreferrer noopener\">europa.eu<\/a>).<\/p>\n\n\n\n<p>AMBULANZA VETERINARIA TURKOVI\u0106<br>Vi\u0161kovo 122C, 51216 Vi\u0161kovo<br>+385 51 257 571<br>L&#8217;orario di lavoro \u00e8 dal luned\u00ec al venerd\u00ec: 09:00 \u2013 12:00; 17:00-20:00, sabato: 09:00 \u2013 12:00<br><br>AMBULANZA VETERINARIA HOP<br>Vozi\u0161\u0107e 17, 51216 Vi\u0161kovo<br>+385 51 504 285<br>L&#8217;orario di lavoro \u00e8 dal luned\u00ec al sabato: 09:00 \u2013 21:00, domenica: 09:00 \u2013 18:00<br><\/p>\n","protected":false},"excerpt":{"rendered":"<p>La Croazia \u00e8 un paese accogliente anche per chi decide di trascorrere le proprie vacanze con il proprio animale, purch\u00e9 siano rispettate alcune regole che la Croazia ha armonizzato con quelle in vigore in Europa. Anche i cittadini dei paesi membri dell\u2019Unione europea, in visita alla Croazia con i loro animali da compagnia, devono soddisfare [&hellip;]<\/p>\n","protected":false},"author":4,"featured_media":21112,"parent":3950,"menu_order":0,"comment_status":"closed","ping_status":"closed","template":"","meta":{"_acf_changed":false,"footnotes":""},"acf":[],"yoast_head":"<!-- This site is optimized with the Yoast SEO plugin v22.7 - https:\/\/yoast.com\/wordpress\/plugins\/seo\/ -->\n<title>Animali domestici - Turisti\u010dka zajednica op\u0107ine Vi\u0161kovo<\/title>\n<meta name=\"robots\" content=\"index, follow, max-snippet:-1, max-image-preview:large, max-video-preview:-1\" \/>\n<link rel=\"canonical\" href=\"https:\/\/visitviskovo.hr\/it\/info\/tips-info\/animali-domestici\/\" \/>\n<meta property=\"og:locale\" content=\"it_IT\" \/>\n<meta property=\"og:type\" content=\"article\" \/>\n<meta property=\"og:title\" content=\"Animali domestici - Turisti\u010dka zajednica op\u0107ine Vi\u0161kovo\" \/>\n<meta property=\"og:description\" content=\"La Croazia \u00e8 un paese accogliente anche per chi decide di trascorrere le proprie vacanze con il proprio animale, purch\u00e9 siano rispettate alcune regole che la Croazia ha armonizzato con quelle in vigore in Europa. Anche i cittadini dei paesi membri dell\u2019Unione europea, in visita alla Croazia con i loro animali da compagnia, devono soddisfare [&hellip;]\" \/>\n<meta property=\"og:url\" content=\"https:\/\/visitviskovo.hr\/it\/info\/tips-info\/animali-domestici\/\" \/>\n<meta property=\"og:site_name\" content=\"Turisti\u010dka zajednica op\u0107ine Vi\u0161kovo\" \/>\n<meta property=\"article:publisher\" content=\"https:\/\/web.facebook.com\/VisitViskovo\" \/>\n<meta property=\"article:modified_time\" content=\"2024-04-19T13:10:47+00:00\" \/>\n<meta property=\"og:image\" content=\"https:\/\/visitviskovo.hr\/wp-content\/uploads\/2024\/04\/dog-8439530_1280.jpg\" \/>\n\t<meta property=\"og:image:width\" content=\"1280\" \/>\n\t<meta property=\"og:image:height\" content=\"854\" \/>\n\t<meta property=\"og:image:type\" content=\"image\/jpeg\" \/>\n<meta name=\"twitter:card\" content=\"summary_large_image\" \/>\n<meta name=\"twitter:label1\" content=\"Tempo di lettura stimato\" \/>\n\t<meta name=\"twitter:data1\" content=\"2 minuti\" \/>\n<script type=\"application\/ld+json\" class=\"yoast-schema-graph\">{\"@context\":\"https:\/\/schema.org\",\"@graph\":[{\"@type\":\"WebPage\",\"@id\":\"https:\/\/visitviskovo.hr\/it\/info\/tips-info\/animali-domestici\/\",\"url\":\"https:\/\/visitviskovo.hr\/it\/info\/tips-info\/animali-domestici\/\",\"name\":\"Animali domestici - Turisti\u010dka zajednica op\u0107ine Vi\u0161kovo\",\"isPartOf\":{\"@id\":\"https:\/\/visitviskovo.hr\/it\/#website\"},\"primaryImageOfPage\":{\"@id\":\"https:\/\/visitviskovo.hr\/it\/info\/tips-info\/animali-domestici\/#primaryimage\"},\"image\":{\"@id\":\"https:\/\/visitviskovo.hr\/it\/info\/tips-info\/animali-domestici\/#primaryimage\"},\"thumbnailUrl\":\"https:\/\/visitviskovo.hr\/wp-content\/uploads\/2024\/04\/dog-8439530_1280.jpg\",\"datePublished\":\"2021-05-27T09:27:52+00:00\",\"dateModified\":\"2024-04-19T13:10:47+00:00\",\"breadcrumb\":{\"@id\":\"https:\/\/visitviskovo.hr\/it\/info\/tips-info\/animali-domestici\/#breadcrumb\"},\"inLanguage\":\"it-IT\",\"potentialAction\":[{\"@type\":\"ReadAction\",\"target\":[\"https:\/\/visitviskovo.hr\/it\/info\/tips-info\/animali-domestici\/\"]}]},{\"@type\":\"ImageObject\",\"inLanguage\":\"it-IT\",\"@id\":\"https:\/\/visitviskovo.hr\/it\/info\/tips-info\/animali-domestici\/#primaryimage\",\"url\":\"https:\/\/visitviskovo.hr\/wp-content\/uploads\/2024\/04\/dog-8439530_1280.jpg\",\"contentUrl\":\"https:\/\/visitviskovo.hr\/wp-content\/uploads\/2024\/04\/dog-8439530_1280.jpg\",\"width\":1280,\"height\":854},{\"@type\":\"BreadcrumbList\",\"@id\":\"https:\/\/visitviskovo.hr\/it\/info\/tips-info\/animali-domestici\/#breadcrumb\",\"itemListElement\":[{\"@type\":\"ListItem\",\"position\":1,\"name\":\"Home\",\"item\":\"https:\/\/visitviskovo.hr\/it\/\"},{\"@type\":\"ListItem\",\"position\":2,\"name\":\"Info\",\"item\":\"https:\/\/visitviskovo.hr\/it\/info\/\"},{\"@type\":\"ListItem\",\"position\":3,\"name\":\"Tips &#038; info\",\"item\":\"https:\/\/visitviskovo.hr\/it\/info\/tips-info\/\"},{\"@type\":\"ListItem\",\"position\":4,\"name\":\"Animali domestici\"}]},{\"@type\":\"WebSite\",\"@id\":\"https:\/\/visitviskovo.hr\/it\/#website\",\"url\":\"https:\/\/visitviskovo.hr\/it\/\",\"name\":\"Turisti\u010dka zajednica op\u0107ine Vi\u0161kovo\",\"description\":\"\",\"potentialAction\":[{\"@type\":\"SearchAction\",\"target\":{\"@type\":\"EntryPoint\",\"urlTemplate\":\"https:\/\/visitviskovo.hr\/it\/?s={search_term_string}\"},\"query-input\":\"required name=search_term_string\"}],\"inLanguage\":\"it-IT\"}]}<\/script>\n<!-- \/ Yoast SEO plugin. -->","yoast_head_json":{"title":"Animali domestici - Turisti\u010dka zajednica op\u0107ine Vi\u0161kovo","robots":{"index":"index","follow":"follow","max-snippet":"max-snippet:-1","max-image-preview":"max-image-preview:large","max-video-preview":"max-video-preview:-1"},"canonical":"https:\/\/visitviskovo.hr\/it\/info\/tips-info\/animali-domestici\/","og_locale":"it_IT","og_type":"article","og_title":"Animali domestici - Turisti\u010dka zajednica op\u0107ine Vi\u0161kovo","og_description":"La Croazia \u00e8 un paese accogliente anche per chi decide di trascorrere le proprie vacanze con il proprio animale, purch\u00e9 siano rispettate alcune regole che la Croazia ha armonizzato con quelle in vigore in Europa. Anche i cittadini dei paesi membri dell\u2019Unione europea, in visita alla Croazia con i loro animali da compagnia, devono soddisfare [&hellip;]","og_url":"https:\/\/visitviskovo.hr\/it\/info\/tips-info\/animali-domestici\/","og_site_name":"Turisti\u010dka zajednica op\u0107ine Vi\u0161kovo","article_publisher":"https:\/\/web.facebook.com\/VisitViskovo","article_modified_time":"2024-04-19T13:10:47+00:00","og_image":[{"width":1280,"height":854,"url":"https:\/\/visitviskovo.hr\/wp-content\/uploads\/2024\/04\/dog-8439530_1280.jpg","type":"image\/jpeg"}],"twitter_card":"summary_large_image","twitter_misc":{"Tempo di lettura stimato":"2 minuti"},"schema":{"@context":"https:\/\/schema.org","@graph":[{"@type":"WebPage","@id":"https:\/\/visitviskovo.hr\/it\/info\/tips-info\/animali-domestici\/","url":"https:\/\/visitviskovo.hr\/it\/info\/tips-info\/animali-domestici\/","name":"Animali domestici - Turisti\u010dka zajednica op\u0107ine Vi\u0161kovo","isPartOf":{"@id":"https:\/\/visitviskovo.hr\/it\/#website"},"primaryImageOfPage":{"@id":"https:\/\/visitviskovo.hr\/it\/info\/tips-info\/animali-domestici\/#primaryimage"},"image":{"@id":"https:\/\/visitviskovo.hr\/it\/info\/tips-info\/animali-domestici\/#primaryimage"},"thumbnailUrl":"https:\/\/visitviskovo.hr\/wp-content\/uploads\/2024\/04\/dog-8439530_1280.jpg","datePublished":"2021-05-27T09:27:52+00:00","dateModified":"2024-04-19T13:10:47+00:00","breadcrumb":{"@id":"https:\/\/visitviskovo.hr\/it\/info\/tips-info\/animali-domestici\/#breadcrumb"},"inLanguage":"it-IT","potentialAction":[{"@type":"ReadAction","target":["https:\/\/visitviskovo.hr\/it\/info\/tips-info\/animali-domestici\/"]}]},{"@type":"ImageObject","inLanguage":"it-IT","@id":"https:\/\/visitviskovo.hr\/it\/info\/tips-info\/animali-domestici\/#primaryimage","url":"https:\/\/visitviskovo.hr\/wp-content\/uploads\/2024\/04\/dog-8439530_1280.jpg","contentUrl":"https:\/\/visitviskovo.hr\/wp-content\/uploads\/2024\/04\/dog-8439530_1280.jpg","width":1280,"height":854},{"@type":"BreadcrumbList","@id":"https:\/\/visitviskovo.hr\/it\/info\/tips-info\/animali-domestici\/#breadcrumb","itemListElement":[{"@type":"ListItem","position":1,"name":"Home","item":"https:\/\/visitviskovo.hr\/it\/"},{"@type":"ListItem","position":2,"name":"Info","item":"https:\/\/visitviskovo.hr\/it\/info\/"},{"@type":"ListItem","position":3,"name":"Tips &#038; info","item":"https:\/\/visitviskovo.hr\/it\/info\/tips-info\/"},{"@type":"ListItem","position":4,"name":"Animali domestici"}]},{"@type":"WebSite","@id":"https:\/\/visitviskovo.hr\/it\/#website","url":"https:\/\/visitviskovo.hr\/it\/","name":"Turisti\u010dka zajednica op\u0107ine Vi\u0161kovo","description":"","potentialAction":[{"@type":"SearchAction","target":{"@type":"EntryPoint","urlTemplate":"https:\/\/visitviskovo.hr\/it\/?s={search_term_string}"},"query-input":"required name=search_term_string"}],"inLanguage":"it-IT"}]}},"_links":{"self":[{"href":"https:\/\/visitviskovo.hr\/it\/wp-json\/wp\/v2\/pages\/14805"}],"collection":[{"href":"https:\/\/visitviskovo.hr\/it\/wp-json\/wp\/v2\/pages"}],"about":[{"href":"https:\/\/visitviskovo.hr\/it\/wp-json\/wp\/v2\/types\/page"}],"author":[{"embeddable":true,"href":"https:\/\/visitviskovo.hr\/it\/wp-json\/wp\/v2\/users\/4"}],"replies":[{"embeddable":true,"href":"https:\/\/visitviskovo.hr\/it\/wp-json\/wp\/v2\/comments?post=14805"}],"version-history":[{"count":3,"href":"https:\/\/visitviskovo.hr\/it\/wp-json\/wp\/v2\/pages\/14805\/revisions"}],"predecessor-version":[{"id":21123,"href":"https:\/\/visitviskovo.hr\/it\/wp-json\/wp\/v2\/pages\/14805\/revisions\/21123"}],"up":[{"embeddable":true,"href":"https:\/\/visitviskovo.hr\/it\/wp-json\/wp\/v2\/pages\/3950"}],"wp:featuredmedia":[{"embeddable":true,"href":"https:\/\/visitviskovo.hr\/it\/wp-json\/wp\/v2\/media\/21112"}],"wp:attachment":[{"href":"https:\/\/visitviskovo.hr\/it\/wp-json\/wp\/v2\/media?parent=14805"}],"curies":[{"name":"wp","href":"https:\/\/api.w.org\/{rel}","templated":true}]}}