{"id":1654,"date":"2019-05-26T14:50:59","date_gmt":"2019-05-26T14:50:59","guid":{"rendered":"https:\/\/visitviskovo.hr\/prica-o-viskovu\/"},"modified":"2021-04-26T12:25:35","modified_gmt":"2021-04-26T12:25:35","slug":"prica-o-viskovu","status":"publish","type":"page","link":"https:\/\/visitviskovo.hr\/it\/viskovo\/prica-o-viskovu\/","title":{"rendered":"Il Comune di Vi\u0161kovo in passato"},"content":{"rendered":"\n<h2 class=\"wp-block-heading\"><strong>IL COMUNE DI VI\u0160KOVO IN PASSATO <\/strong><\/h2>\n\n\n\n<p>Ci sono pochi documenti\nscritti sulla storia e le origini del territorio odierno del Comune di Vi\u0161kovo.\nSulle colline sono state ritrovate tracce di fortificazioni illiriche mentre\nnel bosco di Mari\u0161\u0107ina sono ancora visibili i resti del <em>Limes<\/em> ovvero muro di confine. Tutto ci\u00f2 testimonia che quest&#8217;area \u00e8\nstata abitata sin dai tempi pi\u00f9 remoti.<\/p>\n\n\n\n<p>La sua parte\nsettentrionale, quella pi\u00f9 estesa, situata a 400 m sul livello del mare \u00e8\nHalubje. Questa \u00e8 una zona tradizionalmente pastorale, come lo dimostra il nome\nche deriva dalla parola <em>halupa<\/em> ovvero\ncasolare del pastore. La pastorizia era l&#8217;attivit\u00e0 economica principale fino al\nXIX secolo quando, grazie allo sviluppo industriale della vicina citt\u00e0 di\nRijeka, ci fu un&#8217;esigenza maggiore di latte. Gli abitanti di Halubje abbandonarono\nl&#8217;allevamento delle pecore procurandosi le mucche che diventarono la fonte di\nsostentamento principale della famiglia. Gli appezzamenti di terreno\ncoltivabili erano piccoli e le condizioni climatiche sfavorevoli per le\nagricolture pi\u00f9 esigenti, quindi ogni famiglia lavorava pi\u00f9 terreni piccoli e\ndoline per poter dare da mangiare alla famiglia. Si coltivavano maggiormente\npatate, fagioli, cavoli, rape, carote, piselli e mais ma ci si occupava anche\ndi viticoltura. Nei boschi vicini ma anche in quelli pi\u00f9 lontani, gli uomini\nproducevano carbone di legna che le donne, insieme al latte, vendevano nelle\ncitt\u00e0 di Rijeka e Opatija. <\/p>\n\n\n\n<p>La parte meridionale del\ncomune di Vi\u0161kovo, da Furi\u0107evo a Marini\u0107i, si chiama Gornja Smokvarija. Il nome\nSmokvarija deriva dalla parola croata <em>fico<\/em>\n(<em>smokva<\/em>) e rivela che questa regione,\nsituata a 100 m pi\u00f9 in basso di Halubje, aveva condizioni pi\u00f9 favorevoli per la\ncoltivazione di colture agricole (ili &#8220;per agricoltura&#8221;), in\nparticolare per la frutticoltura. Inoltre, la vicinanza della citt\u00e0 di Rijeka\nconsentiva la possibilit\u00e0 di trovare lavoro nelle sue fabbriche. <\/p>\n\n\n\n<p>Dal Medioevo fino alla\nmet\u00e0 del XX secolo l&#8217;intero territorio apparteneva al Comune di Kastav, in cui\nregnavano le famiglie feudali di Duino, Walsee e Asburgo. Da secoli gli\nabitanti di questo territorio vivevano rispettando le disposizioni di uno dei\ndocumenti legali pi\u00f9 antichi in lingua croata \u2013 la &#8220;Legge della Citt\u00e0 di\nCastua (Kastav) dall&#8217;anno 1400&#8221;.<\/p>\n\n\n\n<p>Lo sviluppo del\nterritorio fu legato alla costruzione della strada che sin dai tempi passati\nportava verso l&#8217;Italia, l&#8217;Austria e altri paesi europei. Negli atti storici del\nXVI secolo si nomina che attraverso l&#8217;odierna Vi\u0161kovo passava la strada che\ncollegava le citt\u00e0 di Rijeka e Lubiana. Lungo questa strada iniziarono a sorgere\ntrattorie, botteghe del fabbro e altre strutture di servizio. <\/p>\n\n\n\n<p>Secondo gli storici,\nl&#8217;abitato di Vi\u0161kovo fu fondato nel XVIII secolo con il nome di Vi\u0161kov breg o\nVi\u0161ki. Ben presto, sulla collina fu costruita una cappella dedicata a San\nMatteo da cui proviene anche il nome Sveti Matej. La prima testimonianza\ndell&#8217;esistenza di un paese con questo nome fu annotata su una carta geografica\naustriaca tra il 1763 e il 1784. Nel 1862 al posto della cappella fu costruita\nuna chiesa consacrata nel 1865 allo stesso santo.<\/p>\n\n\n\n<p>Un articolo del giornale &#8220;Na\u0161a sloga&#8221; del 1892 descrive cos\u00ec questo paesino: <em>&#8220;Sveti Matej \u00e8 un piccolo ma grazioso villaggio costruito su una collinetta chiamato dai locali Vi\u0161kov breg. Non ho intenzione di lodarlo, ma deve essere riconosciuto come uno dei villaggi pi\u00f9 belli dell&#8217;area di Kastav&#8230; Ci sono delle belle case ampie e tra loro biancheggia da lontano la chiesa consacrata a San Matteo e l&#8217;edificio della scuola. Quest&#8217;ultima si trova sul punto pi\u00f9 bello del villaggio&#8221;<\/em>. Lo stesso giornale riporta anche dei dati attendibili risalenti al XVIII secolo durante il regno di Maria Teresa: <em>&#8220;Nel mezzo del villaggio c&#8217;\u00e8 una cisterna (pozzo) per la raccolta dell&#8217;acqua con lo stemma imperiale che l&#8217;imperatrice Maria Teresa ha fatto costruire per i soldati che transitavano in zona e che qui potevano riposarsi e avere a portata di mano acqua pulita e fresca. La cisterna \u00e8 forgiata con il ferro e possiede una carrucola per il sollevamento dell&#8217;acqua. Questa cisterna si trova in un luogo che, assieme all&#8217;edificio scolastico, pass\u00f2 nelle mani del comune \u2013 cio\u00e8 a uso dei sacerdoti e degli insegnanti. Nei pressi del paese si trova un grande cimitero con la chiesa di San Rocco&#8221;.  <\/em><\/p>\n","protected":false},"excerpt":{"rendered":"<p>IL COMUNE DI VI\u0160KOVO IN PASSATO Ci sono pochi documenti scritti sulla storia e le origini del territorio odierno del Comune di Vi\u0161kovo. Sulle colline sono state ritrovate tracce di fortificazioni illiriche mentre nel bosco di Mari\u0161\u0107ina sono ancora visibili i resti del Limes ovvero muro di confine. Tutto ci\u00f2 testimonia che quest&#8217;area \u00e8 stata [&hellip;]<\/p>\n","protected":false},"author":1,"featured_media":10315,"parent":1661,"menu_order":0,"comment_status":"closed","ping_status":"closed","template":"","meta":{"_acf_changed":false,"footnotes":""},"acf":[],"yoast_head":"<!-- This site is optimized with the Yoast SEO plugin v22.7 - https:\/\/yoast.com\/wordpress\/plugins\/seo\/ -->\n<title>Il Comune di Vi\u0161kovo in passato - Turisti\u010dka zajednica op\u0107ine Vi\u0161kovo<\/title>\n<meta name=\"robots\" content=\"index, follow, max-snippet:-1, max-image-preview:large, max-video-preview:-1\" \/>\n<link rel=\"canonical\" href=\"https:\/\/visitviskovo.hr\/it\/viskovo\/prica-o-viskovu\/\" \/>\n<meta property=\"og:locale\" content=\"it_IT\" \/>\n<meta property=\"og:type\" content=\"article\" \/>\n<meta property=\"og:title\" content=\"Il Comune di Vi\u0161kovo in passato - Turisti\u010dka zajednica op\u0107ine Vi\u0161kovo\" \/>\n<meta property=\"og:description\" content=\"IL COMUNE DI VI\u0160KOVO IN PASSATO Ci sono pochi documenti scritti sulla storia e le origini del territorio odierno del Comune di Vi\u0161kovo. Sulle colline sono state ritrovate tracce di fortificazioni illiriche mentre nel bosco di Mari\u0161\u0107ina sono ancora visibili i resti del Limes ovvero muro di confine. Tutto ci\u00f2 testimonia che quest&#8217;area \u00e8 stata [&hellip;]\" \/>\n<meta property=\"og:url\" content=\"https:\/\/visitviskovo.hr\/it\/viskovo\/prica-o-viskovu\/\" \/>\n<meta property=\"og:site_name\" content=\"Turisti\u010dka zajednica op\u0107ine Vi\u0161kovo\" \/>\n<meta property=\"article:publisher\" content=\"https:\/\/web.facebook.com\/VisitViskovo\" \/>\n<meta property=\"article:modified_time\" content=\"2021-04-26T12:25:35+00:00\" \/>\n<meta property=\"og:image\" content=\"https:\/\/visitviskovo.hr\/wp-content\/uploads\/2019\/12\/Stara-kartolina-Vi\u0161kovo-10x15-1280x859.jpg\" \/>\n\t<meta property=\"og:image:width\" content=\"1280\" \/>\n\t<meta property=\"og:image:height\" content=\"859\" \/>\n\t<meta property=\"og:image:type\" content=\"image\/jpeg\" \/>\n<meta name=\"twitter:card\" content=\"summary_large_image\" \/>\n<meta name=\"twitter:label1\" content=\"Tempo di lettura stimato\" \/>\n\t<meta name=\"twitter:data1\" content=\"3 minuti\" \/>\n<script type=\"application\/ld+json\" class=\"yoast-schema-graph\">{\"@context\":\"https:\/\/schema.org\",\"@graph\":[{\"@type\":\"WebPage\",\"@id\":\"https:\/\/visitviskovo.hr\/it\/viskovo\/prica-o-viskovu\/\",\"url\":\"https:\/\/visitviskovo.hr\/it\/viskovo\/prica-o-viskovu\/\",\"name\":\"Il Comune di Vi\u0161kovo in passato - Turisti\u010dka zajednica op\u0107ine Vi\u0161kovo\",\"isPartOf\":{\"@id\":\"https:\/\/visitviskovo.hr\/it\/#website\"},\"primaryImageOfPage\":{\"@id\":\"https:\/\/visitviskovo.hr\/it\/viskovo\/prica-o-viskovu\/#primaryimage\"},\"image\":{\"@id\":\"https:\/\/visitviskovo.hr\/it\/viskovo\/prica-o-viskovu\/#primaryimage\"},\"thumbnailUrl\":\"https:\/\/visitviskovo.hr\/wp-content\/uploads\/2019\/12\/Stara-kartolina-Vi\u0161kovo-10x15.jpg\",\"datePublished\":\"2019-05-26T14:50:59+00:00\",\"dateModified\":\"2021-04-26T12:25:35+00:00\",\"breadcrumb\":{\"@id\":\"https:\/\/visitviskovo.hr\/it\/viskovo\/prica-o-viskovu\/#breadcrumb\"},\"inLanguage\":\"it-IT\",\"potentialAction\":[{\"@type\":\"ReadAction\",\"target\":[\"https:\/\/visitviskovo.hr\/it\/viskovo\/prica-o-viskovu\/\"]}]},{\"@type\":\"ImageObject\",\"inLanguage\":\"it-IT\",\"@id\":\"https:\/\/visitviskovo.hr\/it\/viskovo\/prica-o-viskovu\/#primaryimage\",\"url\":\"https:\/\/visitviskovo.hr\/wp-content\/uploads\/2019\/12\/Stara-kartolina-Vi\u0161kovo-10x15.jpg\",\"contentUrl\":\"https:\/\/visitviskovo.hr\/wp-content\/uploads\/2019\/12\/Stara-kartolina-Vi\u0161kovo-10x15.jpg\",\"width\":1795,\"height\":1205,\"caption\":\"Stara razglednica Vi\u0161kova\"},{\"@type\":\"BreadcrumbList\",\"@id\":\"https:\/\/visitviskovo.hr\/it\/viskovo\/prica-o-viskovu\/#breadcrumb\",\"itemListElement\":[{\"@type\":\"ListItem\",\"position\":1,\"name\":\"Home\",\"item\":\"https:\/\/visitviskovo.hr\/it\/\"},{\"@type\":\"ListItem\",\"position\":2,\"name\":\"Vi\u0161kovo\",\"item\":\"https:\/\/visitviskovo.hr\/it\/viskovo\/\"},{\"@type\":\"ListItem\",\"position\":3,\"name\":\"Il Comune di Vi\u0161kovo in passato\"}]},{\"@type\":\"WebSite\",\"@id\":\"https:\/\/visitviskovo.hr\/it\/#website\",\"url\":\"https:\/\/visitviskovo.hr\/it\/\",\"name\":\"Turisti\u010dka zajednica op\u0107ine Vi\u0161kovo\",\"description\":\"\",\"potentialAction\":[{\"@type\":\"SearchAction\",\"target\":{\"@type\":\"EntryPoint\",\"urlTemplate\":\"https:\/\/visitviskovo.hr\/it\/?s={search_term_string}\"},\"query-input\":\"required name=search_term_string\"}],\"inLanguage\":\"it-IT\"}]}<\/script>\n<!-- \/ Yoast SEO plugin. -->","yoast_head_json":{"title":"Il Comune di Vi\u0161kovo in passato - Turisti\u010dka zajednica op\u0107ine Vi\u0161kovo","robots":{"index":"index","follow":"follow","max-snippet":"max-snippet:-1","max-image-preview":"max-image-preview:large","max-video-preview":"max-video-preview:-1"},"canonical":"https:\/\/visitviskovo.hr\/it\/viskovo\/prica-o-viskovu\/","og_locale":"it_IT","og_type":"article","og_title":"Il Comune di Vi\u0161kovo in passato - Turisti\u010dka zajednica op\u0107ine Vi\u0161kovo","og_description":"IL COMUNE DI VI\u0160KOVO IN PASSATO Ci sono pochi documenti scritti sulla storia e le origini del territorio odierno del Comune di Vi\u0161kovo. Sulle colline sono state ritrovate tracce di fortificazioni illiriche mentre nel bosco di Mari\u0161\u0107ina sono ancora visibili i resti del Limes ovvero muro di confine. Tutto ci\u00f2 testimonia che quest&#8217;area \u00e8 stata [&hellip;]","og_url":"https:\/\/visitviskovo.hr\/it\/viskovo\/prica-o-viskovu\/","og_site_name":"Turisti\u010dka zajednica op\u0107ine Vi\u0161kovo","article_publisher":"https:\/\/web.facebook.com\/VisitViskovo","article_modified_time":"2021-04-26T12:25:35+00:00","og_image":[{"width":1280,"height":859,"url":"https:\/\/visitviskovo.hr\/wp-content\/uploads\/2019\/12\/Stara-kartolina-Vi\u0161kovo-10x15-1280x859.jpg","type":"image\/jpeg"}],"twitter_card":"summary_large_image","twitter_misc":{"Tempo di lettura stimato":"3 minuti"},"schema":{"@context":"https:\/\/schema.org","@graph":[{"@type":"WebPage","@id":"https:\/\/visitviskovo.hr\/it\/viskovo\/prica-o-viskovu\/","url":"https:\/\/visitviskovo.hr\/it\/viskovo\/prica-o-viskovu\/","name":"Il Comune di Vi\u0161kovo in passato - Turisti\u010dka zajednica op\u0107ine Vi\u0161kovo","isPartOf":{"@id":"https:\/\/visitviskovo.hr\/it\/#website"},"primaryImageOfPage":{"@id":"https:\/\/visitviskovo.hr\/it\/viskovo\/prica-o-viskovu\/#primaryimage"},"image":{"@id":"https:\/\/visitviskovo.hr\/it\/viskovo\/prica-o-viskovu\/#primaryimage"},"thumbnailUrl":"https:\/\/visitviskovo.hr\/wp-content\/uploads\/2019\/12\/Stara-kartolina-Vi\u0161kovo-10x15.jpg","datePublished":"2019-05-26T14:50:59+00:00","dateModified":"2021-04-26T12:25:35+00:00","breadcrumb":{"@id":"https:\/\/visitviskovo.hr\/it\/viskovo\/prica-o-viskovu\/#breadcrumb"},"inLanguage":"it-IT","potentialAction":[{"@type":"ReadAction","target":["https:\/\/visitviskovo.hr\/it\/viskovo\/prica-o-viskovu\/"]}]},{"@type":"ImageObject","inLanguage":"it-IT","@id":"https:\/\/visitviskovo.hr\/it\/viskovo\/prica-o-viskovu\/#primaryimage","url":"https:\/\/visitviskovo.hr\/wp-content\/uploads\/2019\/12\/Stara-kartolina-Vi\u0161kovo-10x15.jpg","contentUrl":"https:\/\/visitviskovo.hr\/wp-content\/uploads\/2019\/12\/Stara-kartolina-Vi\u0161kovo-10x15.jpg","width":1795,"height":1205,"caption":"Stara razglednica Vi\u0161kova"},{"@type":"BreadcrumbList","@id":"https:\/\/visitviskovo.hr\/it\/viskovo\/prica-o-viskovu\/#breadcrumb","itemListElement":[{"@type":"ListItem","position":1,"name":"Home","item":"https:\/\/visitviskovo.hr\/it\/"},{"@type":"ListItem","position":2,"name":"Vi\u0161kovo","item":"https:\/\/visitviskovo.hr\/it\/viskovo\/"},{"@type":"ListItem","position":3,"name":"Il Comune di Vi\u0161kovo in passato"}]},{"@type":"WebSite","@id":"https:\/\/visitviskovo.hr\/it\/#website","url":"https:\/\/visitviskovo.hr\/it\/","name":"Turisti\u010dka zajednica op\u0107ine Vi\u0161kovo","description":"","potentialAction":[{"@type":"SearchAction","target":{"@type":"EntryPoint","urlTemplate":"https:\/\/visitviskovo.hr\/it\/?s={search_term_string}"},"query-input":"required name=search_term_string"}],"inLanguage":"it-IT"}]}},"_links":{"self":[{"href":"https:\/\/visitviskovo.hr\/it\/wp-json\/wp\/v2\/pages\/1654"}],"collection":[{"href":"https:\/\/visitviskovo.hr\/it\/wp-json\/wp\/v2\/pages"}],"about":[{"href":"https:\/\/visitviskovo.hr\/it\/wp-json\/wp\/v2\/types\/page"}],"author":[{"embeddable":true,"href":"https:\/\/visitviskovo.hr\/it\/wp-json\/wp\/v2\/users\/1"}],"replies":[{"embeddable":true,"href":"https:\/\/visitviskovo.hr\/it\/wp-json\/wp\/v2\/comments?post=1654"}],"version-history":[{"count":18,"href":"https:\/\/visitviskovo.hr\/it\/wp-json\/wp\/v2\/pages\/1654\/revisions"}],"predecessor-version":[{"id":16577,"href":"https:\/\/visitviskovo.hr\/it\/wp-json\/wp\/v2\/pages\/1654\/revisions\/16577"}],"up":[{"embeddable":true,"href":"https:\/\/visitviskovo.hr\/it\/wp-json\/wp\/v2\/pages\/1661"}],"wp:featuredmedia":[{"embeddable":true,"href":"https:\/\/visitviskovo.hr\/it\/wp-json\/wp\/v2\/media\/10315"}],"wp:attachment":[{"href":"https:\/\/visitviskovo.hr\/it\/wp-json\/wp\/v2\/media?parent=1654"}],"curies":[{"name":"wp","href":"https:\/\/api.w.org\/{rel}","templated":true}]}}