{"id":1692,"date":"2019-05-26T14:55:44","date_gmt":"2019-05-26T14:55:44","guid":{"rendered":"https:\/\/visitviskovo.hr\/viskovo\/kulturna-bastina\/crkva-sv-matej\/"},"modified":"2020-09-16T11:47:02","modified_gmt":"2020-09-16T11:47:02","slug":"crkva-sv-matej","status":"publish","type":"page","link":"https:\/\/visitviskovo.hr\/it\/viskovo\/kulturna-bastina\/crkva-sv-matej\/","title":{"rendered":"La chiesa di San Matteo"},"content":{"rendered":"\n<p>La chiesa di San Matteo domina il centro di Vi\u0161kovo. In passato, sulla collina di Vi\u0161kov Breg (oggi chiamato Breg) esisteva una cappella rivolta verso il mare con un altare. La sua data di costruzione rimane sconosciuta e nel 1862 al suo posto fu costruita l&#8217;attuale Chiesa di San Matteo.<\/p>\n\n\n\n<p>Nel 1902, la facciata anteriore della chiesa fu adornata con le statue benedette di San Pietro e Paolo. L&#8217;altare maggiore fu realizzato dallo scalpellino locale, Mate \u0160irola.<\/p>\n\n\n\n<p>San Matteo, doganiere di professione, oggi \u00e8 considerato il protettore dei banchieri, dei contabili e delle guardie di finanza. Matteo era anche un evangelista, infatti, \u00e8 l&#8217;autore del primo dei quattro Vangeli, in cui viene descritta l&#8217;opera e la dottrina di Ges\u00f9 Cristo nonch\u00e9 rilavata la sua natura divina. Il Vangelo di Matteo \u00e8 considerato il pi\u00f9 completo e il pi\u00f9 importante.  La festa di San Matteo si celebra il 21 settembre. <\/p>\n\n\n\n<p>Nel 2015 la chiesa di San Matteo a Vi\u0161kovo ha celebrato il 150\u00b0 anniversario della sua consacrazione con una grande commemorazione eucaristica. <\/p>\n","protected":false},"excerpt":{"rendered":"<p>La chiesa di San Matteo domina il centro di Vi\u0161kovo. In passato, sulla collina di Vi\u0161kov Breg (oggi chiamato Breg) esisteva una cappella rivolta verso il mare con un altare. La sua data di costruzione rimane sconosciuta e nel 1862 al suo posto fu costruita l&#8217;attuale Chiesa di San Matteo. Nel 1902, la facciata anteriore [&hellip;]<\/p>\n","protected":false},"author":1,"featured_media":8454,"parent":1686,"menu_order":0,"comment_status":"closed","ping_status":"closed","template":"","meta":{"_acf_changed":false,"footnotes":""},"acf":[],"yoast_head":"<!-- This site is optimized with the Yoast SEO plugin v22.7 - https:\/\/yoast.com\/wordpress\/plugins\/seo\/ -->\n<title>La chiesa di San Matteo - Turisti\u010dka zajednica op\u0107ine Vi\u0161kovo<\/title>\n<meta name=\"robots\" content=\"index, follow, max-snippet:-1, max-image-preview:large, max-video-preview:-1\" \/>\n<link rel=\"canonical\" href=\"https:\/\/visitviskovo.hr\/it\/viskovo\/kulturna-bastina\/crkva-sv-matej\/\" \/>\n<meta property=\"og:locale\" content=\"it_IT\" \/>\n<meta property=\"og:type\" content=\"article\" \/>\n<meta property=\"og:title\" content=\"La chiesa di San Matteo - Turisti\u010dka zajednica op\u0107ine Vi\u0161kovo\" \/>\n<meta property=\"og:description\" content=\"La chiesa di San Matteo domina il centro di Vi\u0161kovo. In passato, sulla collina di Vi\u0161kov Breg (oggi chiamato Breg) esisteva una cappella rivolta verso il mare con un altare. La sua data di costruzione rimane sconosciuta e nel 1862 al suo posto fu costruita l&#8217;attuale Chiesa di San Matteo. Nel 1902, la facciata anteriore [&hellip;]\" \/>\n<meta property=\"og:url\" content=\"https:\/\/visitviskovo.hr\/it\/viskovo\/kulturna-bastina\/crkva-sv-matej\/\" \/>\n<meta property=\"og:site_name\" content=\"Turisti\u010dka zajednica op\u0107ine Vi\u0161kovo\" \/>\n<meta property=\"article:publisher\" content=\"https:\/\/web.facebook.com\/VisitViskovo\" \/>\n<meta property=\"article:modified_time\" content=\"2020-09-16T11:47:02+00:00\" \/>\n<meta property=\"og:image\" content=\"https:\/\/visitviskovo.hr\/wp-content\/uploads\/2019\/05\/20151212122809000000-main.jpg\" \/>\n\t<meta property=\"og:image:width\" content=\"800\" \/>\n\t<meta property=\"og:image:height\" content=\"513\" \/>\n\t<meta property=\"og:image:type\" content=\"image\/jpeg\" \/>\n<meta name=\"twitter:card\" content=\"summary_large_image\" \/>\n<meta name=\"twitter:label1\" content=\"Tempo di lettura stimato\" \/>\n\t<meta name=\"twitter:data1\" content=\"1 minuto\" \/>\n<script type=\"application\/ld+json\" class=\"yoast-schema-graph\">{\"@context\":\"https:\/\/schema.org\",\"@graph\":[{\"@type\":\"WebPage\",\"@id\":\"https:\/\/visitviskovo.hr\/it\/viskovo\/kulturna-bastina\/crkva-sv-matej\/\",\"url\":\"https:\/\/visitviskovo.hr\/it\/viskovo\/kulturna-bastina\/crkva-sv-matej\/\",\"name\":\"La chiesa di San Matteo - Turisti\u010dka zajednica op\u0107ine Vi\u0161kovo\",\"isPartOf\":{\"@id\":\"https:\/\/visitviskovo.hr\/it\/#website\"},\"primaryImageOfPage\":{\"@id\":\"https:\/\/visitviskovo.hr\/it\/viskovo\/kulturna-bastina\/crkva-sv-matej\/#primaryimage\"},\"image\":{\"@id\":\"https:\/\/visitviskovo.hr\/it\/viskovo\/kulturna-bastina\/crkva-sv-matej\/#primaryimage\"},\"thumbnailUrl\":\"https:\/\/visitviskovo.hr\/wp-content\/uploads\/2019\/05\/20151212122809000000-main.jpg\",\"datePublished\":\"2019-05-26T14:55:44+00:00\",\"dateModified\":\"2020-09-16T11:47:02+00:00\",\"breadcrumb\":{\"@id\":\"https:\/\/visitviskovo.hr\/it\/viskovo\/kulturna-bastina\/crkva-sv-matej\/#breadcrumb\"},\"inLanguage\":\"it-IT\",\"potentialAction\":[{\"@type\":\"ReadAction\",\"target\":[\"https:\/\/visitviskovo.hr\/it\/viskovo\/kulturna-bastina\/crkva-sv-matej\/\"]}]},{\"@type\":\"ImageObject\",\"inLanguage\":\"it-IT\",\"@id\":\"https:\/\/visitviskovo.hr\/it\/viskovo\/kulturna-bastina\/crkva-sv-matej\/#primaryimage\",\"url\":\"https:\/\/visitviskovo.hr\/wp-content\/uploads\/2019\/05\/20151212122809000000-main.jpg\",\"contentUrl\":\"https:\/\/visitviskovo.hr\/wp-content\/uploads\/2019\/05\/20151212122809000000-main.jpg\",\"width\":800,\"height\":513},{\"@type\":\"BreadcrumbList\",\"@id\":\"https:\/\/visitviskovo.hr\/it\/viskovo\/kulturna-bastina\/crkva-sv-matej\/#breadcrumb\",\"itemListElement\":[{\"@type\":\"ListItem\",\"position\":1,\"name\":\"Home\",\"item\":\"https:\/\/visitviskovo.hr\/it\/\"},{\"@type\":\"ListItem\",\"position\":2,\"name\":\"Vi\u0161kovo\",\"item\":\"https:\/\/visitviskovo.hr\/it\/viskovo\/\"},{\"@type\":\"ListItem\",\"position\":3,\"name\":\"Beni culturali\",\"item\":\"https:\/\/visitviskovo.hr\/it\/viskovo\/kulturna-bastina\/\"},{\"@type\":\"ListItem\",\"position\":4,\"name\":\"La chiesa di San Matteo\"}]},{\"@type\":\"WebSite\",\"@id\":\"https:\/\/visitviskovo.hr\/it\/#website\",\"url\":\"https:\/\/visitviskovo.hr\/it\/\",\"name\":\"Turisti\u010dka zajednica op\u0107ine Vi\u0161kovo\",\"description\":\"\",\"potentialAction\":[{\"@type\":\"SearchAction\",\"target\":{\"@type\":\"EntryPoint\",\"urlTemplate\":\"https:\/\/visitviskovo.hr\/it\/?s={search_term_string}\"},\"query-input\":\"required name=search_term_string\"}],\"inLanguage\":\"it-IT\"}]}<\/script>\n<!-- \/ Yoast SEO plugin. -->","yoast_head_json":{"title":"La chiesa di San Matteo - Turisti\u010dka zajednica op\u0107ine Vi\u0161kovo","robots":{"index":"index","follow":"follow","max-snippet":"max-snippet:-1","max-image-preview":"max-image-preview:large","max-video-preview":"max-video-preview:-1"},"canonical":"https:\/\/visitviskovo.hr\/it\/viskovo\/kulturna-bastina\/crkva-sv-matej\/","og_locale":"it_IT","og_type":"article","og_title":"La chiesa di San Matteo - Turisti\u010dka zajednica op\u0107ine Vi\u0161kovo","og_description":"La chiesa di San Matteo domina il centro di Vi\u0161kovo. In passato, sulla collina di Vi\u0161kov Breg (oggi chiamato Breg) esisteva una cappella rivolta verso il mare con un altare. La sua data di costruzione rimane sconosciuta e nel 1862 al suo posto fu costruita l&#8217;attuale Chiesa di San Matteo. Nel 1902, la facciata anteriore [&hellip;]","og_url":"https:\/\/visitviskovo.hr\/it\/viskovo\/kulturna-bastina\/crkva-sv-matej\/","og_site_name":"Turisti\u010dka zajednica op\u0107ine Vi\u0161kovo","article_publisher":"https:\/\/web.facebook.com\/VisitViskovo","article_modified_time":"2020-09-16T11:47:02+00:00","og_image":[{"width":800,"height":513,"url":"https:\/\/visitviskovo.hr\/wp-content\/uploads\/2019\/05\/20151212122809000000-main.jpg","type":"image\/jpeg"}],"twitter_card":"summary_large_image","twitter_misc":{"Tempo di lettura stimato":"1 minuto"},"schema":{"@context":"https:\/\/schema.org","@graph":[{"@type":"WebPage","@id":"https:\/\/visitviskovo.hr\/it\/viskovo\/kulturna-bastina\/crkva-sv-matej\/","url":"https:\/\/visitviskovo.hr\/it\/viskovo\/kulturna-bastina\/crkva-sv-matej\/","name":"La chiesa di San Matteo - Turisti\u010dka zajednica op\u0107ine Vi\u0161kovo","isPartOf":{"@id":"https:\/\/visitviskovo.hr\/it\/#website"},"primaryImageOfPage":{"@id":"https:\/\/visitviskovo.hr\/it\/viskovo\/kulturna-bastina\/crkva-sv-matej\/#primaryimage"},"image":{"@id":"https:\/\/visitviskovo.hr\/it\/viskovo\/kulturna-bastina\/crkva-sv-matej\/#primaryimage"},"thumbnailUrl":"https:\/\/visitviskovo.hr\/wp-content\/uploads\/2019\/05\/20151212122809000000-main.jpg","datePublished":"2019-05-26T14:55:44+00:00","dateModified":"2020-09-16T11:47:02+00:00","breadcrumb":{"@id":"https:\/\/visitviskovo.hr\/it\/viskovo\/kulturna-bastina\/crkva-sv-matej\/#breadcrumb"},"inLanguage":"it-IT","potentialAction":[{"@type":"ReadAction","target":["https:\/\/visitviskovo.hr\/it\/viskovo\/kulturna-bastina\/crkva-sv-matej\/"]}]},{"@type":"ImageObject","inLanguage":"it-IT","@id":"https:\/\/visitviskovo.hr\/it\/viskovo\/kulturna-bastina\/crkva-sv-matej\/#primaryimage","url":"https:\/\/visitviskovo.hr\/wp-content\/uploads\/2019\/05\/20151212122809000000-main.jpg","contentUrl":"https:\/\/visitviskovo.hr\/wp-content\/uploads\/2019\/05\/20151212122809000000-main.jpg","width":800,"height":513},{"@type":"BreadcrumbList","@id":"https:\/\/visitviskovo.hr\/it\/viskovo\/kulturna-bastina\/crkva-sv-matej\/#breadcrumb","itemListElement":[{"@type":"ListItem","position":1,"name":"Home","item":"https:\/\/visitviskovo.hr\/it\/"},{"@type":"ListItem","position":2,"name":"Vi\u0161kovo","item":"https:\/\/visitviskovo.hr\/it\/viskovo\/"},{"@type":"ListItem","position":3,"name":"Beni culturali","item":"https:\/\/visitviskovo.hr\/it\/viskovo\/kulturna-bastina\/"},{"@type":"ListItem","position":4,"name":"La chiesa di San Matteo"}]},{"@type":"WebSite","@id":"https:\/\/visitviskovo.hr\/it\/#website","url":"https:\/\/visitviskovo.hr\/it\/","name":"Turisti\u010dka zajednica op\u0107ine Vi\u0161kovo","description":"","potentialAction":[{"@type":"SearchAction","target":{"@type":"EntryPoint","urlTemplate":"https:\/\/visitviskovo.hr\/it\/?s={search_term_string}"},"query-input":"required name=search_term_string"}],"inLanguage":"it-IT"}]}},"_links":{"self":[{"href":"https:\/\/visitviskovo.hr\/it\/wp-json\/wp\/v2\/pages\/1692"}],"collection":[{"href":"https:\/\/visitviskovo.hr\/it\/wp-json\/wp\/v2\/pages"}],"about":[{"href":"https:\/\/visitviskovo.hr\/it\/wp-json\/wp\/v2\/types\/page"}],"author":[{"embeddable":true,"href":"https:\/\/visitviskovo.hr\/it\/wp-json\/wp\/v2\/users\/1"}],"replies":[{"embeddable":true,"href":"https:\/\/visitviskovo.hr\/it\/wp-json\/wp\/v2\/comments?post=1692"}],"version-history":[{"count":9,"href":"https:\/\/visitviskovo.hr\/it\/wp-json\/wp\/v2\/pages\/1692\/revisions"}],"predecessor-version":[{"id":15027,"href":"https:\/\/visitviskovo.hr\/it\/wp-json\/wp\/v2\/pages\/1692\/revisions\/15027"}],"up":[{"embeddable":true,"href":"https:\/\/visitviskovo.hr\/it\/wp-json\/wp\/v2\/pages\/1686"}],"wp:featuredmedia":[{"embeddable":true,"href":"https:\/\/visitviskovo.hr\/it\/wp-json\/wp\/v2\/media\/8454"}],"wp:attachment":[{"href":"https:\/\/visitviskovo.hr\/it\/wp-json\/wp\/v2\/media?parent=1692"}],"curies":[{"name":"wp","href":"https:\/\/api.w.org\/{rel}","templated":true}]}}