{"id":1704,"date":"2019-07-08T18:40:47","date_gmt":"2019-07-08T18:40:47","guid":{"rendered":"https:\/\/visitviskovo.hr\/viskovo\/kulturna-bastina\/knjiznica-i-citaonica-halubajska-zora\/"},"modified":"2023-09-28T07:59:31","modified_gmt":"2023-09-28T07:59:31","slug":"knjiznica-i-citaonica-halubajska-zora","status":"publish","type":"page","link":"https:\/\/visitviskovo.hr\/it\/viskovo\/kulturna-bastina\/knjiznica-i-citaonica-halubajska-zora\/","title":{"rendered":"La biblioteca e la sala di lettura Halubajska zora"},"content":{"rendered":"\n<p>Secondo la segnalazione riportata dal giornale <em>Na\u0161a sloga<\/em> del 26 maggio 1904, la Sala\ndi lettura <em>Halubajska zora <\/em>fu fondata\nproprio in quell&#8217;anno. Inizialmente, era collocata in sedi private. La Prima\nguerra mondiale fece chiudere i battenti alla Sala di lettura, ma tra le due\nguerre riprese nuovamente la sua attivit\u00e0 cambiando il suo nome parecchie\nvolte. <\/p>\n\n\n\n<p>Tra i pochi documenti conservati di quest&#8217;epoca c&#8217;\u00e8\n<em>l&#8217;Elenco delle societ\u00e0 del territorio di\nKastav<\/em> del 1929. Nel documento <em>Elenco\ndelle sale di lettura e delle associazioni educative nel territorio del\nDipartimento distrettuale di Kastav<\/em> del 1931 viene menzionato il nome di\nSala di lettura popolare <em>Halubjan<\/em>\nSveti Matej, il che dimostra che nel regime jugoslavo perse il prefisso croato\ndal nome. In un elenco del 1933 \u00e8 nominata come <em>Biblioteca pubblica e sala di lettura Halubjan<\/em>, dove si sottolinea\nl&#8217;attivit\u00e0 della biblioteca.<\/p>\n\n\n\n<p>La Seconda guerra mondiale fece chiudere di nuovo\nla sua attivit\u00e0. Dopo cinquant&#8217;anni la Commissione della societ\u00e0 <em>Matica hrvatska<\/em> di Vi\u0161kovo fece\nriprendere l&#8217;attivit\u00e0 alla biblioteca che prende il nome di <em>Halubajska zora<\/em> con 821 libri. L&#8217;inaugurazione\nsi \u00e8 tenuta il 17 maggio 1992 con la presenza dell&#8217;accademico Nedjeljko Fabrio\ne di numerosi poeti del dialetto ciacavo e di altri ospiti.<\/p>\n\n\n\n<p>Il 19 settembre del 2003, si apre un nuovo spazio\ndella biblioteca al pianterreno della Casa di cultura Marini\u0107i. Nella vecchia\nsede opera la sezione di Vi\u0161kovo mentre la Biblioteca Centrale di Marini\u0107i si\nstabilisce in questo nuovo spazio, recentemente rinnovato, con una superficie\ndi 180 m<sup>2<\/sup>, suddiviso in diversi settori: la parte centrale per le\ninformazioni e il prestito, lo spazio dedicato agli utenti adulti, la sezione\nper i bambini e giovani con un angolo per bimbi di et\u00e0 prescolare, la sala per\nla lettura di giornali e riviste e lo spazio per lo studio. Nel 2008 la\nbiblioteca centrale ha ricevuto un ulteriore spazio dedicato alla lettura e nel\n2009 \u00e8 stato introdotto un nuovo servizio della&nbsp;biblioteca detto <em>Knjigomat <\/em>\u2013 l&#8217;unico nella Regione\nlitoraneo-montana.\n\nOggi la biblioteca, oltre alle sue attivit\u00e0\nregolari, \u00e8 una piccola oasi in cui si svolgono eventi culturali come vari\nlaboratori, presentazione di libri, mostre e spettacoli teatrali.\n\n\n\n<\/p>\n","protected":false},"excerpt":{"rendered":"<p>Secondo la segnalazione riportata dal giornale Na\u0161a sloga del 26 maggio 1904, la Sala di lettura Halubajska zora fu fondata proprio in quell&#8217;anno. Inizialmente, era collocata in sedi private. La Prima guerra mondiale fece chiudere i battenti alla Sala di lettura, ma tra le due guerre riprese nuovamente la sua attivit\u00e0 cambiando il suo nome [&hellip;]<\/p>\n","protected":false},"author":1,"featured_media":14245,"parent":1686,"menu_order":0,"comment_status":"closed","ping_status":"closed","template":"","meta":{"_acf_changed":false,"footnotes":""},"acf":[],"yoast_head":"<!-- This site is optimized with the Yoast SEO plugin v22.7 - https:\/\/yoast.com\/wordpress\/plugins\/seo\/ -->\n<title>La biblioteca e la sala di lettura Halubajska zora - Turisti\u010dka zajednica op\u0107ine Vi\u0161kovo<\/title>\n<meta name=\"robots\" content=\"index, follow, max-snippet:-1, max-image-preview:large, max-video-preview:-1\" \/>\n<link rel=\"canonical\" href=\"https:\/\/visitviskovo.hr\/it\/viskovo\/kulturna-bastina\/knjiznica-i-citaonica-halubajska-zora\/\" \/>\n<meta property=\"og:locale\" content=\"it_IT\" \/>\n<meta property=\"og:type\" content=\"article\" \/>\n<meta property=\"og:title\" content=\"La biblioteca e la sala di lettura Halubajska zora - Turisti\u010dka zajednica op\u0107ine Vi\u0161kovo\" \/>\n<meta property=\"og:description\" content=\"Secondo la segnalazione riportata dal giornale Na\u0161a sloga del 26 maggio 1904, la Sala di lettura Halubajska zora fu fondata proprio in quell&#8217;anno. Inizialmente, era collocata in sedi private. La Prima guerra mondiale fece chiudere i battenti alla Sala di lettura, ma tra le due guerre riprese nuovamente la sua attivit\u00e0 cambiando il suo nome [&hellip;]\" \/>\n<meta property=\"og:url\" content=\"https:\/\/visitviskovo.hr\/it\/viskovo\/kulturna-bastina\/knjiznica-i-citaonica-halubajska-zora\/\" \/>\n<meta property=\"og:site_name\" content=\"Turisti\u010dka zajednica op\u0107ine Vi\u0161kovo\" \/>\n<meta property=\"article:publisher\" content=\"https:\/\/web.facebook.com\/VisitViskovo\" \/>\n<meta property=\"article:modified_time\" content=\"2023-09-28T07:59:31+00:00\" \/>\n<meta property=\"og:image\" content=\"https:\/\/visitviskovo.hr\/wp-content\/uploads\/2020\/06\/Knji\u017enica-6.jpg\" \/>\n\t<meta property=\"og:image:width\" content=\"1600\" \/>\n\t<meta property=\"og:image:height\" content=\"1200\" \/>\n\t<meta property=\"og:image:type\" content=\"image\/jpeg\" \/>\n<meta name=\"twitter:card\" content=\"summary_large_image\" \/>\n<meta name=\"twitter:label1\" content=\"Tempo di lettura stimato\" \/>\n\t<meta name=\"twitter:data1\" content=\"2 minuti\" \/>\n<script type=\"application\/ld+json\" class=\"yoast-schema-graph\">{\"@context\":\"https:\/\/schema.org\",\"@graph\":[{\"@type\":\"WebPage\",\"@id\":\"https:\/\/visitviskovo.hr\/it\/viskovo\/kulturna-bastina\/knjiznica-i-citaonica-halubajska-zora\/\",\"url\":\"https:\/\/visitviskovo.hr\/it\/viskovo\/kulturna-bastina\/knjiznica-i-citaonica-halubajska-zora\/\",\"name\":\"La biblioteca e la sala di lettura Halubajska zora - Turisti\u010dka zajednica op\u0107ine Vi\u0161kovo\",\"isPartOf\":{\"@id\":\"https:\/\/visitviskovo.hr\/it\/#website\"},\"primaryImageOfPage\":{\"@id\":\"https:\/\/visitviskovo.hr\/it\/viskovo\/kulturna-bastina\/knjiznica-i-citaonica-halubajska-zora\/#primaryimage\"},\"image\":{\"@id\":\"https:\/\/visitviskovo.hr\/it\/viskovo\/kulturna-bastina\/knjiznica-i-citaonica-halubajska-zora\/#primaryimage\"},\"thumbnailUrl\":\"https:\/\/visitviskovo.hr\/wp-content\/uploads\/2020\/06\/Knji\u017enica-6.jpg\",\"datePublished\":\"2019-07-08T18:40:47+00:00\",\"dateModified\":\"2023-09-28T07:59:31+00:00\",\"breadcrumb\":{\"@id\":\"https:\/\/visitviskovo.hr\/it\/viskovo\/kulturna-bastina\/knjiznica-i-citaonica-halubajska-zora\/#breadcrumb\"},\"inLanguage\":\"it-IT\",\"potentialAction\":[{\"@type\":\"ReadAction\",\"target\":[\"https:\/\/visitviskovo.hr\/it\/viskovo\/kulturna-bastina\/knjiznica-i-citaonica-halubajska-zora\/\"]}]},{\"@type\":\"ImageObject\",\"inLanguage\":\"it-IT\",\"@id\":\"https:\/\/visitviskovo.hr\/it\/viskovo\/kulturna-bastina\/knjiznica-i-citaonica-halubajska-zora\/#primaryimage\",\"url\":\"https:\/\/visitviskovo.hr\/wp-content\/uploads\/2020\/06\/Knji\u017enica-6.jpg\",\"contentUrl\":\"https:\/\/visitviskovo.hr\/wp-content\/uploads\/2020\/06\/Knji\u017enica-6.jpg\",\"width\":1600,\"height\":1200},{\"@type\":\"BreadcrumbList\",\"@id\":\"https:\/\/visitviskovo.hr\/it\/viskovo\/kulturna-bastina\/knjiznica-i-citaonica-halubajska-zora\/#breadcrumb\",\"itemListElement\":[{\"@type\":\"ListItem\",\"position\":1,\"name\":\"Home\",\"item\":\"https:\/\/visitviskovo.hr\/it\/\"},{\"@type\":\"ListItem\",\"position\":2,\"name\":\"Vi\u0161kovo\",\"item\":\"https:\/\/visitviskovo.hr\/it\/viskovo\/\"},{\"@type\":\"ListItem\",\"position\":3,\"name\":\"Beni culturali\",\"item\":\"https:\/\/visitviskovo.hr\/it\/viskovo\/kulturna-bastina\/\"},{\"@type\":\"ListItem\",\"position\":4,\"name\":\"La biblioteca e la sala di lettura Halubajska zora\"}]},{\"@type\":\"WebSite\",\"@id\":\"https:\/\/visitviskovo.hr\/it\/#website\",\"url\":\"https:\/\/visitviskovo.hr\/it\/\",\"name\":\"Turisti\u010dka zajednica op\u0107ine Vi\u0161kovo\",\"description\":\"\",\"potentialAction\":[{\"@type\":\"SearchAction\",\"target\":{\"@type\":\"EntryPoint\",\"urlTemplate\":\"https:\/\/visitviskovo.hr\/it\/?s={search_term_string}\"},\"query-input\":\"required name=search_term_string\"}],\"inLanguage\":\"it-IT\"}]}<\/script>\n<!-- \/ Yoast SEO plugin. -->","yoast_head_json":{"title":"La biblioteca e la sala di lettura Halubajska zora - Turisti\u010dka zajednica op\u0107ine Vi\u0161kovo","robots":{"index":"index","follow":"follow","max-snippet":"max-snippet:-1","max-image-preview":"max-image-preview:large","max-video-preview":"max-video-preview:-1"},"canonical":"https:\/\/visitviskovo.hr\/it\/viskovo\/kulturna-bastina\/knjiznica-i-citaonica-halubajska-zora\/","og_locale":"it_IT","og_type":"article","og_title":"La biblioteca e la sala di lettura Halubajska zora - Turisti\u010dka zajednica op\u0107ine Vi\u0161kovo","og_description":"Secondo la segnalazione riportata dal giornale Na\u0161a sloga del 26 maggio 1904, la Sala di lettura Halubajska zora fu fondata proprio in quell&#8217;anno. Inizialmente, era collocata in sedi private. La Prima guerra mondiale fece chiudere i battenti alla Sala di lettura, ma tra le due guerre riprese nuovamente la sua attivit\u00e0 cambiando il suo nome [&hellip;]","og_url":"https:\/\/visitviskovo.hr\/it\/viskovo\/kulturna-bastina\/knjiznica-i-citaonica-halubajska-zora\/","og_site_name":"Turisti\u010dka zajednica op\u0107ine Vi\u0161kovo","article_publisher":"https:\/\/web.facebook.com\/VisitViskovo","article_modified_time":"2023-09-28T07:59:31+00:00","og_image":[{"width":1600,"height":1200,"url":"https:\/\/visitviskovo.hr\/wp-content\/uploads\/2020\/06\/Knji\u017enica-6.jpg","type":"image\/jpeg"}],"twitter_card":"summary_large_image","twitter_misc":{"Tempo di lettura stimato":"2 minuti"},"schema":{"@context":"https:\/\/schema.org","@graph":[{"@type":"WebPage","@id":"https:\/\/visitviskovo.hr\/it\/viskovo\/kulturna-bastina\/knjiznica-i-citaonica-halubajska-zora\/","url":"https:\/\/visitviskovo.hr\/it\/viskovo\/kulturna-bastina\/knjiznica-i-citaonica-halubajska-zora\/","name":"La biblioteca e la sala di lettura Halubajska zora - Turisti\u010dka zajednica op\u0107ine Vi\u0161kovo","isPartOf":{"@id":"https:\/\/visitviskovo.hr\/it\/#website"},"primaryImageOfPage":{"@id":"https:\/\/visitviskovo.hr\/it\/viskovo\/kulturna-bastina\/knjiznica-i-citaonica-halubajska-zora\/#primaryimage"},"image":{"@id":"https:\/\/visitviskovo.hr\/it\/viskovo\/kulturna-bastina\/knjiznica-i-citaonica-halubajska-zora\/#primaryimage"},"thumbnailUrl":"https:\/\/visitviskovo.hr\/wp-content\/uploads\/2020\/06\/Knji\u017enica-6.jpg","datePublished":"2019-07-08T18:40:47+00:00","dateModified":"2023-09-28T07:59:31+00:00","breadcrumb":{"@id":"https:\/\/visitviskovo.hr\/it\/viskovo\/kulturna-bastina\/knjiznica-i-citaonica-halubajska-zora\/#breadcrumb"},"inLanguage":"it-IT","potentialAction":[{"@type":"ReadAction","target":["https:\/\/visitviskovo.hr\/it\/viskovo\/kulturna-bastina\/knjiznica-i-citaonica-halubajska-zora\/"]}]},{"@type":"ImageObject","inLanguage":"it-IT","@id":"https:\/\/visitviskovo.hr\/it\/viskovo\/kulturna-bastina\/knjiznica-i-citaonica-halubajska-zora\/#primaryimage","url":"https:\/\/visitviskovo.hr\/wp-content\/uploads\/2020\/06\/Knji\u017enica-6.jpg","contentUrl":"https:\/\/visitviskovo.hr\/wp-content\/uploads\/2020\/06\/Knji\u017enica-6.jpg","width":1600,"height":1200},{"@type":"BreadcrumbList","@id":"https:\/\/visitviskovo.hr\/it\/viskovo\/kulturna-bastina\/knjiznica-i-citaonica-halubajska-zora\/#breadcrumb","itemListElement":[{"@type":"ListItem","position":1,"name":"Home","item":"https:\/\/visitviskovo.hr\/it\/"},{"@type":"ListItem","position":2,"name":"Vi\u0161kovo","item":"https:\/\/visitviskovo.hr\/it\/viskovo\/"},{"@type":"ListItem","position":3,"name":"Beni culturali","item":"https:\/\/visitviskovo.hr\/it\/viskovo\/kulturna-bastina\/"},{"@type":"ListItem","position":4,"name":"La biblioteca e la sala di lettura Halubajska zora"}]},{"@type":"WebSite","@id":"https:\/\/visitviskovo.hr\/it\/#website","url":"https:\/\/visitviskovo.hr\/it\/","name":"Turisti\u010dka zajednica op\u0107ine Vi\u0161kovo","description":"","potentialAction":[{"@type":"SearchAction","target":{"@type":"EntryPoint","urlTemplate":"https:\/\/visitviskovo.hr\/it\/?s={search_term_string}"},"query-input":"required name=search_term_string"}],"inLanguage":"it-IT"}]}},"_links":{"self":[{"href":"https:\/\/visitviskovo.hr\/it\/wp-json\/wp\/v2\/pages\/1704"}],"collection":[{"href":"https:\/\/visitviskovo.hr\/it\/wp-json\/wp\/v2\/pages"}],"about":[{"href":"https:\/\/visitviskovo.hr\/it\/wp-json\/wp\/v2\/types\/page"}],"author":[{"embeddable":true,"href":"https:\/\/visitviskovo.hr\/it\/wp-json\/wp\/v2\/users\/1"}],"replies":[{"embeddable":true,"href":"https:\/\/visitviskovo.hr\/it\/wp-json\/wp\/v2\/comments?post=1704"}],"version-history":[{"count":4,"href":"https:\/\/visitviskovo.hr\/it\/wp-json\/wp\/v2\/pages\/1704\/revisions"}],"predecessor-version":[{"id":11984,"href":"https:\/\/visitviskovo.hr\/it\/wp-json\/wp\/v2\/pages\/1704\/revisions\/11984"}],"up":[{"embeddable":true,"href":"https:\/\/visitviskovo.hr\/it\/wp-json\/wp\/v2\/pages\/1686"}],"wp:featuredmedia":[{"embeddable":true,"href":"https:\/\/visitviskovo.hr\/it\/wp-json\/wp\/v2\/media\/14245"}],"wp:attachment":[{"href":"https:\/\/visitviskovo.hr\/it\/wp-json\/wp\/v2\/media?parent=1704"}],"curies":[{"name":"wp","href":"https:\/\/api.w.org\/{rel}","templated":true}]}}