{"id":1710,"date":"2019-07-08T19:18:39","date_gmt":"2019-07-08T19:18:39","guid":{"rendered":"https:\/\/visitviskovo.hr\/viskovo\/halubajski-karneval\/"},"modified":"2020-09-24T12:23:04","modified_gmt":"2020-09-24T12:23:04","slug":"halubajski-karneval","status":"publish","type":"page","link":"https:\/\/visitviskovo.hr\/it\/viskovo\/halubajski-karneval\/","title":{"rendered":"Carnevale di Halubje"},"content":{"rendered":"\n<p>Il carnevale riflette il bisogno universale dell&#8217;uomo di un nuovo ciclo di vita (primavera) che si contrappone alla morte (inverno) nonch\u00e9 del bene che vince il male. In linea con lo stile della vita moderna, le tradizioni carnevalesche sono state completate con delle attivit\u00e0 sportive e d&#8217;intrattenimento che fanno parte del carnevale di Halubje. <\/p>\n\n\n\n<p>Ogni anno il primo sabato dopo il giorno di Sant&#8217;Antonio (17 gennaio), il colorato e allegro Carnevale di Halubje riempie Vi\u0161kovo di gioia.<\/p>\n\n\n\n<p>Le strade si riempiono di maschere allegre e fantasiose di grandi e piccini nonch\u00e9 di costumi tradizionali che rievocano lo spirito dei tempi passati. Canti, balli e il fragoroso rumore dei vari gruppi di scampanatori possono essere vissuti in tutta la citt\u00e0. La fine della processione \u00e8 tradizionalmente riservata ai padroni di casa ovvero ai famosi <em>Halubajski zvon\u010dari<\/em> \u2013 scampanatori di Halubje.<\/p>\n\n\n\n<p>In quest&#8217;indimenticabile giornata di sabato, Vi\u0161kovo diventa un luogo di ritrovo di gruppi e associazioni carnevalesche provenienti dalla Croazia e dall&#8217;estero, e vi invita a partecipare a questa festa in maschera fino alle prime ore del mattino!<\/p>\n\n\n\n<p>Per vivere una parte dell&#8217;atmosfera carnevalesca, visitate la nostra<a href=\"https:\/\/visitviskovo.hr\/photogallery\/21-halubajski-karneval-nocni-karneval\/\"> galleria fotografica.<\/a><\/p>\n","protected":false},"excerpt":{"rendered":"<p>Il carnevale riflette il bisogno universale dell&#8217;uomo di un nuovo ciclo di vita (primavera) che si contrappone alla morte (inverno) nonch\u00e9 del bene che vince il male. In linea con lo stile della vita moderna, le tradizioni carnevalesche sono state completate con delle attivit\u00e0 sportive e d&#8217;intrattenimento che fanno parte del carnevale di Halubje. Ogni [&hellip;]<\/p>\n","protected":false},"author":1,"featured_media":10456,"parent":1661,"menu_order":0,"comment_status":"closed","ping_status":"closed","template":"","meta":{"_acf_changed":false,"footnotes":""},"acf":[],"yoast_head":"<!-- This site is optimized with the Yoast SEO plugin v22.7 - https:\/\/yoast.com\/wordpress\/plugins\/seo\/ -->\n<title>Carnevale di Halubje - Turisti\u010dka zajednica op\u0107ine Vi\u0161kovo<\/title>\n<meta name=\"robots\" content=\"index, follow, max-snippet:-1, max-image-preview:large, max-video-preview:-1\" \/>\n<link rel=\"canonical\" href=\"https:\/\/visitviskovo.hr\/it\/viskovo\/halubajski-karneval\/\" \/>\n<meta property=\"og:locale\" content=\"it_IT\" \/>\n<meta property=\"og:type\" content=\"article\" \/>\n<meta property=\"og:title\" content=\"Carnevale di Halubje - Turisti\u010dka zajednica op\u0107ine Vi\u0161kovo\" \/>\n<meta property=\"og:description\" content=\"Il carnevale riflette il bisogno universale dell&#8217;uomo di un nuovo ciclo di vita (primavera) che si contrappone alla morte (inverno) nonch\u00e9 del bene che vince il male. In linea con lo stile della vita moderna, le tradizioni carnevalesche sono state completate con delle attivit\u00e0 sportive e d&#8217;intrattenimento che fanno parte del carnevale di Halubje. Ogni [&hellip;]\" \/>\n<meta property=\"og:url\" content=\"https:\/\/visitviskovo.hr\/it\/viskovo\/halubajski-karneval\/\" \/>\n<meta property=\"og:site_name\" content=\"Turisti\u010dka zajednica op\u0107ine Vi\u0161kovo\" \/>\n<meta property=\"article:publisher\" content=\"https:\/\/web.facebook.com\/VisitViskovo\" \/>\n<meta property=\"article:modified_time\" content=\"2020-09-24T12:23:04+00:00\" \/>\n<meta property=\"og:image\" content=\"https:\/\/visitviskovo.hr\/wp-content\/uploads\/2019\/12\/377.jpg\" \/>\n\t<meta property=\"og:image:width\" content=\"2000\" \/>\n\t<meta property=\"og:image:height\" content=\"1333\" \/>\n\t<meta property=\"og:image:type\" content=\"image\/jpeg\" \/>\n<meta name=\"twitter:card\" content=\"summary_large_image\" \/>\n<meta name=\"twitter:label1\" content=\"Tempo di lettura stimato\" \/>\n\t<meta name=\"twitter:data1\" content=\"1 minuto\" \/>\n<script type=\"application\/ld+json\" class=\"yoast-schema-graph\">{\"@context\":\"https:\/\/schema.org\",\"@graph\":[{\"@type\":\"WebPage\",\"@id\":\"https:\/\/visitviskovo.hr\/it\/viskovo\/halubajski-karneval\/\",\"url\":\"https:\/\/visitviskovo.hr\/it\/viskovo\/halubajski-karneval\/\",\"name\":\"Carnevale di Halubje - Turisti\u010dka zajednica op\u0107ine Vi\u0161kovo\",\"isPartOf\":{\"@id\":\"https:\/\/visitviskovo.hr\/it\/#website\"},\"primaryImageOfPage\":{\"@id\":\"https:\/\/visitviskovo.hr\/it\/viskovo\/halubajski-karneval\/#primaryimage\"},\"image\":{\"@id\":\"https:\/\/visitviskovo.hr\/it\/viskovo\/halubajski-karneval\/#primaryimage\"},\"thumbnailUrl\":\"https:\/\/visitviskovo.hr\/wp-content\/uploads\/2019\/12\/377.jpg\",\"datePublished\":\"2019-07-08T19:18:39+00:00\",\"dateModified\":\"2020-09-24T12:23:04+00:00\",\"breadcrumb\":{\"@id\":\"https:\/\/visitviskovo.hr\/it\/viskovo\/halubajski-karneval\/#breadcrumb\"},\"inLanguage\":\"it-IT\",\"potentialAction\":[{\"@type\":\"ReadAction\",\"target\":[\"https:\/\/visitviskovo.hr\/it\/viskovo\/halubajski-karneval\/\"]}]},{\"@type\":\"ImageObject\",\"inLanguage\":\"it-IT\",\"@id\":\"https:\/\/visitviskovo.hr\/it\/viskovo\/halubajski-karneval\/#primaryimage\",\"url\":\"https:\/\/visitviskovo.hr\/wp-content\/uploads\/2019\/12\/377.jpg\",\"contentUrl\":\"https:\/\/visitviskovo.hr\/wp-content\/uploads\/2019\/12\/377.jpg\",\"width\":2000,\"height\":1333},{\"@type\":\"BreadcrumbList\",\"@id\":\"https:\/\/visitviskovo.hr\/it\/viskovo\/halubajski-karneval\/#breadcrumb\",\"itemListElement\":[{\"@type\":\"ListItem\",\"position\":1,\"name\":\"Home\",\"item\":\"https:\/\/visitviskovo.hr\/it\/\"},{\"@type\":\"ListItem\",\"position\":2,\"name\":\"Vi\u0161kovo\",\"item\":\"https:\/\/visitviskovo.hr\/it\/viskovo\/\"},{\"@type\":\"ListItem\",\"position\":3,\"name\":\"Carnevale di Halubje\"}]},{\"@type\":\"WebSite\",\"@id\":\"https:\/\/visitviskovo.hr\/it\/#website\",\"url\":\"https:\/\/visitviskovo.hr\/it\/\",\"name\":\"Turisti\u010dka zajednica op\u0107ine Vi\u0161kovo\",\"description\":\"\",\"potentialAction\":[{\"@type\":\"SearchAction\",\"target\":{\"@type\":\"EntryPoint\",\"urlTemplate\":\"https:\/\/visitviskovo.hr\/it\/?s={search_term_string}\"},\"query-input\":\"required name=search_term_string\"}],\"inLanguage\":\"it-IT\"}]}<\/script>\n<!-- \/ Yoast SEO plugin. -->","yoast_head_json":{"title":"Carnevale di Halubje - Turisti\u010dka zajednica op\u0107ine Vi\u0161kovo","robots":{"index":"index","follow":"follow","max-snippet":"max-snippet:-1","max-image-preview":"max-image-preview:large","max-video-preview":"max-video-preview:-1"},"canonical":"https:\/\/visitviskovo.hr\/it\/viskovo\/halubajski-karneval\/","og_locale":"it_IT","og_type":"article","og_title":"Carnevale di Halubje - Turisti\u010dka zajednica op\u0107ine Vi\u0161kovo","og_description":"Il carnevale riflette il bisogno universale dell&#8217;uomo di un nuovo ciclo di vita (primavera) che si contrappone alla morte (inverno) nonch\u00e9 del bene che vince il male. In linea con lo stile della vita moderna, le tradizioni carnevalesche sono state completate con delle attivit\u00e0 sportive e d&#8217;intrattenimento che fanno parte del carnevale di Halubje. Ogni [&hellip;]","og_url":"https:\/\/visitviskovo.hr\/it\/viskovo\/halubajski-karneval\/","og_site_name":"Turisti\u010dka zajednica op\u0107ine Vi\u0161kovo","article_publisher":"https:\/\/web.facebook.com\/VisitViskovo","article_modified_time":"2020-09-24T12:23:04+00:00","og_image":[{"width":2000,"height":1333,"url":"https:\/\/visitviskovo.hr\/wp-content\/uploads\/2019\/12\/377.jpg","type":"image\/jpeg"}],"twitter_card":"summary_large_image","twitter_misc":{"Tempo di lettura stimato":"1 minuto"},"schema":{"@context":"https:\/\/schema.org","@graph":[{"@type":"WebPage","@id":"https:\/\/visitviskovo.hr\/it\/viskovo\/halubajski-karneval\/","url":"https:\/\/visitviskovo.hr\/it\/viskovo\/halubajski-karneval\/","name":"Carnevale di Halubje - Turisti\u010dka zajednica op\u0107ine Vi\u0161kovo","isPartOf":{"@id":"https:\/\/visitviskovo.hr\/it\/#website"},"primaryImageOfPage":{"@id":"https:\/\/visitviskovo.hr\/it\/viskovo\/halubajski-karneval\/#primaryimage"},"image":{"@id":"https:\/\/visitviskovo.hr\/it\/viskovo\/halubajski-karneval\/#primaryimage"},"thumbnailUrl":"https:\/\/visitviskovo.hr\/wp-content\/uploads\/2019\/12\/377.jpg","datePublished":"2019-07-08T19:18:39+00:00","dateModified":"2020-09-24T12:23:04+00:00","breadcrumb":{"@id":"https:\/\/visitviskovo.hr\/it\/viskovo\/halubajski-karneval\/#breadcrumb"},"inLanguage":"it-IT","potentialAction":[{"@type":"ReadAction","target":["https:\/\/visitviskovo.hr\/it\/viskovo\/halubajski-karneval\/"]}]},{"@type":"ImageObject","inLanguage":"it-IT","@id":"https:\/\/visitviskovo.hr\/it\/viskovo\/halubajski-karneval\/#primaryimage","url":"https:\/\/visitviskovo.hr\/wp-content\/uploads\/2019\/12\/377.jpg","contentUrl":"https:\/\/visitviskovo.hr\/wp-content\/uploads\/2019\/12\/377.jpg","width":2000,"height":1333},{"@type":"BreadcrumbList","@id":"https:\/\/visitviskovo.hr\/it\/viskovo\/halubajski-karneval\/#breadcrumb","itemListElement":[{"@type":"ListItem","position":1,"name":"Home","item":"https:\/\/visitviskovo.hr\/it\/"},{"@type":"ListItem","position":2,"name":"Vi\u0161kovo","item":"https:\/\/visitviskovo.hr\/it\/viskovo\/"},{"@type":"ListItem","position":3,"name":"Carnevale di Halubje"}]},{"@type":"WebSite","@id":"https:\/\/visitviskovo.hr\/it\/#website","url":"https:\/\/visitviskovo.hr\/it\/","name":"Turisti\u010dka zajednica op\u0107ine Vi\u0161kovo","description":"","potentialAction":[{"@type":"SearchAction","target":{"@type":"EntryPoint","urlTemplate":"https:\/\/visitviskovo.hr\/it\/?s={search_term_string}"},"query-input":"required name=search_term_string"}],"inLanguage":"it-IT"}]}},"_links":{"self":[{"href":"https:\/\/visitviskovo.hr\/it\/wp-json\/wp\/v2\/pages\/1710"}],"collection":[{"href":"https:\/\/visitviskovo.hr\/it\/wp-json\/wp\/v2\/pages"}],"about":[{"href":"https:\/\/visitviskovo.hr\/it\/wp-json\/wp\/v2\/types\/page"}],"author":[{"embeddable":true,"href":"https:\/\/visitviskovo.hr\/it\/wp-json\/wp\/v2\/users\/1"}],"replies":[{"embeddable":true,"href":"https:\/\/visitviskovo.hr\/it\/wp-json\/wp\/v2\/comments?post=1710"}],"version-history":[{"count":7,"href":"https:\/\/visitviskovo.hr\/it\/wp-json\/wp\/v2\/pages\/1710\/revisions"}],"predecessor-version":[{"id":15095,"href":"https:\/\/visitviskovo.hr\/it\/wp-json\/wp\/v2\/pages\/1710\/revisions\/15095"}],"up":[{"embeddable":true,"href":"https:\/\/visitviskovo.hr\/it\/wp-json\/wp\/v2\/pages\/1661"}],"wp:featuredmedia":[{"embeddable":true,"href":"https:\/\/visitviskovo.hr\/it\/wp-json\/wp\/v2\/media\/10456"}],"wp:attachment":[{"href":"https:\/\/visitviskovo.hr\/it\/wp-json\/wp\/v2\/media?parent=1710"}],"curies":[{"name":"wp","href":"https:\/\/api.w.org\/{rel}","templated":true}]}}