{"id":1719,"date":"2019-05-26T14:56:27","date_gmt":"2019-05-26T14:56:27","guid":{"rendered":"https:\/\/visitviskovo.hr\/viskovo\/kulturna-bastina\/tornice-i-sterne\/"},"modified":"2023-09-28T07:46:03","modified_gmt":"2023-09-28T07:46:03","slug":"tornice-i-sterne","status":"publish","type":"page","link":"https:\/\/visitviskovo.hr\/it\/viskovo\/kulturna-bastina\/tornice-i-sterne\/","title":{"rendered":"Tornice e \u0160terne"},"content":{"rendered":"\n<h2 class=\"wp-block-heading\">Tornica <\/h2>\n\n\n\n<p>Tornica \u00e8 un elemento architettonico tipico degli insediamenti rurali nella regione del Quarnero. Negli insediament superiori dell`area Liburna, la casa residenziale ha una taverna, cucina con \u02ddtornica\u02dd, una o due camere e \u0161ufit (soffitto). Lo spazio dintorno alla casa &nbsp;di solito pavimentato con lastre di pietra, pu\u00f2 avere un serbatoio di acqua (cisterna per acqua piovana), cortile &nbsp;(piccola stalla per pecore), dimora (spazio per &nbsp;rami e foglie asciutti).\u02dd Tornica\u02dd e` &nbsp;un annesso semicircolare alla cucina dove c&#8217;era un grande camino con napa. Il &nbsp;camino \u00e8 punto centrale della famiglia. Ci si riuniva la famiglia d\u2019 inverno per il riscaldamento, e ogni giorno per il pranzo. Il camino attorno al focolare ha bordo di ferro battuto, a volte decorato con viticci, attizzatoio ed altri accessori per forzare il fuoco,\u02dd trenogi\u02dd &nbsp;(supporto treppiede per piatti),\u02dd verugi\u02dd (catena di ferro sul quale pende una pentola &nbsp;per la cottura di polenta, il riscaldamento dell&#8217;acqua, ecc..) C\u2019e anche la griglia per pesci, &nbsp;cocci, pentole, cottura al forno con \u02dd\u010dripnja\u02dd (coperchio) per il pane o patate, \u02ddbukalete\u02dd (brocche) per acqua e vino. A volte in\u02ddtornica\u02dd si trova \u02ddpeknjica\u02dd (forno panettiere). <\/p>\n\n\n\n<h2 class=\"wp-block-heading\">\u0160terne<\/h2>\n\n\n\n<figure class=\"wp-block-image size-full is-resized\"><img loading=\"lazy\" decoding=\"async\" src=\"https:\/\/visitviskovo.hr\/wp-content\/uploads\/2020\/05\/\u0160terna-detalj-3-Medium.jpg\" alt=\"\" class=\"wp-image-13799\" width=\"536\" height=\"357\" srcset=\"https:\/\/visitviskovo.hr\/wp-content\/uploads\/2020\/05\/\u0160terna-detalj-3-Medium.jpg 1151w, https:\/\/visitviskovo.hr\/wp-content\/uploads\/2020\/05\/\u0160terna-detalj-3-Medium-300x200.jpg 300w, https:\/\/visitviskovo.hr\/wp-content\/uploads\/2020\/05\/\u0160terna-detalj-3-Medium-768x512.jpg 768w\" sizes=\"(max-width: 536px) 100vw, 536px\" \/><\/figure>\n\n\n\n<p>L&#8217;acqua \u00e8 da sempre stata un bisogno umano essenziale. Nei villaggi che erano lontani dalle fonti d&#8217;acqua, la gente costruiva le cisterne (pozzi). Poich\u00e9 la loro costruzione era un&#8217;attivit\u00e0 finanziariamente e architettonicamente impegnativa, si costruivano cisterne comuni, di solito al centro del paese. In passato, le cisterne d&#8217;acqua private erano rare e attentamente custodite.<\/p>\n\n\n\n<p>Le cisterne d&#8217;acqua comunali erano luoghi in cui le persone venivano non solo per procurarsi l&#8217;acqua, ma anche per scambiare informazioni, trascorrere del tempo con gli altri, fare una sosta, raccontare storie, cantare e divertirsi. Se visitate Vi\u0161kovo durante i mesi estivi, unitevi a noi alle manifestazioni intitolate <a href=\"https:\/\/visitviskovo.hr\/it\/cosa-fare\/il-passato-nel-presente-manifestazioni\/\">\u201cCisterne (pozzi) &#8211; fonte di vita\u201d<\/a> che riportano in vita questi luoghi, anche se solo per un breve periodo.<\/p>\n","protected":false},"excerpt":{"rendered":"<p>Tornica Tornica \u00e8 un elemento architettonico tipico degli insediamenti rurali nella regione del Quarnero. Negli insediament superiori dell`area Liburna, la casa residenziale ha una taverna, cucina con \u02ddtornica\u02dd, una o due camere e \u0161ufit (soffitto). Lo spazio dintorno alla casa &nbsp;di solito pavimentato con lastre di pietra, pu\u00f2 avere un serbatoio di acqua (cisterna per [&hellip;]<\/p>\n","protected":false},"author":1,"featured_media":13320,"parent":1686,"menu_order":0,"comment_status":"closed","ping_status":"closed","template":"","meta":{"_acf_changed":false,"footnotes":""},"acf":[],"yoast_head":"<!-- This site is optimized with the Yoast SEO plugin v22.7 - https:\/\/yoast.com\/wordpress\/plugins\/seo\/ -->\n<title>Tornice e \u0160terne - Turisti\u010dka zajednica op\u0107ine Vi\u0161kovo<\/title>\n<meta name=\"robots\" content=\"index, follow, max-snippet:-1, max-image-preview:large, max-video-preview:-1\" \/>\n<link rel=\"canonical\" href=\"https:\/\/visitviskovo.hr\/it\/viskovo\/kulturna-bastina\/tornice-i-sterne\/\" \/>\n<meta property=\"og:locale\" content=\"it_IT\" \/>\n<meta property=\"og:type\" content=\"article\" \/>\n<meta property=\"og:title\" content=\"Tornice e \u0160terne - Turisti\u010dka zajednica op\u0107ine Vi\u0161kovo\" \/>\n<meta property=\"og:description\" content=\"Tornica Tornica \u00e8 un elemento architettonico tipico degli insediamenti rurali nella regione del Quarnero. Negli insediament superiori dell`area Liburna, la casa residenziale ha una taverna, cucina con \u02ddtornica\u02dd, una o due camere e \u0161ufit (soffitto). Lo spazio dintorno alla casa &nbsp;di solito pavimentato con lastre di pietra, pu\u00f2 avere un serbatoio di acqua (cisterna per [&hellip;]\" \/>\n<meta property=\"og:url\" content=\"https:\/\/visitviskovo.hr\/it\/viskovo\/kulturna-bastina\/tornice-i-sterne\/\" \/>\n<meta property=\"og:site_name\" content=\"Turisti\u010dka zajednica op\u0107ine Vi\u0161kovo\" \/>\n<meta property=\"article:publisher\" content=\"https:\/\/web.facebook.com\/VisitViskovo\" \/>\n<meta property=\"article:modified_time\" content=\"2023-09-28T07:46:03+00:00\" \/>\n<meta property=\"og:image\" content=\"https:\/\/visitviskovo.hr\/wp-content\/uploads\/2020\/04\/TORNICA1-1280x880.jpg\" \/>\n\t<meta property=\"og:image:width\" content=\"1280\" \/>\n\t<meta property=\"og:image:height\" content=\"880\" \/>\n\t<meta property=\"og:image:type\" content=\"image\/jpeg\" \/>\n<meta name=\"twitter:card\" content=\"summary_large_image\" \/>\n<meta name=\"twitter:label1\" content=\"Tempo di lettura stimato\" \/>\n\t<meta name=\"twitter:data1\" content=\"2 minuti\" \/>\n<script type=\"application\/ld+json\" class=\"yoast-schema-graph\">{\"@context\":\"https:\/\/schema.org\",\"@graph\":[{\"@type\":\"WebPage\",\"@id\":\"https:\/\/visitviskovo.hr\/it\/viskovo\/kulturna-bastina\/tornice-i-sterne\/\",\"url\":\"https:\/\/visitviskovo.hr\/it\/viskovo\/kulturna-bastina\/tornice-i-sterne\/\",\"name\":\"Tornice e \u0160terne - Turisti\u010dka zajednica op\u0107ine Vi\u0161kovo\",\"isPartOf\":{\"@id\":\"https:\/\/visitviskovo.hr\/it\/#website\"},\"primaryImageOfPage\":{\"@id\":\"https:\/\/visitviskovo.hr\/it\/viskovo\/kulturna-bastina\/tornice-i-sterne\/#primaryimage\"},\"image\":{\"@id\":\"https:\/\/visitviskovo.hr\/it\/viskovo\/kulturna-bastina\/tornice-i-sterne\/#primaryimage\"},\"thumbnailUrl\":\"https:\/\/visitviskovo.hr\/wp-content\/uploads\/2020\/04\/TORNICA1.jpg\",\"datePublished\":\"2019-05-26T14:56:27+00:00\",\"dateModified\":\"2023-09-28T07:46:03+00:00\",\"breadcrumb\":{\"@id\":\"https:\/\/visitviskovo.hr\/it\/viskovo\/kulturna-bastina\/tornice-i-sterne\/#breadcrumb\"},\"inLanguage\":\"it-IT\",\"potentialAction\":[{\"@type\":\"ReadAction\",\"target\":[\"https:\/\/visitviskovo.hr\/it\/viskovo\/kulturna-bastina\/tornice-i-sterne\/\"]}]},{\"@type\":\"ImageObject\",\"inLanguage\":\"it-IT\",\"@id\":\"https:\/\/visitviskovo.hr\/it\/viskovo\/kulturna-bastina\/tornice-i-sterne\/#primaryimage\",\"url\":\"https:\/\/visitviskovo.hr\/wp-content\/uploads\/2020\/04\/TORNICA1.jpg\",\"contentUrl\":\"https:\/\/visitviskovo.hr\/wp-content\/uploads\/2020\/04\/TORNICA1.jpg\",\"width\":3071,\"height\":2112,\"caption\":\"Tornica\"},{\"@type\":\"BreadcrumbList\",\"@id\":\"https:\/\/visitviskovo.hr\/it\/viskovo\/kulturna-bastina\/tornice-i-sterne\/#breadcrumb\",\"itemListElement\":[{\"@type\":\"ListItem\",\"position\":1,\"name\":\"Home\",\"item\":\"https:\/\/visitviskovo.hr\/it\/\"},{\"@type\":\"ListItem\",\"position\":2,\"name\":\"Vi\u0161kovo\",\"item\":\"https:\/\/visitviskovo.hr\/it\/viskovo\/\"},{\"@type\":\"ListItem\",\"position\":3,\"name\":\"Beni culturali\",\"item\":\"https:\/\/visitviskovo.hr\/it\/viskovo\/kulturna-bastina\/\"},{\"@type\":\"ListItem\",\"position\":4,\"name\":\"Tornice e \u0160terne\"}]},{\"@type\":\"WebSite\",\"@id\":\"https:\/\/visitviskovo.hr\/it\/#website\",\"url\":\"https:\/\/visitviskovo.hr\/it\/\",\"name\":\"Turisti\u010dka zajednica op\u0107ine Vi\u0161kovo\",\"description\":\"\",\"potentialAction\":[{\"@type\":\"SearchAction\",\"target\":{\"@type\":\"EntryPoint\",\"urlTemplate\":\"https:\/\/visitviskovo.hr\/it\/?s={search_term_string}\"},\"query-input\":\"required name=search_term_string\"}],\"inLanguage\":\"it-IT\"}]}<\/script>\n<!-- \/ Yoast SEO plugin. -->","yoast_head_json":{"title":"Tornice e \u0160terne - Turisti\u010dka zajednica op\u0107ine Vi\u0161kovo","robots":{"index":"index","follow":"follow","max-snippet":"max-snippet:-1","max-image-preview":"max-image-preview:large","max-video-preview":"max-video-preview:-1"},"canonical":"https:\/\/visitviskovo.hr\/it\/viskovo\/kulturna-bastina\/tornice-i-sterne\/","og_locale":"it_IT","og_type":"article","og_title":"Tornice e \u0160terne - Turisti\u010dka zajednica op\u0107ine Vi\u0161kovo","og_description":"Tornica Tornica \u00e8 un elemento architettonico tipico degli insediamenti rurali nella regione del Quarnero. Negli insediament superiori dell`area Liburna, la casa residenziale ha una taverna, cucina con \u02ddtornica\u02dd, una o due camere e \u0161ufit (soffitto). Lo spazio dintorno alla casa &nbsp;di solito pavimentato con lastre di pietra, pu\u00f2 avere un serbatoio di acqua (cisterna per [&hellip;]","og_url":"https:\/\/visitviskovo.hr\/it\/viskovo\/kulturna-bastina\/tornice-i-sterne\/","og_site_name":"Turisti\u010dka zajednica op\u0107ine Vi\u0161kovo","article_publisher":"https:\/\/web.facebook.com\/VisitViskovo","article_modified_time":"2023-09-28T07:46:03+00:00","og_image":[{"width":1280,"height":880,"url":"https:\/\/visitviskovo.hr\/wp-content\/uploads\/2020\/04\/TORNICA1-1280x880.jpg","type":"image\/jpeg"}],"twitter_card":"summary_large_image","twitter_misc":{"Tempo di lettura stimato":"2 minuti"},"schema":{"@context":"https:\/\/schema.org","@graph":[{"@type":"WebPage","@id":"https:\/\/visitviskovo.hr\/it\/viskovo\/kulturna-bastina\/tornice-i-sterne\/","url":"https:\/\/visitviskovo.hr\/it\/viskovo\/kulturna-bastina\/tornice-i-sterne\/","name":"Tornice e \u0160terne - Turisti\u010dka zajednica op\u0107ine Vi\u0161kovo","isPartOf":{"@id":"https:\/\/visitviskovo.hr\/it\/#website"},"primaryImageOfPage":{"@id":"https:\/\/visitviskovo.hr\/it\/viskovo\/kulturna-bastina\/tornice-i-sterne\/#primaryimage"},"image":{"@id":"https:\/\/visitviskovo.hr\/it\/viskovo\/kulturna-bastina\/tornice-i-sterne\/#primaryimage"},"thumbnailUrl":"https:\/\/visitviskovo.hr\/wp-content\/uploads\/2020\/04\/TORNICA1.jpg","datePublished":"2019-05-26T14:56:27+00:00","dateModified":"2023-09-28T07:46:03+00:00","breadcrumb":{"@id":"https:\/\/visitviskovo.hr\/it\/viskovo\/kulturna-bastina\/tornice-i-sterne\/#breadcrumb"},"inLanguage":"it-IT","potentialAction":[{"@type":"ReadAction","target":["https:\/\/visitviskovo.hr\/it\/viskovo\/kulturna-bastina\/tornice-i-sterne\/"]}]},{"@type":"ImageObject","inLanguage":"it-IT","@id":"https:\/\/visitviskovo.hr\/it\/viskovo\/kulturna-bastina\/tornice-i-sterne\/#primaryimage","url":"https:\/\/visitviskovo.hr\/wp-content\/uploads\/2020\/04\/TORNICA1.jpg","contentUrl":"https:\/\/visitviskovo.hr\/wp-content\/uploads\/2020\/04\/TORNICA1.jpg","width":3071,"height":2112,"caption":"Tornica"},{"@type":"BreadcrumbList","@id":"https:\/\/visitviskovo.hr\/it\/viskovo\/kulturna-bastina\/tornice-i-sterne\/#breadcrumb","itemListElement":[{"@type":"ListItem","position":1,"name":"Home","item":"https:\/\/visitviskovo.hr\/it\/"},{"@type":"ListItem","position":2,"name":"Vi\u0161kovo","item":"https:\/\/visitviskovo.hr\/it\/viskovo\/"},{"@type":"ListItem","position":3,"name":"Beni culturali","item":"https:\/\/visitviskovo.hr\/it\/viskovo\/kulturna-bastina\/"},{"@type":"ListItem","position":4,"name":"Tornice e \u0160terne"}]},{"@type":"WebSite","@id":"https:\/\/visitviskovo.hr\/it\/#website","url":"https:\/\/visitviskovo.hr\/it\/","name":"Turisti\u010dka zajednica op\u0107ine Vi\u0161kovo","description":"","potentialAction":[{"@type":"SearchAction","target":{"@type":"EntryPoint","urlTemplate":"https:\/\/visitviskovo.hr\/it\/?s={search_term_string}"},"query-input":"required name=search_term_string"}],"inLanguage":"it-IT"}]}},"_links":{"self":[{"href":"https:\/\/visitviskovo.hr\/it\/wp-json\/wp\/v2\/pages\/1719"}],"collection":[{"href":"https:\/\/visitviskovo.hr\/it\/wp-json\/wp\/v2\/pages"}],"about":[{"href":"https:\/\/visitviskovo.hr\/it\/wp-json\/wp\/v2\/types\/page"}],"author":[{"embeddable":true,"href":"https:\/\/visitviskovo.hr\/it\/wp-json\/wp\/v2\/users\/1"}],"replies":[{"embeddable":true,"href":"https:\/\/visitviskovo.hr\/it\/wp-json\/wp\/v2\/comments?post=1719"}],"version-history":[{"count":9,"href":"https:\/\/visitviskovo.hr\/it\/wp-json\/wp\/v2\/pages\/1719\/revisions"}],"predecessor-version":[{"id":20552,"href":"https:\/\/visitviskovo.hr\/it\/wp-json\/wp\/v2\/pages\/1719\/revisions\/20552"}],"up":[{"embeddable":true,"href":"https:\/\/visitviskovo.hr\/it\/wp-json\/wp\/v2\/pages\/1686"}],"wp:featuredmedia":[{"embeddable":true,"href":"https:\/\/visitviskovo.hr\/it\/wp-json\/wp\/v2\/media\/13320"}],"wp:attachment":[{"href":"https:\/\/visitviskovo.hr\/it\/wp-json\/wp\/v2\/media?parent=1719"}],"curies":[{"name":"wp","href":"https:\/\/api.w.org\/{rel}","templated":true}]}}