{"id":20560,"date":"2023-09-28T08:37:59","date_gmt":"2023-09-28T08:37:59","guid":{"rendered":"https:\/\/visitviskovo.hr\/?page_id=20560"},"modified":"2023-09-28T08:38:01","modified_gmt":"2023-09-28T08:38:01","slug":"lalimentazione-mediterranea-delladriatico-croato-della-sua-costa-delle-isole-e-di-parte-dellentroterra","status":"publish","type":"page","link":"https:\/\/visitviskovo.hr\/it\/viskovo\/unesco\/lalimentazione-mediterranea-delladriatico-croato-della-sua-costa-delle-isole-e-di-parte-dellentroterra\/","title":{"rendered":"L\u2019alimentazione mediterranea dell\u2019Adriatico croato, della sua costa, delle isole e di parte dell\u2019entroterra"},"content":{"rendered":"\n<p>Il tradizionale legame con la natura si riflette nell\u2019alimentazione locale che seleziona i prodotti curandone la genuinit\u00e0, la stagionalit\u00e0, la sostenibilit\u00e0 ecologica ed economica e, contemporaneamente, l\u2019alto valore nutritivo in modo da ottenere benefici scientificamente comprovati. I men\u00f9 del territorio dello Halubje e di Castua appartengono al modello di alimentazione mediterranea caratteristica dell\u2019entroterra adriatico, con variazioni condizionate da eventi storici e influenze culturali. L\u2019offerta gastronomica di numerosi ristoranti \u00e8 formata da piatti in cui la tradizione culinaria del passato \u00e8 intervallata dalle pi\u00f9 moderne tendenze gastronomiche.<\/p>\n\n\n\n<p>Oltre a dedicarsi all\u2019attivit\u00e0 fisica all\u2019aria aperta e trascorrere del tempo in compagnia, l\u2019alimentazione mediterranea \u00e8 uno degli elementi pi\u00f9 importanti della salute e della vitalit\u00e0. A Vi\u0161kovo potete ritrovare tutti questi ingredienti, uniti e fusi con la vita di ogni giorno. Nell\u2019entroterra di Fiume (Rijeka) e Abbazia (Opatija), dove si intrecciano i sentieri che collegano l\u2019azzurro del mare e il verde delle montagne, i secoli hanno plasmato il men\u00f9 a base di ingredienti locali e stagionali creando un\u2019esperienza gastronomica unica e inseparabile dagli altri aspetti della cultura tradizionale come la musica, l\u2019architettura, la tradizione e la lingua. Il territorio dello Halubje \u00e8 un\u2019oasi gastronomica in cui ogni men\u00f9, intriso di ingredienti che riflettono la cultura locale, costituisce un\u2019esperienza culinaria unica in cui si fondono i sapori fragranti della tradizione.<\/p>\n","protected":false},"excerpt":{"rendered":"<p>Il tradizionale legame con la natura si riflette nell\u2019alimentazione locale che seleziona i prodotti curandone la genuinit\u00e0, la stagionalit\u00e0, la sostenibilit\u00e0 ecologica ed economica e, contemporaneamente, l\u2019alto valore nutritivo in modo da ottenere benefici scientificamente comprovati. I men\u00f9 del territorio dello Halubje e di Castua appartengono al modello di alimentazione mediterranea caratteristica dell\u2019entroterra adriatico, con [&hellip;]<\/p>\n","protected":false},"author":4,"featured_media":16109,"parent":1666,"menu_order":0,"comment_status":"closed","ping_status":"closed","template":"","meta":{"_acf_changed":false,"footnotes":""},"acf":[],"yoast_head":"<!-- This site is optimized with the Yoast SEO plugin v22.7 - https:\/\/yoast.com\/wordpress\/plugins\/seo\/ -->\n<title>L\u2019alimentazione mediterranea dell\u2019Adriatico croato, della sua costa, delle isole e di parte dell\u2019entroterra - Turisti\u010dka zajednica op\u0107ine Vi\u0161kovo<\/title>\n<meta name=\"robots\" content=\"index, follow, max-snippet:-1, max-image-preview:large, max-video-preview:-1\" \/>\n<link rel=\"canonical\" href=\"https:\/\/visitviskovo.hr\/it\/viskovo\/unesco\/lalimentazione-mediterranea-delladriatico-croato-della-sua-costa-delle-isole-e-di-parte-dellentroterra\/\" \/>\n<meta property=\"og:locale\" content=\"it_IT\" \/>\n<meta property=\"og:type\" content=\"article\" \/>\n<meta property=\"og:title\" content=\"L\u2019alimentazione mediterranea dell\u2019Adriatico croato, della sua costa, delle isole e di parte dell\u2019entroterra - Turisti\u010dka zajednica op\u0107ine Vi\u0161kovo\" \/>\n<meta property=\"og:description\" content=\"Il tradizionale legame con la natura si riflette nell\u2019alimentazione locale che seleziona i prodotti curandone la genuinit\u00e0, la stagionalit\u00e0, la sostenibilit\u00e0 ecologica ed economica e, contemporaneamente, l\u2019alto valore nutritivo in modo da ottenere benefici scientificamente comprovati. I men\u00f9 del territorio dello Halubje e di Castua appartengono al modello di alimentazione mediterranea caratteristica dell\u2019entroterra adriatico, con [&hellip;]\" \/>\n<meta property=\"og:url\" content=\"https:\/\/visitviskovo.hr\/it\/viskovo\/unesco\/lalimentazione-mediterranea-delladriatico-croato-della-sua-costa-delle-isole-e-di-parte-dellentroterra\/\" \/>\n<meta property=\"og:site_name\" content=\"Turisti\u010dka zajednica op\u0107ine Vi\u0161kovo\" \/>\n<meta property=\"article:publisher\" content=\"https:\/\/web.facebook.com\/VisitViskovo\" \/>\n<meta property=\"article:modified_time\" content=\"2023-09-28T08:38:01+00:00\" \/>\n<meta property=\"og:image\" content=\"https:\/\/visitviskovo.hr\/wp-content\/uploads\/2021\/01\/Kuharica_5r.jpg\" \/>\n\t<meta property=\"og:image:width\" content=\"1382\" \/>\n\t<meta property=\"og:image:height\" content=\"922\" \/>\n\t<meta property=\"og:image:type\" content=\"image\/jpeg\" \/>\n<meta name=\"twitter:card\" content=\"summary_large_image\" \/>\n<meta name=\"twitter:label1\" content=\"Tempo di lettura stimato\" \/>\n\t<meta name=\"twitter:data1\" content=\"2 minuti\" \/>\n<script type=\"application\/ld+json\" class=\"yoast-schema-graph\">{\"@context\":\"https:\/\/schema.org\",\"@graph\":[{\"@type\":\"WebPage\",\"@id\":\"https:\/\/visitviskovo.hr\/it\/viskovo\/unesco\/lalimentazione-mediterranea-delladriatico-croato-della-sua-costa-delle-isole-e-di-parte-dellentroterra\/\",\"url\":\"https:\/\/visitviskovo.hr\/it\/viskovo\/unesco\/lalimentazione-mediterranea-delladriatico-croato-della-sua-costa-delle-isole-e-di-parte-dellentroterra\/\",\"name\":\"L\u2019alimentazione mediterranea dell\u2019Adriatico croato, della sua costa, delle isole e di parte dell\u2019entroterra - Turisti\u010dka zajednica op\u0107ine Vi\u0161kovo\",\"isPartOf\":{\"@id\":\"https:\/\/visitviskovo.hr\/it\/#website\"},\"primaryImageOfPage\":{\"@id\":\"https:\/\/visitviskovo.hr\/it\/viskovo\/unesco\/lalimentazione-mediterranea-delladriatico-croato-della-sua-costa-delle-isole-e-di-parte-dellentroterra\/#primaryimage\"},\"image\":{\"@id\":\"https:\/\/visitviskovo.hr\/it\/viskovo\/unesco\/lalimentazione-mediterranea-delladriatico-croato-della-sua-costa-delle-isole-e-di-parte-dellentroterra\/#primaryimage\"},\"thumbnailUrl\":\"https:\/\/visitviskovo.hr\/wp-content\/uploads\/2021\/01\/Kuharica_5r.jpg\",\"datePublished\":\"2023-09-28T08:37:59+00:00\",\"dateModified\":\"2023-09-28T08:38:01+00:00\",\"breadcrumb\":{\"@id\":\"https:\/\/visitviskovo.hr\/it\/viskovo\/unesco\/lalimentazione-mediterranea-delladriatico-croato-della-sua-costa-delle-isole-e-di-parte-dellentroterra\/#breadcrumb\"},\"inLanguage\":\"it-IT\",\"potentialAction\":[{\"@type\":\"ReadAction\",\"target\":[\"https:\/\/visitviskovo.hr\/it\/viskovo\/unesco\/lalimentazione-mediterranea-delladriatico-croato-della-sua-costa-delle-isole-e-di-parte-dellentroterra\/\"]}]},{\"@type\":\"ImageObject\",\"inLanguage\":\"it-IT\",\"@id\":\"https:\/\/visitviskovo.hr\/it\/viskovo\/unesco\/lalimentazione-mediterranea-delladriatico-croato-della-sua-costa-delle-isole-e-di-parte-dellentroterra\/#primaryimage\",\"url\":\"https:\/\/visitviskovo.hr\/wp-content\/uploads\/2021\/01\/Kuharica_5r.jpg\",\"contentUrl\":\"https:\/\/visitviskovo.hr\/wp-content\/uploads\/2021\/01\/Kuharica_5r.jpg\",\"width\":1382,\"height\":922},{\"@type\":\"BreadcrumbList\",\"@id\":\"https:\/\/visitviskovo.hr\/it\/viskovo\/unesco\/lalimentazione-mediterranea-delladriatico-croato-della-sua-costa-delle-isole-e-di-parte-dellentroterra\/#breadcrumb\",\"itemListElement\":[{\"@type\":\"ListItem\",\"position\":1,\"name\":\"Home\",\"item\":\"https:\/\/visitviskovo.hr\/it\/\"},{\"@type\":\"ListItem\",\"position\":2,\"name\":\"Vi\u0161kovo\",\"item\":\"https:\/\/visitviskovo.hr\/it\/viskovo\/\"},{\"@type\":\"ListItem\",\"position\":3,\"name\":\"UNESCO\",\"item\":\"https:\/\/visitviskovo.hr\/it\/viskovo\/unesco\/\"},{\"@type\":\"ListItem\",\"position\":4,\"name\":\"L\u2019alimentazione mediterranea dell\u2019Adriatico croato, della sua costa, delle isole e di parte dell\u2019entroterra\"}]},{\"@type\":\"WebSite\",\"@id\":\"https:\/\/visitviskovo.hr\/it\/#website\",\"url\":\"https:\/\/visitviskovo.hr\/it\/\",\"name\":\"Turisti\u010dka zajednica op\u0107ine Vi\u0161kovo\",\"description\":\"\",\"potentialAction\":[{\"@type\":\"SearchAction\",\"target\":{\"@type\":\"EntryPoint\",\"urlTemplate\":\"https:\/\/visitviskovo.hr\/it\/?s={search_term_string}\"},\"query-input\":\"required name=search_term_string\"}],\"inLanguage\":\"it-IT\"}]}<\/script>\n<!-- \/ Yoast SEO plugin. -->","yoast_head_json":{"title":"L\u2019alimentazione mediterranea dell\u2019Adriatico croato, della sua costa, delle isole e di parte dell\u2019entroterra - Turisti\u010dka zajednica op\u0107ine Vi\u0161kovo","robots":{"index":"index","follow":"follow","max-snippet":"max-snippet:-1","max-image-preview":"max-image-preview:large","max-video-preview":"max-video-preview:-1"},"canonical":"https:\/\/visitviskovo.hr\/it\/viskovo\/unesco\/lalimentazione-mediterranea-delladriatico-croato-della-sua-costa-delle-isole-e-di-parte-dellentroterra\/","og_locale":"it_IT","og_type":"article","og_title":"L\u2019alimentazione mediterranea dell\u2019Adriatico croato, della sua costa, delle isole e di parte dell\u2019entroterra - Turisti\u010dka zajednica op\u0107ine Vi\u0161kovo","og_description":"Il tradizionale legame con la natura si riflette nell\u2019alimentazione locale che seleziona i prodotti curandone la genuinit\u00e0, la stagionalit\u00e0, la sostenibilit\u00e0 ecologica ed economica e, contemporaneamente, l\u2019alto valore nutritivo in modo da ottenere benefici scientificamente comprovati. I men\u00f9 del territorio dello Halubje e di Castua appartengono al modello di alimentazione mediterranea caratteristica dell\u2019entroterra adriatico, con [&hellip;]","og_url":"https:\/\/visitviskovo.hr\/it\/viskovo\/unesco\/lalimentazione-mediterranea-delladriatico-croato-della-sua-costa-delle-isole-e-di-parte-dellentroterra\/","og_site_name":"Turisti\u010dka zajednica op\u0107ine Vi\u0161kovo","article_publisher":"https:\/\/web.facebook.com\/VisitViskovo","article_modified_time":"2023-09-28T08:38:01+00:00","og_image":[{"width":1382,"height":922,"url":"https:\/\/visitviskovo.hr\/wp-content\/uploads\/2021\/01\/Kuharica_5r.jpg","type":"image\/jpeg"}],"twitter_card":"summary_large_image","twitter_misc":{"Tempo di lettura stimato":"2 minuti"},"schema":{"@context":"https:\/\/schema.org","@graph":[{"@type":"WebPage","@id":"https:\/\/visitviskovo.hr\/it\/viskovo\/unesco\/lalimentazione-mediterranea-delladriatico-croato-della-sua-costa-delle-isole-e-di-parte-dellentroterra\/","url":"https:\/\/visitviskovo.hr\/it\/viskovo\/unesco\/lalimentazione-mediterranea-delladriatico-croato-della-sua-costa-delle-isole-e-di-parte-dellentroterra\/","name":"L\u2019alimentazione mediterranea dell\u2019Adriatico croato, della sua costa, delle isole e di parte dell\u2019entroterra - Turisti\u010dka zajednica op\u0107ine Vi\u0161kovo","isPartOf":{"@id":"https:\/\/visitviskovo.hr\/it\/#website"},"primaryImageOfPage":{"@id":"https:\/\/visitviskovo.hr\/it\/viskovo\/unesco\/lalimentazione-mediterranea-delladriatico-croato-della-sua-costa-delle-isole-e-di-parte-dellentroterra\/#primaryimage"},"image":{"@id":"https:\/\/visitviskovo.hr\/it\/viskovo\/unesco\/lalimentazione-mediterranea-delladriatico-croato-della-sua-costa-delle-isole-e-di-parte-dellentroterra\/#primaryimage"},"thumbnailUrl":"https:\/\/visitviskovo.hr\/wp-content\/uploads\/2021\/01\/Kuharica_5r.jpg","datePublished":"2023-09-28T08:37:59+00:00","dateModified":"2023-09-28T08:38:01+00:00","breadcrumb":{"@id":"https:\/\/visitviskovo.hr\/it\/viskovo\/unesco\/lalimentazione-mediterranea-delladriatico-croato-della-sua-costa-delle-isole-e-di-parte-dellentroterra\/#breadcrumb"},"inLanguage":"it-IT","potentialAction":[{"@type":"ReadAction","target":["https:\/\/visitviskovo.hr\/it\/viskovo\/unesco\/lalimentazione-mediterranea-delladriatico-croato-della-sua-costa-delle-isole-e-di-parte-dellentroterra\/"]}]},{"@type":"ImageObject","inLanguage":"it-IT","@id":"https:\/\/visitviskovo.hr\/it\/viskovo\/unesco\/lalimentazione-mediterranea-delladriatico-croato-della-sua-costa-delle-isole-e-di-parte-dellentroterra\/#primaryimage","url":"https:\/\/visitviskovo.hr\/wp-content\/uploads\/2021\/01\/Kuharica_5r.jpg","contentUrl":"https:\/\/visitviskovo.hr\/wp-content\/uploads\/2021\/01\/Kuharica_5r.jpg","width":1382,"height":922},{"@type":"BreadcrumbList","@id":"https:\/\/visitviskovo.hr\/it\/viskovo\/unesco\/lalimentazione-mediterranea-delladriatico-croato-della-sua-costa-delle-isole-e-di-parte-dellentroterra\/#breadcrumb","itemListElement":[{"@type":"ListItem","position":1,"name":"Home","item":"https:\/\/visitviskovo.hr\/it\/"},{"@type":"ListItem","position":2,"name":"Vi\u0161kovo","item":"https:\/\/visitviskovo.hr\/it\/viskovo\/"},{"@type":"ListItem","position":3,"name":"UNESCO","item":"https:\/\/visitviskovo.hr\/it\/viskovo\/unesco\/"},{"@type":"ListItem","position":4,"name":"L\u2019alimentazione mediterranea dell\u2019Adriatico croato, della sua costa, delle isole e di parte dell\u2019entroterra"}]},{"@type":"WebSite","@id":"https:\/\/visitviskovo.hr\/it\/#website","url":"https:\/\/visitviskovo.hr\/it\/","name":"Turisti\u010dka zajednica op\u0107ine Vi\u0161kovo","description":"","potentialAction":[{"@type":"SearchAction","target":{"@type":"EntryPoint","urlTemplate":"https:\/\/visitviskovo.hr\/it\/?s={search_term_string}"},"query-input":"required name=search_term_string"}],"inLanguage":"it-IT"}]}},"_links":{"self":[{"href":"https:\/\/visitviskovo.hr\/it\/wp-json\/wp\/v2\/pages\/20560"}],"collection":[{"href":"https:\/\/visitviskovo.hr\/it\/wp-json\/wp\/v2\/pages"}],"about":[{"href":"https:\/\/visitviskovo.hr\/it\/wp-json\/wp\/v2\/types\/page"}],"author":[{"embeddable":true,"href":"https:\/\/visitviskovo.hr\/it\/wp-json\/wp\/v2\/users\/4"}],"replies":[{"embeddable":true,"href":"https:\/\/visitviskovo.hr\/it\/wp-json\/wp\/v2\/comments?post=20560"}],"version-history":[{"count":1,"href":"https:\/\/visitviskovo.hr\/it\/wp-json\/wp\/v2\/pages\/20560\/revisions"}],"predecessor-version":[{"id":20561,"href":"https:\/\/visitviskovo.hr\/it\/wp-json\/wp\/v2\/pages\/20560\/revisions\/20561"}],"up":[{"embeddable":true,"href":"https:\/\/visitviskovo.hr\/it\/wp-json\/wp\/v2\/pages\/1666"}],"wp:featuredmedia":[{"embeddable":true,"href":"https:\/\/visitviskovo.hr\/it\/wp-json\/wp\/v2\/media\/16109"}],"wp:attachment":[{"href":"https:\/\/visitviskovo.hr\/it\/wp-json\/wp\/v2\/media?parent=20560"}],"curies":[{"name":"wp","href":"https:\/\/api.w.org\/{rel}","templated":true}]}}