{"id":20952,"date":"2024-04-08T13:13:05","date_gmt":"2024-04-08T13:13:05","guid":{"rendered":"https:\/\/visitviskovo.hr\/?page_id=20952"},"modified":"2024-04-08T13:13:07","modified_gmt":"2024-04-08T13:13:07","slug":"cinque-percorsi-ciclabili-per-tutte-le-generazioni","status":"publish","type":"page","link":"https:\/\/visitviskovo.hr\/it\/cosa-fare\/ideje-za-boravak\/cinque-percorsi-ciclabili-per-tutte-le-generazioni\/","title":{"rendered":"Cinque percorsi ciclabili per tutte le generazioni"},"content":{"rendered":"\n<p>Cinque percorsi ciclabili tracciati che conducono attraverso l&#8217;area di Vi\u0161kovo, una zona di eccezionale bellezza naturale dove il modo di vivere moderno si intreccia con quello tradizionale. Per tutti coloro che sono alla ricerca di un&#8221;avventura all&#8221;aria aperta, i nostri percorsi ciclabili offrono l&#8221;opportunit\u00e0 perfetta per scoprire gli angoli nascosti di Vi\u0161kovo.<\/p>\n\n\n\n<h2 class=\"wp-block-heading\">Percorso Vi\u0161kovo<\/h2>\n\n\n\n<p>Il Percorso Vi\u0161kovo, ideale per famiglie, conduce verso Ronjgi, luogo di nascita di Ivan Mateti\u0107 Ronjgov. In ricordo di questo grande musicista e collezionista del patrimonio musicale popolare \u00e8 stato allestito un museo proprio nella sua casa natale. Al piano terra si trova un ristorante che offre specialit\u00e0 locali. Da Ronjgi si sale verso Zorzi\u0107i, dove si attraversa la strada Petrolejska cesta. Dal paesetto di Globi\u0107i, luogo di nascita dello scrittore Berto Lu\u010di\u0107, si pu\u00f2 ammirare una vista meravigliosa sul Quarnero. Si prosegue lungo una salita ripida fino a Lu\u010di\u0107i, un villaggio situato nei pressi dei resti di un castelliere illirico a Lon\u010deva gri\u017ea. Nelle vicinanze si trova una cava e un&#8221;eccezionale galleria all&#8221;aperto. Subito prima di Skva\u017ei\u0107i si svolta a destra verso il sentiero Ple\u0161ivac, tramite il quale si arriva al paese di Bi\u0161kupi in cui si pu\u00f2 ammirare l&#8221;architettura tradizionale di questo territorio. All&#8221;uscita da questo villaggio, si procede sulla strada attraverso il paese di Mladeni\u0107i e si ritorna al centro di Vi\u0161kovo.<\/p>\n\n\n\n<h2 class=\"wp-block-heading\">Percorso Kastav<\/h2>\n\n\n\n<p>Il Percorso Kastav devia il centro di Vi\u0161kovo e conduce lungo le strade secondarie e i sentieri boschivi. Questo percorso pi\u00f9 impegnativo procede verso est in direzione di Furi\u0107evo, dove si svolta a sinistra e si sale leggermente lungo la localit\u00e0 di Trtni verso il paese di Mladeni\u0107i. A questo punto si attraversa la strada e si procede lungo la vecchia strada verso il paese di Mavri fino a raggiungere Gornji Sroki. Segue la discesa fino a Srokov kal dove si svolta a destra e si prosegue in direzione della citt\u00e0 di Kastav. Per quelli pi\u00f9 preparati, a Gornji Turki c&#8217;\u00e8 la possibilit\u00e0 di svoltare a destra verso Jelovi\u010dani e il bosco di Lu\u017eina. Se si sceglie la variante pi\u00f9 semplice, a Gornji Turki si prosegue dritto, si esce sulla strada e si continua sul sentiero boschivo che porta a Donji Jugi. Nei pressi di questo paese si trova Kapitovac, una sorgente inesauribile di acqua e la storia di un legame indissolubile tra uomo e natura.<\/p>\n\n\n\n<h2 class=\"wp-block-heading\">Percorso Studena<\/h2>\n\n\n\n<p>Il Percorso Studena conduce in direzione di Sar\u0161oni e sulla strada Petrolejska cesta tramite la quale si continua per Zorzi\u0107i. Si prosegue lungo la vecchia strada che, attraverso il bosco di Ne\u017enica, arriva fino alla strada principale verso Studena. Sulla strada Petrolejska cesta si scende verso Mar\u010delji, il luogo in cui sono sorti due beni che rientrano nella Lista del patrimonio culturale immateriale dell&#8217;UNESCO: la processione carnevalesca degli Halubajski zvon\u010dari &#8211; scampanatori di Halubje, la cui zona di origine \u00e8 proprio a Mar\u010delji, e il canto a due voci ad intervalli stretti, documentato da Ivan Mateti\u0107 Ronjgov. Da Mar\u010delji si svolta in direzione di Kosi. Attraversando gli abitati di Jardasi, Dovi\u010di\u0107i e \u0160iroli si arriva al centro di Vi\u0161kovo.<\/p>\n\n\n\n<h2 class=\"wp-block-heading\">Percorso alla sorgente del fiume Rje\u010dina<\/h2>\n\n\n\n<p>Il Percorso alla sorgente del fiume Rje\u010dina inizia dal centro di Vi\u0161kovo e prosegue attraverso il paese di Mladeni\u0107i, in direzione di Sar\u0161oni e Lu\u010di\u0107i. Dopo una breve salita si arriva a sella Lon\u010deva Gri\u017ea. Lungo le serpentine si scende al villaggio di Trnovica. Attraversando il fiume Rje\u010dina e si svolta in direzione di Kukuljano e si segue il corso a monte del fiume Rje\u010dina fino alla sua sorgente. Dopo una breve pausa, da l\u00ec si ritorna a sella Lon\u010deva Gri\u017ea, si scende verso il villaggio di Sar\u0161oni e si prosegue lungo la strada Petrolejska cesta fino a Gari\u0107i dove possiamo osservare un centinaio di case antiche conservate che rappresentano un esempio di architettura tradizionale. Tra queste si trova Casa Cenetina, un monumento culturale protetto. Dopo si scende attraverso Mar\u010delji fino al centro di Vi\u0161kovo.<\/p>\n\n\n\n<h2 class=\"wp-block-heading\">Percorso Breza<\/h2>\n\n\n\n<p>Il Percorso Breza conduce verso Sar\u0161oni e Ronjgi fino al paese di Zorzi\u0107i e sulla Petrolejska cesta, dove si prosegue in direzione di Klana. Nella zona di Pogled si svolta verso il sentiero boschivo che porta al paese di Breza. Su questo percorso si possono trovare interessanti resti di fortificazioni risalenti all&#8217;epoca dell&#8217;occupazione italiana. Infatti, proprio in questa zona passava il confine tra il Regno d&#8217;Italia e il Regno di Serbi, Croati e Sloveni. La strada sopra il paese di Breza conduce al centro. Passando accanto al cimitero e alla vecchia caserma si arriva all&#8217;incrocio dove si svolta a sinistra e, attraverso un sentiero boschivo, si raggiunge il villaggio di Jardasi e prosegue a \u0160iroli attraversando l&#8217;abitato di Dovi\u010di\u0107i e poi lungo la strada secondaria verso il centro di Vi\u0161kovo.<\/p>\n\n\n\n<p>Qualunque sia il vostro percorso, lasciatevi condurre negli angoli tranquilli con dei panorami incantevoli. Ammirate le costruzioni a forma di anello che circondano le doline e le pozze, percorrete il sentiero lungo i secolari muri a secco, seguite le forme del rilievo e gli ex confini del passato, godetevi la storia tortuosa dei secoli passati.<\/p>\n","protected":false},"excerpt":{"rendered":"<p>Cinque percorsi ciclabili tracciati che conducono attraverso l&#8217;area di Vi\u0161kovo, una zona di eccezionale bellezza naturale dove il modo di vivere moderno si intreccia con quello tradizionale. Per tutti coloro che sono alla ricerca di un&#8221;avventura all&#8221;aria aperta, i nostri percorsi ciclabili offrono l&#8221;opportunit\u00e0 perfetta per scoprire gli angoli nascosti di Vi\u0161kovo. Percorso Vi\u0161kovo Il [&hellip;]<\/p>\n","protected":false},"author":4,"featured_media":20938,"parent":8144,"menu_order":0,"comment_status":"closed","ping_status":"closed","template":"","meta":{"_acf_changed":false,"footnotes":""},"acf":[],"yoast_head":"<!-- This site is optimized with the Yoast SEO plugin v22.7 - https:\/\/yoast.com\/wordpress\/plugins\/seo\/ -->\n<title>Cinque percorsi ciclabili per tutte le generazioni - Turisti\u010dka zajednica op\u0107ine Vi\u0161kovo<\/title>\n<meta name=\"robots\" content=\"index, follow, max-snippet:-1, max-image-preview:large, max-video-preview:-1\" \/>\n<link rel=\"canonical\" href=\"https:\/\/visitviskovo.hr\/it\/cosa-fare\/ideje-za-boravak\/cinque-percorsi-ciclabili-per-tutte-le-generazioni\/\" \/>\n<meta property=\"og:locale\" content=\"it_IT\" \/>\n<meta property=\"og:type\" content=\"article\" \/>\n<meta property=\"og:title\" content=\"Cinque percorsi ciclabili per tutte le generazioni - Turisti\u010dka zajednica op\u0107ine Vi\u0161kovo\" \/>\n<meta property=\"og:description\" content=\"Cinque percorsi ciclabili tracciati che conducono attraverso l&#8217;area di Vi\u0161kovo, una zona di eccezionale bellezza naturale dove il modo di vivere moderno si intreccia con quello tradizionale. Per tutti coloro che sono alla ricerca di un&#8221;avventura all&#8221;aria aperta, i nostri percorsi ciclabili offrono l&#8221;opportunit\u00e0 perfetta per scoprire gli angoli nascosti di Vi\u0161kovo. Percorso Vi\u0161kovo Il [&hellip;]\" \/>\n<meta property=\"og:url\" content=\"https:\/\/visitviskovo.hr\/it\/cosa-fare\/ideje-za-boravak\/cinque-percorsi-ciclabili-per-tutte-le-generazioni\/\" \/>\n<meta property=\"og:site_name\" content=\"Turisti\u010dka zajednica op\u0107ine Vi\u0161kovo\" \/>\n<meta property=\"article:publisher\" content=\"https:\/\/web.facebook.com\/VisitViskovo\" \/>\n<meta property=\"article:modified_time\" content=\"2024-04-08T13:13:07+00:00\" \/>\n<meta property=\"og:image\" content=\"https:\/\/visitviskovo.hr\/wp-content\/uploads\/2024\/04\/Bike-2.jpg\" \/>\n\t<meta property=\"og:image:width\" content=\"1920\" \/>\n\t<meta property=\"og:image:height\" content=\"1280\" \/>\n\t<meta property=\"og:image:type\" content=\"image\/jpeg\" \/>\n<meta name=\"twitter:card\" content=\"summary_large_image\" \/>\n<meta name=\"twitter:label1\" content=\"Tempo di lettura stimato\" \/>\n\t<meta name=\"twitter:data1\" content=\"5 minuti\" \/>\n<script type=\"application\/ld+json\" class=\"yoast-schema-graph\">{\"@context\":\"https:\/\/schema.org\",\"@graph\":[{\"@type\":\"WebPage\",\"@id\":\"https:\/\/visitviskovo.hr\/it\/cosa-fare\/ideje-za-boravak\/cinque-percorsi-ciclabili-per-tutte-le-generazioni\/\",\"url\":\"https:\/\/visitviskovo.hr\/it\/cosa-fare\/ideje-za-boravak\/cinque-percorsi-ciclabili-per-tutte-le-generazioni\/\",\"name\":\"Cinque percorsi ciclabili per tutte le generazioni - Turisti\u010dka zajednica op\u0107ine Vi\u0161kovo\",\"isPartOf\":{\"@id\":\"https:\/\/visitviskovo.hr\/it\/#website\"},\"primaryImageOfPage\":{\"@id\":\"https:\/\/visitviskovo.hr\/it\/cosa-fare\/ideje-za-boravak\/cinque-percorsi-ciclabili-per-tutte-le-generazioni\/#primaryimage\"},\"image\":{\"@id\":\"https:\/\/visitviskovo.hr\/it\/cosa-fare\/ideje-za-boravak\/cinque-percorsi-ciclabili-per-tutte-le-generazioni\/#primaryimage\"},\"thumbnailUrl\":\"https:\/\/visitviskovo.hr\/wp-content\/uploads\/2024\/04\/Bike-2.jpg\",\"datePublished\":\"2024-04-08T13:13:05+00:00\",\"dateModified\":\"2024-04-08T13:13:07+00:00\",\"breadcrumb\":{\"@id\":\"https:\/\/visitviskovo.hr\/it\/cosa-fare\/ideje-za-boravak\/cinque-percorsi-ciclabili-per-tutte-le-generazioni\/#breadcrumb\"},\"inLanguage\":\"it-IT\",\"potentialAction\":[{\"@type\":\"ReadAction\",\"target\":[\"https:\/\/visitviskovo.hr\/it\/cosa-fare\/ideje-za-boravak\/cinque-percorsi-ciclabili-per-tutte-le-generazioni\/\"]}]},{\"@type\":\"ImageObject\",\"inLanguage\":\"it-IT\",\"@id\":\"https:\/\/visitviskovo.hr\/it\/cosa-fare\/ideje-za-boravak\/cinque-percorsi-ciclabili-per-tutte-le-generazioni\/#primaryimage\",\"url\":\"https:\/\/visitviskovo.hr\/wp-content\/uploads\/2024\/04\/Bike-2.jpg\",\"contentUrl\":\"https:\/\/visitviskovo.hr\/wp-content\/uploads\/2024\/04\/Bike-2.jpg\",\"width\":1920,\"height\":1280},{\"@type\":\"BreadcrumbList\",\"@id\":\"https:\/\/visitviskovo.hr\/it\/cosa-fare\/ideje-za-boravak\/cinque-percorsi-ciclabili-per-tutte-le-generazioni\/#breadcrumb\",\"itemListElement\":[{\"@type\":\"ListItem\",\"position\":1,\"name\":\"Home\",\"item\":\"https:\/\/visitviskovo.hr\/it\/\"},{\"@type\":\"ListItem\",\"position\":2,\"name\":\"Cosa fare\",\"item\":\"https:\/\/visitviskovo.hr\/it\/cosa-fare\/\"},{\"@type\":\"ListItem\",\"position\":3,\"name\":\"Personalizza il tuo soggiorno\",\"item\":\"https:\/\/visitviskovo.hr\/it\/cosa-fare\/ideje-za-boravak\/\"},{\"@type\":\"ListItem\",\"position\":4,\"name\":\"Cinque percorsi ciclabili per tutte le generazioni\"}]},{\"@type\":\"WebSite\",\"@id\":\"https:\/\/visitviskovo.hr\/it\/#website\",\"url\":\"https:\/\/visitviskovo.hr\/it\/\",\"name\":\"Turisti\u010dka zajednica op\u0107ine Vi\u0161kovo\",\"description\":\"\",\"potentialAction\":[{\"@type\":\"SearchAction\",\"target\":{\"@type\":\"EntryPoint\",\"urlTemplate\":\"https:\/\/visitviskovo.hr\/it\/?s={search_term_string}\"},\"query-input\":\"required name=search_term_string\"}],\"inLanguage\":\"it-IT\"}]}<\/script>\n<!-- \/ Yoast SEO plugin. -->","yoast_head_json":{"title":"Cinque percorsi ciclabili per tutte le generazioni - Turisti\u010dka zajednica op\u0107ine Vi\u0161kovo","robots":{"index":"index","follow":"follow","max-snippet":"max-snippet:-1","max-image-preview":"max-image-preview:large","max-video-preview":"max-video-preview:-1"},"canonical":"https:\/\/visitviskovo.hr\/it\/cosa-fare\/ideje-za-boravak\/cinque-percorsi-ciclabili-per-tutte-le-generazioni\/","og_locale":"it_IT","og_type":"article","og_title":"Cinque percorsi ciclabili per tutte le generazioni - Turisti\u010dka zajednica op\u0107ine Vi\u0161kovo","og_description":"Cinque percorsi ciclabili tracciati che conducono attraverso l&#8217;area di Vi\u0161kovo, una zona di eccezionale bellezza naturale dove il modo di vivere moderno si intreccia con quello tradizionale. Per tutti coloro che sono alla ricerca di un&#8221;avventura all&#8221;aria aperta, i nostri percorsi ciclabili offrono l&#8221;opportunit\u00e0 perfetta per scoprire gli angoli nascosti di Vi\u0161kovo. Percorso Vi\u0161kovo Il [&hellip;]","og_url":"https:\/\/visitviskovo.hr\/it\/cosa-fare\/ideje-za-boravak\/cinque-percorsi-ciclabili-per-tutte-le-generazioni\/","og_site_name":"Turisti\u010dka zajednica op\u0107ine Vi\u0161kovo","article_publisher":"https:\/\/web.facebook.com\/VisitViskovo","article_modified_time":"2024-04-08T13:13:07+00:00","og_image":[{"width":1920,"height":1280,"url":"https:\/\/visitviskovo.hr\/wp-content\/uploads\/2024\/04\/Bike-2.jpg","type":"image\/jpeg"}],"twitter_card":"summary_large_image","twitter_misc":{"Tempo di lettura stimato":"5 minuti"},"schema":{"@context":"https:\/\/schema.org","@graph":[{"@type":"WebPage","@id":"https:\/\/visitviskovo.hr\/it\/cosa-fare\/ideje-za-boravak\/cinque-percorsi-ciclabili-per-tutte-le-generazioni\/","url":"https:\/\/visitviskovo.hr\/it\/cosa-fare\/ideje-za-boravak\/cinque-percorsi-ciclabili-per-tutte-le-generazioni\/","name":"Cinque percorsi ciclabili per tutte le generazioni - Turisti\u010dka zajednica op\u0107ine Vi\u0161kovo","isPartOf":{"@id":"https:\/\/visitviskovo.hr\/it\/#website"},"primaryImageOfPage":{"@id":"https:\/\/visitviskovo.hr\/it\/cosa-fare\/ideje-za-boravak\/cinque-percorsi-ciclabili-per-tutte-le-generazioni\/#primaryimage"},"image":{"@id":"https:\/\/visitviskovo.hr\/it\/cosa-fare\/ideje-za-boravak\/cinque-percorsi-ciclabili-per-tutte-le-generazioni\/#primaryimage"},"thumbnailUrl":"https:\/\/visitviskovo.hr\/wp-content\/uploads\/2024\/04\/Bike-2.jpg","datePublished":"2024-04-08T13:13:05+00:00","dateModified":"2024-04-08T13:13:07+00:00","breadcrumb":{"@id":"https:\/\/visitviskovo.hr\/it\/cosa-fare\/ideje-za-boravak\/cinque-percorsi-ciclabili-per-tutte-le-generazioni\/#breadcrumb"},"inLanguage":"it-IT","potentialAction":[{"@type":"ReadAction","target":["https:\/\/visitviskovo.hr\/it\/cosa-fare\/ideje-za-boravak\/cinque-percorsi-ciclabili-per-tutte-le-generazioni\/"]}]},{"@type":"ImageObject","inLanguage":"it-IT","@id":"https:\/\/visitviskovo.hr\/it\/cosa-fare\/ideje-za-boravak\/cinque-percorsi-ciclabili-per-tutte-le-generazioni\/#primaryimage","url":"https:\/\/visitviskovo.hr\/wp-content\/uploads\/2024\/04\/Bike-2.jpg","contentUrl":"https:\/\/visitviskovo.hr\/wp-content\/uploads\/2024\/04\/Bike-2.jpg","width":1920,"height":1280},{"@type":"BreadcrumbList","@id":"https:\/\/visitviskovo.hr\/it\/cosa-fare\/ideje-za-boravak\/cinque-percorsi-ciclabili-per-tutte-le-generazioni\/#breadcrumb","itemListElement":[{"@type":"ListItem","position":1,"name":"Home","item":"https:\/\/visitviskovo.hr\/it\/"},{"@type":"ListItem","position":2,"name":"Cosa fare","item":"https:\/\/visitviskovo.hr\/it\/cosa-fare\/"},{"@type":"ListItem","position":3,"name":"Personalizza il tuo soggiorno","item":"https:\/\/visitviskovo.hr\/it\/cosa-fare\/ideje-za-boravak\/"},{"@type":"ListItem","position":4,"name":"Cinque percorsi ciclabili per tutte le generazioni"}]},{"@type":"WebSite","@id":"https:\/\/visitviskovo.hr\/it\/#website","url":"https:\/\/visitviskovo.hr\/it\/","name":"Turisti\u010dka zajednica op\u0107ine Vi\u0161kovo","description":"","potentialAction":[{"@type":"SearchAction","target":{"@type":"EntryPoint","urlTemplate":"https:\/\/visitviskovo.hr\/it\/?s={search_term_string}"},"query-input":"required name=search_term_string"}],"inLanguage":"it-IT"}]}},"_links":{"self":[{"href":"https:\/\/visitviskovo.hr\/it\/wp-json\/wp\/v2\/pages\/20952"}],"collection":[{"href":"https:\/\/visitviskovo.hr\/it\/wp-json\/wp\/v2\/pages"}],"about":[{"href":"https:\/\/visitviskovo.hr\/it\/wp-json\/wp\/v2\/types\/page"}],"author":[{"embeddable":true,"href":"https:\/\/visitviskovo.hr\/it\/wp-json\/wp\/v2\/users\/4"}],"replies":[{"embeddable":true,"href":"https:\/\/visitviskovo.hr\/it\/wp-json\/wp\/v2\/comments?post=20952"}],"version-history":[{"count":1,"href":"https:\/\/visitviskovo.hr\/it\/wp-json\/wp\/v2\/pages\/20952\/revisions"}],"predecessor-version":[{"id":20953,"href":"https:\/\/visitviskovo.hr\/it\/wp-json\/wp\/v2\/pages\/20952\/revisions\/20953"}],"up":[{"embeddable":true,"href":"https:\/\/visitviskovo.hr\/it\/wp-json\/wp\/v2\/pages\/8144"}],"wp:featuredmedia":[{"embeddable":true,"href":"https:\/\/visitviskovo.hr\/it\/wp-json\/wp\/v2\/media\/20938"}],"wp:attachment":[{"href":"https:\/\/visitviskovo.hr\/it\/wp-json\/wp\/v2\/media?parent=20952"}],"curies":[{"name":"wp","href":"https:\/\/api.w.org\/{rel}","templated":true}]}}