{"id":20958,"date":"2024-04-09T06:53:46","date_gmt":"2024-04-09T06:53:46","guid":{"rendered":"https:\/\/visitviskovo.hr\/?page_id=20958"},"modified":"2024-04-09T06:53:49","modified_gmt":"2024-04-09T06:53:49","slug":"quattro-oasi-di-pace-e-tranquillita","status":"publish","type":"page","link":"https:\/\/visitviskovo.hr\/it\/cosa-fare\/ideje-za-boravak\/quattro-oasi-di-pace-e-tranquillita\/","title":{"rendered":"Quattro oasi di pace e tranquillit\u00e0"},"content":{"rendered":"\n<p>I nostri sentieri e percorsi sono piccole oasi di pace e tranquillit\u00e0 con un aspetto diverso in ogni stagione. Questo dolce paesaggio v&#8217;invita a esplorare i dintorni. Gli antichi sentieri dalla zona sono delimitati da antichi muri a secco. Mentre passeggiate da un villaggio all&#8221;altro, v&#8221;imbattete in boschetti verde e doline profonde. Quest&#8221;attraente paesaggio si trova a pochi passi dalle strade principali e v&#8221;invita a fare una passeggiata o un giro in bicicletta tra i terreni terrazzati ricoperti di alberi autoctoni tra le cui chiome nidificano gli uccelli come le cince, i merli e le ghiandaie mentre i falchi il sorvolano. Camminando su sentieri lunghi o corto o su salite dolci o leggermente pi\u00f9 ripide, un osservatore attento pu\u00f2 scorgere un cervo, una volpe o una martora o ascoltare in lontananza la canzone di un usignolo! Inoltre, qui si possono osservare le groma\u010de, ovvero muri a secco che delimitano i percorsi e circondano i kali\u0107i \u2013 dei piccoli acquitrini che servivano per abbeverare il bestiame.<\/p>\n\n\n\n<h2 class=\"wp-block-heading\">Il sentiero pedonale Milohni<br><\/h2>\n\n\n\n<p>Il sentiero pedonale Milohni l&#8217;invita a fare una passeggiata in una zona interessante dall&#8217;atmosfera tranquilla e pacifica. Passeggiando nel bosco in direzione dell&#8217;incantevole citta di Kastav (Castua) o verso il tipico paesaggio carsico dell&#8217;acquitrino (pozzo) Kapitovac, vi troverete circondati da un\u2019oasi di pace e tranquillit\u00e0.&nbsp;<\/p>\n\n\n\n<p>Questo sentiero circolare, che passa lungo varie doline carsiche, si percorre facilmente in un\u2019oretta ed \u00e8 l\u2019ideale per una passeggiata pomeridiana. Dal villaggio di Milohni, il sentiero conduce attraverso il bosco in direzione di Kastav. Dopo una breve sosta, si svolta a sinistra, dove si offrono due possibilit\u00e0. Il sentiero a destra conduce a \u0160porova Jama e alla citt\u00e0 di Kastav mentre a sinistra il sentiero porta verso Bezjaki e offre splendide vedute sul Quarnero. Questa direzione offre anche due possibilit\u00e0. Una salita pi\u00f9 facile conduce all\u2019incrocio \u2013 a sinistra si ritorna a Milohni mentre continuando dritto, si raggiunge Bezjaki. Da Bezjaki, il percorso conduce a Srdo\u010di e Zamet.Il sentiero pedonale Milohni conduce anche al\u00a0kali\u0107\u00a0(acquitrino) Kapitovac, situato in una profonda dolina vicino al villaggio di Milohni. Il sentiero di accesso, delimitato da muretti a secco, conduce a una profonda dolina. Lungo un ripido sentiero si raggiunge il\u00a0kali\u0107\u00a0(acquitrino) murato circondrato da latifoglie. Scegliendo qualsiasi di queste direzioni, avrete l\u2019opportunit\u00e0 di scoprire alcune parti meno conosciute dell\u2019area di Kastav.<\/p>\n\n\n\n<h2 class=\"wp-block-heading\">Il piccolo sentiero Puti\u0107 od mi\u0107e i vele sopele<\/h2>\n\n\n\n<p>Il piccolo sentiero Puti\u0107 od mi\u0107e i vele sopele (picole e grandi sopile) rievoca antiche melodie che sono state conservate grazie agli sforzi di Ivan Mateti\u0107 Ronjgov, la sui casa natale si trova nelle immediate vicinanze. In passato, su questo sentiero camminava lo stesso compositore e ascoltava i canti della gente del posto mentre lavoravano nei campi trascrivendoli in note.\u00a0Una parte del sentiero conduce in una piccola area di sosta circondata da muri a secco, un tipico elemento architettonico localmente noto come\u00a0groma\u010da. Dopo circa 350 m, raggiungerete un punto panoramico che offre una vista sulla natura incontaminata e sulla citt\u00e0 storica di Kastav. In ogni stagione, il terreno carsico vi accoglie in un\u2019area boscosa ricoperta per lo pi\u00f9 da carpini, querce e bassa vegetazione.<\/p>\n\n\n\n<h2 class=\"wp-block-heading\">Il sentiero Ple\u0161ivac<\/h2>\n\n\n\n<p>Il sentiero Ple\u0161ivac \u00e8 adatto a tutte le et\u00e0. Le sue salite sono poco esigenti e ideali per ricrearsi e godersi i paesaggi boschivi. Questo sentiero, lungo 8,6 km, collega i villaggi di Mar\u010delji e Tiblja\u0161i e la sua cima pi\u00f9 alta ovvero Ple\u0161ivac (ple\u0161iv&nbsp;significa calvo) si trova a un\u2019altitudine di 429 m. Questo percorso pedonale \u00e8 collegato a un percorso ciclabile che conduce a Ronjgi e alla casa natale di Ivan Mateti\u0107 Ronjgov, che oggi funge da istituzione culturale e centro memoriale.<\/p>\n\n\n\n<p>Partendo dalla vecchia scuola di Mar\u010delji verso il villaggio di Bi\u0161kupi e un\u2019area di sosta, i percorsi si dividono. Uno conduce a Mladeni\u0107i, Petrci e Tiblja\u0161i mentre l\u2019altro conduce verso Kablari a Drenova. Da Tiblja\u0161i, potete raggiungere il sentiero Drenova-Pehlin e dirigervi verso Rijeka.<\/p>\n\n\n\n<h2 class=\"wp-block-heading\">Il sentiero Lon\u010deva gri\u017ea<\/h2>\n\n\n\n<p>Questo percorso pedonale lungo 15 km \u00e8 pi\u00f9 impegnativo e offre una vista meravigliosa sul Golfo del Quarnero, sulle montagne del Gorski Kotar e sui territori di Kastav e Grobnik, in particolare dalle rocce calcaree sulla cima di Lon\u010deva Gri\u017ea 506 m sopra il livello del mare (gri\u017ea\u00a0significa cumulo di rocce). In questo punto panoramico sono stati allestiti dei pannelli in dialetto ciacavo, in lingua croata e inglese con informazioni sull\u2019ex cava di Lon\u010deva Gri\u017ea, da dove in passato venivano estratti blocchi di roccia. Una cava pi\u00f9 piccola situata sopra il villaggio di Skva\u017ei\u0107i venne utilizzata per le esigenze del villaggio e delle aree circostanti. Una mostra di antichi strumenti per intagliare e modellare la pietra su una roccia della vecchia cava fornisce informazioni sulle usanze del territorio di Halubje.<\/p>\n","protected":false},"excerpt":{"rendered":"<p>I nostri sentieri e percorsi sono piccole oasi di pace e tranquillit\u00e0 con un aspetto diverso in ogni stagione. Questo dolce paesaggio v&#8217;invita a esplorare i dintorni. Gli antichi sentieri dalla zona sono delimitati da antichi muri a secco. Mentre passeggiate da un villaggio all&#8221;altro, v&#8221;imbattete in boschetti verde e doline profonde. Quest&#8221;attraente paesaggio si [&hellip;]<\/p>\n","protected":false},"author":4,"featured_media":19996,"parent":8144,"menu_order":0,"comment_status":"closed","ping_status":"closed","template":"","meta":{"_acf_changed":false,"footnotes":""},"acf":[],"yoast_head":"<!-- This site is optimized with the Yoast SEO plugin v22.7 - https:\/\/yoast.com\/wordpress\/plugins\/seo\/ -->\n<title>Quattro oasi di pace e tranquillit\u00e0 - Turisti\u010dka zajednica op\u0107ine Vi\u0161kovo<\/title>\n<meta name=\"robots\" content=\"index, follow, max-snippet:-1, max-image-preview:large, max-video-preview:-1\" \/>\n<link rel=\"canonical\" href=\"https:\/\/visitviskovo.hr\/it\/cosa-fare\/ideje-za-boravak\/quattro-oasi-di-pace-e-tranquillita\/\" \/>\n<meta property=\"og:locale\" content=\"it_IT\" \/>\n<meta property=\"og:type\" content=\"article\" \/>\n<meta property=\"og:title\" content=\"Quattro oasi di pace e tranquillit\u00e0 - Turisti\u010dka zajednica op\u0107ine Vi\u0161kovo\" \/>\n<meta property=\"og:description\" content=\"I nostri sentieri e percorsi sono piccole oasi di pace e tranquillit\u00e0 con un aspetto diverso in ogni stagione. Questo dolce paesaggio v&#8217;invita a esplorare i dintorni. Gli antichi sentieri dalla zona sono delimitati da antichi muri a secco. Mentre passeggiate da un villaggio all&#8221;altro, v&#8221;imbattete in boschetti verde e doline profonde. Quest&#8221;attraente paesaggio si [&hellip;]\" \/>\n<meta property=\"og:url\" content=\"https:\/\/visitviskovo.hr\/it\/cosa-fare\/ideje-za-boravak\/quattro-oasi-di-pace-e-tranquillita\/\" \/>\n<meta property=\"og:site_name\" content=\"Turisti\u010dka zajednica op\u0107ine Vi\u0161kovo\" \/>\n<meta property=\"article:publisher\" content=\"https:\/\/web.facebook.com\/VisitViskovo\" \/>\n<meta property=\"article:modified_time\" content=\"2024-04-09T06:53:49+00:00\" \/>\n<meta property=\"og:image\" content=\"https:\/\/visitviskovo.hr\/wp-content\/uploads\/2022\/09\/45-1-scaled.jpg\" \/>\n\t<meta property=\"og:image:width\" content=\"2560\" \/>\n\t<meta property=\"og:image:height\" content=\"1707\" \/>\n\t<meta property=\"og:image:type\" content=\"image\/jpeg\" \/>\n<meta name=\"twitter:card\" content=\"summary_large_image\" \/>\n<meta name=\"twitter:label1\" content=\"Tempo di lettura stimato\" \/>\n\t<meta name=\"twitter:data1\" content=\"5 minuti\" \/>\n<script type=\"application\/ld+json\" class=\"yoast-schema-graph\">{\"@context\":\"https:\/\/schema.org\",\"@graph\":[{\"@type\":\"WebPage\",\"@id\":\"https:\/\/visitviskovo.hr\/it\/cosa-fare\/ideje-za-boravak\/quattro-oasi-di-pace-e-tranquillita\/\",\"url\":\"https:\/\/visitviskovo.hr\/it\/cosa-fare\/ideje-za-boravak\/quattro-oasi-di-pace-e-tranquillita\/\",\"name\":\"Quattro oasi di pace e tranquillit\u00e0 - Turisti\u010dka zajednica op\u0107ine Vi\u0161kovo\",\"isPartOf\":{\"@id\":\"https:\/\/visitviskovo.hr\/it\/#website\"},\"primaryImageOfPage\":{\"@id\":\"https:\/\/visitviskovo.hr\/it\/cosa-fare\/ideje-za-boravak\/quattro-oasi-di-pace-e-tranquillita\/#primaryimage\"},\"image\":{\"@id\":\"https:\/\/visitviskovo.hr\/it\/cosa-fare\/ideje-za-boravak\/quattro-oasi-di-pace-e-tranquillita\/#primaryimage\"},\"thumbnailUrl\":\"https:\/\/visitviskovo.hr\/wp-content\/uploads\/2022\/09\/45-1-scaled.jpg\",\"datePublished\":\"2024-04-09T06:53:46+00:00\",\"dateModified\":\"2024-04-09T06:53:49+00:00\",\"breadcrumb\":{\"@id\":\"https:\/\/visitviskovo.hr\/it\/cosa-fare\/ideje-za-boravak\/quattro-oasi-di-pace-e-tranquillita\/#breadcrumb\"},\"inLanguage\":\"it-IT\",\"potentialAction\":[{\"@type\":\"ReadAction\",\"target\":[\"https:\/\/visitviskovo.hr\/it\/cosa-fare\/ideje-za-boravak\/quattro-oasi-di-pace-e-tranquillita\/\"]}]},{\"@type\":\"ImageObject\",\"inLanguage\":\"it-IT\",\"@id\":\"https:\/\/visitviskovo.hr\/it\/cosa-fare\/ideje-za-boravak\/quattro-oasi-di-pace-e-tranquillita\/#primaryimage\",\"url\":\"https:\/\/visitviskovo.hr\/wp-content\/uploads\/2022\/09\/45-1-scaled.jpg\",\"contentUrl\":\"https:\/\/visitviskovo.hr\/wp-content\/uploads\/2022\/09\/45-1-scaled.jpg\",\"width\":2560,\"height\":1707},{\"@type\":\"BreadcrumbList\",\"@id\":\"https:\/\/visitviskovo.hr\/it\/cosa-fare\/ideje-za-boravak\/quattro-oasi-di-pace-e-tranquillita\/#breadcrumb\",\"itemListElement\":[{\"@type\":\"ListItem\",\"position\":1,\"name\":\"Home\",\"item\":\"https:\/\/visitviskovo.hr\/it\/\"},{\"@type\":\"ListItem\",\"position\":2,\"name\":\"Cosa fare\",\"item\":\"https:\/\/visitviskovo.hr\/it\/cosa-fare\/\"},{\"@type\":\"ListItem\",\"position\":3,\"name\":\"Personalizza il tuo soggiorno\",\"item\":\"https:\/\/visitviskovo.hr\/it\/cosa-fare\/ideje-za-boravak\/\"},{\"@type\":\"ListItem\",\"position\":4,\"name\":\"Quattro oasi di pace e tranquillit\u00e0\"}]},{\"@type\":\"WebSite\",\"@id\":\"https:\/\/visitviskovo.hr\/it\/#website\",\"url\":\"https:\/\/visitviskovo.hr\/it\/\",\"name\":\"Turisti\u010dka zajednica op\u0107ine Vi\u0161kovo\",\"description\":\"\",\"potentialAction\":[{\"@type\":\"SearchAction\",\"target\":{\"@type\":\"EntryPoint\",\"urlTemplate\":\"https:\/\/visitviskovo.hr\/it\/?s={search_term_string}\"},\"query-input\":\"required name=search_term_string\"}],\"inLanguage\":\"it-IT\"}]}<\/script>\n<!-- \/ Yoast SEO plugin. -->","yoast_head_json":{"title":"Quattro oasi di pace e tranquillit\u00e0 - Turisti\u010dka zajednica op\u0107ine Vi\u0161kovo","robots":{"index":"index","follow":"follow","max-snippet":"max-snippet:-1","max-image-preview":"max-image-preview:large","max-video-preview":"max-video-preview:-1"},"canonical":"https:\/\/visitviskovo.hr\/it\/cosa-fare\/ideje-za-boravak\/quattro-oasi-di-pace-e-tranquillita\/","og_locale":"it_IT","og_type":"article","og_title":"Quattro oasi di pace e tranquillit\u00e0 - Turisti\u010dka zajednica op\u0107ine Vi\u0161kovo","og_description":"I nostri sentieri e percorsi sono piccole oasi di pace e tranquillit\u00e0 con un aspetto diverso in ogni stagione. Questo dolce paesaggio v&#8217;invita a esplorare i dintorni. Gli antichi sentieri dalla zona sono delimitati da antichi muri a secco. Mentre passeggiate da un villaggio all&#8221;altro, v&#8221;imbattete in boschetti verde e doline profonde. Quest&#8221;attraente paesaggio si [&hellip;]","og_url":"https:\/\/visitviskovo.hr\/it\/cosa-fare\/ideje-za-boravak\/quattro-oasi-di-pace-e-tranquillita\/","og_site_name":"Turisti\u010dka zajednica op\u0107ine Vi\u0161kovo","article_publisher":"https:\/\/web.facebook.com\/VisitViskovo","article_modified_time":"2024-04-09T06:53:49+00:00","og_image":[{"width":2560,"height":1707,"url":"https:\/\/visitviskovo.hr\/wp-content\/uploads\/2022\/09\/45-1-scaled.jpg","type":"image\/jpeg"}],"twitter_card":"summary_large_image","twitter_misc":{"Tempo di lettura stimato":"5 minuti"},"schema":{"@context":"https:\/\/schema.org","@graph":[{"@type":"WebPage","@id":"https:\/\/visitviskovo.hr\/it\/cosa-fare\/ideje-za-boravak\/quattro-oasi-di-pace-e-tranquillita\/","url":"https:\/\/visitviskovo.hr\/it\/cosa-fare\/ideje-za-boravak\/quattro-oasi-di-pace-e-tranquillita\/","name":"Quattro oasi di pace e tranquillit\u00e0 - Turisti\u010dka zajednica op\u0107ine Vi\u0161kovo","isPartOf":{"@id":"https:\/\/visitviskovo.hr\/it\/#website"},"primaryImageOfPage":{"@id":"https:\/\/visitviskovo.hr\/it\/cosa-fare\/ideje-za-boravak\/quattro-oasi-di-pace-e-tranquillita\/#primaryimage"},"image":{"@id":"https:\/\/visitviskovo.hr\/it\/cosa-fare\/ideje-za-boravak\/quattro-oasi-di-pace-e-tranquillita\/#primaryimage"},"thumbnailUrl":"https:\/\/visitviskovo.hr\/wp-content\/uploads\/2022\/09\/45-1-scaled.jpg","datePublished":"2024-04-09T06:53:46+00:00","dateModified":"2024-04-09T06:53:49+00:00","breadcrumb":{"@id":"https:\/\/visitviskovo.hr\/it\/cosa-fare\/ideje-za-boravak\/quattro-oasi-di-pace-e-tranquillita\/#breadcrumb"},"inLanguage":"it-IT","potentialAction":[{"@type":"ReadAction","target":["https:\/\/visitviskovo.hr\/it\/cosa-fare\/ideje-za-boravak\/quattro-oasi-di-pace-e-tranquillita\/"]}]},{"@type":"ImageObject","inLanguage":"it-IT","@id":"https:\/\/visitviskovo.hr\/it\/cosa-fare\/ideje-za-boravak\/quattro-oasi-di-pace-e-tranquillita\/#primaryimage","url":"https:\/\/visitviskovo.hr\/wp-content\/uploads\/2022\/09\/45-1-scaled.jpg","contentUrl":"https:\/\/visitviskovo.hr\/wp-content\/uploads\/2022\/09\/45-1-scaled.jpg","width":2560,"height":1707},{"@type":"BreadcrumbList","@id":"https:\/\/visitviskovo.hr\/it\/cosa-fare\/ideje-za-boravak\/quattro-oasi-di-pace-e-tranquillita\/#breadcrumb","itemListElement":[{"@type":"ListItem","position":1,"name":"Home","item":"https:\/\/visitviskovo.hr\/it\/"},{"@type":"ListItem","position":2,"name":"Cosa fare","item":"https:\/\/visitviskovo.hr\/it\/cosa-fare\/"},{"@type":"ListItem","position":3,"name":"Personalizza il tuo soggiorno","item":"https:\/\/visitviskovo.hr\/it\/cosa-fare\/ideje-za-boravak\/"},{"@type":"ListItem","position":4,"name":"Quattro oasi di pace e tranquillit\u00e0"}]},{"@type":"WebSite","@id":"https:\/\/visitviskovo.hr\/it\/#website","url":"https:\/\/visitviskovo.hr\/it\/","name":"Turisti\u010dka zajednica op\u0107ine Vi\u0161kovo","description":"","potentialAction":[{"@type":"SearchAction","target":{"@type":"EntryPoint","urlTemplate":"https:\/\/visitviskovo.hr\/it\/?s={search_term_string}"},"query-input":"required name=search_term_string"}],"inLanguage":"it-IT"}]}},"_links":{"self":[{"href":"https:\/\/visitviskovo.hr\/it\/wp-json\/wp\/v2\/pages\/20958"}],"collection":[{"href":"https:\/\/visitviskovo.hr\/it\/wp-json\/wp\/v2\/pages"}],"about":[{"href":"https:\/\/visitviskovo.hr\/it\/wp-json\/wp\/v2\/types\/page"}],"author":[{"embeddable":true,"href":"https:\/\/visitviskovo.hr\/it\/wp-json\/wp\/v2\/users\/4"}],"replies":[{"embeddable":true,"href":"https:\/\/visitviskovo.hr\/it\/wp-json\/wp\/v2\/comments?post=20958"}],"version-history":[{"count":1,"href":"https:\/\/visitviskovo.hr\/it\/wp-json\/wp\/v2\/pages\/20958\/revisions"}],"predecessor-version":[{"id":20959,"href":"https:\/\/visitviskovo.hr\/it\/wp-json\/wp\/v2\/pages\/20958\/revisions\/20959"}],"up":[{"embeddable":true,"href":"https:\/\/visitviskovo.hr\/it\/wp-json\/wp\/v2\/pages\/8144"}],"wp:featuredmedia":[{"embeddable":true,"href":"https:\/\/visitviskovo.hr\/it\/wp-json\/wp\/v2\/media\/19996"}],"wp:attachment":[{"href":"https:\/\/visitviskovo.hr\/it\/wp-json\/wp\/v2\/media?parent=20958"}],"curies":[{"name":"wp","href":"https:\/\/api.w.org\/{rel}","templated":true}]}}