{"id":21702,"date":"2024-07-04T10:41:09","date_gmt":"2024-07-04T10:41:09","guid":{"rendered":"https:\/\/visitviskovo.hr\/?page_id=21702"},"modified":"2024-07-04T10:41:10","modified_gmt":"2024-07-04T10:41:10","slug":"casa-degli-scampanatori-dello-halubje","status":"publish","type":"page","link":"https:\/\/visitviskovo.hr\/it\/cosa-fare\/casa-degli-scampanatori-dello-halubje\/","title":{"rendered":"Casa degli scampanatori dello Halubje"},"content":{"rendered":"\n<p>Da quest&#8217;anno c&#8217;\u00e8 un nuovo punto che dovete visitare durante il vostro soggiorno in Quarnero. A Vi\u0161kovo, un luogo sopra Abbazia e Fiume, subito accanto a Castua, \u00e8 stata aperta la Casa degli scampanatori dello Halubje, un luogo unico dove potete esplorare il ricco patrimonio culturale immateriale di questo territorio, godere numerosi programmi, acquistare souvenir autoctoni e originali, e presto gustare anche le delizie locali e piatti selezionati per cui la nostra regione \u00e8 conosciuta.<\/p>\n\n\n\n<p>Nella Casa degli scampanatori dello Halubje potete godere una mostra permanente dedicata alla parata annuale degli scampanatori, una tradizione che l&#8217;UNESCO ha inserito nella lista rappresentativa del patrimonio culturale immateriale dell&#8217;umanit\u00e0. L&#8217;apertura di questa istituzione ha confermato la reputazione di Vi\u0161kovo come capitale croata del patrimonio culturale immateriale dell&#8217;UNESCO, poich\u00e9 in quest&#8217;area ben quattro patrimoni immateriali sono stati inseriti in questa prestigiosa lista.<\/p>\n\n\n\n<p>Ma chi sono <a href=\"https:\/\/visitviskovo.hr\/it\/cosa-fare\/halubajski-zvoncari-scampanatori-di-halubje\/\">gli scampanatori dello Halubje<\/a>? Perch\u00e9 sono speciali e perch\u00e9 dovete vederli?<\/p>\n\n\n\n<p>Loro scacciano l&#8217;inverno e chiamano la primavera! Sono coraggiosi! Sono forti! Sono i rappresentanti della nostra lunga storia, la nostra ricca comunit\u00e0 del presente, ma anche il nostro futuro. Gli scampanatori dello Halubje sono un fenomeno culturale ben noto, le cui radici risalgono a tempi antichi.<\/p>\n\n\n\n<p>La Casa degli scampanatori dello Halubje presenta in modo attraente l&#8217;antica tradizione, interpretando il passato e la mitologia ancora viva. L&#8217;esposizione \u00e8 educativa, interattiva e divertente, adatta ai bambini e agli adulti. Contiene oggetti originali e antichi legati agli scampanatori e alla vita tradizionale della popolazione locale, ma anche contenuti multimediali moderni che faranno felici i bambini e coloro che si sentono tali.<\/p>\n\n\n\n<p>Venite a trovarci, esplorate la nostra storia, conoscete gli scampanatori, godetevi l&#8217;atmosfera e le prelibatezze locali, e scoprite Vi\u0161kovo e il Quarnero.<\/p>\n\n\n\n<p>La Casa degli scampanatori dello Halubje \u00e8 aperta ai visitatori il marted\u00ec, mercoled\u00ec e gioved\u00ec dalle 10 alle 16, il venerd\u00ec e il sabato dalle 10 alle 20, e la domenica dalle 10 alle 14.<\/p>\n\n\n\n<p>Tutte le altre informazioni, come pure le informazioni sugli orari di lavoro e sui programmi, potete trovare su <a href=\"https:\/\/khz.hr\/\">www.KHZ.hr<\/a>.<\/p>\n\n\n\n<p>Visitate la Casa degli scampanatori dello Halubje gi\u00e0 questa estate e portate per primi tra i vostri colleghi e amici foto attraenti dall&#8217;esposizione o dai programmi divertenti.<\/p>\n","protected":false},"excerpt":{"rendered":"<p>Da quest&#8217;anno c&#8217;\u00e8 un nuovo punto che dovete visitare durante il vostro soggiorno in Quarnero. A Vi\u0161kovo, un luogo sopra Abbazia e Fiume, subito accanto a Castua, \u00e8 stata aperta la Casa degli scampanatori dello Halubje, un luogo unico dove potete esplorare il ricco patrimonio culturale immateriale di questo territorio, godere numerosi programmi, acquistare souvenir [&hellip;]<\/p>\n","protected":false},"author":4,"featured_media":21629,"parent":3919,"menu_order":0,"comment_status":"closed","ping_status":"closed","template":"","meta":{"_acf_changed":false,"footnotes":""},"acf":[],"yoast_head":"<!-- This site is optimized with the Yoast SEO plugin v22.7 - https:\/\/yoast.com\/wordpress\/plugins\/seo\/ -->\n<title>Casa degli scampanatori dello Halubje - Turisti\u010dka zajednica op\u0107ine Vi\u0161kovo<\/title>\n<meta name=\"robots\" content=\"index, follow, max-snippet:-1, max-image-preview:large, max-video-preview:-1\" \/>\n<link rel=\"canonical\" href=\"https:\/\/visitviskovo.hr\/it\/cosa-fare\/casa-degli-scampanatori-dello-halubje\/\" \/>\n<meta property=\"og:locale\" content=\"it_IT\" \/>\n<meta property=\"og:type\" content=\"article\" \/>\n<meta property=\"og:title\" content=\"Casa degli scampanatori dello Halubje - Turisti\u010dka zajednica op\u0107ine Vi\u0161kovo\" \/>\n<meta property=\"og:description\" content=\"Da quest&#8217;anno c&#8217;\u00e8 un nuovo punto che dovete visitare durante il vostro soggiorno in Quarnero. A Vi\u0161kovo, un luogo sopra Abbazia e Fiume, subito accanto a Castua, \u00e8 stata aperta la Casa degli scampanatori dello Halubje, un luogo unico dove potete esplorare il ricco patrimonio culturale immateriale di questo territorio, godere numerosi programmi, acquistare souvenir [&hellip;]\" \/>\n<meta property=\"og:url\" content=\"https:\/\/visitviskovo.hr\/it\/cosa-fare\/casa-degli-scampanatori-dello-halubje\/\" \/>\n<meta property=\"og:site_name\" content=\"Turisti\u010dka zajednica op\u0107ine Vi\u0161kovo\" \/>\n<meta property=\"article:publisher\" content=\"https:\/\/web.facebook.com\/VisitViskovo\" \/>\n<meta property=\"article:modified_time\" content=\"2024-07-04T10:41:10+00:00\" \/>\n<meta property=\"og:image\" content=\"https:\/\/visitviskovo.hr\/wp-content\/uploads\/2024\/06\/KHZ-2.jpg\" \/>\n\t<meta property=\"og:image:width\" content=\"1920\" \/>\n\t<meta property=\"og:image:height\" content=\"1281\" \/>\n\t<meta property=\"og:image:type\" content=\"image\/jpeg\" \/>\n<meta name=\"twitter:card\" content=\"summary_large_image\" \/>\n<meta name=\"twitter:label1\" content=\"Tempo di lettura stimato\" \/>\n\t<meta name=\"twitter:data1\" content=\"2 minuti\" \/>\n<script type=\"application\/ld+json\" class=\"yoast-schema-graph\">{\"@context\":\"https:\/\/schema.org\",\"@graph\":[{\"@type\":\"WebPage\",\"@id\":\"https:\/\/visitviskovo.hr\/it\/cosa-fare\/casa-degli-scampanatori-dello-halubje\/\",\"url\":\"https:\/\/visitviskovo.hr\/it\/cosa-fare\/casa-degli-scampanatori-dello-halubje\/\",\"name\":\"Casa degli scampanatori dello Halubje - Turisti\u010dka zajednica op\u0107ine Vi\u0161kovo\",\"isPartOf\":{\"@id\":\"https:\/\/visitviskovo.hr\/it\/#website\"},\"primaryImageOfPage\":{\"@id\":\"https:\/\/visitviskovo.hr\/it\/cosa-fare\/casa-degli-scampanatori-dello-halubje\/#primaryimage\"},\"image\":{\"@id\":\"https:\/\/visitviskovo.hr\/it\/cosa-fare\/casa-degli-scampanatori-dello-halubje\/#primaryimage\"},\"thumbnailUrl\":\"https:\/\/visitviskovo.hr\/wp-content\/uploads\/2024\/06\/KHZ-2.jpg\",\"datePublished\":\"2024-07-04T10:41:09+00:00\",\"dateModified\":\"2024-07-04T10:41:10+00:00\",\"breadcrumb\":{\"@id\":\"https:\/\/visitviskovo.hr\/it\/cosa-fare\/casa-degli-scampanatori-dello-halubje\/#breadcrumb\"},\"inLanguage\":\"it-IT\",\"potentialAction\":[{\"@type\":\"ReadAction\",\"target\":[\"https:\/\/visitviskovo.hr\/it\/cosa-fare\/casa-degli-scampanatori-dello-halubje\/\"]}]},{\"@type\":\"ImageObject\",\"inLanguage\":\"it-IT\",\"@id\":\"https:\/\/visitviskovo.hr\/it\/cosa-fare\/casa-degli-scampanatori-dello-halubje\/#primaryimage\",\"url\":\"https:\/\/visitviskovo.hr\/wp-content\/uploads\/2024\/06\/KHZ-2.jpg\",\"contentUrl\":\"https:\/\/visitviskovo.hr\/wp-content\/uploads\/2024\/06\/KHZ-2.jpg\",\"width\":1920,\"height\":1281},{\"@type\":\"BreadcrumbList\",\"@id\":\"https:\/\/visitviskovo.hr\/it\/cosa-fare\/casa-degli-scampanatori-dello-halubje\/#breadcrumb\",\"itemListElement\":[{\"@type\":\"ListItem\",\"position\":1,\"name\":\"Home\",\"item\":\"https:\/\/visitviskovo.hr\/it\/\"},{\"@type\":\"ListItem\",\"position\":2,\"name\":\"Cosa fare\",\"item\":\"https:\/\/visitviskovo.hr\/it\/cosa-fare\/\"},{\"@type\":\"ListItem\",\"position\":3,\"name\":\"Casa degli scampanatori dello Halubje\"}]},{\"@type\":\"WebSite\",\"@id\":\"https:\/\/visitviskovo.hr\/it\/#website\",\"url\":\"https:\/\/visitviskovo.hr\/it\/\",\"name\":\"Turisti\u010dka zajednica op\u0107ine Vi\u0161kovo\",\"description\":\"\",\"potentialAction\":[{\"@type\":\"SearchAction\",\"target\":{\"@type\":\"EntryPoint\",\"urlTemplate\":\"https:\/\/visitviskovo.hr\/it\/?s={search_term_string}\"},\"query-input\":\"required name=search_term_string\"}],\"inLanguage\":\"it-IT\"}]}<\/script>\n<!-- \/ Yoast SEO plugin. -->","yoast_head_json":{"title":"Casa degli scampanatori dello Halubje - Turisti\u010dka zajednica op\u0107ine Vi\u0161kovo","robots":{"index":"index","follow":"follow","max-snippet":"max-snippet:-1","max-image-preview":"max-image-preview:large","max-video-preview":"max-video-preview:-1"},"canonical":"https:\/\/visitviskovo.hr\/it\/cosa-fare\/casa-degli-scampanatori-dello-halubje\/","og_locale":"it_IT","og_type":"article","og_title":"Casa degli scampanatori dello Halubje - Turisti\u010dka zajednica op\u0107ine Vi\u0161kovo","og_description":"Da quest&#8217;anno c&#8217;\u00e8 un nuovo punto che dovete visitare durante il vostro soggiorno in Quarnero. A Vi\u0161kovo, un luogo sopra Abbazia e Fiume, subito accanto a Castua, \u00e8 stata aperta la Casa degli scampanatori dello Halubje, un luogo unico dove potete esplorare il ricco patrimonio culturale immateriale di questo territorio, godere numerosi programmi, acquistare souvenir [&hellip;]","og_url":"https:\/\/visitviskovo.hr\/it\/cosa-fare\/casa-degli-scampanatori-dello-halubje\/","og_site_name":"Turisti\u010dka zajednica op\u0107ine Vi\u0161kovo","article_publisher":"https:\/\/web.facebook.com\/VisitViskovo","article_modified_time":"2024-07-04T10:41:10+00:00","og_image":[{"width":1920,"height":1281,"url":"https:\/\/visitviskovo.hr\/wp-content\/uploads\/2024\/06\/KHZ-2.jpg","type":"image\/jpeg"}],"twitter_card":"summary_large_image","twitter_misc":{"Tempo di lettura stimato":"2 minuti"},"schema":{"@context":"https:\/\/schema.org","@graph":[{"@type":"WebPage","@id":"https:\/\/visitviskovo.hr\/it\/cosa-fare\/casa-degli-scampanatori-dello-halubje\/","url":"https:\/\/visitviskovo.hr\/it\/cosa-fare\/casa-degli-scampanatori-dello-halubje\/","name":"Casa degli scampanatori dello Halubje - Turisti\u010dka zajednica op\u0107ine Vi\u0161kovo","isPartOf":{"@id":"https:\/\/visitviskovo.hr\/it\/#website"},"primaryImageOfPage":{"@id":"https:\/\/visitviskovo.hr\/it\/cosa-fare\/casa-degli-scampanatori-dello-halubje\/#primaryimage"},"image":{"@id":"https:\/\/visitviskovo.hr\/it\/cosa-fare\/casa-degli-scampanatori-dello-halubje\/#primaryimage"},"thumbnailUrl":"https:\/\/visitviskovo.hr\/wp-content\/uploads\/2024\/06\/KHZ-2.jpg","datePublished":"2024-07-04T10:41:09+00:00","dateModified":"2024-07-04T10:41:10+00:00","breadcrumb":{"@id":"https:\/\/visitviskovo.hr\/it\/cosa-fare\/casa-degli-scampanatori-dello-halubje\/#breadcrumb"},"inLanguage":"it-IT","potentialAction":[{"@type":"ReadAction","target":["https:\/\/visitviskovo.hr\/it\/cosa-fare\/casa-degli-scampanatori-dello-halubje\/"]}]},{"@type":"ImageObject","inLanguage":"it-IT","@id":"https:\/\/visitviskovo.hr\/it\/cosa-fare\/casa-degli-scampanatori-dello-halubje\/#primaryimage","url":"https:\/\/visitviskovo.hr\/wp-content\/uploads\/2024\/06\/KHZ-2.jpg","contentUrl":"https:\/\/visitviskovo.hr\/wp-content\/uploads\/2024\/06\/KHZ-2.jpg","width":1920,"height":1281},{"@type":"BreadcrumbList","@id":"https:\/\/visitviskovo.hr\/it\/cosa-fare\/casa-degli-scampanatori-dello-halubje\/#breadcrumb","itemListElement":[{"@type":"ListItem","position":1,"name":"Home","item":"https:\/\/visitviskovo.hr\/it\/"},{"@type":"ListItem","position":2,"name":"Cosa fare","item":"https:\/\/visitviskovo.hr\/it\/cosa-fare\/"},{"@type":"ListItem","position":3,"name":"Casa degli scampanatori dello Halubje"}]},{"@type":"WebSite","@id":"https:\/\/visitviskovo.hr\/it\/#website","url":"https:\/\/visitviskovo.hr\/it\/","name":"Turisti\u010dka zajednica op\u0107ine Vi\u0161kovo","description":"","potentialAction":[{"@type":"SearchAction","target":{"@type":"EntryPoint","urlTemplate":"https:\/\/visitviskovo.hr\/it\/?s={search_term_string}"},"query-input":"required name=search_term_string"}],"inLanguage":"it-IT"}]}},"_links":{"self":[{"href":"https:\/\/visitviskovo.hr\/it\/wp-json\/wp\/v2\/pages\/21702"}],"collection":[{"href":"https:\/\/visitviskovo.hr\/it\/wp-json\/wp\/v2\/pages"}],"about":[{"href":"https:\/\/visitviskovo.hr\/it\/wp-json\/wp\/v2\/types\/page"}],"author":[{"embeddable":true,"href":"https:\/\/visitviskovo.hr\/it\/wp-json\/wp\/v2\/users\/4"}],"replies":[{"embeddable":true,"href":"https:\/\/visitviskovo.hr\/it\/wp-json\/wp\/v2\/comments?post=21702"}],"version-history":[{"count":1,"href":"https:\/\/visitviskovo.hr\/it\/wp-json\/wp\/v2\/pages\/21702\/revisions"}],"predecessor-version":[{"id":21703,"href":"https:\/\/visitviskovo.hr\/it\/wp-json\/wp\/v2\/pages\/21702\/revisions\/21703"}],"up":[{"embeddable":true,"href":"https:\/\/visitviskovo.hr\/it\/wp-json\/wp\/v2\/pages\/3919"}],"wp:featuredmedia":[{"embeddable":true,"href":"https:\/\/visitviskovo.hr\/it\/wp-json\/wp\/v2\/media\/21629"}],"wp:attachment":[{"href":"https:\/\/visitviskovo.hr\/it\/wp-json\/wp\/v2\/media?parent=21702"}],"curies":[{"name":"wp","href":"https:\/\/api.w.org\/{rel}","templated":true}]}}