{"id":3156,"date":"2019-05-26T14:56:52","date_gmt":"2019-05-26T14:56:52","guid":{"rendered":"https:\/\/visitviskovo.hr\/viskovo\/kulturna-bastina\/vazni-ljudi-naseg-kraja\/"},"modified":"2020-05-12T10:48:51","modified_gmt":"2020-05-12T10:48:51","slug":"vazni-ljudi-naseg-kraja","status":"publish","type":"page","link":"https:\/\/visitviskovo.hr\/it\/viskovo\/kulturna-bastina\/vazni-ljudi-naseg-kraja\/","title":{"rendered":"Persone importanti"},"content":{"rendered":"\n<h2 class=\"wp-block-heading\">MATKO E IVAN BA\u0160TIJAN (BASTIAN)<\/h2>\n\n\n\n<p>Tra le personalit\u00e0 di spicco originarie della\nnostra zona dobbiamo assolutamente includere i fratelli gemelli Ivan e Matko\n(Mate) Ba\u0161tijan, nati a Gornji Jugi il 3 settembre 1828. Dopo la scuola\nelementare di Kastav, frequentarono la scuola superiore a Rijeka completando\ndue classi finali a Zagabria. In seguito, studiarono nei seminari di Gorizia e\nTrieste e nel 1852 presero i voti per diventare sacerdoti. Dopo un breve\nservizio di catechesi in Istria si stabilirono permanentemente a Trieste, dove\ninsegnavano catechismo nelle scuole. Matko mor\u00ec il 25 novembre 1885 e Ivan l&#8217;11\nmarzo 1886. Furono sepolti nel cimitero di Sant&#8217;Anna a Trieste.<\/p>\n\n\n\n<p>Entrambi i fratelli erano partecipanti attivi\nal risorgimento nazionale istriano e seguaci del vescovo Dobrila. Si presume\nsiano venuti in contatto con il movimento nazionale croato mentre erano a\nscuola a Zagabria nell&#8217;anno 1848. \u00c8&nbsp;particolarmente interessante il fatto\nche abbiano trascorso insieme tutta la vita. Il loro lavoro educativo,\nculturale, artistico e politico era strettamente legato e caratterizzato da un\ncostante aiuto e supporto reciproco.<\/p>\n\n\n\n<p>\u00c8 maggiormente conosciuta la vita e il lavoro\ndi Matko Ba\u0161tijan, che \u00e8 stato uno dei fondatori&nbsp;del giornale sul\nrisorgimento istriano <em>Na\u0161a sloga <\/em>nel\n1870. Anche se non fu mai il caporedattore del giornale, gli storici concordano\nsul fatto che fino all&#8217;ultimo ne fu il cuore e l&#8217;anima nonch\u00e9 l&#8217;autore di\nnumerosi articoli, poesie sul risorgimento, commenti e altri articoli. Egli fu\nanche l&#8217;autore dei celebri dialoghi, scritti in dialetto ciacavo, tra due\nipotetici contadini istriani &#8211; Jurina e Franina. Matko fu, innanzitutto,\nconsiderato un poeta e scrittore. In generale, il suo lavoro letterario fu poco\nconosciuto e spesso ignorato. Il suo primo poema &#8220;Liburnjanin, s vrha U\u010dke\nna povratku u domovinu&#8221; (Liburnese, dalla cima del Monte Maggiore al\nritorno in madrepatria), fu&nbsp;pubblicato nel giornale &#8220;Neven&#8221;.\n&nbsp;Gli altri testi letterari furono per lo pi\u00f9 pubblicati nella <em>Na\u0161a sloga<\/em>. Le poesie patriottiche che\ncostituiscono la maggior parte dei suoi testi lirici erano semplici e\ncomprensibili alla gente. Il suo grande talento poetico \u00e8 visibile da varie\nelegie. Altre sue opere sono note solamente in frammenti, come il dramma\n&#8220;Zadnji kastavski kapetan&#8221; (L&#8217;ultimo capitano di Castua) e altre.<\/p>\n\n\n\n<p>Ivan fu principalmente impegnato nella\npittura. Era un autodidatta, ma fu molto stimato come esperto d&#8217;arte perch\u00e9\nprocurava e valutava i quadri per il vescovo Strossmayer al quale chiese una\nborsa di studio di pittura a Roma, ma non la ottenne. Sono pochi i suoi dipinti\nrimasti. Certamente il pi\u00f9 importante dipinto di Ivan \u00e8 quello di San Matteo\nnella chiesa di Vi\u0161kovo. Gli altri sono quello di San Nicola a Kukuljanovo,\nSant&#8217;Anna a Volosko, San Antonio a Hum, San Luca a Rukavac e San Sebastiano a\nKastav. Egli dipinse anche la bandiera che gli abitanti di Kastav portavano da\nmolti anni durante il pellegrinaggio a Trsat. Si tratta di una bandiera con le\nfigure di Sant&#8217;Elena Imperatrice e della Madonna di Trsat, purtroppo persa.\nSpesso viene menzionato il ritratto del vescovo Strossmayer, ma nessuno sa per\ncerto della sua esistenza. Ha dipinto pure i personaggi Jurina e Franina di suo\nfratello per il giornale <em>Na\u0161a sloga<\/em>.\n\nIn occasione del centenario dalla nascita dei\nfratelli nel 1930 \u00e8 stata organizzata una grande celebrazione nella loro casa\nnatale dove \u00e8 stata posta una lapide commemorativa, opera di Milan Brozovi\u0107. Su\niniziativa della Societ\u00e0 letteraria croata della sezione di Vi\u0161kovo, la lapide\n\u00e8 stata ristrutturata nel 2009 dal Co\n\n\n\n<\/p>\n\n\n\n<h2 class=\"wp-block-heading\">IVAN MATETI\u0106 RONJGOV<\/h2>\n\n\n\n<p>Ivan Mateti\u0107 Ronjgov, etnomusicologo e compositore, nacque il 10 aprile 1880 a Ronjgi vicino a Vi\u0161kovo. Consegu\u00ec l&#8217;istruzione professionale presso l&#8217;Accademia musicale di Zagabria. Grazie al suo impegno nella ricerca e nell&#8217;interpretazione della musica popolare e folcloristica dell&#8217;Istria e del Quarnero, contribu\u00ec a definire la scala istriana inserendola nel sistema tonale della musica artistica. Questo tipo di espressione musicale rappresenta la tradizione e la prova dell&#8217;esistenza del popolo croato in Istria e nel Quarnero. Offrendo una spiegazione teorica della scala istriana, Mateti\u0107 tracci\u00f2 le basi per la composizione artistica delle tipiche canzoni folcloristiche. Compose opere vocali che sono diventate un inno al folclore del Quarnero: &#8220;\u0106a\u0107e moj&#8221; (Il mio papa&#8217;) e &#8220;Ro\u017eenice&#8221; per cori vocali nonch\u00e9 canzoni per solisti, opere strumentali e sacre.  Nel 1977, la sua casa natale a Ronjgi \u00e8 diventata un Centro memoriale in cui oggi ha sede la Societ\u00e0 culturale ed educativa &#8220;Ivan Mateti\u0107 Ronjgov&#8221;. Tradizionalmente, ogni anno si svolgono &#8220;Le giornate di Mateti\u0107&#8221;. <\/p>\n\n\n\n<h2 class=\"wp-block-heading\"> IVAN JARDAS <\/h2>\n\n\n\n<p>Ivan (Ivo) Jardas detto Barba Zvane Halubjan\nMatija\u0161ev od Mar\u010deji, nacque il 15 luglio 1888. Frequent\u00f2 la scuola elementare\na Sveti Matej, oggi Vi\u0161kovo, e nel 1900 si iscrisse alla Scuola professionale\ndi Kastav che termin\u00f2 nel 1902.&nbsp;A diciassette anni compiuti part\u00ec per\nl&#8217;America, ma quel tipo di vita non soddisf\u00f2 le sue aspettative. Nel 1908\nritorn\u00f2 al suo paese e s&#8217;iscrisse alla Scuola per gli insegnanti di Kastav.<\/p>\n\n\n\n<p>Durante la formazione scolastica inizi\u00f2 a interessarsi del luogo natio e del patrimonio nazionale. Le sue prime ricerche etnografiche nacquero tra il 1909 e il 1910. &nbsp;Si laure\u00f2 nel 1913 conseguendo &#8220;L&#8217;attestato di maturit\u00e0 per la scuola pubblica con insegnamento in lingua croata&#8221; e occup\u00f2 il posto d&#8217;insegnante a Martin\u010di\u0107i vicino a Grisignana. Stimolato dal dott. Matko Laginja inizi\u00f2 a raccogliere materiale etnografico, canti popolari, storie e costumi.&nbsp;<br><br> Quale insegnante nazionale e patriota dovette spesso cambiare posto di servizio a causa della situazione politica nel Regno di Serbi, Croati e Sloveni. Dal 1925 fino al 1930 insegn\u00f2 a Jastrebarsko e poi a Lokve, dove lavor\u00f2 fino al 1949. Quando torn\u00f2 a Zagabria, fu nominato direttore della scuola elementare in via Haramba\u0161i\u0107 dove continu\u00f2 a lavorare fino alla pensione nel 1951. Nel 1953, l&#8217;istituzione croata <em>Matica hrvatska <\/em>gli pubblic\u00f2 il libro in dialetto ciacavo &#8220;Kitica ma\u017eurani&#8221; (Il mazzetto di maggiorana) e nel 1957 l&#8217;Accademia jugoslava delle scienze e delle arti la sua opera &#8220;Kastav\u0161tina&#8221; (territorio di Kastav) nonch\u00e9 nel 1971 gli fu pubblicata l&#8217;analisi etnografica &#8220;Po gro\u017enjanskom Krasu&#8221; (Attraverso il carso di Grisignana).&nbsp;Ivan (Ivo) Jardas mor\u00ec nel 1978. <\/p>\n\n\n\n<h2 class=\"wp-block-heading\">ALBERT (BERTO) LU\u010cI\u0106<\/h2>\n\n\n\n<p>Berto Lu\u010di\u0107 \u00e8 uno scrittore nato nel 1921 a Globi\u0107i. Gi\u00e0\ndurante l&#8217;infanzia e la prima giovinezza partecip\u00f2 attivamente alla vita\nculturale del territorio di Halubje. Recit\u00f2 e suon\u00f2 nell&#8217;Orchestra delle <em>tamburice<\/em> della Croce Rossa. Le sue\nprime poesie furono pubblicate nel 1938 nei giornali locali. Durante la Seconda\nguerra mondiale fu condannato e imprigionato a Firenze, ma dopo la\ncapitolazione dell&#8217;Italia ritorn\u00f2 e si un\u00ec ai partigiani continuando la sua\nproduzione artistico-culturale.<\/p>\n\n\n\n<p>Dopo la Seconda guerra mondiale visse a Rube\u0161i (Kastav)\ndove continu\u00f2 con le sue attivit\u00e0. Negli anni Settanta del Novecento, Berto\nLu\u010di\u0107 inizi\u00f2 a condurre i programmi culturali di Kastav e ben presto divent\u00f2\nautore di testi comici in dialetto ciacavo. Negli anni 1990 la Societ\u00e0\nartistico-culturale <em>Istraska vila<\/em>\nesegu\u00ec i suoi atti unici <em>Likuf<\/em> e <em>Na matice<\/em>, che oggi sono considerati\nl&#8217;inizio della manifestazione &#8220;Estate culturale castuana&#8221;.<\/p>\n\n\n\n<p>Per il testo e la direzione della commedia <em>Botrinje<\/em> ha ricevuto il riconoscimento\ndal Consiglio croato della cultura. Berto Lu\u010di\u0107 ha scritto per la <em>Primorsko pone\u0161trica<\/em> di Radio Rijeka e\nha partecipato alla trasmissione <em>Judi i\nu\u017eanci<\/em>. \u00c8 apparso anche nel quotidiano <em>Novi\nlist<\/em> nella rubrica <em>Pod urun<\/em>.<\/p>\n\n\n\n<p>Opere: raccolte di poesie <em>Judi i u\u017eanci<\/em>, <em>Sto\u010di\u0161\u0107e <\/em>e\n<em>Likuf<\/em>, commedie <em>Jedanajst kumedij<\/em>, <em>Dve\nkumedije i jo\u0161 \u010dagodar<\/em>.\n\nBerto Lu\u010di\u0107 \u00e8 morto nel 2002.\n\n\n\n<\/p>\n\n\n\n<h2 class=\"wp-block-heading\">VLADIMIR JUGO<\/h2>\n\n\n\n<p>Vladimir Jugo \u00e8 nato nel 1940 a Gornji Jugi. Ha\nfrequentato le scuole a Vi\u0161kovo, Kastav e Rijeka e ha studiato lingua tedesca e\nfilosofia presso la Facolt\u00e0 di filosofia a Zagabria. Ha lavorato come\nprofessore a Bakar, Kastav e Vi\u0161kovo.<\/p>\n\n\n\n<p>Inizi\u00f2 la sua carriera nel quotidiano Novi list come\nlettore e correttore per poi diventare giornalista e editore. Dal 1974 alla\nRadio Rijeka curava la trasmissione <em>S\nprimorske pone\u0161trice.<\/em><\/p>\n\n\n\n<p>Amante dello sport, in particolare del calcio, era uno\ndei fondatori del club giovanile &#8220;Halubjan&#8221; e organizzatore di\nnumerosi tornei di calcio. \u00c8 fautore dell&#8217;iniziativa per la fondazione del club\ncalcistico &#8220;Halubjan&#8221; per il quale ha giocato per anni.<\/p>\n\n\n\n<p>La sua prima collezione di rubriche intitolata <em>Hodi vreme, nosi breme<\/em> fu pubblicata nel\n2003 mentre la seconda nel 2005 con il titolo <em>Veli i mi\u0107i pod zvezdami.<\/em><\/p>\n\n\n\n<p>Ha sempre dato molta importanza al dialetto ciacavo in\ntutte le sue attivit\u00e0 professionali sia come giornalista che come collaboratore\ndi vari libri nati nel territorio del comune di Vi\u0161kovo. I suoi testi\nrappresentano la grandezza del piccolo abitante di Kastav e rivelano la\nbellezza della vita a Halubje e nel territorio di Kastav.\n\nVladimir Jugo (Veli) \u00e8 morto nel 2014.\n\n\n\n<\/p>\n","protected":false},"excerpt":{"rendered":"<p>MATKO E IVAN BA\u0160TIJAN (BASTIAN) Tra le personalit\u00e0 di spicco originarie della nostra zona dobbiamo assolutamente includere i fratelli gemelli Ivan e Matko (Mate) Ba\u0161tijan, nati a Gornji Jugi il 3 settembre 1828. Dopo la scuola elementare di Kastav, frequentarono la scuola superiore a Rijeka completando due classi finali a Zagabria. In seguito, studiarono nei [&hellip;]<\/p>\n","protected":false},"author":1,"featured_media":13474,"parent":1686,"menu_order":0,"comment_status":"closed","ping_status":"closed","template":"","meta":{"_acf_changed":false,"footnotes":""},"acf":[],"yoast_head":"<!-- This site is optimized with the Yoast SEO plugin v22.7 - https:\/\/yoast.com\/wordpress\/plugins\/seo\/ -->\n<title>Persone importanti - Turisti\u010dka zajednica op\u0107ine Vi\u0161kovo<\/title>\n<meta name=\"robots\" content=\"index, follow, max-snippet:-1, max-image-preview:large, max-video-preview:-1\" \/>\n<link rel=\"canonical\" href=\"https:\/\/visitviskovo.hr\/it\/viskovo\/kulturna-bastina\/vazni-ljudi-naseg-kraja\/\" \/>\n<meta property=\"og:locale\" content=\"it_IT\" \/>\n<meta property=\"og:type\" content=\"article\" \/>\n<meta property=\"og:title\" content=\"Persone importanti - Turisti\u010dka zajednica op\u0107ine Vi\u0161kovo\" \/>\n<meta property=\"og:description\" content=\"MATKO E IVAN BA\u0160TIJAN (BASTIAN) Tra le personalit\u00e0 di spicco originarie della nostra zona dobbiamo assolutamente includere i fratelli gemelli Ivan e Matko (Mate) Ba\u0161tijan, nati a Gornji Jugi il 3 settembre 1828. Dopo la scuola elementare di Kastav, frequentarono la scuola superiore a Rijeka completando due classi finali a Zagabria. In seguito, studiarono nei [&hellip;]\" \/>\n<meta property=\"og:url\" content=\"https:\/\/visitviskovo.hr\/it\/viskovo\/kulturna-bastina\/vazni-ljudi-naseg-kraja\/\" \/>\n<meta property=\"og:site_name\" content=\"Turisti\u010dka zajednica op\u0107ine Vi\u0161kovo\" \/>\n<meta property=\"article:publisher\" content=\"https:\/\/web.facebook.com\/VisitViskovo\" \/>\n<meta property=\"article:modified_time\" content=\"2020-05-12T10:48:51+00:00\" \/>\n<meta property=\"og:image\" content=\"https:\/\/visitviskovo.hr\/wp-content\/uploads\/2020\/05\/DSC06220-Medium.jpg\" \/>\n\t<meta property=\"og:image:width\" content=\"768\" \/>\n\t<meta property=\"og:image:height\" content=\"1152\" \/>\n\t<meta property=\"og:image:type\" content=\"image\/jpeg\" \/>\n<meta name=\"twitter:card\" content=\"summary_large_image\" \/>\n<meta name=\"twitter:label1\" content=\"Tempo di lettura stimato\" \/>\n\t<meta name=\"twitter:data1\" content=\"7 minuti\" \/>\n<script type=\"application\/ld+json\" class=\"yoast-schema-graph\">{\"@context\":\"https:\/\/schema.org\",\"@graph\":[{\"@type\":\"WebPage\",\"@id\":\"https:\/\/visitviskovo.hr\/it\/viskovo\/kulturna-bastina\/vazni-ljudi-naseg-kraja\/\",\"url\":\"https:\/\/visitviskovo.hr\/it\/viskovo\/kulturna-bastina\/vazni-ljudi-naseg-kraja\/\",\"name\":\"Persone importanti - Turisti\u010dka zajednica op\u0107ine Vi\u0161kovo\",\"isPartOf\":{\"@id\":\"https:\/\/visitviskovo.hr\/it\/#website\"},\"primaryImageOfPage\":{\"@id\":\"https:\/\/visitviskovo.hr\/it\/viskovo\/kulturna-bastina\/vazni-ljudi-naseg-kraja\/#primaryimage\"},\"image\":{\"@id\":\"https:\/\/visitviskovo.hr\/it\/viskovo\/kulturna-bastina\/vazni-ljudi-naseg-kraja\/#primaryimage\"},\"thumbnailUrl\":\"https:\/\/visitviskovo.hr\/wp-content\/uploads\/2020\/05\/DSC06220-Medium.jpg\",\"datePublished\":\"2019-05-26T14:56:52+00:00\",\"dateModified\":\"2020-05-12T10:48:51+00:00\",\"breadcrumb\":{\"@id\":\"https:\/\/visitviskovo.hr\/it\/viskovo\/kulturna-bastina\/vazni-ljudi-naseg-kraja\/#breadcrumb\"},\"inLanguage\":\"it-IT\",\"potentialAction\":[{\"@type\":\"ReadAction\",\"target\":[\"https:\/\/visitviskovo.hr\/it\/viskovo\/kulturna-bastina\/vazni-ljudi-naseg-kraja\/\"]}]},{\"@type\":\"ImageObject\",\"inLanguage\":\"it-IT\",\"@id\":\"https:\/\/visitviskovo.hr\/it\/viskovo\/kulturna-bastina\/vazni-ljudi-naseg-kraja\/#primaryimage\",\"url\":\"https:\/\/visitviskovo.hr\/wp-content\/uploads\/2020\/05\/DSC06220-Medium.jpg\",\"contentUrl\":\"https:\/\/visitviskovo.hr\/wp-content\/uploads\/2020\/05\/DSC06220-Medium.jpg\",\"width\":768,\"height\":1152},{\"@type\":\"BreadcrumbList\",\"@id\":\"https:\/\/visitviskovo.hr\/it\/viskovo\/kulturna-bastina\/vazni-ljudi-naseg-kraja\/#breadcrumb\",\"itemListElement\":[{\"@type\":\"ListItem\",\"position\":1,\"name\":\"Home\",\"item\":\"https:\/\/visitviskovo.hr\/it\/\"},{\"@type\":\"ListItem\",\"position\":2,\"name\":\"Vi\u0161kovo\",\"item\":\"https:\/\/visitviskovo.hr\/it\/viskovo\/\"},{\"@type\":\"ListItem\",\"position\":3,\"name\":\"Beni culturali\",\"item\":\"https:\/\/visitviskovo.hr\/it\/viskovo\/kulturna-bastina\/\"},{\"@type\":\"ListItem\",\"position\":4,\"name\":\"Persone importanti\"}]},{\"@type\":\"WebSite\",\"@id\":\"https:\/\/visitviskovo.hr\/it\/#website\",\"url\":\"https:\/\/visitviskovo.hr\/it\/\",\"name\":\"Turisti\u010dka zajednica op\u0107ine Vi\u0161kovo\",\"description\":\"\",\"potentialAction\":[{\"@type\":\"SearchAction\",\"target\":{\"@type\":\"EntryPoint\",\"urlTemplate\":\"https:\/\/visitviskovo.hr\/it\/?s={search_term_string}\"},\"query-input\":\"required name=search_term_string\"}],\"inLanguage\":\"it-IT\"}]}<\/script>\n<!-- \/ Yoast SEO plugin. -->","yoast_head_json":{"title":"Persone importanti - Turisti\u010dka zajednica op\u0107ine Vi\u0161kovo","robots":{"index":"index","follow":"follow","max-snippet":"max-snippet:-1","max-image-preview":"max-image-preview:large","max-video-preview":"max-video-preview:-1"},"canonical":"https:\/\/visitviskovo.hr\/it\/viskovo\/kulturna-bastina\/vazni-ljudi-naseg-kraja\/","og_locale":"it_IT","og_type":"article","og_title":"Persone importanti - Turisti\u010dka zajednica op\u0107ine Vi\u0161kovo","og_description":"MATKO E IVAN BA\u0160TIJAN (BASTIAN) Tra le personalit\u00e0 di spicco originarie della nostra zona dobbiamo assolutamente includere i fratelli gemelli Ivan e Matko (Mate) Ba\u0161tijan, nati a Gornji Jugi il 3 settembre 1828. Dopo la scuola elementare di Kastav, frequentarono la scuola superiore a Rijeka completando due classi finali a Zagabria. In seguito, studiarono nei [&hellip;]","og_url":"https:\/\/visitviskovo.hr\/it\/viskovo\/kulturna-bastina\/vazni-ljudi-naseg-kraja\/","og_site_name":"Turisti\u010dka zajednica op\u0107ine Vi\u0161kovo","article_publisher":"https:\/\/web.facebook.com\/VisitViskovo","article_modified_time":"2020-05-12T10:48:51+00:00","og_image":[{"width":768,"height":1152,"url":"https:\/\/visitviskovo.hr\/wp-content\/uploads\/2020\/05\/DSC06220-Medium.jpg","type":"image\/jpeg"}],"twitter_card":"summary_large_image","twitter_misc":{"Tempo di lettura stimato":"7 minuti"},"schema":{"@context":"https:\/\/schema.org","@graph":[{"@type":"WebPage","@id":"https:\/\/visitviskovo.hr\/it\/viskovo\/kulturna-bastina\/vazni-ljudi-naseg-kraja\/","url":"https:\/\/visitviskovo.hr\/it\/viskovo\/kulturna-bastina\/vazni-ljudi-naseg-kraja\/","name":"Persone importanti - Turisti\u010dka zajednica op\u0107ine Vi\u0161kovo","isPartOf":{"@id":"https:\/\/visitviskovo.hr\/it\/#website"},"primaryImageOfPage":{"@id":"https:\/\/visitviskovo.hr\/it\/viskovo\/kulturna-bastina\/vazni-ljudi-naseg-kraja\/#primaryimage"},"image":{"@id":"https:\/\/visitviskovo.hr\/it\/viskovo\/kulturna-bastina\/vazni-ljudi-naseg-kraja\/#primaryimage"},"thumbnailUrl":"https:\/\/visitviskovo.hr\/wp-content\/uploads\/2020\/05\/DSC06220-Medium.jpg","datePublished":"2019-05-26T14:56:52+00:00","dateModified":"2020-05-12T10:48:51+00:00","breadcrumb":{"@id":"https:\/\/visitviskovo.hr\/it\/viskovo\/kulturna-bastina\/vazni-ljudi-naseg-kraja\/#breadcrumb"},"inLanguage":"it-IT","potentialAction":[{"@type":"ReadAction","target":["https:\/\/visitviskovo.hr\/it\/viskovo\/kulturna-bastina\/vazni-ljudi-naseg-kraja\/"]}]},{"@type":"ImageObject","inLanguage":"it-IT","@id":"https:\/\/visitviskovo.hr\/it\/viskovo\/kulturna-bastina\/vazni-ljudi-naseg-kraja\/#primaryimage","url":"https:\/\/visitviskovo.hr\/wp-content\/uploads\/2020\/05\/DSC06220-Medium.jpg","contentUrl":"https:\/\/visitviskovo.hr\/wp-content\/uploads\/2020\/05\/DSC06220-Medium.jpg","width":768,"height":1152},{"@type":"BreadcrumbList","@id":"https:\/\/visitviskovo.hr\/it\/viskovo\/kulturna-bastina\/vazni-ljudi-naseg-kraja\/#breadcrumb","itemListElement":[{"@type":"ListItem","position":1,"name":"Home","item":"https:\/\/visitviskovo.hr\/it\/"},{"@type":"ListItem","position":2,"name":"Vi\u0161kovo","item":"https:\/\/visitviskovo.hr\/it\/viskovo\/"},{"@type":"ListItem","position":3,"name":"Beni culturali","item":"https:\/\/visitviskovo.hr\/it\/viskovo\/kulturna-bastina\/"},{"@type":"ListItem","position":4,"name":"Persone importanti"}]},{"@type":"WebSite","@id":"https:\/\/visitviskovo.hr\/it\/#website","url":"https:\/\/visitviskovo.hr\/it\/","name":"Turisti\u010dka zajednica op\u0107ine Vi\u0161kovo","description":"","potentialAction":[{"@type":"SearchAction","target":{"@type":"EntryPoint","urlTemplate":"https:\/\/visitviskovo.hr\/it\/?s={search_term_string}"},"query-input":"required name=search_term_string"}],"inLanguage":"it-IT"}]}},"_links":{"self":[{"href":"https:\/\/visitviskovo.hr\/it\/wp-json\/wp\/v2\/pages\/3156"}],"collection":[{"href":"https:\/\/visitviskovo.hr\/it\/wp-json\/wp\/v2\/pages"}],"about":[{"href":"https:\/\/visitviskovo.hr\/it\/wp-json\/wp\/v2\/types\/page"}],"author":[{"embeddable":true,"href":"https:\/\/visitviskovo.hr\/it\/wp-json\/wp\/v2\/users\/1"}],"replies":[{"embeddable":true,"href":"https:\/\/visitviskovo.hr\/it\/wp-json\/wp\/v2\/comments?post=3156"}],"version-history":[{"count":4,"href":"https:\/\/visitviskovo.hr\/it\/wp-json\/wp\/v2\/pages\/3156\/revisions"}],"predecessor-version":[{"id":13503,"href":"https:\/\/visitviskovo.hr\/it\/wp-json\/wp\/v2\/pages\/3156\/revisions\/13503"}],"up":[{"embeddable":true,"href":"https:\/\/visitviskovo.hr\/it\/wp-json\/wp\/v2\/pages\/1686"}],"wp:featuredmedia":[{"embeddable":true,"href":"https:\/\/visitviskovo.hr\/it\/wp-json\/wp\/v2\/media\/13474"}],"wp:attachment":[{"href":"https:\/\/visitviskovo.hr\/it\/wp-json\/wp\/v2\/media?parent=3156"}],"curies":[{"name":"wp","href":"https:\/\/api.w.org\/{rel}","templated":true}]}}