{"id":3707,"date":"2019-08-19T18:49:36","date_gmt":"2019-08-19T18:49:36","guid":{"rendered":"https:\/\/visitviskovo.hr\/?page_id=3707"},"modified":"2021-04-26T12:29:48","modified_gmt":"2021-04-26T12:29:48","slug":"leggende","status":"publish","type":"page","link":"https:\/\/visitviskovo.hr\/it\/viskovo\/leggende\/","title":{"rendered":"Leggende e credenze"},"content":{"rendered":"\n<figure class=\"wp-block-image\"><img loading=\"lazy\" decoding=\"async\" width=\"1280\" height=\"854\" src=\"https:\/\/visitviskovo.hr\/wp-content\/uploads\/2020\/11\/HZ_legenda_6-1-1280x854.jpg\" alt=\"\" class=\"wp-image-15822\" srcset=\"https:\/\/visitviskovo.hr\/wp-content\/uploads\/2020\/11\/HZ_legenda_6-1-1280x854.jpg 1280w, https:\/\/visitviskovo.hr\/wp-content\/uploads\/2020\/11\/HZ_legenda_6-1-300x200.jpg 300w, https:\/\/visitviskovo.hr\/wp-content\/uploads\/2020\/11\/HZ_legenda_6-1-768x512.jpg 768w, https:\/\/visitviskovo.hr\/wp-content\/uploads\/2020\/11\/HZ_legenda_6-1.jpg 1382w\" sizes=\"(max-width: 1280px) 100vw, 1280px\" \/><\/figure>\n\n\n\n<p> Tra gli abitanti del Comune di Vi\u0161kovo esistono molte credenze che risalgono a tempi remoti e si ricollegano alle tradizioni degli altri popoli slavi e oltre.<\/p>\n\n\n\n<h2 class=\"wp-block-heading\"><strong>MALIK<\/strong><\/h2>\n\n\n\n<p>Malik \u00e8 un folletto grande come un bambino di cinque, sei anni con un cappello rosso in testa. Non \u00e8 un personaggio malvagio, anche se pu\u00f2 succedere che richiami l&#8217;attenzione dei bambini che poi, seguendolo, vagano e si perdono. Vive nei sotterranei, nelle grotte e nelle caverne ma anche nelle cisterne d&#8217;acqua, dove aspetta in agguato di attirare qualche bambino disubbidiente per prenderlo e trascinarlo sul fondo. Cos\u00ec almeno, i genitori facevano credere ai loro bambini se si sporgevano oltre il bordo delle cisterne. Inoltre, si credeva che in ogni grotta vivesse Malik e che l\u00ec conservasse dell&#8217;oro.<\/p>\n\n\n\n<h2 class=\"wp-block-heading\"><strong>LE FATE<\/strong><\/h2>\n\n\n\n<p>Le fate erano immaginate come belle ragazze bionde in abiti bianchi con una fascia e una corona d&#8217;oro in testa che vivevano nei boschi. Di notte ballavano nelle pianure e facevano il bagno nei kali\u0107i. Conservavano i loro poteri magici in un fazzoletto decorato con il quale, mettendolo sulle spalle, potevano volare e diventare invisibili. Le fate erano delle creature buone che aiutavano le persone nel bosco ma si facevano vedere solamente a pochi.<\/p>\n\n\n\n<h2 class=\"wp-block-heading\"><strong>\u010cO\u0160KA E MARO\u0160KA, LE FIGLIE DI UNA FATA<\/strong><\/h2>\n\n\n\n<p>La leggenda pi\u00f9 famosa di Halubje riguarda le sorelle \u010co\u0161ka e Maro\u0161ka, nate a Mari\u0161\u0107ina, il bosco al confine dei comuni di Vi\u0161kovo e Klana, che fino al XXI secolo era di propriet\u00e0 degli abitanti di Mar\u010delji. A Mari\u0161\u0107ina passava il muro di confine &#8220;Limes&#8221; i cui resti sono visibili anche oggi e che probabilmente sono stati la fonte d&#8217;ispirazione della leggenda. Essa racconta di un nobile della zona con un brutto carattere che una notte, tornando dalla locanda, sent\u00ec delle risate provenire dal vicino kali\u0107. Vide le fate che facevano il bagno e a una di esse rub\u00f2 il fazzoletto. Mentre le altre riuscirono a scappare volando via, una rimase prigioniera del nobile che poi spos\u00f2 e gli diede due figlie: \u010co\u0161ka e Maro\u0161ka. Dopo la sua morte avvenuta durante una lotta, la fata riusc\u00ec a ritrovare il fazzoletto e volare via. Ritornava, per\u00f2, ogni notte per giocare con le sue due figlie che crebbero e diventarono due persone diligenti. Per questa loro caratteristica la gente li amava.<\/p>\n\n\n\n<p>Durante un&#8217;estate di siccit\u00e0 e dopo un incredibile maltempo che devast\u00f2 completamente i raccolti, ci fu un periodo di fame. Dio e San Pietro andavano in giro a osservare come la gente affrontasse il problema. \u010co\u0161ka e Maro\u0161ka li accolsero calorosamente offrendo loro dell&#8217;acqua e del pane impastato con le ghiande. Accadde un miracolo: l&#8217;acqua si trasform\u00f2 in vino e dal forno usc\u00ec del pane bianco. La laboriosit\u00e0 e la bont\u00e0 di \u010co\u0161ka e Maro\u0161ka furono premiate e quel brutto maltempo non si ripet\u00e9 mai pi\u00f9. Entrambe si sposarono e condivisero i loro possedimenti con i vicini di casa &#8211; gli abitanti di Mar\u010delji.<\/p>\n\n\n\n<p> A Halubje, la grandine ancor&#8217;oggi \u00e8 chiamata \u0161o\u0161ka (\u010do\u0161ka) oppure si dice che &#8220;cadono \u010co\u0161ka e Maro\u0161ka&#8221;.<\/p>\n\n\n\n<h2 class=\"wp-block-heading\"><br><strong>LA LEGGENDA DI SOVJAK<\/strong><\/h2>\n\n\n\n<p>Nel territorio di Marini\u0107i c&#8217;\u00e8 una profonda fossa chiamata Sovjak. La leggenda racconta che un tempo qui c&#8217;erano una stalla e una casa nella quale vivevano due sorelle egoiste e insensibili. Il loro fratello Mate viveva modestamente e le metteva in guardia ma loro non lo ascoltavano.<\/p>\n\n\n\n<p>Quando Dio e San Pietro, travestiti da mendicanti, passarono da quelle parti, le sorelle non gli offrirono nemmeno un po&#8217; d&#8217;acqua. Per castigo, ci fu un terremoto in cui l&#8217;intero possedimento sprofond\u00f2 nella fossa pi\u00f9 profonda di tutto il territorio. Da quel momento, la gente inizi\u00f2 a vedere due gufi svolazzare sopra il precipizio di notte e conclusero che erano le anime delle due sorelle. Chiamarono la fossa Sovinjak dalla parola croata gufo &#8211; sova. <\/p>\n\n\n\n<p>Il loro fratello Mate era dispiaciuto e fece costruire una cappella su una collina vicina, dove pregava per le loro anime. La cappella fu dedicata a San Matteo e ben presto attorno ad essa nacque un paese. In seguito, al suo posto fu costruita una chiesa e il paese venne chiamato Sveti Matej.<\/p>\n","protected":false},"excerpt":{"rendered":"<p>Tra gli abitanti del Comune di Vi\u0161kovo esistono molte credenze che risalgono a tempi remoti e si ricollegano alle tradizioni degli altri popoli slavi e oltre. MALIK Malik \u00e8 un folletto grande come un bambino di cinque, sei anni con un cappello rosso in testa. Non \u00e8 un personaggio malvagio, anche se pu\u00f2 succedere che [&hellip;]<\/p>\n","protected":false},"author":1,"featured_media":15818,"parent":1661,"menu_order":0,"comment_status":"closed","ping_status":"closed","template":"child-pages.php","meta":{"_acf_changed":false,"footnotes":""},"acf":[],"yoast_head":"<!-- This site is optimized with the Yoast SEO plugin v22.7 - https:\/\/yoast.com\/wordpress\/plugins\/seo\/ -->\n<title>Leggende e credenze - Turisti\u010dka zajednica op\u0107ine Vi\u0161kovo<\/title>\n<meta name=\"robots\" content=\"index, follow, max-snippet:-1, max-image-preview:large, max-video-preview:-1\" \/>\n<link rel=\"canonical\" href=\"https:\/\/visitviskovo.hr\/it\/viskovo\/leggende\/\" \/>\n<meta property=\"og:locale\" content=\"it_IT\" \/>\n<meta property=\"og:type\" content=\"article\" \/>\n<meta property=\"og:title\" content=\"Leggende e credenze - Turisti\u010dka zajednica op\u0107ine Vi\u0161kovo\" \/>\n<meta property=\"og:description\" content=\"Tra gli abitanti del Comune di Vi\u0161kovo esistono molte credenze che risalgono a tempi remoti e si ricollegano alle tradizioni degli altri popoli slavi e oltre. MALIK Malik \u00e8 un folletto grande come un bambino di cinque, sei anni con un cappello rosso in testa. Non \u00e8 un personaggio malvagio, anche se pu\u00f2 succedere che [&hellip;]\" \/>\n<meta property=\"og:url\" content=\"https:\/\/visitviskovo.hr\/it\/viskovo\/leggende\/\" \/>\n<meta property=\"og:site_name\" content=\"Turisti\u010dka zajednica op\u0107ine Vi\u0161kovo\" \/>\n<meta property=\"article:publisher\" content=\"https:\/\/web.facebook.com\/VisitViskovo\" \/>\n<meta property=\"article:modified_time\" content=\"2021-04-26T12:29:48+00:00\" \/>\n<meta property=\"og:image\" content=\"https:\/\/visitviskovo.hr\/wp-content\/uploads\/2020\/11\/HZ_legenda_6.jpg\" \/>\n\t<meta property=\"og:image:width\" content=\"1382\" \/>\n\t<meta property=\"og:image:height\" content=\"922\" \/>\n\t<meta property=\"og:image:type\" content=\"image\/jpeg\" \/>\n<meta name=\"twitter:card\" content=\"summary_large_image\" \/>\n<meta name=\"twitter:label1\" content=\"Tempo di lettura stimato\" \/>\n\t<meta name=\"twitter:data1\" content=\"3 minuti\" \/>\n<script type=\"application\/ld+json\" class=\"yoast-schema-graph\">{\"@context\":\"https:\/\/schema.org\",\"@graph\":[{\"@type\":\"WebPage\",\"@id\":\"https:\/\/visitviskovo.hr\/it\/viskovo\/leggende\/\",\"url\":\"https:\/\/visitviskovo.hr\/it\/viskovo\/leggende\/\",\"name\":\"Leggende e credenze - Turisti\u010dka zajednica op\u0107ine Vi\u0161kovo\",\"isPartOf\":{\"@id\":\"https:\/\/visitviskovo.hr\/it\/#website\"},\"primaryImageOfPage\":{\"@id\":\"https:\/\/visitviskovo.hr\/it\/viskovo\/leggende\/#primaryimage\"},\"image\":{\"@id\":\"https:\/\/visitviskovo.hr\/it\/viskovo\/leggende\/#primaryimage\"},\"thumbnailUrl\":\"https:\/\/visitviskovo.hr\/wp-content\/uploads\/2020\/11\/HZ_legenda_6.jpg\",\"datePublished\":\"2019-08-19T18:49:36+00:00\",\"dateModified\":\"2021-04-26T12:29:48+00:00\",\"breadcrumb\":{\"@id\":\"https:\/\/visitviskovo.hr\/it\/viskovo\/leggende\/#breadcrumb\"},\"inLanguage\":\"it-IT\",\"potentialAction\":[{\"@type\":\"ReadAction\",\"target\":[\"https:\/\/visitviskovo.hr\/it\/viskovo\/leggende\/\"]}]},{\"@type\":\"ImageObject\",\"inLanguage\":\"it-IT\",\"@id\":\"https:\/\/visitviskovo.hr\/it\/viskovo\/leggende\/#primaryimage\",\"url\":\"https:\/\/visitviskovo.hr\/wp-content\/uploads\/2020\/11\/HZ_legenda_6.jpg\",\"contentUrl\":\"https:\/\/visitviskovo.hr\/wp-content\/uploads\/2020\/11\/HZ_legenda_6.jpg\",\"width\":1382,\"height\":922,\"caption\":\"Halubajski zvon\u010dar me\u0111u suhozidima\"},{\"@type\":\"BreadcrumbList\",\"@id\":\"https:\/\/visitviskovo.hr\/it\/viskovo\/leggende\/#breadcrumb\",\"itemListElement\":[{\"@type\":\"ListItem\",\"position\":1,\"name\":\"Home\",\"item\":\"https:\/\/visitviskovo.hr\/it\/\"},{\"@type\":\"ListItem\",\"position\":2,\"name\":\"Vi\u0161kovo\",\"item\":\"https:\/\/visitviskovo.hr\/it\/viskovo\/\"},{\"@type\":\"ListItem\",\"position\":3,\"name\":\"Leggende e credenze\"}]},{\"@type\":\"WebSite\",\"@id\":\"https:\/\/visitviskovo.hr\/it\/#website\",\"url\":\"https:\/\/visitviskovo.hr\/it\/\",\"name\":\"Turisti\u010dka zajednica op\u0107ine Vi\u0161kovo\",\"description\":\"\",\"potentialAction\":[{\"@type\":\"SearchAction\",\"target\":{\"@type\":\"EntryPoint\",\"urlTemplate\":\"https:\/\/visitviskovo.hr\/it\/?s={search_term_string}\"},\"query-input\":\"required name=search_term_string\"}],\"inLanguage\":\"it-IT\"}]}<\/script>\n<!-- \/ Yoast SEO plugin. -->","yoast_head_json":{"title":"Leggende e credenze - Turisti\u010dka zajednica op\u0107ine Vi\u0161kovo","robots":{"index":"index","follow":"follow","max-snippet":"max-snippet:-1","max-image-preview":"max-image-preview:large","max-video-preview":"max-video-preview:-1"},"canonical":"https:\/\/visitviskovo.hr\/it\/viskovo\/leggende\/","og_locale":"it_IT","og_type":"article","og_title":"Leggende e credenze - Turisti\u010dka zajednica op\u0107ine Vi\u0161kovo","og_description":"Tra gli abitanti del Comune di Vi\u0161kovo esistono molte credenze che risalgono a tempi remoti e si ricollegano alle tradizioni degli altri popoli slavi e oltre. MALIK Malik \u00e8 un folletto grande come un bambino di cinque, sei anni con un cappello rosso in testa. Non \u00e8 un personaggio malvagio, anche se pu\u00f2 succedere che [&hellip;]","og_url":"https:\/\/visitviskovo.hr\/it\/viskovo\/leggende\/","og_site_name":"Turisti\u010dka zajednica op\u0107ine Vi\u0161kovo","article_publisher":"https:\/\/web.facebook.com\/VisitViskovo","article_modified_time":"2021-04-26T12:29:48+00:00","og_image":[{"width":1382,"height":922,"url":"https:\/\/visitviskovo.hr\/wp-content\/uploads\/2020\/11\/HZ_legenda_6.jpg","type":"image\/jpeg"}],"twitter_card":"summary_large_image","twitter_misc":{"Tempo di lettura stimato":"3 minuti"},"schema":{"@context":"https:\/\/schema.org","@graph":[{"@type":"WebPage","@id":"https:\/\/visitviskovo.hr\/it\/viskovo\/leggende\/","url":"https:\/\/visitviskovo.hr\/it\/viskovo\/leggende\/","name":"Leggende e credenze - Turisti\u010dka zajednica op\u0107ine Vi\u0161kovo","isPartOf":{"@id":"https:\/\/visitviskovo.hr\/it\/#website"},"primaryImageOfPage":{"@id":"https:\/\/visitviskovo.hr\/it\/viskovo\/leggende\/#primaryimage"},"image":{"@id":"https:\/\/visitviskovo.hr\/it\/viskovo\/leggende\/#primaryimage"},"thumbnailUrl":"https:\/\/visitviskovo.hr\/wp-content\/uploads\/2020\/11\/HZ_legenda_6.jpg","datePublished":"2019-08-19T18:49:36+00:00","dateModified":"2021-04-26T12:29:48+00:00","breadcrumb":{"@id":"https:\/\/visitviskovo.hr\/it\/viskovo\/leggende\/#breadcrumb"},"inLanguage":"it-IT","potentialAction":[{"@type":"ReadAction","target":["https:\/\/visitviskovo.hr\/it\/viskovo\/leggende\/"]}]},{"@type":"ImageObject","inLanguage":"it-IT","@id":"https:\/\/visitviskovo.hr\/it\/viskovo\/leggende\/#primaryimage","url":"https:\/\/visitviskovo.hr\/wp-content\/uploads\/2020\/11\/HZ_legenda_6.jpg","contentUrl":"https:\/\/visitviskovo.hr\/wp-content\/uploads\/2020\/11\/HZ_legenda_6.jpg","width":1382,"height":922,"caption":"Halubajski zvon\u010dar me\u0111u suhozidima"},{"@type":"BreadcrumbList","@id":"https:\/\/visitviskovo.hr\/it\/viskovo\/leggende\/#breadcrumb","itemListElement":[{"@type":"ListItem","position":1,"name":"Home","item":"https:\/\/visitviskovo.hr\/it\/"},{"@type":"ListItem","position":2,"name":"Vi\u0161kovo","item":"https:\/\/visitviskovo.hr\/it\/viskovo\/"},{"@type":"ListItem","position":3,"name":"Leggende e credenze"}]},{"@type":"WebSite","@id":"https:\/\/visitviskovo.hr\/it\/#website","url":"https:\/\/visitviskovo.hr\/it\/","name":"Turisti\u010dka zajednica op\u0107ine Vi\u0161kovo","description":"","potentialAction":[{"@type":"SearchAction","target":{"@type":"EntryPoint","urlTemplate":"https:\/\/visitviskovo.hr\/it\/?s={search_term_string}"},"query-input":"required name=search_term_string"}],"inLanguage":"it-IT"}]}},"_links":{"self":[{"href":"https:\/\/visitviskovo.hr\/it\/wp-json\/wp\/v2\/pages\/3707"}],"collection":[{"href":"https:\/\/visitviskovo.hr\/it\/wp-json\/wp\/v2\/pages"}],"about":[{"href":"https:\/\/visitviskovo.hr\/it\/wp-json\/wp\/v2\/types\/page"}],"author":[{"embeddable":true,"href":"https:\/\/visitviskovo.hr\/it\/wp-json\/wp\/v2\/users\/1"}],"replies":[{"embeddable":true,"href":"https:\/\/visitviskovo.hr\/it\/wp-json\/wp\/v2\/comments?post=3707"}],"version-history":[{"count":4,"href":"https:\/\/visitviskovo.hr\/it\/wp-json\/wp\/v2\/pages\/3707\/revisions"}],"predecessor-version":[{"id":16580,"href":"https:\/\/visitviskovo.hr\/it\/wp-json\/wp\/v2\/pages\/3707\/revisions\/16580"}],"up":[{"embeddable":true,"href":"https:\/\/visitviskovo.hr\/it\/wp-json\/wp\/v2\/pages\/1661"}],"wp:featuredmedia":[{"embeddable":true,"href":"https:\/\/visitviskovo.hr\/it\/wp-json\/wp\/v2\/media\/15818"}],"wp:attachment":[{"href":"https:\/\/visitviskovo.hr\/it\/wp-json\/wp\/v2\/media?parent=3707"}],"curies":[{"name":"wp","href":"https:\/\/api.w.org\/{rel}","templated":true}]}}