{"id":3714,"date":"2019-08-19T18:53:55","date_gmt":"2019-08-19T18:53:55","guid":{"rendered":"https:\/\/visitviskovo.hr\/?page_id=3714"},"modified":"2020-05-12T12:19:27","modified_gmt":"2020-05-12T12:19:27","slug":"sport","status":"publish","type":"page","link":"https:\/\/visitviskovo.hr\/it\/cosa-fare\/sport\/","title":{"rendered":"Sport"},"content":{"rendered":"\n<h2 class=\"wp-block-heading\"><strong>Stream &#8211; centro sportivo\u00a0<\/strong><\/h2>\n\n\n\n<p>Centro sportivo &#8220;Stream&#8221; si trova a Marini\u0107i \u00a0su 450 mq di spazio chiuso e 1500 mq di spazio aperto. Il centro comprende una palestra, sala aerobica, sauna, solarium, due campi di calcetto con erba sintetica (uno chiuso) e un \u02ddcageball\u02dd coperto anche con erba artificiale.\u00a0<\/p>\n\n\n\n<p>Inoltre, il centro sportivo, &#8220;Stream&#8221; offre anche tennis da tavolo, aerobica, pilates, tae-bo, kick-box, \u00a0ricreazione, massaggio classico e sportivo.\u00a0<br>Dopo l&#8217;allenamento, ci si pu\u00f2 rilassare in uno ambiente confortevole e rinfrescarsi con una bibita semplice oppure con proteina nel bar.\u00a0<\/p>\n\n\n\n<p>Indirizzo : Marini\u0107i bb, Vi\u0161kovo<br>tel 1: +385 51 256 706<br>tel 2: +385 91 8848 173<br>e-mail: stream-sc@email.t-com.hr <\/p>\n\n\n\n<p>ORARIO DI LAVORO:&nbsp;<br>Lunedi &#8211; Venerd\u00ec 9:00-22:00&nbsp;<br>Sabato 10:00-14:00&nbsp;<br>Chiuso la domenica<\/p>\n\n\n\n<h2 class=\"wp-block-heading\"><strong>Fitness &amp; wellness centar HULK<\/strong><\/h2>\n\n\n\n<p>Il Fitness Centro HULK si trova in Stupari e \u00a0offre un programma completo per mantenere la forma fisica, e di benessere.<\/p>\n\n\n\n<p>Indirizzo: Stupari 26A, Marini\u0107i, Vi\u0161kovo<br>tel: +385 51 681 934 <\/p>\n\n\n\n<h2 class=\"wp-block-heading\"><strong>Passeggio Club Alpino Vi\u0161kovo<\/strong><\/h2>\n\n\n\n<p>Il Club Alpino Vi\u0161kovo \u00e8 stato fondato il 20 Febbraio del 2007. e gia` il 23 aprile del 2007 e` stato &nbsp;ammesso a far parte della Associazione alpina croata, diventando un membro di molte famiglie dei club alpini croati. Con la propria attivita` il club cura e sviluppa ricreazione e abilita`montanara, favorendo l&#8217;amore per la conservazione della natura e bellezze naturali. I membri del club stanno lavorando su proprio perfezionamento, due membri del club hanno gi\u00e0 completato il corso per marcatori presso la Commissione per percorsi alpini dell\u2019Associazione alpina croata.<\/p>\n\n\n\n<p>Il club informa gli abitanti del villaggio delle sue attivita` attraverso cartelli informativi di fronte alla posta di Vi\u0161kovo.<br><br>Indirizzo: PD VI\u0160KOVO, D. Sroki 16, VI\u0160KOVO 51216,\u00a0<br>Tel. cell.: + 385 98 610 530<br>e-mail:  pdviskovo@gmail.com <br>Web:\u00a0<a href=\"http:\/\/www.pd-viskovo.hr\/\">www.pd-viskovo.hr<\/a><\/p>\n","protected":false},"excerpt":{"rendered":"<p>Stream &#8211; centro sportivo\u00a0 Centro sportivo &#8220;Stream&#8221; si trova a Marini\u0107i \u00a0su 450 mq di spazio chiuso e 1500 mq di spazio aperto. Il centro comprende una palestra, sala aerobica, sauna, solarium, due campi di calcetto con erba sintetica (uno chiuso) e un \u02ddcageball\u02dd coperto anche con erba artificiale.\u00a0 Inoltre, il centro sportivo, &#8220;Stream&#8221; offre [&hellip;]<\/p>\n","protected":false},"author":1,"featured_media":3723,"parent":3919,"menu_order":0,"comment_status":"closed","ping_status":"closed","template":"","meta":{"_acf_changed":false,"footnotes":""},"acf":[],"yoast_head":"<!-- This site is optimized with the Yoast SEO plugin v22.7 - https:\/\/yoast.com\/wordpress\/plugins\/seo\/ -->\n<title>Sport - Turisti\u010dka zajednica op\u0107ine Vi\u0161kovo<\/title>\n<meta name=\"robots\" content=\"index, follow, max-snippet:-1, max-image-preview:large, max-video-preview:-1\" \/>\n<link rel=\"canonical\" href=\"https:\/\/visitviskovo.hr\/it\/cosa-fare\/sport\/\" \/>\n<meta property=\"og:locale\" content=\"it_IT\" \/>\n<meta property=\"og:type\" content=\"article\" \/>\n<meta property=\"og:title\" content=\"Sport - Turisti\u010dka zajednica op\u0107ine Vi\u0161kovo\" \/>\n<meta property=\"og:description\" content=\"Stream &#8211; centro sportivo\u00a0 Centro sportivo &#8220;Stream&#8221; si trova a Marini\u0107i \u00a0su 450 mq di spazio chiuso e 1500 mq di spazio aperto. Il centro comprende una palestra, sala aerobica, sauna, solarium, due campi di calcetto con erba sintetica (uno chiuso) e un \u02ddcageball\u02dd coperto anche con erba artificiale.\u00a0 Inoltre, il centro sportivo, &#8220;Stream&#8221; offre [&hellip;]\" \/>\n<meta property=\"og:url\" content=\"https:\/\/visitviskovo.hr\/it\/cosa-fare\/sport\/\" \/>\n<meta property=\"og:site_name\" content=\"Turisti\u010dka zajednica op\u0107ine Vi\u0161kovo\" \/>\n<meta property=\"article:publisher\" content=\"https:\/\/web.facebook.com\/VisitViskovo\" \/>\n<meta property=\"article:modified_time\" content=\"2020-05-12T12:19:27+00:00\" \/>\n<meta property=\"og:image\" content=\"https:\/\/visitviskovo.hr\/wp-content\/uploads\/2019\/08\/20160721150901000000-main.jpg\" \/>\n\t<meta property=\"og:image:width\" content=\"900\" \/>\n\t<meta property=\"og:image:height\" content=\"600\" \/>\n\t<meta property=\"og:image:type\" content=\"image\/jpeg\" \/>\n<meta name=\"twitter:card\" content=\"summary_large_image\" \/>\n<meta name=\"twitter:label1\" content=\"Tempo di lettura stimato\" \/>\n\t<meta name=\"twitter:data1\" content=\"1 minuto\" \/>\n<script type=\"application\/ld+json\" class=\"yoast-schema-graph\">{\"@context\":\"https:\/\/schema.org\",\"@graph\":[{\"@type\":\"WebPage\",\"@id\":\"https:\/\/visitviskovo.hr\/it\/cosa-fare\/sport\/\",\"url\":\"https:\/\/visitviskovo.hr\/it\/cosa-fare\/sport\/\",\"name\":\"Sport - Turisti\u010dka zajednica op\u0107ine Vi\u0161kovo\",\"isPartOf\":{\"@id\":\"https:\/\/visitviskovo.hr\/it\/#website\"},\"primaryImageOfPage\":{\"@id\":\"https:\/\/visitviskovo.hr\/it\/cosa-fare\/sport\/#primaryimage\"},\"image\":{\"@id\":\"https:\/\/visitviskovo.hr\/it\/cosa-fare\/sport\/#primaryimage\"},\"thumbnailUrl\":\"https:\/\/visitviskovo.hr\/wp-content\/uploads\/2019\/08\/20160721150901000000-main.jpg\",\"datePublished\":\"2019-08-19T18:53:55+00:00\",\"dateModified\":\"2020-05-12T12:19:27+00:00\",\"breadcrumb\":{\"@id\":\"https:\/\/visitviskovo.hr\/it\/cosa-fare\/sport\/#breadcrumb\"},\"inLanguage\":\"it-IT\",\"potentialAction\":[{\"@type\":\"ReadAction\",\"target\":[\"https:\/\/visitviskovo.hr\/it\/cosa-fare\/sport\/\"]}]},{\"@type\":\"ImageObject\",\"inLanguage\":\"it-IT\",\"@id\":\"https:\/\/visitviskovo.hr\/it\/cosa-fare\/sport\/#primaryimage\",\"url\":\"https:\/\/visitviskovo.hr\/wp-content\/uploads\/2019\/08\/20160721150901000000-main.jpg\",\"contentUrl\":\"https:\/\/visitviskovo.hr\/wp-content\/uploads\/2019\/08\/20160721150901000000-main.jpg\",\"width\":900,\"height\":600},{\"@type\":\"BreadcrumbList\",\"@id\":\"https:\/\/visitviskovo.hr\/it\/cosa-fare\/sport\/#breadcrumb\",\"itemListElement\":[{\"@type\":\"ListItem\",\"position\":1,\"name\":\"Home\",\"item\":\"https:\/\/visitviskovo.hr\/it\/\"},{\"@type\":\"ListItem\",\"position\":2,\"name\":\"Cosa fare\",\"item\":\"https:\/\/visitviskovo.hr\/it\/cosa-fare\/\"},{\"@type\":\"ListItem\",\"position\":3,\"name\":\"Sport\"}]},{\"@type\":\"WebSite\",\"@id\":\"https:\/\/visitviskovo.hr\/it\/#website\",\"url\":\"https:\/\/visitviskovo.hr\/it\/\",\"name\":\"Turisti\u010dka zajednica op\u0107ine Vi\u0161kovo\",\"description\":\"\",\"potentialAction\":[{\"@type\":\"SearchAction\",\"target\":{\"@type\":\"EntryPoint\",\"urlTemplate\":\"https:\/\/visitviskovo.hr\/it\/?s={search_term_string}\"},\"query-input\":\"required name=search_term_string\"}],\"inLanguage\":\"it-IT\"}]}<\/script>\n<!-- \/ Yoast SEO plugin. -->","yoast_head_json":{"title":"Sport - Turisti\u010dka zajednica op\u0107ine Vi\u0161kovo","robots":{"index":"index","follow":"follow","max-snippet":"max-snippet:-1","max-image-preview":"max-image-preview:large","max-video-preview":"max-video-preview:-1"},"canonical":"https:\/\/visitviskovo.hr\/it\/cosa-fare\/sport\/","og_locale":"it_IT","og_type":"article","og_title":"Sport - Turisti\u010dka zajednica op\u0107ine Vi\u0161kovo","og_description":"Stream &#8211; centro sportivo\u00a0 Centro sportivo &#8220;Stream&#8221; si trova a Marini\u0107i \u00a0su 450 mq di spazio chiuso e 1500 mq di spazio aperto. Il centro comprende una palestra, sala aerobica, sauna, solarium, due campi di calcetto con erba sintetica (uno chiuso) e un \u02ddcageball\u02dd coperto anche con erba artificiale.\u00a0 Inoltre, il centro sportivo, &#8220;Stream&#8221; offre [&hellip;]","og_url":"https:\/\/visitviskovo.hr\/it\/cosa-fare\/sport\/","og_site_name":"Turisti\u010dka zajednica op\u0107ine Vi\u0161kovo","article_publisher":"https:\/\/web.facebook.com\/VisitViskovo","article_modified_time":"2020-05-12T12:19:27+00:00","og_image":[{"width":900,"height":600,"url":"https:\/\/visitviskovo.hr\/wp-content\/uploads\/2019\/08\/20160721150901000000-main.jpg","type":"image\/jpeg"}],"twitter_card":"summary_large_image","twitter_misc":{"Tempo di lettura stimato":"1 minuto"},"schema":{"@context":"https:\/\/schema.org","@graph":[{"@type":"WebPage","@id":"https:\/\/visitviskovo.hr\/it\/cosa-fare\/sport\/","url":"https:\/\/visitviskovo.hr\/it\/cosa-fare\/sport\/","name":"Sport - Turisti\u010dka zajednica op\u0107ine Vi\u0161kovo","isPartOf":{"@id":"https:\/\/visitviskovo.hr\/it\/#website"},"primaryImageOfPage":{"@id":"https:\/\/visitviskovo.hr\/it\/cosa-fare\/sport\/#primaryimage"},"image":{"@id":"https:\/\/visitviskovo.hr\/it\/cosa-fare\/sport\/#primaryimage"},"thumbnailUrl":"https:\/\/visitviskovo.hr\/wp-content\/uploads\/2019\/08\/20160721150901000000-main.jpg","datePublished":"2019-08-19T18:53:55+00:00","dateModified":"2020-05-12T12:19:27+00:00","breadcrumb":{"@id":"https:\/\/visitviskovo.hr\/it\/cosa-fare\/sport\/#breadcrumb"},"inLanguage":"it-IT","potentialAction":[{"@type":"ReadAction","target":["https:\/\/visitviskovo.hr\/it\/cosa-fare\/sport\/"]}]},{"@type":"ImageObject","inLanguage":"it-IT","@id":"https:\/\/visitviskovo.hr\/it\/cosa-fare\/sport\/#primaryimage","url":"https:\/\/visitviskovo.hr\/wp-content\/uploads\/2019\/08\/20160721150901000000-main.jpg","contentUrl":"https:\/\/visitviskovo.hr\/wp-content\/uploads\/2019\/08\/20160721150901000000-main.jpg","width":900,"height":600},{"@type":"BreadcrumbList","@id":"https:\/\/visitviskovo.hr\/it\/cosa-fare\/sport\/#breadcrumb","itemListElement":[{"@type":"ListItem","position":1,"name":"Home","item":"https:\/\/visitviskovo.hr\/it\/"},{"@type":"ListItem","position":2,"name":"Cosa fare","item":"https:\/\/visitviskovo.hr\/it\/cosa-fare\/"},{"@type":"ListItem","position":3,"name":"Sport"}]},{"@type":"WebSite","@id":"https:\/\/visitviskovo.hr\/it\/#website","url":"https:\/\/visitviskovo.hr\/it\/","name":"Turisti\u010dka zajednica op\u0107ine Vi\u0161kovo","description":"","potentialAction":[{"@type":"SearchAction","target":{"@type":"EntryPoint","urlTemplate":"https:\/\/visitviskovo.hr\/it\/?s={search_term_string}"},"query-input":"required name=search_term_string"}],"inLanguage":"it-IT"}]}},"_links":{"self":[{"href":"https:\/\/visitviskovo.hr\/it\/wp-json\/wp\/v2\/pages\/3714"}],"collection":[{"href":"https:\/\/visitviskovo.hr\/it\/wp-json\/wp\/v2\/pages"}],"about":[{"href":"https:\/\/visitviskovo.hr\/it\/wp-json\/wp\/v2\/types\/page"}],"author":[{"embeddable":true,"href":"https:\/\/visitviskovo.hr\/it\/wp-json\/wp\/v2\/users\/1"}],"replies":[{"embeddable":true,"href":"https:\/\/visitviskovo.hr\/it\/wp-json\/wp\/v2\/comments?post=3714"}],"version-history":[{"count":3,"href":"https:\/\/visitviskovo.hr\/it\/wp-json\/wp\/v2\/pages\/3714\/revisions"}],"predecessor-version":[{"id":13559,"href":"https:\/\/visitviskovo.hr\/it\/wp-json\/wp\/v2\/pages\/3714\/revisions\/13559"}],"up":[{"embeddable":true,"href":"https:\/\/visitviskovo.hr\/it\/wp-json\/wp\/v2\/pages\/3919"}],"wp:featuredmedia":[{"embeddable":true,"href":"https:\/\/visitviskovo.hr\/it\/wp-json\/wp\/v2\/media\/3723"}],"wp:attachment":[{"href":"https:\/\/visitviskovo.hr\/it\/wp-json\/wp\/v2\/media?parent=3714"}],"curies":[{"name":"wp","href":"https:\/\/api.w.org\/{rel}","templated":true}]}}