{"id":3727,"date":"2019-08-19T18:56:08","date_gmt":"2019-08-19T18:56:08","guid":{"rendered":"https:\/\/visitviskovo.hr\/?page_id=3727"},"modified":"2020-09-15T12:31:52","modified_gmt":"2020-09-15T12:31:52","slug":"passeggiate","status":"publish","type":"page","link":"https:\/\/visitviskovo.hr\/it\/passeggiate\/","title":{"rendered":"Passeggiate"},"content":{"rendered":"\n<p>I percorsi ben curati e allestiti richiamano a fare una piacevole passeggiata lungo i vari paesaggi boschivi in coppia, in compagnia o assieme ai vostri amici a quattro zampe. Non importa quale sia la ragione, tutti possono ammirare il meraviglioso paesaggio e forse anche scorgere qualche capriolo o falco. Inoltre, qui si possono osservare <a href=\"https:\/\/visitviskovo.hr\/it\/viskovo\/kulturna-bastina\/gromace-muri-a-secco\/\">le\u00a0<\/a><em><a href=\"https:\/\/visitviskovo.hr\/it\/viskovo\/kulturna-bastina\/gromace-muri-a-secco\/\">groma\u010de<\/a><\/em>, ovvero muri a secco che delimitano i percorsi e circondano i<a href=\"https:\/\/visitviskovo.hr\/it\/cosa-fare\/kalici\/\">\u00a0<\/a><em><a href=\"https:\/\/visitviskovo.hr\/it\/cosa-fare\/kalici\/\">kali\u0107i<\/a><\/em>\u00a0\u2013 dei piccoli acquitrini che servivano per abbeverare il bestiame.<\/p>\n\n\n\n<h2 class=\"wp-block-heading\">Il sentiero boschivo <strong>Milohni<\/strong> <\/h2>\n\n\n\n<p>Questo sentiero circolare, che passa lungo varie doline carsiche, si percorre facilmente in un&#8217;oretta ed \u00e8 l&#8217;ideale per una passeggiata pomeridiana. Dal villaggio di Milohni, il sentiero conduce attraverso il bosco in direzione di Kastav. Dopo una breve sosta, si svolta a sinistra, dove si offrono due possibilit\u00e0. Il sentiero a destra conduce a \u0160porova Jama e alla citt\u00e0 di Kastav mentre a sinistra il sentiero porta verso Bezjaki e offre splendide vedute sul Quarnero. Questa direzione offre anche due possibilit\u00e0. Una salita pi\u00f9 facile conduce all&#8217;incrocio \u2013 a sinistra si ritorna a Milohni mentre continuando dritto, si raggiunge Bezjaki. Da Bezjaki, il percorso conduce a Srdo\u010di e Zamet.<\/p>\n\n\n\n<p>Il sentiero pedonale Milohni conduce anche al <em>kali\u0107<\/em> (acquitrino) Kapitovac, situato in una profonda dolina vicino al villaggio di Milohni. Il sentiero di accesso, delimitato da muretti a secco, conduce a una profonda dolina. Lungo un ripido sentiero si raggiunge il <em>kali\u0107 <\/em>(acquitrino) murato circondrato da latifoglie. Scegliendo qualsiasi di queste direzioni, avrete l&#8217;opportunit\u00e0 di scoprire alcune parti meno conosciute dell&#8217;area di Kastav. <\/p>\n\n\n\n<h2 class=\"wp-block-heading\">Il sentiero <strong>Ple\u0161ivac<\/strong> <\/h2>\n\n\n\n<p>Il sentiero Ple\u0161ivac \u00e8 adatto a tutte le et\u00e0. Le sue salite sono poco esigenti e ideali per ricrearsi e godersi i paesaggi boschivi. Questo sentiero, lungo 8,6 km, collega i villaggi di Mar\u010delji e Tiblja\u0161i e la sua cima pi\u00f9 alta ovvero Ple\u0161ivac (<em>ple\u0161iv<\/em> significa calvo) si trova a un&#8217;altitudine di 429 m. Questo percorso pedonale \u00e8 collegato a un percorso ciclabile che conduce a Ronjgi e alla casa natale di Ivan Mateti\u0107 Ronjgov, che oggi funge da istituzione culturale e centro memoriale.<\/p>\n\n\n\n<p>Partendo dalla vecchia scuola di Mar\u010delji verso il villaggio di Bi\u0161kupi e un&#8217;area di sosta, i percorsi si dividono. Uno conduce a Mladeni\u0107i, Petrci e Tiblja\u0161i mentre l&#8217;altro conduce verso Kablari a Drenova. Da Tiblja\u0161i, potete raggiungere il sentiero Drenova-Pehlin e dirigervi verso Rijeka.<\/p>\n\n\n\n<h2 class=\"wp-block-heading\">Il sentiero <strong>Lon\u010deva gri\u017ea<\/strong><\/h2>\n\n\n\n<p>Questo percorso pedonale lungo 15 km \u00e8 pi\u00f9 impegnativo e offre una vista meravigliosa sul Golfo del Quarnero, sulle montagne del Gorski Kotar e sui territori di Kastav e Grobnik, in particolare dalle rocce calcaree sulla cima di Lon\u010deva Gri\u017ea 506 m sopra il livello del mare (<em>gri\u017ea<\/em> significa cumulo di rocce). In questo punto panoramico sono stati allestiti dei pannelli in dialetto ciacavo, in lingua croata e inglese con informazioni sull&#8217;ex cava di Lon\u010deva Gri\u017ea, da dove in passato venivano estratti blocchi di roccia. Una cava pi\u00f9 piccola situata sopra il villaggio di Skva\u017ei\u0107i venne utilizzata per le esigenze del villaggio e delle aree circostanti. Una mostra di antichi strumenti per intagliare e modellare la pietra su una roccia della vecchia cava fornisce informazioni sulle usanze del territorio di Halubje.<\/p>\n\n\n\n<h2 class=\"wp-block-heading\">Il piccolo sentiero <strong>Puti\u0107 od mi\u0107e i vele sopele <\/strong><\/h2>\n\n\n\n<p>Il sentiero \u201cPuti\u0107 od Mi\u0107e i Vele Sopele\u201d offre non solo l&#8217;opportunit\u00e0 per passeggiate e attivit\u00e0 ricreative ma rappresenta un legame con uno dei personaggi pi\u00f9 significativi del territorio di Halubje e Kastav: il compositore, etnomusicologo e insegnante di musica Ivan Mateti\u0107 Ronjgov. Una parte del sentiero conduce in una piccola area di sosta circondata da muri a secco, un tipico elemento architettonico localmente noto come <em>groma\u010da<\/em>. Dopo circa 350 m, raggiungerete un punto panoramico che offre una vista sulla natura incontaminata e sulla citt\u00e0 storica di Kastav. In ogni stagione, il terreno carsico vi accoglie in un&#8217;area boscosa ricoperta per lo pi\u00f9 da carpini, querce e bassa vegetazione.<\/p>\n\n\n\n<p>Se vi trovate a Vi\u0161kovo in aprile, potete partecipare alle escursioni guidate dal titolo \u201cPriprema, pozor, sad!\u201d (Pronti, attenti, via!) e scoprire la nostra zona insieme alle guide del Club escursionistico di Vi\u0161kovo e agli altri amanti della natura. In autunno, unitevi a noi per una passeggiata lungo i sentieri degli Scampanatori di Halubje dal titolo \u201cPro\u0161e\u0107i se z manun &#8230; po zvon\u010darskeh puteh\u201d.<\/p>\n\n\n\n<p>Godetevi le passeggiate nella natura incontaminata, unite il relax e lo svago e scoprite Vi\u0161kovo in maniera diversa.<\/p>\n\n\n\n<p>Se volete concedervi un ristoro delizioso e semplice, visitate le nostre pizzerie e osterie. I maestri della pizza e della pasta vi attendono nelle pizzerie <a href=\"https:\/\/visitviskovo.hr\/it\/gastronomija\/pizzeria-podroom\/\">Podroom<\/a> e <a href=\"https:\/\/visitviskovo.hr\/it\/gastronomija\/pizzeria-jeans\/\">JEANS<\/a>. Per un&#8217;ottima grigliata o un piatto sostanzioso, visitate le osterie <a href=\"https:\/\/visitviskovo.hr\/it\/gastronomija\/bistro-starocesko\/\">Staro\u010de\u0161ko<\/a>, <a href=\"https:\/\/visitviskovo.hr\/it\/gastronomija\/bistro-mario\/\">Mario<\/a> o <a href=\"https:\/\/visitviskovo.hr\/it\/gastronomija\/bistro-fico\/\">O\u0161tarija Trampov Breg<\/a>.<\/p>\n\n\n\n<p>\u00c8 possibile scaricare la mappa di Vi\u0161kovo al seguente link:<\/p>\n\n\n\n<p><a href=\"https:\/\/visitviskovo.hr\/wp-content\/uploads\/2019\/12\/Viskovo_strana_2_2019_06_26-3.pdf\">Mappa di Vi\u0161kovo <\/a><\/p>\n","protected":false},"excerpt":{"rendered":"<p>I percorsi ben curati e allestiti richiamano a fare una piacevole passeggiata lungo i vari paesaggi boschivi in coppia, in compagnia o assieme ai vostri amici a quattro zampe. Non importa quale sia la ragione, tutti possono ammirare il meraviglioso paesaggio e forse anche scorgere qualche capriolo o falco. Inoltre, qui si possono osservare le\u00a0groma\u010de, [&hellip;]<\/p>\n","protected":false},"author":1,"featured_media":13376,"parent":0,"menu_order":0,"comment_status":"closed","ping_status":"closed","template":"","meta":{"_acf_changed":false,"footnotes":""},"acf":[],"yoast_head":"<!-- This site is optimized with the Yoast SEO plugin v22.7 - https:\/\/yoast.com\/wordpress\/plugins\/seo\/ -->\n<title>Passeggiate - Turisti\u010dka zajednica op\u0107ine Vi\u0161kovo<\/title>\n<meta name=\"robots\" content=\"index, follow, max-snippet:-1, max-image-preview:large, max-video-preview:-1\" \/>\n<link rel=\"canonical\" href=\"https:\/\/visitviskovo.hr\/it\/cosa-fare\/passeggiate-e-piste-cicabili\/passeggiate\/\" \/>\n<meta property=\"og:locale\" content=\"it_IT\" \/>\n<meta property=\"og:type\" content=\"article\" \/>\n<meta property=\"og:title\" content=\"Passeggiate - Turisti\u010dka zajednica op\u0107ine Vi\u0161kovo\" \/>\n<meta property=\"og:description\" content=\"I percorsi ben curati e allestiti richiamano a fare una piacevole passeggiata lungo i vari paesaggi boschivi in coppia, in compagnia o assieme ai vostri amici a quattro zampe. Non importa quale sia la ragione, tutti possono ammirare il meraviglioso paesaggio e forse anche scorgere qualche capriolo o falco. Inoltre, qui si possono osservare le\u00a0groma\u010de, [&hellip;]\" \/>\n<meta property=\"og:url\" content=\"https:\/\/visitviskovo.hr\/it\/cosa-fare\/passeggiate-e-piste-cicabili\/passeggiate\/\" \/>\n<meta property=\"og:site_name\" content=\"Turisti\u010dka zajednica op\u0107ine Vi\u0161kovo\" \/>\n<meta property=\"article:publisher\" content=\"https:\/\/web.facebook.com\/VisitViskovo\" \/>\n<meta property=\"article:modified_time\" content=\"2020-09-15T12:31:52+00:00\" \/>\n<meta property=\"og:image\" content=\"https:\/\/visitviskovo.hr\/wp-content\/uploads\/2020\/04\/RONJGISETNICA3-Medium-1.jpg\" \/>\n\t<meta property=\"og:image:width\" content=\"1152\" \/>\n\t<meta property=\"og:image:height\" content=\"768\" \/>\n\t<meta property=\"og:image:type\" content=\"image\/jpeg\" \/>\n<meta name=\"twitter:card\" content=\"summary_large_image\" \/>\n<meta name=\"twitter:label1\" content=\"Tempo di lettura stimato\" \/>\n\t<meta name=\"twitter:data1\" content=\"4 minuti\" \/>\n<script type=\"application\/ld+json\" class=\"yoast-schema-graph\">{\"@context\":\"https:\/\/schema.org\",\"@graph\":[{\"@type\":\"WebPage\",\"@id\":\"https:\/\/visitviskovo.hr\/it\/cosa-fare\/passeggiate-e-piste-cicabili\/passeggiate\/\",\"url\":\"https:\/\/visitviskovo.hr\/it\/cosa-fare\/passeggiate-e-piste-cicabili\/passeggiate\/\",\"name\":\"Passeggiate - Turisti\u010dka zajednica op\u0107ine Vi\u0161kovo\",\"isPartOf\":{\"@id\":\"https:\/\/visitviskovo.hr\/it\/#website\"},\"primaryImageOfPage\":{\"@id\":\"https:\/\/visitviskovo.hr\/it\/cosa-fare\/passeggiate-e-piste-cicabili\/passeggiate\/#primaryimage\"},\"image\":{\"@id\":\"https:\/\/visitviskovo.hr\/it\/cosa-fare\/passeggiate-e-piste-cicabili\/passeggiate\/#primaryimage\"},\"thumbnailUrl\":\"https:\/\/visitviskovo.hr\/wp-content\/uploads\/2020\/04\/RONJGISETNICA3-Medium-1.jpg\",\"datePublished\":\"2019-08-19T18:56:08+00:00\",\"dateModified\":\"2020-09-15T12:31:52+00:00\",\"breadcrumb\":{\"@id\":\"https:\/\/visitviskovo.hr\/it\/cosa-fare\/passeggiate-e-piste-cicabili\/passeggiate\/#breadcrumb\"},\"inLanguage\":\"it-IT\",\"potentialAction\":[{\"@type\":\"ReadAction\",\"target\":[\"https:\/\/visitviskovo.hr\/it\/cosa-fare\/passeggiate-e-piste-cicabili\/passeggiate\/\"]}]},{\"@type\":\"ImageObject\",\"inLanguage\":\"it-IT\",\"@id\":\"https:\/\/visitviskovo.hr\/it\/cosa-fare\/passeggiate-e-piste-cicabili\/passeggiate\/#primaryimage\",\"url\":\"https:\/\/visitviskovo.hr\/wp-content\/uploads\/2020\/04\/RONJGISETNICA3-Medium-1.jpg\",\"contentUrl\":\"https:\/\/visitviskovo.hr\/wp-content\/uploads\/2020\/04\/RONJGISETNICA3-Medium-1.jpg\",\"width\":1152,\"height\":768},{\"@type\":\"BreadcrumbList\",\"@id\":\"https:\/\/visitviskovo.hr\/it\/cosa-fare\/passeggiate-e-piste-cicabili\/passeggiate\/#breadcrumb\",\"itemListElement\":[{\"@type\":\"ListItem\",\"position\":1,\"name\":\"Home\",\"item\":\"https:\/\/visitviskovo.hr\/it\/\"},{\"@type\":\"ListItem\",\"position\":2,\"name\":\"Cosa fare\",\"item\":\"https:\/\/visitviskovo.hr\/it\/cosa-fare\/\"},{\"@type\":\"ListItem\",\"position\":3,\"name\":\"Passeggiate e piste cicabili\",\"item\":\"https:\/\/visitviskovo.hr\/it\/cosa-fare\/passeggiate-e-piste-cicabili\/\"},{\"@type\":\"ListItem\",\"position\":4,\"name\":\"Passeggiate\"}]},{\"@type\":\"WebSite\",\"@id\":\"https:\/\/visitviskovo.hr\/it\/#website\",\"url\":\"https:\/\/visitviskovo.hr\/it\/\",\"name\":\"Turisti\u010dka zajednica op\u0107ine Vi\u0161kovo\",\"description\":\"\",\"potentialAction\":[{\"@type\":\"SearchAction\",\"target\":{\"@type\":\"EntryPoint\",\"urlTemplate\":\"https:\/\/visitviskovo.hr\/it\/?s={search_term_string}\"},\"query-input\":\"required name=search_term_string\"}],\"inLanguage\":\"it-IT\"}]}<\/script>\n<!-- \/ Yoast SEO plugin. -->","yoast_head_json":{"title":"Passeggiate - Turisti\u010dka zajednica op\u0107ine Vi\u0161kovo","robots":{"index":"index","follow":"follow","max-snippet":"max-snippet:-1","max-image-preview":"max-image-preview:large","max-video-preview":"max-video-preview:-1"},"canonical":"https:\/\/visitviskovo.hr\/it\/cosa-fare\/passeggiate-e-piste-cicabili\/passeggiate\/","og_locale":"it_IT","og_type":"article","og_title":"Passeggiate - Turisti\u010dka zajednica op\u0107ine Vi\u0161kovo","og_description":"I percorsi ben curati e allestiti richiamano a fare una piacevole passeggiata lungo i vari paesaggi boschivi in coppia, in compagnia o assieme ai vostri amici a quattro zampe. Non importa quale sia la ragione, tutti possono ammirare il meraviglioso paesaggio e forse anche scorgere qualche capriolo o falco. Inoltre, qui si possono osservare le\u00a0groma\u010de, [&hellip;]","og_url":"https:\/\/visitviskovo.hr\/it\/cosa-fare\/passeggiate-e-piste-cicabili\/passeggiate\/","og_site_name":"Turisti\u010dka zajednica op\u0107ine Vi\u0161kovo","article_publisher":"https:\/\/web.facebook.com\/VisitViskovo","article_modified_time":"2020-09-15T12:31:52+00:00","og_image":[{"width":1152,"height":768,"url":"https:\/\/visitviskovo.hr\/wp-content\/uploads\/2020\/04\/RONJGISETNICA3-Medium-1.jpg","type":"image\/jpeg"}],"twitter_card":"summary_large_image","twitter_misc":{"Tempo di lettura stimato":"4 minuti"},"schema":{"@context":"https:\/\/schema.org","@graph":[{"@type":"WebPage","@id":"https:\/\/visitviskovo.hr\/it\/cosa-fare\/passeggiate-e-piste-cicabili\/passeggiate\/","url":"https:\/\/visitviskovo.hr\/it\/cosa-fare\/passeggiate-e-piste-cicabili\/passeggiate\/","name":"Passeggiate - Turisti\u010dka zajednica op\u0107ine Vi\u0161kovo","isPartOf":{"@id":"https:\/\/visitviskovo.hr\/it\/#website"},"primaryImageOfPage":{"@id":"https:\/\/visitviskovo.hr\/it\/cosa-fare\/passeggiate-e-piste-cicabili\/passeggiate\/#primaryimage"},"image":{"@id":"https:\/\/visitviskovo.hr\/it\/cosa-fare\/passeggiate-e-piste-cicabili\/passeggiate\/#primaryimage"},"thumbnailUrl":"https:\/\/visitviskovo.hr\/wp-content\/uploads\/2020\/04\/RONJGISETNICA3-Medium-1.jpg","datePublished":"2019-08-19T18:56:08+00:00","dateModified":"2020-09-15T12:31:52+00:00","breadcrumb":{"@id":"https:\/\/visitviskovo.hr\/it\/cosa-fare\/passeggiate-e-piste-cicabili\/passeggiate\/#breadcrumb"},"inLanguage":"it-IT","potentialAction":[{"@type":"ReadAction","target":["https:\/\/visitviskovo.hr\/it\/cosa-fare\/passeggiate-e-piste-cicabili\/passeggiate\/"]}]},{"@type":"ImageObject","inLanguage":"it-IT","@id":"https:\/\/visitviskovo.hr\/it\/cosa-fare\/passeggiate-e-piste-cicabili\/passeggiate\/#primaryimage","url":"https:\/\/visitviskovo.hr\/wp-content\/uploads\/2020\/04\/RONJGISETNICA3-Medium-1.jpg","contentUrl":"https:\/\/visitviskovo.hr\/wp-content\/uploads\/2020\/04\/RONJGISETNICA3-Medium-1.jpg","width":1152,"height":768},{"@type":"BreadcrumbList","@id":"https:\/\/visitviskovo.hr\/it\/cosa-fare\/passeggiate-e-piste-cicabili\/passeggiate\/#breadcrumb","itemListElement":[{"@type":"ListItem","position":1,"name":"Home","item":"https:\/\/visitviskovo.hr\/it\/"},{"@type":"ListItem","position":2,"name":"Cosa fare","item":"https:\/\/visitviskovo.hr\/it\/cosa-fare\/"},{"@type":"ListItem","position":3,"name":"Passeggiate e piste cicabili","item":"https:\/\/visitviskovo.hr\/it\/cosa-fare\/passeggiate-e-piste-cicabili\/"},{"@type":"ListItem","position":4,"name":"Passeggiate"}]},{"@type":"WebSite","@id":"https:\/\/visitviskovo.hr\/it\/#website","url":"https:\/\/visitviskovo.hr\/it\/","name":"Turisti\u010dka zajednica op\u0107ine Vi\u0161kovo","description":"","potentialAction":[{"@type":"SearchAction","target":{"@type":"EntryPoint","urlTemplate":"https:\/\/visitviskovo.hr\/it\/?s={search_term_string}"},"query-input":"required name=search_term_string"}],"inLanguage":"it-IT"}]}},"_links":{"self":[{"href":"https:\/\/visitviskovo.hr\/it\/wp-json\/wp\/v2\/pages\/3727"}],"collection":[{"href":"https:\/\/visitviskovo.hr\/it\/wp-json\/wp\/v2\/pages"}],"about":[{"href":"https:\/\/visitviskovo.hr\/it\/wp-json\/wp\/v2\/types\/page"}],"author":[{"embeddable":true,"href":"https:\/\/visitviskovo.hr\/it\/wp-json\/wp\/v2\/users\/1"}],"replies":[{"embeddable":true,"href":"https:\/\/visitviskovo.hr\/it\/wp-json\/wp\/v2\/comments?post=3727"}],"version-history":[{"count":7,"href":"https:\/\/visitviskovo.hr\/it\/wp-json\/wp\/v2\/pages\/3727\/revisions"}],"predecessor-version":[{"id":14998,"href":"https:\/\/visitviskovo.hr\/it\/wp-json\/wp\/v2\/pages\/3727\/revisions\/14998"}],"wp:featuredmedia":[{"embeddable":true,"href":"https:\/\/visitviskovo.hr\/it\/wp-json\/wp\/v2\/media\/13376"}],"wp:attachment":[{"href":"https:\/\/visitviskovo.hr\/it\/wp-json\/wp\/v2\/media?parent=3727"}],"curies":[{"name":"wp","href":"https:\/\/api.w.org\/{rel}","templated":true}]}}