{"id":3750,"date":"2019-08-19T18:59:03","date_gmt":"2019-08-19T18:59:03","guid":{"rendered":"https:\/\/visitviskovo.hr\/?page_id=3750"},"modified":"2023-03-06T13:59:32","modified_gmt":"2023-03-06T13:59:32","slug":"percorsi-ciclabili","status":"publish","type":"page","link":"https:\/\/visitviskovo.hr\/it\/percorsi-ciclabili\/","title":{"rendered":"Percorsi ciclabili"},"content":{"rendered":"\n<p>Cinque percorsi ciclabili tracciati che conducono attraverso l&#8217;area di Vi\u0161kovo, una zona di eccezionale bellezza naturale dove il modo di vivere moderno si intreccia con quello tradizionale.  Per tutti coloro che sono alla ricerca di un&#8217;avventura all&#8217;aria aperta, i nostri percorsi ciclabili offrono l&#8217;opportunit\u00e0 perfetta per scoprire gli angoli nascosti di Vi\u0161kovo <\/p>\n\n\n\n<h2 class=\"wp-block-heading\"><strong>PERCORSO VI\u0160KOVO&nbsp;<\/strong><\/h2>\n\n\n\n<p>Il <strong>Percorso Vi\u0161kovo, <\/strong>ideale per famiglie, conduce verso Ronjgi, luogo di nascita di <a href=\"https:\/\/visitviskovo.hr\/it\/viskovo\/unesco\/dvoglasje-tijesnih-intervala\/\">Ivan Mateti\u0107 Ronjgov. <\/a>In ricordo di questo grande musicista e collezionista del patrimonio musicale popolare \u00e8 stato allestito un museo proprio nella sua casa natale. Al piano terra si trova un ristorante che offre specialit\u00e0 locali.<\/p>\n\n\n\n<p>Da Ronjgi si sale verso Zorzi\u0107i, dove si attraversa la strada Petrolejska cesta. Dal paesetto di Globi\u0107i, luogo di nascita dello scrittore <a href=\"https:\/\/visitviskovo.hr\/it\/viskovo\/kulturna-bastina\/vazni-ljudi-naseg-kraja\/\">Berto Lu\u010di\u0107,<\/a> si pu\u00f2 ammirare una vista meravigliosa sul Quarnero. Si prosegue lungo una salita ripida fino a Lu\u010di\u0107i.  Nelle vicinanze si trova una cava e <a href=\"https:\/\/visitviskovo.hr\/it\/cosa-fare\/punto-di-vista-e-allaperto-galleria\/\">un&#8217;eccezionale galleria all&#8217;aperto<\/a>. Subito prima di Skva\u017ei\u0107i si svolta a destra verso <a href=\"https:\/\/visitviskovo.hr\/it\/cosa-fare\/passeggiate-e-piste-cicabili\/passeggiate\/\">il sentiero Ple\u0161ivac, <\/a>tramite il quale si arriva al paese di Bi\u0161kupi in cui si pu\u00f2 ammirare l&#8217;architettura tradizionale di questo territorio. All&#8217;uscita da questo villaggio, si procede sulla strada attraverso il paese di Mladeni\u0107i e si ritorna al centro di Vi\u0161kovo.<\/p>\n\n\n\n<h2 class=\"wp-block-heading\"><strong>PERCORSO KASTAV&nbsp;<\/strong><\/h2>\n\n\n\n<p>Il <strong>Percorso Kastav <\/strong>devia il\ncentro di Vi\u0161kovo e conduce lungo le strade secondarie e i sentieri boschivi.\nQuesto percorso pi\u00f9 impegnativo procede verso est in direzione di Furi\u0107evo,\ndove si svolta a sinistra e si sale leggermente lungo la localit\u00e0 di Trtni\nverso il paese di Mladeni\u0107i. A questo punto si attraversa la strada e si\nprocede lungo la vecchia strada verso il paese di Mavri fino a raggiungere\nGornji Sroki. Segue la discesa fino a Srokov kal dove si svolta a destra e si\nprosegue in direzione della citt\u00e0 di Kastav.<\/p>\n\n\n\n<p>Per quelli pi\u00f9 preparati, a Gornji Turki c&#8217;\u00e8 la possibilit\u00e0 di svoltare a destra verso Jelovi\u010dani e il bosco di Lu\u017eina. Se si sceglie la variante pi\u00f9 semplice, a Gornji Turki si prosegue dritto, si esce sulla strada e si continua sul sentiero boschivo che porta a Donji Jugi. Nei pressi di questo paese si trova <a href=\"https:\/\/visitviskovo.hr\/it\/cosa-fare\/kalici\/\">Kapitovac,<\/a> una sorgente inesauribile di acqua e la storia di un legame indissolubile tra uomo e natura.<\/p>\n\n\n\n<h2 class=\"wp-block-heading\"><strong>PERCORSO STUDENA&nbsp;<\/strong><\/h2>\n\n\n\n<p>Il <strong>Percorso Studena <\/strong>conduce in direzione di Sar\u0161oni e sulla strada Petrolejska cesta tramite la quale si continua per Zorzi\u0107i. Si prosegue lungo la vecchia strada che, attraverso il bosco di Ne\u017enica, arriva fino alla strada principale verso Studena. Sulla strada Petrolejska cesta si scende verso Mar\u010delji, il luogo in cui sono sorti due beni che rientrano nella Lista del <a href=\"https:\/\/visitviskovo.hr\/it\/viskovo\/unesco\/\">patrimonio culturale immateriale dell&#8217;UNESCO<\/a>: la processione carnevalesca degli <em>Halubajski zvon\u010dari<\/em> &#8211; scampanatori di Halubje, la cui zona di origine \u00e8 proprio a Mar\u010delji, e il canto a due voci ad intervalli stretti, documentato da Ivan Mateti\u0107 Ronjgov. Da Mar\u010delji si svolta in direzione di Kosi. Attraversando gli abitati di Jardasi, Dovi\u010di\u0107i e \u0160iroli si arriva al centro di Vi\u0161kovo.<\/p>\n\n\n\n<h2 class=\"wp-block-heading\"><strong>PERCORSO ALLA SORGENTE DEL FIUME RJE\u010cINA&nbsp;<\/strong><\/h2>\n\n\n\n<p>Il <strong>Percorso alla sorgente del fiume\nRje\u010dina <\/strong>inizia dal centro di Vi\u0161kovo e prosegue attraverso il paese di\nMladeni\u0107i, in direzione di Sar\u0161oni e Lu\u010di\u0107i. Dopo una breve salita si arriva a\nsella Lon\u010deva Gri\u017ea. Lungo le serpentine si scende al villaggio di Trnovica.\nAttraversando il fiume Rje\u010dina e si svolta in direzione di Kukuljano e si segue\nil corso a monte del fiume Rje\u010dina fino alla sua sorgente. Dopo una breve\npausa, da l\u00ec si ritorna a sella Lon\u010deva Gri\u017ea, si scende verso il villaggio di\nSar\u0161oni e si prosegue lungo la strada Petrolejska cesta fino a Gari\u0107i dove\npossiamo osservare un centinaio di case antiche conservate che rappresentano un\nesempio di architettura tradizionale. Tra queste si trova <em>Casa Cenetina<\/em>, un monumento culturale protetto. Dopo si scende\nattraverso Mar\u010delji fino al centro di Vi\u0161kovo.<\/p>\n\n\n\n<h2 class=\"wp-block-heading\"><strong>PERCORSO BREZA&nbsp;<\/strong><\/h2>\n\n\n\n<p>Il <strong>Percorso Breza <\/strong>conduce verso\nSar\u0161oni e Ronjgi fino al paese di Zorzi\u0107i e sulla Petrolejska cesta, dove si\nprosegue in direzione di Klana. Nella zona di Pogled si svolta verso il\nsentiero boschivo che porta al paese di Breza. Su questo percorso si possono\ntrovare interessanti resti di fortificazioni risalenti all&#8217;epoca\ndell&#8217;occupazione italiana. Infatti, proprio in questa zona passava il confine\ntra il Regno d&#8217;Italia e il Regno di Serbi, Croati e Sloveni. <\/p>\n\n\n\n<p>La strada sopra il paese di Breza conduce al centro. Passando accanto al cimitero e alla vecchia caserma si arriva all&#8217;incrocio dove si svolta a sinistra e, attraverso un sentiero boschivo, si raggiunge il villaggio di Jardasi e prosegue a \u0160iroli attraversando l&#8217;abitato di Dovi\u010di\u0107i e poi lungo la strada secondaria verso il centro di Vi\u0161kovo.<\/p>\n\n\n\n<p><a href=\"https:\/\/visitviskovo.hr\/it\/cosa-fare\/halubike\/\">HALUbike<\/a>, un sistema di noleggio di bicilette classiche ed elettriche con stazioni a Ronjgi e nel parcheggio di Milihovo, soddisfer\u00e0 il vostro bisogno di attivit\u00e0 ricreative. La semplicit\u00e0 di utilizzo e i prezzi convenienti garantiscono una vacanza all&#8217;insegna del relax e della spensieratezza. Noleggiate una bici e partite per un&#8217;avventura.<\/p>\n\n\n\n<p>Se volete concedervi un ristoro delizioso e semplice, visitate le nostre pizzerie e osterie. I maestri della pizza e della pasta vi attendono nelle pizzerie&nbsp;<a href=\"https:\/\/visitviskovo.hr\/it\/gastronomija\/pizzeria-podroom\/\">Podroom<\/a>&nbsp;e&nbsp;<a href=\"https:\/\/visitviskovo.hr\/it\/gastronomija\/pizzeria-jeans\/\">JEANS<\/a>. Per un\u2019ottima grigliata o un piatto sostanzioso, visitate le osterie&nbsp;<a href=\"https:\/\/visitviskovo.hr\/it\/gastronomija\/bistro-starocesko\/\">Staro\u010de\u0161ko<\/a>,&nbsp;<a href=\"https:\/\/visitviskovo.hr\/it\/gastronomija\/bistro-mario\/\">Mario<\/a>&nbsp;o&nbsp;<a href=\"https:\/\/visitviskovo.hr\/it\/gastronomija\/bistro-fico\/\">O\u0161tarija Trampov Breg<\/a>. <\/p>\n\n\n\n<div class=\"wp-block-file\"><a id=\"wp-block-file--media-fb069647-c413-48bf-9fb6-291195c1eada\" href=\"https:\/\/visitviskovo.hr\/wp-content\/uploads\/2019\/07\/Biciklisti\u010dka-karta-Vi\u0161kovo-1.pdf\">Mappe delle piste ciclabili in Vi\u0161kovo<\/a><a href=\"https:\/\/visitviskovo.hr\/wp-content\/uploads\/2019\/07\/Biciklisti\u010dka-karta-Vi\u0161kovo-1.pdf\" class=\"wp-block-file__button wp-element-button\" download aria-describedby=\"wp-block-file--media-fb069647-c413-48bf-9fb6-291195c1eada\">Download<\/a><\/div>\n","protected":false},"excerpt":{"rendered":"<p>Cinque percorsi ciclabili tracciati che conducono attraverso l&#8217;area di Vi\u0161kovo, una zona di eccezionale bellezza naturale dove il modo di vivere moderno si intreccia con quello tradizionale. Per tutti coloro che sono alla ricerca di un&#8217;avventura all&#8217;aria aperta, i nostri percorsi ciclabili offrono l&#8217;opportunit\u00e0 perfetta per scoprire gli angoli nascosti di Vi\u0161kovo PERCORSO VI\u0160KOVO&nbsp; Il [&hellip;]<\/p>\n","protected":false},"author":1,"featured_media":13831,"parent":0,"menu_order":0,"comment_status":"closed","ping_status":"closed","template":"","meta":{"_acf_changed":false,"footnotes":""},"acf":[],"yoast_head":"<!-- This site is optimized with the Yoast SEO plugin v22.7 - https:\/\/yoast.com\/wordpress\/plugins\/seo\/ -->\n<title>Percorsi ciclabili - Turisti\u010dka zajednica op\u0107ine Vi\u0161kovo<\/title>\n<meta name=\"robots\" content=\"index, follow, max-snippet:-1, max-image-preview:large, max-video-preview:-1\" \/>\n<link rel=\"canonical\" href=\"https:\/\/visitviskovo.hr\/it\/percorsi-ciclabili\/\" \/>\n<meta property=\"og:locale\" content=\"it_IT\" \/>\n<meta property=\"og:type\" content=\"article\" \/>\n<meta property=\"og:title\" content=\"Percorsi ciclabili - Turisti\u010dka zajednica op\u0107ine Vi\u0161kovo\" \/>\n<meta property=\"og:description\" content=\"Cinque percorsi ciclabili tracciati che conducono attraverso l&#8217;area di Vi\u0161kovo, una zona di eccezionale bellezza naturale dove il modo di vivere moderno si intreccia con quello tradizionale. Per tutti coloro che sono alla ricerca di un&#8217;avventura all&#8217;aria aperta, i nostri percorsi ciclabili offrono l&#8217;opportunit\u00e0 perfetta per scoprire gli angoli nascosti di Vi\u0161kovo PERCORSO VI\u0160KOVO&nbsp; Il [&hellip;]\" \/>\n<meta property=\"og:url\" content=\"https:\/\/visitviskovo.hr\/it\/percorsi-ciclabili\/\" \/>\n<meta property=\"og:site_name\" content=\"Turisti\u010dka zajednica op\u0107ine Vi\u0161kovo\" \/>\n<meta property=\"article:publisher\" content=\"https:\/\/web.facebook.com\/VisitViskovo\" \/>\n<meta property=\"article:modified_time\" content=\"2023-03-06T13:59:32+00:00\" \/>\n<meta property=\"og:image\" content=\"https:\/\/visitviskovo.hr\/wp-content\/uploads\/2020\/05\/Biciklisti\u010dka_staza-4-Medium.jpg\" \/>\n\t<meta property=\"og:image:width\" content=\"1151\" \/>\n\t<meta property=\"og:image:height\" content=\"768\" \/>\n\t<meta property=\"og:image:type\" content=\"image\/jpeg\" \/>\n<meta name=\"twitter:card\" content=\"summary_large_image\" \/>\n<meta name=\"twitter:label1\" content=\"Tempo di lettura stimato\" \/>\n\t<meta name=\"twitter:data1\" content=\"5 minuti\" \/>\n<script type=\"application\/ld+json\" class=\"yoast-schema-graph\">{\"@context\":\"https:\/\/schema.org\",\"@graph\":[{\"@type\":\"WebPage\",\"@id\":\"https:\/\/visitviskovo.hr\/it\/percorsi-ciclabili\/\",\"url\":\"https:\/\/visitviskovo.hr\/it\/percorsi-ciclabili\/\",\"name\":\"Percorsi ciclabili - Turisti\u010dka zajednica op\u0107ine Vi\u0161kovo\",\"isPartOf\":{\"@id\":\"https:\/\/visitviskovo.hr\/it\/#website\"},\"primaryImageOfPage\":{\"@id\":\"https:\/\/visitviskovo.hr\/it\/percorsi-ciclabili\/#primaryimage\"},\"image\":{\"@id\":\"https:\/\/visitviskovo.hr\/it\/percorsi-ciclabili\/#primaryimage\"},\"thumbnailUrl\":\"https:\/\/visitviskovo.hr\/wp-content\/uploads\/2020\/05\/Biciklisti\u010dka_staza-4-Medium.jpg\",\"datePublished\":\"2019-08-19T18:59:03+00:00\",\"dateModified\":\"2023-03-06T13:59:32+00:00\",\"breadcrumb\":{\"@id\":\"https:\/\/visitviskovo.hr\/it\/percorsi-ciclabili\/#breadcrumb\"},\"inLanguage\":\"it-IT\",\"potentialAction\":[{\"@type\":\"ReadAction\",\"target\":[\"https:\/\/visitviskovo.hr\/it\/percorsi-ciclabili\/\"]}]},{\"@type\":\"ImageObject\",\"inLanguage\":\"it-IT\",\"@id\":\"https:\/\/visitviskovo.hr\/it\/percorsi-ciclabili\/#primaryimage\",\"url\":\"https:\/\/visitviskovo.hr\/wp-content\/uploads\/2020\/05\/Biciklisti\u010dka_staza-4-Medium.jpg\",\"contentUrl\":\"https:\/\/visitviskovo.hr\/wp-content\/uploads\/2020\/05\/Biciklisti\u010dka_staza-4-Medium.jpg\",\"width\":1151,\"height\":768},{\"@type\":\"BreadcrumbList\",\"@id\":\"https:\/\/visitviskovo.hr\/it\/percorsi-ciclabili\/#breadcrumb\",\"itemListElement\":[{\"@type\":\"ListItem\",\"position\":1,\"name\":\"Home\",\"item\":\"https:\/\/visitviskovo.hr\/it\/\"},{\"@type\":\"ListItem\",\"position\":2,\"name\":\"Percorsi ciclabili\"}]},{\"@type\":\"WebSite\",\"@id\":\"https:\/\/visitviskovo.hr\/it\/#website\",\"url\":\"https:\/\/visitviskovo.hr\/it\/\",\"name\":\"Turisti\u010dka zajednica op\u0107ine Vi\u0161kovo\",\"description\":\"\",\"potentialAction\":[{\"@type\":\"SearchAction\",\"target\":{\"@type\":\"EntryPoint\",\"urlTemplate\":\"https:\/\/visitviskovo.hr\/it\/?s={search_term_string}\"},\"query-input\":\"required name=search_term_string\"}],\"inLanguage\":\"it-IT\"}]}<\/script>\n<!-- \/ Yoast SEO plugin. -->","yoast_head_json":{"title":"Percorsi ciclabili - Turisti\u010dka zajednica op\u0107ine Vi\u0161kovo","robots":{"index":"index","follow":"follow","max-snippet":"max-snippet:-1","max-image-preview":"max-image-preview:large","max-video-preview":"max-video-preview:-1"},"canonical":"https:\/\/visitviskovo.hr\/it\/percorsi-ciclabili\/","og_locale":"it_IT","og_type":"article","og_title":"Percorsi ciclabili - Turisti\u010dka zajednica op\u0107ine Vi\u0161kovo","og_description":"Cinque percorsi ciclabili tracciati che conducono attraverso l&#8217;area di Vi\u0161kovo, una zona di eccezionale bellezza naturale dove il modo di vivere moderno si intreccia con quello tradizionale. Per tutti coloro che sono alla ricerca di un&#8217;avventura all&#8217;aria aperta, i nostri percorsi ciclabili offrono l&#8217;opportunit\u00e0 perfetta per scoprire gli angoli nascosti di Vi\u0161kovo PERCORSO VI\u0160KOVO&nbsp; Il [&hellip;]","og_url":"https:\/\/visitviskovo.hr\/it\/percorsi-ciclabili\/","og_site_name":"Turisti\u010dka zajednica op\u0107ine Vi\u0161kovo","article_publisher":"https:\/\/web.facebook.com\/VisitViskovo","article_modified_time":"2023-03-06T13:59:32+00:00","og_image":[{"width":1151,"height":768,"url":"https:\/\/visitviskovo.hr\/wp-content\/uploads\/2020\/05\/Biciklisti\u010dka_staza-4-Medium.jpg","type":"image\/jpeg"}],"twitter_card":"summary_large_image","twitter_misc":{"Tempo di lettura stimato":"5 minuti"},"schema":{"@context":"https:\/\/schema.org","@graph":[{"@type":"WebPage","@id":"https:\/\/visitviskovo.hr\/it\/percorsi-ciclabili\/","url":"https:\/\/visitviskovo.hr\/it\/percorsi-ciclabili\/","name":"Percorsi ciclabili - Turisti\u010dka zajednica op\u0107ine Vi\u0161kovo","isPartOf":{"@id":"https:\/\/visitviskovo.hr\/it\/#website"},"primaryImageOfPage":{"@id":"https:\/\/visitviskovo.hr\/it\/percorsi-ciclabili\/#primaryimage"},"image":{"@id":"https:\/\/visitviskovo.hr\/it\/percorsi-ciclabili\/#primaryimage"},"thumbnailUrl":"https:\/\/visitviskovo.hr\/wp-content\/uploads\/2020\/05\/Biciklisti\u010dka_staza-4-Medium.jpg","datePublished":"2019-08-19T18:59:03+00:00","dateModified":"2023-03-06T13:59:32+00:00","breadcrumb":{"@id":"https:\/\/visitviskovo.hr\/it\/percorsi-ciclabili\/#breadcrumb"},"inLanguage":"it-IT","potentialAction":[{"@type":"ReadAction","target":["https:\/\/visitviskovo.hr\/it\/percorsi-ciclabili\/"]}]},{"@type":"ImageObject","inLanguage":"it-IT","@id":"https:\/\/visitviskovo.hr\/it\/percorsi-ciclabili\/#primaryimage","url":"https:\/\/visitviskovo.hr\/wp-content\/uploads\/2020\/05\/Biciklisti\u010dka_staza-4-Medium.jpg","contentUrl":"https:\/\/visitviskovo.hr\/wp-content\/uploads\/2020\/05\/Biciklisti\u010dka_staza-4-Medium.jpg","width":1151,"height":768},{"@type":"BreadcrumbList","@id":"https:\/\/visitviskovo.hr\/it\/percorsi-ciclabili\/#breadcrumb","itemListElement":[{"@type":"ListItem","position":1,"name":"Home","item":"https:\/\/visitviskovo.hr\/it\/"},{"@type":"ListItem","position":2,"name":"Percorsi ciclabili"}]},{"@type":"WebSite","@id":"https:\/\/visitviskovo.hr\/it\/#website","url":"https:\/\/visitviskovo.hr\/it\/","name":"Turisti\u010dka zajednica op\u0107ine Vi\u0161kovo","description":"","potentialAction":[{"@type":"SearchAction","target":{"@type":"EntryPoint","urlTemplate":"https:\/\/visitviskovo.hr\/it\/?s={search_term_string}"},"query-input":"required name=search_term_string"}],"inLanguage":"it-IT"}]}},"_links":{"self":[{"href":"https:\/\/visitviskovo.hr\/it\/wp-json\/wp\/v2\/pages\/3750"}],"collection":[{"href":"https:\/\/visitviskovo.hr\/it\/wp-json\/wp\/v2\/pages"}],"about":[{"href":"https:\/\/visitviskovo.hr\/it\/wp-json\/wp\/v2\/types\/page"}],"author":[{"embeddable":true,"href":"https:\/\/visitviskovo.hr\/it\/wp-json\/wp\/v2\/users\/1"}],"replies":[{"embeddable":true,"href":"https:\/\/visitviskovo.hr\/it\/wp-json\/wp\/v2\/comments?post=3750"}],"version-history":[{"count":9,"href":"https:\/\/visitviskovo.hr\/it\/wp-json\/wp\/v2\/pages\/3750\/revisions"}],"predecessor-version":[{"id":19687,"href":"https:\/\/visitviskovo.hr\/it\/wp-json\/wp\/v2\/pages\/3750\/revisions\/19687"}],"wp:featuredmedia":[{"embeddable":true,"href":"https:\/\/visitviskovo.hr\/it\/wp-json\/wp\/v2\/media\/13831"}],"wp:attachment":[{"href":"https:\/\/visitviskovo.hr\/it\/wp-json\/wp\/v2\/media?parent=3750"}],"curies":[{"name":"wp","href":"https:\/\/api.w.org\/{rel}","templated":true}]}}