{"id":3779,"date":"2019-08-19T19:02:14","date_gmt":"2019-08-19T19:02:14","guid":{"rendered":"https:\/\/visitviskovo.hr\/?page_id=3779"},"modified":"2020-01-27T13:03:17","modified_gmt":"2020-01-27T13:03:17","slug":"la-trasversale-ciclistica-dellanello-fiumano","status":"publish","type":"page","link":"https:\/\/visitviskovo.hr\/it\/cosa-fare\/passeggiate-e-piste-cicabili\/la-trasversale-ciclistica-dellanello-fiumano\/","title":{"rendered":"La trasversale ciclistica dell\u2019anello fiumano"},"content":{"rendered":"\n<p>Il territorio circostante, il cosiddetto Anello fiumano (ne fanno parte oltre a Rijeka 7 citt\u00e0 e comuni del territorio circostante), dispongono di tutto il necessario per potervi trascorrere delle ottime vacanze attive. \u00c8 la regione d\u2019incontro singolare tra il mare e la fascia montuosa &#8211; e quale modo migliore per esplorare l\u2019Anello fiumano se non quello a due ruote? Percorrere la fitta rete di piste ciclabili sar\u00e0 un piacere per tutti i sensi, a prescindere dal tipo di terreno, dalle salite lievi o ripide o dalle diverse lunghezze dei percorsi. Partite in bicicletta sulla\u00a0trasversale ciclistica dell\u2019Anello fiumano\u00a0&#8211; un percorso ciclistico che dar\u00e0 agli amanti delle vacanze attive e della ricreazione la possibilit\u00e0 di vivere un&#8217;esperienza del tutto diversa del territorio circostante la citt\u00e0. Sulla trasversale lunga 50 chilometri e su oltre 100 chilometri di collegamenti, vi aspettano una ricca offerta culturale, un divertimento dinamico, delle spiagge bellissime, dei romantici nuclei storici delle antiche cittadine, nonch\u00e9 un\u2019ottima offerta enologica e gastronomica.<\/p>\n\n\n\n<p>La trasversale ciclistica dispone anche di un\u2019applicazione per cellulari per potersi orientare con facilit\u00e0 sui sentieri ciclistici dell\u2019Anello fiumano. Ulteriori informazioni e link per scaricare le applicazioni si trovano su\u00a0<a href=\"http:\/\/www.bikerijeka.com\/\">bikerijeka.com.<\/a><\/p>\n\n\n\n<div class=\"wp-block-file\"><a href=\"https:\/\/visitviskovo.hr\/wp-content\/uploads\/2019\/07\/Biciklisti\u010dka-karta-Rije\u010dkog-prstena.pdf\"> Trasversale ciclistica dell\u2019anello fiumano  <\/a><a href=\"https:\/\/visitviskovo.hr\/wp-content\/uploads\/2019\/07\/Biciklisti\u010dka-karta-Rije\u010dkog-prstena.pdf\" class=\"wp-block-file__button\" download>Download<\/a><\/div>\n","protected":false},"excerpt":{"rendered":"<p>Il territorio circostante, il cosiddetto Anello fiumano (ne fanno parte oltre a Rijeka 7 citt\u00e0 e comuni del territorio circostante), dispongono di tutto il necessario per potervi trascorrere delle ottime vacanze attive. \u00c8 la regione d\u2019incontro singolare tra il mare e la fascia montuosa &#8211; e quale modo migliore per esplorare l\u2019Anello fiumano se non [&hellip;]<\/p>\n","protected":false},"author":1,"featured_media":3782,"parent":3724,"menu_order":1,"comment_status":"closed","ping_status":"closed","template":"","meta":{"_acf_changed":false,"footnotes":""},"acf":[],"yoast_head":"<!-- This site is optimized with the Yoast SEO plugin v22.7 - https:\/\/yoast.com\/wordpress\/plugins\/seo\/ -->\n<title>La trasversale ciclistica dell\u2019anello fiumano - Turisti\u010dka zajednica op\u0107ine Vi\u0161kovo<\/title>\n<meta name=\"robots\" content=\"index, follow, max-snippet:-1, max-image-preview:large, max-video-preview:-1\" \/>\n<link rel=\"canonical\" href=\"https:\/\/visitviskovo.hr\/it\/cosa-fare\/passeggiate-e-piste-cicabili\/la-trasversale-ciclistica-dellanello-fiumano\/\" \/>\n<meta property=\"og:locale\" content=\"it_IT\" \/>\n<meta property=\"og:type\" content=\"article\" \/>\n<meta property=\"og:title\" content=\"La trasversale ciclistica dell\u2019anello fiumano - Turisti\u010dka zajednica op\u0107ine Vi\u0161kovo\" \/>\n<meta property=\"og:description\" content=\"Il territorio circostante, il cosiddetto Anello fiumano (ne fanno parte oltre a Rijeka 7 citt\u00e0 e comuni del territorio circostante), dispongono di tutto il necessario per potervi trascorrere delle ottime vacanze attive. \u00c8 la regione d\u2019incontro singolare tra il mare e la fascia montuosa &#8211; e quale modo migliore per esplorare l\u2019Anello fiumano se non [&hellip;]\" \/>\n<meta property=\"og:url\" content=\"https:\/\/visitviskovo.hr\/it\/cosa-fare\/passeggiate-e-piste-cicabili\/la-trasversale-ciclistica-dellanello-fiumano\/\" \/>\n<meta property=\"og:site_name\" content=\"Turisti\u010dka zajednica op\u0107ine Vi\u0161kovo\" \/>\n<meta property=\"article:publisher\" content=\"https:\/\/web.facebook.com\/VisitViskovo\" \/>\n<meta property=\"article:modified_time\" content=\"2020-01-27T13:03:17+00:00\" \/>\n<meta property=\"og:image\" content=\"https:\/\/visitviskovo.hr\/wp-content\/uploads\/2019\/07\/20150506160000000000-main.jpg\" \/>\n\t<meta property=\"og:image:width\" content=\"896\" \/>\n\t<meta property=\"og:image:height\" content=\"600\" \/>\n\t<meta property=\"og:image:type\" content=\"image\/jpeg\" \/>\n<meta name=\"twitter:card\" content=\"summary_large_image\" \/>\n<meta name=\"twitter:label1\" content=\"Tempo di lettura stimato\" \/>\n\t<meta name=\"twitter:data1\" content=\"1 minuto\" \/>\n<script type=\"application\/ld+json\" class=\"yoast-schema-graph\">{\"@context\":\"https:\/\/schema.org\",\"@graph\":[{\"@type\":\"WebPage\",\"@id\":\"https:\/\/visitviskovo.hr\/it\/cosa-fare\/passeggiate-e-piste-cicabili\/la-trasversale-ciclistica-dellanello-fiumano\/\",\"url\":\"https:\/\/visitviskovo.hr\/it\/cosa-fare\/passeggiate-e-piste-cicabili\/la-trasversale-ciclistica-dellanello-fiumano\/\",\"name\":\"La trasversale ciclistica dell\u2019anello fiumano - Turisti\u010dka zajednica op\u0107ine Vi\u0161kovo\",\"isPartOf\":{\"@id\":\"https:\/\/visitviskovo.hr\/it\/#website\"},\"primaryImageOfPage\":{\"@id\":\"https:\/\/visitviskovo.hr\/it\/cosa-fare\/passeggiate-e-piste-cicabili\/la-trasversale-ciclistica-dellanello-fiumano\/#primaryimage\"},\"image\":{\"@id\":\"https:\/\/visitviskovo.hr\/it\/cosa-fare\/passeggiate-e-piste-cicabili\/la-trasversale-ciclistica-dellanello-fiumano\/#primaryimage\"},\"thumbnailUrl\":\"https:\/\/visitviskovo.hr\/wp-content\/uploads\/2019\/07\/20150506160000000000-main.jpg\",\"datePublished\":\"2019-08-19T19:02:14+00:00\",\"dateModified\":\"2020-01-27T13:03:17+00:00\",\"breadcrumb\":{\"@id\":\"https:\/\/visitviskovo.hr\/it\/cosa-fare\/passeggiate-e-piste-cicabili\/la-trasversale-ciclistica-dellanello-fiumano\/#breadcrumb\"},\"inLanguage\":\"it-IT\",\"potentialAction\":[{\"@type\":\"ReadAction\",\"target\":[\"https:\/\/visitviskovo.hr\/it\/cosa-fare\/passeggiate-e-piste-cicabili\/la-trasversale-ciclistica-dellanello-fiumano\/\"]}]},{\"@type\":\"ImageObject\",\"inLanguage\":\"it-IT\",\"@id\":\"https:\/\/visitviskovo.hr\/it\/cosa-fare\/passeggiate-e-piste-cicabili\/la-trasversale-ciclistica-dellanello-fiumano\/#primaryimage\",\"url\":\"https:\/\/visitviskovo.hr\/wp-content\/uploads\/2019\/07\/20150506160000000000-main.jpg\",\"contentUrl\":\"https:\/\/visitviskovo.hr\/wp-content\/uploads\/2019\/07\/20150506160000000000-main.jpg\",\"width\":896,\"height\":600},{\"@type\":\"BreadcrumbList\",\"@id\":\"https:\/\/visitviskovo.hr\/it\/cosa-fare\/passeggiate-e-piste-cicabili\/la-trasversale-ciclistica-dellanello-fiumano\/#breadcrumb\",\"itemListElement\":[{\"@type\":\"ListItem\",\"position\":1,\"name\":\"Home\",\"item\":\"https:\/\/visitviskovo.hr\/it\/\"},{\"@type\":\"ListItem\",\"position\":2,\"name\":\"Cosa fare\",\"item\":\"https:\/\/visitviskovo.hr\/it\/cosa-fare\/\"},{\"@type\":\"ListItem\",\"position\":3,\"name\":\"Passeggiate e piste cicabili\",\"item\":\"https:\/\/visitviskovo.hr\/it\/cosa-fare\/passeggiate-e-piste-cicabili\/\"},{\"@type\":\"ListItem\",\"position\":4,\"name\":\"La trasversale ciclistica dell\u2019anello fiumano\"}]},{\"@type\":\"WebSite\",\"@id\":\"https:\/\/visitviskovo.hr\/it\/#website\",\"url\":\"https:\/\/visitviskovo.hr\/it\/\",\"name\":\"Turisti\u010dka zajednica op\u0107ine Vi\u0161kovo\",\"description\":\"\",\"potentialAction\":[{\"@type\":\"SearchAction\",\"target\":{\"@type\":\"EntryPoint\",\"urlTemplate\":\"https:\/\/visitviskovo.hr\/it\/?s={search_term_string}\"},\"query-input\":\"required name=search_term_string\"}],\"inLanguage\":\"it-IT\"}]}<\/script>\n<!-- \/ Yoast SEO plugin. -->","yoast_head_json":{"title":"La trasversale ciclistica dell\u2019anello fiumano - Turisti\u010dka zajednica op\u0107ine Vi\u0161kovo","robots":{"index":"index","follow":"follow","max-snippet":"max-snippet:-1","max-image-preview":"max-image-preview:large","max-video-preview":"max-video-preview:-1"},"canonical":"https:\/\/visitviskovo.hr\/it\/cosa-fare\/passeggiate-e-piste-cicabili\/la-trasversale-ciclistica-dellanello-fiumano\/","og_locale":"it_IT","og_type":"article","og_title":"La trasversale ciclistica dell\u2019anello fiumano - Turisti\u010dka zajednica op\u0107ine Vi\u0161kovo","og_description":"Il territorio circostante, il cosiddetto Anello fiumano (ne fanno parte oltre a Rijeka 7 citt\u00e0 e comuni del territorio circostante), dispongono di tutto il necessario per potervi trascorrere delle ottime vacanze attive. \u00c8 la regione d\u2019incontro singolare tra il mare e la fascia montuosa &#8211; e quale modo migliore per esplorare l\u2019Anello fiumano se non [&hellip;]","og_url":"https:\/\/visitviskovo.hr\/it\/cosa-fare\/passeggiate-e-piste-cicabili\/la-trasversale-ciclistica-dellanello-fiumano\/","og_site_name":"Turisti\u010dka zajednica op\u0107ine Vi\u0161kovo","article_publisher":"https:\/\/web.facebook.com\/VisitViskovo","article_modified_time":"2020-01-27T13:03:17+00:00","og_image":[{"width":896,"height":600,"url":"https:\/\/visitviskovo.hr\/wp-content\/uploads\/2019\/07\/20150506160000000000-main.jpg","type":"image\/jpeg"}],"twitter_card":"summary_large_image","twitter_misc":{"Tempo di lettura stimato":"1 minuto"},"schema":{"@context":"https:\/\/schema.org","@graph":[{"@type":"WebPage","@id":"https:\/\/visitviskovo.hr\/it\/cosa-fare\/passeggiate-e-piste-cicabili\/la-trasversale-ciclistica-dellanello-fiumano\/","url":"https:\/\/visitviskovo.hr\/it\/cosa-fare\/passeggiate-e-piste-cicabili\/la-trasversale-ciclistica-dellanello-fiumano\/","name":"La trasversale ciclistica dell\u2019anello fiumano - Turisti\u010dka zajednica op\u0107ine Vi\u0161kovo","isPartOf":{"@id":"https:\/\/visitviskovo.hr\/it\/#website"},"primaryImageOfPage":{"@id":"https:\/\/visitviskovo.hr\/it\/cosa-fare\/passeggiate-e-piste-cicabili\/la-trasversale-ciclistica-dellanello-fiumano\/#primaryimage"},"image":{"@id":"https:\/\/visitviskovo.hr\/it\/cosa-fare\/passeggiate-e-piste-cicabili\/la-trasversale-ciclistica-dellanello-fiumano\/#primaryimage"},"thumbnailUrl":"https:\/\/visitviskovo.hr\/wp-content\/uploads\/2019\/07\/20150506160000000000-main.jpg","datePublished":"2019-08-19T19:02:14+00:00","dateModified":"2020-01-27T13:03:17+00:00","breadcrumb":{"@id":"https:\/\/visitviskovo.hr\/it\/cosa-fare\/passeggiate-e-piste-cicabili\/la-trasversale-ciclistica-dellanello-fiumano\/#breadcrumb"},"inLanguage":"it-IT","potentialAction":[{"@type":"ReadAction","target":["https:\/\/visitviskovo.hr\/it\/cosa-fare\/passeggiate-e-piste-cicabili\/la-trasversale-ciclistica-dellanello-fiumano\/"]}]},{"@type":"ImageObject","inLanguage":"it-IT","@id":"https:\/\/visitviskovo.hr\/it\/cosa-fare\/passeggiate-e-piste-cicabili\/la-trasversale-ciclistica-dellanello-fiumano\/#primaryimage","url":"https:\/\/visitviskovo.hr\/wp-content\/uploads\/2019\/07\/20150506160000000000-main.jpg","contentUrl":"https:\/\/visitviskovo.hr\/wp-content\/uploads\/2019\/07\/20150506160000000000-main.jpg","width":896,"height":600},{"@type":"BreadcrumbList","@id":"https:\/\/visitviskovo.hr\/it\/cosa-fare\/passeggiate-e-piste-cicabili\/la-trasversale-ciclistica-dellanello-fiumano\/#breadcrumb","itemListElement":[{"@type":"ListItem","position":1,"name":"Home","item":"https:\/\/visitviskovo.hr\/it\/"},{"@type":"ListItem","position":2,"name":"Cosa fare","item":"https:\/\/visitviskovo.hr\/it\/cosa-fare\/"},{"@type":"ListItem","position":3,"name":"Passeggiate e piste cicabili","item":"https:\/\/visitviskovo.hr\/it\/cosa-fare\/passeggiate-e-piste-cicabili\/"},{"@type":"ListItem","position":4,"name":"La trasversale ciclistica dell\u2019anello fiumano"}]},{"@type":"WebSite","@id":"https:\/\/visitviskovo.hr\/it\/#website","url":"https:\/\/visitviskovo.hr\/it\/","name":"Turisti\u010dka zajednica op\u0107ine Vi\u0161kovo","description":"","potentialAction":[{"@type":"SearchAction","target":{"@type":"EntryPoint","urlTemplate":"https:\/\/visitviskovo.hr\/it\/?s={search_term_string}"},"query-input":"required name=search_term_string"}],"inLanguage":"it-IT"}]}},"_links":{"self":[{"href":"https:\/\/visitviskovo.hr\/it\/wp-json\/wp\/v2\/pages\/3779"}],"collection":[{"href":"https:\/\/visitviskovo.hr\/it\/wp-json\/wp\/v2\/pages"}],"about":[{"href":"https:\/\/visitviskovo.hr\/it\/wp-json\/wp\/v2\/types\/page"}],"author":[{"embeddable":true,"href":"https:\/\/visitviskovo.hr\/it\/wp-json\/wp\/v2\/users\/1"}],"replies":[{"embeddable":true,"href":"https:\/\/visitviskovo.hr\/it\/wp-json\/wp\/v2\/comments?post=3779"}],"version-history":[{"count":3,"href":"https:\/\/visitviskovo.hr\/it\/wp-json\/wp\/v2\/pages\/3779\/revisions"}],"predecessor-version":[{"id":12000,"href":"https:\/\/visitviskovo.hr\/it\/wp-json\/wp\/v2\/pages\/3779\/revisions\/12000"}],"up":[{"embeddable":true,"href":"https:\/\/visitviskovo.hr\/it\/wp-json\/wp\/v2\/pages\/3724"}],"wp:featuredmedia":[{"embeddable":true,"href":"https:\/\/visitviskovo.hr\/it\/wp-json\/wp\/v2\/media\/3782"}],"wp:attachment":[{"href":"https:\/\/visitviskovo.hr\/it\/wp-json\/wp\/v2\/media?parent=3779"}],"curies":[{"name":"wp","href":"https:\/\/api.w.org\/{rel}","templated":true}]}}