{"id":3807,"date":"2019-08-19T19:11:58","date_gmt":"2019-08-19T19:11:58","guid":{"rendered":"https:\/\/visitviskovo.hr\/?page_id=3807"},"modified":"2019-08-23T06:42:20","modified_gmt":"2019-08-23T06:42:20","slug":"kastav","status":"publish","type":"page","link":"https:\/\/visitviskovo.hr\/it\/cosa-fare\/i-dintorni-di-viskovo\/kastav\/","title":{"rendered":"Kastav"},"content":{"rendered":"\n<p>Per i cuori romantici e chi desidera diventarlo la cittadina storica di Castua (Kastav), situata ad una decina di chilometri dalla citt\u00e0 di Fiume, ad un&#8217;altitudine di 365 metri, \u00e8 certamente la destinazione ideale. Il dinamismo della vita quarnerina qui sar\u00e0 percepito dalla giusta distanza, o meglio, dalla giusta altezza. \u00c8 un viaggio d&#8217;altri tempi attraverso le tradizioni, la cultura e gli antichi mestieri che, incapaci di reggere la concorrenza della produzione industriale, rivivono brevemente soltanto in certe occasioni.<\/p>\n\n\n\n<p>Castua ha conservato la sua ricca storia, la cultura e la tradizione nonch\u00e9 molti monumenti architettonici di pregio come la Loggia cittadina), le porte cittadine di Voltice e Crekvine, le Chiesette della Santissima Trinit\u00e0, i Castelli&#8230; Nel Viale degli eroi (Aleja velikana), dedicato a personaggi storici illustri legati alla citt\u00e0, Castua ha voluto ricordare e ringraziare con dedizione, anche se in modo diverso, anche i suoi artigiani che portarono avanti i vecchi mestieri e che voi avrete modo di conoscere meglio visitando il Museo di Castua e gli spazi autentici dei Piccoli musei civici (Mi\u0107i zavi\u010dajni muzeji) \u2013 Osojnakova kotlarija, Vikotova ba\u010dvarija e Idi\u010dina peknjica.<\/p>\n\n\n\n<p>Tutt&#8217;oggi si respira un\u2019aria di altri tempi in questa cittadina stupenda, palcoscenico unico di spettacoli culturali quali l\u2019Estate culturale di Castua (Kastavsko kulturno leto), il Festival della chitarra (Festival gitare), il Castua Blues Festival (Kastav Blues Festival) e di tradizioni rivissute, ma anche luogo d&#8217;incontro di chi sa apprezzare il buon cibo, gli alloggi confortevoli in un boutique hotel, nella pensione familiare o nelle stanze private che vi accoglieranno calorosamente\u2026&nbsp;<\/p>\n\n\n\n<table class=\"wp-block-table\"><tbody><tr><td><strong>Indirizzo:<\/strong>&nbsp;Ufficio Touristico di Citta Kastav, Trg Matka Laginje 5, 51215 Kastav<strong>&nbsp;<\/strong><br><strong>Tel:<\/strong>&nbsp;+385 51 691 425<strong>&nbsp;<\/strong><br><strong>Web:<\/strong>&nbsp;<a href=\"http:\/\/www.kastav-touristinfo.hr\/it\/1\/benvenuti-a-kastav\">www.kastav-touristinfo.hr<\/a>&nbsp;&nbsp;&nbsp;&nbsp;&nbsp;<br><strong>E-mail:<\/strong>&nbsp;<a href=\"mailto:tz.grada.kastva@ri.t-com.hr\">tz.grada.kastva@ri.t-com.hr<\/a><\/td><\/tr><\/tbody><\/table>\n","protected":false},"excerpt":{"rendered":"<p>Per i cuori romantici e chi desidera diventarlo la cittadina storica di Castua (Kastav), situata ad una decina di chilometri dalla citt\u00e0 di Fiume, ad un&#8217;altitudine di 365 metri, \u00e8 certamente la destinazione ideale. Il dinamismo della vita quarnerina qui sar\u00e0 percepito dalla giusta distanza, o meglio, dalla giusta altezza. \u00c8 un viaggio d&#8217;altri tempi [&hellip;]<\/p>\n","protected":false},"author":1,"featured_media":3809,"parent":3785,"menu_order":0,"comment_status":"closed","ping_status":"closed","template":"","meta":{"_acf_changed":false,"footnotes":""},"acf":[],"yoast_head":"<!-- This site is optimized with the Yoast SEO plugin v22.7 - https:\/\/yoast.com\/wordpress\/plugins\/seo\/ -->\n<title>Kastav - Turisti\u010dka zajednica op\u0107ine Vi\u0161kovo<\/title>\n<meta name=\"robots\" content=\"index, follow, max-snippet:-1, max-image-preview:large, max-video-preview:-1\" \/>\n<link rel=\"canonical\" href=\"https:\/\/visitviskovo.hr\/it\/cosa-fare\/i-dintorni-di-viskovo\/kastav\/\" \/>\n<meta property=\"og:locale\" content=\"it_IT\" \/>\n<meta property=\"og:type\" content=\"article\" \/>\n<meta property=\"og:title\" content=\"Kastav - Turisti\u010dka zajednica op\u0107ine Vi\u0161kovo\" \/>\n<meta property=\"og:description\" content=\"Per i cuori romantici e chi desidera diventarlo la cittadina storica di Castua (Kastav), situata ad una decina di chilometri dalla citt\u00e0 di Fiume, ad un&#8217;altitudine di 365 metri, \u00e8 certamente la destinazione ideale. Il dinamismo della vita quarnerina qui sar\u00e0 percepito dalla giusta distanza, o meglio, dalla giusta altezza. \u00c8 un viaggio d&#8217;altri tempi [&hellip;]\" \/>\n<meta property=\"og:url\" content=\"https:\/\/visitviskovo.hr\/it\/cosa-fare\/i-dintorni-di-viskovo\/kastav\/\" \/>\n<meta property=\"og:site_name\" content=\"Turisti\u010dka zajednica op\u0107ine Vi\u0161kovo\" \/>\n<meta property=\"article:publisher\" content=\"https:\/\/web.facebook.com\/VisitViskovo\" \/>\n<meta property=\"article:modified_time\" content=\"2019-08-23T06:42:20+00:00\" \/>\n<meta property=\"og:image\" content=\"https:\/\/visitviskovo.hr\/wp-content\/uploads\/2019\/07\/20151211143855000000-main.jpg\" \/>\n\t<meta property=\"og:image:width\" content=\"806\" \/>\n\t<meta property=\"og:image:height\" content=\"600\" \/>\n\t<meta property=\"og:image:type\" content=\"image\/jpeg\" \/>\n<meta name=\"twitter:card\" content=\"summary_large_image\" \/>\n<meta name=\"twitter:label1\" content=\"Tempo di lettura stimato\" \/>\n\t<meta name=\"twitter:data1\" content=\"1 minuto\" \/>\n<script type=\"application\/ld+json\" class=\"yoast-schema-graph\">{\"@context\":\"https:\/\/schema.org\",\"@graph\":[{\"@type\":\"WebPage\",\"@id\":\"https:\/\/visitviskovo.hr\/it\/cosa-fare\/i-dintorni-di-viskovo\/kastav\/\",\"url\":\"https:\/\/visitviskovo.hr\/it\/cosa-fare\/i-dintorni-di-viskovo\/kastav\/\",\"name\":\"Kastav - Turisti\u010dka zajednica op\u0107ine Vi\u0161kovo\",\"isPartOf\":{\"@id\":\"https:\/\/visitviskovo.hr\/it\/#website\"},\"primaryImageOfPage\":{\"@id\":\"https:\/\/visitviskovo.hr\/it\/cosa-fare\/i-dintorni-di-viskovo\/kastav\/#primaryimage\"},\"image\":{\"@id\":\"https:\/\/visitviskovo.hr\/it\/cosa-fare\/i-dintorni-di-viskovo\/kastav\/#primaryimage\"},\"thumbnailUrl\":\"https:\/\/visitviskovo.hr\/wp-content\/uploads\/2019\/07\/20151211143855000000-main.jpg\",\"datePublished\":\"2019-08-19T19:11:58+00:00\",\"dateModified\":\"2019-08-23T06:42:20+00:00\",\"breadcrumb\":{\"@id\":\"https:\/\/visitviskovo.hr\/it\/cosa-fare\/i-dintorni-di-viskovo\/kastav\/#breadcrumb\"},\"inLanguage\":\"it-IT\",\"potentialAction\":[{\"@type\":\"ReadAction\",\"target\":[\"https:\/\/visitviskovo.hr\/it\/cosa-fare\/i-dintorni-di-viskovo\/kastav\/\"]}]},{\"@type\":\"ImageObject\",\"inLanguage\":\"it-IT\",\"@id\":\"https:\/\/visitviskovo.hr\/it\/cosa-fare\/i-dintorni-di-viskovo\/kastav\/#primaryimage\",\"url\":\"https:\/\/visitviskovo.hr\/wp-content\/uploads\/2019\/07\/20151211143855000000-main.jpg\",\"contentUrl\":\"https:\/\/visitviskovo.hr\/wp-content\/uploads\/2019\/07\/20151211143855000000-main.jpg\",\"width\":806,\"height\":600},{\"@type\":\"BreadcrumbList\",\"@id\":\"https:\/\/visitviskovo.hr\/it\/cosa-fare\/i-dintorni-di-viskovo\/kastav\/#breadcrumb\",\"itemListElement\":[{\"@type\":\"ListItem\",\"position\":1,\"name\":\"Home\",\"item\":\"https:\/\/visitviskovo.hr\/it\/\"},{\"@type\":\"ListItem\",\"position\":2,\"name\":\"Cosa fare\",\"item\":\"https:\/\/visitviskovo.hr\/it\/cosa-fare\/\"},{\"@type\":\"ListItem\",\"position\":3,\"name\":\"I dintorni di Vi\u0161kovo\",\"item\":\"https:\/\/visitviskovo.hr\/it\/cosa-fare\/i-dintorni-di-viskovo\/\"},{\"@type\":\"ListItem\",\"position\":4,\"name\":\"Kastav\"}]},{\"@type\":\"WebSite\",\"@id\":\"https:\/\/visitviskovo.hr\/it\/#website\",\"url\":\"https:\/\/visitviskovo.hr\/it\/\",\"name\":\"Turisti\u010dka zajednica op\u0107ine Vi\u0161kovo\",\"description\":\"\",\"potentialAction\":[{\"@type\":\"SearchAction\",\"target\":{\"@type\":\"EntryPoint\",\"urlTemplate\":\"https:\/\/visitviskovo.hr\/it\/?s={search_term_string}\"},\"query-input\":\"required name=search_term_string\"}],\"inLanguage\":\"it-IT\"}]}<\/script>\n<!-- \/ Yoast SEO plugin. -->","yoast_head_json":{"title":"Kastav - Turisti\u010dka zajednica op\u0107ine Vi\u0161kovo","robots":{"index":"index","follow":"follow","max-snippet":"max-snippet:-1","max-image-preview":"max-image-preview:large","max-video-preview":"max-video-preview:-1"},"canonical":"https:\/\/visitviskovo.hr\/it\/cosa-fare\/i-dintorni-di-viskovo\/kastav\/","og_locale":"it_IT","og_type":"article","og_title":"Kastav - Turisti\u010dka zajednica op\u0107ine Vi\u0161kovo","og_description":"Per i cuori romantici e chi desidera diventarlo la cittadina storica di Castua (Kastav), situata ad una decina di chilometri dalla citt\u00e0 di Fiume, ad un&#8217;altitudine di 365 metri, \u00e8 certamente la destinazione ideale. Il dinamismo della vita quarnerina qui sar\u00e0 percepito dalla giusta distanza, o meglio, dalla giusta altezza. \u00c8 un viaggio d&#8217;altri tempi [&hellip;]","og_url":"https:\/\/visitviskovo.hr\/it\/cosa-fare\/i-dintorni-di-viskovo\/kastav\/","og_site_name":"Turisti\u010dka zajednica op\u0107ine Vi\u0161kovo","article_publisher":"https:\/\/web.facebook.com\/VisitViskovo","article_modified_time":"2019-08-23T06:42:20+00:00","og_image":[{"width":806,"height":600,"url":"https:\/\/visitviskovo.hr\/wp-content\/uploads\/2019\/07\/20151211143855000000-main.jpg","type":"image\/jpeg"}],"twitter_card":"summary_large_image","twitter_misc":{"Tempo di lettura stimato":"1 minuto"},"schema":{"@context":"https:\/\/schema.org","@graph":[{"@type":"WebPage","@id":"https:\/\/visitviskovo.hr\/it\/cosa-fare\/i-dintorni-di-viskovo\/kastav\/","url":"https:\/\/visitviskovo.hr\/it\/cosa-fare\/i-dintorni-di-viskovo\/kastav\/","name":"Kastav - Turisti\u010dka zajednica op\u0107ine Vi\u0161kovo","isPartOf":{"@id":"https:\/\/visitviskovo.hr\/it\/#website"},"primaryImageOfPage":{"@id":"https:\/\/visitviskovo.hr\/it\/cosa-fare\/i-dintorni-di-viskovo\/kastav\/#primaryimage"},"image":{"@id":"https:\/\/visitviskovo.hr\/it\/cosa-fare\/i-dintorni-di-viskovo\/kastav\/#primaryimage"},"thumbnailUrl":"https:\/\/visitviskovo.hr\/wp-content\/uploads\/2019\/07\/20151211143855000000-main.jpg","datePublished":"2019-08-19T19:11:58+00:00","dateModified":"2019-08-23T06:42:20+00:00","breadcrumb":{"@id":"https:\/\/visitviskovo.hr\/it\/cosa-fare\/i-dintorni-di-viskovo\/kastav\/#breadcrumb"},"inLanguage":"it-IT","potentialAction":[{"@type":"ReadAction","target":["https:\/\/visitviskovo.hr\/it\/cosa-fare\/i-dintorni-di-viskovo\/kastav\/"]}]},{"@type":"ImageObject","inLanguage":"it-IT","@id":"https:\/\/visitviskovo.hr\/it\/cosa-fare\/i-dintorni-di-viskovo\/kastav\/#primaryimage","url":"https:\/\/visitviskovo.hr\/wp-content\/uploads\/2019\/07\/20151211143855000000-main.jpg","contentUrl":"https:\/\/visitviskovo.hr\/wp-content\/uploads\/2019\/07\/20151211143855000000-main.jpg","width":806,"height":600},{"@type":"BreadcrumbList","@id":"https:\/\/visitviskovo.hr\/it\/cosa-fare\/i-dintorni-di-viskovo\/kastav\/#breadcrumb","itemListElement":[{"@type":"ListItem","position":1,"name":"Home","item":"https:\/\/visitviskovo.hr\/it\/"},{"@type":"ListItem","position":2,"name":"Cosa fare","item":"https:\/\/visitviskovo.hr\/it\/cosa-fare\/"},{"@type":"ListItem","position":3,"name":"I dintorni di Vi\u0161kovo","item":"https:\/\/visitviskovo.hr\/it\/cosa-fare\/i-dintorni-di-viskovo\/"},{"@type":"ListItem","position":4,"name":"Kastav"}]},{"@type":"WebSite","@id":"https:\/\/visitviskovo.hr\/it\/#website","url":"https:\/\/visitviskovo.hr\/it\/","name":"Turisti\u010dka zajednica op\u0107ine Vi\u0161kovo","description":"","potentialAction":[{"@type":"SearchAction","target":{"@type":"EntryPoint","urlTemplate":"https:\/\/visitviskovo.hr\/it\/?s={search_term_string}"},"query-input":"required name=search_term_string"}],"inLanguage":"it-IT"}]}},"_links":{"self":[{"href":"https:\/\/visitviskovo.hr\/it\/wp-json\/wp\/v2\/pages\/3807"}],"collection":[{"href":"https:\/\/visitviskovo.hr\/it\/wp-json\/wp\/v2\/pages"}],"about":[{"href":"https:\/\/visitviskovo.hr\/it\/wp-json\/wp\/v2\/types\/page"}],"author":[{"embeddable":true,"href":"https:\/\/visitviskovo.hr\/it\/wp-json\/wp\/v2\/users\/1"}],"replies":[{"embeddable":true,"href":"https:\/\/visitviskovo.hr\/it\/wp-json\/wp\/v2\/comments?post=3807"}],"version-history":[{"count":2,"href":"https:\/\/visitviskovo.hr\/it\/wp-json\/wp\/v2\/pages\/3807\/revisions"}],"predecessor-version":[{"id":8148,"href":"https:\/\/visitviskovo.hr\/it\/wp-json\/wp\/v2\/pages\/3807\/revisions\/8148"}],"up":[{"embeddable":true,"href":"https:\/\/visitviskovo.hr\/it\/wp-json\/wp\/v2\/pages\/3785"}],"wp:featuredmedia":[{"embeddable":true,"href":"https:\/\/visitviskovo.hr\/it\/wp-json\/wp\/v2\/media\/3809"}],"wp:attachment":[{"href":"https:\/\/visitviskovo.hr\/it\/wp-json\/wp\/v2\/media?parent=3807"}],"curies":[{"name":"wp","href":"https:\/\/api.w.org\/{rel}","templated":true}]}}