{"id":3823,"date":"2019-08-19T19:14:26","date_gmt":"2019-08-19T19:14:26","guid":{"rendered":"https:\/\/visitviskovo.hr\/?page_id=3823"},"modified":"2020-05-12T11:41:58","modified_gmt":"2020-05-12T11:41:58","slug":"klana","status":"publish","type":"page","link":"https:\/\/visitviskovo.hr\/it\/cosa-fare\/i-dintorni-di-viskovo\/klana\/","title":{"rendered":"Klana"},"content":{"rendered":"\n<p>Klana, a 18 chilometri dalla citt\u00e0 di Fiume, ultimamente sta diventando una vera localit\u00e0 turistica. Per gli escursionisti, gli alpinisti ed i ciclisti sono stati predisposti e contrassegnati dei percorsi ciclo-pedonali, i quali, assieme ai monumenti storici che vi troviamo, hanno contribuito a far s\u00ec che Klana diventasse un\u2019interessante maglia del cosiddetto anello fiumano. A Klana la natura \u00e8 stupenda ma vi si trovano anche preziosi monumenti storici e gli escursionisti potranno esplorare localit\u00e0 interessanti ricche di storia e unire l&#8217;amore per la natura con la passione per la storia. Una di queste localit\u00e0 da visitare \u00e8 Gradina (Castelliere), situata direttamente sopra l&#8217;abitato di Klana. Per i visitatori saranno altrettanto interessanti le fortezze e le mura del Limes liburnico costruite nel III e IV secolo, la raccolta storica di armi antiche, la collezione etnologica&#8230; Se visitando la regione arriverete al bosco di Stari Rebar, fate una sosta e riposatevi nella casa secolare dello stradino ristrutturata sul modello della casita istriana (istarski ka\u017eun), una costruzione tipica dell&#8217;Istria.<\/p>\n\n\n\n<p>Questa regione ospita numerosissime chiesette romaniche di cui segnaliamo la Cappella della Madonna di Lourdes, costruita sul luogo dell&#8217;apparizione della Madonna, dove il 15 agosto di ogni anno passa la processione e viene celebrata la messa. Il passato ed il presente, la spiritualit\u00e0 ed il dinamismo della vita qui si fondono e diventano un tutt&#8217;uno armonioso.&nbsp;<\/p>\n\n\n\n<table class=\"wp-block-table\"><tbody><tr><td><strong>Indirizzo:<\/strong>&nbsp;Op\u0107ina Klana, Klana 33, 51217 Klana<strong>&nbsp;<\/strong><br><strong>Tel:<\/strong>&nbsp;+385 51 808 205<strong>&nbsp;<\/strong><br><strong>Web:<\/strong>&nbsp;<a href=\"http:\/\/www.klana.hr\/\">www.klana.hr<\/a>&nbsp;&nbsp;&nbsp;&nbsp;&nbsp;<br><strong>E-mail: &#8211;&nbsp;<\/strong>&nbsp;<\/td><\/tr><\/tbody><\/table>\n","protected":false},"excerpt":{"rendered":"<p>Klana, a 18 chilometri dalla citt\u00e0 di Fiume, ultimamente sta diventando una vera localit\u00e0 turistica. Per gli escursionisti, gli alpinisti ed i ciclisti sono stati predisposti e contrassegnati dei percorsi ciclo-pedonali, i quali, assieme ai monumenti storici che vi troviamo, hanno contribuito a far s\u00ec che Klana diventasse un\u2019interessante maglia del cosiddetto anello fiumano. A [&hellip;]<\/p>\n","protected":false},"author":1,"featured_media":13523,"parent":3785,"menu_order":0,"comment_status":"closed","ping_status":"closed","template":"","meta":{"_acf_changed":false,"footnotes":""},"acf":[],"yoast_head":"<!-- This site is optimized with the Yoast SEO plugin v22.7 - https:\/\/yoast.com\/wordpress\/plugins\/seo\/ -->\n<title>Klana - Turisti\u010dka zajednica op\u0107ine Vi\u0161kovo<\/title>\n<meta name=\"robots\" content=\"index, follow, max-snippet:-1, max-image-preview:large, max-video-preview:-1\" \/>\n<link rel=\"canonical\" href=\"https:\/\/visitviskovo.hr\/it\/cosa-fare\/i-dintorni-di-viskovo\/klana\/\" \/>\n<meta property=\"og:locale\" content=\"it_IT\" \/>\n<meta property=\"og:type\" content=\"article\" \/>\n<meta property=\"og:title\" content=\"Klana - Turisti\u010dka zajednica op\u0107ine Vi\u0161kovo\" \/>\n<meta property=\"og:description\" content=\"Klana, a 18 chilometri dalla citt\u00e0 di Fiume, ultimamente sta diventando una vera localit\u00e0 turistica. Per gli escursionisti, gli alpinisti ed i ciclisti sono stati predisposti e contrassegnati dei percorsi ciclo-pedonali, i quali, assieme ai monumenti storici che vi troviamo, hanno contribuito a far s\u00ec che Klana diventasse un\u2019interessante maglia del cosiddetto anello fiumano. A [&hellip;]\" \/>\n<meta property=\"og:url\" content=\"https:\/\/visitviskovo.hr\/it\/cosa-fare\/i-dintorni-di-viskovo\/klana\/\" \/>\n<meta property=\"og:site_name\" content=\"Turisti\u010dka zajednica op\u0107ine Vi\u0161kovo\" \/>\n<meta property=\"article:publisher\" content=\"https:\/\/web.facebook.com\/VisitViskovo\" \/>\n<meta property=\"article:modified_time\" content=\"2020-05-12T11:41:58+00:00\" \/>\n<meta property=\"og:image\" content=\"https:\/\/visitviskovo.hr\/wp-content\/uploads\/2020\/05\/klana-Large.jpg\" \/>\n\t<meta property=\"og:image:width\" content=\"1440\" \/>\n\t<meta property=\"og:image:height\" content=\"1080\" \/>\n\t<meta property=\"og:image:type\" content=\"image\/jpeg\" \/>\n<meta name=\"twitter:card\" content=\"summary_large_image\" \/>\n<meta name=\"twitter:label1\" content=\"Tempo di lettura stimato\" \/>\n\t<meta name=\"twitter:data1\" content=\"1 minuto\" \/>\n<script type=\"application\/ld+json\" class=\"yoast-schema-graph\">{\"@context\":\"https:\/\/schema.org\",\"@graph\":[{\"@type\":\"WebPage\",\"@id\":\"https:\/\/visitviskovo.hr\/it\/cosa-fare\/i-dintorni-di-viskovo\/klana\/\",\"url\":\"https:\/\/visitviskovo.hr\/it\/cosa-fare\/i-dintorni-di-viskovo\/klana\/\",\"name\":\"Klana - Turisti\u010dka zajednica op\u0107ine Vi\u0161kovo\",\"isPartOf\":{\"@id\":\"https:\/\/visitviskovo.hr\/it\/#website\"},\"primaryImageOfPage\":{\"@id\":\"https:\/\/visitviskovo.hr\/it\/cosa-fare\/i-dintorni-di-viskovo\/klana\/#primaryimage\"},\"image\":{\"@id\":\"https:\/\/visitviskovo.hr\/it\/cosa-fare\/i-dintorni-di-viskovo\/klana\/#primaryimage\"},\"thumbnailUrl\":\"https:\/\/visitviskovo.hr\/wp-content\/uploads\/2020\/05\/klana-Large.jpg\",\"datePublished\":\"2019-08-19T19:14:26+00:00\",\"dateModified\":\"2020-05-12T11:41:58+00:00\",\"breadcrumb\":{\"@id\":\"https:\/\/visitviskovo.hr\/it\/cosa-fare\/i-dintorni-di-viskovo\/klana\/#breadcrumb\"},\"inLanguage\":\"it-IT\",\"potentialAction\":[{\"@type\":\"ReadAction\",\"target\":[\"https:\/\/visitviskovo.hr\/it\/cosa-fare\/i-dintorni-di-viskovo\/klana\/\"]}]},{\"@type\":\"ImageObject\",\"inLanguage\":\"it-IT\",\"@id\":\"https:\/\/visitviskovo.hr\/it\/cosa-fare\/i-dintorni-di-viskovo\/klana\/#primaryimage\",\"url\":\"https:\/\/visitviskovo.hr\/wp-content\/uploads\/2020\/05\/klana-Large.jpg\",\"contentUrl\":\"https:\/\/visitviskovo.hr\/wp-content\/uploads\/2020\/05\/klana-Large.jpg\",\"width\":1440,\"height\":1080},{\"@type\":\"BreadcrumbList\",\"@id\":\"https:\/\/visitviskovo.hr\/it\/cosa-fare\/i-dintorni-di-viskovo\/klana\/#breadcrumb\",\"itemListElement\":[{\"@type\":\"ListItem\",\"position\":1,\"name\":\"Home\",\"item\":\"https:\/\/visitviskovo.hr\/it\/\"},{\"@type\":\"ListItem\",\"position\":2,\"name\":\"Cosa fare\",\"item\":\"https:\/\/visitviskovo.hr\/it\/cosa-fare\/\"},{\"@type\":\"ListItem\",\"position\":3,\"name\":\"I dintorni di Vi\u0161kovo\",\"item\":\"https:\/\/visitviskovo.hr\/it\/cosa-fare\/i-dintorni-di-viskovo\/\"},{\"@type\":\"ListItem\",\"position\":4,\"name\":\"Klana\"}]},{\"@type\":\"WebSite\",\"@id\":\"https:\/\/visitviskovo.hr\/it\/#website\",\"url\":\"https:\/\/visitviskovo.hr\/it\/\",\"name\":\"Turisti\u010dka zajednica op\u0107ine Vi\u0161kovo\",\"description\":\"\",\"potentialAction\":[{\"@type\":\"SearchAction\",\"target\":{\"@type\":\"EntryPoint\",\"urlTemplate\":\"https:\/\/visitviskovo.hr\/it\/?s={search_term_string}\"},\"query-input\":\"required name=search_term_string\"}],\"inLanguage\":\"it-IT\"}]}<\/script>\n<!-- \/ Yoast SEO plugin. -->","yoast_head_json":{"title":"Klana - Turisti\u010dka zajednica op\u0107ine Vi\u0161kovo","robots":{"index":"index","follow":"follow","max-snippet":"max-snippet:-1","max-image-preview":"max-image-preview:large","max-video-preview":"max-video-preview:-1"},"canonical":"https:\/\/visitviskovo.hr\/it\/cosa-fare\/i-dintorni-di-viskovo\/klana\/","og_locale":"it_IT","og_type":"article","og_title":"Klana - Turisti\u010dka zajednica op\u0107ine Vi\u0161kovo","og_description":"Klana, a 18 chilometri dalla citt\u00e0 di Fiume, ultimamente sta diventando una vera localit\u00e0 turistica. Per gli escursionisti, gli alpinisti ed i ciclisti sono stati predisposti e contrassegnati dei percorsi ciclo-pedonali, i quali, assieme ai monumenti storici che vi troviamo, hanno contribuito a far s\u00ec che Klana diventasse un\u2019interessante maglia del cosiddetto anello fiumano. A [&hellip;]","og_url":"https:\/\/visitviskovo.hr\/it\/cosa-fare\/i-dintorni-di-viskovo\/klana\/","og_site_name":"Turisti\u010dka zajednica op\u0107ine Vi\u0161kovo","article_publisher":"https:\/\/web.facebook.com\/VisitViskovo","article_modified_time":"2020-05-12T11:41:58+00:00","og_image":[{"width":1440,"height":1080,"url":"https:\/\/visitviskovo.hr\/wp-content\/uploads\/2020\/05\/klana-Large.jpg","type":"image\/jpeg"}],"twitter_card":"summary_large_image","twitter_misc":{"Tempo di lettura stimato":"1 minuto"},"schema":{"@context":"https:\/\/schema.org","@graph":[{"@type":"WebPage","@id":"https:\/\/visitviskovo.hr\/it\/cosa-fare\/i-dintorni-di-viskovo\/klana\/","url":"https:\/\/visitviskovo.hr\/it\/cosa-fare\/i-dintorni-di-viskovo\/klana\/","name":"Klana - Turisti\u010dka zajednica op\u0107ine Vi\u0161kovo","isPartOf":{"@id":"https:\/\/visitviskovo.hr\/it\/#website"},"primaryImageOfPage":{"@id":"https:\/\/visitviskovo.hr\/it\/cosa-fare\/i-dintorni-di-viskovo\/klana\/#primaryimage"},"image":{"@id":"https:\/\/visitviskovo.hr\/it\/cosa-fare\/i-dintorni-di-viskovo\/klana\/#primaryimage"},"thumbnailUrl":"https:\/\/visitviskovo.hr\/wp-content\/uploads\/2020\/05\/klana-Large.jpg","datePublished":"2019-08-19T19:14:26+00:00","dateModified":"2020-05-12T11:41:58+00:00","breadcrumb":{"@id":"https:\/\/visitviskovo.hr\/it\/cosa-fare\/i-dintorni-di-viskovo\/klana\/#breadcrumb"},"inLanguage":"it-IT","potentialAction":[{"@type":"ReadAction","target":["https:\/\/visitviskovo.hr\/it\/cosa-fare\/i-dintorni-di-viskovo\/klana\/"]}]},{"@type":"ImageObject","inLanguage":"it-IT","@id":"https:\/\/visitviskovo.hr\/it\/cosa-fare\/i-dintorni-di-viskovo\/klana\/#primaryimage","url":"https:\/\/visitviskovo.hr\/wp-content\/uploads\/2020\/05\/klana-Large.jpg","contentUrl":"https:\/\/visitviskovo.hr\/wp-content\/uploads\/2020\/05\/klana-Large.jpg","width":1440,"height":1080},{"@type":"BreadcrumbList","@id":"https:\/\/visitviskovo.hr\/it\/cosa-fare\/i-dintorni-di-viskovo\/klana\/#breadcrumb","itemListElement":[{"@type":"ListItem","position":1,"name":"Home","item":"https:\/\/visitviskovo.hr\/it\/"},{"@type":"ListItem","position":2,"name":"Cosa fare","item":"https:\/\/visitviskovo.hr\/it\/cosa-fare\/"},{"@type":"ListItem","position":3,"name":"I dintorni di Vi\u0161kovo","item":"https:\/\/visitviskovo.hr\/it\/cosa-fare\/i-dintorni-di-viskovo\/"},{"@type":"ListItem","position":4,"name":"Klana"}]},{"@type":"WebSite","@id":"https:\/\/visitviskovo.hr\/it\/#website","url":"https:\/\/visitviskovo.hr\/it\/","name":"Turisti\u010dka zajednica op\u0107ine Vi\u0161kovo","description":"","potentialAction":[{"@type":"SearchAction","target":{"@type":"EntryPoint","urlTemplate":"https:\/\/visitviskovo.hr\/it\/?s={search_term_string}"},"query-input":"required name=search_term_string"}],"inLanguage":"it-IT"}]}},"_links":{"self":[{"href":"https:\/\/visitviskovo.hr\/it\/wp-json\/wp\/v2\/pages\/3823"}],"collection":[{"href":"https:\/\/visitviskovo.hr\/it\/wp-json\/wp\/v2\/pages"}],"about":[{"href":"https:\/\/visitviskovo.hr\/it\/wp-json\/wp\/v2\/types\/page"}],"author":[{"embeddable":true,"href":"https:\/\/visitviskovo.hr\/it\/wp-json\/wp\/v2\/users\/1"}],"replies":[{"embeddable":true,"href":"https:\/\/visitviskovo.hr\/it\/wp-json\/wp\/v2\/comments?post=3823"}],"version-history":[{"count":2,"href":"https:\/\/visitviskovo.hr\/it\/wp-json\/wp\/v2\/pages\/3823\/revisions"}],"predecessor-version":[{"id":13526,"href":"https:\/\/visitviskovo.hr\/it\/wp-json\/wp\/v2\/pages\/3823\/revisions\/13526"}],"up":[{"embeddable":true,"href":"https:\/\/visitviskovo.hr\/it\/wp-json\/wp\/v2\/pages\/3785"}],"wp:featuredmedia":[{"embeddable":true,"href":"https:\/\/visitviskovo.hr\/it\/wp-json\/wp\/v2\/media\/13523"}],"wp:attachment":[{"href":"https:\/\/visitviskovo.hr\/it\/wp-json\/wp\/v2\/media?parent=3823"}],"curies":[{"name":"wp","href":"https:\/\/api.w.org\/{rel}","templated":true}]}}