{"id":3835,"date":"2019-08-19T19:16:22","date_gmt":"2019-08-19T19:16:22","guid":{"rendered":"https:\/\/visitviskovo.hr\/?page_id=3835"},"modified":"2020-05-12T12:05:26","modified_gmt":"2020-05-12T12:05:26","slug":"jelenje","status":"publish","type":"page","link":"https:\/\/visitviskovo.hr\/it\/cosa-fare\/i-dintorni-di-viskovo\/jelenje\/","title":{"rendered":"Jelenje"},"content":{"rendered":"\n<p>A soli 15 chilometri dalla citt\u00e0 di Fiume si trova Jelenje, un&#8217;area carsica situata ad un&#8217;altitudine di circa trecento metri che gode del clima mediterraneo-continentale.<\/p>\n\n\n\n<p>La chiesa parrocchiale di San Michele \u00e8 il pi\u00f9 vecchio ed il pi\u00f9 grande monumento del Comune di Jelenje, ma anche l&#8217;unico ad avere una certa importanza storica.<\/p>\n\n\n\n<p>La tradizione di Jelenje \u00e8 ricca e ben custodita. Degne di nota sono sicuramente le lattaie (mlikarice), donne che, nel corso della storia, andavano giornalmente a Fiume a vendere il latte. In maggio alle lattaie viene dedicata un&#8217;apposita manifestazione intitolata \u201cIl fanale che dava il segnale\u201d (Feral ki je pu\u0161\u0107al sinjal).<\/p>\n\n\n\n<p>A Martinovo selo \u00e8 tutt&#8217;oggi in funzione il mulino di Gaspero, l&#8217;unico mulino di tutta la regione Quarnerino-Montanara, costruito 350 anni fa. Inoltre, a Dra\u017eice c&#8217;\u00e8 gi\u00e0 da 70 anni la bottega del fabbro che, per il suo aspetto autentico, \u00e8 diventata parte integrante dell&#8217;offerta turistica di Jelenje. Fatto curioso, il primo proprietario, Antonio Mar\u010delja, aveva conseguito il diploma di fabbro a Vienna tra il 1913 e 1918.<\/p>\n\n\n\n<p>Quanti racconti e quante testimonianze di vecchi mestieri: il viaggio nel passato si fa piuttosto interessante&#8230;<\/p>\n\n\n\n<table class=\"wp-block-table\"><tbody><tr><td><strong>Indirizzo:<\/strong>&nbsp;Turisti\u010dka zajednica Op\u0107ine Jelenje, Dra\u017ei\u010dkih boraca 64, 51218 Dra\u017eice<strong>&nbsp;<\/strong><br><strong>Tel:<\/strong>&nbsp;+385 51 297 152<strong>&nbsp;<\/strong><br><strong>Web:<\/strong>&nbsp;<a rel=\"noreferrer noopener\" href=\"http:\/\/www.tz-jelenje.hr\/\" target=\"_blank\">www.tz-jelenje.hr<\/a>&nbsp;&nbsp;&nbsp;&nbsp;&nbsp;<br><strong>E-mail:<\/strong>&nbsp;<a href=\"mailto:info@tz-jelenje.hr\">info@tz-jelenje.hr<\/a><\/td><\/tr><\/tbody><\/table>\n","protected":false},"excerpt":{"rendered":"<p>A soli 15 chilometri dalla citt\u00e0 di Fiume si trova Jelenje, un&#8217;area carsica situata ad un&#8217;altitudine di circa trecento metri che gode del clima mediterraneo-continentale. La chiesa parrocchiale di San Michele \u00e8 il pi\u00f9 vecchio ed il pi\u00f9 grande monumento del Comune di Jelenje, ma anche l&#8217;unico ad avere una certa importanza storica. La tradizione [&hellip;]<\/p>\n","protected":false},"author":1,"featured_media":13545,"parent":3785,"menu_order":0,"comment_status":"closed","ping_status":"closed","template":"","meta":{"_acf_changed":false,"footnotes":""},"acf":[],"yoast_head":"<!-- This site is optimized with the Yoast SEO plugin v22.7 - https:\/\/yoast.com\/wordpress\/plugins\/seo\/ -->\n<title>Jelenje - Turisti\u010dka zajednica op\u0107ine Vi\u0161kovo<\/title>\n<meta name=\"robots\" content=\"index, follow, max-snippet:-1, max-image-preview:large, max-video-preview:-1\" \/>\n<link rel=\"canonical\" href=\"https:\/\/visitviskovo.hr\/it\/cosa-fare\/i-dintorni-di-viskovo\/jelenje\/\" \/>\n<meta property=\"og:locale\" content=\"it_IT\" \/>\n<meta property=\"og:type\" content=\"article\" \/>\n<meta property=\"og:title\" content=\"Jelenje - Turisti\u010dka zajednica op\u0107ine Vi\u0161kovo\" \/>\n<meta property=\"og:description\" content=\"A soli 15 chilometri dalla citt\u00e0 di Fiume si trova Jelenje, un&#8217;area carsica situata ad un&#8217;altitudine di circa trecento metri che gode del clima mediterraneo-continentale. La chiesa parrocchiale di San Michele \u00e8 il pi\u00f9 vecchio ed il pi\u00f9 grande monumento del Comune di Jelenje, ma anche l&#8217;unico ad avere una certa importanza storica. La tradizione [&hellip;]\" \/>\n<meta property=\"og:url\" content=\"https:\/\/visitviskovo.hr\/it\/cosa-fare\/i-dintorni-di-viskovo\/jelenje\/\" \/>\n<meta property=\"og:site_name\" content=\"Turisti\u010dka zajednica op\u0107ine Vi\u0161kovo\" \/>\n<meta property=\"article:publisher\" content=\"https:\/\/web.facebook.com\/VisitViskovo\" \/>\n<meta property=\"article:modified_time\" content=\"2020-05-12T12:05:26+00:00\" \/>\n<meta property=\"og:image\" content=\"https:\/\/visitviskovo.hr\/wp-content\/uploads\/2020\/05\/jelenje-Large.jpg\" \/>\n\t<meta property=\"og:image:width\" content=\"1440\" \/>\n\t<meta property=\"og:image:height\" content=\"1080\" \/>\n\t<meta property=\"og:image:type\" content=\"image\/jpeg\" \/>\n<meta name=\"twitter:card\" content=\"summary_large_image\" \/>\n<meta name=\"twitter:label1\" content=\"Tempo di lettura stimato\" \/>\n\t<meta name=\"twitter:data1\" content=\"1 minuto\" \/>\n<script type=\"application\/ld+json\" class=\"yoast-schema-graph\">{\"@context\":\"https:\/\/schema.org\",\"@graph\":[{\"@type\":\"WebPage\",\"@id\":\"https:\/\/visitviskovo.hr\/it\/cosa-fare\/i-dintorni-di-viskovo\/jelenje\/\",\"url\":\"https:\/\/visitviskovo.hr\/it\/cosa-fare\/i-dintorni-di-viskovo\/jelenje\/\",\"name\":\"Jelenje - Turisti\u010dka zajednica op\u0107ine Vi\u0161kovo\",\"isPartOf\":{\"@id\":\"https:\/\/visitviskovo.hr\/it\/#website\"},\"primaryImageOfPage\":{\"@id\":\"https:\/\/visitviskovo.hr\/it\/cosa-fare\/i-dintorni-di-viskovo\/jelenje\/#primaryimage\"},\"image\":{\"@id\":\"https:\/\/visitviskovo.hr\/it\/cosa-fare\/i-dintorni-di-viskovo\/jelenje\/#primaryimage\"},\"thumbnailUrl\":\"https:\/\/visitviskovo.hr\/wp-content\/uploads\/2020\/05\/jelenje-Large.jpg\",\"datePublished\":\"2019-08-19T19:16:22+00:00\",\"dateModified\":\"2020-05-12T12:05:26+00:00\",\"breadcrumb\":{\"@id\":\"https:\/\/visitviskovo.hr\/it\/cosa-fare\/i-dintorni-di-viskovo\/jelenje\/#breadcrumb\"},\"inLanguage\":\"it-IT\",\"potentialAction\":[{\"@type\":\"ReadAction\",\"target\":[\"https:\/\/visitviskovo.hr\/it\/cosa-fare\/i-dintorni-di-viskovo\/jelenje\/\"]}]},{\"@type\":\"ImageObject\",\"inLanguage\":\"it-IT\",\"@id\":\"https:\/\/visitviskovo.hr\/it\/cosa-fare\/i-dintorni-di-viskovo\/jelenje\/#primaryimage\",\"url\":\"https:\/\/visitviskovo.hr\/wp-content\/uploads\/2020\/05\/jelenje-Large.jpg\",\"contentUrl\":\"https:\/\/visitviskovo.hr\/wp-content\/uploads\/2020\/05\/jelenje-Large.jpg\",\"width\":1440,\"height\":1080},{\"@type\":\"BreadcrumbList\",\"@id\":\"https:\/\/visitviskovo.hr\/it\/cosa-fare\/i-dintorni-di-viskovo\/jelenje\/#breadcrumb\",\"itemListElement\":[{\"@type\":\"ListItem\",\"position\":1,\"name\":\"Home\",\"item\":\"https:\/\/visitviskovo.hr\/it\/\"},{\"@type\":\"ListItem\",\"position\":2,\"name\":\"Cosa fare\",\"item\":\"https:\/\/visitviskovo.hr\/it\/cosa-fare\/\"},{\"@type\":\"ListItem\",\"position\":3,\"name\":\"I dintorni di Vi\u0161kovo\",\"item\":\"https:\/\/visitviskovo.hr\/it\/cosa-fare\/i-dintorni-di-viskovo\/\"},{\"@type\":\"ListItem\",\"position\":4,\"name\":\"Jelenje\"}]},{\"@type\":\"WebSite\",\"@id\":\"https:\/\/visitviskovo.hr\/it\/#website\",\"url\":\"https:\/\/visitviskovo.hr\/it\/\",\"name\":\"Turisti\u010dka zajednica op\u0107ine Vi\u0161kovo\",\"description\":\"\",\"potentialAction\":[{\"@type\":\"SearchAction\",\"target\":{\"@type\":\"EntryPoint\",\"urlTemplate\":\"https:\/\/visitviskovo.hr\/it\/?s={search_term_string}\"},\"query-input\":\"required name=search_term_string\"}],\"inLanguage\":\"it-IT\"}]}<\/script>\n<!-- \/ Yoast SEO plugin. -->","yoast_head_json":{"title":"Jelenje - Turisti\u010dka zajednica op\u0107ine Vi\u0161kovo","robots":{"index":"index","follow":"follow","max-snippet":"max-snippet:-1","max-image-preview":"max-image-preview:large","max-video-preview":"max-video-preview:-1"},"canonical":"https:\/\/visitviskovo.hr\/it\/cosa-fare\/i-dintorni-di-viskovo\/jelenje\/","og_locale":"it_IT","og_type":"article","og_title":"Jelenje - Turisti\u010dka zajednica op\u0107ine Vi\u0161kovo","og_description":"A soli 15 chilometri dalla citt\u00e0 di Fiume si trova Jelenje, un&#8217;area carsica situata ad un&#8217;altitudine di circa trecento metri che gode del clima mediterraneo-continentale. La chiesa parrocchiale di San Michele \u00e8 il pi\u00f9 vecchio ed il pi\u00f9 grande monumento del Comune di Jelenje, ma anche l&#8217;unico ad avere una certa importanza storica. La tradizione [&hellip;]","og_url":"https:\/\/visitviskovo.hr\/it\/cosa-fare\/i-dintorni-di-viskovo\/jelenje\/","og_site_name":"Turisti\u010dka zajednica op\u0107ine Vi\u0161kovo","article_publisher":"https:\/\/web.facebook.com\/VisitViskovo","article_modified_time":"2020-05-12T12:05:26+00:00","og_image":[{"width":1440,"height":1080,"url":"https:\/\/visitviskovo.hr\/wp-content\/uploads\/2020\/05\/jelenje-Large.jpg","type":"image\/jpeg"}],"twitter_card":"summary_large_image","twitter_misc":{"Tempo di lettura stimato":"1 minuto"},"schema":{"@context":"https:\/\/schema.org","@graph":[{"@type":"WebPage","@id":"https:\/\/visitviskovo.hr\/it\/cosa-fare\/i-dintorni-di-viskovo\/jelenje\/","url":"https:\/\/visitviskovo.hr\/it\/cosa-fare\/i-dintorni-di-viskovo\/jelenje\/","name":"Jelenje - Turisti\u010dka zajednica op\u0107ine Vi\u0161kovo","isPartOf":{"@id":"https:\/\/visitviskovo.hr\/it\/#website"},"primaryImageOfPage":{"@id":"https:\/\/visitviskovo.hr\/it\/cosa-fare\/i-dintorni-di-viskovo\/jelenje\/#primaryimage"},"image":{"@id":"https:\/\/visitviskovo.hr\/it\/cosa-fare\/i-dintorni-di-viskovo\/jelenje\/#primaryimage"},"thumbnailUrl":"https:\/\/visitviskovo.hr\/wp-content\/uploads\/2020\/05\/jelenje-Large.jpg","datePublished":"2019-08-19T19:16:22+00:00","dateModified":"2020-05-12T12:05:26+00:00","breadcrumb":{"@id":"https:\/\/visitviskovo.hr\/it\/cosa-fare\/i-dintorni-di-viskovo\/jelenje\/#breadcrumb"},"inLanguage":"it-IT","potentialAction":[{"@type":"ReadAction","target":["https:\/\/visitviskovo.hr\/it\/cosa-fare\/i-dintorni-di-viskovo\/jelenje\/"]}]},{"@type":"ImageObject","inLanguage":"it-IT","@id":"https:\/\/visitviskovo.hr\/it\/cosa-fare\/i-dintorni-di-viskovo\/jelenje\/#primaryimage","url":"https:\/\/visitviskovo.hr\/wp-content\/uploads\/2020\/05\/jelenje-Large.jpg","contentUrl":"https:\/\/visitviskovo.hr\/wp-content\/uploads\/2020\/05\/jelenje-Large.jpg","width":1440,"height":1080},{"@type":"BreadcrumbList","@id":"https:\/\/visitviskovo.hr\/it\/cosa-fare\/i-dintorni-di-viskovo\/jelenje\/#breadcrumb","itemListElement":[{"@type":"ListItem","position":1,"name":"Home","item":"https:\/\/visitviskovo.hr\/it\/"},{"@type":"ListItem","position":2,"name":"Cosa fare","item":"https:\/\/visitviskovo.hr\/it\/cosa-fare\/"},{"@type":"ListItem","position":3,"name":"I dintorni di Vi\u0161kovo","item":"https:\/\/visitviskovo.hr\/it\/cosa-fare\/i-dintorni-di-viskovo\/"},{"@type":"ListItem","position":4,"name":"Jelenje"}]},{"@type":"WebSite","@id":"https:\/\/visitviskovo.hr\/it\/#website","url":"https:\/\/visitviskovo.hr\/it\/","name":"Turisti\u010dka zajednica op\u0107ine Vi\u0161kovo","description":"","potentialAction":[{"@type":"SearchAction","target":{"@type":"EntryPoint","urlTemplate":"https:\/\/visitviskovo.hr\/it\/?s={search_term_string}"},"query-input":"required name=search_term_string"}],"inLanguage":"it-IT"}]}},"_links":{"self":[{"href":"https:\/\/visitviskovo.hr\/it\/wp-json\/wp\/v2\/pages\/3835"}],"collection":[{"href":"https:\/\/visitviskovo.hr\/it\/wp-json\/wp\/v2\/pages"}],"about":[{"href":"https:\/\/visitviskovo.hr\/it\/wp-json\/wp\/v2\/types\/page"}],"author":[{"embeddable":true,"href":"https:\/\/visitviskovo.hr\/it\/wp-json\/wp\/v2\/users\/1"}],"replies":[{"embeddable":true,"href":"https:\/\/visitviskovo.hr\/it\/wp-json\/wp\/v2\/comments?post=3835"}],"version-history":[{"count":2,"href":"https:\/\/visitviskovo.hr\/it\/wp-json\/wp\/v2\/pages\/3835\/revisions"}],"predecessor-version":[{"id":13549,"href":"https:\/\/visitviskovo.hr\/it\/wp-json\/wp\/v2\/pages\/3835\/revisions\/13549"}],"up":[{"embeddable":true,"href":"https:\/\/visitviskovo.hr\/it\/wp-json\/wp\/v2\/pages\/3785"}],"wp:featuredmedia":[{"embeddable":true,"href":"https:\/\/visitviskovo.hr\/it\/wp-json\/wp\/v2\/media\/13545"}],"wp:attachment":[{"href":"https:\/\/visitviskovo.hr\/it\/wp-json\/wp\/v2\/media?parent=3835"}],"curies":[{"name":"wp","href":"https:\/\/api.w.org\/{rel}","templated":true}]}}