{"id":3841,"date":"2019-08-19T19:18:12","date_gmt":"2019-08-19T19:18:12","guid":{"rendered":"https:\/\/visitviskovo.hr\/?page_id=3841"},"modified":"2019-08-19T19:18:14","modified_gmt":"2019-08-19T19:18:14","slug":"cavle","status":"publish","type":"page","link":"https:\/\/visitviskovo.hr\/it\/cosa-fare\/i-dintorni-di-viskovo\/cavle\/","title":{"rendered":"\u010cavle"},"content":{"rendered":"\n<p>A soli otto chilometri da Fiume, nell&#8217;entroterra, si trova la cittadina di \u010cavle. La vista \u00e8 ammirevole se dalla strada storica della Luisiana salite sull&#8217;altopiano di Buzdohanj dal quale si vedono le Alpi di Grobnico \u2013 a volte grigie, altre volte verdi o blu \u2013 che i fiumani e i loro ospiti forse preferiscono quando si tingono di color bianco neve. \u00c8 un invito questo di salire sui pendii di Platak, meta degli escursionisti fiumani durante tutto l&#8217;anno e stazione sciistica unica in inverno in quanto vi potete sciare guardando il mare!<\/p>\n\n\n\n<p>A causa del rilievo specifico e della struttura geologica nonch\u00e9 della vegetazione variegata, qui troverete delle piante mediterranee, ma anche quelle tipiche delle aree pi\u00f9 alte come il tiglio e il sambuco.<\/p>\n\n\n\n<p>Questo \u00e8 un luogo ricco di storia ed infatti, passeggiando a piedi per la piana di Grobnico incontrerete i resti del Limes romano. Nel corso della storia erano molti gli eserciti che attraversarono questo luogo, molte le battaglie che vi si combattevano di cui la pi\u00f9 famosa \u00e8 quella contro i Tartari nel 1242. La leggenda vuole che proprio qui, in memoria della battaglia contro i Turchi nel XVI secolo, nacque il famoso gioiello da donna, il moretto fiumano (la testa del negretto con il turbante). Forse sar\u00e0 proprio il moretto \u2013 come orecchino, ciondolo o braccialetto \u2013 il souvenir che porterete a casa dalla regione fiumana.<\/p>\n\n\n\n<p>La piana di Grobnico \u00e8 sovrastata dall&#8217;antico borgo di Grobnico, il borgo di pietra \u2013 firmatario del Codice di Vinodol, il pi\u00f9 antico statuto cittadino in lingua croata redatto nel 1288. La Chiesa parrocchiale dei Santi Filippo e Giacomo, preziosa testimonianza della ricca storia e dell\u2019arte paleocristiana, vi si trova ormai da 900 anni.<\/p>\n\n\n\n<p>Nelle vicinanze si trova l&#8217;Autodromo di Grobnico, punto d&#8217;incontro di motociclisti provenienti da tutta l\u2019Europa, nonch\u00e9 un piccolo aeroporto \u2013 ambedue luoghi di raduno per tutti gli appassionati di guida veloce, agonismo e adrenalina.<\/p>\n\n\n\n<table class=\"wp-block-table\"><tbody><tr><td><strong>Indirizzo:<\/strong>\u00a0Turisti\u010dka zajednica Op\u0107ine \u010cavle, \u010cavle 104, 51218 \u010cavle<strong>\u00a0<\/strong><br><strong>Tel:<\/strong>\u00a0+385 51 549 120<strong>\u00a0<\/strong><br><strong>Web:<\/strong>\u00a0<a rel=\"noreferrer noopener\" href=\"http:\/\/www.tz-cavle.hr\/\" target=\"_blank\">www.tz-cavle.hr<\/a>\u00a0\u00a0\u00a0\u00a0\u00a0<br><strong>E-mail:<\/strong>\u00a0<a href=\"mailto:info@tz-cavle.hr\">info@tz-cavle.hr<\/a><\/td><\/tr><\/tbody><\/table>\n","protected":false},"excerpt":{"rendered":"<p>A soli otto chilometri da Fiume, nell&#8217;entroterra, si trova la cittadina di \u010cavle. La vista \u00e8 ammirevole se dalla strada storica della Luisiana salite sull&#8217;altopiano di Buzdohanj dal quale si vedono le Alpi di Grobnico \u2013 a volte grigie, altre volte verdi o blu \u2013 che i fiumani e i loro ospiti forse preferiscono quando [&hellip;]<\/p>\n","protected":false},"author":1,"featured_media":3843,"parent":3785,"menu_order":0,"comment_status":"closed","ping_status":"closed","template":"","meta":{"_acf_changed":false,"footnotes":""},"acf":[],"yoast_head":"<!-- This site is optimized with the Yoast SEO plugin v22.7 - https:\/\/yoast.com\/wordpress\/plugins\/seo\/ -->\n<title>\u010cavle - Turisti\u010dka zajednica op\u0107ine Vi\u0161kovo<\/title>\n<meta name=\"robots\" content=\"index, follow, max-snippet:-1, max-image-preview:large, max-video-preview:-1\" \/>\n<link rel=\"canonical\" href=\"https:\/\/visitviskovo.hr\/it\/cosa-fare\/i-dintorni-di-viskovo\/cavle\/\" \/>\n<meta property=\"og:locale\" content=\"it_IT\" \/>\n<meta property=\"og:type\" content=\"article\" \/>\n<meta property=\"og:title\" content=\"\u010cavle - Turisti\u010dka zajednica op\u0107ine Vi\u0161kovo\" \/>\n<meta property=\"og:description\" content=\"A soli otto chilometri da Fiume, nell&#8217;entroterra, si trova la cittadina di \u010cavle. La vista \u00e8 ammirevole se dalla strada storica della Luisiana salite sull&#8217;altopiano di Buzdohanj dal quale si vedono le Alpi di Grobnico \u2013 a volte grigie, altre volte verdi o blu \u2013 che i fiumani e i loro ospiti forse preferiscono quando [&hellip;]\" \/>\n<meta property=\"og:url\" content=\"https:\/\/visitviskovo.hr\/it\/cosa-fare\/i-dintorni-di-viskovo\/cavle\/\" \/>\n<meta property=\"og:site_name\" content=\"Turisti\u010dka zajednica op\u0107ine Vi\u0161kovo\" \/>\n<meta property=\"article:publisher\" content=\"https:\/\/web.facebook.com\/VisitViskovo\" \/>\n<meta property=\"article:modified_time\" content=\"2019-08-19T19:18:14+00:00\" \/>\n<meta property=\"og:image\" content=\"https:\/\/visitviskovo.hr\/wp-content\/uploads\/2019\/07\/20151211124358000000-main.jpg\" \/>\n\t<meta property=\"og:image:width\" content=\"800\" \/>\n\t<meta property=\"og:image:height\" content=\"500\" \/>\n\t<meta property=\"og:image:type\" content=\"image\/jpeg\" \/>\n<meta name=\"twitter:card\" content=\"summary_large_image\" \/>\n<meta name=\"twitter:label1\" content=\"Tempo di lettura stimato\" \/>\n\t<meta name=\"twitter:data1\" content=\"2 minuti\" \/>\n<script type=\"application\/ld+json\" class=\"yoast-schema-graph\">{\"@context\":\"https:\/\/schema.org\",\"@graph\":[{\"@type\":\"WebPage\",\"@id\":\"https:\/\/visitviskovo.hr\/it\/cosa-fare\/i-dintorni-di-viskovo\/cavle\/\",\"url\":\"https:\/\/visitviskovo.hr\/it\/cosa-fare\/i-dintorni-di-viskovo\/cavle\/\",\"name\":\"\u010cavle - Turisti\u010dka zajednica op\u0107ine Vi\u0161kovo\",\"isPartOf\":{\"@id\":\"https:\/\/visitviskovo.hr\/it\/#website\"},\"primaryImageOfPage\":{\"@id\":\"https:\/\/visitviskovo.hr\/it\/cosa-fare\/i-dintorni-di-viskovo\/cavle\/#primaryimage\"},\"image\":{\"@id\":\"https:\/\/visitviskovo.hr\/it\/cosa-fare\/i-dintorni-di-viskovo\/cavle\/#primaryimage\"},\"thumbnailUrl\":\"https:\/\/visitviskovo.hr\/wp-content\/uploads\/2019\/07\/20151211124358000000-main.jpg\",\"datePublished\":\"2019-08-19T19:18:12+00:00\",\"dateModified\":\"2019-08-19T19:18:14+00:00\",\"breadcrumb\":{\"@id\":\"https:\/\/visitviskovo.hr\/it\/cosa-fare\/i-dintorni-di-viskovo\/cavle\/#breadcrumb\"},\"inLanguage\":\"it-IT\",\"potentialAction\":[{\"@type\":\"ReadAction\",\"target\":[\"https:\/\/visitviskovo.hr\/it\/cosa-fare\/i-dintorni-di-viskovo\/cavle\/\"]}]},{\"@type\":\"ImageObject\",\"inLanguage\":\"it-IT\",\"@id\":\"https:\/\/visitviskovo.hr\/it\/cosa-fare\/i-dintorni-di-viskovo\/cavle\/#primaryimage\",\"url\":\"https:\/\/visitviskovo.hr\/wp-content\/uploads\/2019\/07\/20151211124358000000-main.jpg\",\"contentUrl\":\"https:\/\/visitviskovo.hr\/wp-content\/uploads\/2019\/07\/20151211124358000000-main.jpg\",\"width\":800,\"height\":500},{\"@type\":\"BreadcrumbList\",\"@id\":\"https:\/\/visitviskovo.hr\/it\/cosa-fare\/i-dintorni-di-viskovo\/cavle\/#breadcrumb\",\"itemListElement\":[{\"@type\":\"ListItem\",\"position\":1,\"name\":\"Home\",\"item\":\"https:\/\/visitviskovo.hr\/it\/\"},{\"@type\":\"ListItem\",\"position\":2,\"name\":\"Cosa fare\",\"item\":\"https:\/\/visitviskovo.hr\/it\/cosa-fare\/\"},{\"@type\":\"ListItem\",\"position\":3,\"name\":\"I dintorni di Vi\u0161kovo\",\"item\":\"https:\/\/visitviskovo.hr\/it\/cosa-fare\/i-dintorni-di-viskovo\/\"},{\"@type\":\"ListItem\",\"position\":4,\"name\":\"\u010cavle\"}]},{\"@type\":\"WebSite\",\"@id\":\"https:\/\/visitviskovo.hr\/it\/#website\",\"url\":\"https:\/\/visitviskovo.hr\/it\/\",\"name\":\"Turisti\u010dka zajednica op\u0107ine Vi\u0161kovo\",\"description\":\"\",\"potentialAction\":[{\"@type\":\"SearchAction\",\"target\":{\"@type\":\"EntryPoint\",\"urlTemplate\":\"https:\/\/visitviskovo.hr\/it\/?s={search_term_string}\"},\"query-input\":\"required name=search_term_string\"}],\"inLanguage\":\"it-IT\"}]}<\/script>\n<!-- \/ Yoast SEO plugin. -->","yoast_head_json":{"title":"\u010cavle - Turisti\u010dka zajednica op\u0107ine Vi\u0161kovo","robots":{"index":"index","follow":"follow","max-snippet":"max-snippet:-1","max-image-preview":"max-image-preview:large","max-video-preview":"max-video-preview:-1"},"canonical":"https:\/\/visitviskovo.hr\/it\/cosa-fare\/i-dintorni-di-viskovo\/cavle\/","og_locale":"it_IT","og_type":"article","og_title":"\u010cavle - Turisti\u010dka zajednica op\u0107ine Vi\u0161kovo","og_description":"A soli otto chilometri da Fiume, nell&#8217;entroterra, si trova la cittadina di \u010cavle. La vista \u00e8 ammirevole se dalla strada storica della Luisiana salite sull&#8217;altopiano di Buzdohanj dal quale si vedono le Alpi di Grobnico \u2013 a volte grigie, altre volte verdi o blu \u2013 che i fiumani e i loro ospiti forse preferiscono quando [&hellip;]","og_url":"https:\/\/visitviskovo.hr\/it\/cosa-fare\/i-dintorni-di-viskovo\/cavle\/","og_site_name":"Turisti\u010dka zajednica op\u0107ine Vi\u0161kovo","article_publisher":"https:\/\/web.facebook.com\/VisitViskovo","article_modified_time":"2019-08-19T19:18:14+00:00","og_image":[{"width":800,"height":500,"url":"https:\/\/visitviskovo.hr\/wp-content\/uploads\/2019\/07\/20151211124358000000-main.jpg","type":"image\/jpeg"}],"twitter_card":"summary_large_image","twitter_misc":{"Tempo di lettura stimato":"2 minuti"},"schema":{"@context":"https:\/\/schema.org","@graph":[{"@type":"WebPage","@id":"https:\/\/visitviskovo.hr\/it\/cosa-fare\/i-dintorni-di-viskovo\/cavle\/","url":"https:\/\/visitviskovo.hr\/it\/cosa-fare\/i-dintorni-di-viskovo\/cavle\/","name":"\u010cavle - Turisti\u010dka zajednica op\u0107ine Vi\u0161kovo","isPartOf":{"@id":"https:\/\/visitviskovo.hr\/it\/#website"},"primaryImageOfPage":{"@id":"https:\/\/visitviskovo.hr\/it\/cosa-fare\/i-dintorni-di-viskovo\/cavle\/#primaryimage"},"image":{"@id":"https:\/\/visitviskovo.hr\/it\/cosa-fare\/i-dintorni-di-viskovo\/cavle\/#primaryimage"},"thumbnailUrl":"https:\/\/visitviskovo.hr\/wp-content\/uploads\/2019\/07\/20151211124358000000-main.jpg","datePublished":"2019-08-19T19:18:12+00:00","dateModified":"2019-08-19T19:18:14+00:00","breadcrumb":{"@id":"https:\/\/visitviskovo.hr\/it\/cosa-fare\/i-dintorni-di-viskovo\/cavle\/#breadcrumb"},"inLanguage":"it-IT","potentialAction":[{"@type":"ReadAction","target":["https:\/\/visitviskovo.hr\/it\/cosa-fare\/i-dintorni-di-viskovo\/cavle\/"]}]},{"@type":"ImageObject","inLanguage":"it-IT","@id":"https:\/\/visitviskovo.hr\/it\/cosa-fare\/i-dintorni-di-viskovo\/cavle\/#primaryimage","url":"https:\/\/visitviskovo.hr\/wp-content\/uploads\/2019\/07\/20151211124358000000-main.jpg","contentUrl":"https:\/\/visitviskovo.hr\/wp-content\/uploads\/2019\/07\/20151211124358000000-main.jpg","width":800,"height":500},{"@type":"BreadcrumbList","@id":"https:\/\/visitviskovo.hr\/it\/cosa-fare\/i-dintorni-di-viskovo\/cavle\/#breadcrumb","itemListElement":[{"@type":"ListItem","position":1,"name":"Home","item":"https:\/\/visitviskovo.hr\/it\/"},{"@type":"ListItem","position":2,"name":"Cosa fare","item":"https:\/\/visitviskovo.hr\/it\/cosa-fare\/"},{"@type":"ListItem","position":3,"name":"I dintorni di Vi\u0161kovo","item":"https:\/\/visitviskovo.hr\/it\/cosa-fare\/i-dintorni-di-viskovo\/"},{"@type":"ListItem","position":4,"name":"\u010cavle"}]},{"@type":"WebSite","@id":"https:\/\/visitviskovo.hr\/it\/#website","url":"https:\/\/visitviskovo.hr\/it\/","name":"Turisti\u010dka zajednica op\u0107ine Vi\u0161kovo","description":"","potentialAction":[{"@type":"SearchAction","target":{"@type":"EntryPoint","urlTemplate":"https:\/\/visitviskovo.hr\/it\/?s={search_term_string}"},"query-input":"required name=search_term_string"}],"inLanguage":"it-IT"}]}},"_links":{"self":[{"href":"https:\/\/visitviskovo.hr\/it\/wp-json\/wp\/v2\/pages\/3841"}],"collection":[{"href":"https:\/\/visitviskovo.hr\/it\/wp-json\/wp\/v2\/pages"}],"about":[{"href":"https:\/\/visitviskovo.hr\/it\/wp-json\/wp\/v2\/types\/page"}],"author":[{"embeddable":true,"href":"https:\/\/visitviskovo.hr\/it\/wp-json\/wp\/v2\/users\/1"}],"replies":[{"embeddable":true,"href":"https:\/\/visitviskovo.hr\/it\/wp-json\/wp\/v2\/comments?post=3841"}],"version-history":[{"count":1,"href":"https:\/\/visitviskovo.hr\/it\/wp-json\/wp\/v2\/pages\/3841\/revisions"}],"predecessor-version":[{"id":3842,"href":"https:\/\/visitviskovo.hr\/it\/wp-json\/wp\/v2\/pages\/3841\/revisions\/3842"}],"up":[{"embeddable":true,"href":"https:\/\/visitviskovo.hr\/it\/wp-json\/wp\/v2\/pages\/3785"}],"wp:featuredmedia":[{"embeddable":true,"href":"https:\/\/visitviskovo.hr\/it\/wp-json\/wp\/v2\/media\/3843"}],"wp:attachment":[{"href":"https:\/\/visitviskovo.hr\/it\/wp-json\/wp\/v2\/media?parent=3841"}],"curies":[{"name":"wp","href":"https:\/\/api.w.org\/{rel}","templated":true}]}}